{"id":122033,"date":"2025-03-24T16:18:16","date_gmt":"2025-03-24T15:18:16","guid":{"rendered":"https:\/\/www.naturgy.com\/nuestra-politica-de-medio-ambiente\/"},"modified":"2025-03-24T17:01:05","modified_gmt":"2025-03-24T16:01:05","slug":"la-nostra-politica-de-medi-ambient","status":"publish","type":"page","link":"https:\/\/www.naturgy.com\/ca\/la-nostra-politica-de-medi-ambient\/","title":{"rendered":"La nostra Pol\u00edtica de Medi Ambient"},"content":{"rendered":"\t\t<div data-elementor-type=\"wp-page\" data-elementor-id=\"122033\" class=\"elementor elementor-122033 elementor-122020\" data-elementor-post-type=\"page\">\n\t\t\t\t<div class=\"elementor-element elementor-element-a2be34b e-flex e-con-boxed e-con e-parent\" data-id=\"a2be34b\" data-element_type=\"container\">\n\t\t\t\t\t<div class=\"e-con-inner\">\n\t\t<div class=\"elementor-element elementor-element-3bf60393 e-con-full e-flex e-con e-child\" data-id=\"3bf60393\" data-element_type=\"container\">\n\t\t\t\t<div class=\"elementor-element elementor-element-6bffe5d1 elementor-widget elementor-widget-shortcode\" data-id=\"6bffe5d1\" data-element_type=\"widget\" data-widget_type=\"shortcode.default\">\n\t\t\t\t<div class=\"elementor-widget-container\">\n\t\t\t\t\t\t\t<div class=\"elementor-shortcode\"><nav aria-label=\"breadcrumbs\" class=\"rank-math-breadcrumb\"><p><span class=\"last\">Inici<\/span><\/p><\/nav><\/div>\n\t\t\t\t\t\t<\/div>\n\t\t\t\t<\/div>\n\t\t\t\t<div class=\"elementor-element elementor-element-7e69559c elementor-widget elementor-widget-heading\" data-id=\"7e69559c\" data-element_type=\"widget\" data-widget_type=\"heading.default\">\n\t\t\t\t<div class=\"elementor-widget-container\">\n\t\t\t\t\t<h1 class=\"elementor-heading-title elementor-size-default\">La nostra Pol\u00edtica de Medi Ambient<\/h1>\t\t\t\t<\/div>\n\t\t\t\t<\/div>\n\t\t\t\t<\/div>\n\t\t<div class=\"elementor-element elementor-element-25d5d386 e-con-full e-flex e-con e-child\" data-id=\"25d5d386\" data-element_type=\"container\">\n\t\t\t\t<div class=\"elementor-element elementor-element-3fd902 elementor-widget elementor-widget-spacer\" data-id=\"3fd902\" data-element_type=\"widget\" data-widget_type=\"spacer.default\">\n\t\t\t\t<div class=\"elementor-widget-container\">\n\t\t\t\t\t\t\t<div class=\"elementor-spacer\">\n\t\t\t<div class=\"elementor-spacer-inner\"><\/div>\n\t\t<\/div>\n\t\t\t\t\t\t<\/div>\n\t\t\t\t<\/div>\n\t\t\t\t<div class=\"elementor-element elementor-element-7d5a413d elementor-widget elementor-widget-image\" data-id=\"7d5a413d\" data-element_type=\"widget\" data-widget_type=\"image.default\">\n\t\t\t\t<div class=\"elementor-widget-container\">\n\t\t\t\t\t\t\t\t\t\t\t\t<figure class=\"wp-caption\">\n\t\t\t\t\t\t\t\t\t\t<img decoding=\"async\" src=\"https:\/\/www.naturgy.com\/web\/app\/uploads\/2022\/10\/la-compania-1.jpg\" title=\"\" alt=\"\" loading=\"lazy\" \/>\t\t\t\t\t\t\t\t\t\t\t<figcaption class=\"widget-image-caption wp-caption-text\">Naturgy est\u00e0 en un proc\u00e9s de definici\u00f3 d'un nou model normatiu que inclou la revisi\u00f3 de la Pol\u00edtica global de Medi ambient. En el nou model, aquesta pol\u00edtica s'integrar\u00e0 en la futura Pol\u00edtica global de Sostenibilitat.<\/figcaption>\n\t\t\t\t\t\t\t\t\t\t<\/figure>\n\t\t\t\t\t\t\t\t\t<\/div>\n\t\t\t\t<\/div>\n\t\t\t\t<\/div>\n\t\t<div class=\"elementor-element elementor-element-30b99b68 e-con-full e-flex e-con e-child\" data-id=\"30b99b68\" data-element_type=\"container\">\n\t\t\t\t<div class=\"elementor-element elementor-element-7effc901 elementor-widget elementor-widget-spacer\" data-id=\"7effc901\" data-element_type=\"widget\" data-widget_type=\"spacer.default\">\n\t\t\t\t<div class=\"elementor-widget-container\">\n\t\t\t\t\t\t\t<div class=\"elementor-spacer\">\n\t\t\t<div class=\"elementor-spacer-inner\"><\/div>\n\t\t<\/div>\n\t\t\t\t\t\t<\/div>\n\t\t\t\t<\/div>\n\t\t\t\t<\/div>\n\t\t\t\t\t<\/div>\n\t\t\t\t<\/div>\n\t\t\t\t<\/div>\n\t\t","protected":false},"excerpt":{"rendered":"<p>Naturgy est\u00e0 en un proc\u00e9s de definici\u00f3 d&#8217;un nou model normatiu que inclou la revisi\u00f3 de la Pol\u00edtica global de Medi ambient. En el nou model, aquesta pol\u00edtica s&#8217;integrar\u00e0 en la futura Pol\u00edtica global de Sostenibilitat.<\/p>\n","protected":false},"author":24,"featured_media":0,"parent":0,"menu_order":0,"comment_status":"closed","ping_status":"closed","template":"","meta":{"_acf_changed":false,"footnotes":""},"class_list":["post-122033","page","type-page","status-publish","hentry"],"acf":[],"_links":{"self":[{"href":"https:\/\/www.naturgy.com\/ca\/wp-json\/wp\/v2\/pages\/122033","targetHints":{"allow":["GET"]}}],"collection":[{"href":"https:\/\/www.naturgy.com\/ca\/wp-json\/wp\/v2\/pages"}],"about":[{"href":"https:\/\/www.naturgy.com\/ca\/wp-json\/wp\/v2\/types\/page"}],"author":[{"embeddable":true,"href":"https:\/\/www.naturgy.com\/ca\/wp-json\/wp\/v2\/users\/24"}],"replies":[{"embeddable":true,"href":"https:\/\/www.naturgy.com\/ca\/wp-json\/wp\/v2\/comments?post=122033"}],"version-history":[{"count":5,"href":"https:\/\/www.naturgy.com\/ca\/wp-json\/wp\/v2\/pages\/122033\/revisions"}],"predecessor-version":[{"id":122059,"href":"https:\/\/www.naturgy.com\/ca\/wp-json\/wp\/v2\/pages\/122033\/revisions\/122059"}],"wp:attachment":[{"href":"https:\/\/www.naturgy.com\/ca\/wp-json\/wp\/v2\/media?parent=122033"}],"curies":[{"name":"wp","href":"https:\/\/api.w.org\/{rel}","templated":true}]}}