{"id":39946,"date":"2023-02-10T10:43:53","date_gmt":"2023-02-10T09:43:53","guid":{"rendered":"https:\/\/www.naturgy.com\/policies-and-codes-of-conduct\/code-of-best-tax-practices\/"},"modified":"2023-03-30T11:04:24","modified_gmt":"2023-03-30T09:04:24","slug":"codi-de-bones-practiques-tributaries","status":"publish","type":"page","link":"https:\/\/www.naturgy.com\/ca\/coneix-nos-naturgy\/el-grup\/politiques-i-codis-de-conducta\/codi-de-bones-practiques-tributaries\/","title":{"rendered":"Codi de bones pr\u00e0ctiques tribut\u00e0ries"},"content":{"rendered":"\t\t<div data-elementor-type=\"wp-page\" data-elementor-id=\"39946\" class=\"elementor elementor-39946 elementor-21676\" data-elementor-post-type=\"page\">\n\t\t\t\t<div class=\"elementor-element elementor-element-2fffb756 e-flex e-con-boxed e-con e-parent\" data-id=\"2fffb756\" data-element_type=\"container\">\n\t\t\t\t\t<div class=\"e-con-inner\">\n\t\t<div class=\"elementor-element elementor-element-27bf1c05 e-con-full e-flex e-con e-parent\" data-id=\"27bf1c05\" data-element_type=\"container\">\n\t\t\t\t<div class=\"elementor-element elementor-element-7f1361ea elementor-widget elementor-widget-shortcode\" data-id=\"7f1361ea\" data-element_type=\"widget\" data-widget_type=\"shortcode.default\">\n\t\t\t\t<div class=\"elementor-widget-container\">\n\t\t\t\t\t\t\t<div class=\"elementor-shortcode\"><nav aria-label=\"breadcrumbs\" class=\"rank-math-breadcrumb\"><p><span class=\"last\">Inici<\/span><\/p><\/nav><\/div>\n\t\t\t\t\t\t<\/div>\n\t\t\t\t<\/div>\n\t\t\t\t<div class=\"elementor-element elementor-element-461b608 elementor-widget elementor-widget-heading\" data-id=\"461b608\" data-element_type=\"widget\" data-widget_type=\"heading.default\">\n\t\t\t\t<div class=\"elementor-widget-container\">\n\t\t\t\t\t<h1 class=\"elementor-heading-title elementor-size-default\">Codi de bones pr\u00e0ctiques tribut\u00e0ries<\/h1>\t\t\t\t<\/div>\n\t\t\t\t<\/div>\n\t\t\t\t<\/div>\n\t\t<div class=\"elementor-element elementor-element-43ed26b1 e-con-full e-flex e-con e-parent\" data-id=\"43ed26b1\" data-element_type=\"container\">\n\t\t\t\t<div class=\"elementor-element elementor-element-1573d125 elementor-widget elementor-widget-spacer\" data-id=\"1573d125\" data-element_type=\"widget\" data-widget_type=\"spacer.default\">\n\t\t\t\t<div class=\"elementor-widget-container\">\n\t\t\t\t\t\t\t<div class=\"elementor-spacer\">\n\t\t\t<div class=\"elementor-spacer-inner\"><\/div>\n\t\t<\/div>\n\t\t\t\t\t\t<\/div>\n\t\t\t\t<\/div>\n\t\t\t\t<\/div>\n\t\t\t\t\t<\/div>\n\t\t\t\t<\/div>\n\t\t<div class=\"elementor-element elementor-element-3bf61fd8 e-flex e-con-boxed e-con e-parent\" data-id=\"3bf61fd8\" data-element_type=\"container\">\n\t\t\t\t\t<div class=\"e-con-inner\">\n\t\t\t\t<div class=\"elementor-element elementor-element-52b8fabb elementor-widget elementor-widget-text-editor\" data-id=\"52b8fabb\" data-element_type=\"widget\" data-widget_type=\"text-editor.default\">\n\t\t\t\t<div class=\"elementor-widget-container\">\n\t\t\t\t\t\t\t\t\t<p>Des de 2010, la companyia est\u00e0 adherida al\u00a0<strong>Codi de bones pr\u00e0ctiques tribut\u00e0ries<\/strong>\u00a0elaborat pel\u00a0<strong>F\u00f2rum de Grans Empreses<\/strong>\u00a0conjuntament amb l\u2019<strong>Administraci\u00f3 tribut\u00e0ria espanyola<\/strong>.\u00a0Els seus objectius s\u00f3n:<\/p>\t\t\t\t\t\t\t\t<\/div>\n\t\t\t\t<\/div>\n\t\t\t\t\t<\/div>\n\t\t\t\t<\/div>\n\t\t<div class=\"elementor-element elementor-element-4783a01b e-con-full e-flex e-con e-parent\" data-id=\"4783a01b\" data-element_type=\"container\">\n\t\t\t\t<div class=\"elementor-element elementor-element-6c72156b elementor-widget elementor-widget-spacer\" data-id=\"6c72156b\" data-element_type=\"widget\" data-widget_type=\"spacer.default\">\n\t\t\t\t<div class=\"elementor-widget-container\">\n\t\t\t\t\t\t\t<div class=\"elementor-spacer\">\n\t\t\t<div class=\"elementor-spacer-inner\"><\/div>\n\t\t<\/div>\n\t\t\t\t\t\t<\/div>\n\t\t\t\t<\/div>\n\t\t\t\t<\/div>\n\t\t<div class=\"elementor-element elementor-element-60ccc972 grid col-4 e-flex e-con-boxed e-con e-parent\" data-id=\"60ccc972\" data-element_type=\"container\">\n\t\t\t\t\t<div class=\"e-con-inner\">\n\t\t<div class=\"elementor-element elementor-element-7f8eb1bf e-con-full e-flex e-con e-parent\" data-id=\"7f8eb1bf\" data-element_type=\"container\" data-settings=\"{&quot;background_background&quot;:&quot;classic&quot;}\">\n\t\t\t\t<div class=\"elementor-element elementor-element-3d4738d4 elementor-widget elementor-widget-text-editor\" data-id=\"3d4738d4\" data-element_type=\"widget\" data-widget_type=\"text-editor.default\">\n\t\t\t\t<div class=\"elementor-widget-container\">\n\t\t\t\t\t\t\t\t\t<p>Promoure la <strong>transpar\u00e8ncia, la bona fe i la cooperaci\u00f3<\/strong>\u00a0amb l\u2019<strong>Ag\u00e8ncia Estatal de l\u2019Administraci\u00f3 Tribut\u00e0ria\u00a0<\/strong>a la pr\u00e0ctica fiscal empresarial<\/p><div class=\"col-sm-3\"><div class=\"generic bgBlue\"><div class=\"row\"><div class=\"\"><div class=\"generic__ckeditor\">\u00a0<\/div><\/div><\/div><\/div><\/div>\t\t\t\t\t\t\t\t<\/div>\n\t\t\t\t<\/div>\n\t\t\t\t<\/div>\n\t\t<div class=\"elementor-element elementor-element-70b8f260 e-con-full e-flex e-con e-parent\" data-id=\"70b8f260\" data-element_type=\"container\" data-settings=\"{&quot;background_background&quot;:&quot;classic&quot;}\">\n\t\t\t\t<div class=\"elementor-element elementor-element-7410d580 elementor-widget elementor-widget-text-editor\" data-id=\"7410d580\" data-element_type=\"widget\" data-widget_type=\"text-editor.default\">\n\t\t\t\t<div class=\"elementor-widget-container\">\n\t\t\t\t\t\t\t\t\t<p>Fomentar la <strong>seguretat jur\u00eddica<\/strong>\u00a0en l\u2019aplicaci\u00f3 i la interpretaci\u00f3 de les normes tribut\u00e0ries<\/p>\t\t\t\t\t\t\t\t<\/div>\n\t\t\t\t<\/div>\n\t\t\t\t<\/div>\n\t\t<div class=\"elementor-element elementor-element-34087743 e-con-full e-flex e-con e-parent\" data-id=\"34087743\" data-element_type=\"container\" data-settings=\"{&quot;background_background&quot;:&quot;classic&quot;}\">\n\t\t\t\t<div class=\"elementor-element elementor-element-261fd43f elementor-widget elementor-widget-text-editor\" data-id=\"261fd43f\" data-element_type=\"widget\" data-widget_type=\"text-editor.default\">\n\t\t\t\t<div class=\"elementor-widget-container\">\n\t\t\t\t\t\t\t\t\t<p><strong>Evitar estructures de car\u00e0cter opac<\/strong>\u00a0amb finalitats tribut\u00e0ries<\/p>\t\t\t\t\t\t\t\t<\/div>\n\t\t\t\t<\/div>\n\t\t\t\t<\/div>\n\t\t<div class=\"elementor-element elementor-element-26df4732 e-con-full e-flex e-con e-parent\" data-id=\"26df4732\" data-element_type=\"container\" data-settings=\"{&quot;background_background&quot;:&quot;classic&quot;}\">\n\t\t\t\t<div class=\"elementor-element elementor-element-495eb86b elementor-widget elementor-widget-text-editor\" data-id=\"495eb86b\" data-element_type=\"widget\" data-widget_type=\"text-editor.default\">\n\t\t\t\t<div class=\"elementor-widget-container\">\n\t\t\t\t\t\t\t\t\t<p>Informar regularment el Consell d\u2019Administraci\u00f3 sobre les\u00a0<strong>pol\u00edtiques fiscals aplicades<\/strong><\/p>\t\t\t\t\t\t\t\t<\/div>\n\t\t\t\t<\/div>\n\t\t\t\t<\/div>\n\t\t\t\t\t<\/div>\n\t\t\t\t<\/div>\n\t\t<div class=\"elementor-element elementor-element-31b29db9 e-con-full e-flex e-con e-parent\" data-id=\"31b29db9\" data-element_type=\"container\">\n\t\t\t\t<div class=\"elementor-element elementor-element-9600554 elementor-widget elementor-widget-spacer\" data-id=\"9600554\" data-element_type=\"widget\" data-widget_type=\"spacer.default\">\n\t\t\t\t<div class=\"elementor-widget-container\">\n\t\t\t\t\t\t\t<div class=\"elementor-spacer\">\n\t\t\t<div class=\"elementor-spacer-inner\"><\/div>\n\t\t<\/div>\n\t\t\t\t\t\t<\/div>\n\t\t\t\t<\/div>\n\t\t\t\t<\/div>\n\t\t<div class=\"elementor-element elementor-element-65bd1f59 e-flex e-con-boxed e-con e-parent\" data-id=\"65bd1f59\" data-element_type=\"container\">\n\t\t\t\t\t<div class=\"e-con-inner\">\n\t\t\t\t<div class=\"elementor-element elementor-element-2b20b0c9 elementor-widget elementor-widget-heading\" data-id=\"2b20b0c9\" data-element_type=\"widget\" data-widget_type=\"heading.default\">\n\t\t\t\t<div class=\"elementor-widget-container\">\n\t\t\t\t\t<h2 class=\"elementor-heading-title elementor-size-default\">Vegeu el document complet<\/h2>\t\t\t\t<\/div>\n\t\t\t\t<\/div>\n\t\t\t\t<div class=\"elementor-element elementor-element-2583db58 has-icon elementor-widget elementor-widget-text-editor\" data-id=\"2583db58\" data-element_type=\"widget\" data-widget_type=\"text-editor.default\">\n\t\t\t\t<div class=\"elementor-widget-container\">\n\t\t\t\t\t\t\t\t\t<p><a href=\"https:\/\/stproportalcorporativo.blob.core.windows.net\/uploads\/2023\/02\/CBPT_publicacion_web-2.pdf\" target=\"_blank\" rel=\"noopener\">Document Bones pr\u00e0ctiques tribut\u00e0ries<\/a><\/p><p><a href=\"https:\/\/stproportalcorporativo.blob.core.windows.net\/uploads\/2023\/02\/CBPT_english-1.pdf\" target=\"_blank\" rel=\"noopener\">Document Bones pr\u00e0ctiques tribut\u00e0ries (en angl\u00e8s)<\/a><\/p>\t\t\t\t\t\t\t\t<\/div>\n\t\t\t\t<\/div>\n\t\t\t\t\t<\/div>\n\t\t\t\t<\/div>\n\t\t<div class=\"elementor-element elementor-element-7b9ca3bf e-con-full e-flex e-con e-parent\" data-id=\"7b9ca3bf\" data-element_type=\"container\">\n\t\t\t\t<div class=\"elementor-element elementor-element-7e9bb762 elementor-widget elementor-widget-spacer\" data-id=\"7e9bb762\" data-element_type=\"widget\" data-widget_type=\"spacer.default\">\n\t\t\t\t<div class=\"elementor-widget-container\">\n\t\t\t\t\t\t\t<div class=\"elementor-spacer\">\n\t\t\t<div class=\"elementor-spacer-inner\"><\/div>\n\t\t<\/div>\n\t\t\t\t\t\t<\/div>\n\t\t\t\t<\/div>\n\t\t\t\t<\/div>\n\t\t\t\t<\/div>\n\t\t","protected":false},"excerpt":{"rendered":"<p>Des de 2010, la companyia est\u00e0 adherida al\u00a0Codi de bones pr\u00e0ctiques tribut\u00e0ries\u00a0elaborat pel\u00a0F\u00f2rum de Grans Empreses\u00a0conjuntament amb l\u2019Administraci\u00f3 tribut\u00e0ria espanyola.\u00a0Els seus objectius s\u00f3n: Promoure la transpar\u00e8ncia, la bona fe i la cooperaci\u00f3\u00a0amb l\u2019Ag\u00e8ncia Estatal de l\u2019Administraci\u00f3 Tribut\u00e0ria\u00a0a la pr\u00e0ctica fiscal empresarial \u00a0 Fomentar la seguretat jur\u00eddica\u00a0en l\u2019aplicaci\u00f3 i la interpretaci\u00f3 de les normes tribut\u00e0ries Evitar [&hellip;]<\/p>\n","protected":false},"author":5,"featured_media":0,"parent":39941,"menu_order":2,"comment_status":"closed","ping_status":"closed","template":"","meta":{"_acf_changed":false,"footnotes":""},"class_list":["post-39946","page","type-page","status-publish","hentry"],"acf":[],"_links":{"self":[{"href":"https:\/\/www.naturgy.com\/ca\/wp-json\/wp\/v2\/pages\/39946","targetHints":{"allow":["GET"]}}],"collection":[{"href":"https:\/\/www.naturgy.com\/ca\/wp-json\/wp\/v2\/pages"}],"about":[{"href":"https:\/\/www.naturgy.com\/ca\/wp-json\/wp\/v2\/types\/page"}],"author":[{"embeddable":true,"href":"https:\/\/www.naturgy.com\/ca\/wp-json\/wp\/v2\/users\/5"}],"replies":[{"embeddable":true,"href":"https:\/\/www.naturgy.com\/ca\/wp-json\/wp\/v2\/comments?post=39946"}],"version-history":[{"count":4,"href":"https:\/\/www.naturgy.com\/ca\/wp-json\/wp\/v2\/pages\/39946\/revisions"}],"predecessor-version":[{"id":58727,"href":"https:\/\/www.naturgy.com\/ca\/wp-json\/wp\/v2\/pages\/39946\/revisions\/58727"}],"up":[{"embeddable":true,"href":"https:\/\/www.naturgy.com\/ca\/wp-json\/wp\/v2\/pages\/39941"}],"wp:attachment":[{"href":"https:\/\/www.naturgy.com\/ca\/wp-json\/wp\/v2\/media?parent=39946"}],"curies":[{"name":"wp","href":"https:\/\/api.w.org\/{rel}","templated":true}]}}