{"id":39950,"date":"2023-02-10T10:45:34","date_gmt":"2023-02-10T09:45:34","guid":{"rendered":"https:\/\/www.naturgy.com\/policies-and-codes-of-conduct\/institutional-relations-policy\/"},"modified":"2023-03-30T12:51:03","modified_gmt":"2023-03-30T10:51:03","slug":"politica-de-relacions-internacionals","status":"publish","type":"page","link":"https:\/\/www.naturgy.com\/ca\/coneix-nos-naturgy\/el-grup\/politiques-i-codis-de-conducta\/politica-de-relacions-internacionals\/","title":{"rendered":"Pol\u00edtica de relacions internacionals"},"content":{"rendered":"\t\t<div data-elementor-type=\"wp-page\" data-elementor-id=\"39950\" class=\"elementor elementor-39950 elementor-21679\" data-elementor-post-type=\"page\">\n\t\t\t\t<div class=\"elementor-element elementor-element-3ba12f8b e-flex e-con-boxed e-con e-parent\" data-id=\"3ba12f8b\" data-element_type=\"container\">\n\t\t\t\t\t<div class=\"e-con-inner\">\n\t\t<div class=\"elementor-element elementor-element-41cec321 e-con-full e-flex e-con e-parent\" data-id=\"41cec321\" data-element_type=\"container\">\n\t\t\t\t<div class=\"elementor-element elementor-element-b6a0350 elementor-widget elementor-widget-shortcode\" data-id=\"b6a0350\" data-element_type=\"widget\" data-widget_type=\"shortcode.default\">\n\t\t\t\t<div class=\"elementor-widget-container\">\n\t\t\t\t\t\t\t<div class=\"elementor-shortcode\"><nav aria-label=\"breadcrumbs\" class=\"rank-math-breadcrumb\"><p><span class=\"last\">Inici<\/span><\/p><\/nav><\/div>\n\t\t\t\t\t\t<\/div>\n\t\t\t\t<\/div>\n\t\t\t\t<div class=\"elementor-element elementor-element-276d6958 elementor-widget elementor-widget-heading\" data-id=\"276d6958\" data-element_type=\"widget\" data-widget_type=\"heading.default\">\n\t\t\t\t<div class=\"elementor-widget-container\">\n\t\t\t\t\t<h1 class=\"elementor-heading-title elementor-size-default\">Pol\u00edtica de relacions internacionals<\/h1>\t\t\t\t<\/div>\n\t\t\t\t<\/div>\n\t\t\t\t<\/div>\n\t\t<div class=\"elementor-element elementor-element-5d4bef21 e-con-full e-flex e-con e-parent\" data-id=\"5d4bef21\" data-element_type=\"container\">\n\t\t\t\t<div class=\"elementor-element elementor-element-7e374965 elementor-widget elementor-widget-spacer\" data-id=\"7e374965\" data-element_type=\"widget\" data-widget_type=\"spacer.default\">\n\t\t\t\t<div class=\"elementor-widget-container\">\n\t\t\t\t\t\t\t<div class=\"elementor-spacer\">\n\t\t\t<div class=\"elementor-spacer-inner\"><\/div>\n\t\t<\/div>\n\t\t\t\t\t\t<\/div>\n\t\t\t\t<\/div>\n\t\t\t\t<div class=\"elementor-element elementor-element-f1235c7 elementor-widget elementor-widget-text-editor\" data-id=\"f1235c7\" data-element_type=\"widget\" data-widget_type=\"text-editor.default\">\n\t\t\t\t<div class=\"elementor-widget-container\">\n\t\t\t\t\t\t\t\t\t<p>Establim relacions en l\u2019\u00e0mbit pol\u00edtic i institucional, directament o a trav\u00e9s de fundacions, associacions o altres entitats,\u00a0<strong>a fi de traslladar el nostre posicionament i proporcionar informaci\u00f3 que faciliti l\u2019an\u00e0lisi de l\u2019impacte de les diferents opcions en les regulacions i les pol\u00edtiques p\u00fabliques.<\/strong><br \/><br \/>La nostra Pol\u00edtica global de relacions institucionals, la que assumeix el principi de respecte a la legalitat i els principis d\u2019integritat i transpar\u00e8ncia establerts per l\u2019Organitzaci\u00f3 de Cooperaci\u00f3 i Desenvolupament Econ\u00f2mic (OCDE), \u00e9s el marc com\u00fa d\u2019aplicaci\u00f3 a totes les interlocucions amb les autoritats, funcionaris p\u00fablics i partits pol\u00edtics, realitzades directament o a trav\u00e9s d\u2019associacions, fundacions o altres tercers, que tinguin l\u2019objectiu descrit abans.<\/p>\t\t\t\t\t\t\t\t<\/div>\n\t\t\t\t<\/div>\n\t\t\t\t<\/div>\n\t\t\t\t\t<\/div>\n\t\t\t\t<\/div>\n\t\t<div class=\"elementor-element elementor-element-51eebbc e-flex e-con-boxed e-con e-parent\" data-id=\"51eebbc\" data-element_type=\"container\">\n\t\t\t\t\t<div class=\"e-con-inner\">\n\t\t\t\t<div class=\"elementor-element elementor-element-81891e9 elementor-widget elementor-widget-spacer\" data-id=\"81891e9\" data-element_type=\"widget\" data-widget_type=\"spacer.default\">\n\t\t\t\t<div class=\"elementor-widget-container\">\n\t\t\t\t\t\t\t<div class=\"elementor-spacer\">\n\t\t\t<div class=\"elementor-spacer-inner\"><\/div>\n\t\t<\/div>\n\t\t\t\t\t\t<\/div>\n\t\t\t\t<\/div>\n\t\t\t\t\t<\/div>\n\t\t\t\t<\/div>\n\t\t<div class=\"elementor-element elementor-element-786adb4 e-flex e-con-boxed e-con e-parent\" data-id=\"786adb4\" data-element_type=\"container\" data-settings=\"{&quot;background_background&quot;:&quot;classic&quot;}\">\n\t\t\t\t\t<div class=\"e-con-inner\">\n\t\t\t\t<div class=\"elementor-element elementor-element-bfaf853 elementor-widget elementor-widget-heading\" data-id=\"bfaf853\" data-element_type=\"widget\" data-widget_type=\"heading.default\">\n\t\t\t\t<div class=\"elementor-widget-container\">\n\t\t\t\t\t<h2 class=\"elementor-heading-title elementor-size-default\">Pautes de conducta\n<\/h2>\t\t\t\t<\/div>\n\t\t\t\t<\/div>\n\t\t\t\t<div class=\"elementor-element elementor-element-c686860 elementor-widget elementor-widget-text-editor\" data-id=\"c686860\" data-element_type=\"widget\" data-widget_type=\"text-editor.default\">\n\t\t\t\t<div class=\"elementor-widget-container\">\n\t\t\t\t\t\t\t\t\t<p>La interlocuci\u00f3 de Naturgy amb autoritats, funcionaris p\u00fablics i partits pol\u00edtics es duu a terme a trav\u00e9s d\u2019un intercanvi transparent d\u2019opinions i informaci\u00f3 i d\u2019acord amb les pautes de conducta seg\u00fcents:<\/p>\t\t\t\t\t\t\t\t<\/div>\n\t\t\t\t<\/div>\n\t\t\t\t<div class=\"elementor-element elementor-element-6047f23 elementor-widget elementor-widget-spacer\" data-id=\"6047f23\" data-element_type=\"widget\" data-widget_type=\"spacer.default\">\n\t\t\t\t<div class=\"elementor-widget-container\">\n\t\t\t\t\t\t\t<div class=\"elementor-spacer\">\n\t\t\t<div class=\"elementor-spacer-inner\"><\/div>\n\t\t<\/div>\n\t\t\t\t\t\t<\/div>\n\t\t\t\t<\/div>\n\t\t\t\t\t<\/div>\n\t\t\t\t<\/div>\n\t\t<div class=\"elementor-element elementor-element-3b4f6e6c e-con-full e-flex e-con e-parent\" data-id=\"3b4f6e6c\" data-element_type=\"container\">\n\t\t<div class=\"elementor-element elementor-element-155815af e-flex e-con-boxed e-con e-parent\" data-id=\"155815af\" data-element_type=\"container\" data-settings=\"{&quot;background_background&quot;:&quot;classic&quot;}\">\n\t\t\t\t\t<div class=\"e-con-inner\">\n\t\t<div class=\"elementor-element elementor-element-3ef9147e e-con-full e-flex e-con e-parent\" data-id=\"3ef9147e\" data-element_type=\"container\">\n\t\t\t\t<div class=\"elementor-element elementor-element-22a8c8cc elementor-widget elementor-widget-heading\" data-id=\"22a8c8cc\" data-element_type=\"widget\" data-widget_type=\"heading.default\">\n\t\t\t\t<div class=\"elementor-widget-container\">\n\t\t\t\t\t<div class=\"elementor-heading-title elementor-size-xxl\">1<\/div>\t\t\t\t<\/div>\n\t\t\t\t<\/div>\n\t\t\t\t<\/div>\n\t\t<div class=\"elementor-element elementor-element-25a3e2b6 e-flex e-con-boxed e-con e-parent\" data-id=\"25a3e2b6\" data-element_type=\"container\">\n\t\t\t\t\t<div class=\"e-con-inner\">\n\t\t\t\t<div class=\"elementor-element elementor-element-4cfe797b elementor-widget elementor-widget-text-editor\" data-id=\"4cfe797b\" data-element_type=\"widget\" data-widget_type=\"text-editor.default\">\n\t\t\t\t<div class=\"elementor-widget-container\">\n\t\t\t\t\t\t\t\t\t<h4>Naturgy es representa davant de les autoritats, funcionaris p\u00fablics o partits pol\u00edtics de manera directa.<\/h4>\t\t\t\t\t\t\t\t<\/div>\n\t\t\t\t<\/div>\n\t\t\t\t\t<\/div>\n\t\t\t\t<\/div>\n\t\t\t\t\t<\/div>\n\t\t\t\t<\/div>\n\t\t<div class=\"elementor-element elementor-element-179b6c34 e-flex e-con-boxed e-con e-parent\" data-id=\"179b6c34\" data-element_type=\"container\" data-settings=\"{&quot;background_background&quot;:&quot;classic&quot;}\">\n\t\t\t\t\t<div class=\"e-con-inner\">\n\t\t<div class=\"elementor-element elementor-element-1794a92b e-con-full e-flex e-con e-parent\" data-id=\"1794a92b\" data-element_type=\"container\">\n\t\t\t\t<div class=\"elementor-element elementor-element-5be8ef0e elementor-widget elementor-widget-heading\" data-id=\"5be8ef0e\" data-element_type=\"widget\" data-widget_type=\"heading.default\">\n\t\t\t\t<div class=\"elementor-widget-container\">\n\t\t\t\t\t<div class=\"elementor-heading-title elementor-size-xxl\">2<\/div>\t\t\t\t<\/div>\n\t\t\t\t<\/div>\n\t\t\t\t<\/div>\n\t\t<div class=\"elementor-element elementor-element-36449393 e-flex e-con-boxed e-con e-parent\" data-id=\"36449393\" data-element_type=\"container\">\n\t\t\t\t\t<div class=\"e-con-inner\">\n\t\t\t\t<div class=\"elementor-element elementor-element-2e95d007 elementor-widget elementor-widget-text-editor\" data-id=\"2e95d007\" data-element_type=\"widget\" data-widget_type=\"text-editor.default\">\n\t\t\t\t<div class=\"elementor-widget-container\">\n\t\t\t\t\t\t\t\t\t<div><h4><span style=\"color: #ffffff;\"><strong>Els empleats de Naturgy no busquen influir sobre la voluntat d&#8217;autoritats, funcionaris p\u00fablics o partits pol\u00edtics mitjan\u00e7ant l&#8217;\u00fas de pr\u00e0ctiques no \u00e8tiques.<\/strong><\/span><\/h4><\/div>\t\t\t\t\t\t\t\t<\/div>\n\t\t\t\t<\/div>\n\t\t\t\t\t<\/div>\n\t\t\t\t<\/div>\n\t\t\t\t\t<\/div>\n\t\t\t\t<\/div>\n\t\t<div class=\"elementor-element elementor-element-44e5ea30 e-flex e-con-boxed e-con e-parent\" data-id=\"44e5ea30\" data-element_type=\"container\" data-settings=\"{&quot;background_background&quot;:&quot;classic&quot;}\">\n\t\t\t\t\t<div class=\"e-con-inner\">\n\t\t<div class=\"elementor-element elementor-element-42cfeccc e-con-full e-flex e-con e-parent\" data-id=\"42cfeccc\" data-element_type=\"container\">\n\t\t\t\t<div class=\"elementor-element elementor-element-13498796 elementor-widget elementor-widget-heading\" data-id=\"13498796\" data-element_type=\"widget\" data-widget_type=\"heading.default\">\n\t\t\t\t<div class=\"elementor-widget-container\">\n\t\t\t\t\t<div class=\"elementor-heading-title elementor-size-xxl\">3<\/div>\t\t\t\t<\/div>\n\t\t\t\t<\/div>\n\t\t\t\t<\/div>\n\t\t<div class=\"elementor-element elementor-element-2292a465 e-flex e-con-boxed e-con e-parent\" data-id=\"2292a465\" data-element_type=\"container\">\n\t\t\t\t\t<div class=\"e-con-inner\">\n\t\t\t\t<div class=\"elementor-element elementor-element-494a53db elementor-widget elementor-widget-text-editor\" data-id=\"494a53db\" data-element_type=\"widget\" data-widget_type=\"text-editor.default\">\n\t\t\t\t<div class=\"elementor-widget-container\">\n\t\t\t\t\t\t\t\t\t<h4>Naturgy no finan\u00e7a partits pol\u00edtics ni els seus representants.<\/h4>\t\t\t\t\t\t\t\t<\/div>\n\t\t\t\t<\/div>\n\t\t\t\t\t<\/div>\n\t\t\t\t<\/div>\n\t\t\t\t\t<\/div>\n\t\t\t\t<\/div>\n\t\t<div class=\"elementor-element elementor-element-3827c96a e-flex e-con-boxed e-con e-parent\" data-id=\"3827c96a\" data-element_type=\"container\" data-settings=\"{&quot;background_background&quot;:&quot;classic&quot;}\">\n\t\t\t\t\t<div class=\"e-con-inner\">\n\t\t<div class=\"elementor-element elementor-element-110659e6 e-con-full e-flex e-con e-parent\" data-id=\"110659e6\" data-element_type=\"container\">\n\t\t\t\t<div class=\"elementor-element elementor-element-499ef934 elementor-widget elementor-widget-heading\" data-id=\"499ef934\" data-element_type=\"widget\" data-widget_type=\"heading.default\">\n\t\t\t\t<div class=\"elementor-widget-container\">\n\t\t\t\t\t<div class=\"elementor-heading-title elementor-size-xxl\">4<\/div>\t\t\t\t<\/div>\n\t\t\t\t<\/div>\n\t\t\t\t<\/div>\n\t\t<div class=\"elementor-element elementor-element-505ae9c7 e-flex e-con-boxed e-con e-parent\" data-id=\"505ae9c7\" data-element_type=\"container\">\n\t\t\t\t\t<div class=\"e-con-inner\">\n\t\t\t\t<div class=\"elementor-element elementor-element-76eb9097 elementor-widget elementor-widget-text-editor\" data-id=\"76eb9097\" data-element_type=\"widget\" data-widget_type=\"text-editor.default\">\n\t\t\t\t<div class=\"elementor-widget-container\">\n\t\t\t\t\t\t\t\t\t<div><h4><span style=\"color: #ffffff;\"><strong>Els empleats de Naturgy transmeten sempre informaci\u00f3 vera\u00e7.<\/strong><\/span><\/h4><\/div>\t\t\t\t\t\t\t\t<\/div>\n\t\t\t\t<\/div>\n\t\t\t\t\t<\/div>\n\t\t\t\t<\/div>\n\t\t\t\t\t<\/div>\n\t\t\t\t<\/div>\n\t\t<div class=\"elementor-element elementor-element-2c7dc281 e-flex e-con-boxed e-con e-parent\" data-id=\"2c7dc281\" data-element_type=\"container\" data-settings=\"{&quot;background_background&quot;:&quot;classic&quot;}\">\n\t\t\t\t\t<div class=\"e-con-inner\">\n\t\t<div class=\"elementor-element elementor-element-c668f4f e-con-full e-flex e-con e-parent\" data-id=\"c668f4f\" data-element_type=\"container\">\n\t\t\t\t<div class=\"elementor-element elementor-element-741faf83 elementor-widget elementor-widget-heading\" data-id=\"741faf83\" data-element_type=\"widget\" data-widget_type=\"heading.default\">\n\t\t\t\t<div class=\"elementor-widget-container\">\n\t\t\t\t\t<div class=\"elementor-heading-title elementor-size-xxl\">5<\/div>\t\t\t\t<\/div>\n\t\t\t\t<\/div>\n\t\t\t\t<\/div>\n\t\t<div class=\"elementor-element elementor-element-147b7a0d e-flex e-con-boxed e-con e-parent\" data-id=\"147b7a0d\" data-element_type=\"container\">\n\t\t\t\t\t<div class=\"e-con-inner\">\n\t\t\t\t<div class=\"elementor-element elementor-element-43db9873 elementor-widget elementor-widget-text-editor\" data-id=\"43db9873\" data-element_type=\"widget\" data-widget_type=\"text-editor.default\">\n\t\t\t\t<div class=\"elementor-widget-container\">\n\t\t\t\t\t\t\t\t\t<h4>Naturgy actua conforme al compliment estricte de la regulaci\u00f3 a cada pa\u00eds o regi\u00f3, respectant els valors \u00e8tics de l\u2019empresa i les seves normatives.<\/h4>\t\t\t\t\t\t\t\t<\/div>\n\t\t\t\t<\/div>\n\t\t\t\t\t<\/div>\n\t\t\t\t<\/div>\n\t\t\t\t\t<\/div>\n\t\t\t\t<\/div>\n\t\t<div class=\"elementor-element elementor-element-7e555741 e-flex e-con-boxed e-con e-parent\" data-id=\"7e555741\" data-element_type=\"container\" data-settings=\"{&quot;background_background&quot;:&quot;classic&quot;}\">\n\t\t\t\t\t<div class=\"e-con-inner\">\n\t\t<div class=\"elementor-element elementor-element-c69fa7d e-con-full e-flex e-con e-parent\" data-id=\"c69fa7d\" data-element_type=\"container\">\n\t\t\t\t<div class=\"elementor-element elementor-element-5ad202b3 elementor-widget elementor-widget-heading\" data-id=\"5ad202b3\" data-element_type=\"widget\" data-widget_type=\"heading.default\">\n\t\t\t\t<div class=\"elementor-widget-container\">\n\t\t\t\t\t<div class=\"elementor-heading-title elementor-size-xxl\">6<\/div>\t\t\t\t<\/div>\n\t\t\t\t<\/div>\n\t\t\t\t<\/div>\n\t\t<div class=\"elementor-element elementor-element-27a44038 e-flex e-con-boxed e-con e-parent\" data-id=\"27a44038\" data-element_type=\"container\">\n\t\t\t\t\t<div class=\"e-con-inner\">\n\t\t\t\t<div class=\"elementor-element elementor-element-475631fa elementor-widget elementor-widget-text-editor\" data-id=\"475631fa\" data-element_type=\"widget\" data-widget_type=\"text-editor.default\">\n\t\t\t\t<div class=\"elementor-widget-container\">\n\t\t\t\t\t\t\t\t\t<div><h4><span style=\"color: #ffffff;\"><strong>Ens comprometem a inscriure&#8217;ns en els registres de transpar\u00e8ncia de les institucions p\u00fabliques amb les quals tenim interlocuci\u00f3.<\/strong><\/span><\/h4><\/div>\t\t\t\t\t\t\t\t<\/div>\n\t\t\t\t<\/div>\n\t\t\t\t\t<\/div>\n\t\t\t\t<\/div>\n\t\t\t\t\t<\/div>\n\t\t\t\t<\/div>\n\t\t\t\t<\/div>\n\t\t<div class=\"elementor-element elementor-element-331e754 e-flex e-con-boxed e-con e-parent\" data-id=\"331e754\" data-element_type=\"container\">\n\t\t\t\t\t<div class=\"e-con-inner\">\n\t\t\t\t<div class=\"elementor-element elementor-element-0c7411a elementor-widget elementor-widget-spacer\" data-id=\"0c7411a\" data-element_type=\"widget\" data-widget_type=\"spacer.default\">\n\t\t\t\t<div class=\"elementor-widget-container\">\n\t\t\t\t\t\t\t<div class=\"elementor-spacer\">\n\t\t\t<div class=\"elementor-spacer-inner\"><\/div>\n\t\t<\/div>\n\t\t\t\t\t\t<\/div>\n\t\t\t\t<\/div>\n\t\t\t\t\t<\/div>\n\t\t\t\t<\/div>\n\t\t<div class=\"elementor-element elementor-element-595f253 e-flex e-con-boxed e-con e-parent\" data-id=\"595f253\" data-element_type=\"container\">\n\t\t\t\t\t<div class=\"e-con-inner\">\n\t\t\t\t<div class=\"elementor-element elementor-element-3af04d5 elementor-widget elementor-widget-text-editor\" data-id=\"3af04d5\" data-element_type=\"widget\" data-widget_type=\"text-editor.default\">\n\t\t\t\t<div class=\"elementor-widget-container\">\n\t\t\t\t\t\t\t\t\t<p>A m\u00e9s, Naturgy destina recursos anualment per formar part i col\u00b7laborar activament amb fundacions, associacions empresarials, cambres de comer\u00e7 o altres tipus d\u2019entitats associatives que tenen entre els seus objectius\u00a0<strong>traslladar posicions i informaci\u00f3 que contribueixi a la construcci\u00f3 de pol\u00edtiques p\u00fabliques i regulacions.\u00a0<\/strong><br \/><br \/>D\u2019aquesta manera, l\u2019empresa participa en entitats sectorials vinculades al sector energ\u00e8tic, cambres de comer\u00e7 i confederacions empresarials i entitats que busquen promoure la sostenibilitat i les energies renovables, entre d\u2019altres.\u00a0\u00a0<br \/><br \/>Entre les principals participacions de l\u2019empresa hi World Economic Forum, Global Compact, FUNSEAM, European Biogas Association (EBA) i Asociaci\u00f3n Empresarial E\u00f3lica.<\/p>\t\t\t\t\t\t\t\t<\/div>\n\t\t\t\t<\/div>\n\t\t\t\t<div class=\"elementor-element elementor-element-cffd4b5 elementor-widget elementor-widget-spacer\" data-id=\"cffd4b5\" data-element_type=\"widget\" data-widget_type=\"spacer.default\">\n\t\t\t\t<div class=\"elementor-widget-container\">\n\t\t\t\t\t\t\t<div class=\"elementor-spacer\">\n\t\t\t<div class=\"elementor-spacer-inner\"><\/div>\n\t\t<\/div>\n\t\t\t\t\t\t<\/div>\n\t\t\t\t<\/div>\n\t\t\t\t\t<\/div>\n\t\t\t\t<\/div>\n\t\t\t\t<\/div>\n\t\t","protected":false},"excerpt":{"rendered":"<p>Establim relacions en l\u2019\u00e0mbit pol\u00edtic i institucional, directament o a trav\u00e9s de fundacions, associacions o altres entitats,\u00a0a fi de traslladar el nostre posicionament i proporcionar informaci\u00f3 que faciliti l\u2019an\u00e0lisi de l\u2019impacte de les diferents opcions en les regulacions i les pol\u00edtiques p\u00fabliques. La nostra Pol\u00edtica global de relacions institucionals, la que assumeix el principi de [&hellip;]<\/p>\n","protected":false},"author":5,"featured_media":0,"parent":39941,"menu_order":5,"comment_status":"closed","ping_status":"closed","template":"","meta":{"_acf_changed":false,"footnotes":""},"class_list":["post-39950","page","type-page","status-publish","hentry"],"acf":[],"_links":{"self":[{"href":"https:\/\/www.naturgy.com\/ca\/wp-json\/wp\/v2\/pages\/39950","targetHints":{"allow":["GET"]}}],"collection":[{"href":"https:\/\/www.naturgy.com\/ca\/wp-json\/wp\/v2\/pages"}],"about":[{"href":"https:\/\/www.naturgy.com\/ca\/wp-json\/wp\/v2\/types\/page"}],"author":[{"embeddable":true,"href":"https:\/\/www.naturgy.com\/ca\/wp-json\/wp\/v2\/users\/5"}],"replies":[{"embeddable":true,"href":"https:\/\/www.naturgy.com\/ca\/wp-json\/wp\/v2\/comments?post=39950"}],"version-history":[{"count":11,"href":"https:\/\/www.naturgy.com\/ca\/wp-json\/wp\/v2\/pages\/39950\/revisions"}],"predecessor-version":[{"id":58970,"href":"https:\/\/www.naturgy.com\/ca\/wp-json\/wp\/v2\/pages\/39950\/revisions\/58970"}],"up":[{"embeddable":true,"href":"https:\/\/www.naturgy.com\/ca\/wp-json\/wp\/v2\/pages\/39941"}],"wp:attachment":[{"href":"https:\/\/www.naturgy.com\/ca\/wp-json\/wp\/v2\/media?parent=39950"}],"curies":[{"name":"wp","href":"https:\/\/api.w.org\/{rel}","templated":true}]}}