{"id":39952,"date":"2023-02-10T10:51:25","date_gmt":"2023-02-10T09:51:25","guid":{"rendered":"https:\/\/www.naturgy.com\/policies-and-codes-of-conduct\/market-abuse-regulation-mar\/"},"modified":"2023-03-30T13:21:40","modified_gmt":"2023-03-30T11:21:40","slug":"reglament-dabus-de-mercat-mar","status":"publish","type":"page","link":"https:\/\/www.naturgy.com\/ca\/coneix-nos-naturgy\/el-grup\/politiques-i-codis-de-conducta\/reglament-dabus-de-mercat-mar\/","title":{"rendered":"Reglament d\u2019ab\u00fas de mercat (MAR)"},"content":{"rendered":"\t\t<div data-elementor-type=\"wp-page\" data-elementor-id=\"39952\" class=\"elementor elementor-39952 elementor-21713\" data-elementor-post-type=\"page\">\n\t\t\t\t<div class=\"elementor-element elementor-element-51df468c e-flex e-con-boxed e-con e-parent\" data-id=\"51df468c\" data-element_type=\"container\">\n\t\t\t\t\t<div class=\"e-con-inner\">\n\t\t<div class=\"elementor-element elementor-element-4836e061 e-con-full e-flex e-con e-parent\" data-id=\"4836e061\" data-element_type=\"container\">\n\t\t\t\t<div class=\"elementor-element elementor-element-4ea4621b elementor-widget elementor-widget-shortcode\" data-id=\"4ea4621b\" data-element_type=\"widget\" data-widget_type=\"shortcode.default\">\n\t\t\t\t<div class=\"elementor-widget-container\">\n\t\t\t\t\t\t\t<div class=\"elementor-shortcode\"><nav aria-label=\"breadcrumbs\" class=\"rank-math-breadcrumb\"><p><span class=\"last\">Inici<\/span><\/p><\/nav><\/div>\n\t\t\t\t\t\t<\/div>\n\t\t\t\t<\/div>\n\t\t\t\t<div class=\"elementor-element elementor-element-3f924e9b elementor-widget elementor-widget-heading\" data-id=\"3f924e9b\" data-element_type=\"widget\" data-widget_type=\"heading.default\">\n\t\t\t\t<div class=\"elementor-widget-container\">\n\t\t\t\t\t<h1 class=\"elementor-heading-title elementor-size-default\">Reglament d\u2019ab\u00fas de mercat (MAR)<\/h1>\t\t\t\t<\/div>\n\t\t\t\t<\/div>\n\t\t\t\t<\/div>\n\t\t<div class=\"elementor-element elementor-element-44538196 e-con-full e-flex e-con e-parent\" data-id=\"44538196\" data-element_type=\"container\">\n\t\t\t\t<div class=\"elementor-element elementor-element-59631b6d elementor-widget elementor-widget-spacer\" data-id=\"59631b6d\" data-element_type=\"widget\" data-widget_type=\"spacer.default\">\n\t\t\t\t<div class=\"elementor-widget-container\">\n\t\t\t\t\t\t\t<div class=\"elementor-spacer\">\n\t\t\t<div class=\"elementor-spacer-inner\"><\/div>\n\t\t<\/div>\n\t\t\t\t\t\t<\/div>\n\t\t\t\t<\/div>\n\t\t\t\t<\/div>\n\t\t\t\t\t<\/div>\n\t\t\t\t<\/div>\n\t\t<div class=\"elementor-element elementor-element-43abe279 e-flex e-con-boxed e-con e-parent\" data-id=\"43abe279\" data-element_type=\"container\">\n\t\t\t\t\t<div class=\"e-con-inner\">\n\t\t\t\t<div class=\"elementor-element elementor-element-252aa86d elementor-widget elementor-widget-text-editor\" data-id=\"252aa86d\" data-element_type=\"widget\" data-widget_type=\"text-editor.default\">\n\t\t\t\t<div class=\"elementor-widget-container\">\n\t\t\t\t\t\t\t\t\t<div id=\"fila2\" class=\"bg-fluid \"><div class=\"container\"><div class=\"row\"><div class=\"col-md-12\"><div class=\"flex-row flex-center-xs\"><div class=\"flex-col-xs-12 flex-col-sm-12\"><div class=\"textFree \"><div class=\"textFree__text\">En el nostre ferm comprom\u00eds permanent per complir la normativa vigent en els mercats on operem, tenim establerts mecanismes de control per assegurar el compliment de la\u00a0<strong>normativa europea sobre ab\u00fas de mercat<\/strong> (MAR).<\/div><div>\u00a0<\/div><\/div><\/div><\/div><\/div><\/div><\/div><\/div><div id=\"fila3\" class=\"bg-fluid \"><div class=\"container\"><div class=\"row\"><div class=\"col-md-12\"><div class=\"flex-row flex-center-xs\"><div class=\"flex-col-xs-12 flex-col-sm-12\"><div class=\"textFree \"><div>\u00a0<\/div><div class=\"textFree__text\">El Reglament d\u2019ab\u00fas de mercat (MAR) del Parlament i el Consell Europeu est\u00e0 vigent des del 3 de juliol de 2016 i t\u00e9 per\u00a0<strong>objectiu evitar<\/strong>\u00a0les conductes seg\u00fcents:<\/div><\/div><\/div><\/div><\/div><\/div><\/div><\/div>\t\t\t\t\t\t\t\t<\/div>\n\t\t\t\t<\/div>\n\t\t\t\t\t<\/div>\n\t\t\t\t<\/div>\n\t\t<div class=\"elementor-element elementor-element-17763d9e e-con-full e-flex e-con e-parent\" data-id=\"17763d9e\" data-element_type=\"container\">\n\t\t\t\t<div class=\"elementor-element elementor-element-61143e0d elementor-widget elementor-widget-spacer\" data-id=\"61143e0d\" data-element_type=\"widget\" data-widget_type=\"spacer.default\">\n\t\t\t\t<div class=\"elementor-widget-container\">\n\t\t\t\t\t\t\t<div class=\"elementor-spacer\">\n\t\t\t<div class=\"elementor-spacer-inner\"><\/div>\n\t\t<\/div>\n\t\t\t\t\t\t<\/div>\n\t\t\t\t<\/div>\n\t\t\t\t<\/div>\n\t\t<div class=\"elementor-element elementor-element-7f0e13f9 grid col-3 e-flex e-con-boxed e-con e-parent\" data-id=\"7f0e13f9\" data-element_type=\"container\">\n\t\t\t\t\t<div class=\"e-con-inner\">\n\t\t<div class=\"elementor-element elementor-element-1184c412 e-con-full e-flex e-con e-parent\" data-id=\"1184c412\" data-element_type=\"container\" data-settings=\"{&quot;background_background&quot;:&quot;classic&quot;}\">\n\t\t<div class=\"elementor-element elementor-element-152901fe e-con-full e-flex e-con e-parent\" data-id=\"152901fe\" data-element_type=\"container\">\n\t\t\t\t<div class=\"elementor-element elementor-element-78e5a678 elementor-widget elementor-widget-heading\" data-id=\"78e5a678\" data-element_type=\"widget\" data-widget_type=\"heading.default\">\n\t\t\t\t<div class=\"elementor-widget-container\">\n\t\t\t\t\t<div class=\"elementor-heading-title elementor-size-default\">L\u2019\u00fas d\u2019informaci\u00f3 privilegiada per realitzar operacions\n<\/div>\t\t\t\t<\/div>\n\t\t\t\t<\/div>\n\t\t\t\t<\/div>\n\t\t\t\t<\/div>\n\t\t<div class=\"elementor-element elementor-element-42deac47 e-con-full e-flex e-con e-parent\" data-id=\"42deac47\" data-element_type=\"container\" data-settings=\"{&quot;background_background&quot;:&quot;classic&quot;}\">\n\t\t<div class=\"elementor-element elementor-element-4aae2625 e-con-full e-flex e-con e-parent\" data-id=\"4aae2625\" data-element_type=\"container\">\n\t\t\t\t<div class=\"elementor-element elementor-element-f1aa24f elementor-widget elementor-widget-heading\" data-id=\"f1aa24f\" data-element_type=\"widget\" data-widget_type=\"heading.default\">\n\t\t\t\t<div class=\"elementor-widget-container\">\n\t\t\t\t\t<div class=\"elementor-heading-title elementor-size-default\">La comunicaci\u00f3 de manera il\u00b7l\u00edcita d\u2019informaci\u00f3 privilegiada<\/div>\t\t\t\t<\/div>\n\t\t\t\t<\/div>\n\t\t\t\t<\/div>\n\t\t\t\t<\/div>\n\t\t<div class=\"elementor-element elementor-element-68687dfb e-con-full e-flex e-con e-parent\" data-id=\"68687dfb\" data-element_type=\"container\" data-settings=\"{&quot;background_background&quot;:&quot;classic&quot;}\">\n\t\t<div class=\"elementor-element elementor-element-ad17898 e-con-full e-flex e-con e-parent\" data-id=\"ad17898\" data-element_type=\"container\">\n\t\t\t\t<div class=\"elementor-element elementor-element-4002a08b elementor-widget elementor-widget-heading\" data-id=\"4002a08b\" data-element_type=\"widget\" data-widget_type=\"heading.default\">\n\t\t\t\t<div class=\"elementor-widget-container\">\n\t\t\t\t\t<div class=\"elementor-heading-title elementor-size-default\">La manipulaci\u00f3 o l\u2019ab\u00fas de mercats<\/div>\t\t\t\t<\/div>\n\t\t\t\t<\/div>\n\t\t\t\t<\/div>\n\t\t\t\t<\/div>\n\t\t\t\t\t<\/div>\n\t\t\t\t<\/div>\n\t\t<div class=\"elementor-element elementor-element-61f1f146 e-con-full e-flex e-con e-parent\" data-id=\"61f1f146\" data-element_type=\"container\">\n\t\t\t\t<div class=\"elementor-element elementor-element-2e41dc15 elementor-widget elementor-widget-spacer\" data-id=\"2e41dc15\" data-element_type=\"widget\" data-widget_type=\"spacer.default\">\n\t\t\t\t<div class=\"elementor-widget-container\">\n\t\t\t\t\t\t\t<div class=\"elementor-spacer\">\n\t\t\t<div class=\"elementor-spacer-inner\"><\/div>\n\t\t<\/div>\n\t\t\t\t\t\t<\/div>\n\t\t\t\t<\/div>\n\t\t\t\t<\/div>\n\t\t<div class=\"elementor-element elementor-element-593d6a6b e-flex e-con-boxed e-con e-parent\" data-id=\"593d6a6b\" data-element_type=\"container\" data-settings=\"{&quot;background_background&quot;:&quot;classic&quot;}\">\n\t\t\t\t\t<div class=\"e-con-inner\">\n\t\t\t\t<div class=\"elementor-element elementor-element-58c3daf9 elementor-align-center elementor-widget elementor-widget-button\" data-id=\"58c3daf9\" data-element_type=\"widget\" data-widget_type=\"button.default\">\n\t\t\t\t<div class=\"elementor-widget-container\">\n\t\t\t\t\t\t\t\t\t<div class=\"elementor-button-wrapper\">\n\t\t\t\t\t<a class=\"elementor-button elementor-button-link elementor-size-sm\" href=\"https:\/\/eur-lex.europa.eu\/legal-content\/ES\/TXT\/?qid=1496770863666&#038;uri=CELEX:02014R0596-20160703\" target=\"_blank\" rel=\"noopener\">\n\t\t\t\t\t\t<span class=\"elementor-button-content-wrapper\">\n\t\t\t\t\t\t\t\t\t<span class=\"elementor-button-text\">M\u00e9s informaci\u00f3 sobre el reglament MAR<\/span>\n\t\t\t\t\t<\/span>\n\t\t\t\t\t<\/a>\n\t\t\t\t<\/div>\n\t\t\t\t\t\t\t\t<\/div>\n\t\t\t\t<\/div>\n\t\t\t\t\t<\/div>\n\t\t\t\t<\/div>\n\t\t<div class=\"elementor-element elementor-element-17bd253 e-con-full e-flex e-con e-parent\" data-id=\"17bd253\" data-element_type=\"container\" data-settings=\"{&quot;background_background&quot;:&quot;classic&quot;}\">\n\t\t\t\t<div class=\"elementor-element elementor-element-afdfad1 elementor-widget elementor-widget-spacer\" data-id=\"afdfad1\" data-element_type=\"widget\" data-widget_type=\"spacer.default\">\n\t\t\t\t<div class=\"elementor-widget-container\">\n\t\t\t\t\t\t\t<div class=\"elementor-spacer\">\n\t\t\t<div class=\"elementor-spacer-inner\"><\/div>\n\t\t<\/div>\n\t\t\t\t\t\t<\/div>\n\t\t\t\t<\/div>\n\t\t\t\t<\/div>\n\t\t\t\t<\/div>\n\t\t","protected":false},"excerpt":{"rendered":"<p>En el nostre ferm comprom\u00eds permanent per complir la normativa vigent en els mercats on operem, tenim establerts mecanismes de control per assegurar el compliment de la\u00a0normativa europea sobre ab\u00fas de mercat (MAR).\u00a0\u00a0El Reglament d\u2019ab\u00fas de mercat (MAR) del Parlament i el Consell Europeu est\u00e0 vigent des del 3 de juliol de 2016 i t\u00e9 [&hellip;]<\/p>\n","protected":false},"author":5,"featured_media":0,"parent":39941,"menu_order":8,"comment_status":"closed","ping_status":"closed","template":"","meta":{"_acf_changed":false,"footnotes":""},"class_list":["post-39952","page","type-page","status-publish","hentry"],"acf":[],"_links":{"self":[{"href":"https:\/\/www.naturgy.com\/ca\/wp-json\/wp\/v2\/pages\/39952","targetHints":{"allow":["GET"]}}],"collection":[{"href":"https:\/\/www.naturgy.com\/ca\/wp-json\/wp\/v2\/pages"}],"about":[{"href":"https:\/\/www.naturgy.com\/ca\/wp-json\/wp\/v2\/types\/page"}],"author":[{"embeddable":true,"href":"https:\/\/www.naturgy.com\/ca\/wp-json\/wp\/v2\/users\/5"}],"replies":[{"embeddable":true,"href":"https:\/\/www.naturgy.com\/ca\/wp-json\/wp\/v2\/comments?post=39952"}],"version-history":[{"count":8,"href":"https:\/\/www.naturgy.com\/ca\/wp-json\/wp\/v2\/pages\/39952\/revisions"}],"predecessor-version":[{"id":59069,"href":"https:\/\/www.naturgy.com\/ca\/wp-json\/wp\/v2\/pages\/39952\/revisions\/59069"}],"up":[{"embeddable":true,"href":"https:\/\/www.naturgy.com\/ca\/wp-json\/wp\/v2\/pages\/39941"}],"wp:attachment":[{"href":"https:\/\/www.naturgy.com\/ca\/wp-json\/wp\/v2\/media?parent=39952"}],"curies":[{"name":"wp","href":"https:\/\/api.w.org\/{rel}","templated":true}]}}