{"id":39954,"date":"2023-02-10T10:51:07","date_gmt":"2023-02-10T09:51:07","guid":{"rendered":"https:\/\/www.naturgy.com\/policies-and-codes-of-conduct\/management-criteria-for-nuclear-assets\/"},"modified":"2026-03-25T12:00:29","modified_gmt":"2026-03-25T11:00:29","slug":"criteris-de-gestio-dactius-nuclears","status":"publish","type":"page","link":"https:\/\/www.naturgy.com\/ca\/coneix-nos-naturgy\/el-grup\/politiques-i-codis-de-conducta\/criteris-de-gestio-dactius-nuclears\/","title":{"rendered":"Criteris de gesti\u00f3 d\u2019actius nuclears"},"content":{"rendered":"\t\t<div data-elementor-type=\"wp-page\" data-elementor-id=\"39954\" class=\"elementor elementor-39954 elementor-21709\" data-elementor-post-type=\"page\">\n\t\t\t\t<div class=\"elementor-element elementor-element-1f5119bf e-flex e-con-boxed e-con e-parent\" data-id=\"1f5119bf\" data-element_type=\"container\">\n\t\t\t\t\t<div class=\"e-con-inner\">\n\t\t<div class=\"elementor-element elementor-element-52f6df0e e-con-full e-flex e-con e-child\" data-id=\"52f6df0e\" data-element_type=\"container\">\n\t\t\t\t<div class=\"elementor-element elementor-element-2743427f elementor-widget elementor-widget-shortcode\" data-id=\"2743427f\" data-element_type=\"widget\" data-widget_type=\"shortcode.default\">\n\t\t\t\t<div class=\"elementor-widget-container\">\n\t\t\t\t\t\t\t<div class=\"elementor-shortcode\"><nav aria-label=\"breadcrumbs\" class=\"rank-math-breadcrumb\"><p><span class=\"last\">Inici<\/span><\/p><\/nav><\/div>\n\t\t\t\t\t\t<\/div>\n\t\t\t\t<\/div>\n\t\t\t\t<div class=\"elementor-element elementor-element-206ce231 elementor-widget elementor-widget-heading\" data-id=\"206ce231\" data-element_type=\"widget\" data-widget_type=\"heading.default\">\n\t\t\t\t<div class=\"elementor-widget-container\">\n\t\t\t\t\t<h1 class=\"elementor-heading-title elementor-size-default\">Criteris de gesti\u00f3 d\u2019actius nuclears<\/h1>\t\t\t\t<\/div>\n\t\t\t\t<\/div>\n\t\t\t\t<\/div>\n\t\t\t\t\t<\/div>\n\t\t\t\t<\/div>\n\t\t<div class=\"elementor-element elementor-element-fe0f8ae e-con-full e-flex e-con e-parent\" data-id=\"fe0f8ae\" data-element_type=\"container\">\n\t\t\t\t<div class=\"elementor-element elementor-element-67420f94 elementor-widget elementor-widget-spacer\" data-id=\"67420f94\" data-element_type=\"widget\" data-widget_type=\"spacer.default\">\n\t\t\t\t<div class=\"elementor-widget-container\">\n\t\t\t\t\t\t\t<div class=\"elementor-spacer\">\n\t\t\t<div class=\"elementor-spacer-inner\"><\/div>\n\t\t<\/div>\n\t\t\t\t\t\t<\/div>\n\t\t\t\t<\/div>\n\t\t\t\t<\/div>\n\t\t<div class=\"elementor-element elementor-element-a51a716 e-flex e-con-boxed e-con e-parent\" data-id=\"a51a716\" data-element_type=\"container\" data-settings=\"{&quot;background_background&quot;:&quot;classic&quot;}\">\n\t\t\t\t\t<div class=\"e-con-inner\">\n\t\t<div class=\"elementor-element elementor-element-bdbb0cc e-flex e-con-boxed e-con e-child\" data-id=\"bdbb0cc\" data-element_type=\"container\">\n\t\t\t\t\t<div class=\"e-con-inner\">\n\t\t<div class=\"elementor-element elementor-element-6f29bae e-flex e-con-boxed e-con e-child\" data-id=\"6f29bae\" data-element_type=\"container\">\n\t\t\t\t\t<div class=\"e-con-inner\">\n\t\t\t\t<div class=\"elementor-element elementor-element-8c9688b elementor-widget elementor-widget-image\" data-id=\"8c9688b\" data-element_type=\"widget\" data-widget_type=\"image.default\">\n\t\t\t\t<div class=\"elementor-widget-container\">\n\t\t\t\t\t\t\t\t\t\t\t\t\t\t\t<img fetchpriority=\"high\" decoding=\"async\" width=\"720\" height=\"519\" src=\"https:\/\/www.naturgy.com\/\/app\/uploads\/2023\/03\/20100208_GENERACION_NUCLEAR_ESP_15877_defi.jpg\" class=\"attachment-large size-large wp-image-59088\" alt=\"\" srcset=\"https:\/\/www.naturgy.com\/\/app\/uploads\/2023\/03\/20100208_GENERACION_NUCLEAR_ESP_15877_defi.jpg 720w, https:\/\/www.naturgy.com\/\/app\/uploads\/2023\/03\/20100208_GENERACION_NUCLEAR_ESP_15877_defi-300x216.jpg 300w\" sizes=\"(max-width: 720px) 100vw, 720px\" \/>\t\t\t\t\t\t\t\t\t\t\t\t\t\t\t<\/div>\n\t\t\t\t<\/div>\n\t\t\t\t\t<\/div>\n\t\t\t\t<\/div>\n\t\t<div class=\"elementor-element elementor-element-3123a5a e-flex e-con-boxed e-con e-child\" data-id=\"3123a5a\" data-element_type=\"container\">\n\t\t\t\t\t<div class=\"e-con-inner\">\n\t\t<div class=\"elementor-element elementor-element-1d92854 e-con-full e-flex e-con e-child\" data-id=\"1d92854\" data-element_type=\"container\">\n\t\t\t\t<div class=\"elementor-element elementor-element-365f183 elementor-widget elementor-widget-text-editor\" data-id=\"365f183\" data-element_type=\"widget\" data-widget_type=\"text-editor.default\">\n\t\t\t\t<div class=\"elementor-widget-container\">\n\t\t\t\t\t\t\t\t\t<p style=\"text-align: left;\">En l\u2019acompliment del nostre comprom\u00eds amb la\u00a0<strong>transpar\u00e8ncia informativa<\/strong>, oferim als nostres grups d\u2019inter\u00e8s la informaci\u00f3 relacionada amb la gesti\u00f3 de les centrals nuclears en qu\u00e8 participem:<\/p>\t\t\t\t\t\t\t\t<\/div>\n\t\t\t\t<\/div>\n\t\t\t\t<div class=\"elementor-element elementor-element-3f9a542 elementor-align-start elementor-icon-list--layout-traditional elementor-list-item-link-full_width elementor-widget elementor-widget-icon-list\" data-id=\"3f9a542\" data-element_type=\"widget\" data-widget_type=\"icon-list.default\">\n\t\t\t\t<div class=\"elementor-widget-container\">\n\t\t\t\t\t\t\t<ul class=\"elementor-icon-list-items\">\n\t\t\t\t\t\t\t<li class=\"elementor-icon-list-item\">\n\t\t\t\t\t\t\t\t\t\t\t<span class=\"elementor-icon-list-icon\">\n\t\t\t\t\t\t\t<i aria-hidden=\"true\" class=\"personas personas-personas\"><\/i>\t\t\t\t\t\t<\/span>\n\t\t\t\t\t\t\t\t\t\t<span class=\"elementor-icon-list-text\">Un apartat de <B>Pol\u00edtiques<\/b>, en qu\u00e8 s\u2019estableixen les estrat\u00e8gies i es defineixen les directrius i els objectius de la companyia relatius a la seguretat nuclear, la protecci\u00f3 radiol\u00f2gica i la gesti\u00f3 de residus.<\/span>\n\t\t\t\t\t\t\t\t\t<\/li>\n\t\t\t\t\t\t<\/ul>\n\t\t\t\t\t\t<\/div>\n\t\t\t\t<\/div>\n\t\t\t\t<\/div>\n\t\t<div class=\"elementor-element elementor-element-29eb0c4 e-con-full e-flex e-con e-child\" data-id=\"29eb0c4\" data-element_type=\"container\">\n\t\t\t\t<div class=\"elementor-element elementor-element-386e7c5 elementor-align-start elementor-icon-list--layout-traditional elementor-list-item-link-full_width elementor-widget elementor-widget-icon-list\" data-id=\"386e7c5\" data-element_type=\"widget\" data-widget_type=\"icon-list.default\">\n\t\t\t\t<div class=\"elementor-widget-container\">\n\t\t\t\t\t\t\t<ul class=\"elementor-icon-list-items\">\n\t\t\t\t\t\t\t<li class=\"elementor-icon-list-item\">\n\t\t\t\t\t\t\t\t\t\t\t<span class=\"elementor-icon-list-icon\">\n\t\t\t\t\t\t\t<i aria-hidden=\"true\" class=\"interfaz interfaz-ajustes\"><\/i>\t\t\t\t\t\t<\/span>\n\t\t\t\t\t\t\t\t\t\t<span class=\"elementor-icon-list-text\">Un apartat de <b>Sistemes de Gesti\u00f3<\/b>, en qu\u00e8 es descriuen els processos, les eines i les pr\u00e0ctiques que l\u2019organitzaci\u00f3 ha posat en marxa per donar compliment a les pol\u00edtiques.<\/span>\n\t\t\t\t\t\t\t\t\t<\/li>\n\t\t\t\t\t\t<\/ul>\n\t\t\t\t\t\t<\/div>\n\t\t\t\t<\/div>\n\t\t\t\t<\/div>\n\t\t<div class=\"elementor-element elementor-element-7fb9e8d e-con-full e-flex e-con e-child\" data-id=\"7fb9e8d\" data-element_type=\"container\">\n\t\t\t\t<div class=\"elementor-element elementor-element-7b2fa87 elementor-align-start elementor-icon-list--layout-traditional elementor-list-item-link-full_width elementor-widget elementor-widget-icon-list\" data-id=\"7b2fa87\" data-element_type=\"widget\" data-widget_type=\"icon-list.default\">\n\t\t\t\t<div class=\"elementor-widget-container\">\n\t\t\t\t\t\t\t<ul class=\"elementor-icon-list-items\">\n\t\t\t\t\t\t\t<li class=\"elementor-icon-list-item\">\n\t\t\t\t\t\t\t\t\t\t\t<span class=\"elementor-icon-list-icon\">\n\t\t\t\t\t\t\t<i aria-hidden=\"true\" class=\"graficas graficas-estadisticas2\"><\/i>\t\t\t\t\t\t<\/span>\n\t\t\t\t\t\t\t\t\t\t<span class=\"elementor-icon-list-text\">Un apartat de <b>Resultats<\/b>, en qu\u00e8 s\u2019inclouen una s\u00e8rie d\u2019indicadors de mesura de l\u2019efic\u00e0cia dels processos implantats, en relaci\u00f3 amb les metes establertes.<\/span>\n\t\t\t\t\t\t\t\t\t<\/li>\n\t\t\t\t\t\t<\/ul>\n\t\t\t\t\t\t<\/div>\n\t\t\t\t<\/div>\n\t\t\t\t<\/div>\n\t\t\t\t\t<\/div>\n\t\t\t\t<\/div>\n\t\t\t\t\t<\/div>\n\t\t\t\t<\/div>\n\t\t\t\t\t<\/div>\n\t\t\t\t<\/div>\n\t\t<div class=\"elementor-element elementor-element-93973c0 e-flex e-con-boxed e-con e-parent\" data-id=\"93973c0\" data-element_type=\"container\">\n\t\t\t\t\t<div class=\"e-con-inner\">\n\t\t\t\t<div class=\"elementor-element elementor-element-3430228 elementor-widget elementor-widget-spacer\" data-id=\"3430228\" data-element_type=\"widget\" data-widget_type=\"spacer.default\">\n\t\t\t\t<div class=\"elementor-widget-container\">\n\t\t\t\t\t\t\t<div class=\"elementor-spacer\">\n\t\t\t<div class=\"elementor-spacer-inner\"><\/div>\n\t\t<\/div>\n\t\t\t\t\t\t<\/div>\n\t\t\t\t<\/div>\n\t\t\t\t\t<\/div>\n\t\t\t\t<\/div>\n\t\t<div class=\"elementor-element elementor-element-b40c034 e-flex e-con-boxed e-con e-parent\" data-id=\"b40c034\" data-element_type=\"container\">\n\t\t\t\t\t<div class=\"e-con-inner\">\n\t\t<div class=\"elementor-element elementor-element-40ba9ba e-flex e-con-boxed e-con e-child\" data-id=\"40ba9ba\" data-element_type=\"container\">\n\t\t\t\t\t<div class=\"e-con-inner\">\n\t\t\t\t<div class=\"elementor-element elementor-element-de42e05 elementor-widget elementor-widget-heading\" data-id=\"de42e05\" data-element_type=\"widget\" data-widget_type=\"heading.default\">\n\t\t\t\t<div class=\"elementor-widget-container\">\n\t\t\t\t\t<h2 class=\"elementor-heading-title elementor-size-default\">Vegeu el document complet<\/h2>\t\t\t\t<\/div>\n\t\t\t\t<\/div>\n\t\t\t\t<div class=\"elementor-element elementor-element-ca81e4a has-icon elementor-widget elementor-widget-text-editor\" data-id=\"ca81e4a\" data-element_type=\"widget\" data-widget_type=\"text-editor.default\">\n\t\t\t\t<div class=\"elementor-widget-container\">\n\t\t\t\t\t\t\t\t\t<p><a href=\"https:\/\/stproportalcorporativo.blob.core.windows.net\/uploads\/2026\/03\/Criterios-de-gestion-de-activos-nucleares-2025.docx\" target=\"_blank\" rel=\"noopener\">Criteris de gesti\u00f3 dels actius nuclears (espanyol)<\/a><\/p><p><span class=\"file-title\"><a href=\"https:\/\/stproportalcorporativo.blob.core.windows.net\/uploads\/2026\/03\/Nuclear-asset-management-criteria-2025.docx\" target=\"_blank\" rel=\"noopener\">Criteris de gesti\u00f3 dels actius nuclears (angl\u00e8s)<\/a><\/span><\/p>\t\t\t\t\t\t\t\t<\/div>\n\t\t\t\t<\/div>\n\t\t\t\t\t<\/div>\n\t\t\t\t<\/div>\n\t\t<div class=\"elementor-element elementor-element-b9d38b5 e-flex e-con-boxed e-con e-child\" data-id=\"b9d38b5\" data-element_type=\"container\">\n\t\t\t\t\t<div class=\"e-con-inner\">\n\t\t\t\t<div class=\"elementor-element elementor-element-bb57ef9 elementor-widget elementor-widget-heading\" data-id=\"bb57ef9\" data-element_type=\"widget\" data-widget_type=\"heading.default\">\n\t\t\t\t<div class=\"elementor-widget-container\">\n\t\t\t\t\t<h2 class=\"elementor-heading-title elementor-size-default\">Enlla\u00e7os relacionats<\/h2>\t\t\t\t<\/div>\n\t\t\t\t<\/div>\n\t\t\t\t<div class=\"elementor-element elementor-element-f9858df has-icon elementor-widget elementor-widget-text-editor\" data-id=\"f9858df\" data-element_type=\"widget\" data-widget_type=\"text-editor.default\">\n\t\t\t\t<div class=\"elementor-widget-container\">\n\t\t\t\t\t\t\t\t\t<p><a href=\"https:\/\/www.cnat.es\/\" target=\"_blank\" rel=\"noopener\">Centrals nuclears Almaraz-Trillo<\/a><\/p>\t\t\t\t\t\t\t\t<\/div>\n\t\t\t\t<\/div>\n\t\t\t\t\t<\/div>\n\t\t\t\t<\/div>\n\t\t\t\t\t<\/div>\n\t\t\t\t<\/div>\n\t\t<div class=\"elementor-element elementor-element-c6b68b9 e-flex e-con-boxed e-con e-parent\" data-id=\"c6b68b9\" data-element_type=\"container\">\n\t\t\t\t\t<div class=\"e-con-inner\">\n\t\t\t\t<div class=\"elementor-element elementor-element-221fdc2 elementor-widget elementor-widget-spacer\" data-id=\"221fdc2\" data-element_type=\"widget\" data-widget_type=\"spacer.default\">\n\t\t\t\t<div class=\"elementor-widget-container\">\n\t\t\t\t\t\t\t<div class=\"elementor-spacer\">\n\t\t\t<div class=\"elementor-spacer-inner\"><\/div>\n\t\t<\/div>\n\t\t\t\t\t\t<\/div>\n\t\t\t\t<\/div>\n\t\t\t\t\t<\/div>\n\t\t\t\t<\/div>\n\t\t\t\t<\/div>\n\t\t","protected":false},"excerpt":{"rendered":"<p>En l\u2019acompliment del nostre comprom\u00eds amb la\u00a0transpar\u00e8ncia informativa, oferim als nostres grups d\u2019inter\u00e8s la informaci\u00f3 relacionada amb la gesti\u00f3 de les centrals nuclears en qu\u00e8 participem: Un apartat de Pol\u00edtiques, en qu\u00e8 s\u2019estableixen les estrat\u00e8gies i es defineixen les directrius i els objectius de la companyia relatius a la seguretat nuclear, la protecci\u00f3 radiol\u00f2gica i [&hellip;]<\/p>\n","protected":false},"author":5,"featured_media":0,"parent":39941,"menu_order":7,"comment_status":"closed","ping_status":"closed","template":"","meta":{"_acf_changed":false,"footnotes":""},"class_list":["post-39954","page","type-page","status-publish","hentry"],"acf":[],"_links":{"self":[{"href":"https:\/\/www.naturgy.com\/ca\/wp-json\/wp\/v2\/pages\/39954","targetHints":{"allow":["GET"]}}],"collection":[{"href":"https:\/\/www.naturgy.com\/ca\/wp-json\/wp\/v2\/pages"}],"about":[{"href":"https:\/\/www.naturgy.com\/ca\/wp-json\/wp\/v2\/types\/page"}],"author":[{"embeddable":true,"href":"https:\/\/www.naturgy.com\/ca\/wp-json\/wp\/v2\/users\/5"}],"replies":[{"embeddable":true,"href":"https:\/\/www.naturgy.com\/ca\/wp-json\/wp\/v2\/comments?post=39954"}],"version-history":[{"count":21,"href":"https:\/\/www.naturgy.com\/ca\/wp-json\/wp\/v2\/pages\/39954\/revisions"}],"predecessor-version":[{"id":142151,"href":"https:\/\/www.naturgy.com\/ca\/wp-json\/wp\/v2\/pages\/39954\/revisions\/142151"}],"up":[{"embeddable":true,"href":"https:\/\/www.naturgy.com\/ca\/wp-json\/wp\/v2\/pages\/39941"}],"wp:attachment":[{"href":"https:\/\/www.naturgy.com\/ca\/wp-json\/wp\/v2\/media?parent=39954"}],"curies":[{"name":"wp","href":"https:\/\/api.w.org\/{rel}","templated":true}]}}