{"id":39957,"date":"2023-02-10T10:51:51","date_gmt":"2023-02-10T09:51:51","guid":{"rendered":"https:\/\/www.naturgy.com\/policies-and-codes-of-conduct\/tax-strategy-and-tax-risk-management-and-control-policy\/"},"modified":"2026-02-25T16:05:14","modified_gmt":"2026-02-25T15:05:14","slug":"estrategia-fiscal-i-politica-de-control","status":"publish","type":"page","link":"https:\/\/www.naturgy.com\/ca\/coneix-nos-naturgy\/el-grup\/politiques-i-codis-de-conducta\/estrategia-fiscal-i-politica-de-control\/","title":{"rendered":"Estrat\u00e8gia fiscal i pol\u00edtica de control"},"content":{"rendered":"\t\t<div data-elementor-type=\"wp-page\" data-elementor-id=\"39957\" class=\"elementor elementor-39957 elementor-21714\" data-elementor-post-type=\"page\">\n\t\t\t\t<div class=\"elementor-element elementor-element-2a5cb66a e-flex e-con-boxed e-con e-parent\" data-id=\"2a5cb66a\" data-element_type=\"container\">\n\t\t\t\t\t<div class=\"e-con-inner\">\n\t\t<div class=\"elementor-element elementor-element-24ba8942 e-con-full e-flex e-con e-child\" data-id=\"24ba8942\" data-element_type=\"container\">\n\t\t\t\t<div class=\"elementor-element elementor-element-5a344a96 elementor-widget elementor-widget-shortcode\" data-id=\"5a344a96\" data-element_type=\"widget\" data-widget_type=\"shortcode.default\">\n\t\t\t\t<div class=\"elementor-widget-container\">\n\t\t\t\t\t\t\t<div class=\"elementor-shortcode\"><nav aria-label=\"breadcrumbs\" class=\"rank-math-breadcrumb\"><p><span class=\"last\">Inici<\/span><\/p><\/nav><\/div>\n\t\t\t\t\t\t<\/div>\n\t\t\t\t<\/div>\n\t\t\t\t<div class=\"elementor-element elementor-element-1415ba8d elementor-widget elementor-widget-heading\" data-id=\"1415ba8d\" data-element_type=\"widget\" data-widget_type=\"heading.default\">\n\t\t\t\t<div class=\"elementor-widget-container\">\n\t\t\t\t\t<h1 class=\"elementor-heading-title elementor-size-default\">Estrat\u00e8gia fiscal i pol\u00edtica de control<\/h1>\t\t\t\t<\/div>\n\t\t\t\t<\/div>\n\t\t\t\t<\/div>\n\t\t<div class=\"elementor-element elementor-element-5441609b e-con-full e-flex e-con e-child\" data-id=\"5441609b\" data-element_type=\"container\">\n\t\t\t\t<div class=\"elementor-element elementor-element-315ee8e8 elementor-widget elementor-widget-spacer\" data-id=\"315ee8e8\" data-element_type=\"widget\" data-widget_type=\"spacer.default\">\n\t\t\t\t<div class=\"elementor-widget-container\">\n\t\t\t\t\t\t\t<div class=\"elementor-spacer\">\n\t\t\t<div class=\"elementor-spacer-inner\"><\/div>\n\t\t<\/div>\n\t\t\t\t\t\t<\/div>\n\t\t\t\t<\/div>\n\t\t\t\t<\/div>\n\t\t\t\t\t<\/div>\n\t\t\t\t<\/div>\n\t\t<div class=\"elementor-element elementor-element-3637cf9d e-flex e-con-boxed e-con e-parent\" data-id=\"3637cf9d\" data-element_type=\"container\">\n\t\t\t\t\t<div class=\"e-con-inner\">\n\t\t\t\t<div class=\"elementor-element elementor-element-4e475951 elementor-widget elementor-widget-text-editor\" data-id=\"4e475951\" data-element_type=\"widget\" data-widget_type=\"text-editor.default\">\n\t\t\t\t<div class=\"elementor-widget-container\">\n\t\t\t\t\t\t\t\t\t<p>La\u00a0<strong>Llei de societats de capital\u00a0<\/strong>estableix que correspon al Consell d\u2019Administraci\u00f3, com a facultat indelegable, la determinaci\u00f3 de l\u2019estrat\u00e8gia fiscal i de la pol\u00edtica de control i gesti\u00f3 de riscos fiscals.<br \/><br \/>En aquest sentit, el Consell d\u2019Administraci\u00f3 de Naturgy Energy Group, S.A., va aprovar en la seva sessi\u00f3 del 9 de gener de 2018 el document\u00a0<strong>\u201cEstrat\u00e8gia fiscal i Pol\u00edtica de control i gesti\u00f3 de riscos fiscals\u201d<\/strong>, que t\u00e9 per\u00a0<strong>objectiu<\/strong>\u00a0establir les directrius fonamentals per les quals es regeixen l\u2019<strong>Estrat\u00e8gia i la Pol\u00edtica de control\u00a0<\/strong>i gesti\u00f3 dels riscos fiscals de totes les societats controlades de la companyia.<\/p>\t\t\t\t\t\t\t\t<\/div>\n\t\t\t\t<\/div>\n\t\t\t\t\t<\/div>\n\t\t\t\t<\/div>\n\t\t<div class=\"elementor-element elementor-element-14299d03 e-con-full e-flex e-con e-parent\" data-id=\"14299d03\" data-element_type=\"container\">\n\t\t\t\t<div class=\"elementor-element elementor-element-32fea6f8 elementor-widget elementor-widget-spacer\" data-id=\"32fea6f8\" data-element_type=\"widget\" data-widget_type=\"spacer.default\">\n\t\t\t\t<div class=\"elementor-widget-container\">\n\t\t\t\t\t\t\t<div class=\"elementor-spacer\">\n\t\t\t<div class=\"elementor-spacer-inner\"><\/div>\n\t\t<\/div>\n\t\t\t\t\t\t<\/div>\n\t\t\t\t<\/div>\n\t\t\t\t<\/div>\n\t\t<div class=\"elementor-element elementor-element-1a6bab8c e-flex e-con-boxed e-con e-parent\" data-id=\"1a6bab8c\" data-element_type=\"container\">\n\t\t\t\t\t<div class=\"e-con-inner\">\n\t\t\t\t<div class=\"elementor-element elementor-element-d79ec81 elementor-widget elementor-widget-heading\" data-id=\"d79ec81\" data-element_type=\"widget\" data-widget_type=\"heading.default\">\n\t\t\t\t<div class=\"elementor-widget-container\">\n\t\t\t\t\t<h2 class=\"elementor-heading-title elementor-size-default\">Vegeu el document complet<\/h2>\t\t\t\t<\/div>\n\t\t\t\t<\/div>\n\t\t\t\t<div class=\"elementor-element elementor-element-4760d4bc has-icon elementor-widget elementor-widget-text-editor\" data-id=\"4760d4bc\" data-element_type=\"widget\" data-widget_type=\"text-editor.default\">\n\t\t\t\t<div class=\"elementor-widget-container\">\n\t\t\t\t\t\t\t\t\t<p><a href=\"https:\/\/stproportalcorporativo.blob.core.windows.net\/uploads\/2026\/02\/Politica-Fiscalidad-Ed.1-Publica.pdf\" target=\"_blank\" rel=\"noopener\">Estrat\u00e8gia fiscal i Pol\u00edtica de control i gesti\u00f3 de riscos fiscals &#8211; Castell\u00e0<\/a><\/p>\t\t\t\t\t\t\t\t<\/div>\n\t\t\t\t<\/div>\n\t\t\t\t\t<\/div>\n\t\t\t\t<\/div>\n\t\t<div class=\"elementor-element elementor-element-269711e1 e-con-full e-flex e-con e-parent\" data-id=\"269711e1\" data-element_type=\"container\">\n\t\t\t\t<div class=\"elementor-element elementor-element-448af0d6 elementor-widget elementor-widget-spacer\" data-id=\"448af0d6\" data-element_type=\"widget\" data-widget_type=\"spacer.default\">\n\t\t\t\t<div class=\"elementor-widget-container\">\n\t\t\t\t\t\t\t<div class=\"elementor-spacer\">\n\t\t\t<div class=\"elementor-spacer-inner\"><\/div>\n\t\t<\/div>\n\t\t\t\t\t\t<\/div>\n\t\t\t\t<\/div>\n\t\t\t\t<\/div>\n\t\t\t\t<\/div>\n\t\t","protected":false},"excerpt":{"rendered":"<p>La\u00a0Llei de societats de capital\u00a0estableix que correspon al Consell d\u2019Administraci\u00f3, com a facultat indelegable, la determinaci\u00f3 de l\u2019estrat\u00e8gia fiscal i de la pol\u00edtica de control i gesti\u00f3 de riscos fiscals. En aquest sentit, el Consell d\u2019Administraci\u00f3 de Naturgy Energy Group, S.A., va aprovar en la seva sessi\u00f3 del 9 de gener de 2018 el document\u00a0\u201cEstrat\u00e8gia [&hellip;]<\/p>\n","protected":false},"author":5,"featured_media":0,"parent":39941,"menu_order":9,"comment_status":"closed","ping_status":"closed","template":"","meta":{"_acf_changed":false,"footnotes":""},"class_list":["post-39957","page","type-page","status-publish","hentry"],"acf":[],"_links":{"self":[{"href":"https:\/\/www.naturgy.com\/ca\/wp-json\/wp\/v2\/pages\/39957","targetHints":{"allow":["GET"]}}],"collection":[{"href":"https:\/\/www.naturgy.com\/ca\/wp-json\/wp\/v2\/pages"}],"about":[{"href":"https:\/\/www.naturgy.com\/ca\/wp-json\/wp\/v2\/types\/page"}],"author":[{"embeddable":true,"href":"https:\/\/www.naturgy.com\/ca\/wp-json\/wp\/v2\/users\/5"}],"replies":[{"embeddable":true,"href":"https:\/\/www.naturgy.com\/ca\/wp-json\/wp\/v2\/comments?post=39957"}],"version-history":[{"count":8,"href":"https:\/\/www.naturgy.com\/ca\/wp-json\/wp\/v2\/pages\/39957\/revisions"}],"predecessor-version":[{"id":139411,"href":"https:\/\/www.naturgy.com\/ca\/wp-json\/wp\/v2\/pages\/39957\/revisions\/139411"}],"up":[{"embeddable":true,"href":"https:\/\/www.naturgy.com\/ca\/wp-json\/wp\/v2\/pages\/39941"}],"wp:attachment":[{"href":"https:\/\/www.naturgy.com\/ca\/wp-json\/wp\/v2\/media?parent=39957"}],"curies":[{"name":"wp","href":"https:\/\/api.w.org\/{rel}","templated":true}]}}