{"id":40423,"date":"2023-01-20T15:26:17","date_gmt":"2023-01-20T14:26:17","guid":{"rendered":"https:\/\/www.naturgy.com\/corporate-responsibility\/sustainability-indexes\/"},"modified":"2026-03-19T12:29:25","modified_gmt":"2026-03-19T11:29:25","slug":"indexs-de-sostenibilitat","status":"publish","type":"page","link":"https:\/\/www.naturgy.com\/ca\/sostenibilitat\/responsabilitat-corporativa\/indexs-de-sostenibilitat\/","title":{"rendered":"\u00cdndexs de sostenibilitat"},"content":{"rendered":"\t\t<div data-elementor-type=\"wp-page\" data-elementor-id=\"40423\" class=\"elementor elementor-40423 elementor-12487\" data-elementor-post-type=\"page\">\n\t\t\t\t<div class=\"elementor-element elementor-element-13d957ad e-flex e-con-boxed e-con e-parent\" data-id=\"13d957ad\" data-element_type=\"container\">\n\t\t\t\t\t<div class=\"e-con-inner\">\n\t\t<div class=\"elementor-element elementor-element-1f47fc5a e-con-full e-flex e-con e-child\" data-id=\"1f47fc5a\" data-element_type=\"container\">\n\t\t\t\t<div class=\"elementor-element elementor-element-31bde990 elementor-widget elementor-widget-shortcode\" data-id=\"31bde990\" data-element_type=\"widget\" data-widget_type=\"shortcode.default\">\n\t\t\t\t<div class=\"elementor-widget-container\">\n\t\t\t\t\t\t\t<div class=\"elementor-shortcode\"><nav aria-label=\"breadcrumbs\" class=\"rank-math-breadcrumb\"><p><span class=\"last\">Inici<\/span><\/p><\/nav><\/div>\n\t\t\t\t\t\t<\/div>\n\t\t\t\t<\/div>\n\t\t\t\t<div class=\"elementor-element elementor-element-4c150348 elementor-widget elementor-widget-heading\" data-id=\"4c150348\" data-element_type=\"widget\" data-widget_type=\"heading.default\">\n\t\t\t\t<div class=\"elementor-widget-container\">\n\t\t\t\t\t<h1 class=\"elementor-heading-title elementor-size-default\">\u00cdndexs de sostenibilitat<\/h1>\t\t\t\t<\/div>\n\t\t\t\t<\/div>\n\t\t\t\t<\/div>\n\t\t<div class=\"elementor-element elementor-element-7449590e e-con-full e-flex e-con e-child\" data-id=\"7449590e\" data-element_type=\"container\">\n\t\t\t\t<div class=\"elementor-element elementor-element-2a78730d elementor-widget elementor-widget-spacer\" data-id=\"2a78730d\" data-element_type=\"widget\" data-widget_type=\"spacer.default\">\n\t\t\t\t<div class=\"elementor-widget-container\">\n\t\t\t\t\t\t\t<div class=\"elementor-spacer\">\n\t\t\t<div class=\"elementor-spacer-inner\"><\/div>\n\t\t<\/div>\n\t\t\t\t\t\t<\/div>\n\t\t\t\t<\/div>\n\t\t\t\t<\/div>\n\t\t\t\t\t<\/div>\n\t\t\t\t<\/div>\n\t\t<div class=\"elementor-element elementor-element-77ab406 e-flex e-con-boxed e-con e-parent\" data-id=\"77ab406\" data-element_type=\"container\">\n\t\t\t\t\t<div class=\"e-con-inner\">\n\t\t<div class=\"elementor-element elementor-element-ca0f771 e-flex e-con-boxed e-con e-child\" data-id=\"ca0f771\" data-element_type=\"container\">\n\t\t\t\t\t<div class=\"e-con-inner\">\n\t\t<div class=\"elementor-element elementor-element-256ba93 e-con-full e-flex e-con e-child\" data-id=\"256ba93\" data-element_type=\"container\">\n\t\t\t\t<div class=\"elementor-element elementor-element-317aa9b elementor-widget elementor-widget-text-editor\" data-id=\"317aa9b\" data-element_type=\"widget\" data-widget_type=\"text-editor.default\">\n\t\t\t\t<div class=\"elementor-widget-container\">\n\t\t\t\t\t\t\t\t\t<div class=\"col-sm-6\"><div class=\"generic__ckeditor\"><strong>La nostra pres\u00e8ncia en aquests \u00edndexs<\/strong>\u00a0destaca l&#8217;esfor\u00e7 en mat\u00e8ria de responsabilitat corporativa i transpar\u00e8ncia informativa i implica un reconeixement extern de la bona evoluci\u00f3 de les nostres actuacions en aquesta mat\u00e8ria.<\/div><\/div><div class=\"col-sm-6\"><div class=\"generic__img\">\u00a0<\/div><\/div>\t\t\t\t\t\t\t\t<\/div>\n\t\t\t\t<\/div>\n\t\t\t\t<\/div>\n\t\t\t\t\t<\/div>\n\t\t\t\t<\/div>\n\t\t<div class=\"elementor-element elementor-element-a2befd6 e-flex e-con-boxed e-con e-child\" data-id=\"a2befd6\" data-element_type=\"container\">\n\t\t\t\t\t<div class=\"e-con-inner\">\n\t\t\t\t<div class=\"elementor-element elementor-element-50e0738 elementor-widget elementor-widget-image\" data-id=\"50e0738\" data-element_type=\"widget\" data-widget_type=\"image.default\">\n\t\t\t\t<div class=\"elementor-widget-container\">\n\t\t\t\t\t\t\t\t\t\t\t\t\t\t\t<img fetchpriority=\"high\" decoding=\"async\" width=\"564\" height=\"448\" src=\"https:\/\/www.naturgy.com\/\/app\/uploads\/2023\/04\/indices_sostenibilidad.png\" class=\"attachment-large size-large wp-image-60732\" alt=\"\" srcset=\"https:\/\/www.naturgy.com\/\/app\/uploads\/2023\/04\/indices_sostenibilidad.png 564w, https:\/\/www.naturgy.com\/\/app\/uploads\/2023\/04\/indices_sostenibilidad-300x238.png 300w\" sizes=\"(max-width: 564px) 100vw, 564px\" \/>\t\t\t\t\t\t\t\t\t\t\t\t\t\t\t<\/div>\n\t\t\t\t<\/div>\n\t\t\t\t\t<\/div>\n\t\t\t\t<\/div>\n\t\t\t\t\t<\/div>\n\t\t\t\t<\/div>\n\t\t<div class=\"elementor-element elementor-element-db3f463 e-con-full e-flex e-con e-parent\" data-id=\"db3f463\" data-element_type=\"container\">\n\t\t\t\t<div class=\"elementor-element elementor-element-316ae0f elementor-widget elementor-widget-spacer\" data-id=\"316ae0f\" data-element_type=\"widget\" data-widget_type=\"spacer.default\">\n\t\t\t\t<div class=\"elementor-widget-container\">\n\t\t\t\t\t\t\t<div class=\"elementor-spacer\">\n\t\t\t<div class=\"elementor-spacer-inner\"><\/div>\n\t\t<\/div>\n\t\t\t\t\t\t<\/div>\n\t\t\t\t<\/div>\n\t\t\t\t<\/div>\n\t\t<div class=\"elementor-element elementor-element-2b5a5bf grid col-3 e-flex e-con-boxed e-con e-parent\" data-id=\"2b5a5bf\" data-element_type=\"container\">\n\t\t\t\t\t<div class=\"e-con-inner\">\n\t\t<div class=\"elementor-element elementor-element-c9a5540 e-con-full e-flex e-con e-child\" data-id=\"c9a5540\" data-element_type=\"container\">\n\t\t\t\t<div class=\"elementor-element elementor-element-9c9dc2f elementor-widget elementor-widget-image\" data-id=\"9c9dc2f\" data-element_type=\"widget\" data-widget_type=\"image.default\">\n\t\t\t\t<div class=\"elementor-widget-container\">\n\t\t\t\t\t\t\t\t\t\t\t\t\t\t\t<img decoding=\"async\" width=\"365\" height=\"244\" src=\"https:\/\/www.naturgy.com\/\/app\/uploads\/2023\/04\/Logo_FTS4Good.png\" class=\"attachment-medium_large size-medium_large wp-image-60736\" alt=\"\" srcset=\"https:\/\/www.naturgy.com\/\/app\/uploads\/2023\/04\/Logo_FTS4Good.png 365w, https:\/\/www.naturgy.com\/\/app\/uploads\/2023\/04\/Logo_FTS4Good-300x201.png 300w\" sizes=\"(max-width: 365px) 100vw, 365px\" \/>\t\t\t\t\t\t\t\t\t\t\t\t\t\t\t<\/div>\n\t\t\t\t<\/div>\n\t\t\t\t<div class=\"elementor-element elementor-element-12b2a28 elementor-widget elementor-widget-heading\" data-id=\"12b2a28\" data-element_type=\"widget\" data-widget_type=\"heading.default\">\n\t\t\t\t<div class=\"elementor-widget-container\">\n\t\t\t\t\t<div class=\"elementor-heading-title elementor-size-default\"><b>FTSE4Good<\/b><\/div>\t\t\t\t<\/div>\n\t\t\t\t<\/div>\n\t\t\t\t<div class=\"elementor-element elementor-element-4d0b498 elementor-widget elementor-widget-heading\" data-id=\"4d0b498\" data-element_type=\"widget\" data-widget_type=\"heading.default\">\n\t\t\t\t<div class=\"elementor-widget-container\">\n\t\t\t\t\t<div class=\"elementor-heading-title elementor-size-default\"> Any d'inclusi\u00f3: 2001<\/div>\t\t\t\t<\/div>\n\t\t\t\t<\/div>\n\t\t\t\t<div class=\"elementor-element elementor-element-6e55ac6 elementor-widget elementor-widget-text-editor\" data-id=\"6e55ac6\" data-element_type=\"widget\" data-widget_type=\"text-editor.default\">\n\t\t\t\t<div class=\"elementor-widget-container\">\n\t\t\t\t\t\t\t\t\t<p>Renovaci\u00f3 del lideratge entre les empreses m\u00e9s sostenibles del sector <em>Utilities<\/em><\/p>\t\t\t\t\t\t\t\t<\/div>\n\t\t\t\t<\/div>\n\t\t\t\t<\/div>\n\t\t<div class=\"elementor-element elementor-element-006e05c e-con-full elementor-hidden-desktop elementor-hidden-tablet elementor-hidden-mobile e-flex e-con e-child\" data-id=\"006e05c\" data-element_type=\"container\">\n\t\t\t\t<div class=\"elementor-element elementor-element-377e7d0 elementor-widget elementor-widget-image\" data-id=\"377e7d0\" data-element_type=\"widget\" data-widget_type=\"image.default\">\n\t\t\t\t<div class=\"elementor-widget-container\">\n\t\t\t\t\t\t\t\t\t\t\t\t\t\t\t<img decoding=\"async\" width=\"500\" height=\"336\" src=\"https:\/\/www.naturgy.com\/\/app\/uploads\/2023\/03\/logoeuronext.png\" class=\"attachment-medium_large size-medium_large wp-image-120096\" alt=\"\" srcset=\"https:\/\/www.naturgy.com\/\/app\/uploads\/2023\/03\/logoeuronext.png 500w, https:\/\/www.naturgy.com\/\/app\/uploads\/2023\/03\/logoeuronext-300x202.png 300w\" sizes=\"(max-width: 500px) 100vw, 500px\" \/>\t\t\t\t\t\t\t\t\t\t\t\t\t\t\t<\/div>\n\t\t\t\t<\/div>\n\t\t\t\t<div class=\"elementor-element elementor-element-a235832 elementor-widget elementor-widget-heading\" data-id=\"a235832\" data-element_type=\"widget\" data-widget_type=\"heading.default\">\n\t\t\t\t<div class=\"elementor-widget-container\">\n\t\t\t\t\t<div class=\"elementor-heading-title elementor-size-default\">Euronext \n<\/div>\t\t\t\t<\/div>\n\t\t\t\t<\/div>\n\t\t\t\t<div class=\"elementor-element elementor-element-dfcc709 elementor-widget elementor-widget-heading\" data-id=\"dfcc709\" data-element_type=\"widget\" data-widget_type=\"heading.default\">\n\t\t\t\t<div class=\"elementor-widget-container\">\n\t\t\t\t\t<div class=\"elementor-heading-title elementor-size-default\">Any d'inclusi\u00f3: 2013<\/div>\t\t\t\t<\/div>\n\t\t\t\t<\/div>\n\t\t\t\t<div class=\"elementor-element elementor-element-6f06ba2 elementor-widget elementor-widget-text-editor\" data-id=\"6f06ba2\" data-element_type=\"widget\" data-widget_type=\"text-editor.default\">\n\t\t\t\t<div class=\"elementor-widget-container\">\n\t\t\t\t\t\t\t\t\t<p>Formem part de l&#8217;\u00edndex Euronext\u00a0Sustainable\u00a0Europe\u00a0120, a partir de l&#8217;avaluaci\u00f3 realitzada per Moody\u2019s cada dos anys.<\/p>\t\t\t\t\t\t\t\t<\/div>\n\t\t\t\t<\/div>\n\t\t\t\t<\/div>\n\t\t<div class=\"elementor-element elementor-element-082dc57 e-con-full e-flex e-con e-child\" data-id=\"082dc57\" data-element_type=\"container\">\n\t\t\t\t<div class=\"elementor-element elementor-element-555f246 elementor-widget elementor-widget-image\" data-id=\"555f246\" data-element_type=\"widget\" data-widget_type=\"image.default\">\n\t\t\t\t<div class=\"elementor-widget-container\">\n\t\t\t\t\t\t\t\t\t\t\t\t\t\t\t<img loading=\"lazy\" decoding=\"async\" width=\"600\" height=\"400\" src=\"https:\/\/www.naturgy.com\/\/app\/uploads\/2023\/03\/Rated.png\" class=\"attachment-medium_large size-medium_large wp-image-100271\" alt=\"\" srcset=\"https:\/\/www.naturgy.com\/\/app\/uploads\/2023\/03\/Rated.png 600w, https:\/\/www.naturgy.com\/\/app\/uploads\/2023\/03\/Rated-300x200.png 300w\" sizes=\"(max-width: 600px) 100vw, 600px\" \/>\t\t\t\t\t\t\t\t\t\t\t\t\t\t\t<\/div>\n\t\t\t\t<\/div>\n\t\t\t\t<div class=\"elementor-element elementor-element-691b7a6 elementor-widget elementor-widget-heading\" data-id=\"691b7a6\" data-element_type=\"widget\" data-widget_type=\"heading.default\">\n\t\t\t\t<div class=\"elementor-widget-container\">\n\t\t\t\t\t<div class=\"elementor-heading-title elementor-size-default\"><b>Sustainalytics ESG Rating<\/b><\/div>\t\t\t\t<\/div>\n\t\t\t\t<\/div>\n\t\t\t\t<div class=\"elementor-element elementor-element-b0107f1 elementor-widget elementor-widget-heading\" data-id=\"b0107f1\" data-element_type=\"widget\" data-widget_type=\"heading.default\">\n\t\t\t\t<div class=\"elementor-widget-container\">\n\t\t\t\t\t<div class=\"elementor-heading-title elementor-size-default\">Any d'inclusi\u00f3: 2017\n<\/div>\t\t\t\t<\/div>\n\t\t\t\t<\/div>\n\t\t\t\t<div class=\"elementor-element elementor-element-bbec06e elementor-widget elementor-widget-text-editor\" data-id=\"bbec06e\" data-element_type=\"widget\" data-widget_type=\"text-editor.default\">\n\t\t\t\t<div class=\"elementor-widget-container\">\n\t\t\t\t\t\t\t\t\t<p>Presentem un perfil de risc mitj\u00e0 enfront de les 706 <em>utilities<\/em> avaluades.<\/p>\t\t\t\t\t\t\t\t<\/div>\n\t\t\t\t<\/div>\n\t\t\t\t<\/div>\n\t\t<div class=\"elementor-element elementor-element-28333f7 e-con-full e-flex e-con e-child\" data-id=\"28333f7\" data-element_type=\"container\">\n\t\t\t\t<div class=\"elementor-element elementor-element-a63b3bf elementor-widget elementor-widget-image\" data-id=\"a63b3bf\" data-element_type=\"widget\" data-widget_type=\"image.default\">\n\t\t\t\t<div class=\"elementor-widget-container\">\n\t\t\t\t\t\t\t\t\t\t\t\t\t\t\t<img loading=\"lazy\" decoding=\"async\" width=\"365\" height=\"244\" src=\"https:\/\/www.naturgy.com\/\/app\/uploads\/2023\/04\/Logo_ISS_ESG.png\" class=\"attachment-medium_large size-medium_large wp-image-60756\" alt=\"\" srcset=\"https:\/\/www.naturgy.com\/\/app\/uploads\/2023\/04\/Logo_ISS_ESG.png 365w, https:\/\/www.naturgy.com\/\/app\/uploads\/2023\/04\/Logo_ISS_ESG-300x201.png 300w\" sizes=\"(max-width: 365px) 100vw, 365px\" \/>\t\t\t\t\t\t\t\t\t\t\t\t\t\t\t<\/div>\n\t\t\t\t<\/div>\n\t\t\t\t<div class=\"elementor-element elementor-element-5eeaa1a elementor-widget elementor-widget-heading\" data-id=\"5eeaa1a\" data-element_type=\"widget\" data-widget_type=\"heading.default\">\n\t\t\t\t<div class=\"elementor-widget-container\">\n\t\t\t\t\t<div class=\"elementor-heading-title elementor-size-default\"><b>ISS ESG Rating\n<\/b><\/div>\t\t\t\t<\/div>\n\t\t\t\t<\/div>\n\t\t\t\t<div class=\"elementor-element elementor-element-4001ad7 elementor-widget elementor-widget-heading\" data-id=\"4001ad7\" data-element_type=\"widget\" data-widget_type=\"heading.default\">\n\t\t\t\t<div class=\"elementor-widget-container\">\n\t\t\t\t\t<div class=\"elementor-heading-title elementor-size-default\"> Any d'inclusi\u00f3: 2014\n<\/div>\t\t\t\t<\/div>\n\t\t\t\t<\/div>\n\t\t\t\t<div class=\"elementor-element elementor-element-066b323 elementor-widget elementor-widget-text-editor\" data-id=\"066b323\" data-element_type=\"widget\" data-widget_type=\"text-editor.default\">\n\t\t\t\t<div class=\"elementor-widget-container\">\n\t\t\t\t\t\t\t\t\t<p>Ens mantenim dins del 10% d\u2019empreses del sector amb millor valoraci\u00f3<\/p>\t\t\t\t\t\t\t\t<\/div>\n\t\t\t\t<\/div>\n\t\t\t\t<\/div>\n\t\t<div class=\"elementor-element elementor-element-96d060f e-con-full e-flex e-con e-child\" data-id=\"96d060f\" data-element_type=\"container\">\n\t\t\t\t<div class=\"elementor-element elementor-element-b936250 elementor-widget elementor-widget-image\" data-id=\"b936250\" data-element_type=\"widget\" data-widget_type=\"image.default\">\n\t\t\t\t<div class=\"elementor-widget-container\">\n\t\t\t\t\t\t\t\t\t\t\t\t\t\t\t<img loading=\"lazy\" decoding=\"async\" width=\"365\" height=\"244\" src=\"https:\/\/www.naturgy.com\/\/app\/uploads\/2023\/03\/evadis_2025.png\" class=\"attachment-medium_large size-medium_large wp-image-141329\" alt=\"\" srcset=\"https:\/\/www.naturgy.com\/\/app\/uploads\/2023\/03\/evadis_2025.png 365w, https:\/\/www.naturgy.com\/\/app\/uploads\/2023\/03\/evadis_2025-300x201.png 300w\" sizes=\"(max-width: 365px) 100vw, 365px\" \/>\t\t\t\t\t\t\t\t\t\t\t\t\t\t\t<\/div>\n\t\t\t\t<\/div>\n\t\t\t\t<div class=\"elementor-element elementor-element-ab29450 elementor-widget elementor-widget-heading\" data-id=\"ab29450\" data-element_type=\"widget\" data-widget_type=\"heading.default\">\n\t\t\t\t<div class=\"elementor-widget-container\">\n\t\t\t\t\t<div class=\"elementor-heading-title elementor-size-default\"><b>Ecovadis<\/b><\/div>\t\t\t\t<\/div>\n\t\t\t\t<\/div>\n\t\t\t\t<div class=\"elementor-element elementor-element-cc1cc1b elementor-widget elementor-widget-text-editor\" data-id=\"cc1cc1b\" data-element_type=\"widget\" data-widget_type=\"text-editor.default\">\n\t\t\t\t<div class=\"elementor-widget-container\">\n\t\t\t\t\t\t\t\t\t<p>Aquest prove\u00efdor mundial de qualificaci\u00f3 de sostenibilitat empresarial ha valorat amb la medalla d&#8217;or el nostre acompliment en mat\u00e8ria social, mediambiental i de bon govern<\/p>\t\t\t\t\t\t\t\t<\/div>\n\t\t\t\t<\/div>\n\t\t\t\t<\/div>\n\t\t\t\t\t<\/div>\n\t\t\t\t<\/div>\n\t\t<div class=\"elementor-element elementor-element-0d9a896 e-con-full e-flex e-con e-parent\" data-id=\"0d9a896\" data-element_type=\"container\">\n\t\t\t\t<div class=\"elementor-element elementor-element-5925f9d elementor-widget elementor-widget-spacer\" data-id=\"5925f9d\" data-element_type=\"widget\" data-widget_type=\"spacer.default\">\n\t\t\t\t<div class=\"elementor-widget-container\">\n\t\t\t\t\t\t\t<div class=\"elementor-spacer\">\n\t\t\t<div class=\"elementor-spacer-inner\"><\/div>\n\t\t<\/div>\n\t\t\t\t\t\t<\/div>\n\t\t\t\t<\/div>\n\t\t\t\t<\/div>\n\t\t<div class=\"elementor-element elementor-element-aa36856 grid col-3 e-flex e-con-boxed e-con e-parent\" data-id=\"aa36856\" data-element_type=\"container\">\n\t\t\t\t\t<div class=\"e-con-inner\">\n\t\t<div class=\"elementor-element elementor-element-a39d178 e-con-full elementor-hidden-desktop elementor-hidden-tablet elementor-hidden-mobile e-flex e-con e-child\" data-id=\"a39d178\" data-element_type=\"container\">\n\t\t\t\t<div class=\"elementor-element elementor-element-56aa3c7 elementor-widget elementor-widget-image\" data-id=\"56aa3c7\" data-element_type=\"widget\" data-widget_type=\"image.default\">\n\t\t\t\t<div class=\"elementor-widget-container\">\n\t\t\t\t\t\t\t\t\t\t\t\t\t\t\t<img loading=\"lazy\" decoding=\"async\" width=\"600\" height=\"400\" src=\"https:\/\/www.naturgy.com\/\/app\/uploads\/2023\/03\/SP-Global-Corporate-Sustainability-Assesment.png\" class=\"attachment-medium_large size-medium_large wp-image-102574\" alt=\"\" srcset=\"https:\/\/www.naturgy.com\/\/app\/uploads\/2023\/03\/SP-Global-Corporate-Sustainability-Assesment.png 600w, https:\/\/www.naturgy.com\/\/app\/uploads\/2023\/03\/SP-Global-Corporate-Sustainability-Assesment-300x200.png 300w\" sizes=\"(max-width: 600px) 100vw, 600px\" \/>\t\t\t\t\t\t\t\t\t\t\t\t\t\t\t<\/div>\n\t\t\t\t<\/div>\n\t\t\t\t<div class=\"elementor-element elementor-element-b508f68 elementor-widget elementor-widget-heading\" data-id=\"b508f68\" data-element_type=\"widget\" data-widget_type=\"heading.default\">\n\t\t\t\t<div class=\"elementor-widget-container\">\n\t\t\t\t\t<div class=\"elementor-heading-title elementor-size-default\"><b>S&amp;P Global<\/b><\/div>\t\t\t\t<\/div>\n\t\t\t\t<\/div>\n\t\t\t\t<div class=\"elementor-element elementor-element-e761dc0 elementor-widget elementor-widget-heading\" data-id=\"e761dc0\" data-element_type=\"widget\" data-widget_type=\"heading.default\">\n\t\t\t\t<div class=\"elementor-widget-container\">\n\t\t\t\t\t<div class=\"elementor-heading-title elementor-size-default\"> Any d'inclusi\u00f3: 2004<\/div>\t\t\t\t<\/div>\n\t\t\t\t<\/div>\n\t\t\t\t<div class=\"elementor-element elementor-element-bdc2d9d elementor-widget elementor-widget-text-editor\" data-id=\"bdc2d9d\" data-element_type=\"widget\" data-widget_type=\"text-editor.default\">\n\t\t\t\t<div class=\"elementor-widget-container\">\n\t\t\t\t\t\t\t\t\t<p>Situa la companyia entre el 10% amb millor puntuaci\u00f3 en el Sustainability Yearbook 2024, segons l\u2019avaluaci\u00f3 de sostenibilitat que l\u2019ag\u00e8ncia va dur a terme l\u2019any 2023.<\/p>\t\t\t\t\t\t\t\t<\/div>\n\t\t\t\t<\/div>\n\t\t\t\t<\/div>\n\t\t<div class=\"elementor-element elementor-element-fdf3218 e-con-full elementor-hidden-desktop elementor-hidden-tablet elementor-hidden-mobile e-flex e-con e-child\" data-id=\"fdf3218\" data-element_type=\"container\">\n\t\t\t\t<div class=\"elementor-element elementor-element-a2b78dc elementor-widget elementor-widget-image\" data-id=\"a2b78dc\" data-element_type=\"widget\" data-widget_type=\"image.default\">\n\t\t\t\t<div class=\"elementor-widget-container\">\n\t\t\t\t\t\t\t\t\t\t\t\t\t\t\t<img loading=\"lazy\" decoding=\"async\" width=\"600\" height=\"400\" src=\"https:\/\/www.naturgy.com\/\/app\/uploads\/2023\/03\/Moodys.png\" class=\"attachment-medium_large size-medium_large wp-image-100275\" alt=\"\" srcset=\"https:\/\/www.naturgy.com\/\/app\/uploads\/2023\/03\/Moodys.png 600w, https:\/\/www.naturgy.com\/\/app\/uploads\/2023\/03\/Moodys-300x200.png 300w\" sizes=\"(max-width: 600px) 100vw, 600px\" \/>\t\t\t\t\t\t\t\t\t\t\t\t\t\t\t<\/div>\n\t\t\t\t<\/div>\n\t\t\t\t<div class=\"elementor-element elementor-element-3bee8ac elementor-widget elementor-widget-heading\" data-id=\"3bee8ac\" data-element_type=\"widget\" data-widget_type=\"heading.default\">\n\t\t\t\t<div class=\"elementor-widget-container\">\n\t\t\t\t\t<div class=\"elementor-heading-title elementor-size-default\"><b>Moody\u2019s ESG solution<\/b><\/div>\t\t\t\t<\/div>\n\t\t\t\t<\/div>\n\t\t\t\t<div class=\"elementor-element elementor-element-747a5d5 elementor-widget elementor-widget-text-editor\" data-id=\"747a5d5\" data-element_type=\"widget\" data-widget_type=\"text-editor.default\">\n\t\t\t\t<div class=\"elementor-widget-container\">\n\t\t\t\t\t\t\t\t\t<p>Ens atorga una puntuaci\u00f3 de 60 punts sobre un m\u00e0xim de 100, de manera que som en una categoria avan\u00e7ada d\u2019acompliment.<\/p>\t\t\t\t\t\t\t\t<\/div>\n\t\t\t\t<\/div>\n\t\t\t\t<\/div>\n\t\t\t\t\t<\/div>\n\t\t\t\t<\/div>\n\t\t<div class=\"elementor-element elementor-element-549e7ba e-con-full e-flex e-con e-parent\" data-id=\"549e7ba\" data-element_type=\"container\">\n\t\t\t\t<div class=\"elementor-element elementor-element-208d1a9 elementor-widget elementor-widget-spacer\" data-id=\"208d1a9\" data-element_type=\"widget\" data-widget_type=\"spacer.default\">\n\t\t\t\t<div class=\"elementor-widget-container\">\n\t\t\t\t\t\t\t<div class=\"elementor-spacer\">\n\t\t\t<div class=\"elementor-spacer-inner\"><\/div>\n\t\t<\/div>\n\t\t\t\t\t\t<\/div>\n\t\t\t\t<\/div>\n\t\t\t\t<\/div>\n\t\t\t\t<\/div>\n\t\t","protected":false},"excerpt":{"rendered":"<p>La nostra pres\u00e8ncia en aquests \u00edndexs\u00a0destaca l&#8217;esfor\u00e7 en mat\u00e8ria de responsabilitat corporativa i transpar\u00e8ncia informativa i implica un reconeixement extern de la bona evoluci\u00f3 de les nostres actuacions en aquesta mat\u00e8ria.\u00a0 FTSE4Good Any d&#8217;inclusi\u00f3: 2001 Renovaci\u00f3 del lideratge entre les empreses m\u00e9s sostenibles del sector Utilities Euronext Any d&#8217;inclusi\u00f3: 2013 Formem part de l&#8217;\u00edndex Euronext\u00a0Sustainable\u00a0Europe\u00a0120, [&hellip;]<\/p>\n","protected":false},"author":5,"featured_media":0,"parent":39948,"menu_order":2,"comment_status":"closed","ping_status":"closed","template":"","meta":{"_acf_changed":false,"footnotes":""},"class_list":["post-40423","page","type-page","status-publish","hentry"],"acf":[],"_links":{"self":[{"href":"https:\/\/www.naturgy.com\/ca\/wp-json\/wp\/v2\/pages\/40423","targetHints":{"allow":["GET"]}}],"collection":[{"href":"https:\/\/www.naturgy.com\/ca\/wp-json\/wp\/v2\/pages"}],"about":[{"href":"https:\/\/www.naturgy.com\/ca\/wp-json\/wp\/v2\/types\/page"}],"author":[{"embeddable":true,"href":"https:\/\/www.naturgy.com\/ca\/wp-json\/wp\/v2\/users\/5"}],"replies":[{"embeddable":true,"href":"https:\/\/www.naturgy.com\/ca\/wp-json\/wp\/v2\/comments?post=40423"}],"version-history":[{"count":30,"href":"https:\/\/www.naturgy.com\/ca\/wp-json\/wp\/v2\/pages\/40423\/revisions"}],"predecessor-version":[{"id":141547,"href":"https:\/\/www.naturgy.com\/ca\/wp-json\/wp\/v2\/pages\/40423\/revisions\/141547"}],"up":[{"embeddable":true,"href":"https:\/\/www.naturgy.com\/ca\/wp-json\/wp\/v2\/pages\/39948"}],"wp:attachment":[{"href":"https:\/\/www.naturgy.com\/ca\/wp-json\/wp\/v2\/media?parent=40423"}],"curies":[{"name":"wp","href":"https:\/\/api.w.org\/{rel}","templated":true}]}}