{"id":40634,"date":"2023-02-17T10:58:45","date_gmt":"2023-02-17T09:58:45","guid":{"rendered":"https:\/\/www.naturgy.com\/accesibilidad\/"},"modified":"2023-04-05T09:52:37","modified_gmt":"2023-04-05T07:52:37","slug":"accesibilitat","status":"publish","type":"page","link":"https:\/\/www.naturgy.com\/ca\/accesibilitat\/","title":{"rendered":"Accesibilitat"},"content":{"rendered":"\t\t<div data-elementor-type=\"wp-page\" data-elementor-id=\"40634\" class=\"elementor elementor-40634 elementor-27040\" data-elementor-post-type=\"page\">\n\t\t\t\t<div class=\"elementor-element elementor-element-7510fac9 e-flex e-con-boxed e-con e-parent\" data-id=\"7510fac9\" data-element_type=\"container\">\n\t\t\t\t\t<div class=\"e-con-inner\">\n\t\t<div class=\"elementor-element elementor-element-5b2fee28 e-con-full e-flex e-con e-parent\" data-id=\"5b2fee28\" data-element_type=\"container\">\n\t\t\t\t<div class=\"elementor-element elementor-element-78cda18d elementor-widget elementor-widget-shortcode\" data-id=\"78cda18d\" data-element_type=\"widget\" data-widget_type=\"shortcode.default\">\n\t\t\t\t<div class=\"elementor-widget-container\">\n\t\t\t\t\t\t\t<div class=\"elementor-shortcode\"><nav aria-label=\"breadcrumbs\" class=\"rank-math-breadcrumb\"><p><span class=\"last\">Inici<\/span><\/p><\/nav><\/div>\n\t\t\t\t\t\t<\/div>\n\t\t\t\t<\/div>\n\t\t\t\t<div class=\"elementor-element elementor-element-4afec274 elementor-widget elementor-widget-heading\" data-id=\"4afec274\" data-element_type=\"widget\" data-widget_type=\"heading.default\">\n\t\t\t\t<div class=\"elementor-widget-container\">\n\t\t\t\t\t<h1 class=\"elementor-heading-title elementor-size-default\">Accesibilitat<\/h1>\t\t\t\t<\/div>\n\t\t\t\t<\/div>\n\t\t\t\t<\/div>\n\t\t<div class=\"elementor-element elementor-element-22e80b12 e-con-full e-flex e-con e-parent\" data-id=\"22e80b12\" data-element_type=\"container\">\n\t\t\t\t<div class=\"elementor-element elementor-element-2b6ddeb4 elementor-widget elementor-widget-spacer\" data-id=\"2b6ddeb4\" data-element_type=\"widget\" data-widget_type=\"spacer.default\">\n\t\t\t\t<div class=\"elementor-widget-container\">\n\t\t\t\t\t\t\t<div class=\"elementor-spacer\">\n\t\t\t<div class=\"elementor-spacer-inner\"><\/div>\n\t\t<\/div>\n\t\t\t\t\t\t<\/div>\n\t\t\t\t<\/div>\n\t\t\t\t<\/div>\n\t\t\t\t\t<\/div>\n\t\t\t\t<\/div>\n\t\t<div class=\"elementor-element elementor-element-69e39f8 e-flex e-con-boxed e-con e-parent\" data-id=\"69e39f8\" data-element_type=\"container\">\n\t\t\t\t\t<div class=\"e-con-inner\">\n\t\t\t\t<div class=\"elementor-element elementor-element-d244c87 elementor-widget elementor-widget-text-editor\" data-id=\"d244c87\" data-element_type=\"widget\" data-widget_type=\"text-editor.default\">\n\t\t\t\t<div class=\"elementor-widget-container\">\n\t\t\t\t\t\t\t\t\t<p>El web corporatiu de Naturgy\u00a0t\u00e9 com a prioritat l\u2019acostament a l\u2019usuari des de totes les perspectives, de manera que s\u2019ha realitzat un\u00a0<strong>disseny que permet\u00a0percebre, entendre, navegar i interactuar amb el web<\/strong>.<\/p><ul><li>El proc\u00e9s de conceptualitzaci\u00f3 i disseny ha tingut en compte la metodologia anomenada <strong>disseny centrat en l\u2019usuari<\/strong>, i ha estat validat amb usuaris finals a trav\u00e9s de proves d\u2019assaig real.<\/li><\/ul><p>\u00a0<\/p><ul><li>S\u2019ha procurat l\u2019<strong>acc\u00e9s de totes les persones<\/strong>, independentment de les seves condicions tant d\u2019entorn (soroll, navegadors antics, connexions lentes\u2026), com f\u00edsiques (defici\u00e8ncies visuals, auditives, motrius, de llenguatge o relacionades amb l\u2019envelliment).<\/li><\/ul><p>\u00a0<\/p><ul><li>Tecnol\u00f2gicament, s\u2019ha desenvolupat garantint el compliment de les <strong>normes UNE i del W3C<\/strong> (World Wide Web Consortium), en el seu nivell intermedi (AA).<\/li><\/ul><p>\u00a0<\/p><ul><li>La capa de presentaci\u00f3 s\u2019ha basat en les <strong>recomanacions del W3C<\/strong> sobre els fulls d\u2019estil en cascada, Nivell 2 (CSS2), i s\u2019ha emprat l\u2019est\u00e0ndard recomanat en l\u2019\u00fas de codi HTML; per tant, seguint les recomanacions, utilitzem XHTML 1.0 Strict.<\/li><\/ul>\t\t\t\t\t\t\t\t<\/div>\n\t\t\t\t<\/div>\n\t\t<div class=\"elementor-element elementor-element-d1e5f0d e-con-full e-flex e-con e-parent\" data-id=\"d1e5f0d\" data-element_type=\"container\">\n\t\t\t\t<div class=\"elementor-element elementor-element-ebcbffd elementor-widget elementor-widget-spacer\" data-id=\"ebcbffd\" data-element_type=\"widget\" data-widget_type=\"spacer.default\">\n\t\t\t\t<div class=\"elementor-widget-container\">\n\t\t\t\t\t\t\t<div class=\"elementor-spacer\">\n\t\t\t<div class=\"elementor-spacer-inner\"><\/div>\n\t\t<\/div>\n\t\t\t\t\t\t<\/div>\n\t\t\t\t<\/div>\n\t\t\t\t<\/div>\n\t\t\t\t\t<\/div>\n\t\t\t\t<\/div>\n\t\t<div class=\"elementor-element elementor-element-80b9d14 e-flex e-con-boxed e-con e-parent\" data-id=\"80b9d14\" data-element_type=\"container\">\n\t\t\t\t\t<div class=\"e-con-inner\">\n\t\t\t\t<div class=\"elementor-element elementor-element-7be33e6 elementor-widget elementor-widget-text-editor\" data-id=\"7be33e6\" data-element_type=\"widget\" data-widget_type=\"text-editor.default\">\n\t\t\t\t<div class=\"elementor-widget-container\">\n\t\t\t\t\t\t\t\t\t<p>Amb tot aix\u00f2, s\u2019han aconseguit alguns <strong>avantatges<\/strong>, com ara:<\/p><ul><li><strong>Codi HTML i fulls d\u2019estil ajustats<\/strong> per garantir la correcta visualitzaci\u00f3 i que fan que el nostre web s\u2019adapti als diferents dispositius per aconseguir un acc\u00e9s a la informaci\u00f3 gaireb\u00e9 universal.<\/li><\/ul><p>\u00a0<\/p><ul><li>A m\u00e9s, les <strong>mides de les fonts<\/strong> han estat definides amb <strong>unitats relatives<\/strong> perqu\u00e8 es puguin ampliar o disminuir des del navegador.<\/li><\/ul><p>\u00a0<\/p><ul><li>Navegaci\u00f3 amb o sense <strong>fulls d\u2019estil<\/strong> activats. Aix\u00ed mateix, navegaci\u00f3 amb o sense JS activat. Amb tota aquesta tasca, s\u2019ha aconseguit que el nostre sistema estigui preparat per oferir el nostre contingut als usuaris de manera universal.<\/li><\/ul><p>\u00a0<\/p><ul><li>La capa de presentaci\u00f3 s\u2019ha basat en les <strong>recomanacions del W3C<\/strong> sobre els fulls d\u2019estil en cascada, Nivell 2 (CSS2), i s\u2019ha emprat l\u2019est\u00e0ndard recomanat en l\u2019\u00fas de codi HTML; per tant, seguint les recomanacions, utilitzem XHTML 1.0 Strict.<\/li><\/ul>\t\t\t\t\t\t\t\t<\/div>\n\t\t\t\t<\/div>\n\t\t<div class=\"elementor-element elementor-element-25eee5b e-con-full e-flex e-con e-parent\" data-id=\"25eee5b\" data-element_type=\"container\">\n\t\t\t\t<div class=\"elementor-element elementor-element-2f48fae elementor-widget elementor-widget-spacer\" data-id=\"2f48fae\" data-element_type=\"widget\" data-widget_type=\"spacer.default\">\n\t\t\t\t<div class=\"elementor-widget-container\">\n\t\t\t\t\t\t\t<div class=\"elementor-spacer\">\n\t\t\t<div class=\"elementor-spacer-inner\"><\/div>\n\t\t<\/div>\n\t\t\t\t\t\t<\/div>\n\t\t\t\t<\/div>\n\t\t\t\t<\/div>\n\t\t\t\t\t<\/div>\n\t\t\t\t<\/div>\n\t\t<div class=\"elementor-element elementor-element-7bc8cae e-flex e-con-boxed e-con e-parent\" data-id=\"7bc8cae\" data-element_type=\"container\">\n\t\t\t\t\t<div class=\"e-con-inner\">\n\t\t\t\t<div class=\"elementor-element elementor-element-d8351a6 elementor-widget elementor-widget-text-editor\" data-id=\"d8351a6\" data-element_type=\"widget\" data-widget_type=\"text-editor.default\">\n\t\t\t\t<div class=\"elementor-widget-container\">\n\t\t\t\t\t\t\t\t\t<p>Respecte a les <strong>funcionalitats<\/strong> ofertes, cal diferenciar tres casu\u00edstiques:<\/p><ul><li>Les <strong>funcionalitats sense integraci\u00f3 amb altres sistemes<\/strong>, que han estat desenvolupades en aquest projecte seguint les pautes indicades en les normes d\u2019accessibilitat.<\/li><\/ul><p>\u00a0<\/p><ul><li>Les <strong>funcionalitats integrades amb altres sistemes<\/strong>: la complexitat t\u00e8cnica d\u2019integraci\u00f3 amb aquests serveis n\u2019ha impossibilitat el desenvolupament. En aquest sentit, Naturgy es compromet a seguir treballant per aconseguir que totes les seves aplicacions siguin totalment accessibles.<\/li><\/ul><p>\u00a0<\/p><ul><li>Les funcionalitats de tercers: el nostre comprom\u00eds amb l\u2019accessibilitat es fa extensible a totes les empreses col\u00b7laboradores amb qu\u00e8 treballem. Per tant, se\u2019ls ha sol\u00b7licitat a totes el seu comprom\u00eds en la gesti\u00f3 per garantir l\u2019accessibilitat de les seves aplicacions.<\/li><\/ul>\t\t\t\t\t\t\t\t<\/div>\n\t\t\t\t<\/div>\n\t\t<div class=\"elementor-element elementor-element-326e0b2 e-con-full e-flex e-con e-parent\" data-id=\"326e0b2\" data-element_type=\"container\">\n\t\t\t\t<div class=\"elementor-element elementor-element-5c1ecf6 elementor-widget elementor-widget-spacer\" data-id=\"5c1ecf6\" data-element_type=\"widget\" data-widget_type=\"spacer.default\">\n\t\t\t\t<div class=\"elementor-widget-container\">\n\t\t\t\t\t\t\t<div class=\"elementor-spacer\">\n\t\t\t<div class=\"elementor-spacer-inner\"><\/div>\n\t\t<\/div>\n\t\t\t\t\t\t<\/div>\n\t\t\t\t<\/div>\n\t\t\t\t<\/div>\n\t\t\t\t\t<\/div>\n\t\t\t\t<\/div>\n\t\t<div class=\"elementor-element elementor-element-9bd7e68 e-flex e-con-boxed e-con e-parent\" data-id=\"9bd7e68\" data-element_type=\"container\">\n\t\t\t\t\t<div class=\"e-con-inner\">\n\t\t\t\t<div class=\"elementor-element elementor-element-b911d54 elementor-widget elementor-widget-heading\" data-id=\"b911d54\" data-element_type=\"widget\" data-widget_type=\"heading.default\">\n\t\t\t\t<div class=\"elementor-widget-container\">\n\t\t\t\t\t<h2 class=\"elementor-heading-title elementor-size-default\">Enlla\u00e7os relacionats<\/h2>\t\t\t\t<\/div>\n\t\t\t\t<\/div>\n\t\t\t\t<div class=\"elementor-element elementor-element-3bf9803 has-icon elementor-widget elementor-widget-text-editor\" data-id=\"3bf9803\" data-element_type=\"widget\" data-widget_type=\"text-editor.default\">\n\t\t\t\t<div class=\"elementor-widget-container\">\n\t\t\t\t\t\t\t\t\t<p><a href=\"https:\/\/chapters.w3.org\/hispano\/\" target=\"_blank\" rel=\"noopener\">Consorci World Wide Web (W3C)<\/a><\/p>\t\t\t\t\t\t\t\t<\/div>\n\t\t\t\t<\/div>\n\t\t<div class=\"elementor-element elementor-element-90c2282 e-con-full e-flex e-con e-parent\" data-id=\"90c2282\" data-element_type=\"container\">\n\t\t\t\t<div class=\"elementor-element elementor-element-4e020dc elementor-widget elementor-widget-spacer\" data-id=\"4e020dc\" data-element_type=\"widget\" data-widget_type=\"spacer.default\">\n\t\t\t\t<div class=\"elementor-widget-container\">\n\t\t\t\t\t\t\t<div class=\"elementor-spacer\">\n\t\t\t<div class=\"elementor-spacer-inner\"><\/div>\n\t\t<\/div>\n\t\t\t\t\t\t<\/div>\n\t\t\t\t<\/div>\n\t\t\t\t<\/div>\n\t\t\t\t\t<\/div>\n\t\t\t\t<\/div>\n\t\t\t\t<\/div>\n\t\t","protected":false},"excerpt":{"rendered":"<p>El web corporatiu de Naturgy\u00a0t\u00e9 com a prioritat l\u2019acostament a l\u2019usuari des de totes les perspectives, de manera que s\u2019ha realitzat un\u00a0disseny que permet\u00a0percebre, entendre, navegar i interactuar amb el web. El proc\u00e9s de conceptualitzaci\u00f3 i disseny ha tingut en compte la metodologia anomenada disseny centrat en l\u2019usuari, i ha estat validat amb usuaris finals [&hellip;]<\/p>\n","protected":false},"author":5,"featured_media":0,"parent":0,"menu_order":0,"comment_status":"closed","ping_status":"closed","template":"","meta":{"_acf_changed":false,"footnotes":""},"class_list":["post-40634","page","type-page","status-publish","hentry"],"acf":[],"_links":{"self":[{"href":"https:\/\/www.naturgy.com\/ca\/wp-json\/wp\/v2\/pages\/40634","targetHints":{"allow":["GET"]}}],"collection":[{"href":"https:\/\/www.naturgy.com\/ca\/wp-json\/wp\/v2\/pages"}],"about":[{"href":"https:\/\/www.naturgy.com\/ca\/wp-json\/wp\/v2\/types\/page"}],"author":[{"embeddable":true,"href":"https:\/\/www.naturgy.com\/ca\/wp-json\/wp\/v2\/users\/5"}],"replies":[{"embeddable":true,"href":"https:\/\/www.naturgy.com\/ca\/wp-json\/wp\/v2\/comments?post=40634"}],"version-history":[{"count":28,"href":"https:\/\/www.naturgy.com\/ca\/wp-json\/wp\/v2\/pages\/40634\/revisions"}],"predecessor-version":[{"id":61465,"href":"https:\/\/www.naturgy.com\/ca\/wp-json\/wp\/v2\/pages\/40634\/revisions\/61465"}],"wp:attachment":[{"href":"https:\/\/www.naturgy.com\/ca\/wp-json\/wp\/v2\/media?parent=40634"}],"curies":[{"name":"wp","href":"https:\/\/api.w.org\/{rel}","templated":true}]}}