{"id":40697,"date":"2023-02-28T07:43:14","date_gmt":"2023-02-28T06:43:14","guid":{"rendered":"https:\/\/www.naturgy.com\/en-cifras\/"},"modified":"2026-03-10T13:23:05","modified_gmt":"2026-03-10T12:23:05","slug":"en-xifres","status":"publish","type":"page","link":"https:\/\/www.naturgy.com\/ca\/en-xifres\/","title":{"rendered":"En xifres"},"content":{"rendered":"\t\t<div data-elementor-type=\"wp-page\" data-elementor-id=\"40697\" class=\"elementor elementor-40697 elementor-33282\" data-elementor-post-type=\"page\">\n\t\t\t\t<div class=\"elementor-element elementor-element-5484b693 e-flex e-con-boxed e-con e-parent\" data-id=\"5484b693\" data-element_type=\"container\">\n\t\t\t\t\t<div class=\"e-con-inner\">\n\t\t<div class=\"elementor-element elementor-element-640620c4 e-con-full e-flex e-con e-child\" data-id=\"640620c4\" data-element_type=\"container\">\n\t\t\t\t<div class=\"elementor-element elementor-element-4ec62f8f elementor-widget elementor-widget-shortcode\" data-id=\"4ec62f8f\" data-element_type=\"widget\" data-widget_type=\"shortcode.default\">\n\t\t\t\t<div class=\"elementor-widget-container\">\n\t\t\t\t\t\t\t<div class=\"elementor-shortcode\"><nav aria-label=\"breadcrumbs\" class=\"rank-math-breadcrumb\"><p><span class=\"last\">Inici<\/span><\/p><\/nav><\/div>\n\t\t\t\t\t\t<\/div>\n\t\t\t\t<\/div>\n\t\t\t\t<div class=\"elementor-element elementor-element-40d62a3b elementor-widget elementor-widget-heading\" data-id=\"40d62a3b\" data-element_type=\"widget\" data-widget_type=\"heading.default\">\n\t\t\t\t<div class=\"elementor-widget-container\">\n\t\t\t\t\t<h1 class=\"elementor-heading-title elementor-size-default\">En xifres<\/h1>\t\t\t\t<\/div>\n\t\t\t\t<\/div>\n\t\t\t\t<\/div>\n\t\t<div class=\"elementor-element elementor-element-6df19ad7 e-con-full e-flex e-con e-child\" data-id=\"6df19ad7\" data-element_type=\"container\">\n\t\t\t\t<div class=\"elementor-element elementor-element-2acdbc64 elementor-widget elementor-widget-spacer\" data-id=\"2acdbc64\" data-element_type=\"widget\" data-widget_type=\"spacer.default\">\n\t\t\t\t<div class=\"elementor-widget-container\">\n\t\t\t\t\t\t\t<div class=\"elementor-spacer\">\n\t\t\t<div class=\"elementor-spacer-inner\"><\/div>\n\t\t<\/div>\n\t\t\t\t\t\t<\/div>\n\t\t\t\t<\/div>\n\t\t\t\t<\/div>\n\t\t\t\t\t<\/div>\n\t\t\t\t<\/div>\n\t\t<div class=\"elementor-element elementor-element-613a7ee1 grid col-4 e-flex e-con-boxed e-con e-parent\" data-id=\"613a7ee1\" data-element_type=\"container\">\n\t\t\t\t\t<div class=\"e-con-inner\">\n\t\t<div class=\"elementor-element elementor-element-65903cb9 e-con-full e-flex e-con e-child\" data-id=\"65903cb9\" data-element_type=\"container\">\n\t\t\t\t<div class=\"elementor-element elementor-element-44022b86 elementor-view-default elementor-widget elementor-widget-icon\" data-id=\"44022b86\" data-element_type=\"widget\" data-widget_type=\"icon.default\">\n\t\t\t\t<div class=\"elementor-widget-container\">\n\t\t\t\t\t\t\t<div class=\"elementor-icon-wrapper\">\n\t\t\t<div class=\"elementor-icon\">\n\t\t\t<i aria-hidden=\"true\" class=\"energias energias-luz-gas\"><\/i>\t\t\t<\/div>\n\t\t<\/div>\n\t\t\t\t\t\t<\/div>\n\t\t\t\t<\/div>\n\t\t\t\t<div class=\"elementor-element elementor-element-3ab67e58 elementor-widget elementor-widget-text-editor\" data-id=\"3ab67e58\" data-element_type=\"widget\" data-widget_type=\"text-editor.default\">\n\t\t\t\t<div class=\"elementor-widget-container\">\n\t\t\t\t\t\t\t\t\t<p><b>L\u00edders <\/b>al sector del <b>gas <\/b>i referents al sector <b>el\u00e8ctric<\/b><\/p>\t\t\t\t\t\t\t\t<\/div>\n\t\t\t\t<\/div>\n\t\t\t\t<\/div>\n\t\t<div class=\"elementor-element elementor-element-4f7f5b8 e-con-full e-flex e-con e-child\" data-id=\"4f7f5b8\" data-element_type=\"container\">\n\t\t\t\t<div class=\"elementor-element elementor-element-2ba3a742 elementor-view-default elementor-widget elementor-widget-icon\" data-id=\"2ba3a742\" data-element_type=\"widget\" data-widget_type=\"icon.default\">\n\t\t\t\t<div class=\"elementor-widget-container\">\n\t\t\t\t\t\t\t<div class=\"elementor-icon-wrapper\">\n\t\t\t<div class=\"elementor-icon\">\n\t\t\t<i aria-hidden=\"true\" class=\"personas personas-personas\"><\/i>\t\t\t<\/div>\n\t\t<\/div>\n\t\t\t\t\t\t<\/div>\n\t\t\t\t<\/div>\n\t\t\t\t<div class=\"elementor-element elementor-element-7048b5e0 elementor-widget elementor-widget-text-editor\" data-id=\"7048b5e0\" data-element_type=\"widget\" data-widget_type=\"text-editor.default\">\n\t\t\t\t<div class=\"elementor-widget-container\">\n\t\t\t\t\t\t\t\t\t<p><strong>+16 milions de clients<\/strong> i pot\u00e8ncia instal\u00b7lada de <strong>18,7 GW<\/strong><\/p>\t\t\t\t\t\t\t\t<\/div>\n\t\t\t\t<\/div>\n\t\t\t\t<\/div>\n\t\t<div class=\"elementor-element elementor-element-576a166 e-con-full e-flex e-con e-child\" data-id=\"576a166\" data-element_type=\"container\">\n\t\t\t\t<div class=\"elementor-element elementor-element-913b76e elementor-view-default elementor-widget elementor-widget-icon\" data-id=\"913b76e\" data-element_type=\"widget\" data-widget_type=\"icon.default\">\n\t\t\t\t<div class=\"elementor-widget-container\">\n\t\t\t\t\t\t\t<div class=\"elementor-icon-wrapper\">\n\t\t\t<div class=\"elementor-icon\">\n\t\t\t<i aria-hidden=\"true\" class=\"energias energias-gas\"><\/i>\t\t\t<\/div>\n\t\t<\/div>\n\t\t\t\t\t\t<\/div>\n\t\t\t\t<\/div>\n\t\t\t\t<div class=\"elementor-element elementor-element-e992a25 elementor-widget elementor-widget-text-editor\" data-id=\"e992a25\" data-element_type=\"widget\" data-widget_type=\"text-editor.default\">\n\t\t\t\t<div class=\"elementor-widget-container\">\n\t\t\t\t\t\t\t\t\t<p><strong>L\u00edder<\/strong> en la distribuci\u00f3 de gas a Espanya amb una quota de <strong>mercat del 70%<\/strong><\/p>\t\t\t\t\t\t\t\t<\/div>\n\t\t\t\t<\/div>\n\t\t\t\t<\/div>\n\t\t<div class=\"elementor-element elementor-element-fe633dd e-con-full e-flex e-con e-child\" data-id=\"fe633dd\" data-element_type=\"container\">\n\t\t\t\t<div class=\"elementor-element elementor-element-d7ae789 elementor-view-default elementor-widget elementor-widget-icon\" data-id=\"d7ae789\" data-element_type=\"widget\" data-widget_type=\"icon.default\">\n\t\t\t\t<div class=\"elementor-widget-container\">\n\t\t\t\t\t\t\t<div class=\"elementor-icon-wrapper\">\n\t\t\t<div class=\"elementor-icon\">\n\t\t\t<i aria-hidden=\"true\" class=\"energias energias-torre-electrica\"><\/i>\t\t\t<\/div>\n\t\t<\/div>\n\t\t\t\t\t\t<\/div>\n\t\t\t\t<\/div>\n\t\t\t\t<div class=\"elementor-element elementor-element-a4ba151 elementor-widget elementor-widget-text-editor\" data-id=\"a4ba151\" data-element_type=\"widget\" data-widget_type=\"text-editor.default\">\n\t\t\t\t<div class=\"elementor-widget-container\">\n\t\t\t\t\t\t\t\t\t<p><strong>Tercer operador<\/strong> al mercat espanyol, on <strong>distribu\u00efm electricitat a 3,9 milions de clients<\/strong><\/p>\t\t\t\t\t\t\t\t<\/div>\n\t\t\t\t<\/div>\n\t\t\t\t<\/div>\n\t\t<div class=\"elementor-element elementor-element-150fde9 e-con-full e-flex e-con e-child\" data-id=\"150fde9\" data-element_type=\"container\">\n\t\t\t\t<div class=\"elementor-element elementor-element-f06957f elementor-view-default elementor-widget elementor-widget-icon\" data-id=\"f06957f\" data-element_type=\"widget\" data-widget_type=\"icon.default\">\n\t\t\t\t<div class=\"elementor-widget-container\">\n\t\t\t\t\t\t\t<div class=\"elementor-icon-wrapper\">\n\t\t\t<div class=\"elementor-icon\">\n\t\t\t<i aria-hidden=\"true\" class=\"edificios edificios-bloque-pisos\"><\/i>\t\t\t<\/div>\n\t\t<\/div>\n\t\t\t\t\t\t<\/div>\n\t\t\t\t<\/div>\n\t\t\t\t<div class=\"elementor-element elementor-element-8faedbd elementor-widget elementor-widget-text-editor\" data-id=\"8faedbd\" data-element_type=\"widget\" data-widget_type=\"text-editor.default\">\n\t\t\t\t<div class=\"elementor-widget-container\">\n\t\t\t\t\t\t\t\t\t<p><strong>L\u00edder<\/strong> en segments de <strong>gran consum i residencial<\/strong> en comercialitzaci\u00f3 el\u00e8ctrica amb una <strong>quota de mercat a Espanya del 14,3%<\/strong><\/p>\t\t\t\t\t\t\t\t<\/div>\n\t\t\t\t<\/div>\n\t\t\t\t<\/div>\n\t\t<div class=\"elementor-element elementor-element-4b5e401 e-con-full e-flex e-con e-child\" data-id=\"4b5e401\" data-element_type=\"container\">\n\t\t\t\t<div class=\"elementor-element elementor-element-2333f7a4 elementor-view-default elementor-widget elementor-widget-icon\" data-id=\"2333f7a4\" data-element_type=\"widget\" data-widget_type=\"icon.default\">\n\t\t\t\t<div class=\"elementor-widget-container\">\n\t\t\t\t\t\t\t<div class=\"elementor-icon-wrapper\">\n\t\t\t<div class=\"elementor-icon\">\n\t\t\t<i aria-hidden=\"true\" class=\"mantenimiento mantenimiento-tuberia\"><\/i>\t\t\t<\/div>\n\t\t<\/div>\n\t\t\t\t\t\t<\/div>\n\t\t\t\t<\/div>\n\t\t\t\t<div class=\"elementor-element elementor-element-c00676f elementor-widget elementor-widget-text-editor\" data-id=\"c00676f\" data-element_type=\"widget\" data-widget_type=\"text-editor.default\">\n\t\t\t\t<div class=\"elementor-widget-container\">\n\t\t\t\t\t\t\t\t\t<p><strong>Quota de mercat del 41,7% a Espanya<\/strong> en comercialitzaci\u00f3 de gas<\/p>\t\t\t\t\t\t\t\t<\/div>\n\t\t\t\t<\/div>\n\t\t\t\t<\/div>\n\t\t<div class=\"elementor-element elementor-element-5d0e5fd1 e-con-full e-flex e-con e-child\" data-id=\"5d0e5fd1\" data-element_type=\"container\">\n\t\t\t\t<div class=\"elementor-element elementor-element-32677397 elementor-view-default elementor-widget elementor-widget-icon\" data-id=\"32677397\" data-element_type=\"widget\" data-widget_type=\"icon.default\">\n\t\t\t\t<div class=\"elementor-widget-container\">\n\t\t\t\t\t\t\t<div class=\"elementor-icon-wrapper\">\n\t\t\t<div class=\"elementor-icon\">\n\t\t\t<i aria-hidden=\"true\" class=\"energias energias-gas\"><\/i>\t\t\t<\/div>\n\t\t<\/div>\n\t\t\t\t\t\t<\/div>\n\t\t\t\t<\/div>\n\t\t\t\t<div class=\"elementor-element elementor-element-2d05b99c elementor-widget elementor-widget-text-editor\" data-id=\"2d05b99c\" data-element_type=\"widget\" data-widget_type=\"text-editor.default\">\n\t\t\t\t<div class=\"elementor-widget-container\">\n\t\t\t\t\t\t\t\t\t<p><strong>11,1 milions<\/strong> de punts de <strong>subministrament<\/strong> de gas i <strong>138.247 km de xarxa<\/strong><\/p>\t\t\t\t\t\t\t\t<\/div>\n\t\t\t\t<\/div>\n\t\t\t\t<\/div>\n\t\t<div class=\"elementor-element elementor-element-79271e72 e-con-full e-flex e-con e-child\" data-id=\"79271e72\" data-element_type=\"container\">\n\t\t\t\t<div class=\"elementor-element elementor-element-7246f8c elementor-view-default elementor-widget elementor-widget-icon\" data-id=\"7246f8c\" data-element_type=\"widget\" data-widget_type=\"icon.default\">\n\t\t\t\t<div class=\"elementor-widget-container\">\n\t\t\t\t\t\t\t<div class=\"elementor-icon-wrapper\">\n\t\t\t<div class=\"elementor-icon\">\n\t\t\t<i aria-hidden=\"true\" class=\"energias energias-contador-gas2\"><\/i>\t\t\t<\/div>\n\t\t<\/div>\n\t\t\t\t\t\t<\/div>\n\t\t\t\t<\/div>\n\t\t\t\t<div class=\"elementor-element elementor-element-29625d76 elementor-widget elementor-widget-text-editor\" data-id=\"29625d76\" data-element_type=\"widget\" data-widget_type=\"text-editor.default\">\n\t\t\t\t<div class=\"elementor-widget-container\">\n\t\t\t\t\t\t\t\t\t<p><strong>5 milions<\/strong> de punts de subministrament <strong>el\u00e8ctric<\/strong> i <strong>158.557 km de xarxa<\/strong><\/p>\t\t\t\t\t\t\t\t<\/div>\n\t\t\t\t<\/div>\n\t\t\t\t<\/div>\n\t\t<div class=\"elementor-element elementor-element-357efaf4 e-con-full e-flex e-con e-child\" data-id=\"357efaf4\" data-element_type=\"container\">\n\t\t\t\t<div class=\"elementor-element elementor-element-9ded95b elementor-view-default elementor-widget elementor-widget-icon\" data-id=\"9ded95b\" data-element_type=\"widget\" data-widget_type=\"icon.default\">\n\t\t\t\t<div class=\"elementor-widget-container\">\n\t\t\t\t\t\t\t<div class=\"elementor-icon-wrapper\">\n\t\t\t<div class=\"elementor-icon\">\n\t\t\t<i aria-hidden=\"true\" class=\"energias energias-contador-gas\"><\/i>\t\t\t<\/div>\n\t\t<\/div>\n\t\t\t\t\t\t<\/div>\n\t\t\t\t<\/div>\n\t\t\t\t<div class=\"elementor-element elementor-element-33c22edf elementor-widget elementor-widget-text-editor\" data-id=\"33c22edf\" data-element_type=\"widget\" data-widget_type=\"text-editor.default\">\n\t\t\t\t<div class=\"elementor-widget-container\">\n\t\t\t\t\t\t\t\t\t<p>Primera distribu\u00efdora de gas de <strong>Llatinoam\u00e8rica<\/strong>, on subministrem m\u00e9s de <strong>5,8 milions de clients<\/strong><\/p>\t\t\t\t\t\t\t\t<\/div>\n\t\t\t\t<\/div>\n\t\t\t\t<\/div>\n\t\t<div class=\"elementor-element elementor-element-78846134 e-con-full e-flex e-con e-child\" data-id=\"78846134\" data-element_type=\"container\">\n\t\t\t\t<div class=\"elementor-element elementor-element-22d73f54 elementor-view-default elementor-widget elementor-widget-icon\" data-id=\"22d73f54\" data-element_type=\"widget\" data-widget_type=\"icon.default\">\n\t\t\t\t<div class=\"elementor-widget-container\">\n\t\t\t\t\t\t\t<div class=\"elementor-icon-wrapper\">\n\t\t\t<div class=\"elementor-icon\">\n\t\t\t<i aria-hidden=\"true\" class=\"personas personas-personas\"><\/i>\t\t\t<\/div>\n\t\t<\/div>\n\t\t\t\t\t\t<\/div>\n\t\t\t\t<\/div>\n\t\t\t\t<div class=\"elementor-element elementor-element-1a94b6df elementor-widget elementor-widget-text-editor\" data-id=\"1a94b6df\" data-element_type=\"widget\" data-widget_type=\"text-editor.default\">\n\t\t\t\t<div class=\"elementor-widget-container\">\n\t\t\t\t\t\t\t\t\t<p>El nostre equip est\u00e0 format per m\u00e9s de <b>\u00a06.600 persones<\/b>, de les quals prop del <b>50% treballen fora d\u2019Espanya<\/b><\/p>\t\t\t\t\t\t\t\t<\/div>\n\t\t\t\t<\/div>\n\t\t\t\t<\/div>\n\t\t<div class=\"elementor-element elementor-element-1172f84e e-con-full e-flex e-con e-child\" data-id=\"1172f84e\" data-element_type=\"container\">\n\t\t\t\t<div class=\"elementor-element elementor-element-1088f61f elementor-view-default elementor-widget elementor-widget-icon\" data-id=\"1088f61f\" data-element_type=\"widget\" data-widget_type=\"icon.default\">\n\t\t\t\t<div class=\"elementor-widget-container\">\n\t\t\t\t\t\t\t<div class=\"elementor-icon-wrapper\">\n\t\t\t<div class=\"elementor-icon\">\n\t\t\t<i aria-hidden=\"true\" class=\"energias energias-torre-electrica\"><\/i>\t\t\t<\/div>\n\t\t<\/div>\n\t\t\t\t\t\t<\/div>\n\t\t\t\t<\/div>\n\t\t\t\t<div class=\"elementor-element elementor-element-1b7ade5c elementor-widget elementor-widget-text-editor\" data-id=\"1b7ade5c\" data-element_type=\"widget\" data-widget_type=\"text-editor.default\">\n\t\t\t\t<div class=\"elementor-widget-container\">\n\t\t\t\t\t\t\t\t\t<p><strong>La capacitat instal\u00b7lada lliure d\u2019emissions representa m\u00e9s del 40%<\/strong> de tota la nostra pot\u00e8ncia de generaci\u00f3 el\u00e8ctrica instal\u00b7lada<\/p>\t\t\t\t\t\t\t\t<\/div>\n\t\t\t\t<\/div>\n\t\t\t\t<\/div>\n\t\t<div class=\"elementor-element elementor-element-168fb75 e-con-full e-flex e-con e-child\" data-id=\"168fb75\" data-element_type=\"container\">\n\t\t\t\t<div class=\"elementor-element elementor-element-170dafec elementor-view-default elementor-widget elementor-widget-icon\" data-id=\"170dafec\" data-element_type=\"widget\" data-widget_type=\"icon.default\">\n\t\t\t\t<div class=\"elementor-widget-container\">\n\t\t\t\t\t\t\t<div class=\"elementor-icon-wrapper\">\n\t\t\t<div class=\"elementor-icon\">\n\t\t\t<i aria-hidden=\"true\" class=\"transporte transporte-buque\"><\/i>\t\t\t<\/div>\n\t\t<\/div>\n\t\t\t\t\t\t<\/div>\n\t\t\t\t<\/div>\n\t\t\t\t<div class=\"elementor-element elementor-element-25744acd elementor-widget elementor-widget-text-editor\" data-id=\"25744acd\" data-element_type=\"widget\" data-widget_type=\"text-editor.default\">\n\t\t\t\t<div class=\"elementor-widget-container\">\n\t\t\t\t\t\t\t\t\t<p>Disposem de <strong>vuit\u00a0vaixells metaners i un gasoducte<\/strong> de transport<\/p>\t\t\t\t\t\t\t\t<\/div>\n\t\t\t\t<\/div>\n\t\t\t\t<\/div>\n\t\t\t\t\t<\/div>\n\t\t\t\t<\/div>\n\t\t<div class=\"elementor-element elementor-element-2e142634 e-con-full e-flex e-con e-parent\" data-id=\"2e142634\" data-element_type=\"container\">\n\t\t\t\t<div class=\"elementor-element elementor-element-743c02c4 elementor-widget elementor-widget-spacer\" data-id=\"743c02c4\" data-element_type=\"widget\" data-widget_type=\"spacer.default\">\n\t\t\t\t<div class=\"elementor-widget-container\">\n\t\t\t\t\t\t\t<div class=\"elementor-spacer\">\n\t\t\t<div class=\"elementor-spacer-inner\"><\/div>\n\t\t<\/div>\n\t\t\t\t\t\t<\/div>\n\t\t\t\t<\/div>\n\t\t\t\t<\/div>\n\t\t\t\t<\/div>\n\t\t","protected":false},"excerpt":{"rendered":"<p>L\u00edders al sector del gas i referents al sector el\u00e8ctric +16 milions de clients i pot\u00e8ncia instal\u00b7lada de 18,7 GW L\u00edder en la distribuci\u00f3 de gas a Espanya amb una quota de mercat del 70% Tercer operador al mercat espanyol, on distribu\u00efm electricitat a 3,9 milions de clients L\u00edder en segments de gran consum i [&hellip;]<\/p>\n","protected":false},"author":5,"featured_media":0,"parent":0,"menu_order":0,"comment_status":"closed","ping_status":"closed","template":"","meta":{"_acf_changed":false,"footnotes":""},"class_list":["post-40697","page","type-page","status-publish","hentry"],"acf":[],"_links":{"self":[{"href":"https:\/\/www.naturgy.com\/ca\/wp-json\/wp\/v2\/pages\/40697","targetHints":{"allow":["GET"]}}],"collection":[{"href":"https:\/\/www.naturgy.com\/ca\/wp-json\/wp\/v2\/pages"}],"about":[{"href":"https:\/\/www.naturgy.com\/ca\/wp-json\/wp\/v2\/types\/page"}],"author":[{"embeddable":true,"href":"https:\/\/www.naturgy.com\/ca\/wp-json\/wp\/v2\/users\/5"}],"replies":[{"embeddable":true,"href":"https:\/\/www.naturgy.com\/ca\/wp-json\/wp\/v2\/comments?post=40697"}],"version-history":[{"count":14,"href":"https:\/\/www.naturgy.com\/ca\/wp-json\/wp\/v2\/pages\/40697\/revisions"}],"predecessor-version":[{"id":140876,"href":"https:\/\/www.naturgy.com\/ca\/wp-json\/wp\/v2\/pages\/40697\/revisions\/140876"}],"wp:attachment":[{"href":"https:\/\/www.naturgy.com\/ca\/wp-json\/wp\/v2\/media?parent=40697"}],"curies":[{"name":"wp","href":"https:\/\/api.w.org\/{rel}","templated":true}]}}