{"id":40708,"date":"2023-01-20T12:52:25","date_gmt":"2023-01-20T11:52:25","guid":{"rendered":"https:\/\/www.naturgy.com\/conocenos\/presencia-internacional\/"},"modified":"2024-10-04T14:00:49","modified_gmt":"2024-10-04T12:00:49","slug":"presencia-internacional","status":"publish","type":"page","link":"https:\/\/www.naturgy.com\/ca\/coneix-nos-naturgy\/presencia-internacional\/","title":{"rendered":"Pres\u00e8ncia internacional"},"content":{"rendered":"\t\t<div data-elementor-type=\"wp-page\" data-elementor-id=\"40708\" class=\"elementor elementor-40708 elementor-12244\" data-elementor-post-type=\"page\">\n\t\t\t\t<div class=\"elementor-element elementor-element-4aee5a50 e-flex e-con-boxed e-con e-parent\" data-id=\"4aee5a50\" data-element_type=\"container\">\n\t\t\t\t\t<div class=\"e-con-inner\">\n\t\t<div class=\"elementor-element elementor-element-a6c4c72 e-con-full e-flex e-con e-child\" data-id=\"a6c4c72\" data-element_type=\"container\">\n\t\t\t\t<div class=\"elementor-element elementor-element-fc303d7 elementor-widget elementor-widget-shortcode\" data-id=\"fc303d7\" data-element_type=\"widget\" data-widget_type=\"shortcode.default\">\n\t\t\t\t<div class=\"elementor-widget-container\">\n\t\t\t\t\t\t\t<div class=\"elementor-shortcode\"><nav aria-label=\"breadcrumbs\" class=\"rank-math-breadcrumb\"><p><span class=\"last\">Inici<\/span><\/p><\/nav><\/div>\n\t\t\t\t\t\t<\/div>\n\t\t\t\t<\/div>\n\t\t\t\t<div class=\"elementor-element elementor-element-f91b344 elementor-widget elementor-widget-heading\" data-id=\"f91b344\" data-element_type=\"widget\" data-widget_type=\"heading.default\">\n\t\t\t\t<div class=\"elementor-widget-container\">\n\t\t\t\t\t<h1 class=\"elementor-heading-title elementor-size-default\">Pres\u00e8ncia internacional<\/h1>\t\t\t\t<\/div>\n\t\t\t\t<\/div>\n\t\t\t\t<\/div>\n\t\t<div class=\"elementor-element elementor-element-5a4d6636 e-con-full e-flex e-con e-child\" data-id=\"5a4d6636\" data-element_type=\"container\">\n\t\t\t\t<div class=\"elementor-element elementor-element-56663e3b elementor-widget elementor-widget-spacer\" data-id=\"56663e3b\" data-element_type=\"widget\" data-widget_type=\"spacer.default\">\n\t\t\t\t<div class=\"elementor-widget-container\">\n\t\t\t\t\t\t\t<div class=\"elementor-spacer\">\n\t\t\t<div class=\"elementor-spacer-inner\"><\/div>\n\t\t<\/div>\n\t\t\t\t\t\t<\/div>\n\t\t\t\t<\/div>\n\t\t\t\t<\/div>\n\t\t\t\t\t<\/div>\n\t\t\t\t<\/div>\n\t\t<div class=\"elementor-element elementor-element-6c8f217 e-flex e-con-boxed e-con e-parent\" data-id=\"6c8f217\" data-element_type=\"container\">\n\t\t\t\t\t<div class=\"e-con-inner\">\n\t\t\t\t<div class=\"elementor-element elementor-element-958739a elementor-widget elementor-widget-image\" data-id=\"958739a\" data-element_type=\"widget\" data-widget_type=\"image.default\">\n\t\t\t\t<div class=\"elementor-widget-container\">\n\t\t\t\t\t\t\t\t\t\t\t\t\t\t\t<img fetchpriority=\"high\" decoding=\"async\" width=\"2280\" height=\"1258\" src=\"https:\/\/stproportalcorporativo.blob.core.windows.net\/uploads\/2024\/03\/Mapa_presencia_CA.webp\" class=\"attachment-full size-full wp-image-99693\" alt=\"\" srcset=\"https:\/\/stproportalcorporativo.blob.core.windows.net\/uploads\/2024\/03\/Mapa_presencia_CA.webp 2280w, https:\/\/stproportalcorporativo.blob.core.windows.net\/uploads\/2024\/03\/Mapa_presencia_CA-300x166.webp 300w, https:\/\/stproportalcorporativo.blob.core.windows.net\/uploads\/2024\/03\/Mapa_presencia_CA-1024x565.webp 1024w, https:\/\/stproportalcorporativo.blob.core.windows.net\/uploads\/2024\/03\/Mapa_presencia_CA-768x424.webp 768w, https:\/\/stproportalcorporativo.blob.core.windows.net\/uploads\/2024\/03\/Mapa_presencia_CA-1536x847.webp 1536w, https:\/\/stproportalcorporativo.blob.core.windows.net\/uploads\/2024\/03\/Mapa_presencia_CA-2048x1130.webp 2048w\" sizes=\"(max-width: 2280px) 100vw, 2280px\" \/>\t\t\t\t\t\t\t\t\t\t\t\t\t\t\t<\/div>\n\t\t\t\t<\/div>\n\t\t\t\t\t<\/div>\n\t\t\t\t<\/div>\n\t\t<div class=\"elementor-element elementor-element-b5124aa grid col-3 e-flex e-con-boxed e-con e-parent\" data-id=\"b5124aa\" data-element_type=\"container\" data-settings=\"{&quot;background_background&quot;:&quot;classic&quot;}\">\n\t\t\t\t\t<div class=\"e-con-inner\">\n\t\t<div class=\"elementor-element elementor-element-2564fbc e-con-full e-flex e-con e-child\" data-id=\"2564fbc\" data-element_type=\"container\">\n\t\t\t\t<div class=\"elementor-element elementor-element-f2f220c elementor-widget elementor-widget-image\" data-id=\"f2f220c\" data-element_type=\"widget\" data-widget_type=\"image.default\">\n\t\t\t\t<div class=\"elementor-widget-container\">\n\t\t\t\t\t\t\t\t\t\t\t\t\t\t\t<img decoding=\"async\" width=\"604\" height=\"84\" src=\"https:\/\/www.naturgy.com\/\/app\/uploads\/2023\/03\/america.png\" class=\"attachment-large size-large wp-image-40161\" alt=\"\" srcset=\"https:\/\/www.naturgy.com\/\/app\/uploads\/2023\/03\/america.png 604w, https:\/\/www.naturgy.com\/\/app\/uploads\/2023\/03\/america-300x42.png 300w\" sizes=\"(max-width: 604px) 100vw, 604px\" \/>\t\t\t\t\t\t\t\t\t\t\t\t\t\t\t<\/div>\n\t\t\t\t<\/div>\n\t\t\t\t<div class=\"elementor-element elementor-element-03bd49a has-icon elementor-widget elementor-widget-text-editor\" data-id=\"03bd49a\" data-element_type=\"widget\" data-widget_type=\"text-editor.default\">\n\t\t\t\t<div class=\"elementor-widget-container\">\n\t\t\t\t\t\t\t\t\t<p><a href=\"https:\/\/www.naturgy.com\/ca\/coneix-nos-naturgy\/presencia-internacional\/america\/\">Am\u00e8rica<\/a><\/p>\t\t\t\t\t\t\t\t<\/div>\n\t\t\t\t<\/div>\n\t\t\t\t<div class=\"elementor-element elementor-element-ad51eab elementor-widget elementor-widget-text-editor\" data-id=\"ad51eab\" data-element_type=\"widget\" data-widget_type=\"text-editor.default\">\n\t\t\t\t<div class=\"elementor-widget-container\">\n\t\t\t\t\t\t\t\t\t<div>\u200bDistribuci\u00f3\u00a0de gas i electricitat.<\/div><div>Comercialitzaci\u00f3\u00a0i\u00a0infraestructura GN\/GNL.<\/div><div>Generaci\u00f3 renovable (e\u00f2lica, solar i hidr\u00e0ulica).<br \/>Generaci\u00f3 cicle combinat i fuel.<br \/>Projectes\u00a0generaci\u00f3\u00a0renovable (solar i\u00a0emmagatzematge)<\/div>\t\t\t\t\t\t\t\t<\/div>\n\t\t\t\t<\/div>\n\t\t\t\t<div class=\"elementor-element elementor-element-9d88586 has-icon elementor-widget elementor-widget-text-editor\" data-id=\"9d88586\" data-element_type=\"widget\" data-widget_type=\"text-editor.default\">\n\t\t\t\t<div class=\"elementor-widget-container\">\n\t\t\t\t\t\t\t\t\t<p><a href=\"https:\/\/www.naturgy.com\/ca\/coneix-nos-naturgy\/presencia-internacional\/oceania\/\">Oceania<\/a><\/p>\t\t\t\t\t\t\t\t<\/div>\n\t\t\t\t<\/div>\n\t\t\t\t<div class=\"elementor-element elementor-element-f8ae139 elementor-widget elementor-widget-text-editor\" data-id=\"f8ae139\" data-element_type=\"widget\" data-widget_type=\"text-editor.default\">\n\t\t\t\t<div class=\"elementor-widget-container\">\n\t\t\t\t\t\t\t\t\t<p>Generaci\u00f3 e\u00f2lica.<\/p>\t\t\t\t\t\t\t\t<\/div>\n\t\t\t\t<\/div>\n\t\t\t\t<\/div>\n\t\t<div class=\"elementor-element elementor-element-0080b8c e-con-full e-flex e-con e-child\" data-id=\"0080b8c\" data-element_type=\"container\">\n\t\t\t\t<div class=\"elementor-element elementor-element-0529abf elementor-widget elementor-widget-image\" data-id=\"0529abf\" data-element_type=\"widget\" data-widget_type=\"image.default\">\n\t\t\t\t<div class=\"elementor-widget-container\">\n\t\t\t\t\t\t\t\t\t\t\t\t\t\t\t<img decoding=\"async\" width=\"604\" height=\"84\" src=\"https:\/\/www.naturgy.com\/\/app\/uploads\/2023\/03\/espana-europa.jpeg\" class=\"attachment-large size-large wp-image-40165\" alt=\"\" srcset=\"https:\/\/www.naturgy.com\/\/app\/uploads\/2023\/03\/espana-europa.jpeg 604w, https:\/\/www.naturgy.com\/\/app\/uploads\/2023\/03\/espana-europa-300x42.jpeg 300w\" sizes=\"(max-width: 604px) 100vw, 604px\" \/>\t\t\t\t\t\t\t\t\t\t\t\t\t\t\t<\/div>\n\t\t\t\t<\/div>\n\t\t\t\t<div class=\"elementor-element elementor-element-4b38e09 has-icon elementor-widget elementor-widget-text-editor\" data-id=\"4b38e09\" data-element_type=\"widget\" data-widget_type=\"text-editor.default\">\n\t\t\t\t<div class=\"elementor-widget-container\">\n\t\t\t\t\t\t\t\t\t<p><a href=\"https:\/\/www.naturgy.com\/ca\/coneix-nos-naturgy\/presencia-internacional\/espanya\/\">Espanya<\/a><\/p>\t\t\t\t\t\t\t\t<\/div>\n\t\t\t\t<\/div>\n\t\t\t\t<div class=\"elementor-element elementor-element-3468a2f elementor-widget elementor-widget-text-editor\" data-id=\"3468a2f\" data-element_type=\"widget\" data-widget_type=\"text-editor.default\">\n\t\t\t\t<div class=\"elementor-widget-container\">\n\t\t\t\t\t\t\t\t\t<div>Transport, distribuci\u00f3 i&nbsp;comercialitzaci\u00f3&nbsp;de gas i&nbsp;electricitat.<\/div>\n<div>Generaci\u00f3: cicle&nbsp;combinat, nuclear, hidr\u00e0ulica, solar, cogeneraci\u00f3, mini hidr\u00e0ulica i&nbsp;e\u00f2lica.<\/div>\t\t\t\t\t\t\t\t<\/div>\n\t\t\t\t<\/div>\n\t\t\t\t<div class=\"elementor-element elementor-element-d0f1655 has-icon elementor-widget elementor-widget-text-editor\" data-id=\"d0f1655\" data-element_type=\"widget\" data-widget_type=\"text-editor.default\">\n\t\t\t\t<div class=\"elementor-widget-container\">\n\t\t\t\t\t\t\t\t\t<p><a href=\"https:\/\/www.naturgy.com\/ca\/coneix-nos-naturgy\/presencia-internacional\/resta-deuropa\/\">Resta d&#8217;Europa<\/a><\/p>\t\t\t\t\t\t\t\t<\/div>\n\t\t\t\t<\/div>\n\t\t\t\t<div class=\"elementor-element elementor-element-3f2dbbb elementor-widget elementor-widget-text-editor\" data-id=\"3f2dbbb\" data-element_type=\"widget\" data-widget_type=\"text-editor.default\">\n\t\t\t\t<div class=\"elementor-widget-container\">\n\t\t\t\t\t\t\t\t\t<p>Comercialitzaci\u00f3\u00a0GN\/GNL.<br \/>Comercialitzaci\u00f3\u00a0electricitat.<br \/>Regasificaci\u00f3 Montoir.<\/p>\t\t\t\t\t\t\t\t<\/div>\n\t\t\t\t<\/div>\n\t\t\t\t<\/div>\n\t\t<div class=\"elementor-element elementor-element-9d0ccae e-con-full e-flex e-con e-child\" data-id=\"9d0ccae\" data-element_type=\"container\">\n\t\t\t\t<div class=\"elementor-element elementor-element-59988df elementor-widget elementor-widget-image\" data-id=\"59988df\" data-element_type=\"widget\" data-widget_type=\"image.default\">\n\t\t\t\t<div class=\"elementor-widget-container\">\n\t\t\t\t\t\t\t\t\t\t\t\t\t\t\t<img loading=\"lazy\" decoding=\"async\" width=\"604\" height=\"84\" src=\"https:\/\/www.naturgy.com\/\/app\/uploads\/2023\/03\/africa-asia.jpeg\" class=\"attachment-large size-large wp-image-40157\" alt=\"\" srcset=\"https:\/\/www.naturgy.com\/\/app\/uploads\/2023\/03\/africa-asia.jpeg 604w, https:\/\/www.naturgy.com\/\/app\/uploads\/2023\/03\/africa-asia-300x42.jpeg 300w\" sizes=\"(max-width: 604px) 100vw, 604px\" \/>\t\t\t\t\t\t\t\t\t\t\t\t\t\t\t<\/div>\n\t\t\t\t<\/div>\n\t\t\t\t<div class=\"elementor-element elementor-element-576d692 has-icon elementor-widget elementor-widget-text-editor\" data-id=\"576d692\" data-element_type=\"widget\" data-widget_type=\"text-editor.default\">\n\t\t\t\t<div class=\"elementor-widget-container\">\n\t\t\t\t\t\t\t\t\t<p><a href=\"https:\/\/www.naturgy.com\/ca\/coneix-nos-naturgy\/presencia-internacional\/africa\/\">\u00c0frica<\/a><\/p>\t\t\t\t\t\t\t\t<\/div>\n\t\t\t\t<\/div>\n\t\t\t\t<div class=\"elementor-element elementor-element-4ba9008 elementor-widget elementor-widget-text-editor\" data-id=\"4ba9008\" data-element_type=\"widget\" data-widget_type=\"text-editor.default\">\n\t\t\t\t<div class=\"elementor-widget-container\">\n\t\t\t\t\t\t\t\t\t<div>\u200bAprovisionament i infraestructura GN\/GNL.<\/div><div>Gasoducte\u00a0Medgaz.<\/div>\t\t\t\t\t\t\t\t<\/div>\n\t\t\t\t<\/div>\n\t\t\t\t<div class=\"elementor-element elementor-element-e6db1ff has-icon elementor-widget elementor-widget-text-editor\" data-id=\"e6db1ff\" data-element_type=\"widget\" data-widget_type=\"text-editor.default\">\n\t\t\t\t<div class=\"elementor-widget-container\">\n\t\t\t\t\t\t\t\t\t<p><a href=\"https:\/\/www.naturgy.com\/ca\/coneix-nos-naturgy\/presencia-internacional\/asia\/\">\u00c0sia<\/a><\/p>\t\t\t\t\t\t\t\t<\/div>\n\t\t\t\t<\/div>\n\t\t\t\t<div class=\"elementor-element elementor-element-e1c58e9 elementor-widget elementor-widget-text-editor\" data-id=\"e1c58e9\" data-element_type=\"widget\" data-widget_type=\"text-editor.default\">\n\t\t\t\t<div class=\"elementor-widget-container\">\n\t\t\t\t\t\t\t\t\t<p>Aprovisionament,\u00a0comercialitzaci\u00f3 i\u00a0infraestructura GN\/GNL (planta liq\u00fcefacci\u00f3 Qalhat).<\/p>\t\t\t\t\t\t\t\t<\/div>\n\t\t\t\t<\/div>\n\t\t\t\t<\/div>\n\t\t\t\t\t<\/div>\n\t\t\t\t<\/div>\n\t\t<div class=\"elementor-element elementor-element-8aeb8f9 e-con-full e-flex e-con e-parent\" data-id=\"8aeb8f9\" data-element_type=\"container\">\n\t\t\t\t<div class=\"elementor-element elementor-element-d0cb5ff elementor-widget elementor-widget-spacer\" data-id=\"d0cb5ff\" data-element_type=\"widget\" data-widget_type=\"spacer.default\">\n\t\t\t\t<div class=\"elementor-widget-container\">\n\t\t\t\t\t\t\t<div class=\"elementor-spacer\">\n\t\t\t<div class=\"elementor-spacer-inner\"><\/div>\n\t\t<\/div>\n\t\t\t\t\t\t<\/div>\n\t\t\t\t<\/div>\n\t\t\t\t<\/div>\n\t\t\t\t<\/div>\n\t\t","protected":false},"excerpt":{"rendered":"<p>Am\u00e8rica \u200bDistribuci\u00f3\u00a0de gas i electricitat.Comercialitzaci\u00f3\u00a0i\u00a0infraestructura GN\/GNL.Generaci\u00f3 renovable (e\u00f2lica, solar i hidr\u00e0ulica).Generaci\u00f3 cicle combinat i fuel.Projectes\u00a0generaci\u00f3\u00a0renovable (solar i\u00a0emmagatzematge) Oceania Generaci\u00f3 e\u00f2lica. Espanya Transport, distribuci\u00f3 i&nbsp;comercialitzaci\u00f3&nbsp;de gas i&nbsp;electricitat. Generaci\u00f3: cicle&nbsp;combinat, nuclear, hidr\u00e0ulica, solar, cogeneraci\u00f3, mini hidr\u00e0ulica i&nbsp;e\u00f2lica. Resta d&#8217;Europa Comercialitzaci\u00f3\u00a0GN\/GNL.Comercialitzaci\u00f3\u00a0electricitat.Regasificaci\u00f3 Montoir. \u00c0frica \u200bAprovisionament i infraestructura GN\/GNL.Gasoducte\u00a0Medgaz. \u00c0sia Aprovisionament,\u00a0comercialitzaci\u00f3 i\u00a0infraestructura GN\/GNL (planta liq\u00fcefacci\u00f3 Qalhat).<\/p>\n","protected":false},"author":5,"featured_media":0,"parent":70605,"menu_order":3,"comment_status":"closed","ping_status":"closed","template":"","meta":{"_acf_changed":false,"footnotes":""},"class_list":["post-40708","page","type-page","status-publish","hentry"],"acf":[],"_links":{"self":[{"href":"https:\/\/www.naturgy.com\/ca\/wp-json\/wp\/v2\/pages\/40708","targetHints":{"allow":["GET"]}}],"collection":[{"href":"https:\/\/www.naturgy.com\/ca\/wp-json\/wp\/v2\/pages"}],"about":[{"href":"https:\/\/www.naturgy.com\/ca\/wp-json\/wp\/v2\/types\/page"}],"author":[{"embeddable":true,"href":"https:\/\/www.naturgy.com\/ca\/wp-json\/wp\/v2\/users\/5"}],"replies":[{"embeddable":true,"href":"https:\/\/www.naturgy.com\/ca\/wp-json\/wp\/v2\/comments?post=40708"}],"version-history":[{"count":30,"href":"https:\/\/www.naturgy.com\/ca\/wp-json\/wp\/v2\/pages\/40708\/revisions"}],"predecessor-version":[{"id":109963,"href":"https:\/\/www.naturgy.com\/ca\/wp-json\/wp\/v2\/pages\/40708\/revisions\/109963"}],"up":[{"embeddable":true,"href":"https:\/\/www.naturgy.com\/ca\/wp-json\/wp\/v2\/pages\/70605"}],"wp:attachment":[{"href":"https:\/\/www.naturgy.com\/ca\/wp-json\/wp\/v2\/media?parent=40708"}],"curies":[{"name":"wp","href":"https:\/\/api.w.org\/{rel}","templated":true}]}}