{"id":40727,"date":"2023-02-09T13:12:28","date_gmt":"2023-02-09T12:12:28","guid":{"rendered":"https:\/\/www.naturgy.com\/participaciones-preferentes-2005\/"},"modified":"2023-03-31T13:19:32","modified_gmt":"2023-03-31T11:19:32","slug":"participacions-preferents-2005","status":"publish","type":"page","link":"https:\/\/www.naturgy.com\/ca\/accionistes-i-inversors\/inversors\/renda-fixa\/participacions-preferents-2005\/","title":{"rendered":"Participacions preferents 2005"},"content":{"rendered":"\t\t<div data-elementor-type=\"wp-page\" data-elementor-id=\"40727\" class=\"elementor elementor-40727 elementor-20982\" data-elementor-post-type=\"page\">\n\t\t\t\t<div class=\"elementor-element elementor-element-6f89a81d e-flex e-con-boxed e-con e-parent\" data-id=\"6f89a81d\" data-element_type=\"container\">\n\t\t\t\t\t<div class=\"e-con-inner\">\n\t\t<div class=\"elementor-element elementor-element-26677f80 e-con-full e-flex e-con e-parent\" data-id=\"26677f80\" data-element_type=\"container\">\n\t\t\t\t<div class=\"elementor-element elementor-element-7ba78e05 elementor-widget elementor-widget-shortcode\" data-id=\"7ba78e05\" data-element_type=\"widget\" data-widget_type=\"shortcode.default\">\n\t\t\t\t<div class=\"elementor-widget-container\">\n\t\t\t\t\t\t\t<div class=\"elementor-shortcode\"><nav aria-label=\"breadcrumbs\" class=\"rank-math-breadcrumb\"><p><span class=\"last\">Inici<\/span><\/p><\/nav><\/div>\n\t\t\t\t\t\t<\/div>\n\t\t\t\t<\/div>\n\t\t\t\t<div class=\"elementor-element elementor-element-128e69f5 elementor-widget elementor-widget-heading\" data-id=\"128e69f5\" data-element_type=\"widget\" data-widget_type=\"heading.default\">\n\t\t\t\t<div class=\"elementor-widget-container\">\n\t\t\t\t\t<h1 class=\"elementor-heading-title elementor-size-default\">Participacions preferents 2005<\/h1>\t\t\t\t<\/div>\n\t\t\t\t<\/div>\n\t\t\t\t<\/div>\n\t\t<div class=\"elementor-element elementor-element-68f85d8c e-con-full e-flex e-con e-parent\" data-id=\"68f85d8c\" data-element_type=\"container\">\n\t\t\t\t<div class=\"elementor-element elementor-element-488cef3c elementor-widget elementor-widget-spacer\" data-id=\"488cef3c\" data-element_type=\"widget\" data-widget_type=\"spacer.default\">\n\t\t\t\t<div class=\"elementor-widget-container\">\n\t\t\t\t\t\t\t<div class=\"elementor-spacer\">\n\t\t\t<div class=\"elementor-spacer-inner\"><\/div>\n\t\t<\/div>\n\t\t\t\t\t\t<\/div>\n\t\t\t\t<\/div>\n\t\t\t\t<\/div>\n\t\t\t\t\t<\/div>\n\t\t\t\t<\/div>\n\t\t<div class=\"elementor-element elementor-element-3053dfec e-flex e-con-boxed e-con e-parent\" data-id=\"3053dfec\" data-element_type=\"container\">\n\t\t\t\t\t<div class=\"e-con-inner\">\n\t\t\t\t<div class=\"elementor-element elementor-element-2e31b3d1 elementor-widget elementor-widget-text-editor\" data-id=\"2e31b3d1\" data-element_type=\"widget\" data-widget_type=\"text-editor.default\">\n\t\t\t\t<div class=\"elementor-widget-container\">\n\t\t\t\t\t\t\t\t\t<p>UNION FENOSA PREFERENTES, S.A.U. fa una oferta de compra de les participacions preferents perp\u00e8tues emeses el 30 de juny de 2005:<\/p>\t\t\t\t\t\t\t\t<\/div>\n\t\t\t\t<\/div>\n\t\t\t\t\t<\/div>\n\t\t\t\t<\/div>\n\t\t<div class=\"elementor-element elementor-element-52fc315c e-flex e-con-boxed e-con e-parent\" data-id=\"52fc315c\" data-element_type=\"container\" data-settings=\"{&quot;background_background&quot;:&quot;classic&quot;}\">\n\t\t\t\t\t<div class=\"e-con-inner\">\n\t\t\t\t<div class=\"elementor-element elementor-element-89739ab elementor-widget elementor-widget-spacer\" data-id=\"89739ab\" data-element_type=\"widget\" data-widget_type=\"spacer.default\">\n\t\t\t\t<div class=\"elementor-widget-container\">\n\t\t\t\t\t\t\t<div class=\"elementor-spacer\">\n\t\t\t<div class=\"elementor-spacer-inner\"><\/div>\n\t\t<\/div>\n\t\t\t\t\t\t<\/div>\n\t\t\t\t<\/div>\n\t\t\t\t<div class=\"elementor-element elementor-element-aec98b1 elementor-widget elementor-widget-heading\" data-id=\"aec98b1\" data-element_type=\"widget\" data-widget_type=\"heading.default\">\n\t\t\t\t<div class=\"elementor-widget-container\">\n\t\t\t\t\t<h2 class=\"elementor-heading-title elementor-size-default\"><b>Documents<\/b><\/h2>\t\t\t\t<\/div>\n\t\t\t\t<\/div>\n\t\t\t\t<div class=\"elementor-element elementor-element-3180fff3 has-icon elementor-widget elementor-widget-text-editor\" data-id=\"3180fff3\" data-element_type=\"widget\" data-widget_type=\"text-editor.default\">\n\t\t\t\t<div class=\"elementor-widget-container\">\n\t\t\t\t\t\t\t\t\t<p><a href=\"https:\/\/stproportalcorporativo.blob.core.windows.net\/uploads\/2023\/02\/Hecho-relevante-Oferta-de-compra-4-de-mayo-de-2015.pdf\" target=\"_blank\" rel=\"noopener\">Fet rellevant Oferta de compra 4 maig de 2015<\/a><\/p><p><a href=\"https:\/\/stproportalcorporativo.blob.core.windows.net\/uploads\/2023\/02\/Hecho-Relevante-Resultado-Oferta-Compra-27-mayo-2015.pdf\" target=\"_blank\" rel=\"noopener\">Fet Rellevant Resultat Oferta de Compra 27 maig de 2015<\/a><\/p>\t\t\t\t\t\t\t\t<\/div>\n\t\t\t\t<\/div>\n\t\t\t\t\t<\/div>\n\t\t\t\t<\/div>\n\t\t<div class=\"elementor-element elementor-element-e3a4a86 e-con-full e-flex e-con e-parent\" data-id=\"e3a4a86\" data-element_type=\"container\">\n\t\t\t\t<div class=\"elementor-element elementor-element-c32e815 elementor-widget elementor-widget-spacer\" data-id=\"c32e815\" data-element_type=\"widget\" data-widget_type=\"spacer.default\">\n\t\t\t\t<div class=\"elementor-widget-container\">\n\t\t\t\t\t\t\t<div class=\"elementor-spacer\">\n\t\t\t<div class=\"elementor-spacer-inner\"><\/div>\n\t\t<\/div>\n\t\t\t\t\t\t<\/div>\n\t\t\t\t<\/div>\n\t\t\t\t<\/div>\n\t\t<div class=\"elementor-element elementor-element-571c9ceb grid col-3 e-flex e-con-boxed e-con e-parent\" data-id=\"571c9ceb\" data-element_type=\"container\">\n\t\t\t\t\t<div class=\"e-con-inner\">\n\t\t\t\t<div class=\"elementor-element elementor-element-66479ece kec-table elementor-widget elementor-widget-shortcode\" data-id=\"66479ece\" data-element_type=\"widget\" data-widget_type=\"shortcode.default\">\n\t\t\t\t<div class=\"elementor-widget-container\">\n\t\t\t\t\t\t\t<div class=\"elementor-shortcode\">\n<table id=\"tablepress-331\" class=\"tablepress tablepress-id-331\">\n<thead>\n<tr class=\"row-1\">\n\t<th class=\"column-1\">Emissor<\/th><th class=\"column-2\">Uni\u00f3n Fenosa Preferentes, S.A.U.  (Sociedad Unipersonal)<\/th>\n<\/tr>\n<\/thead>\n<tbody>\n<tr class=\"row-2\">\n\t<td class=\"column-1\">Garant<\/td><td class=\"column-2\">Naturgy Energy Group, S.A.<\/td>\n<\/tr>\n<tr class=\"row-3\">\n\t<td class=\"column-1\">Import<\/td><td class=\"column-2\">750 milions \u20ac (*)<br \/>\nValor nominal: 50.000 \u20ac per cada participaci\u00f3 preferent<\/td>\n<\/tr>\n<tr class=\"row-4\">\n\t<td class=\"column-1\">Dividends<\/td><td class=\"column-2\">Subjecte a l'exist\u00e8ncia de benefici distribu\u00efble:<br \/>\nFins al des\u00e8 any: Euribor a 3 mesos +0,65%<br \/>\nA partir del des\u00e8 any: Euribor a 3 mesos + 1,65 %<\/td>\n<\/tr>\n<tr class=\"row-5\">\n\t<td class=\"column-1\">Pagament en esp\u00e8cie<\/td><td class=\"column-2\">En el cas que, tot i haver-hi benefici distribu\u00efble, no s'aboni als accionistes dividend ordinari, l'emissor podr\u00e0 optar per pagar la remuneraci\u00f3 mitjan\u00e7ant l'increment del valor nominal de les participacions: preferents.<\/td>\n<\/tr>\n<tr class=\"row-6\">\n\t<td class=\"column-1\">Amortitzaci\u00f3<\/td><td class=\"column-2\">A partir del 30 de juny del 2015, l'emissor podr\u00e0 amortitzar anticipadament les participacions preferents emeses, de manera total o parcial.<\/td>\n<\/tr>\n<tr class=\"row-7\">\n\t<td class=\"column-1\">Cotitzaci\u00f3<\/td><td class=\"column-2\">Borsa de Luxemburg<\/td>\n<\/tr>\n<\/tbody>\n<\/table>\n<!-- #tablepress-331 from cache --><\/div>\n\t\t\t\t\t\t<\/div>\n\t\t\t\t<\/div>\n\t\t\t\t\t<\/div>\n\t\t\t\t<\/div>\n\t\t<div class=\"elementor-element elementor-element-37134930 e-flex e-con-boxed e-con e-parent\" data-id=\"37134930\" data-element_type=\"container\">\n\t\t\t\t\t<div class=\"e-con-inner\">\n\t\t\t\t<div class=\"elementor-element elementor-element-2ceacd09 elementor-widget elementor-widget-text-editor\" data-id=\"2ceacd09\" data-element_type=\"widget\" data-widget_type=\"text-editor.default\">\n\t\t\t\t<div class=\"elementor-widget-container\">\n\t\t\t\t\t\t\t\t\t(*) Actualment 110,3 milions \u20ac en circulaci\u00f3\n\t\t\t\t\t\t\t\t<\/div>\n\t\t\t\t<\/div>\n\t\t\t\t\t<\/div>\n\t\t\t\t<\/div>\n\t\t<div class=\"elementor-element elementor-element-4e504b13 e-con-full e-flex e-con e-parent\" data-id=\"4e504b13\" data-element_type=\"container\">\n\t\t\t\t<div class=\"elementor-element elementor-element-5909447a elementor-widget elementor-widget-spacer\" data-id=\"5909447a\" data-element_type=\"widget\" data-widget_type=\"spacer.default\">\n\t\t\t\t<div class=\"elementor-widget-container\">\n\t\t\t\t\t\t\t<div class=\"elementor-spacer\">\n\t\t\t<div class=\"elementor-spacer-inner\"><\/div>\n\t\t<\/div>\n\t\t\t\t\t\t<\/div>\n\t\t\t\t<\/div>\n\t\t\t\t<\/div>\n\t\t<div class=\"elementor-element elementor-element-214bdd3 e-flex e-con-boxed e-con e-parent\" data-id=\"214bdd3\" data-element_type=\"container\" data-settings=\"{&quot;background_background&quot;:&quot;classic&quot;}\">\n\t\t\t\t\t<div class=\"e-con-inner\">\n\t\t\t\t<div class=\"elementor-element elementor-element-124cdef elementor-widget elementor-widget-heading\" data-id=\"124cdef\" data-element_type=\"widget\" data-widget_type=\"heading.default\">\n\t\t\t\t<div class=\"elementor-widget-container\">\n\t\t\t\t\t<h2 class=\"elementor-heading-title elementor-size-default\">Documents<\/h2>\t\t\t\t<\/div>\n\t\t\t\t<\/div>\n\t\t\t\t<div class=\"elementor-element elementor-element-7cff909 has-icon elementor-widget elementor-widget-text-editor\" data-id=\"7cff909\" data-element_type=\"widget\" data-widget_type=\"text-editor.default\">\n\t\t\t\t<div class=\"elementor-widget-container\">\n\t\t\t\t\t\t\t\t\t<p><a href=\"https:\/\/stproportalcorporativo.blob.core.windows.net\/uploads\/2023\/02\/Documento-resumen-1.pdf\" target=\"_blank\" rel=\"noopener\">Document resum<\/a><\/p><p><a href=\"https:\/\/stproportalcorporativo.blob.core.windows.net\/uploads\/2023\/02\/Listing-Memorandum.pdf\" target=\"_blank\" rel=\"noopener\">Listing Memorandum<\/a><\/p>\t\t\t\t\t\t\t\t<\/div>\n\t\t\t\t<\/div>\n\t\t\t\t\t<\/div>\n\t\t\t\t<\/div>\n\t\t<div class=\"elementor-element elementor-element-f177642 e-con-full e-flex e-con e-parent\" data-id=\"f177642\" data-element_type=\"container\">\n\t\t\t\t<div class=\"elementor-element elementor-element-3176999 elementor-widget elementor-widget-spacer\" data-id=\"3176999\" data-element_type=\"widget\" data-widget_type=\"spacer.default\">\n\t\t\t\t<div class=\"elementor-widget-container\">\n\t\t\t\t\t\t\t<div class=\"elementor-spacer\">\n\t\t\t<div class=\"elementor-spacer-inner\"><\/div>\n\t\t<\/div>\n\t\t\t\t\t\t<\/div>\n\t\t\t\t<\/div>\n\t\t\t\t<\/div>\n\t\t<div class=\"elementor-element elementor-element-c2af50c e-flex e-con-boxed e-con e-parent\" data-id=\"c2af50c\" data-element_type=\"container\" data-settings=\"{&quot;background_background&quot;:&quot;classic&quot;}\">\n\t\t\t\t\t<div class=\"e-con-inner\">\n\t\t\t\t<div class=\"elementor-element elementor-element-a8250f1 elementor-widget elementor-widget-heading\" data-id=\"a8250f1\" data-element_type=\"widget\" data-widget_type=\"heading.default\">\n\t\t\t\t<div class=\"elementor-widget-container\">\n\t\t\t\t\t<h2 class=\"elementor-heading-title elementor-size-default\">Enlla\u00e7 relacionat<\/h2>\t\t\t\t<\/div>\n\t\t\t\t<\/div>\n\t\t\t\t<div class=\"elementor-element elementor-element-e9ca990 has-icon elementor-widget elementor-widget-text-editor\" data-id=\"e9ca990\" data-element_type=\"widget\" data-widget_type=\"text-editor.default\">\n\t\t\t\t<div class=\"elementor-widget-container\">\n\t\t\t\t\t\t\t\t\t<p><a href=\"https:\/\/www.naturgy.com\/accionistas-e-inversores\/inversores\/renta-fija\/participaciones-preferentes-2005\/retribucion-de-dividendos-2005\/\">Retribuci\u00f3 del dividend<\/a><\/p>\t\t\t\t\t\t\t\t<\/div>\n\t\t\t\t<\/div>\n\t\t\t\t\t<\/div>\n\t\t\t\t<\/div>\n\t\t<div class=\"elementor-element elementor-element-99873a6 e-con-full e-flex e-con e-parent\" data-id=\"99873a6\" data-element_type=\"container\">\n\t\t\t\t<div class=\"elementor-element elementor-element-61c2fc6 elementor-widget elementor-widget-spacer\" data-id=\"61c2fc6\" data-element_type=\"widget\" data-widget_type=\"spacer.default\">\n\t\t\t\t<div class=\"elementor-widget-container\">\n\t\t\t\t\t\t\t<div class=\"elementor-spacer\">\n\t\t\t<div class=\"elementor-spacer-inner\"><\/div>\n\t\t<\/div>\n\t\t\t\t\t\t<\/div>\n\t\t\t\t<\/div>\n\t\t\t\t<\/div>\n\t\t\t\t<\/div>\n\t\t","protected":false},"excerpt":{"rendered":"<p>UNION FENOSA PREFERENTES, S.A.U. fa una oferta de compra de les participacions preferents perp\u00e8tues emeses el 30 de juny de 2005: Documents Fet rellevant Oferta de compra 4 maig de 2015 Fet Rellevant Resultat Oferta de Compra 27 maig de 2015 (*) Actualment 110,3 milions \u20ac en circulaci\u00f3 Documents Document resum Listing Memorandum Enlla\u00e7 relacionat [&hellip;]<\/p>\n","protected":false},"author":9,"featured_media":0,"parent":41745,"menu_order":6,"comment_status":"closed","ping_status":"closed","template":"","meta":{"_acf_changed":false,"footnotes":""},"class_list":["post-40727","page","type-page","status-publish","hentry"],"acf":[],"_links":{"self":[{"href":"https:\/\/www.naturgy.com\/ca\/wp-json\/wp\/v2\/pages\/40727","targetHints":{"allow":["GET"]}}],"collection":[{"href":"https:\/\/www.naturgy.com\/ca\/wp-json\/wp\/v2\/pages"}],"about":[{"href":"https:\/\/www.naturgy.com\/ca\/wp-json\/wp\/v2\/types\/page"}],"author":[{"embeddable":true,"href":"https:\/\/www.naturgy.com\/ca\/wp-json\/wp\/v2\/users\/9"}],"replies":[{"embeddable":true,"href":"https:\/\/www.naturgy.com\/ca\/wp-json\/wp\/v2\/comments?post=40727"}],"version-history":[{"count":7,"href":"https:\/\/www.naturgy.com\/ca\/wp-json\/wp\/v2\/pages\/40727\/revisions"}],"predecessor-version":[{"id":59650,"href":"https:\/\/www.naturgy.com\/ca\/wp-json\/wp\/v2\/pages\/40727\/revisions\/59650"}],"up":[{"embeddable":true,"href":"https:\/\/www.naturgy.com\/ca\/wp-json\/wp\/v2\/pages\/41745"}],"wp:attachment":[{"href":"https:\/\/www.naturgy.com\/ca\/wp-json\/wp\/v2\/media?parent=40727"}],"curies":[{"name":"wp","href":"https:\/\/api.w.org\/{rel}","templated":true}]}}