{"id":40733,"date":"2023-02-20T09:04:10","date_gmt":"2023-02-20T08:04:10","guid":{"rendered":"https:\/\/www.naturgy.com\/plan-estrategico-2018-2022\/"},"modified":"2023-04-13T12:45:26","modified_gmt":"2023-04-13T10:45:26","slug":"pla-estrategic-2018-2022","status":"publish","type":"page","link":"https:\/\/www.naturgy.com\/ca\/accionistes-i-inversors\/inversors\/pla-estrategic-2021-2025\/pla-estrategic-2018-2022\/","title":{"rendered":"Pla estrat\u00e8gic 2018-2022"},"content":{"rendered":"\t\t<div data-elementor-type=\"wp-page\" data-elementor-id=\"40733\" class=\"elementor elementor-40733 elementor-27676\" data-elementor-post-type=\"page\">\n\t\t\t\t<div class=\"elementor-element elementor-element-20e04914 e-flex e-con-boxed e-con e-parent\" data-id=\"20e04914\" data-element_type=\"container\">\n\t\t\t\t\t<div class=\"e-con-inner\">\n\t\t<div class=\"elementor-element elementor-element-160b4c62 e-con-full e-flex e-con e-parent\" data-id=\"160b4c62\" data-element_type=\"container\">\n\t\t\t\t<div class=\"elementor-element elementor-element-256d5a33 elementor-widget elementor-widget-shortcode\" data-id=\"256d5a33\" data-element_type=\"widget\" data-widget_type=\"shortcode.default\">\n\t\t\t\t<div class=\"elementor-widget-container\">\n\t\t\t\t\t\t\t<div class=\"elementor-shortcode\"><nav aria-label=\"breadcrumbs\" class=\"rank-math-breadcrumb\"><p><span class=\"last\">Inici<\/span><\/p><\/nav><\/div>\n\t\t\t\t\t\t<\/div>\n\t\t\t\t<\/div>\n\t\t\t\t<div class=\"elementor-element elementor-element-5310c183 elementor-widget elementor-widget-heading\" data-id=\"5310c183\" data-element_type=\"widget\" data-widget_type=\"heading.default\">\n\t\t\t\t<div class=\"elementor-widget-container\">\n\t\t\t\t\t<h1 class=\"elementor-heading-title elementor-size-default\">Pla estrat\u00e8gic 2018-2022<\/h1>\t\t\t\t<\/div>\n\t\t\t\t<\/div>\n\t\t\t\t<\/div>\n\t\t<div class=\"elementor-element elementor-element-61d4f8c2 e-con-full e-flex e-con e-parent\" data-id=\"61d4f8c2\" data-element_type=\"container\">\n\t\t\t\t<div class=\"elementor-element elementor-element-7419b975 elementor-widget elementor-widget-spacer\" data-id=\"7419b975\" data-element_type=\"widget\" data-widget_type=\"spacer.default\">\n\t\t\t\t<div class=\"elementor-widget-container\">\n\t\t\t\t\t\t\t<div class=\"elementor-spacer\">\n\t\t\t<div class=\"elementor-spacer-inner\"><\/div>\n\t\t<\/div>\n\t\t\t\t\t\t<\/div>\n\t\t\t\t<\/div>\n\t\t\t\t<\/div>\n\t\t\t\t\t<\/div>\n\t\t\t\t<\/div>\n\t\t<div class=\"elementor-element elementor-element-2625ed0b e-flex e-con-boxed e-con e-parent\" data-id=\"2625ed0b\" data-element_type=\"container\">\n\t\t\t\t\t<div class=\"e-con-inner\">\n\t\t\t\t<div class=\"elementor-element elementor-element-2a3aab84 elementor-widget elementor-widget-text-editor\" data-id=\"2a3aab84\" data-element_type=\"widget\" data-widget_type=\"text-editor.default\">\n\t\t\t\t<div class=\"elementor-widget-container\">\n\t\t\t\t\t\t\t\t\t<p><iframe title=\"vimeo-player\" src=\"https:\/\/player.vimeo.com\/video\/425449763?h=0fd8b978ed\" width=\"640\" height=\"360\" frameborder=\"0\" allowfullscreen=\"allowfullscreen\"><\/iframe><\/p>\t\t\t\t\t\t\t\t<\/div>\n\t\t\t\t<\/div>\n\t\t\t\t<div class=\"elementor-element elementor-element-59dd952 elementor-widget elementor-widget-text-editor\" data-id=\"59dd952\" data-element_type=\"widget\" data-widget_type=\"text-editor.default\">\n\t\t\t\t<div class=\"elementor-widget-container\">\n\t\t\t\t\t\t\t\t\t<p>Naturgy ha presentat a Londres el seu nou Pla Estrat\u00e8gic 2018-2022, amb el qual generar\u00e0 valor a trav\u00e9s de la simplicitat i\u00a0<em>accountability<\/em>, l&#8217;optimitzaci\u00f3, la disciplina financera i la retribuci\u00f3 a l&#8217;accionista. A m\u00e9s, la companyia s&#8217;ha fixat els seg\u00fcents\u00a0<strong>objectius financers: assolir un EBITDA de 5.000 milions\u00a0<\/strong>i un<strong>\u00a0benefici net de 1.800 milions\u00a0<\/strong>d&#8217;euros el\u00a0<strong>2022<\/strong>. Aix\u00ed mateix, la companyia es compromet a augmentar el dividend per acci\u00f3 un m\u00ednim d&#8217;un 5% anual a partir del 2018, de manera que assoleixi els 1,59 euros per acci\u00f3 el 2022. Naturgy t\u00e9 previst invertir 8.400 milions d&#8217;euros durant el per\u00edode 2018-2022, dels quals 5.300 milions aniran destinats a inversions de creixement.<\/p>\t\t\t\t\t\t\t\t<\/div>\n\t\t\t\t<\/div>\n\t\t\t\t\t<\/div>\n\t\t\t\t<\/div>\n\t\t<div class=\"elementor-element elementor-element-68e387d4 e-con-full e-flex e-con e-parent\" data-id=\"68e387d4\" data-element_type=\"container\">\n\t\t\t\t<div class=\"elementor-element elementor-element-7e5e8dc3 elementor-widget elementor-widget-spacer\" data-id=\"7e5e8dc3\" data-element_type=\"widget\" data-widget_type=\"spacer.default\">\n\t\t\t\t<div class=\"elementor-widget-container\">\n\t\t\t\t\t\t\t<div class=\"elementor-spacer\">\n\t\t\t<div class=\"elementor-spacer-inner\"><\/div>\n\t\t<\/div>\n\t\t\t\t\t\t<\/div>\n\t\t\t\t<\/div>\n\t\t\t\t<\/div>\n\t\t<div class=\"elementor-element elementor-element-6b7d110 e-flex e-con-boxed e-con e-parent\" data-id=\"6b7d110\" data-element_type=\"container\">\n\t\t\t\t\t<div class=\"e-con-inner\">\n\t\t\t\t<div class=\"elementor-element elementor-element-4079298 elementor-widget elementor-widget-heading\" data-id=\"4079298\" data-element_type=\"widget\" data-widget_type=\"heading.default\">\n\t\t\t\t<div class=\"elementor-widget-container\">\n\t\t\t\t\t<h2 class=\"elementor-heading-title elementor-size-default\">Documentos<\/h2>\t\t\t\t<\/div>\n\t\t\t\t<\/div>\n\t\t\t\t\t<\/div>\n\t\t\t\t<\/div>\n\t\t<div class=\"elementor-element elementor-element-5bcf484 e-flex e-con-boxed e-con e-parent\" data-id=\"5bcf484\" data-element_type=\"container\">\n\t\t\t\t\t<div class=\"e-con-inner\">\n\t\t\t\t<div class=\"elementor-element elementor-element-36de68c elementor-widget elementor-widget-spacer\" data-id=\"36de68c\" data-element_type=\"widget\" data-widget_type=\"spacer.default\">\n\t\t\t\t<div class=\"elementor-widget-container\">\n\t\t\t\t\t\t\t<div class=\"elementor-spacer\">\n\t\t\t<div class=\"elementor-spacer-inner\"><\/div>\n\t\t<\/div>\n\t\t\t\t\t\t<\/div>\n\t\t\t\t<\/div>\n\t\t\t\t\t<\/div>\n\t\t\t\t<\/div>\n\t\t<div class=\"elementor-element elementor-element-6e11410 e-flex e-con-boxed e-con e-parent\" data-id=\"6e11410\" data-element_type=\"container\">\n\t\t\t\t\t<div class=\"e-con-inner\">\n\t\t\t\t<div class=\"elementor-element elementor-element-9d8e77c has-icon elementor-widget elementor-widget-text-editor\" data-id=\"9d8e77c\" data-element_type=\"widget\" data-widget_type=\"text-editor.default\">\n\t\t\t\t<div class=\"elementor-widget-container\">\n\t\t\t\t\t\t\t\t\t<div class=\"file-doc\"><a href=\"https:\/\/stproportalcorporativo.blob.core.windows.net\/uploads\/2023\/02\/Strategic-Plan-2018-2022-FINAL-1.pdf\" target=\"_blank\" rel=\"noopener\"><span class=\"file-type\"><span class=\"file-title\">\u00a0Pla estrat\u00e8gic 2018-2022<\/span>(1860 KB)<\/span><\/a><\/div>\t\t\t\t\t\t\t\t<\/div>\n\t\t\t\t<\/div>\n\t\t\t\t<div class=\"elementor-element elementor-element-4c46297 has-icon elementor-widget elementor-widget-text-editor\" data-id=\"4c46297\" data-element_type=\"widget\" data-widget_type=\"text-editor.default\">\n\t\t\t\t<div class=\"elementor-widget-container\">\n\t\t\t\t\t\t\t\t\t<p><a href=\"https:\/\/www.naturgy.com\/notas-de-prensa\/naturgy-presenta-en-londres-su-plan-estrategico-a-2022-centrado-en-la-creacion-de-valor\/\">Nota de prensa<\/a><\/p>\t\t\t\t\t\t\t\t<\/div>\n\t\t\t\t<\/div>\n\t\t\t\t\t<\/div>\n\t\t\t\t<\/div>\n\t\t<div class=\"elementor-element elementor-element-c9b65d1 e-flex e-con-boxed e-con e-parent\" data-id=\"c9b65d1\" data-element_type=\"container\">\n\t\t\t\t\t<div class=\"e-con-inner\">\n\t\t\t\t<div class=\"elementor-element elementor-element-9ebab0b elementor-widget elementor-widget-spacer\" data-id=\"9ebab0b\" data-element_type=\"widget\" data-widget_type=\"spacer.default\">\n\t\t\t\t<div class=\"elementor-widget-container\">\n\t\t\t\t\t\t\t<div class=\"elementor-spacer\">\n\t\t\t<div class=\"elementor-spacer-inner\"><\/div>\n\t\t<\/div>\n\t\t\t\t\t\t<\/div>\n\t\t\t\t<\/div>\n\t\t\t\t<div class=\"elementor-element elementor-element-5fa20a1 elementor-widget elementor-widget-shortcode\" data-id=\"5fa20a1\" data-element_type=\"widget\" data-widget_type=\"shortcode.default\">\n\t\t\t\t<div class=\"elementor-widget-container\">\n\t\t\t\t\t\t\t<div class=\"elementor-shortcode\">            <div class=\"carrusel-multimedia\" data-carrusel=\"multimedia\">\n                <div class=\"swiper carrusel-2\">\n                    <div class=\"swiper-wrapper\">\n                                                    <div class=\"swiper-slide\">\n                                <div class=\"card\">\n                                                                            <img decoding=\"async\" class=\"card-image\" src=\"https:\/\/www.naturgy.com\/\/app\/uploads\/2023\/03\/Francisoc-Reynes-presenta-el-plan-estrategico-perfil-derecho1.jpg\">\n                                                                        <div class=\"card-info\">\n                                                                                                                        <a class=\"card-download\" href=\"https:\/\/www.naturgy.com\/\/app\/uploads\/2023\/03\/Francisoc-Reynes-presenta-el-plan-estrategico-perfil-derecho1.jpg\" download><\/a>\n                                        <div class=\"card-index\">\n                                            <span class=\"card-index--current\"><\/span>\/<span\n                                                    class=\"card-index--total\"><\/span>\n                                        <\/div>\n                                    <\/div>\n                                <\/div>\n                            <\/div>\n                                                    <div class=\"swiper-slide\">\n                                <div class=\"card\">\n                                                                            <img decoding=\"async\" class=\"card-image\" src=\"https:\/\/www.naturgy.com\/\/app\/uploads\/2023\/03\/Francisoc-Reynes-presenta-el-plan-estrategico-de-frente0.jpg\">\n                                                                        <div class=\"card-info\">\n                                                                                                                        <a class=\"card-download\" href=\"https:\/\/www.naturgy.com\/\/app\/uploads\/2023\/03\/Francisoc-Reynes-presenta-el-plan-estrategico-de-frente0.jpg\" download><\/a>\n                                        <div class=\"card-index\">\n                                            <span class=\"card-index--current\"><\/span>\/<span\n                                                    class=\"card-index--total\"><\/span>\n                                        <\/div>\n                                    <\/div>\n                                <\/div>\n                            <\/div>\n                                                    <div class=\"swiper-slide\">\n                                <div class=\"card\">\n                                                                            <img decoding=\"async\" class=\"card-image\" src=\"https:\/\/www.naturgy.com\/\/app\/uploads\/2023\/03\/Francisoc-Reynes-presenta-el-plan-estrategico-perfil-izquierdo0.jpg\">\n                                                                        <div class=\"card-info\">\n                                                                                                                        <a class=\"card-download\" href=\"https:\/\/www.naturgy.com\/\/app\/uploads\/2023\/03\/Francisoc-Reynes-presenta-el-plan-estrategico-perfil-izquierdo0.jpg\" download><\/a>\n                                        <div class=\"card-index\">\n                                            <span class=\"card-index--current\"><\/span>\/<span\n                                                    class=\"card-index--total\"><\/span>\n                                        <\/div>\n                                    <\/div>\n                                <\/div>\n                            <\/div>\n                                                    <div class=\"swiper-slide\">\n                                <div class=\"card\">\n                                                                            <img decoding=\"async\" class=\"card-image\" src=\"https:\/\/www.naturgy.com\/\/app\/uploads\/2023\/03\/Francisoc-Reynes-presenta-el-plan-estrategico-de-frente-detalle0.jpg\">\n                                                                        <div class=\"card-info\">\n                                                                                                                        <a class=\"card-download\" href=\"https:\/\/www.naturgy.com\/\/app\/uploads\/2023\/03\/Francisoc-Reynes-presenta-el-plan-estrategico-de-frente-detalle0.jpg\" download><\/a>\n                                        <div class=\"card-index\">\n                                            <span class=\"card-index--current\"><\/span>\/<span\n                                                    class=\"card-index--total\"><\/span>\n                                        <\/div>\n                                    <\/div>\n                                <\/div>\n                            <\/div>\n                                                    <div class=\"swiper-slide\">\n                                <div class=\"card\">\n                                                                            <img decoding=\"async\" class=\"card-image\" src=\"https:\/\/www.naturgy.com\/\/app\/uploads\/2023\/03\/Francisco-Reynes-presenta-el-plan-estrategico-perfil-izquierdo-2.jpg\">\n                                                                        <div class=\"card-info\">\n                                                                                                                        <a class=\"card-download\" href=\"https:\/\/www.naturgy.com\/\/app\/uploads\/2023\/03\/Francisco-Reynes-presenta-el-plan-estrategico-perfil-izquierdo-2.jpg\" download><\/a>\n                                        <div class=\"card-index\">\n                                            <span class=\"card-index--current\"><\/span>\/<span\n                                                    class=\"card-index--total\"><\/span>\n                                        <\/div>\n                                    <\/div>\n                                <\/div>\n                            <\/div>\n                                            <\/div>\n                    <!--<div class=\"swiper-pagination\"><\/div>-->\n                    <button class=\"swiper-button swiper-button-prev\"><\/button>\n                    <button class=\"swiper-button swiper-button-next\"><\/button>\n                <\/div>\n                <div thumbsslider class=\"swiper carrusel\">\n                    <div class=\"swiper-wrapper\">\n                                                                                    <div class=\"swiper-slide\">\n                                    <div class=\"card\">\n                                        <img decoding=\"async\" class=\"card-image\"\n                                             src=\"https:\/\/www.naturgy.com\/\/app\/uploads\/2023\/03\/Francisoc-Reynes-presenta-el-plan-estrategico-perfil-derecho1-300x200.jpg\">\n                                    <\/div>\n                                <\/div>\n                                                                                                                <div class=\"swiper-slide\">\n                                    <div class=\"card\">\n                                        <img decoding=\"async\" class=\"card-image\"\n                                             src=\"https:\/\/www.naturgy.com\/\/app\/uploads\/2023\/03\/Francisoc-Reynes-presenta-el-plan-estrategico-de-frente0-300x200.jpg\">\n                                    <\/div>\n                                <\/div>\n                                                                                                                <div class=\"swiper-slide\">\n                                    <div class=\"card\">\n                                        <img decoding=\"async\" class=\"card-image\"\n                                             src=\"https:\/\/www.naturgy.com\/\/app\/uploads\/2023\/03\/Francisoc-Reynes-presenta-el-plan-estrategico-perfil-izquierdo0-300x200.jpg\">\n                                    <\/div>\n                                <\/div>\n                                                                                                                <div class=\"swiper-slide\">\n                                    <div class=\"card\">\n                                        <img decoding=\"async\" class=\"card-image\"\n                                             src=\"https:\/\/www.naturgy.com\/\/app\/uploads\/2023\/03\/Francisoc-Reynes-presenta-el-plan-estrategico-de-frente-detalle0-300x200.jpg\">\n                                    <\/div>\n                                <\/div>\n                                                                                                                <div class=\"swiper-slide\">\n                                    <div class=\"card\">\n                                        <img decoding=\"async\" class=\"card-image\"\n                                             src=\"https:\/\/www.naturgy.com\/\/app\/uploads\/2023\/03\/Francisco-Reynes-presenta-el-plan-estrategico-perfil-izquierdo-2-300x200.jpg\">\n                                    <\/div>\n                                <\/div>\n                                                                        <\/div>\n                <\/div>\n            <\/div>\n        <\/div>\n\t\t\t\t\t\t<\/div>\n\t\t\t\t<\/div>\n\t\t\t\t\t<\/div>\n\t\t\t\t<\/div>\n\t\t<div class=\"elementor-element elementor-element-c39d241 e-con-full e-flex e-con e-parent\" data-id=\"c39d241\" data-element_type=\"container\">\n\t\t\t\t<div class=\"elementor-element elementor-element-a2ddc3e elementor-widget elementor-widget-spacer\" data-id=\"a2ddc3e\" data-element_type=\"widget\" data-widget_type=\"spacer.default\">\n\t\t\t\t<div class=\"elementor-widget-container\">\n\t\t\t\t\t\t\t<div class=\"elementor-spacer\">\n\t\t\t<div class=\"elementor-spacer-inner\"><\/div>\n\t\t<\/div>\n\t\t\t\t\t\t<\/div>\n\t\t\t\t<\/div>\n\t\t\t\t<\/div>\n\t\t\t\t<\/div>\n\t\t","protected":false},"excerpt":{"rendered":"<p>Naturgy ha presentat a Londres el seu nou Pla Estrat\u00e8gic 2018-2022, amb el qual generar\u00e0 valor a trav\u00e9s de la simplicitat i\u00a0accountability, l&#8217;optimitzaci\u00f3, la disciplina financera i la retribuci\u00f3 a l&#8217;accionista. A m\u00e9s, la companyia s&#8217;ha fixat els seg\u00fcents\u00a0objectius financers: assolir un EBITDA de 5.000 milions\u00a0i un\u00a0benefici net de 1.800 milions\u00a0d&#8217;euros el\u00a02022. Aix\u00ed mateix, la [&hellip;]<\/p>\n","protected":false},"author":5,"featured_media":0,"parent":59793,"menu_order":1,"comment_status":"closed","ping_status":"closed","template":"","meta":{"_acf_changed":false,"footnotes":""},"class_list":["post-40733","page","type-page","status-publish","hentry"],"acf":[],"_links":{"self":[{"href":"https:\/\/www.naturgy.com\/ca\/wp-json\/wp\/v2\/pages\/40733","targetHints":{"allow":["GET"]}}],"collection":[{"href":"https:\/\/www.naturgy.com\/ca\/wp-json\/wp\/v2\/pages"}],"about":[{"href":"https:\/\/www.naturgy.com\/ca\/wp-json\/wp\/v2\/types\/page"}],"author":[{"embeddable":true,"href":"https:\/\/www.naturgy.com\/ca\/wp-json\/wp\/v2\/users\/5"}],"replies":[{"embeddable":true,"href":"https:\/\/www.naturgy.com\/ca\/wp-json\/wp\/v2\/comments?post=40733"}],"version-history":[{"count":9,"href":"https:\/\/www.naturgy.com\/ca\/wp-json\/wp\/v2\/pages\/40733\/revisions"}],"predecessor-version":[{"id":65224,"href":"https:\/\/www.naturgy.com\/ca\/wp-json\/wp\/v2\/pages\/40733\/revisions\/65224"}],"up":[{"embeddable":true,"href":"https:\/\/www.naturgy.com\/ca\/wp-json\/wp\/v2\/pages\/59793"}],"wp:attachment":[{"href":"https:\/\/www.naturgy.com\/ca\/wp-json\/wp\/v2\/media?parent=40733"}],"curies":[{"name":"wp","href":"https:\/\/api.w.org\/{rel}","templated":true}]}}