{"id":40852,"date":"2023-01-20T13:16:36","date_gmt":"2023-01-20T12:16:36","guid":{"rendered":"https:\/\/www.naturgy.com\/conocenos\/la-energia\/remit-integridad-y-transparencia-del-mercado-mayorista-de-energia\/"},"modified":"2023-10-03T16:10:51","modified_gmt":"2023-10-03T14:10:51","slug":"remit-integritat-i-transparencia-del-mercat-majorista-denergia","status":"publish","type":"page","link":"https:\/\/www.naturgy.com\/ca\/coneix-nos-naturgy\/l-energia\/remit-integritat-i-transparencia-del-mercat-majorista-denergia\/","title":{"rendered":"REMIT \u2013 Integritat i transpar\u00e8ncia del mercat majorista d&#8217;energia"},"content":{"rendered":"\t\t<div data-elementor-type=\"wp-page\" data-elementor-id=\"40852\" class=\"elementor elementor-40852 elementor-12350\" data-elementor-post-type=\"page\">\n\t\t\t\t<div class=\"elementor-element elementor-element-1e89907b e-flex e-con-boxed e-con e-parent\" data-id=\"1e89907b\" data-element_type=\"container\">\n\t\t\t\t\t<div class=\"e-con-inner\">\n\t\t<div class=\"elementor-element elementor-element-2bfb5bc e-con-full e-flex e-con e-parent\" data-id=\"2bfb5bc\" data-element_type=\"container\">\n\t\t\t\t<div class=\"elementor-element elementor-element-180c027a elementor-widget elementor-widget-shortcode\" data-id=\"180c027a\" data-element_type=\"widget\" data-widget_type=\"shortcode.default\">\n\t\t\t\t<div class=\"elementor-widget-container\">\n\t\t\t\t\t\t\t<div class=\"elementor-shortcode\"><nav aria-label=\"breadcrumbs\" class=\"rank-math-breadcrumb\"><p><span class=\"last\">Inici<\/span><\/p><\/nav><\/div>\n\t\t\t\t\t\t<\/div>\n\t\t\t\t<\/div>\n\t\t\t\t<div class=\"elementor-element elementor-element-704c199e elementor-widget elementor-widget-heading\" data-id=\"704c199e\" data-element_type=\"widget\" data-widget_type=\"heading.default\">\n\t\t\t\t<div class=\"elementor-widget-container\">\n\t\t\t\t\t<h1 class=\"elementor-heading-title elementor-size-default\">REMIT \u2013 Integritat i transpar\u00e8ncia del mercat majorista d&#8217;energia<\/h1>\t\t\t\t<\/div>\n\t\t\t\t<\/div>\n\t\t\t\t<\/div>\n\t\t<div class=\"elementor-element elementor-element-768417dd e-con-full e-flex e-con e-parent\" data-id=\"768417dd\" data-element_type=\"container\">\n\t\t\t\t<div class=\"elementor-element elementor-element-1609c724 elementor-widget elementor-widget-spacer\" data-id=\"1609c724\" data-element_type=\"widget\" data-widget_type=\"spacer.default\">\n\t\t\t\t<div class=\"elementor-widget-container\">\n\t\t\t\t\t\t\t<div class=\"elementor-spacer\">\n\t\t\t<div class=\"elementor-spacer-inner\"><\/div>\n\t\t<\/div>\n\t\t\t\t\t\t<\/div>\n\t\t\t\t<\/div>\n\t\t\t\t<\/div>\n\t\t\t\t\t<\/div>\n\t\t\t\t<\/div>\n\t\t<div class=\"elementor-element elementor-element-9c9c092 e-con-full e-flex e-con e-parent\" data-id=\"9c9c092\" data-element_type=\"container\" data-settings=\"{&quot;background_background&quot;:&quot;classic&quot;}\">\n\t\t<div class=\"elementor-element elementor-element-21d11074 e-con-full e-flex e-con e-parent\" data-id=\"21d11074\" data-element_type=\"container\">\n\t\t\t\t<div class=\"elementor-element elementor-element-7603eaf elementor-widget elementor-widget-heading\" data-id=\"7603eaf\" data-element_type=\"widget\" data-widget_type=\"heading.default\">\n\t\t\t\t<div class=\"elementor-widget-container\">\n\t\t\t\t\t<h1 class=\"elementor-heading-title elementor-size-default\">REMIT. Integritat i transpar\u00e8ncia del mercat a l'engr\u00f2s d'energia\n<\/h1>\t\t\t\t<\/div>\n\t\t\t\t<\/div>\n\t\t\t\t<\/div>\n\t\t<div class=\"elementor-element elementor-element-5183d5fc e-con-full e-flex e-con e-parent\" data-id=\"5183d5fc\" data-element_type=\"container\">\n\t\t\t\t<div class=\"elementor-element elementor-element-380d95b4 elementor-hidden-tablet elementor-hidden-desktop elementor-widget elementor-widget-image\" data-id=\"380d95b4\" data-element_type=\"widget\" data-widget_type=\"image.default\">\n\t\t\t\t<div class=\"elementor-widget-container\">\n\t\t\t\t\t\t\t\t\t\t\t\t\t\t\t<img fetchpriority=\"high\" decoding=\"async\" width=\"768\" height=\"512\" src=\"https:\/\/www.naturgy.com\/\/app\/uploads\/2023\/02\/9182cdb0-654b-4e4c-9845-0d41e159a877.png\" class=\"attachment-large size-large wp-image-33709\" alt=\"\" srcset=\"https:\/\/www.naturgy.com\/\/app\/uploads\/2023\/02\/9182cdb0-654b-4e4c-9845-0d41e159a877.png 768w, https:\/\/www.naturgy.com\/\/app\/uploads\/2023\/02\/9182cdb0-654b-4e4c-9845-0d41e159a877-300x200.png 300w\" sizes=\"(max-width: 768px) 100vw, 768px\" \/>\t\t\t\t\t\t\t\t\t\t\t\t\t\t\t<\/div>\n\t\t\t\t<\/div>\n\t\t\t\t<\/div>\n\t\t\t\t<\/div>\n\t\t<div class=\"elementor-element elementor-element-1554ad77 e-con-full e-flex e-con e-parent\" data-id=\"1554ad77\" data-element_type=\"container\">\n\t\t\t\t<div class=\"elementor-element elementor-element-2748128f elementor-widget elementor-widget-spacer\" data-id=\"2748128f\" data-element_type=\"widget\" data-widget_type=\"spacer.default\">\n\t\t\t\t<div class=\"elementor-widget-container\">\n\t\t\t\t\t\t\t<div class=\"elementor-spacer\">\n\t\t\t<div class=\"elementor-spacer-inner\"><\/div>\n\t\t<\/div>\n\t\t\t\t\t\t<\/div>\n\t\t\t\t<\/div>\n\t\t\t\t<\/div>\n\t\t<div class=\"elementor-element elementor-element-36ac3666 e-flex e-con-boxed e-con e-parent\" data-id=\"36ac3666\" data-element_type=\"container\">\n\t\t\t\t\t<div class=\"e-con-inner\">\n\t\t\t\t<div class=\"elementor-element elementor-element-6b058258 elementor-widget elementor-widget-text-editor\" data-id=\"6b058258\" data-element_type=\"widget\" data-widget_type=\"text-editor.default\">\n\t\t\t\t<div class=\"elementor-widget-container\">\n\t\t\t\t\t\t\t\t\t<p><strong>Naturgy participa en el desenvolupament de mercats a l&#8217;engr\u00f2s d&#8217;energia competitius\u00a0<\/strong>a trav\u00e9s de mecanismes que fomenten la seva integritat i transpar\u00e8ncia. En concret, el Reglament de la Uni\u00f3 Europea n\u00fam. 1227\/2011, sobre la integritat i la transpar\u00e8ncia del mercat a l&#8217;engr\u00f2s d&#8217;energia (REMIT), obliga les empreses generadores, com a participants en el mercat, a la difusi\u00f3 de manera efectiva i oportuna\u00a0<strong>d&#8217;informaci\u00f3 relacionada amb la capacitat i utilitzaci\u00f3 de les seves instal\u00b7lacions de producci\u00f3, emmagatzemament, consum o transport d&#8217;energia el\u00e8ctrica<\/strong>, inclosa la indisponibilitat planificada o no de les instal\u00b7lacions esmentades.<br \/><br \/>La companyia,\u00a0<strong>en compliment de la legislaci\u00f3 vigent, publica a continuaci\u00f3 informaci\u00f3 sobre les seves unitats de generaci\u00f3 a Espanya<\/strong>. Aquestes dades seran degudament revisades quant al seu contingut i\/o format si aix\u00ed se sol\u00b7licita.<\/p>\t\t\t\t\t\t\t\t<\/div>\n\t\t\t\t<\/div>\n\t\t\t\t<div class=\"elementor-element elementor-element-3cb2301 elementor-widget elementor-widget-spacer\" data-id=\"3cb2301\" data-element_type=\"widget\" data-widget_type=\"spacer.default\">\n\t\t\t\t<div class=\"elementor-widget-container\">\n\t\t\t\t\t\t\t<div class=\"elementor-spacer\">\n\t\t\t<div class=\"elementor-spacer-inner\"><\/div>\n\t\t<\/div>\n\t\t\t\t\t\t<\/div>\n\t\t\t\t<\/div>\n\t\t\t\t\t<\/div>\n\t\t\t\t<\/div>\n\t\t<div class=\"elementor-element elementor-element-2a7cd7b5 e-flex e-con-boxed e-con e-parent\" data-id=\"2a7cd7b5\" data-element_type=\"container\">\n\t\t\t\t\t<div class=\"e-con-inner\">\n\t\t\t\t<div class=\"elementor-element elementor-element-7f5d2624 elementor-widget elementor-widget-heading\" data-id=\"7f5d2624\" data-element_type=\"widget\" data-widget_type=\"heading.default\">\n\t\t\t\t<div class=\"elementor-widget-container\">\n\t\t\t\t\t<h2 class=\"elementor-heading-title elementor-size-default\">Electricitat<\/h2>\t\t\t\t<\/div>\n\t\t\t\t<\/div>\n\t\t\t\t<div class=\"elementor-element elementor-element-279ddcb has-icon elementor-widget elementor-widget-text-editor\" data-id=\"279ddcb\" data-element_type=\"widget\" data-widget_type=\"text-editor.default\">\n\t\t\t\t<div class=\"elementor-widget-container\">\n\t\t\t\t\t\t\t\t\t<p>Documents relacionats<\/p>\t\t\t\t\t\t\t\t<\/div>\n\t\t\t\t<\/div>\n\t\t\t\t<div class=\"elementor-element elementor-element-fe93d21 elementor-align-start elementor-icon-list--layout-traditional elementor-list-item-link-full_width elementor-widget elementor-widget-icon-list\" data-id=\"fe93d21\" data-element_type=\"widget\" data-widget_type=\"icon-list.default\">\n\t\t\t\t<div class=\"elementor-widget-container\">\n\t\t\t\t\t\t\t<ul class=\"elementor-icon-list-items\">\n\t\t\t\t\t\t\t<li class=\"elementor-icon-list-item\">\n\t\t\t\t\t\t\t\t\t\t\t<a href=\"https:\/\/estaticosecolgnf.azurewebsites.net\/remit\/remit-potencia-instalada.pdf\" target=\"_blank\" rel=\"noopener\">\n\n\t\t\t\t\t\t\t\t\t\t\t\t<span class=\"elementor-icon-list-icon\">\n\t\t\t\t\t\t\t<i aria-hidden=\"true\" class=\"oficina oficina-archivo-pdf\"><\/i>\t\t\t\t\t\t<\/span>\n\t\t\t\t\t\t\t\t\t\t<span class=\"elementor-icon-list-text\">Unitats de Producci\u00f3. Informaci\u00f3 sobre les unitats de producci\u00f3 amb una capacitat de generaci\u00f3 instal\u00b7lada igual o superior a 100 MW<\/span>\n\t\t\t\t\t\t\t\t\t\t\t<\/a>\n\t\t\t\t\t\t\t\t\t<\/li>\n\t\t\t\t\t\t<\/ul>\n\t\t\t\t\t\t<\/div>\n\t\t\t\t<\/div>\n\t\t\t\t<div class=\"elementor-element elementor-element-0ee6753 elementor-widget elementor-widget-text-editor\" data-id=\"0ee6753\" data-element_type=\"widget\" data-widget_type=\"text-editor.default\">\n\t\t\t\t<div class=\"elementor-widget-container\">\n\t\t\t\t\t\t\t\t\t<p>(*) Addicionalment, en compliment dels Procediments d&#8217;Operaci\u00f3 2.5 i 3.6, les indisponibilitats programades i en curs es publiquen en el seg\u00fcent enlla\u00e7 de la Plataforma IIP (Inside Information Platform) de OMIE-MIBGAS: <a href=\"https:\/\/umm.omie.es\/electricity-list\" target=\"_blank\" rel=\"noopener\">https:\/\/umm.omie.es\/electricity-list<\/a>.<\/p>\t\t\t\t\t\t\t\t<\/div>\n\t\t\t\t<\/div>\n\t\t\t\t<div class=\"elementor-element elementor-element-1987d72 elementor-widget elementor-widget-spacer\" data-id=\"1987d72\" data-element_type=\"widget\" data-widget_type=\"spacer.default\">\n\t\t\t\t<div class=\"elementor-widget-container\">\n\t\t\t\t\t\t\t<div class=\"elementor-spacer\">\n\t\t\t<div class=\"elementor-spacer-inner\"><\/div>\n\t\t<\/div>\n\t\t\t\t\t\t<\/div>\n\t\t\t\t<\/div>\n\t\t\t\t\t<\/div>\n\t\t\t\t<\/div>\n\t\t<div class=\"elementor-element elementor-element-2b01f61 e-flex e-con-boxed e-con e-parent\" data-id=\"2b01f61\" data-element_type=\"container\">\n\t\t\t\t\t<div class=\"e-con-inner\">\n\t\t\t\t<div class=\"elementor-element elementor-element-f5a1e6b elementor-widget elementor-widget-heading\" data-id=\"f5a1e6b\" data-element_type=\"widget\" data-widget_type=\"heading.default\">\n\t\t\t\t<div class=\"elementor-widget-container\">\n\t\t\t\t\t<h2 class=\"elementor-heading-title elementor-size-default\">Gas<\/h2>\t\t\t\t<\/div>\n\t\t\t\t<\/div>\n\t\t\t\t<div class=\"elementor-element elementor-element-5709b6e has-icon elementor-widget elementor-widget-text-editor\" data-id=\"5709b6e\" data-element_type=\"widget\" data-widget_type=\"text-editor.default\">\n\t\t\t\t<div class=\"elementor-widget-container\">\n\t\t\t\t\t\t\t\t\t<p>Transpar\u00e8ncia als mercats &#8211; UMMS (Urgent Market Messages)<\/p>\t\t\t\t\t\t\t\t<\/div>\n\t\t\t\t<\/div>\n\t\t\t\t<div class=\"elementor-element elementor-element-42bd04c elementor-widget elementor-widget-text-editor\" data-id=\"42bd04c\" data-element_type=\"widget\" data-widget_type=\"text-editor.default\">\n\t\t\t\t<div class=\"elementor-widget-container\">\n\t\t\t\t\t\t\t\t\t<p>L&#8217;article 4.1 de REMIT disposa que els participants en el mercat han de difondre de manera efectiva i oportuna qualsevol informaci\u00f3 relativa a la capacitat i utilitzaci\u00f3 de les seves instal\u00b7lacions de producci\u00f3.\u00a0<br \/><br \/>UFG ha contractat la plataforma IIP proporcionada per MIBGAS i OMIE, i des de l&#8217;1 de gener de 2021 tota la informaci\u00f3 es podr\u00e0 consultar a l\u2019adre\u00e7a web seg\u00fcent:<\/p>\t\t\t\t\t\t\t\t<\/div>\n\t\t\t\t<\/div>\n\t\t\t\t<div class=\"elementor-element elementor-element-f8b4143 has-icon elementor-widget elementor-widget-text-editor\" data-id=\"f8b4143\" data-element_type=\"widget\" data-widget_type=\"text-editor.default\">\n\t\t\t\t<div class=\"elementor-widget-container\">\n\t\t\t\t\t\t\t\t\t<p><a href=\"https:\/\/umm.mibgas.es\/gas\" target=\"_blank\" rel=\"noopener\">Midgas<\/a><\/p><p>\u00a0<\/p>\t\t\t\t\t\t\t\t<\/div>\n\t\t\t\t<\/div>\n\t\t\t\t\t<\/div>\n\t\t\t\t<\/div>\n\t\t<div class=\"elementor-element elementor-element-c5e315a e-flex e-con-boxed e-con e-parent\" data-id=\"c5e315a\" data-element_type=\"container\">\n\t\t\t\t\t<div class=\"e-con-inner\">\n\t\t\t\t<div class=\"elementor-element elementor-element-06e326c elementor-widget elementor-widget-spacer\" data-id=\"06e326c\" data-element_type=\"widget\" data-widget_type=\"spacer.default\">\n\t\t\t\t<div class=\"elementor-widget-container\">\n\t\t\t\t\t\t\t<div class=\"elementor-spacer\">\n\t\t\t<div class=\"elementor-spacer-inner\"><\/div>\n\t\t<\/div>\n\t\t\t\t\t\t<\/div>\n\t\t\t\t<\/div>\n\t\t\t\t\t<\/div>\n\t\t\t\t<\/div>\n\t\t<div class=\"elementor-element elementor-element-56f73c51 e-flex e-con-boxed e-con e-parent\" data-id=\"56f73c51\" data-element_type=\"container\">\n\t\t\t\t\t<div class=\"e-con-inner\">\n\t\t\t\t<div class=\"elementor-element elementor-element-2ac46dac has-icon elementor-widget elementor-widget-accordion\" data-id=\"2ac46dac\" data-element_type=\"widget\" data-widget_type=\"accordion.default\">\n\t\t\t\t<div class=\"elementor-widget-container\">\n\t\t\t\t\t\t\t<div class=\"elementor-accordion\">\n\t\t\t\t\t\t\t<div class=\"elementor-accordion-item\">\n\t\t\t\t\t<div id=\"elementor-tab-title-7171\" class=\"elementor-tab-title\" data-tab=\"1\" role=\"button\" aria-controls=\"elementor-tab-content-7171\" aria-expanded=\"false\">\n\t\t\t\t\t\t\t\t\t\t\t\t\t<span class=\"elementor-accordion-icon elementor-accordion-icon-right\" aria-hidden=\"true\">\n\t\t\t\t\t\t\t\t\t\t\t\t\t\t\t<span class=\"elementor-accordion-icon-closed\"><i class=\"fas fa-chevron-down\"><\/i><\/span>\n\t\t\t\t\t\t\t\t<span class=\"elementor-accordion-icon-opened\"><i class=\"fas fa-chevron-up\"><\/i><\/span>\n\t\t\t\t\t\t\t\t\t\t\t\t\t\t<\/span>\n\t\t\t\t\t\t\t\t\t\t\t\t<a class=\"elementor-accordion-title\" tabindex=\"0\">Transpar\u00e8ncia en els Mercats - UMMs (Urgent Market Messages)<\/a>\n\t\t\t\t\t<\/div>\n\t\t\t\t\t<div id=\"elementor-tab-content-7171\" class=\"elementor-tab-content elementor-clearfix\" data-tab=\"1\" role=\"region\" aria-labelledby=\"elementor-tab-title-7171\"><p>L&#8217;article 4.1 de REMIT disposa que els participants en el mercat han de difondre de manera efectiva i oportuna qualsevol informaci\u00f3 relativa a la capacitat i utilitzaci\u00f3 de les seves instal\u00b7lacions de producci\u00f3.<br \/><br \/>UFG, com a participant en el mercat, compleix amb les obligacions establertes per REMIT i el seu Reglament d&#8217;Execuci\u00f3. Des de la companyia secundem totes les iniciatives que fomentin el desenvolupament dels mercats i contribueixin a augmentar la compet\u00e8ncia.<br \/><br \/>A partir de l&#8217;1 de gener de 2021, els participants del mercat europeu han de publicar la seva informaci\u00f3 privilegiada en una IIP (Inside Information and Transparency Platform) validada per ACER.<br \/><br \/>Amb el desenvolupament d&#8217;una Plataforma IIP, MIBGAS i OMIE ofereixen als participants del mercat ib\u00e8ric els seg\u00fcents serveis, tant del sector el\u00e8ctric com del sector gasista perqu\u00e8 aquests puguin complir amb l&#8217;article 4 de REMIT:<\/p><ul><li>Publicaci\u00f3 d&#8217;informaci\u00f3 privilegiada.<\/li><li>\u00a0Disseminaci\u00f3 de la informaci\u00f3 privilegiada de forma centralitzada i certificada a trav\u00e9s de fonts web.<\/li><li>\u00a0Emmagatzematge de la informaci\u00f3 privilegiada publicada i possibilitat de desc\u00e0rrega d&#8217;aquesta.<\/li><\/ul><p><br \/>L&#8217;acc\u00e9s a la informaci\u00f3 publicada en la IIP \u00e9s de car\u00e0cter p\u00fablic i gratu\u00eft per a tots els interessats, no sols per als agents de MIBGAS i OMIE, sin\u00f3 per a qualsevol participant d&#8217;altres mercats majoristes, amb la finalitat de promoure la transpar\u00e8ncia i la difusi\u00f3 d&#8217;informaci\u00f3 de forma centralitzada al m\u00e0xim d&#8217;usuaris possibles.<br \/><br \/>UFG ha contractat la plataforma IIP proporcionada per MIBGAS i OMIE i des de l&#8217;1 de gener de 2021 tota la informaci\u00f3 es podr\u00e0 consultar en la seg\u00fcent adre\u00e7a web:\u00a0<u><a href=\"https:\/\/umm.mibgas.es\/gas\/\" target=\"_blank\" rel=\"noopener\">https:\/\/umm.mibgas.es\/gas\/<\/a><\/u>.<\/p><\/div>\n\t\t\t\t<\/div>\n\t\t\t\t\t\t\t\t<\/div>\n\t\t\t\t\t\t<\/div>\n\t\t\t\t<\/div>\n\t\t\t\t\t<\/div>\n\t\t\t\t<\/div>\n\t\t<div class=\"elementor-element elementor-element-3f43c8d e-flex e-con-boxed e-con e-parent\" data-id=\"3f43c8d\" data-element_type=\"container\">\n\t\t\t\t\t<div class=\"e-con-inner\">\n\t\t\t\t<div class=\"elementor-element elementor-element-2583490a elementor-widget elementor-widget-spacer\" data-id=\"2583490a\" data-element_type=\"widget\" data-widget_type=\"spacer.default\">\n\t\t\t\t<div class=\"elementor-widget-container\">\n\t\t\t\t\t\t\t<div class=\"elementor-spacer\">\n\t\t\t<div class=\"elementor-spacer-inner\"><\/div>\n\t\t<\/div>\n\t\t\t\t\t\t<\/div>\n\t\t\t\t<\/div>\n\t\t\t\t<div class=\"elementor-element elementor-element-2b92585 has-icon elementor-widget elementor-widget-text-editor\" data-id=\"2b92585\" data-element_type=\"widget\" data-widget_type=\"text-editor.default\">\n\t\t\t\t<div class=\"elementor-widget-container\">\n\t\t\t\t\t\t\t\t\t<h5><strong>Documents relacionats<\/strong><\/h5>\t\t\t\t\t\t\t\t<\/div>\n\t\t\t\t<\/div>\n\t\t\t\t<div class=\"elementor-element elementor-element-f6aae2c elementor-align-start elementor-icon-list--layout-traditional elementor-list-item-link-full_width elementor-widget elementor-widget-icon-list\" data-id=\"f6aae2c\" data-element_type=\"widget\" data-widget_type=\"icon-list.default\">\n\t\t\t\t<div class=\"elementor-widget-container\">\n\t\t\t\t\t\t\t<ul class=\"elementor-icon-list-items\">\n\t\t\t\t\t\t\t<li class=\"elementor-icon-list-item\">\n\t\t\t\t\t\t\t\t\t\t\t<a href=\"https:\/\/stproportalcorporativo.blob.core.windows.net\/uploads\/2023\/02\/20201112-1200-UFGEP-REMIT-R2-63fdcdebdb42c.pdf\" target=\"_blank\" rel=\"noopener\">\n\n\t\t\t\t\t\t\t\t\t\t\t\t<span class=\"elementor-icon-list-icon\">\n\t\t\t\t\t\t\t<i aria-hidden=\"true\" class=\"oficina oficina-archivo-pdf\"><\/i>\t\t\t\t\t\t<\/span>\n\t\t\t\t\t\t\t\t\t\t<span class=\"elementor-icon-list-text\">Indisponibilitats programades *<\/span>\n\t\t\t\t\t\t\t\t\t\t\t<\/a>\n\t\t\t\t\t\t\t\t\t<\/li>\n\t\t\t\t\t\t<\/ul>\n\t\t\t\t\t\t<\/div>\n\t\t\t\t<\/div>\n\t\t\t\t<div class=\"elementor-element elementor-element-c019de3 elementor-widget elementor-widget-text-editor\" data-id=\"c019de3\" data-element_type=\"widget\" data-widget_type=\"text-editor.default\">\n\t\t\t\t<div class=\"elementor-widget-container\">\n\t\t\t\t\t\t\t\t\t<p><em>(*) Aquests fitxers reflecteixen la situaci\u00f3 en la data i l\u00b4hora de generaci\u00f3 que s&#8217;hi indica. Les indisponibilitats programades i en curs es poden consultar a la informaci\u00f3 actualitzada per a la data i l\u00b4hora al\u00a0web de\u00a0<u><a href=\"https:\/\/umm.mibgas.es\/gas\/\" target=\"_blank\" rel=\"noopener\">MIB-Gas<\/a><\/u>.<\/em><\/p>\t\t\t\t\t\t\t\t<\/div>\n\t\t\t\t<\/div>\n\t\t\t\t\t<\/div>\n\t\t\t\t<\/div>\n\t\t<div class=\"elementor-element elementor-element-3be77729 e-con-full e-flex e-con e-parent\" data-id=\"3be77729\" data-element_type=\"container\">\n\t\t\t\t<div class=\"elementor-element elementor-element-1d4d95b0 elementor-widget elementor-widget-spacer\" data-id=\"1d4d95b0\" data-element_type=\"widget\" data-widget_type=\"spacer.default\">\n\t\t\t\t<div class=\"elementor-widget-container\">\n\t\t\t\t\t\t\t<div class=\"elementor-spacer\">\n\t\t\t<div class=\"elementor-spacer-inner\"><\/div>\n\t\t<\/div>\n\t\t\t\t\t\t<\/div>\n\t\t\t\t<\/div>\n\t\t\t\t<\/div>\n\t\t\t\t<\/div>\n\t\t","protected":false},"excerpt":{"rendered":"<p>REMIT. Integritat i transpar\u00e8ncia del mercat a l&#8217;engr\u00f2s d&#8217;energia Naturgy participa en el desenvolupament de mercats a l&#8217;engr\u00f2s d&#8217;energia competitius\u00a0a trav\u00e9s de mecanismes que fomenten la seva integritat i transpar\u00e8ncia. En concret, el Reglament de la Uni\u00f3 Europea n\u00fam. 1227\/2011, sobre la integritat i la transpar\u00e8ncia del mercat a l&#8217;engr\u00f2s d&#8217;energia (REMIT), obliga les empreses [&hellip;]<\/p>\n","protected":false},"author":5,"featured_media":0,"parent":40678,"menu_order":6,"comment_status":"closed","ping_status":"closed","template":"","meta":{"_acf_changed":false,"footnotes":""},"class_list":["post-40852","page","type-page","status-publish","hentry"],"acf":[],"_links":{"self":[{"href":"https:\/\/www.naturgy.com\/ca\/wp-json\/wp\/v2\/pages\/40852","targetHints":{"allow":["GET"]}}],"collection":[{"href":"https:\/\/www.naturgy.com\/ca\/wp-json\/wp\/v2\/pages"}],"about":[{"href":"https:\/\/www.naturgy.com\/ca\/wp-json\/wp\/v2\/types\/page"}],"author":[{"embeddable":true,"href":"https:\/\/www.naturgy.com\/ca\/wp-json\/wp\/v2\/users\/5"}],"replies":[{"embeddable":true,"href":"https:\/\/www.naturgy.com\/ca\/wp-json\/wp\/v2\/comments?post=40852"}],"version-history":[{"count":26,"href":"https:\/\/www.naturgy.com\/ca\/wp-json\/wp\/v2\/pages\/40852\/revisions"}],"predecessor-version":[{"id":87107,"href":"https:\/\/www.naturgy.com\/ca\/wp-json\/wp\/v2\/pages\/40852\/revisions\/87107"}],"up":[{"embeddable":true,"href":"https:\/\/www.naturgy.com\/ca\/wp-json\/wp\/v2\/pages\/40678"}],"wp:attachment":[{"href":"https:\/\/www.naturgy.com\/ca\/wp-json\/wp\/v2\/media?parent=40852"}],"curies":[{"name":"wp","href":"https:\/\/api.w.org\/{rel}","templated":true}]}}