{"id":40860,"date":"2023-01-20T16:30:04","date_gmt":"2023-01-20T15:30:04","guid":{"rendered":"https:\/\/www.naturgy.com\/participaciones-signifcativas-y-autocartera\/"},"modified":"2026-03-06T10:59:52","modified_gmt":"2026-03-06T09:59:52","slug":"participacions-significatives","status":"publish","type":"page","link":"https:\/\/www.naturgy.com\/ca\/accionistes-i-inversors\/la-societat\/participacions-significatives\/","title":{"rendered":"Participacions significatives"},"content":{"rendered":"\t\t<div data-elementor-type=\"wp-page\" data-elementor-id=\"40860\" class=\"elementor elementor-40860 elementor-12546\" data-elementor-post-type=\"page\">\n\t\t\t\t<div class=\"elementor-element elementor-element-11ada924 e-flex e-con-boxed e-con e-parent\" data-id=\"11ada924\" data-element_type=\"container\">\n\t\t\t\t\t<div class=\"e-con-inner\">\n\t\t<div class=\"elementor-element elementor-element-e8846a5 e-con-full e-flex e-con e-child\" data-id=\"e8846a5\" data-element_type=\"container\">\n\t\t\t\t<div class=\"elementor-element elementor-element-5ff1e2b8 elementor-widget elementor-widget-shortcode\" data-id=\"5ff1e2b8\" data-element_type=\"widget\" data-widget_type=\"shortcode.default\">\n\t\t\t\t<div class=\"elementor-widget-container\">\n\t\t\t\t\t\t\t<div class=\"elementor-shortcode\"><nav aria-label=\"breadcrumbs\" class=\"rank-math-breadcrumb\"><p><span class=\"last\">Inici<\/span><\/p><\/nav><\/div>\n\t\t\t\t\t\t<\/div>\n\t\t\t\t<\/div>\n\t\t\t\t<div class=\"elementor-element elementor-element-327e9b0 elementor-widget elementor-widget-heading\" data-id=\"327e9b0\" data-element_type=\"widget\" data-widget_type=\"heading.default\">\n\t\t\t\t<div class=\"elementor-widget-container\">\n\t\t\t\t\t<h1 class=\"elementor-heading-title elementor-size-default\">Participacions significatives<\/h1>\t\t\t\t<\/div>\n\t\t\t\t<\/div>\n\t\t\t\t<\/div>\n\t\t<div class=\"elementor-element elementor-element-97e3ab1 e-con-full e-flex e-con e-child\" data-id=\"97e3ab1\" data-element_type=\"container\">\n\t\t\t\t<div class=\"elementor-element elementor-element-520e2204 elementor-widget elementor-widget-spacer\" data-id=\"520e2204\" data-element_type=\"widget\" data-widget_type=\"spacer.default\">\n\t\t\t\t<div class=\"elementor-widget-container\">\n\t\t\t\t\t\t\t<div class=\"elementor-spacer\">\n\t\t\t<div class=\"elementor-spacer-inner\"><\/div>\n\t\t<\/div>\n\t\t\t\t\t\t<\/div>\n\t\t\t\t<\/div>\n\t\t\t\t<\/div>\n\t\t\t\t\t<\/div>\n\t\t\t\t<\/div>\n\t\t<div class=\"elementor-element elementor-element-1b9c78a e-flex e-con-boxed e-con e-parent\" data-id=\"1b9c78a\" data-element_type=\"container\">\n\t\t\t\t\t<div class=\"e-con-inner\">\n\t\t\t\t<div class=\"elementor-element elementor-element-cfc2d04 elementor-widget elementor-widget-text-editor\" data-id=\"cfc2d04\" data-element_type=\"widget\" data-widget_type=\"text-editor.default\">\n\t\t\t\t<div class=\"elementor-widget-container\">\n\t\t\t\t\t\t\t\t\t<p>Drets a vot<\/p>\t\t\t\t\t\t\t\t<\/div>\n\t\t\t\t<\/div>\n\t\t\t\t\t<\/div>\n\t\t\t\t<\/div>\n\t\t<div class=\"elementor-element elementor-element-e769cd5 e-con-full e-flex e-con e-parent\" data-id=\"e769cd5\" data-element_type=\"container\">\n\t\t\t\t<div class=\"elementor-element elementor-element-f7649f2 elementor-widget elementor-widget-spacer\" data-id=\"f7649f2\" data-element_type=\"widget\" data-widget_type=\"spacer.default\">\n\t\t\t\t<div class=\"elementor-widget-container\">\n\t\t\t\t\t\t\t<div class=\"elementor-spacer\">\n\t\t\t<div class=\"elementor-spacer-inner\"><\/div>\n\t\t<\/div>\n\t\t\t\t\t\t<\/div>\n\t\t\t\t<\/div>\n\t\t\t\t<\/div>\n\t\t<div class=\"elementor-element elementor-element-6e7f2f1 grid col-3 e-flex e-con-boxed e-con e-parent\" data-id=\"6e7f2f1\" data-element_type=\"container\">\n\t\t\t\t\t<div class=\"e-con-inner\">\n\t\t\t\t<div class=\"elementor-element elementor-element-11e43cd kec-table elementor-widget elementor-widget-shortcode\" data-id=\"11e43cd\" data-element_type=\"widget\" data-widget_type=\"shortcode.default\">\n\t\t\t\t<div class=\"elementor-widget-container\">\n\t\t\t\t\t\t\t<div class=\"elementor-shortcode\">\n<table id=\"tablepress-325\" class=\"tablepress tablepress-id-325\">\n<thead>\n<tr class=\"row-1\">\n\t<th class=\"column-1\">Denominaci\u00f3 del part\u00edcip<\/th><th class=\"column-2\">% Participaci\u00f3 directa<\/th><th class=\"column-3\">% Participaci\u00f3 indirecta<\/th><th class=\"column-4\">% Total<\/th>\n<\/tr>\n<\/thead>\n<tbody>\n<tr class=\"row-2\">\n\t<td class=\"column-1\">CRITERIA CAIXA S.A.U.<\/td><td class=\"column-2\">28,5<\/td><td class=\"column-3\">0<\/td><td class=\"column-4\">28,5<\/td>\n<\/tr>\n<tr class=\"row-3\">\n\t<td class=\"column-1\">Global InfraCo O (2) S.\u00e0.r,l<\/td><td class=\"column-2\">15,5<\/td><td class=\"column-3\">0<\/td><td class=\"column-4\">15,5<\/td>\n<\/tr>\n<tr class=\"row-4\">\n\t<td class=\"column-1\">Rioja Acquisition, S.\u00e0.r.l.<\/td><td class=\"column-2\">13,8<\/td><td class=\"column-3\">0<\/td><td class=\"column-4\">13,8<\/td>\n<\/tr>\n<tr class=\"row-5\">\n\t<td class=\"column-1\">Alba Europe, S.\u00e0.r.l.<\/td><td class=\"column-2\">5,0<\/td><td class=\"column-3\">0<\/td><td class=\"column-4\">5,0<\/td>\n<\/tr>\n<tr class=\"row-6\">\n\t<td class=\"column-1\">SONATRACH<\/td><td class=\"column-2\">4,1<\/td><td class=\"column-3\">0<\/td><td class=\"column-4\">4,1<\/td>\n<\/tr>\n<\/tbody>\n<\/table>\n<!-- #tablepress-325 from cache --><\/div>\n\t\t\t\t\t\t<\/div>\n\t\t\t\t<\/div>\n\t\t\t\t\t<\/div>\n\t\t\t\t<\/div>\n\t\t<div class=\"elementor-element elementor-element-58fe55a e-con-full e-flex e-con e-parent\" data-id=\"58fe55a\" data-element_type=\"container\">\n\t\t\t\t<div class=\"elementor-element elementor-element-a66d76c elementor-widget elementor-widget-spacer\" data-id=\"a66d76c\" data-element_type=\"widget\" data-widget_type=\"spacer.default\">\n\t\t\t\t<div class=\"elementor-widget-container\">\n\t\t\t\t\t\t\t<div class=\"elementor-spacer\">\n\t\t\t<div class=\"elementor-spacer-inner\"><\/div>\n\t\t<\/div>\n\t\t\t\t\t\t<\/div>\n\t\t\t\t<\/div>\n\t\t\t\t<\/div>\n\t\t<div class=\"elementor-element elementor-element-90a8f22 e-flex e-con-boxed e-con e-parent\" data-id=\"90a8f22\" data-element_type=\"container\">\n\t\t\t\t\t<div class=\"e-con-inner\">\n\t\t\t\t<div class=\"elementor-element elementor-element-37498d0 elementor-widget elementor-widget-text-editor\" data-id=\"37498d0\" data-element_type=\"widget\" data-widget_type=\"text-editor.default\">\n\t\t\t\t<div class=\"elementor-widget-container\">\n\t\t\t\t\t\t\t\t\t<p>A mar\u00e7 de 2026<\/p>\t\t\t\t\t\t\t\t<\/div>\n\t\t\t\t<\/div>\n\t\t\t\t\t<\/div>\n\t\t\t\t<\/div>\n\t\t<div class=\"elementor-element elementor-element-e414dcd e-con-full e-flex e-con e-parent\" data-id=\"e414dcd\" data-element_type=\"container\">\n\t\t\t\t<div class=\"elementor-element elementor-element-1a11428 elementor-widget elementor-widget-spacer\" data-id=\"1a11428\" data-element_type=\"widget\" data-widget_type=\"spacer.default\">\n\t\t\t\t<div class=\"elementor-widget-container\">\n\t\t\t\t\t\t\t<div class=\"elementor-spacer\">\n\t\t\t<div class=\"elementor-spacer-inner\"><\/div>\n\t\t<\/div>\n\t\t\t\t\t\t<\/div>\n\t\t\t\t<\/div>\n\t\t\t\t<\/div>\n\t\t<div class=\"elementor-element elementor-element-7bc899b e-flex e-con-boxed e-con e-parent\" data-id=\"7bc899b\" data-element_type=\"container\">\n\t\t\t\t\t<div class=\"e-con-inner\">\n\t\t\t\t<div class=\"elementor-element elementor-element-e1a5264 has-icon elementor-widget elementor-widget-text-editor\" data-id=\"e1a5264\" data-element_type=\"widget\" data-widget_type=\"text-editor.default\">\n\t\t\t\t<div class=\"elementor-widget-container\">\n\t\t\t\t\t\t\t\t\t<p><a href=\"https:\/\/www.cnmv.es\/portal\/consultas\/datosentidad?nif=A08015497&amp;lang=ca\" target=\"_blank\" rel=\"noopener\">Enlla\u00e7 a CNMV<\/a><\/p>\t\t\t\t\t\t\t\t<\/div>\n\t\t\t\t<\/div>\n\t\t\t\t\t<\/div>\n\t\t\t\t<\/div>\n\t\t<div class=\"elementor-element elementor-element-6825920 e-con-full e-flex e-con e-parent\" data-id=\"6825920\" data-element_type=\"container\">\n\t\t\t\t<div class=\"elementor-element elementor-element-2e88837 elementor-widget elementor-widget-spacer\" data-id=\"2e88837\" data-element_type=\"widget\" data-widget_type=\"spacer.default\">\n\t\t\t\t<div class=\"elementor-widget-container\">\n\t\t\t\t\t\t\t<div class=\"elementor-spacer\">\n\t\t\t<div class=\"elementor-spacer-inner\"><\/div>\n\t\t<\/div>\n\t\t\t\t\t\t<\/div>\n\t\t\t\t<\/div>\n\t\t\t\t<\/div>\n\t\t<div class=\"elementor-element elementor-element-5439409 e-flex e-con-boxed e-con e-parent\" data-id=\"5439409\" data-element_type=\"container\">\n\t\t\t\t\t<div class=\"e-con-inner\">\n\t\t\t\t<div class=\"elementor-element elementor-element-dc0a9d7 elementor-widget elementor-widget-heading\" data-id=\"dc0a9d7\" data-element_type=\"widget\" data-widget_type=\"heading.default\">\n\t\t\t\t<div class=\"elementor-widget-container\">\n\t\t\t\t\t<h3 class=\"elementor-heading-title elementor-size-default\">Autocartera<\/h3>\t\t\t\t<\/div>\n\t\t\t\t<\/div>\n\t\t\t\t<div class=\"elementor-element elementor-element-61f09bd elementor-widget elementor-widget-text-editor\" data-id=\"61f09bd\" data-element_type=\"widget\" data-widget_type=\"text-editor.default\">\n\t\t\t\t<div class=\"elementor-widget-container\">\n\t\t\t\t\t\t\t\t\t<p>Situaci\u00f3 de l&#8217;autocartera d&#8217;acord amb la darrera comunicaci\u00f3 remesa a la CNMV.<\/p>\t\t\t\t\t\t\t\t<\/div>\n\t\t\t\t<\/div>\n\t\t\t\t\t<\/div>\n\t\t\t\t<\/div>\n\t\t<div class=\"elementor-element elementor-element-6c252ee e-con-full e-flex e-con e-parent\" data-id=\"6c252ee\" data-element_type=\"container\">\n\t\t\t\t<div class=\"elementor-element elementor-element-8fb5c73 elementor-widget elementor-widget-spacer\" data-id=\"8fb5c73\" data-element_type=\"widget\" data-widget_type=\"spacer.default\">\n\t\t\t\t<div class=\"elementor-widget-container\">\n\t\t\t\t\t\t\t<div class=\"elementor-spacer\">\n\t\t\t<div class=\"elementor-spacer-inner\"><\/div>\n\t\t<\/div>\n\t\t\t\t\t\t<\/div>\n\t\t\t\t<\/div>\n\t\t\t\t<\/div>\n\t\t<div class=\"elementor-element elementor-element-950e7ae grid col-3 e-flex e-con-boxed e-con e-parent\" data-id=\"950e7ae\" data-element_type=\"container\">\n\t\t\t\t\t<div class=\"e-con-inner\">\n\t\t\t\t<div class=\"elementor-element elementor-element-a97726a kec-table elementor-widget elementor-widget-shortcode\" data-id=\"a97726a\" data-element_type=\"widget\" data-widget_type=\"shortcode.default\">\n\t\t\t\t<div class=\"elementor-widget-container\">\n\t\t\t\t\t\t\t<div class=\"elementor-shortcode\">\n<table id=\"tablepress-326\" class=\"tablepress tablepress-id-326\">\n<thead>\n<tr class=\"row-1\">\n\t<th class=\"column-1\">% Directe<\/th><th class=\"column-2\">% Indirecte<\/th><th class=\"column-3\">% Total<\/th><th class=\"column-4\">Notificaci\u00f3<\/th>\n<\/tr>\n<\/thead>\n<tbody>\n<tr class=\"row-2\">\n\t<td class=\"column-1\">0,941<\/td><td class=\"column-2\">0,000<\/td><td class=\"column-3\">0,941<\/td><td class=\"column-4\"><a href=\"https:\/\/stproportalcorporativo.blob.core.windows.net\/uploads\/2025\/10\/14102025_Autocartera.pdf\" target=\"_blank\" rel=\"noopener\">Baixar<\/a><\/td>\n<\/tr>\n<\/tbody>\n<\/table>\n<!-- #tablepress-326 from cache --><\/div>\n\t\t\t\t\t\t<\/div>\n\t\t\t\t<\/div>\n\t\t\t\t\t<\/div>\n\t\t\t\t<\/div>\n\t\t<div class=\"elementor-element elementor-element-05abdd8 e-con-full e-flex e-con e-parent\" data-id=\"05abdd8\" data-element_type=\"container\">\n\t\t\t\t<div class=\"elementor-element elementor-element-ff8a872 elementor-widget elementor-widget-spacer\" data-id=\"ff8a872\" data-element_type=\"widget\" data-widget_type=\"spacer.default\">\n\t\t\t\t<div class=\"elementor-widget-container\">\n\t\t\t\t\t\t\t<div class=\"elementor-spacer\">\n\t\t\t<div class=\"elementor-spacer-inner\"><\/div>\n\t\t<\/div>\n\t\t\t\t\t\t<\/div>\n\t\t\t\t<\/div>\n\t\t\t\t<\/div>\n\t\t<div class=\"elementor-element elementor-element-9407711 e-flex e-con-boxed e-con e-parent\" data-id=\"9407711\" data-element_type=\"container\">\n\t\t\t\t\t<div class=\"e-con-inner\">\n\t\t\t\t<div class=\"elementor-element elementor-element-a5397ba has-icon elementor-widget elementor-widget-text-editor\" data-id=\"a5397ba\" data-element_type=\"widget\" data-widget_type=\"text-editor.default\">\n\t\t\t\t<div class=\"elementor-widget-container\">\n\t\t\t\t\t\t\t\t\t<p><a href=\"https:\/\/www.cnmv.es\/portal\/consultas\/datosentidad?nif=A08015497&amp;lang=ca\" target=\"_blank\" rel=\"noopener\">Enlla\u00e7 a CNMV<\/a><\/p>\t\t\t\t\t\t\t\t<\/div>\n\t\t\t\t<\/div>\n\t\t\t\t<div class=\"elementor-element elementor-element-a4c45d6 elementor-widget elementor-widget-spacer\" data-id=\"a4c45d6\" data-element_type=\"widget\" data-widget_type=\"spacer.default\">\n\t\t\t\t<div class=\"elementor-widget-container\">\n\t\t\t\t\t\t\t<div class=\"elementor-spacer\">\n\t\t\t<div class=\"elementor-spacer-inner\"><\/div>\n\t\t<\/div>\n\t\t\t\t\t\t<\/div>\n\t\t\t\t<\/div>\n\t\t\t\t\t<\/div>\n\t\t\t\t<\/div>\n\t\t<div class=\"elementor-element elementor-element-a1bb444 e-flex e-con-boxed e-con e-parent\" data-id=\"a1bb444\" data-element_type=\"container\">\n\t\t\t\t\t<div class=\"e-con-inner\">\n\t\t\t\t<div class=\"elementor-element elementor-element-239cb49 elementor-widget elementor-widget-heading\" data-id=\"239cb49\" data-element_type=\"widget\" data-widget_type=\"heading.default\">\n\t\t\t\t<div class=\"elementor-widget-container\">\n\t\t\t\t\t<h3 class=\"elementor-heading-title elementor-size-default\">Pactes parasocials<\/h3>\t\t\t\t<\/div>\n\t\t\t\t<\/div>\n\t\t\t\t\t<\/div>\n\t\t\t\t<\/div>\n\t\t<div class=\"elementor-element elementor-element-03bfefc e-con-full e-flex e-con e-parent\" data-id=\"03bfefc\" data-element_type=\"container\">\n\t\t\t\t<div class=\"elementor-element elementor-element-74690e6 elementor-widget elementor-widget-spacer\" data-id=\"74690e6\" data-element_type=\"widget\" data-widget_type=\"spacer.default\">\n\t\t\t\t<div class=\"elementor-widget-container\">\n\t\t\t\t\t\t\t<div class=\"elementor-spacer\">\n\t\t\t<div class=\"elementor-spacer-inner\"><\/div>\n\t\t<\/div>\n\t\t\t\t\t\t<\/div>\n\t\t\t\t<\/div>\n\t\t\t\t<\/div>\n\t\t<div class=\"elementor-element elementor-element-0cd5d88 e-flex e-con-boxed e-con e-parent\" data-id=\"0cd5d88\" data-element_type=\"container\">\n\t\t\t\t\t<div class=\"e-con-inner\">\n\t\t\t\t<div class=\"elementor-element elementor-element-5eae48c e-n-tabs-tablet elementor-widget elementor-widget-n-tabs\" data-id=\"5eae48c\" data-element_type=\"widget\" data-settings=\"{&quot;tabs_justify_horizontal&quot;:&quot;start&quot;,&quot;horizontal_scroll&quot;:&quot;disable&quot;}\" data-widget_type=\"nested-tabs.default\">\n\t\t\t\t<div class=\"elementor-widget-container\">\n\t\t\t\t\t\t\t<div class=\"e-n-tabs\" data-widget-number=\"99280012\" aria-label=\"Tabs. Open items with Enter or Space, close with Escape and navigate using the Arrow keys.\">\n\t\t\t<div class=\"e-n-tabs-heading\" role=\"tablist\">\n\t\t\t\t\t<button id=\"e-n-tab-title-992800121\" data-tab-title-id=\"e-n-tab-title-992800121\" class=\"e-n-tab-title\" aria-selected=\"true\" data-tab-index=\"1\" role=\"tab\" tabindex=\"0\" aria-controls=\"e-n-tab-content-992800121\" style=\"--n-tabs-title-order: 1;\">\n\t\t\t\t\t<span class=\"e-n-tab-icon\">\n\t\t\t<i aria-hidden=\"true\" class=\"fas fa-angle-down\"><\/i>\t\t\t<i aria-hidden=\"true\" class=\"fas fa-angle-down\"><\/i>\t\t<\/span>\n\t\t\t\t\t<span class=\"e-n-tab-title-text\">\n\t\t\t\tPactes parasocials comunicats a CNMV\t\t\t<\/span>\n\t\t<\/button>\n\t\t\t\t\t<\/div>\n\t\t\t<div class=\"e-n-tabs-content\">\n\t\t\t\t<div id=\"e-n-tab-content-992800121\" role=\"tabpanel\" aria-labelledby=\"e-n-tab-title-992800121\" data-tab-index=\"1\" style=\"--n-tabs-title-order: 1;\" class=\"e-active elementor-element elementor-element-32d8e2c e-con-full e-flex e-con e-child\" data-id=\"32d8e2c\" data-element_type=\"container\">\n\t\t<div class=\"elementor-element elementor-element-aa684f8 e-flex e-con-boxed e-con e-child\" data-id=\"aa684f8\" data-element_type=\"container\">\n\t\t\t\t\t<div class=\"e-con-inner\">\n\t\t\t\t<div class=\"elementor-element elementor-element-fdc6bca kec-table elementor-widget elementor-widget-shortcode\" data-id=\"fdc6bca\" data-element_type=\"widget\" data-widget_type=\"shortcode.default\">\n\t\t\t\t<div class=\"elementor-widget-container\">\n\t\t\t\t\t\t\t<div class=\"elementor-shortcode\">\n<table id=\"tablepress-405\" class=\"tablepress tablepress-id-405\">\n<thead>\n<tr class=\"row-1\">\n\t<th class=\"column-1\">Data<\/th><th class=\"column-2\">Descripci\u00f3<\/th>\n<\/tr>\n<\/thead>\n<tbody>\n<tr class=\"row-2\">\n\t<td class=\"column-1\">18\/12\/2025<\/td><td class=\"column-2\">Pacte parasocial CVC i Alba a Naturgy<\/td>\n<\/tr>\n<tr class=\"row-3\">\n\t<td class=\"column-1\">08\/11\/2019<\/td><td class=\"column-2\">Pactes parasocials o que suposin canvi de control<\/td>\n<\/tr>\n<tr class=\"row-4\">\n\t<td class=\"column-1\">02\/08\/2019<\/td><td class=\"column-2\">Modificaci\u00f3 pacte parasocial CVC i Alba a Naturgy<\/td>\n<\/tr>\n<tr class=\"row-5\">\n\t<td class=\"column-1\">03\/10\/2018<\/td><td class=\"column-2\">Subscripci\u00f3 de pactes parasocials en relaci\u00f3 amb accions de Naturgy Energy Group, SA<\/td>\n<\/tr>\n<tr class=\"row-6\">\n\t<td class=\"column-1\">18\/05\/2018<\/td><td class=\"column-2\">Pacte parasocial CVC i Alba a Gas Natural<\/td>\n<\/tr>\n<tr class=\"row-7\">\n\t<td class=\"column-1\">18\/05\/2018<\/td><td class=\"column-2\">Tancament de la venda del 20,072 % del capital social de Gas Natural SDG a Rioja Bidco Shareholdings i exclusi\u00f3 de Repsol de l\u2019acord amb Criteria Caixa i GIP III Canary 1 sobre Gas Natural SDG.<\/td>\n<\/tr>\n<tr class=\"row-8\">\n\t<td class=\"column-1\">21\/09\/2016<\/td><td class=\"column-2\">Criteria Caixa, SAU comunica el tancament de la venda del 10 % del capital social de Gas Natural SDG, SA a GIP III Canary 1, S.\u00e0.r.l. i l\u2019acabament de l\u2019acord entre \u201dla Caixa\u201d i Repsol sobre Gas Natural SDG<\/td>\n<\/tr>\n<tr class=\"row-9\">\n\t<td class=\"column-1\">21\/09\/2016<\/td><td class=\"column-2\">Repsol, SA comunica el tancament de la venda del 10 % del capital social de Gas Natural SDG a GIP III Canary 1 S.\u00e0.r.l. i l\u2019acabament de l\u2019acord entre Criteria Caixa i Repsol sobre Gas Natural SDG<\/td>\n<\/tr>\n<tr class=\"row-10\">\n\t<td class=\"column-1\">12\/09\/2016<\/td><td class=\"column-2\">Criteria Caixa, SAU comunica la venda d\u2019un 10 % del capital social de Gas Natural SDG a GIP III Canary 1 S.\u00e0.r.l. per un import de 1.901.309.746 euros..<\/td>\n<\/tr>\n<tr class=\"row-11\">\n\t<td class=\"column-1\">12\/09\/2016<\/td><td class=\"column-2\">Repsol, S.A. comunica la venda d\u2019un 10 % del capital social de Gas Natural SDG a GIP III Canary 1 S.\u00e0.r.l. per un import de 1.901.309.746 euros.<\/td>\n<\/tr>\n<tr class=\"row-12\">\n\t<td class=\"column-1\">13\/03\/2003<\/td><td class=\"column-2\">La Caixa i Repsol YPF expressen la seva voluntat de modificar els pactes que mantenen sobre Gas Natural per adaptar-los als possibles escenaris futurs.<\/td>\n<\/tr>\n<\/tbody>\n<\/table>\n<!-- #tablepress-405 from cache --><\/div>\n\t\t\t\t\t\t<\/div>\n\t\t\t\t<\/div>\n\t\t\t\t<div class=\"elementor-element elementor-element-986761a elementor-widget elementor-widget-text-editor\" data-id=\"986761a\" data-element_type=\"widget\" data-widget_type=\"text-editor.default\">\n\t\t\t\t<div class=\"elementor-widget-container\">\n\t\t\t\t\t\t\t\t\t<p>Podeu consultar m\u00e9s informaci\u00f3 a la web de la <strong><a href=\"https:\/\/www.cnmv.es\/portal\/consultas\/datosentidad?nif=A08015497&amp;lang=ca\" target=\"_blank\" rel=\"noopener\">Comissi\u00f3 Nacional del Mercat de Valors (CNMV)<\/a>.<\/strong><\/p>\t\t\t\t\t\t\t\t<\/div>\n\t\t\t\t<\/div>\n\t\t\t\t<div class=\"elementor-element elementor-element-cd338e6 elementor-align-left elementor-widget elementor-widget-button\" data-id=\"cd338e6\" data-element_type=\"widget\" data-widget_type=\"button.default\">\n\t\t\t\t<div class=\"elementor-widget-container\">\n\t\t\t\t\t\t\t\t\t<div class=\"elementor-button-wrapper\">\n\t\t\t\t\t<a class=\"elementor-button elementor-button-link elementor-size-sm\" href=\"https:\/\/www.cnmv.es\/portal\/consultas\/datosentidad?nif=A08015497&#038;lang=ca\" target=\"_blank\" rel=\"noopener\">\n\t\t\t\t\t\t<span class=\"elementor-button-content-wrapper\">\n\t\t\t\t\t\t\t\t\t<span class=\"elementor-button-text\">Consulta la CNMV<\/span>\n\t\t\t\t\t<\/span>\n\t\t\t\t\t<\/a>\n\t\t\t\t<\/div>\n\t\t\t\t\t\t\t\t<\/div>\n\t\t\t\t<\/div>\n\t\t\t\t\t<\/div>\n\t\t\t\t<\/div>\n\t\t\t\t<\/div>\n\t\t\t\t\t<\/div>\n\t\t<\/div>\n\t\t\t\t\t\t<\/div>\n\t\t\t\t<\/div>\n\t\t\t\t\t<\/div>\n\t\t\t\t<\/div>\n\t\t\t\t<\/div>\n\t\t","protected":false},"excerpt":{"rendered":"<p>Drets a vot A mar\u00e7 de 2026 Enlla\u00e7 a CNMV Autocartera Situaci\u00f3 de l&#8217;autocartera d&#8217;acord amb la darrera comunicaci\u00f3 remesa a la CNMV. Enlla\u00e7 a CNMV Pactes parasocials Pactes parasocials comunicats a CNMV Editar Data Descripci\u00f3 18\/12\/2025 Pacte parasocial CVC i Alba a Naturgy 08\/11\/2019 Pactes parasocials o que suposin canvi de control 02\/08\/2019 Modificaci\u00f3 [&hellip;]<\/p>\n","protected":false},"author":5,"featured_media":0,"parent":61846,"menu_order":6,"comment_status":"closed","ping_status":"closed","template":"","meta":{"_acf_changed":false,"footnotes":""},"class_list":["post-40860","page","type-page","status-publish","hentry"],"acf":[],"_links":{"self":[{"href":"https:\/\/www.naturgy.com\/ca\/wp-json\/wp\/v2\/pages\/40860","targetHints":{"allow":["GET"]}}],"collection":[{"href":"https:\/\/www.naturgy.com\/ca\/wp-json\/wp\/v2\/pages"}],"about":[{"href":"https:\/\/www.naturgy.com\/ca\/wp-json\/wp\/v2\/types\/page"}],"author":[{"embeddable":true,"href":"https:\/\/www.naturgy.com\/ca\/wp-json\/wp\/v2\/users\/5"}],"replies":[{"embeddable":true,"href":"https:\/\/www.naturgy.com\/ca\/wp-json\/wp\/v2\/comments?post=40860"}],"version-history":[{"count":30,"href":"https:\/\/www.naturgy.com\/ca\/wp-json\/wp\/v2\/pages\/40860\/revisions"}],"predecessor-version":[{"id":140268,"href":"https:\/\/www.naturgy.com\/ca\/wp-json\/wp\/v2\/pages\/40860\/revisions\/140268"}],"up":[{"embeddable":true,"href":"https:\/\/www.naturgy.com\/ca\/wp-json\/wp\/v2\/pages\/61846"}],"wp:attachment":[{"href":"https:\/\/www.naturgy.com\/ca\/wp-json\/wp\/v2\/media?parent=40860"}],"curies":[{"name":"wp","href":"https:\/\/api.w.org\/{rel}","templated":true}]}}