{"id":41184,"date":"2023-01-20T15:48:12","date_gmt":"2023-01-20T14:48:12","guid":{"rendered":"https:\/\/www.naturgy.com\/cambio-climatico-y-transicion-energetica\/"},"modified":"2026-03-26T11:28:45","modified_gmt":"2026-03-26T10:28:45","slug":"canvi-climatic-i-transicio-energetica","status":"publish","type":"page","link":"https:\/\/www.naturgy.com\/ca\/sostenibilitat\/medi-ambient\/canvi-climatic-i-transicio-energetica\/","title":{"rendered":"Canvi clim\u00e0tic i transici\u00f3 energ\u00e8tica"},"content":{"rendered":"\t\t<div data-elementor-type=\"wp-page\" data-elementor-id=\"41184\" class=\"elementor elementor-41184 elementor-12499\" data-elementor-post-type=\"page\">\n\t\t\t\t<div class=\"elementor-element elementor-element-46b9f872 e-flex e-con-boxed e-con e-parent\" data-id=\"46b9f872\" data-element_type=\"container\">\n\t\t\t\t\t<div class=\"e-con-inner\">\n\t\t<div class=\"elementor-element elementor-element-75839e01 e-con-full e-flex e-con e-child\" data-id=\"75839e01\" data-element_type=\"container\">\n\t\t\t\t<div class=\"elementor-element elementor-element-1b086361 elementor-widget elementor-widget-shortcode\" data-id=\"1b086361\" data-element_type=\"widget\" data-widget_type=\"shortcode.default\">\n\t\t\t\t<div class=\"elementor-widget-container\">\n\t\t\t\t\t\t\t<div class=\"elementor-shortcode\"><nav aria-label=\"breadcrumbs\" class=\"rank-math-breadcrumb\"><p><span class=\"last\">Inici<\/span><\/p><\/nav><\/div>\n\t\t\t\t\t\t<\/div>\n\t\t\t\t<\/div>\n\t\t\t\t<div class=\"elementor-element elementor-element-25f9ca79 elementor-widget elementor-widget-heading\" data-id=\"25f9ca79\" data-element_type=\"widget\" data-widget_type=\"heading.default\">\n\t\t\t\t<div class=\"elementor-widget-container\">\n\t\t\t\t\t<h1 class=\"elementor-heading-title elementor-size-default\">Canvi clim\u00e0tic i transici\u00f3 energ\u00e8tica<\/h1>\t\t\t\t<\/div>\n\t\t\t\t<\/div>\n\t\t\t\t<\/div>\n\t\t<div class=\"elementor-element elementor-element-665caf7b e-con-full e-flex e-con e-child\" data-id=\"665caf7b\" data-element_type=\"container\">\n\t\t\t\t<div class=\"elementor-element elementor-element-642e9783 elementor-widget elementor-widget-spacer\" data-id=\"642e9783\" data-element_type=\"widget\" data-widget_type=\"spacer.default\">\n\t\t\t\t<div class=\"elementor-widget-container\">\n\t\t\t\t\t\t\t<div class=\"elementor-spacer\">\n\t\t\t<div class=\"elementor-spacer-inner\"><\/div>\n\t\t<\/div>\n\t\t\t\t\t\t<\/div>\n\t\t\t\t<\/div>\n\t\t\t\t<div class=\"elementor-element elementor-element-735936c elementor-widget elementor-widget-image\" data-id=\"735936c\" data-element_type=\"widget\" data-widget_type=\"image.default\">\n\t\t\t\t<div class=\"elementor-widget-container\">\n\t\t\t\t\t\t\t\t\t\t\t\t<figure class=\"wp-caption\">\n\t\t\t\t\t\t\t\t\t\t<img fetchpriority=\"high\" decoding=\"async\" width=\"2048\" height=\"719\" src=\"https:\/\/www.naturgy.com\/\/app\/uploads\/2023\/03\/Dia-Mundial-del-Medio-Ambiente-2048x719-64240be103ad1-1.png\" class=\"attachment-full size-full wp-image-58445\" alt=\"\" srcset=\"https:\/\/www.naturgy.com\/\/app\/uploads\/2023\/03\/Dia-Mundial-del-Medio-Ambiente-2048x719-64240be103ad1-1.png 2048w, https:\/\/www.naturgy.com\/\/app\/uploads\/2023\/03\/Dia-Mundial-del-Medio-Ambiente-2048x719-64240be103ad1-1-300x105.png 300w, https:\/\/www.naturgy.com\/\/app\/uploads\/2023\/03\/Dia-Mundial-del-Medio-Ambiente-2048x719-64240be103ad1-1-1024x360.png 1024w, https:\/\/www.naturgy.com\/\/app\/uploads\/2023\/03\/Dia-Mundial-del-Medio-Ambiente-2048x719-64240be103ad1-1-768x270.png 768w, https:\/\/www.naturgy.com\/\/app\/uploads\/2023\/03\/Dia-Mundial-del-Medio-Ambiente-2048x719-64240be103ad1-1-1536x539.png 1536w\" sizes=\"(max-width: 2048px) 100vw, 2048px\" \/>\t\t\t\t\t\t\t\t\t\t\t<figcaption class=\"widget-image-caption wp-caption-text\"><\/figcaption>\n\t\t\t\t\t\t\t\t\t\t<\/figure>\n\t\t\t\t\t\t\t\t\t<\/div>\n\t\t\t\t<\/div>\n\t\t\t\t<\/div>\n\t\t\t\t\t<\/div>\n\t\t\t\t<\/div>\n\t\t<div class=\"elementor-element elementor-element-531d8fc e-flex e-con-boxed e-con e-parent\" data-id=\"531d8fc\" data-element_type=\"container\">\n\t\t\t\t\t<div class=\"e-con-inner\">\n\t\t\t\t<div class=\"elementor-element elementor-element-1884e2b elementor-widget elementor-widget-spacer\" data-id=\"1884e2b\" data-element_type=\"widget\" data-widget_type=\"spacer.default\">\n\t\t\t\t<div class=\"elementor-widget-container\">\n\t\t\t\t\t\t\t<div class=\"elementor-spacer\">\n\t\t\t<div class=\"elementor-spacer-inner\"><\/div>\n\t\t<\/div>\n\t\t\t\t\t\t<\/div>\n\t\t\t\t<\/div>\n\t\t\t\t\t<\/div>\n\t\t\t\t<\/div>\n\t\t<div class=\"elementor-element elementor-element-7ee36c7b elementor-hidden-desktop elementor-hidden-tablet elementor-hidden-mobile e-flex e-con-boxed e-con e-parent\" data-id=\"7ee36c7b\" data-element_type=\"container\">\n\t\t\t\t\t<div class=\"e-con-inner\">\n\t\t\t\t<div class=\"elementor-element elementor-element-72c12b4c e-n-tabs-tablet elementor-widget elementor-widget-n-tabs\" data-id=\"72c12b4c\" data-element_type=\"widget\" data-settings=\"{&quot;tabs_justify_horizontal&quot;:&quot;start&quot;,&quot;horizontal_scroll&quot;:&quot;disable&quot;}\" data-widget_type=\"nested-tabs.default\">\n\t\t\t\t<div class=\"elementor-widget-container\">\n\t\t\t\t\t\t\t<div class=\"e-n-tabs\" data-widget-number=\"1925262156\" aria-label=\"Tabs. Open items with Enter or Space, close with Escape and navigate using the Arrow keys.\">\n\t\t\t<div class=\"e-n-tabs-heading\" role=\"tablist\">\n\t\t\t\t\t<button id=\"e-n-tab-title-19252621561\" data-tab-title-id=\"e-n-tab-title-19252621561\" class=\"e-n-tab-title\" aria-selected=\"true\" data-tab-index=\"1\" role=\"tab\" tabindex=\"0\" aria-controls=\"e-n-tab-content-19252621561\" style=\"--n-tabs-title-order: 1;\">\n\t\t\t\t\t<span class=\"e-n-tab-icon\">\n\t\t\t<i aria-hidden=\"true\" class=\"fas fa-angle-down\"><\/i>\t\t\t<i aria-hidden=\"true\" class=\"fas fa-angle-down\"><\/i>\t\t<\/span>\n\t\t\t\t\t<span class=\"e-n-tab-title-text\">\n\t\t\t\tEls nostres compromisos\t\t\t<\/span>\n\t\t<\/button>\n\t\t\t\t<button id=\"e-n-tab-title-19252621562\" data-tab-title-id=\"e-n-tab-title-19252621562\" class=\"e-n-tab-title\" aria-selected=\"false\" data-tab-index=\"2\" role=\"tab\" tabindex=\"-1\" aria-controls=\"e-n-tab-content-19252621562\" style=\"--n-tabs-title-order: 2;\">\n\t\t\t\t\t<span class=\"e-n-tab-icon\">\n\t\t\t<i aria-hidden=\"true\" class=\"fas fa-angle-down\"><\/i>\t\t\t<i aria-hidden=\"true\" class=\"fas fa-angle-down\"><\/i>\t\t<\/span>\n\t\t\t\t\t<span class=\"e-n-tab-title-text\">\n\t\t\t\tCom ho fem\t\t\t<\/span>\n\t\t<\/button>\n\t\t\t\t\t<\/div>\n\t\t\t<div class=\"e-n-tabs-content\">\n\t\t\t\t<div id=\"e-n-tab-content-19252621561\" role=\"tabpanel\" aria-labelledby=\"e-n-tab-title-19252621561\" data-tab-index=\"1\" style=\"--n-tabs-title-order: 1;\" class=\"e-active elementor-element elementor-element-1da0ee30 e-con-full e-flex e-con e-child\" data-id=\"1da0ee30\" data-element_type=\"container\">\n\t\t\t\t<div class=\"elementor-element elementor-element-38b8c47 elementor-widget elementor-widget-text-editor\" data-id=\"38b8c47\" data-element_type=\"widget\" data-widget_type=\"text-editor.default\">\n\t\t\t\t<div class=\"elementor-widget-container\">\n\t\t\t\t\t\t\t\t\t<ul><li>Assolir la neutralitat clim\u00e0tica com a molt tard el 2050 a trav\u00e9s de la reducci\u00f3 del\u00a0total de les emissions d&#8217;abast 1, 2 i 3, establint objectius intermedis alineats\u00a0amb les sengles de reducci\u00f3 1,5 \u00b0C &#8211; 2 \u00b0C de l\u2019Acord de Par\u00eds.<\/li><\/ul><p>\u00a0<\/p><ul><li>Alinear les noves inversions amb les metes de l\u2019Acord de Par\u00eds, promovent les\u00a0energies renovables i descarbonitzades, l\u2019estalvi i l\u2019efici\u00e8ncia energ\u00e8tica i\u00a0l&#8217;adaptaci\u00f3 clim\u00e0tica.<\/li><\/ul><p>\u00a0<\/p><ul><li>Publicar anualment la petjada de carboni en tots els seus abastos, verificada per un\u00a0tercer independent, establint sistemes de seguiment i reducci\u00f3 de les\u00a0emissions.<\/li><\/ul><p>\u00a0<\/p><ul><li>Integrar la variable clim\u00e0tica en la gesti\u00f3 de riscos i oportunitats i en la\u00a0planificaci\u00f3 estrat\u00e8gica, d\u2019acord amb les recomanacions del Task Force on\u00a0Climate-related Financial Disclosure (TCFD).<\/li><\/ul><p>\u00a0<\/p><ul><li>Donar suport a les negociacions internacionals de canvi clim\u00e0tic i els mecanismes de\u00a0mercat que impulsin el desenvolupament de les tecnologies m\u00e9s adequades en cada etapa\u00a0de la transici\u00f3 energ\u00e8tica.<\/li><\/ul><p>\u00a0<\/p><ul><li>Impulsar directament, i a trav\u00e9s d\u2019aliances amb altres actors, pol\u00edtiques clim\u00e0tiques\u00a0alineades amb l\u2019Acord de Par\u00eds, assegurant la perman\u00e8ncia \u00fanicament a les\u00a0entitats que compleixin amb aquest criteri i publicant-ne anualment el llistat.\u00a0<\/li><\/ul><p>\u00a0<\/p><ul><li>Impulsar la descarbonitzaci\u00f3 en l\u00ednia amb els principis de transici\u00f3 justa i involucrar-hi la cadena de subministrament, promovent accions que redueixin la petjada de carboni de les empreses col\u00b7laboradores.<\/li><\/ul>\t\t\t\t\t\t\t\t<\/div>\n\t\t\t\t<\/div>\n\t\t\t\t<\/div>\n\t\t<div id=\"e-n-tab-content-19252621562\" role=\"tabpanel\" aria-labelledby=\"e-n-tab-title-19252621562\" data-tab-index=\"2\" style=\"--n-tabs-title-order: 2;\" class=\" elementor-element elementor-element-09e2e76 e-con-full e-flex e-con e-child\" data-id=\"09e2e76\" data-element_type=\"container\">\n\t\t\t\t<div class=\"elementor-element elementor-element-3e16893 elementor-widget elementor-widget-text-editor\" data-id=\"3e16893\" data-element_type=\"widget\" data-widget_type=\"text-editor.default\">\n\t\t\t\t<div class=\"elementor-widget-container\">\n\t\t\t\t\t\t\t\t\t<ul><li>Constru\u00efm nous projectes de generaci\u00f3 d\u2019electricitat renovable per aconseguir una pot\u00e8ncia renovable instal\u00b7lada de prop del 50% el 2025.<\/li><\/ul><ul><li>Impulsem la mobilitat el\u00e8ctrica i de gas per millorar la qualitat de l\u2019aire i la salut a les ciutats.<\/li><\/ul><ul><li>Proporcionem als nostres clients serveis energ\u00e8tics que els ajudin a estalviar a la seva factura i a reduir el canvi clim\u00e0tic.<\/li><\/ul><ul><li>Redu\u00efm les emissions fugitives a les nostres xarxes de gas, mitjan\u00e7ant la renovaci\u00f3 de materials i la implantaci\u00f3 de millores tecnol\u00f2giques i operatives.<\/li><\/ul><ul><li>Establim objectius de reducci\u00f3 d\u2019emissions de gasos amb efecte d\u2019hivernacle alineats amb la ci\u00e8ncia.<\/li><\/ul><ul><li>Seguim recomanacions del Task Force on Climate-Related Financial Disclosure (TCFD).<\/li><\/ul><ul><li>Col\u00b7laborem amb les administracions p\u00fabliques, associacions i altres entitats per a la creaci\u00f3 i la difusi\u00f3 de coneixement t\u00e8cnic per reduir el canvi clim\u00e0tic i participant activament en les cimeres internacionals de canvi clim\u00e0tic (COPs).<\/li><\/ul>\t\t\t\t\t\t\t\t<\/div>\n\t\t\t\t<\/div>\n\t\t\t\t<\/div>\n\t\t\t\t\t<\/div>\n\t\t<\/div>\n\t\t\t\t\t\t<\/div>\n\t\t\t\t<\/div>\n\t\t\t\t\t<\/div>\n\t\t\t\t<\/div>\n\t\t<div class=\"elementor-element elementor-element-e2d3e80 e-flex e-con-boxed e-con e-parent\" data-id=\"e2d3e80\" data-element_type=\"container\">\n\t\t\t\t\t<div class=\"e-con-inner\">\n\t\t\t\t<div class=\"elementor-element elementor-element-ede96d1 elementor-widget elementor-widget-spacer\" data-id=\"ede96d1\" data-element_type=\"widget\" data-widget_type=\"spacer.default\">\n\t\t\t\t<div class=\"elementor-widget-container\">\n\t\t\t\t\t\t\t<div class=\"elementor-spacer\">\n\t\t\t<div class=\"elementor-spacer-inner\"><\/div>\n\t\t<\/div>\n\t\t\t\t\t\t<\/div>\n\t\t\t\t<\/div>\n\t\t\t\t\t<\/div>\n\t\t\t\t<\/div>\n\t\t<div class=\"elementor-element elementor-element-8f76cfc e-flex e-con-boxed e-con e-parent\" data-id=\"8f76cfc\" data-element_type=\"container\">\n\t\t\t\t\t<div class=\"e-con-inner\">\n\t\t\t\t<div class=\"elementor-element elementor-element-bcf19f7 elementor-widget elementor-widget-heading\" data-id=\"bcf19f7\" data-element_type=\"widget\" data-widget_type=\"heading.default\">\n\t\t\t\t<div class=\"elementor-widget-container\">\n\t\t\t\t\t<h2 class=\"elementor-heading-title elementor-size-default\">Fets que avalen el nostre comprom\u00eds<\/h2>\t\t\t\t<\/div>\n\t\t\t\t<\/div>\n\t\t\t\t\t<\/div>\n\t\t\t\t<\/div>\n\t\t<div class=\"elementor-element elementor-element-14bd124 e-flex e-con-boxed e-con e-parent\" data-id=\"14bd124\" data-element_type=\"container\">\n\t\t\t\t\t<div class=\"e-con-inner\">\n\t\t\t\t<div class=\"elementor-element elementor-element-8736625 elementor-widget elementor-widget-spacer\" data-id=\"8736625\" data-element_type=\"widget\" data-widget_type=\"spacer.default\">\n\t\t\t\t<div class=\"elementor-widget-container\">\n\t\t\t\t\t\t\t<div class=\"elementor-spacer\">\n\t\t\t<div class=\"elementor-spacer-inner\"><\/div>\n\t\t<\/div>\n\t\t\t\t\t\t<\/div>\n\t\t\t\t<\/div>\n\t\t\t\t<div class=\"elementor-element elementor-element-646fd4f elementor-widget elementor-widget-image\" data-id=\"646fd4f\" data-element_type=\"widget\" data-widget_type=\"image.default\">\n\t\t\t\t<div class=\"elementor-widget-container\">\n\t\t\t\t\t\t\t\t\t\t\t\t\t\t\t<img decoding=\"async\" width=\"1140\" height=\"520\" src=\"https:\/\/stproportalcorporativo.blob.core.windows.net\/uploads\/2026\/03\/Cambio_Climatico_26_CA.png\" class=\"attachment-1536x1536 size-1536x1536 wp-image-142212\" alt=\"\" srcset=\"https:\/\/stproportalcorporativo.blob.core.windows.net\/uploads\/2026\/03\/Cambio_Climatico_26_CA.png 1140w, https:\/\/stproportalcorporativo.blob.core.windows.net\/uploads\/2026\/03\/Cambio_Climatico_26_CA-300x137.png 300w, https:\/\/stproportalcorporativo.blob.core.windows.net\/uploads\/2026\/03\/Cambio_Climatico_26_CA-1024x467.png 1024w, https:\/\/stproportalcorporativo.blob.core.windows.net\/uploads\/2026\/03\/Cambio_Climatico_26_CA-768x350.png 768w\" sizes=\"(max-width: 1140px) 100vw, 1140px\" \/>\t\t\t\t\t\t\t\t\t\t\t\t\t\t\t<\/div>\n\t\t\t\t<\/div>\n\t\t\t\t\t<\/div>\n\t\t\t\t<\/div>\n\t\t<div class=\"elementor-element elementor-element-81fdb37 e-flex e-con-boxed e-con e-parent\" data-id=\"81fdb37\" data-element_type=\"container\">\n\t\t\t\t\t<div class=\"e-con-inner\">\n\t\t\t\t<div class=\"elementor-element elementor-element-a5e47f7 elementor-widget elementor-widget-image\" data-id=\"a5e47f7\" data-element_type=\"widget\" data-widget_type=\"image.default\">\n\t\t\t\t<div class=\"elementor-widget-container\">\n\t\t\t\t\t\t\t\t\t\t\t\t\t\t\t<img decoding=\"async\" width=\"1\" height=\"1\" src=\"https:\/\/www.naturgy.com\/\/app\/uploads\/2023\/02\/cambio_climatico_ES-2.svg\" class=\"attachment-1536x1536 size-1536x1536 wp-image-23026\" alt=\"\" \/>\t\t\t\t\t\t\t\t\t\t\t\t\t\t\t<\/div>\n\t\t\t\t<\/div>\n\t\t\t\t\t<\/div>\n\t\t\t\t<\/div>\n\t\t<div class=\"elementor-element elementor-element-f719b0c e-flex e-con-boxed e-con e-parent\" data-id=\"f719b0c\" data-element_type=\"container\">\n\t\t\t\t\t<div class=\"e-con-inner\">\n\t\t\t\t<div class=\"elementor-element elementor-element-5ad7c5e elementor-widget elementor-widget-text-editor\" data-id=\"5ad7c5e\" data-element_type=\"widget\" data-widget_type=\"text-editor.default\">\n\t\t\t\t<div class=\"elementor-widget-container\">\n\t\t\t\t\t\t\t\t\t<p>* Dada 2025<br \/>** Evoluci\u00f3 en 2025 respecte a 2017<\/p>\t\t\t\t\t\t\t\t<\/div>\n\t\t\t\t<\/div>\n\t\t\t\t\t<\/div>\n\t\t\t\t<\/div>\n\t\t<div class=\"elementor-element elementor-element-be33697 e-flex e-con-boxed e-con e-parent\" data-id=\"be33697\" data-element_type=\"container\">\n\t\t\t\t\t<div class=\"e-con-inner\">\n\t\t\t\t<div class=\"elementor-element elementor-element-1e8861d elementor-widget elementor-widget-spacer\" data-id=\"1e8861d\" data-element_type=\"widget\" data-widget_type=\"spacer.default\">\n\t\t\t\t<div class=\"elementor-widget-container\">\n\t\t\t\t\t\t\t<div class=\"elementor-spacer\">\n\t\t\t<div class=\"elementor-spacer-inner\"><\/div>\n\t\t<\/div>\n\t\t\t\t\t\t<\/div>\n\t\t\t\t<\/div>\n\t\t\t\t\t<\/div>\n\t\t\t\t<\/div>\n\t\t<div class=\"elementor-element elementor-element-1eec8c9 e-flex e-con-boxed e-con e-parent\" data-id=\"1eec8c9\" data-element_type=\"container\">\n\t\t\t\t\t<div class=\"e-con-inner\">\n\t\t\t\t<div class=\"elementor-element elementor-element-2f69f23 elementor-widget elementor-widget-heading\" data-id=\"2f69f23\" data-element_type=\"widget\" data-widget_type=\"heading.default\">\n\t\t\t\t<div class=\"elementor-widget-container\">\n\t\t\t\t\t<h2 class=\"elementor-heading-title elementor-size-default\"> Segells<\/h2>\t\t\t\t<\/div>\n\t\t\t\t<\/div>\n\t\t\t\t\t<\/div>\n\t\t\t\t<\/div>\n\t\t<div class=\"elementor-element elementor-element-3273e06 e-flex e-con-boxed e-con e-parent\" data-id=\"3273e06\" data-element_type=\"container\">\n\t\t\t\t\t<div class=\"e-con-inner\">\n\t\t\t\t<div class=\"elementor-element elementor-element-65ce0a5 elementor-widget elementor-widget-spacer\" data-id=\"65ce0a5\" data-element_type=\"widget\" data-widget_type=\"spacer.default\">\n\t\t\t\t<div class=\"elementor-widget-container\">\n\t\t\t\t\t\t\t<div class=\"elementor-spacer\">\n\t\t\t<div class=\"elementor-spacer-inner\"><\/div>\n\t\t<\/div>\n\t\t\t\t\t\t<\/div>\n\t\t\t\t<\/div>\n\t\t\t\t\t<\/div>\n\t\t\t\t<\/div>\n\t\t<div class=\"elementor-element elementor-element-e799cae grid col-3 e-flex e-con-boxed e-con e-parent\" data-id=\"e799cae\" data-element_type=\"container\">\n\t\t\t\t\t<div class=\"e-con-inner\">\n\t\t<div class=\"elementor-element elementor-element-1e587e6 e-con-full e-flex e-con e-child\" data-id=\"1e587e6\" data-element_type=\"container\">\n\t\t\t\t<div class=\"elementor-element elementor-element-7bc2ee5 elementor-widget elementor-widget-image\" data-id=\"7bc2ee5\" data-element_type=\"widget\" data-widget_type=\"image.default\">\n\t\t\t\t<div class=\"elementor-widget-container\">\n\t\t\t\t\t\t\t\t\t\t\t\t\t\t\t<img loading=\"lazy\" decoding=\"async\" width=\"768\" height=\"364\" src=\"https:\/\/www.naturgy.com\/\/app\/uploads\/2026\/03\/climate-cdp-2025-768x364-1-768x364.png\" class=\"attachment-medium_large size-medium_large wp-image-141270\" alt=\"\" srcset=\"https:\/\/www.naturgy.com\/\/app\/uploads\/2026\/03\/climate-cdp-2025-768x364-1-768x364.png 768w, https:\/\/www.naturgy.com\/\/app\/uploads\/2026\/03\/climate-cdp-2025-768x364-1-300x142.png 300w, https:\/\/www.naturgy.com\/\/app\/uploads\/2026\/03\/climate-cdp-2025-768x364-1.png 774w\" sizes=\"(max-width: 768px) 100vw, 768px\" \/>\t\t\t\t\t\t\t\t\t\t\t\t\t\t\t<\/div>\n\t\t\t\t<\/div>\n\t\t\t\t<div class=\"elementor-element elementor-element-f189712 elementor-widget elementor-widget-heading\" data-id=\"f189712\" data-element_type=\"widget\" data-widget_type=\"heading.default\">\n\t\t\t\t<div class=\"elementor-widget-container\">\n\t\t\t\t\t<div class=\"elementor-heading-title elementor-size-default\">Formem part de l'\u00edndex des de 2009 i molts anys hem estat reconeguts en els llocs de lideratge.\n<\/div>\t\t\t\t<\/div>\n\t\t\t\t<\/div>\n\t\t\t\t<\/div>\n\t\t<div class=\"elementor-element elementor-element-47625bdc e-con-full e-flex e-con e-child\" data-id=\"47625bdc\" data-element_type=\"container\">\n\t\t\t\t<div class=\"elementor-element elementor-element-64be364f elementor-widget elementor-widget-image\" data-id=\"64be364f\" data-element_type=\"widget\" data-widget_type=\"image.default\">\n\t\t\t\t<div class=\"elementor-widget-container\">\n\t\t\t\t\t\t\t\t\t\t\t\t\t\t\t<img loading=\"lazy\" decoding=\"async\" width=\"768\" height=\"364\" src=\"https:\/\/www.naturgy.com\/\/app\/uploads\/2026\/03\/calculo_2024-768x364-1.png\" class=\"attachment-medium_large size-medium_large wp-image-141274\" alt=\"\" srcset=\"https:\/\/www.naturgy.com\/\/app\/uploads\/2026\/03\/calculo_2024-768x364-1.png 768w, https:\/\/www.naturgy.com\/\/app\/uploads\/2026\/03\/calculo_2024-768x364-1-300x142.png 300w\" sizes=\"(max-width: 768px) 100vw, 768px\" \/>\t\t\t\t\t\t\t\t\t\t\t\t\t\t\t<\/div>\n\t\t\t\t<\/div>\n\t\t\t\t<div class=\"elementor-element elementor-element-10353af1 elementor-widget elementor-widget-heading\" data-id=\"10353af1\" data-element_type=\"widget\" data-widget_type=\"heading.default\">\n\t\t\t\t<div class=\"elementor-widget-container\">\n\t\t\t\t\t<div class=\"elementor-heading-title elementor-size-default\">El Ministeri per a la Transici\u00f3 Ecol\u00f2gica ens ha atorgat aquest segell que distingeix les organitzacions que calculen la seva petjada de carboni i estan reduint les seves emissions.  <\/div>\t\t\t\t<\/div>\n\t\t\t\t<\/div>\n\t\t\t\t<\/div>\n\t\t\t\t\t<\/div>\n\t\t\t\t<\/div>\n\t\t<div class=\"elementor-element elementor-element-393c16a e-flex e-con-boxed e-con e-parent\" data-id=\"393c16a\" data-element_type=\"container\">\n\t\t\t\t\t<div class=\"e-con-inner\">\n\t\t\t\t<div class=\"elementor-element elementor-element-3e2ded5 elementor-widget elementor-widget-spacer\" data-id=\"3e2ded5\" data-element_type=\"widget\" data-widget_type=\"spacer.default\">\n\t\t\t\t<div class=\"elementor-widget-container\">\n\t\t\t\t\t\t\t<div class=\"elementor-spacer\">\n\t\t\t<div class=\"elementor-spacer-inner\"><\/div>\n\t\t<\/div>\n\t\t\t\t\t\t<\/div>\n\t\t\t\t<\/div>\n\t\t\t\t\t<\/div>\n\t\t\t\t<\/div>\n\t\t<div class=\"elementor-element elementor-element-1b6645d e-flex e-con-boxed e-con e-parent\" data-id=\"1b6645d\" data-element_type=\"container\">\n\t\t\t\t\t<div class=\"e-con-inner\">\n\t\t\t\t<div class=\"elementor-element elementor-element-53d8852 elementor-widget elementor-widget-heading\" data-id=\"53d8852\" data-element_type=\"widget\" data-widget_type=\"heading.default\">\n\t\t\t\t<div class=\"elementor-widget-container\">\n\t\t\t\t\t<h2 class=\"elementor-heading-title elementor-size-default\">Aliances<\/h2>\t\t\t\t<\/div>\n\t\t\t\t<\/div>\n\t\t\t\t\t<\/div>\n\t\t\t\t<\/div>\n\t\t<div class=\"elementor-element elementor-element-ed15d0c e-flex e-con-boxed e-con e-parent\" data-id=\"ed15d0c\" data-element_type=\"container\">\n\t\t\t\t\t<div class=\"e-con-inner\">\n\t\t\t\t<div class=\"elementor-element elementor-element-3b331d5 elementor-widget elementor-widget-spacer\" data-id=\"3b331d5\" data-element_type=\"widget\" data-widget_type=\"spacer.default\">\n\t\t\t\t<div class=\"elementor-widget-container\">\n\t\t\t\t\t\t\t<div class=\"elementor-spacer\">\n\t\t\t<div class=\"elementor-spacer-inner\"><\/div>\n\t\t<\/div>\n\t\t\t\t\t\t<\/div>\n\t\t\t\t<\/div>\n\t\t\t\t\t<\/div>\n\t\t\t\t<\/div>\n\t\t<div class=\"elementor-element elementor-element-16d1e7a grid col-3 e-flex e-con-boxed e-con e-parent\" data-id=\"16d1e7a\" data-element_type=\"container\">\n\t\t\t\t\t<div class=\"e-con-inner\">\n\t\t<div class=\"elementor-element elementor-element-0197b0b e-con-full e-flex e-con e-child\" data-id=\"0197b0b\" data-element_type=\"container\">\n\t\t\t\t<div class=\"elementor-element elementor-element-824472b elementor-widget elementor-widget-image\" data-id=\"824472b\" data-element_type=\"widget\" data-widget_type=\"image.default\">\n\t\t\t\t<div class=\"elementor-widget-container\">\n\t\t\t\t\t\t\t\t\t\t\t\t\t\t\t<img loading=\"lazy\" decoding=\"async\" width=\"768\" height=\"364\" src=\"https:\/\/www.naturgy.com\/\/app\/uploads\/2025\/06\/Cluster-Cambio-climatico-1-768x364.png\" class=\"attachment-medium_large size-medium_large wp-image-126322\" alt=\"\" srcset=\"https:\/\/www.naturgy.com\/\/app\/uploads\/2025\/06\/Cluster-Cambio-climatico-1-768x364.png 768w, https:\/\/www.naturgy.com\/\/app\/uploads\/2025\/06\/Cluster-Cambio-climatico-1-300x142.png 300w, https:\/\/www.naturgy.com\/\/app\/uploads\/2025\/06\/Cluster-Cambio-climatico-1-1024x485.png 1024w, https:\/\/www.naturgy.com\/\/app\/uploads\/2025\/06\/Cluster-Cambio-climatico-1.png 1360w\" sizes=\"(max-width: 768px) 100vw, 768px\" \/>\t\t\t\t\t\t\t\t\t\t\t\t\t\t\t<\/div>\n\t\t\t\t<\/div>\n\t\t\t\t<div class=\"elementor-element elementor-element-48c7c1b elementor-widget elementor-widget-heading\" data-id=\"48c7c1b\" data-element_type=\"widget\" data-widget_type=\"heading.default\">\n\t\t\t\t<div class=\"elementor-widget-container\">\n\t\t\t\t\t<div class=\"elementor-heading-title elementor-size-default\">Liderem el Cl\u00faster de Canvi Clim\u00e0tic de For\u00e9tica, que \u00e9s la plataforma empresarial de refer\u00e8ncia a Espanya en mat\u00e8ria de canvi clim\u00e0tic.<\/div>\t\t\t\t<\/div>\n\t\t\t\t<\/div>\n\t\t\t\t<div class=\"elementor-element elementor-element-f0f0494 has-icon elementor-widget elementor-widget-text-editor\" data-id=\"f0f0494\" data-element_type=\"widget\" data-widget_type=\"text-editor.default\">\n\t\t\t\t<div class=\"elementor-widget-container\">\n\t\t\t\t\t\t\t\t\t<p><a href=\"https:\/\/foretica.org\/proyectos-y-soluciones\/cluster-de-cambio-climatico\/\" target=\"_blank\" rel=\"noopener\">Cl\u00faster de Canvi Clim\u00e0tic de For\u00e9tica<\/a><\/p>\t\t\t\t\t\t\t\t<\/div>\n\t\t\t\t<\/div>\n\t\t\t\t<\/div>\n\t\t\t\t\t<\/div>\n\t\t\t\t<\/div>\n\t\t<div class=\"elementor-element elementor-element-1b49e95 e-flex e-con-boxed e-con e-parent\" data-id=\"1b49e95\" data-element_type=\"container\">\n\t\t\t\t\t<div class=\"e-con-inner\">\n\t\t\t\t<div class=\"elementor-element elementor-element-50c8df1 elementor-widget elementor-widget-spacer\" data-id=\"50c8df1\" data-element_type=\"widget\" data-widget_type=\"spacer.default\">\n\t\t\t\t<div class=\"elementor-widget-container\">\n\t\t\t\t\t\t\t<div class=\"elementor-spacer\">\n\t\t\t<div class=\"elementor-spacer-inner\"><\/div>\n\t\t<\/div>\n\t\t\t\t\t\t<\/div>\n\t\t\t\t<\/div>\n\t\t\t\t\t<\/div>\n\t\t\t\t<\/div>\n\t\t\t\t<\/div>\n\t\t","protected":false},"excerpt":{"rendered":"<p>Els nostres compromisos Com ho fem Assolir la neutralitat clim\u00e0tica com a molt tard el 2050 a trav\u00e9s de la reducci\u00f3 del\u00a0total de les emissions d&#8217;abast 1, 2 i 3, establint objectius intermedis alineats\u00a0amb les sengles de reducci\u00f3 1,5 \u00b0C &#8211; 2 \u00b0C de l\u2019Acord de Par\u00eds. \u00a0 Alinear les noves inversions amb les metes [&hellip;]<\/p>\n","protected":false},"author":5,"featured_media":0,"parent":59785,"menu_order":1,"comment_status":"closed","ping_status":"closed","template":"","meta":{"_acf_changed":false,"footnotes":""},"class_list":["post-41184","page","type-page","status-publish","hentry"],"acf":[],"_links":{"self":[{"href":"https:\/\/www.naturgy.com\/ca\/wp-json\/wp\/v2\/pages\/41184","targetHints":{"allow":["GET"]}}],"collection":[{"href":"https:\/\/www.naturgy.com\/ca\/wp-json\/wp\/v2\/pages"}],"about":[{"href":"https:\/\/www.naturgy.com\/ca\/wp-json\/wp\/v2\/types\/page"}],"author":[{"embeddable":true,"href":"https:\/\/www.naturgy.com\/ca\/wp-json\/wp\/v2\/users\/5"}],"replies":[{"embeddable":true,"href":"https:\/\/www.naturgy.com\/ca\/wp-json\/wp\/v2\/comments?post=41184"}],"version-history":[{"count":30,"href":"https:\/\/www.naturgy.com\/ca\/wp-json\/wp\/v2\/pages\/41184\/revisions"}],"predecessor-version":[{"id":142218,"href":"https:\/\/www.naturgy.com\/ca\/wp-json\/wp\/v2\/pages\/41184\/revisions\/142218"}],"up":[{"embeddable":true,"href":"https:\/\/www.naturgy.com\/ca\/wp-json\/wp\/v2\/pages\/59785"}],"wp:attachment":[{"href":"https:\/\/www.naturgy.com\/ca\/wp-json\/wp\/v2\/media?parent=41184"}],"curies":[{"name":"wp","href":"https:\/\/api.w.org\/{rel}","templated":true}]}}