{"id":41276,"date":"2023-01-20T15:34:28","date_gmt":"2023-01-20T14:34:28","guid":{"rendered":"https:\/\/www.naturgy.com\/gobernanza-y-gestion-ambiental\/"},"modified":"2026-03-26T11:51:29","modified_gmt":"2026-03-26T10:51:29","slug":"governanca-i-gestio-ambiental","status":"publish","type":"page","link":"https:\/\/www.naturgy.com\/ca\/sostenibilitat\/medi-ambient\/governanca-i-gestio-ambiental\/","title":{"rendered":"Governan\u00e7a i gesti\u00f3 ambiental"},"content":{"rendered":"\t\t<div data-elementor-type=\"wp-page\" data-elementor-id=\"41276\" class=\"elementor elementor-41276 elementor-12502\" data-elementor-post-type=\"page\">\n\t\t\t\t<div class=\"elementor-element elementor-element-87c3b6e e-flex e-con-boxed e-con e-parent\" data-id=\"87c3b6e\" data-element_type=\"container\">\n\t\t\t\t\t<div class=\"e-con-inner\">\n\t\t<div class=\"elementor-element elementor-element-2e4c73e e-con-full e-flex e-con e-child\" data-id=\"2e4c73e\" data-element_type=\"container\">\n\t\t\t\t<div class=\"elementor-element elementor-element-dd34aae elementor-widget elementor-widget-shortcode\" data-id=\"dd34aae\" data-element_type=\"widget\" data-widget_type=\"shortcode.default\">\n\t\t\t\t<div class=\"elementor-widget-container\">\n\t\t\t\t\t\t\t<div class=\"elementor-shortcode\"><nav aria-label=\"breadcrumbs\" class=\"rank-math-breadcrumb\"><p><span class=\"last\">Inici<\/span><\/p><\/nav><\/div>\n\t\t\t\t\t\t<\/div>\n\t\t\t\t<\/div>\n\t\t\t\t<div class=\"elementor-element elementor-element-bfa7ba9 elementor-widget elementor-widget-heading\" data-id=\"bfa7ba9\" data-element_type=\"widget\" data-widget_type=\"heading.default\">\n\t\t\t\t<div class=\"elementor-widget-container\">\n\t\t\t\t\t<h1 class=\"elementor-heading-title elementor-size-default\">Governan\u00e7a i gesti\u00f3 ambiental<\/h1>\t\t\t\t<\/div>\n\t\t\t\t<\/div>\n\t\t\t\t<\/div>\n\t\t<div class=\"elementor-element elementor-element-0b90b2d e-con-full e-flex e-con e-child\" data-id=\"0b90b2d\" data-element_type=\"container\">\n\t\t\t\t<div class=\"elementor-element elementor-element-0418596 elementor-widget elementor-widget-spacer\" data-id=\"0418596\" data-element_type=\"widget\" data-widget_type=\"spacer.default\">\n\t\t\t\t<div class=\"elementor-widget-container\">\n\t\t\t\t\t\t\t<div class=\"elementor-spacer\">\n\t\t\t<div class=\"elementor-spacer-inner\"><\/div>\n\t\t<\/div>\n\t\t\t\t\t\t<\/div>\n\t\t\t\t<\/div>\n\t\t\t\t<div class=\"elementor-element elementor-element-3c34226 elementor-widget elementor-widget-image\" data-id=\"3c34226\" data-element_type=\"widget\" data-widget_type=\"image.default\">\n\t\t\t\t<div class=\"elementor-widget-container\">\n\t\t\t\t\t\t\t\t\t\t\t\t<figure class=\"wp-caption\">\n\t\t\t\t\t\t\t\t\t\t<img fetchpriority=\"high\" decoding=\"async\" width=\"1140\" height=\"400\" src=\"https:\/\/www.naturgy.com\/\/app\/uploads\/2024\/03\/2023_03_Gobernanza_awards.png\" class=\"attachment-full size-full wp-image-98005\" alt=\"\" srcset=\"https:\/\/www.naturgy.com\/\/app\/uploads\/2024\/03\/2023_03_Gobernanza_awards.png 1140w, https:\/\/www.naturgy.com\/\/app\/uploads\/2024\/03\/2023_03_Gobernanza_awards-300x105.png 300w, https:\/\/www.naturgy.com\/\/app\/uploads\/2024\/03\/2023_03_Gobernanza_awards-1024x359.png 1024w, https:\/\/www.naturgy.com\/\/app\/uploads\/2024\/03\/2023_03_Gobernanza_awards-768x269.png 768w\" sizes=\"(max-width: 1140px) 100vw, 1140px\" \/>\t\t\t\t\t\t\t\t\t\t\t<figcaption class=\"widget-image-caption wp-caption-text\"><\/figcaption>\n\t\t\t\t\t\t\t\t\t\t<\/figure>\n\t\t\t\t\t\t\t\t\t<\/div>\n\t\t\t\t<\/div>\n\t\t\t\t<\/div>\n\t\t<div class=\"elementor-element elementor-element-c30ba1f e-con-full e-flex e-con e-child\" data-id=\"c30ba1f\" data-element_type=\"container\">\n\t\t\t\t<div class=\"elementor-element elementor-element-42018f7 elementor-widget elementor-widget-spacer\" data-id=\"42018f7\" data-element_type=\"widget\" data-widget_type=\"spacer.default\">\n\t\t\t\t<div class=\"elementor-widget-container\">\n\t\t\t\t\t\t\t<div class=\"elementor-spacer\">\n\t\t\t<div class=\"elementor-spacer-inner\"><\/div>\n\t\t<\/div>\n\t\t\t\t\t\t<\/div>\n\t\t\t\t<\/div>\n\t\t\t\t<\/div>\n\t\t\t\t\t<\/div>\n\t\t\t\t<\/div>\n\t\t<div class=\"elementor-element elementor-element-9f5d168 elementor-hidden-desktop elementor-hidden-tablet elementor-hidden-mobile e-flex e-con-boxed e-con e-parent\" data-id=\"9f5d168\" data-element_type=\"container\">\n\t\t\t\t\t<div class=\"e-con-inner\">\n\t\t\t\t<div class=\"elementor-element elementor-element-582c92b e-n-tabs-tablet elementor-widget elementor-widget-n-tabs\" data-id=\"582c92b\" data-element_type=\"widget\" data-settings=\"{&quot;tabs_justify_horizontal&quot;:&quot;start&quot;,&quot;horizontal_scroll&quot;:&quot;disable&quot;}\" data-widget_type=\"nested-tabs.default\">\n\t\t\t\t<div class=\"elementor-widget-container\">\n\t\t\t\t\t\t\t<div class=\"e-n-tabs\" data-widget-number=\"92457259\" aria-label=\"Tabs. Open items with Enter or Space, close with Escape and navigate using the Arrow keys.\">\n\t\t\t<div class=\"e-n-tabs-heading\" role=\"tablist\">\n\t\t\t\t\t<button id=\"e-n-tab-title-924572591\" data-tab-title-id=\"e-n-tab-title-924572591\" class=\"e-n-tab-title\" aria-selected=\"true\" data-tab-index=\"1\" role=\"tab\" tabindex=\"0\" aria-controls=\"e-n-tab-content-924572591\" style=\"--n-tabs-title-order: 1;\">\n\t\t\t\t\t<span class=\"e-n-tab-icon\">\n\t\t\t<i aria-hidden=\"true\" class=\"fas fa-angle-down\"><\/i>\t\t\t<i aria-hidden=\"true\" class=\"fas fa-angle-down\"><\/i>\t\t<\/span>\n\t\t\t\t\t<span class=\"e-n-tab-title-text\">\n\t\t\t\tEls nostres compromisos\t\t\t<\/span>\n\t\t<\/button>\n\t\t\t\t<button id=\"e-n-tab-title-924572592\" data-tab-title-id=\"e-n-tab-title-924572592\" class=\"e-n-tab-title\" aria-selected=\"false\" data-tab-index=\"2\" role=\"tab\" tabindex=\"-1\" aria-controls=\"e-n-tab-content-924572592\" style=\"--n-tabs-title-order: 2;\">\n\t\t\t\t\t<span class=\"e-n-tab-icon\">\n\t\t\t<i aria-hidden=\"true\" class=\"fas fa-angle-down\"><\/i>\t\t\t<i aria-hidden=\"true\" class=\"fas fa-angle-down\"><\/i>\t\t<\/span>\n\t\t\t\t\t<span class=\"e-n-tab-title-text\">\n\t\t\t\tCom ho fem\t\t\t<\/span>\n\t\t<\/button>\n\t\t\t\t\t<\/div>\n\t\t\t<div class=\"e-n-tabs-content\">\n\t\t\t\t<div id=\"e-n-tab-content-924572591\" role=\"tabpanel\" aria-labelledby=\"e-n-tab-title-924572591\" data-tab-index=\"1\" style=\"--n-tabs-title-order: 1;\" class=\"e-active elementor-element elementor-element-c4e9e00 e-con-full e-flex e-con e-child\" data-id=\"c4e9e00\" data-element_type=\"container\">\n\t\t\t\t<div class=\"elementor-element elementor-element-ae2c566 elementor-widget elementor-widget-text-editor\" data-id=\"ae2c566\" data-element_type=\"widget\" data-widget_type=\"text-editor.default\">\n\t\t\t\t<div class=\"elementor-widget-container\">\n\t\t\t\t\t\t\t\t\t<ul><li>Garantizar el cumplimiento de la legislaci\u00f3n ambiental y de requisitos voluntarios m\u00e1s exigentes; anticipando la adaptaci\u00f3n a las nuevas regulaciones.<\/li><\/ul><p>\u00a0<\/p><ul><li>Prevenir la contaminaci\u00f3n y reducir los impactos ambientales a lo largo de la cadena de valor, mediante la formaci\u00f3n de los empleados y fomentando tanto su implicaci\u00f3n como la de las empresas colaboradoras y partes interesadas.<\/li><\/ul><p>\u00a0<\/p><ul><li>Integrar el medio ambiente en la gesti\u00f3n de riesgos y oportunidades, en las decisiones estrat\u00e9gicas, as\u00ed como en las fusiones y adquisiciones de activos a trav\u00e9s de la realizaci\u00f3n de due diligences ambientales.<\/li><\/ul><p>\u00a0<\/p><ul><li>Establecer objetivos que impulsen la mejora continua en el desempe\u00f1o ambiental.<\/li><\/ul><p>\u00a0<\/p><ul><li>Disponer de un sistema de gesti\u00f3n ambiental auditado externamente y certificado, de acuerdo a los criterios de la Pol\u00edtica global del Sistema Integrado de Gesti\u00f3n.<\/li><\/ul><p>\u00a0<\/p><ul><li>Impulsar la transparencia, en l\u00ednea con los est\u00e1ndares internacionales de reporte, para facilitar la comunicaci\u00f3n con nuestros grupos de inter\u00e9s.<\/li><\/ul><p>\u00a0<\/p><ul><li>Apoyar la difusi\u00f3n de conocimiento y sensibilizaci\u00f3n en materia de energ\u00eda y medio ambiente e impulsar un di\u00e1logo constructivo con las Administraciones P\u00fablicas, ONGs, universidades, clientes y dem\u00e1s grupos de inter\u00e9s.<\/li><\/ul>\t\t\t\t\t\t\t\t<\/div>\n\t\t\t\t<\/div>\n\t\t\t\t<\/div>\n\t\t<div id=\"e-n-tab-content-924572592\" role=\"tabpanel\" aria-labelledby=\"e-n-tab-title-924572592\" data-tab-index=\"2\" style=\"--n-tabs-title-order: 2;\" class=\" elementor-element elementor-element-61a36e1 e-con-full e-flex e-con e-child\" data-id=\"61a36e1\" data-element_type=\"container\">\n\t\t\t\t<div class=\"elementor-element elementor-element-be109ee elementor-widget elementor-widget-text-editor\" data-id=\"be109ee\" data-element_type=\"widget\" data-widget_type=\"text-editor.default\">\n\t\t\t\t<div class=\"elementor-widget-container\">\n\t\t\t\t\t\t\t\t\t<ul><li>\u00a0Disposem d\u2019una estructura organitzativa que defineix les responsabilitats ambientals de les diferents unitats.<\/li><\/ul><p>\u00a0<\/p><ul><li>Tenim una eina global per identificar, registrar i supervisar el compliment dels requisits legals i aplicables de medi ambient, que s\u2019utilitza a tots els pa\u00efsos i a totes les instal\u00b7lacions i que ens permet controlar els m\u00e9s de 5.200 requisits ambientals que ens apliquen a escala global.\u00a0<\/li><\/ul><p>\u00a0<\/p><ul><li>El nostre model de compres i gesti\u00f3 de prove\u00efdors considera essencial el medi ambient i la sostenibilitat i afavoreix l\u2019adquisici\u00f3 de productes i serveis respectuosos amb el medi ambient i fabricats en condicions socialment justes.\u00a0<\/li><\/ul><p>\u00a0<\/p><ul><li>Registrem i seguim tots els incidents i accidents ambientals que succeeixen a les nostres instal\u00b7lacions per aprendre, prevenir successos de m\u00e9s entitat i reduir el risc.<\/li><\/ul><p>\u00a0<\/p><ul><li>T ots els negocis defineixen anualment objectius mediambientals que impulsen una millora cont\u00ednua.\u00a0<\/li><\/ul><p>\u00a0<\/p><ul><li>Participem en els \u00edndexs de sostenibilitat m\u00e9s reconeguts, als quals proporcionem informaci\u00f3 que \u00e9s verificada externament i que ens situen entre les millors companyies del m\u00f3n.\u00a0<\/li><\/ul><p>\u00a0<\/p><ul><li>Col\u00b7laborem en diferents congressos especialitzats i fem publicacions sobre medi ambient i energia per compartir el nostre coneixement amb la societat<\/li><\/ul>\t\t\t\t\t\t\t\t<\/div>\n\t\t\t\t<\/div>\n\t\t\t\t<\/div>\n\t\t\t\t\t<\/div>\n\t\t<\/div>\n\t\t\t\t\t\t<\/div>\n\t\t\t\t<\/div>\n\t\t\t\t\t<\/div>\n\t\t\t\t<\/div>\n\t\t<div class=\"elementor-element elementor-element-4ca3c1e e-flex e-con-boxed e-con e-parent\" data-id=\"4ca3c1e\" data-element_type=\"container\">\n\t\t\t\t\t<div class=\"e-con-inner\">\n\t\t\t\t<div class=\"elementor-element elementor-element-75c6b8b elementor-widget elementor-widget-spacer\" data-id=\"75c6b8b\" data-element_type=\"widget\" data-widget_type=\"spacer.default\">\n\t\t\t\t<div class=\"elementor-widget-container\">\n\t\t\t\t\t\t\t<div class=\"elementor-spacer\">\n\t\t\t<div class=\"elementor-spacer-inner\"><\/div>\n\t\t<\/div>\n\t\t\t\t\t\t<\/div>\n\t\t\t\t<\/div>\n\t\t\t\t\t<\/div>\n\t\t\t\t<\/div>\n\t\t<div class=\"elementor-element elementor-element-bb1aafc e-flex e-con-boxed e-con e-parent\" data-id=\"bb1aafc\" data-element_type=\"container\">\n\t\t\t\t\t<div class=\"e-con-inner\">\n\t\t\t\t<div class=\"elementor-element elementor-element-11ea9f0 elementor-widget elementor-widget-image\" data-id=\"11ea9f0\" data-element_type=\"widget\" data-widget_type=\"image.default\">\n\t\t\t\t<div class=\"elementor-widget-container\">\n\t\t\t\t\t\t\t\t\t\t\t\t<figure class=\"wp-caption\">\n\t\t\t\t\t\t\t\t\t\t<img decoding=\"async\" width=\"1140\" height=\"520\" src=\"https:\/\/stproportalcorporativo.blob.core.windows.net\/uploads\/2026\/03\/Gobernanza_26_CA.png\" class=\"attachment-full size-full wp-image-142282\" alt=\"\" srcset=\"https:\/\/stproportalcorporativo.blob.core.windows.net\/uploads\/2026\/03\/Gobernanza_26_CA.png 1140w, https:\/\/stproportalcorporativo.blob.core.windows.net\/uploads\/2026\/03\/Gobernanza_26_CA-300x137.png 300w, https:\/\/stproportalcorporativo.blob.core.windows.net\/uploads\/2026\/03\/Gobernanza_26_CA-1024x467.png 1024w, https:\/\/stproportalcorporativo.blob.core.windows.net\/uploads\/2026\/03\/Gobernanza_26_CA-768x350.png 768w\" sizes=\"(max-width: 1140px) 100vw, 1140px\" \/>\t\t\t\t\t\t\t\t\t\t\t<figcaption class=\"widget-image-caption wp-caption-text\"><\/figcaption>\n\t\t\t\t\t\t\t\t\t\t<\/figure>\n\t\t\t\t\t\t\t\t\t<\/div>\n\t\t\t\t<\/div>\n\t\t\t\t\t<\/div>\n\t\t\t\t<\/div>\n\t\t<div class=\"elementor-element elementor-element-9fc951b e-flex e-con-boxed e-con e-parent\" data-id=\"9fc951b\" data-element_type=\"container\">\n\t\t\t\t\t<div class=\"e-con-inner\">\n\t\t\t\t<div class=\"elementor-element elementor-element-fd6b6a0 elementor-widget elementor-widget-text-editor\" data-id=\"fd6b6a0\" data-element_type=\"widget\" data-widget_type=\"text-editor.default\">\n\t\t\t\t<div class=\"elementor-widget-container\">\n\t\t\t\t\t\t\t\t\t<p>* Dada 2025<\/p>\t\t\t\t\t\t\t\t<\/div>\n\t\t\t\t<\/div>\n\t\t\t\t<div class=\"elementor-element elementor-element-5bfc767 elementor-widget__width-initial elementor-widget elementor-widget-spacer\" data-id=\"5bfc767\" data-element_type=\"widget\" data-widget_type=\"spacer.default\">\n\t\t\t\t<div class=\"elementor-widget-container\">\n\t\t\t\t\t\t\t<div class=\"elementor-spacer\">\n\t\t\t<div class=\"elementor-spacer-inner\"><\/div>\n\t\t<\/div>\n\t\t\t\t\t\t<\/div>\n\t\t\t\t<\/div>\n\t\t\t\t\t<\/div>\n\t\t\t\t<\/div>\n\t\t<div class=\"elementor-element elementor-element-5b25270 e-con-full e-flex e-con e-parent\" data-id=\"5b25270\" data-element_type=\"container\" data-settings=\"{&quot;background_background&quot;:&quot;classic&quot;}\">\n\t\t<div class=\"elementor-element elementor-element-06730fb e-con-full e-flex e-con e-child\" data-id=\"06730fb\" data-element_type=\"container\">\n\t\t\t\t<div class=\"elementor-element elementor-element-51e2da1 elementor-widget elementor-widget-heading\" data-id=\"51e2da1\" data-element_type=\"widget\" data-widget_type=\"heading.default\">\n\t\t\t\t<div class=\"elementor-widget-container\">\n\t\t\t\t\t<h2 class=\"elementor-heading-title elementor-size-default\">Estudis d'impacte ambiental  <\/h2>\t\t\t\t<\/div>\n\t\t\t\t<\/div>\n\t\t\t\t<div class=\"elementor-element elementor-element-9cabdb9 elementor-widget elementor-widget-button\" data-id=\"9cabdb9\" data-element_type=\"widget\" data-widget_type=\"button.default\">\n\t\t\t\t<div class=\"elementor-widget-container\">\n\t\t\t\t\t\t\t\t\t<div class=\"elementor-button-wrapper\">\n\t\t\t\t\t<a class=\"elementor-button elementor-button-link elementor-size-sm\" href=\"https:\/\/www.naturgy.com\/ca\/governanca-i-gestio-ambiental\/estudis-dimpacte-ambiental\/\">\n\t\t\t\t\t\t<span class=\"elementor-button-content-wrapper\">\n\t\t\t\t\t\t\t\t\t<span class=\"elementor-button-text\">Saber m\u00e9s<\/span>\n\t\t\t\t\t<\/span>\n\t\t\t\t\t<\/a>\n\t\t\t\t<\/div>\n\t\t\t\t\t\t\t\t<\/div>\n\t\t\t\t<\/div>\n\t\t\t\t<\/div>\n\t\t<div class=\"elementor-element elementor-element-94d266b e-con-full e-flex e-con e-child\" data-id=\"94d266b\" data-element_type=\"container\">\n\t\t\t\t<div class=\"elementor-element elementor-element-e50e0b3 elementor-hidden-tablet elementor-hidden-desktop elementor-widget elementor-widget-image\" data-id=\"e50e0b3\" data-element_type=\"widget\" data-widget_type=\"image.default\">\n\t\t\t\t<div class=\"elementor-widget-container\">\n\t\t\t\t\t\t\t\t\t\t\t\t\t\t\t<img decoding=\"async\" width=\"768\" height=\"512\" src=\"https:\/\/stproportalcorporativo.blob.core.windows.net\/uploads\/2023\/06\/N3_Medio-ambiente_Gobernanza-y-Gestion-ambiental_movil-min-1.png\" class=\"attachment-large size-large wp-image-78687\" alt=\"\" srcset=\"https:\/\/stproportalcorporativo.blob.core.windows.net\/uploads\/2023\/06\/N3_Medio-ambiente_Gobernanza-y-Gestion-ambiental_movil-min-1.png 768w, https:\/\/stproportalcorporativo.blob.core.windows.net\/uploads\/2023\/06\/N3_Medio-ambiente_Gobernanza-y-Gestion-ambiental_movil-min-1-300x200.png 300w\" sizes=\"(max-width: 768px) 100vw, 768px\" \/>\t\t\t\t\t\t\t\t\t\t\t\t\t\t\t<\/div>\n\t\t\t\t<\/div>\n\t\t\t\t<\/div>\n\t\t\t\t<\/div>\n\t\t<div class=\"elementor-element elementor-element-4946306 e-flex e-con-boxed e-con e-parent\" data-id=\"4946306\" data-element_type=\"container\">\n\t\t\t\t\t<div class=\"e-con-inner\">\n\t\t\t\t<div class=\"elementor-element elementor-element-d4690d4 elementor-widget elementor-widget-spacer\" data-id=\"d4690d4\" data-element_type=\"widget\" data-widget_type=\"spacer.default\">\n\t\t\t\t<div class=\"elementor-widget-container\">\n\t\t\t\t\t\t\t<div class=\"elementor-spacer\">\n\t\t\t<div class=\"elementor-spacer-inner\"><\/div>\n\t\t<\/div>\n\t\t\t\t\t\t<\/div>\n\t\t\t\t<\/div>\n\t\t\t\t\t<\/div>\n\t\t\t\t<\/div>\n\t\t<div class=\"elementor-element elementor-element-2deaf8f e-flex e-con-boxed e-con e-parent\" data-id=\"2deaf8f\" data-element_type=\"container\">\n\t\t\t\t\t<div class=\"e-con-inner\">\n\t\t\t\t<div class=\"elementor-element elementor-element-f2d42df elementor-widget elementor-widget-heading\" data-id=\"f2d42df\" data-element_type=\"widget\" data-widget_type=\"heading.default\">\n\t\t\t\t<div class=\"elementor-widget-container\">\n\t\t\t\t\t<h2 class=\"elementor-heading-title elementor-size-default\">Informaci\u00f3n d'inter\u00e8s<\/h2>\t\t\t\t<\/div>\n\t\t\t\t<\/div>\n\t\t\t\t\t<\/div>\n\t\t\t\t<\/div>\n\t\t<div class=\"elementor-element elementor-element-9c3343b e-flex e-con-boxed e-con e-parent\" data-id=\"9c3343b\" data-element_type=\"container\">\n\t\t\t\t\t<div class=\"e-con-inner\">\n\t\t\t\t<div class=\"elementor-element elementor-element-af2ef90 elementor-widget elementor-widget-spacer\" data-id=\"af2ef90\" data-element_type=\"widget\" data-widget_type=\"spacer.default\">\n\t\t\t\t<div class=\"elementor-widget-container\">\n\t\t\t\t\t\t\t<div class=\"elementor-spacer\">\n\t\t\t<div class=\"elementor-spacer-inner\"><\/div>\n\t\t<\/div>\n\t\t\t\t\t\t<\/div>\n\t\t\t\t<\/div>\n\t\t\t\t\t<\/div>\n\t\t\t\t<\/div>\n\t\t<div class=\"elementor-element elementor-element-e27286f e-flex e-con-boxed e-con e-parent\" data-id=\"e27286f\" data-element_type=\"container\">\n\t\t\t\t\t<div class=\"e-con-inner\">\n\t\t\t\t<div class=\"elementor-element elementor-element-3ceadfd elementor-widget elementor-widget-spacer\" data-id=\"3ceadfd\" data-element_type=\"widget\" data-widget_type=\"spacer.default\">\n\t\t\t\t<div class=\"elementor-widget-container\">\n\t\t\t\t\t\t\t<div class=\"elementor-spacer\">\n\t\t\t<div class=\"elementor-spacer-inner\"><\/div>\n\t\t<\/div>\n\t\t\t\t\t\t<\/div>\n\t\t\t\t<\/div>\n\t\t\t\t\t<\/div>\n\t\t\t\t<\/div>\n\t\t<div class=\"elementor-element elementor-element-90462c1 grid col-3 e-flex e-con-boxed e-con e-parent\" data-id=\"90462c1\" data-element_type=\"container\">\n\t\t\t\t\t<div class=\"e-con-inner\">\n\t\t<div class=\"elementor-element elementor-element-33338c0 e-con-full e-flex e-con e-child\" data-id=\"33338c0\" data-element_type=\"container\" data-settings=\"{&quot;background_background&quot;:&quot;classic&quot;}\">\n\t\t\t\t<div class=\"elementor-element elementor-element-40a72fc elementor-widget elementor-widget-image\" data-id=\"40a72fc\" data-element_type=\"widget\" data-widget_type=\"image.default\">\n\t\t\t\t<div class=\"elementor-widget-container\">\n\t\t\t\t\t\t\t\t\t\t\t\t\t\t\t<img loading=\"lazy\" decoding=\"async\" width=\"250\" height=\"333\" src=\"https:\/\/www.naturgy.com\/\/app\/uploads\/2023\/04\/montaje_logos_250.jpg\" class=\"attachment-medium_large size-medium_large wp-image-64295\" alt=\"\" srcset=\"https:\/\/www.naturgy.com\/\/app\/uploads\/2023\/04\/montaje_logos_250.jpg 250w, https:\/\/www.naturgy.com\/\/app\/uploads\/2023\/04\/montaje_logos_250-225x300.jpg 225w\" sizes=\"(max-width: 250px) 100vw, 250px\" \/>\t\t\t\t\t\t\t\t\t\t\t\t\t\t\t<\/div>\n\t\t\t\t<\/div>\n\t\t<div class=\"elementor-element elementor-element-a2ef2ba e-con-full e-flex e-con e-child\" data-id=\"a2ef2ba\" data-element_type=\"container\">\n\t\t\t\t<div class=\"elementor-element elementor-element-38d7a5b elementor-widget elementor-widget-heading\" data-id=\"38d7a5b\" data-element_type=\"widget\" data-widget_type=\"heading.default\">\n\t\t\t\t<div class=\"elementor-widget-container\">\n\t\t\t\t\t<div class=\"elementor-heading-title elementor-size-default\">\u00cdndexs de sostenibilitat<\/div>\t\t\t\t<\/div>\n\t\t\t\t<\/div>\n\t\t\t\t<div class=\"elementor-element elementor-element-477ad7b elementor-widget elementor-widget-text-editor\" data-id=\"477ad7b\" data-element_type=\"widget\" data-widget_type=\"text-editor.default\">\n\t\t\t\t<div class=\"elementor-widget-container\">\n\t\t\t\t\t\t\t\t\t<p><a href=\"https:\/\/www.naturgy.com\/sostenibilidad\/responsabilidad-corporativa\/indices-de-sostenibilidad\/\">Accede<\/a><\/p>\t\t\t\t\t\t\t\t<\/div>\n\t\t\t\t<\/div>\n\t\t\t\t<\/div>\n\t\t\t\t<\/div>\n\t\t<div class=\"elementor-element elementor-element-c9e5a16 e-con-full e-flex e-con e-child\" data-id=\"c9e5a16\" data-element_type=\"container\" data-settings=\"{&quot;background_background&quot;:&quot;classic&quot;}\">\n\t\t\t\t<div class=\"elementor-element elementor-element-3e80d76 elementor-widget elementor-widget-image\" data-id=\"3e80d76\" data-element_type=\"widget\" data-widget_type=\"image.default\">\n\t\t\t\t<div class=\"elementor-widget-container\">\n\t\t\t\t\t\t\t\t\t\t\t\t\t\t\t<img loading=\"lazy\" decoding=\"async\" width=\"267\" height=\"189\" src=\"https:\/\/www.naturgy.com\/\/app\/uploads\/2023\/06\/thumbnail_image001.png\" class=\"attachment-medium_large size-medium_large wp-image-78678\" alt=\"\" \/>\t\t\t\t\t\t\t\t\t\t\t\t\t\t\t<\/div>\n\t\t\t\t<\/div>\n\t\t<div class=\"elementor-element elementor-element-5f71715 e-con-full e-flex e-con e-child\" data-id=\"5f71715\" data-element_type=\"container\">\n\t\t\t\t<div class=\"elementor-element elementor-element-ee46151 elementor-widget elementor-widget-heading\" data-id=\"ee46151\" data-element_type=\"widget\" data-widget_type=\"heading.default\">\n\t\t\t\t<div class=\"elementor-widget-container\">\n\t\t\t\t\t<div class=\"elementor-heading-title elementor-size-default\">Certificacions ambientals<\/div>\t\t\t\t<\/div>\n\t\t\t\t<\/div>\n\t\t\t\t<div class=\"elementor-element elementor-element-ee83fab elementor-widget elementor-widget-text-editor\" data-id=\"ee83fab\" data-element_type=\"widget\" data-widget_type=\"text-editor.default\">\n\t\t\t\t<div class=\"elementor-widget-container\">\n\t\t\t\t\t\t\t\t\t<p><a href=\"https:\/\/www.naturgy.com\/sostenibilidad\/responsabilidad-corporativa\/certificaciones\/\">Accede<\/a><\/p>\t\t\t\t\t\t\t\t<\/div>\n\t\t\t\t<\/div>\n\t\t\t\t<\/div>\n\t\t\t\t<\/div>\n\t\t<div class=\"elementor-element elementor-element-b58deb6 e-con-full e-flex e-con e-child\" data-id=\"b58deb6\" data-element_type=\"container\" data-settings=\"{&quot;background_background&quot;:&quot;classic&quot;}\">\n\t\t\t\t<div class=\"elementor-element elementor-element-430d5c3 elementor-widget elementor-widget-image\" data-id=\"430d5c3\" data-element_type=\"widget\" data-widget_type=\"image.default\">\n\t\t\t\t<div class=\"elementor-widget-container\">\n\t\t\t\t\t\t\t\t\t\t\t\t\t\t\t<img loading=\"lazy\" decoding=\"async\" width=\"680\" height=\"322\" src=\"https:\/\/www.naturgy.com\/\/app\/uploads\/2023\/04\/CONAMA-2022.png\" class=\"attachment-medium_large size-medium_large wp-image-64303\" alt=\"\" srcset=\"https:\/\/www.naturgy.com\/\/app\/uploads\/2023\/04\/CONAMA-2022.png 680w, https:\/\/www.naturgy.com\/\/app\/uploads\/2023\/04\/CONAMA-2022-300x142.png 300w\" sizes=\"(max-width: 680px) 100vw, 680px\" \/>\t\t\t\t\t\t\t\t\t\t\t\t\t\t\t<\/div>\n\t\t\t\t<\/div>\n\t\t<div class=\"elementor-element elementor-element-18cbc1d e-con-full e-flex e-con e-child\" data-id=\"18cbc1d\" data-element_type=\"container\">\n\t\t\t\t<div class=\"elementor-element elementor-element-b124e7d elementor-widget elementor-widget-heading\" data-id=\"b124e7d\" data-element_type=\"widget\" data-widget_type=\"heading.default\">\n\t\t\t\t<div class=\"elementor-widget-container\">\n\t\t\t\t\t<div class=\"elementor-heading-title elementor-size-default\">Patrocini CONAMA 2022<\/div>\t\t\t\t<\/div>\n\t\t\t\t<\/div>\n\t\t\t\t<div class=\"elementor-element elementor-element-ecf3408 elementor-widget elementor-widget-text-editor\" data-id=\"ecf3408\" data-element_type=\"widget\" data-widget_type=\"text-editor.default\">\n\t\t\t\t<div class=\"elementor-widget-container\">\n\t\t\t\t\t\t\t\t\t<p><a href=\"https:\/\/2022.conama.org\/\" target=\"_blank\" rel=\"noopener\">Accede<\/a><\/p>\t\t\t\t\t\t\t\t<\/div>\n\t\t\t\t<\/div>\n\t\t\t\t<\/div>\n\t\t\t\t<\/div>\n\t\t\t\t\t<\/div>\n\t\t\t\t<\/div>\n\t\t<div class=\"elementor-element elementor-element-defeaf0 e-con-full e-flex e-con e-parent\" data-id=\"defeaf0\" data-element_type=\"container\">\n\t\t\t\t<div class=\"elementor-element elementor-element-69cb400 elementor-widget elementor-widget-spacer\" data-id=\"69cb400\" data-element_type=\"widget\" data-widget_type=\"spacer.default\">\n\t\t\t\t<div class=\"elementor-widget-container\">\n\t\t\t\t\t\t\t<div class=\"elementor-spacer\">\n\t\t\t<div class=\"elementor-spacer-inner\"><\/div>\n\t\t<\/div>\n\t\t\t\t\t\t<\/div>\n\t\t\t\t<\/div>\n\t\t\t\t<\/div>\n\t\t\t\t<\/div>\n\t\t","protected":false},"excerpt":{"rendered":"<p>Els nostres compromisos Com ho fem Garantizar el cumplimiento de la legislaci\u00f3n ambiental y de requisitos voluntarios m\u00e1s exigentes; anticipando la adaptaci\u00f3n a las nuevas regulaciones. \u00a0 Prevenir la contaminaci\u00f3n y reducir los impactos ambientales a lo largo de la cadena de valor, mediante la formaci\u00f3n de los empleados y fomentando tanto su implicaci\u00f3n como [&hellip;]<\/p>\n","protected":false},"author":5,"featured_media":0,"parent":59785,"menu_order":4,"comment_status":"closed","ping_status":"closed","template":"","meta":{"_acf_changed":false,"footnotes":""},"class_list":["post-41276","page","type-page","status-publish","hentry"],"acf":[],"_links":{"self":[{"href":"https:\/\/www.naturgy.com\/ca\/wp-json\/wp\/v2\/pages\/41276","targetHints":{"allow":["GET"]}}],"collection":[{"href":"https:\/\/www.naturgy.com\/ca\/wp-json\/wp\/v2\/pages"}],"about":[{"href":"https:\/\/www.naturgy.com\/ca\/wp-json\/wp\/v2\/types\/page"}],"author":[{"embeddable":true,"href":"https:\/\/www.naturgy.com\/ca\/wp-json\/wp\/v2\/users\/5"}],"replies":[{"embeddable":true,"href":"https:\/\/www.naturgy.com\/ca\/wp-json\/wp\/v2\/comments?post=41276"}],"version-history":[{"count":28,"href":"https:\/\/www.naturgy.com\/ca\/wp-json\/wp\/v2\/pages\/41276\/revisions"}],"predecessor-version":[{"id":142289,"href":"https:\/\/www.naturgy.com\/ca\/wp-json\/wp\/v2\/pages\/41276\/revisions\/142289"}],"up":[{"embeddable":true,"href":"https:\/\/www.naturgy.com\/ca\/wp-json\/wp\/v2\/pages\/59785"}],"wp:attachment":[{"href":"https:\/\/www.naturgy.com\/ca\/wp-json\/wp\/v2\/media?parent=41276"}],"curies":[{"name":"wp","href":"https:\/\/api.w.org\/{rel}","templated":true}]}}