{"id":41322,"date":"2023-02-15T17:29:11","date_gmt":"2023-02-15T16:29:11","guid":{"rendered":"https:\/\/www.naturgy.com\/corporate-governance\/2016-general-shareholders-meeting\/"},"modified":"2023-04-03T11:03:29","modified_gmt":"2023-04-03T09:03:29","slug":"junta-general-daccionistes-2016","status":"publish","type":"page","link":"https:\/\/www.naturgy.com\/ca\/accionistes-i-inversors\/govern-corporatiu\/junta-general-daccionistes-2016\/","title":{"rendered":"Junta General d&#8217;Accionistes 2016"},"content":{"rendered":"\t\t<div data-elementor-type=\"wp-page\" data-elementor-id=\"41322\" class=\"elementor elementor-41322 elementor-24907\" data-elementor-post-type=\"page\">\n\t\t\t\t<div class=\"elementor-element elementor-element-30e5f0c9 e-flex e-con-boxed e-con e-parent\" data-id=\"30e5f0c9\" data-element_type=\"container\">\n\t\t\t\t\t<div class=\"e-con-inner\">\n\t\t<div class=\"elementor-element elementor-element-46ece75c e-con-full e-flex e-con e-parent\" data-id=\"46ece75c\" data-element_type=\"container\">\n\t\t\t\t<div class=\"elementor-element elementor-element-45248392 elementor-widget elementor-widget-shortcode\" data-id=\"45248392\" data-element_type=\"widget\" data-widget_type=\"shortcode.default\">\n\t\t\t\t<div class=\"elementor-widget-container\">\n\t\t\t\t\t\t\t<div class=\"elementor-shortcode\"><nav aria-label=\"breadcrumbs\" class=\"rank-math-breadcrumb\"><p><span class=\"last\">Inici<\/span><\/p><\/nav><\/div>\n\t\t\t\t\t\t<\/div>\n\t\t\t\t<\/div>\n\t\t\t\t<div class=\"elementor-element elementor-element-42e66e9b elementor-widget elementor-widget-heading\" data-id=\"42e66e9b\" data-element_type=\"widget\" data-widget_type=\"heading.default\">\n\t\t\t\t<div class=\"elementor-widget-container\">\n\t\t\t\t\t<h1 class=\"elementor-heading-title elementor-size-default\">Junta General d&#8217;Accionistes 2016<\/h1>\t\t\t\t<\/div>\n\t\t\t\t<\/div>\n\t\t\t\t<\/div>\n\t\t<div class=\"elementor-element elementor-element-3c49d61a e-con-full e-flex e-con e-parent\" data-id=\"3c49d61a\" data-element_type=\"container\">\n\t\t\t\t<div class=\"elementor-element elementor-element-3eeaa527 elementor-widget elementor-widget-spacer\" data-id=\"3eeaa527\" data-element_type=\"widget\" data-widget_type=\"spacer.default\">\n\t\t\t\t<div class=\"elementor-widget-container\">\n\t\t\t\t\t\t\t<div class=\"elementor-spacer\">\n\t\t\t<div class=\"elementor-spacer-inner\"><\/div>\n\t\t<\/div>\n\t\t\t\t\t\t<\/div>\n\t\t\t\t<\/div>\n\t\t\t\t<div class=\"elementor-element elementor-element-69bd23b2 elementor-widget elementor-widget-image\" data-id=\"69bd23b2\" data-element_type=\"widget\" data-widget_type=\"image.default\">\n\t\t\t\t<div class=\"elementor-widget-container\">\n\t\t\t\t\t\t\t\t\t\t\t\t<figure class=\"wp-caption\">\n\t\t\t\t\t\t\t\t\t\t<img fetchpriority=\"high\" decoding=\"async\" width=\"1919\" height=\"639\" src=\"https:\/\/www.naturgy.com\/\/app\/uploads\/2023\/02\/2016.png\" class=\"attachment-full size-full wp-image-27599\" alt=\"\" srcset=\"https:\/\/www.naturgy.com\/\/app\/uploads\/2023\/02\/2016.png 1919w, https:\/\/www.naturgy.com\/\/app\/uploads\/2023\/02\/2016-300x100.png 300w, https:\/\/www.naturgy.com\/\/app\/uploads\/2023\/02\/2016-1024x341.png 1024w, https:\/\/www.naturgy.com\/\/app\/uploads\/2023\/02\/2016-768x256.png 768w, https:\/\/www.naturgy.com\/\/app\/uploads\/2023\/02\/2016-1536x511.png 1536w\" sizes=\"(max-width: 1919px) 100vw, 1919px\" \/>\t\t\t\t\t\t\t\t\t\t\t<figcaption class=\"widget-image-caption wp-caption-text\"><\/figcaption>\n\t\t\t\t\t\t\t\t\t\t<\/figure>\n\t\t\t\t\t\t\t\t\t<\/div>\n\t\t\t\t<\/div>\n\t\t\t\t<\/div>\n\t\t<div class=\"elementor-element elementor-element-5d9c69ff e-con-full e-flex e-con e-parent\" data-id=\"5d9c69ff\" data-element_type=\"container\">\n\t\t\t\t<div class=\"elementor-element elementor-element-3da1e0e7 elementor-widget elementor-widget-spacer\" data-id=\"3da1e0e7\" data-element_type=\"widget\" data-widget_type=\"spacer.default\">\n\t\t\t\t<div class=\"elementor-widget-container\">\n\t\t\t\t\t\t\t<div class=\"elementor-spacer\">\n\t\t\t<div class=\"elementor-spacer-inner\"><\/div>\n\t\t<\/div>\n\t\t\t\t\t\t<\/div>\n\t\t\t\t<\/div>\n\t\t\t\t<\/div>\n\t\t\t\t\t<\/div>\n\t\t\t\t<\/div>\n\t\t<div class=\"elementor-element elementor-element-aaf3b9c e-flex e-con-boxed e-con e-parent\" data-id=\"aaf3b9c\" data-element_type=\"container\">\n\t\t\t\t\t<div class=\"e-con-inner\">\n\t\t\t\t<div class=\"elementor-element elementor-element-b457e6d has-icon elementor-widget elementor-widget-accordion\" data-id=\"b457e6d\" data-element_type=\"widget\" data-widget_type=\"accordion.default\">\n\t\t\t\t<div class=\"elementor-widget-container\">\n\t\t\t\t\t\t\t<div class=\"elementor-accordion\">\n\t\t\t\t\t\t\t<div class=\"elementor-accordion-item\">\n\t\t\t\t\t<div id=\"elementor-tab-title-1891\" class=\"elementor-tab-title\" data-tab=\"1\" role=\"button\" aria-controls=\"elementor-tab-content-1891\" aria-expanded=\"false\">\n\t\t\t\t\t\t\t\t\t\t\t\t\t<span class=\"elementor-accordion-icon elementor-accordion-icon-right\" aria-hidden=\"true\">\n\t\t\t\t\t\t\t\t\t\t\t\t\t\t\t<span class=\"elementor-accordion-icon-closed\"><i class=\"fas fa-chevron-down\"><\/i><\/span>\n\t\t\t\t\t\t\t\t<span class=\"elementor-accordion-icon-opened\"><i class=\"fas fa-chevron-up\"><\/i><\/span>\n\t\t\t\t\t\t\t\t\t\t\t\t\t\t<\/span>\n\t\t\t\t\t\t\t\t\t\t\t\t<a class=\"elementor-accordion-title\" tabindex=\"0\">Nota de premsa<\/a>\n\t\t\t\t\t<\/div>\n\t\t\t\t\t<div id=\"elementor-tab-content-1891\" class=\"elementor-tab-content elementor-clearfix\" data-tab=\"1\" role=\"region\" aria-labelledby=\"elementor-tab-title-1891\"><p><a href=\"https:\/\/stproportalcorporativo.blob.core.windows.net\/uploads\/2023\/02\/Nota-de-Prensa-Junta-Gas-Natural-Fenosa-16-63fdd2fbba565.pdf\" target=\"_blank\" rel=\"noopener\">Nota de premsa<\/a><\/p><\/div>\n\t\t\t\t<\/div>\n\t\t\t\t\t\t\t<div class=\"elementor-accordion-item\">\n\t\t\t\t\t<div id=\"elementor-tab-title-1892\" class=\"elementor-tab-title\" data-tab=\"2\" role=\"button\" aria-controls=\"elementor-tab-content-1892\" aria-expanded=\"false\">\n\t\t\t\t\t\t\t\t\t\t\t\t\t<span class=\"elementor-accordion-icon elementor-accordion-icon-right\" aria-hidden=\"true\">\n\t\t\t\t\t\t\t\t\t\t\t\t\t\t\t<span class=\"elementor-accordion-icon-closed\"><i class=\"fas fa-chevron-down\"><\/i><\/span>\n\t\t\t\t\t\t\t\t<span class=\"elementor-accordion-icon-opened\"><i class=\"fas fa-chevron-up\"><\/i><\/span>\n\t\t\t\t\t\t\t\t\t\t\t\t\t\t<\/span>\n\t\t\t\t\t\t\t\t\t\t\t\t<a class=\"elementor-accordion-title\" tabindex=\"0\">Convocat\u00f2ria Junta General<\/a>\n\t\t\t\t\t<\/div>\n\t\t\t\t\t<div id=\"elementor-tab-content-1892\" class=\"elementor-tab-content elementor-clearfix\" data-tab=\"2\" role=\"region\" aria-labelledby=\"elementor-tab-title-1892\"><p><a href=\"https:\/\/stproportalcorporativo.blob.core.windows.net\/uploads\/2023\/04\/DOC1-ConvocatoriaJGOGN4-05-2016doc.pdf\" target=\"_blank\" rel=\"noopener\">Convocat\u00f2ria Junta General Ordin\u00e0ria d\u2019Accionistes<\/a><\/p><\/div>\n\t\t\t\t<\/div>\n\t\t\t\t\t\t\t<div class=\"elementor-accordion-item\">\n\t\t\t\t\t<div id=\"elementor-tab-title-1893\" class=\"elementor-tab-title\" data-tab=\"3\" role=\"button\" aria-controls=\"elementor-tab-content-1893\" aria-expanded=\"false\">\n\t\t\t\t\t\t\t\t\t\t\t\t\t<span class=\"elementor-accordion-icon elementor-accordion-icon-right\" aria-hidden=\"true\">\n\t\t\t\t\t\t\t\t\t\t\t\t\t\t\t<span class=\"elementor-accordion-icon-closed\"><i class=\"fas fa-chevron-down\"><\/i><\/span>\n\t\t\t\t\t\t\t\t<span class=\"elementor-accordion-icon-opened\"><i class=\"fas fa-chevron-up\"><\/i><\/span>\n\t\t\t\t\t\t\t\t\t\t\t\t\t\t<\/span>\n\t\t\t\t\t\t\t\t\t\t\t\t<a class=\"elementor-accordion-title\" tabindex=\"0\">Proposta d\u2019acords corresponents a cada un dels punts de l\u2019ordre del dia de la Junta General<\/a>\n\t\t\t\t\t<\/div>\n\t\t\t\t\t<div id=\"elementor-tab-content-1893\" class=\"elementor-tab-content elementor-clearfix\" data-tab=\"3\" role=\"region\" aria-labelledby=\"elementor-tab-title-1893\"><p><a href=\"https:\/\/stproportalcorporativo.blob.core.windows.net\/uploads\/2023\/04\/DOC2-PROPUESTADEACUERDOSJUNTA2016DOC-1.pdf\" target=\"_blank\" rel=\"noopener\">Proposta d\u2019acords corresponents a cadascun dels punts de l\u2019ordre del dia de la Junta General<\/a><\/p><\/div>\n\t\t\t\t<\/div>\n\t\t\t\t\t\t\t<div class=\"elementor-accordion-item\">\n\t\t\t\t\t<div id=\"elementor-tab-title-1894\" class=\"elementor-tab-title\" data-tab=\"4\" role=\"button\" aria-controls=\"elementor-tab-content-1894\" aria-expanded=\"false\">\n\t\t\t\t\t\t\t\t\t\t\t\t\t<span class=\"elementor-accordion-icon elementor-accordion-icon-right\" aria-hidden=\"true\">\n\t\t\t\t\t\t\t\t\t\t\t\t\t\t\t<span class=\"elementor-accordion-icon-closed\"><i class=\"fas fa-chevron-down\"><\/i><\/span>\n\t\t\t\t\t\t\t\t<span class=\"elementor-accordion-icon-opened\"><i class=\"fas fa-chevron-up\"><\/i><\/span>\n\t\t\t\t\t\t\t\t\t\t\t\t\t\t<\/span>\n\t\t\t\t\t\t\t\t\t\t\t\t<a class=\"elementor-accordion-title\" tabindex=\"0\">Nombre total d'accions i drets de vot en la data de la convocat\u00f2ria de la Junta General<\/a>\n\t\t\t\t\t<\/div>\n\t\t\t\t\t<div id=\"elementor-tab-content-1894\" class=\"elementor-tab-content elementor-clearfix\" data-tab=\"4\" role=\"region\" aria-labelledby=\"elementor-tab-title-1894\"><p><a href=\"https:\/\/stproportalcorporativo.blob.core.windows.net\/uploads\/2023\/04\/DOC-3NoTOTALDEACCIONESYDERECHOSDEVOTO-1.pdf\" target=\"_blank\" rel=\"noopener\">Nombre total de drets de vot<\/a><\/p><\/div>\n\t\t\t\t<\/div>\n\t\t\t\t\t\t\t<div class=\"elementor-accordion-item\">\n\t\t\t\t\t<div id=\"elementor-tab-title-1895\" class=\"elementor-tab-title\" data-tab=\"5\" role=\"button\" aria-controls=\"elementor-tab-content-1895\" aria-expanded=\"false\">\n\t\t\t\t\t\t\t\t\t\t\t\t\t<span class=\"elementor-accordion-icon elementor-accordion-icon-right\" aria-hidden=\"true\">\n\t\t\t\t\t\t\t\t\t\t\t\t\t\t\t<span class=\"elementor-accordion-icon-closed\"><i class=\"fas fa-chevron-down\"><\/i><\/span>\n\t\t\t\t\t\t\t\t<span class=\"elementor-accordion-icon-opened\"><i class=\"fas fa-chevron-up\"><\/i><\/span>\n\t\t\t\t\t\t\t\t\t\t\t\t\t\t<\/span>\n\t\t\t\t\t\t\t\t\t\t\t\t<a class=\"elementor-accordion-title\" tabindex=\"0\">Comptes Anuals i Informes d'Auditoria<\/a>\n\t\t\t\t\t<\/div>\n\t\t\t\t\t<div id=\"elementor-tab-content-1895\" class=\"elementor-tab-content elementor-clearfix\" data-tab=\"5\" role=\"region\" aria-labelledby=\"elementor-tab-title-1895\"><p><a href=\"https:\/\/stproportalcorporativo.blob.core.windows.net\/uploads\/2023\/04\/DOC4-CuentasanualeseinformeGestionSDG2015-1.pdf\" target=\"_blank\" rel=\"noopener\">Comptes anuals i Informe de gesti\u00f3 de GAS NATURAL SDG, SA corresponents a l\u2019exercici del 2015<\/a><\/p><p><a href=\"https:\/\/stproportalcorporativo.blob.core.windows.net\/uploads\/2023\/04\/DOC5-Cuentasanualeseinformedegestionconsolidadas2015-1.pdf\" target=\"_blank\" rel=\"noopener\">Comptes anuals i Informe de gesti\u00f3 consolidats de GAS NATURAL SDG, SA corresponents a l\u2019exercici del 2015<\/a><\/p><p><a href=\"https:\/\/stproportalcorporativo.blob.core.windows.net\/uploads\/2023\/04\/DOC6-Informesauditoria2015-2.pdf\" target=\"_blank\" rel=\"noopener\">Informes emesos per la signatura d\u2019auditoria respecte dels comptes anuals i Informe de gesti\u00f3 de la Societat i del seu grup consolidat corresponents a l\u2019exercici del 2015<\/a><\/p><\/div>\n\t\t\t\t<\/div>\n\t\t\t\t\t\t\t<div class=\"elementor-accordion-item\">\n\t\t\t\t\t<div id=\"elementor-tab-title-1896\" class=\"elementor-tab-title\" data-tab=\"6\" role=\"button\" aria-controls=\"elementor-tab-content-1896\" aria-expanded=\"false\">\n\t\t\t\t\t\t\t\t\t\t\t\t\t<span class=\"elementor-accordion-icon elementor-accordion-icon-right\" aria-hidden=\"true\">\n\t\t\t\t\t\t\t\t\t\t\t\t\t\t\t<span class=\"elementor-accordion-icon-closed\"><i class=\"fas fa-chevron-down\"><\/i><\/span>\n\t\t\t\t\t\t\t\t<span class=\"elementor-accordion-icon-opened\"><i class=\"fas fa-chevron-up\"><\/i><\/span>\n\t\t\t\t\t\t\t\t\t\t\t\t\t\t<\/span>\n\t\t\t\t\t\t\t\t\t\t\t\t<a class=\"elementor-accordion-title\" tabindex=\"0\">nformes anuals, Proposta i Informe sobre la Pol\u00edtica de remuneracions<\/a>\n\t\t\t\t\t<\/div>\n\t\t\t\t\t<div id=\"elementor-tab-content-1896\" class=\"elementor-tab-content elementor-clearfix\" data-tab=\"6\" role=\"region\" aria-labelledby=\"elementor-tab-title-1896\"><p><a href=\"https:\/\/stproportalcorporativo.blob.core.windows.net\/uploads\/2023\/04\/DOC7-InformeAnualdeGobiernoCorporativo2015-1.pdf\" target=\"_blank\" rel=\"noopener\">Informe anual de Govern Corporatiu 2015<\/a><\/p><p><a href=\"https:\/\/stproportalcorporativo.blob.core.windows.net\/uploads\/2023\/04\/DOC8_InformeanualremuneracionesConsejo2015-1.pdf\" target=\"_blank\" rel=\"noopener\">Informe anual sobre remuneracions dels membres del Consell d\u2019Administraci\u00f3<\/a><\/p><p><a href=\"https:\/\/stproportalcorporativo.blob.core.windows.net\/uploads\/2023\/04\/Borrador_IRC16_ES-1.pdf\" target=\"_blank\" rel=\"noopener\">Informe de responsabilitat corporativa<\/a><\/p><p><a href=\"https:\/\/stproportalcorporativo.blob.core.windows.net\/uploads\/2023\/04\/DOC10-InformeComisionAuditoria2015-2.pdf\" target=\"_blank\" rel=\"noopener\">Informe de la Comissi\u00f3 d\u2019Auditoria i Control sobre les activitats realitzades durant l\u2019exercici del 2015<\/a><\/p><\/div>\n\t\t\t\t<\/div>\n\t\t\t\t\t\t\t<div class=\"elementor-accordion-item\">\n\t\t\t\t\t<div id=\"elementor-tab-title-1897\" class=\"elementor-tab-title\" data-tab=\"7\" role=\"button\" aria-controls=\"elementor-tab-content-1897\" aria-expanded=\"false\">\n\t\t\t\t\t\t\t\t\t\t\t\t\t<span class=\"elementor-accordion-icon elementor-accordion-icon-right\" aria-hidden=\"true\">\n\t\t\t\t\t\t\t\t\t\t\t\t\t\t\t<span class=\"elementor-accordion-icon-closed\"><i class=\"fas fa-chevron-down\"><\/i><\/span>\n\t\t\t\t\t\t\t\t<span class=\"elementor-accordion-icon-opened\"><i class=\"fas fa-chevron-up\"><\/i><\/span>\n\t\t\t\t\t\t\t\t\t\t\t\t\t\t<\/span>\n\t\t\t\t\t\t\t\t\t\t\t\t<a class=\"elementor-accordion-title\" tabindex=\"0\">Informaci\u00f3 complement\u00e0ria <\/a>\n\t\t\t\t\t<\/div>\n\t\t\t\t\t<div id=\"elementor-tab-content-1897\" class=\"elementor-tab-content elementor-clearfix\" data-tab=\"7\" role=\"region\" aria-labelledby=\"elementor-tab-title-1897\"><p><a href=\"https:\/\/stproportalcorporativo.blob.core.windows.net\/uploads\/2023\/04\/DOC11-PERFILCONSEJEROSQUESEELIGENENJUNTAGENERAL-1.pdf\" target=\"_blank\" rel=\"noopener\">Identitat, curr\u00edculum i categoria de conseller de les persones la ratificaci\u00f3, el nomenament o la reelecci\u00f3 de les quals com a consellers se sotmeti a l\u2019aprovaci\u00f3 de la Junta General<\/a><\/p><p><a href=\"https:\/\/stproportalcorporativo.blob.core.windows.net\/uploads\/2023\/04\/DOC12-INFCONSEJOYCOMNOMBRAMIENTOSREELECCIONCONSEJEORSAMPLIA-1.pdf\" target=\"_blank\" rel=\"noopener\">Informes de la Comissi\u00f3 de Nomenaments i Retribucions i del Consell d\u2019Administraci\u00f3 en relaci\u00f3 amb la ratificaci\u00f3, el nomenament o la reelecci\u00f3 dels consellers que se sotmeti a l\u2019aprovaci\u00f3 de la Junta General<\/a><\/p><p><a href=\"https:\/\/stproportalcorporativo.blob.core.windows.net\/uploads\/2023\/04\/DOC13-Tarjetarepresentacion2016doc.pdf\" target=\"_blank\" rel=\"noopener\">Model de targeta de representaci\u00f3<\/a><\/p><p><a href=\"https:\/\/stproportalcorporativo.blob.core.windows.net\/uploads\/2023\/04\/DOC14-Instruccionesparticipacion_1.pdf\" target=\"_blank\" rel=\"noopener\">Instruccions de participaci\u00f3. Targeta d&#8217;assist\u00e8ncia<\/a><\/p><p>\u00a0<\/p><\/div>\n\t\t\t\t<\/div>\n\t\t\t\t\t\t\t<div class=\"elementor-accordion-item\">\n\t\t\t\t\t<div id=\"elementor-tab-title-1898\" class=\"elementor-tab-title\" data-tab=\"8\" role=\"button\" aria-controls=\"elementor-tab-content-1898\" aria-expanded=\"false\">\n\t\t\t\t\t\t\t\t\t\t\t\t\t<span class=\"elementor-accordion-icon elementor-accordion-icon-right\" aria-hidden=\"true\">\n\t\t\t\t\t\t\t\t\t\t\t\t\t\t\t<span class=\"elementor-accordion-icon-closed\"><i class=\"fas fa-chevron-down\"><\/i><\/span>\n\t\t\t\t\t\t\t\t<span class=\"elementor-accordion-icon-opened\"><i class=\"fas fa-chevron-up\"><\/i><\/span>\n\t\t\t\t\t\t\t\t\t\t\t\t\t\t<\/span>\n\t\t\t\t\t\t\t\t\t\t\t\t<a class=\"elementor-accordion-title\" tabindex=\"0\">Preguntes freq\u00fcents<\/a>\n\t\t\t\t\t<\/div>\n\t\t\t\t\t<div id=\"elementor-tab-content-1898\" class=\"elementor-tab-content elementor-clearfix\" data-tab=\"8\" role=\"region\" aria-labelledby=\"elementor-tab-title-1898\"><p><a href=\"https:\/\/stproportalcorporativo.blob.core.windows.net\/uploads\/2023\/04\/QA-Junta-General-2016-DOC-1.pdf\" target=\"_blank\" rel=\"noopener\">Preguntes freq\u00fcents<\/a><\/p><\/div>\n\t\t\t\t<\/div>\n\t\t\t\t\t\t\t<div class=\"elementor-accordion-item\">\n\t\t\t\t\t<div id=\"elementor-tab-title-1899\" class=\"elementor-tab-title\" data-tab=\"9\" role=\"button\" aria-controls=\"elementor-tab-content-1899\" aria-expanded=\"false\">\n\t\t\t\t\t\t\t\t\t\t\t\t\t<span class=\"elementor-accordion-icon elementor-accordion-icon-right\" aria-hidden=\"true\">\n\t\t\t\t\t\t\t\t\t\t\t\t\t\t\t<span class=\"elementor-accordion-icon-closed\"><i class=\"fas fa-chevron-down\"><\/i><\/span>\n\t\t\t\t\t\t\t\t<span class=\"elementor-accordion-icon-opened\"><i class=\"fas fa-chevron-up\"><\/i><\/span>\n\t\t\t\t\t\t\t\t\t\t\t\t\t\t<\/span>\n\t\t\t\t\t\t\t\t\t\t\t\t<a class=\"elementor-accordion-title\" tabindex=\"0\">Qu\u00f2rum, votaci\u00f3 i acords<\/a>\n\t\t\t\t\t<\/div>\n\t\t\t\t\t<div id=\"elementor-tab-content-1899\" class=\"elementor-tab-content elementor-clearfix\" data-tab=\"9\" role=\"region\" aria-labelledby=\"elementor-tab-title-1899\"><p><a href=\"https:\/\/stproportalcorporativo.blob.core.windows.net\/uploads\/2023\/04\/ACUERDOSADOPTADOSENLAJUNTA-1.pdf\" target=\"_blank\" rel=\"noopener\">Qu\u00f2rum, votaci\u00f3 i acords<\/a><\/p><\/div>\n\t\t\t\t<\/div>\n\t\t\t\t\t\t\t\t<\/div>\n\t\t\t\t\t\t<\/div>\n\t\t\t\t<\/div>\n\t\t\t\t\t<\/div>\n\t\t\t\t<\/div>\n\t\t<div class=\"elementor-element elementor-element-e10aeab e-con-full e-flex e-con e-parent\" data-id=\"e10aeab\" data-element_type=\"container\">\n\t\t\t\t<div class=\"elementor-element elementor-element-b28a8cb elementor-widget elementor-widget-spacer\" data-id=\"b28a8cb\" data-element_type=\"widget\" data-widget_type=\"spacer.default\">\n\t\t\t\t<div class=\"elementor-widget-container\">\n\t\t\t\t\t\t\t<div class=\"elementor-spacer\">\n\t\t\t<div class=\"elementor-spacer-inner\"><\/div>\n\t\t<\/div>\n\t\t\t\t\t\t<\/div>\n\t\t\t\t<\/div>\n\t\t\t\t<\/div>\n\t\t\t\t<\/div>\n\t\t","protected":false},"excerpt":{"rendered":"<p>Nota de premsa Nota de premsa Convocat\u00f2ria Junta General Convocat\u00f2ria Junta General Ordin\u00e0ria d\u2019Accionistes Proposta d\u2019acords corresponents a cada un dels punts de l\u2019ordre del dia de la Junta General Proposta d\u2019acords corresponents a cadascun dels punts de l\u2019ordre del dia de la Junta General Nombre total d&#8217;accions i drets de vot en la data [&hellip;]<\/p>\n","protected":false},"author":5,"featured_media":0,"parent":40226,"menu_order":10,"comment_status":"closed","ping_status":"closed","template":"","meta":{"_acf_changed":false,"footnotes":""},"class_list":["post-41322","page","type-page","status-publish","hentry"],"acf":[],"_links":{"self":[{"href":"https:\/\/www.naturgy.com\/ca\/wp-json\/wp\/v2\/pages\/41322","targetHints":{"allow":["GET"]}}],"collection":[{"href":"https:\/\/www.naturgy.com\/ca\/wp-json\/wp\/v2\/pages"}],"about":[{"href":"https:\/\/www.naturgy.com\/ca\/wp-json\/wp\/v2\/types\/page"}],"author":[{"embeddable":true,"href":"https:\/\/www.naturgy.com\/ca\/wp-json\/wp\/v2\/users\/5"}],"replies":[{"embeddable":true,"href":"https:\/\/www.naturgy.com\/ca\/wp-json\/wp\/v2\/comments?post=41322"}],"version-history":[{"count":7,"href":"https:\/\/www.naturgy.com\/ca\/wp-json\/wp\/v2\/pages\/41322\/revisions"}],"predecessor-version":[{"id":60019,"href":"https:\/\/www.naturgy.com\/ca\/wp-json\/wp\/v2\/pages\/41322\/revisions\/60019"}],"up":[{"embeddable":true,"href":"https:\/\/www.naturgy.com\/ca\/wp-json\/wp\/v2\/pages\/40226"}],"wp:attachment":[{"href":"https:\/\/www.naturgy.com\/ca\/wp-json\/wp\/v2\/media?parent=41322"}],"curies":[{"name":"wp","href":"https:\/\/api.w.org\/{rel}","templated":true}]}}