{"id":41325,"date":"2023-02-09T10:04:22","date_gmt":"2023-02-09T09:04:22","guid":{"rendered":"https:\/\/www.naturgy.com\/corporate-governance\/2014-general-shareholders-meeting\/"},"modified":"2023-04-03T11:58:48","modified_gmt":"2023-04-03T09:58:48","slug":"junta-general-daccionistes-2014","status":"publish","type":"page","link":"https:\/\/www.naturgy.com\/ca\/accionistes-i-inversors\/govern-corporatiu\/junta-general-daccionistes-2014\/","title":{"rendered":"Junta General d&#8217;Accionistes 2014"},"content":{"rendered":"\t\t<div data-elementor-type=\"wp-page\" data-elementor-id=\"41325\" class=\"elementor elementor-41325 elementor-17207\" data-elementor-post-type=\"page\">\n\t\t\t\t<div class=\"elementor-element elementor-element-eaaffdc e-flex e-con-boxed e-con e-parent\" data-id=\"eaaffdc\" data-element_type=\"container\">\n\t\t\t\t\t<div class=\"e-con-inner\">\n\t\t<div class=\"elementor-element elementor-element-1eec09df e-con-full e-flex e-con e-parent\" data-id=\"1eec09df\" data-element_type=\"container\">\n\t\t\t\t<div class=\"elementor-element elementor-element-1a985b23 elementor-widget elementor-widget-shortcode\" data-id=\"1a985b23\" data-element_type=\"widget\" data-widget_type=\"shortcode.default\">\n\t\t\t\t<div class=\"elementor-widget-container\">\n\t\t\t\t\t\t\t<div class=\"elementor-shortcode\"><nav aria-label=\"breadcrumbs\" class=\"rank-math-breadcrumb\"><p><span class=\"last\">Inici<\/span><\/p><\/nav><\/div>\n\t\t\t\t\t\t<\/div>\n\t\t\t\t<\/div>\n\t\t\t\t<div class=\"elementor-element elementor-element-59d0c551 elementor-widget elementor-widget-heading\" data-id=\"59d0c551\" data-element_type=\"widget\" data-widget_type=\"heading.default\">\n\t\t\t\t<div class=\"elementor-widget-container\">\n\t\t\t\t\t<h1 class=\"elementor-heading-title elementor-size-default\">Junta General d&#8217;Accionistes 2014<\/h1>\t\t\t\t<\/div>\n\t\t\t\t<\/div>\n\t\t\t\t<\/div>\n\t\t<div class=\"elementor-element elementor-element-5724ec81 e-con-full e-flex e-con e-parent\" data-id=\"5724ec81\" data-element_type=\"container\">\n\t\t\t\t<div class=\"elementor-element elementor-element-68e7c19 elementor-widget elementor-widget-spacer\" data-id=\"68e7c19\" data-element_type=\"widget\" data-widget_type=\"spacer.default\">\n\t\t\t\t<div class=\"elementor-widget-container\">\n\t\t\t\t\t\t\t<div class=\"elementor-spacer\">\n\t\t\t<div class=\"elementor-spacer-inner\"><\/div>\n\t\t<\/div>\n\t\t\t\t\t\t<\/div>\n\t\t\t\t<\/div>\n\t\t\t\t<div class=\"elementor-element elementor-element-788eb595 elementor-widget elementor-widget-image\" data-id=\"788eb595\" data-element_type=\"widget\" data-widget_type=\"image.default\">\n\t\t\t\t<div class=\"elementor-widget-container\">\n\t\t\t\t\t\t\t\t\t\t\t\t\t\t\t<img fetchpriority=\"high\" decoding=\"async\" width=\"2500\" height=\"600\" src=\"https:\/\/www.naturgy.com\/\/app\/uploads\/2023\/02\/Slider_JuntaGeneralAccionistas2014.jpg\" class=\"attachment-full size-full wp-image-17514\" alt=\"\" srcset=\"https:\/\/www.naturgy.com\/\/app\/uploads\/2023\/02\/Slider_JuntaGeneralAccionistas2014.jpg 2500w, https:\/\/www.naturgy.com\/\/app\/uploads\/2023\/02\/Slider_JuntaGeneralAccionistas2014-300x72.jpg 300w, https:\/\/www.naturgy.com\/\/app\/uploads\/2023\/02\/Slider_JuntaGeneralAccionistas2014-1024x246.jpg 1024w, https:\/\/www.naturgy.com\/\/app\/uploads\/2023\/02\/Slider_JuntaGeneralAccionistas2014-768x184.jpg 768w, https:\/\/www.naturgy.com\/\/app\/uploads\/2023\/02\/Slider_JuntaGeneralAccionistas2014-1536x369.jpg 1536w, https:\/\/www.naturgy.com\/\/app\/uploads\/2023\/02\/Slider_JuntaGeneralAccionistas2014-2048x492.jpg 2048w\" sizes=\"(max-width: 2500px) 100vw, 2500px\" \/>\t\t\t\t\t\t\t\t\t\t\t\t\t\t\t<\/div>\n\t\t\t\t<\/div>\n\t\t\t\t<\/div>\n\t\t<div class=\"elementor-element elementor-element-7fc2021c e-con-full e-flex e-con e-parent\" data-id=\"7fc2021c\" data-element_type=\"container\">\n\t\t\t\t<div class=\"elementor-element elementor-element-69b7905e elementor-widget elementor-widget-spacer\" data-id=\"69b7905e\" data-element_type=\"widget\" data-widget_type=\"spacer.default\">\n\t\t\t\t<div class=\"elementor-widget-container\">\n\t\t\t\t\t\t\t<div class=\"elementor-spacer\">\n\t\t\t<div class=\"elementor-spacer-inner\"><\/div>\n\t\t<\/div>\n\t\t\t\t\t\t<\/div>\n\t\t\t\t<\/div>\n\t\t\t\t<\/div>\n\t\t\t\t\t<\/div>\n\t\t\t\t<\/div>\n\t\t<div class=\"elementor-element elementor-element-abd6c7b e-flex e-con-boxed e-con e-parent\" data-id=\"abd6c7b\" data-element_type=\"container\">\n\t\t\t\t\t<div class=\"e-con-inner\">\n\t\t\t\t<div class=\"elementor-element elementor-element-92d6c7d has-icon elementor-widget elementor-widget-accordion\" data-id=\"92d6c7d\" data-element_type=\"widget\" data-widget_type=\"accordion.default\">\n\t\t\t\t<div class=\"elementor-widget-container\">\n\t\t\t\t\t\t\t<div class=\"elementor-accordion\">\n\t\t\t\t\t\t\t<div class=\"elementor-accordion-item\">\n\t\t\t\t\t<div id=\"elementor-tab-title-1531\" class=\"elementor-tab-title\" data-tab=\"1\" role=\"button\" aria-controls=\"elementor-tab-content-1531\" aria-expanded=\"false\">\n\t\t\t\t\t\t\t\t\t\t\t\t\t<span class=\"elementor-accordion-icon elementor-accordion-icon-right\" aria-hidden=\"true\">\n\t\t\t\t\t\t\t\t\t\t\t\t\t\t\t<span class=\"elementor-accordion-icon-closed\"><i class=\"fas fa-chevron-down\"><\/i><\/span>\n\t\t\t\t\t\t\t\t<span class=\"elementor-accordion-icon-opened\"><i class=\"fas fa-chevron-up\"><\/i><\/span>\n\t\t\t\t\t\t\t\t\t\t\t\t\t\t<\/span>\n\t\t\t\t\t\t\t\t\t\t\t\t<a class=\"elementor-accordion-title\" tabindex=\"0\">Nota de premsa<\/a>\n\t\t\t\t\t<\/div>\n\t\t\t\t\t<div id=\"elementor-tab-content-1531\" class=\"elementor-tab-content elementor-clearfix\" data-tab=\"1\" role=\"region\" aria-labelledby=\"elementor-tab-title-1531\"><p><a href=\"https:\/\/stproportalcorporativo.blob.core.windows.net\/uploads\/2023\/04\/NdPJuntaGasNaturalFenosa_11042014-2.pdf\" target=\"_blank\" rel=\"noopener\">Nota de premsa<\/a><\/p><\/div>\n\t\t\t\t<\/div>\n\t\t\t\t\t\t\t<div class=\"elementor-accordion-item\">\n\t\t\t\t\t<div id=\"elementor-tab-title-1532\" class=\"elementor-tab-title\" data-tab=\"2\" role=\"button\" aria-controls=\"elementor-tab-content-1532\" aria-expanded=\"false\">\n\t\t\t\t\t\t\t\t\t\t\t\t\t<span class=\"elementor-accordion-icon elementor-accordion-icon-right\" aria-hidden=\"true\">\n\t\t\t\t\t\t\t\t\t\t\t\t\t\t\t<span class=\"elementor-accordion-icon-closed\"><i class=\"fas fa-chevron-down\"><\/i><\/span>\n\t\t\t\t\t\t\t\t<span class=\"elementor-accordion-icon-opened\"><i class=\"fas fa-chevron-up\"><\/i><\/span>\n\t\t\t\t\t\t\t\t\t\t\t\t\t\t<\/span>\n\t\t\t\t\t\t\t\t\t\t\t\t<a class=\"elementor-accordion-title\" tabindex=\"0\">Convocat\u00f2ria Junta General<\/a>\n\t\t\t\t\t<\/div>\n\t\t\t\t\t<div id=\"elementor-tab-content-1532\" class=\"elementor-tab-content elementor-clearfix\" data-tab=\"2\" role=\"region\" aria-labelledby=\"elementor-tab-title-1532\"><p><a href=\"https:\/\/stproportalcorporativo.blob.core.windows.net\/uploads\/2023\/04\/DOC1ConvocatoriaJGOCASTELLANO.pdf\" target=\"_blank\" rel=\"noopener\">Convocat\u00f2ria Junta General Ordin\u00e0ria d\u2019Accionistes<\/a><\/p><\/div>\n\t\t\t\t<\/div>\n\t\t\t\t\t\t\t<div class=\"elementor-accordion-item\">\n\t\t\t\t\t<div id=\"elementor-tab-title-1533\" class=\"elementor-tab-title\" data-tab=\"3\" role=\"button\" aria-controls=\"elementor-tab-content-1533\" aria-expanded=\"false\">\n\t\t\t\t\t\t\t\t\t\t\t\t\t<span class=\"elementor-accordion-icon elementor-accordion-icon-right\" aria-hidden=\"true\">\n\t\t\t\t\t\t\t\t\t\t\t\t\t\t\t<span class=\"elementor-accordion-icon-closed\"><i class=\"fas fa-chevron-down\"><\/i><\/span>\n\t\t\t\t\t\t\t\t<span class=\"elementor-accordion-icon-opened\"><i class=\"fas fa-chevron-up\"><\/i><\/span>\n\t\t\t\t\t\t\t\t\t\t\t\t\t\t<\/span>\n\t\t\t\t\t\t\t\t\t\t\t\t<a class=\"elementor-accordion-title\" tabindex=\"0\">Proposta d\u2019acords corresponents a cada un dels punts de l\u2019ordre del dia de la Junta General<\/a>\n\t\t\t\t\t<\/div>\n\t\t\t\t\t<div id=\"elementor-tab-content-1533\" class=\"elementor-tab-content elementor-clearfix\" data-tab=\"3\" role=\"region\" aria-labelledby=\"elementor-tab-title-1533\"><p><a href=\"https:\/\/stproportalcorporativo.blob.core.windows.net\/uploads\/2023\/04\/DOC2PROPUESTADEACUERDOSCASTELLANOTRASJUNTA-2.pdf\" target=\"_blank\" rel=\"noopener\">Proposta d\u2019acords corresponents a cadascun dels punts de l\u2019ordre del dia de la Junta General<\/a><\/p><\/div>\n\t\t\t\t<\/div>\n\t\t\t\t\t\t\t<div class=\"elementor-accordion-item\">\n\t\t\t\t\t<div id=\"elementor-tab-title-1534\" class=\"elementor-tab-title\" data-tab=\"4\" role=\"button\" aria-controls=\"elementor-tab-content-1534\" aria-expanded=\"false\">\n\t\t\t\t\t\t\t\t\t\t\t\t\t<span class=\"elementor-accordion-icon elementor-accordion-icon-right\" aria-hidden=\"true\">\n\t\t\t\t\t\t\t\t\t\t\t\t\t\t\t<span class=\"elementor-accordion-icon-closed\"><i class=\"fas fa-chevron-down\"><\/i><\/span>\n\t\t\t\t\t\t\t\t<span class=\"elementor-accordion-icon-opened\"><i class=\"fas fa-chevron-up\"><\/i><\/span>\n\t\t\t\t\t\t\t\t\t\t\t\t\t\t<\/span>\n\t\t\t\t\t\t\t\t\t\t\t\t<a class=\"elementor-accordion-title\" tabindex=\"0\">Nombre total d'accions i drets de vot en la data de la convocat\u00f2ria de la Junta General<\/a>\n\t\t\t\t\t<\/div>\n\t\t\t\t\t<div id=\"elementor-tab-content-1534\" class=\"elementor-tab-content elementor-clearfix\" data-tab=\"4\" role=\"region\" aria-labelledby=\"elementor-tab-title-1534\"><p><a href=\"https:\/\/stproportalcorporativo.blob.core.windows.net\/uploads\/2023\/04\/DOC3NOTALdeACCIONES-2.pdf\" target=\"_blank\" rel=\"noopener\">Nombre total de drets de vot<\/a><\/p><\/div>\n\t\t\t\t<\/div>\n\t\t\t\t\t\t\t<div class=\"elementor-accordion-item\">\n\t\t\t\t\t<div id=\"elementor-tab-title-1535\" class=\"elementor-tab-title\" data-tab=\"5\" role=\"button\" aria-controls=\"elementor-tab-content-1535\" aria-expanded=\"false\">\n\t\t\t\t\t\t\t\t\t\t\t\t\t<span class=\"elementor-accordion-icon elementor-accordion-icon-right\" aria-hidden=\"true\">\n\t\t\t\t\t\t\t\t\t\t\t\t\t\t\t<span class=\"elementor-accordion-icon-closed\"><i class=\"fas fa-chevron-down\"><\/i><\/span>\n\t\t\t\t\t\t\t\t<span class=\"elementor-accordion-icon-opened\"><i class=\"fas fa-chevron-up\"><\/i><\/span>\n\t\t\t\t\t\t\t\t\t\t\t\t\t\t<\/span>\n\t\t\t\t\t\t\t\t\t\t\t\t<a class=\"elementor-accordion-title\" tabindex=\"0\">Comptes anuals, informes d'auditoria i informes de modificaci\u00f3 de determinats documents<\/a>\n\t\t\t\t\t<\/div>\n\t\t\t\t\t<div id=\"elementor-tab-content-1535\" class=\"elementor-tab-content elementor-clearfix\" data-tab=\"5\" role=\"region\" aria-labelledby=\"elementor-tab-title-1535\"><p><a href=\"https:\/\/stproportalcorporativo.blob.core.windows.net\/uploads\/2023\/04\/Informeanual2013SDG-2-1.pdf\" target=\"_blank\" rel=\"noopener\">Comptes anuals i Informe de gesti\u00f3 de GAS NATURAL SDG, SA corresponents a l\u2019exercici del 2013<\/a><\/p><p><a href=\"https:\/\/stproportalcorporativo.blob.core.windows.net\/uploads\/2023\/04\/Informeanual2013Consolidado.pdf\" target=\"_blank\" rel=\"noopener\">Comptes anuals i Informe de gesti\u00f3 consolidats de GAS NATURAL SDG, SA corresponents a l\u2019exercici del 2013<\/a><\/p><p><a href=\"https:\/\/stproportalcorporativo.blob.core.windows.net\/uploads\/2023\/04\/InformesauditoriaSDGyconsolidado-2.pdf\" target=\"_blank\" rel=\"noopener\">Informes emesos per la signatura d\u2019auditoria respecte dels comptes anuals i Informe de gesti\u00f3 de la Societat i del seu grup consolidat corresponents a l\u2019exercici del 2013<\/a><\/p><\/div>\n\t\t\t\t<\/div>\n\t\t\t\t\t\t\t<div class=\"elementor-accordion-item\">\n\t\t\t\t\t<div id=\"elementor-tab-title-1536\" class=\"elementor-tab-title\" data-tab=\"6\" role=\"button\" aria-controls=\"elementor-tab-content-1536\" aria-expanded=\"false\">\n\t\t\t\t\t\t\t\t\t\t\t\t\t<span class=\"elementor-accordion-icon elementor-accordion-icon-right\" aria-hidden=\"true\">\n\t\t\t\t\t\t\t\t\t\t\t\t\t\t\t<span class=\"elementor-accordion-icon-closed\"><i class=\"fas fa-chevron-down\"><\/i><\/span>\n\t\t\t\t\t\t\t\t<span class=\"elementor-accordion-icon-opened\"><i class=\"fas fa-chevron-up\"><\/i><\/span>\n\t\t\t\t\t\t\t\t\t\t\t\t\t\t<\/span>\n\t\t\t\t\t\t\t\t\t\t\t\t<a class=\"elementor-accordion-title\" tabindex=\"0\">Informes anuals, Proposta i Informe sobre la Pol\u00edtica de remuneracions<\/a>\n\t\t\t\t\t<\/div>\n\t\t\t\t\t<div id=\"elementor-tab-content-1536\" class=\"elementor-tab-content elementor-clearfix\" data-tab=\"6\" role=\"region\" aria-labelledby=\"elementor-tab-title-1536\"><p><a href=\"https:\/\/stproportalcorporativo.blob.core.windows.net\/uploads\/2023\/04\/IAGC2013deGASNATURALSDGSA-1.pdf\" target=\"_blank\" rel=\"noopener\">Informe anual de Govern Corporatiu 2013<\/a><\/p><p><a href=\"https:\/\/stproportalcorporativo.blob.core.windows.net\/uploads\/2023\/04\/DOC8_IRCbueno.pdf\" target=\"_blank\" rel=\"noopener\">Informe anual sobre remuneracions dels membres del Consell d\u2019Administraci\u00f3<\/a><\/p><p><a href=\"https:\/\/stproportalcorporativo.blob.core.windows.net\/uploads\/2023\/04\/DOC9IRC20132-1.pdf\" target=\"_blank\" rel=\"noopener\">Informe de responsabilitat corporativa<\/a><\/p><p><a href=\"https:\/\/stproportalcorporativo.blob.core.windows.net\/uploads\/2023\/04\/DOC_10_IAC2013castellano-2.pdf\" target=\"_blank\" rel=\"noopener\">Informe de la Comissi\u00f3 d\u2019Auditoria i Control sobre les activitats realitzades durant l\u2019exercici del 2013<\/a><\/p><\/div>\n\t\t\t\t<\/div>\n\t\t\t\t\t\t\t<div class=\"elementor-accordion-item\">\n\t\t\t\t\t<div id=\"elementor-tab-title-1537\" class=\"elementor-tab-title\" data-tab=\"7\" role=\"button\" aria-controls=\"elementor-tab-content-1537\" aria-expanded=\"false\">\n\t\t\t\t\t\t\t\t\t\t\t\t\t<span class=\"elementor-accordion-icon elementor-accordion-icon-right\" aria-hidden=\"true\">\n\t\t\t\t\t\t\t\t\t\t\t\t\t\t\t<span class=\"elementor-accordion-icon-closed\"><i class=\"fas fa-chevron-down\"><\/i><\/span>\n\t\t\t\t\t\t\t\t<span class=\"elementor-accordion-icon-opened\"><i class=\"fas fa-chevron-up\"><\/i><\/span>\n\t\t\t\t\t\t\t\t\t\t\t\t\t\t<\/span>\n\t\t\t\t\t\t\t\t\t\t\t\t<a class=\"elementor-accordion-title\" tabindex=\"0\">Informaci\u00f3 relativa a l'operaci\u00f3 de segregaci\u00f3 sotmesa a la Junta General<\/a>\n\t\t\t\t\t<\/div>\n\t\t\t\t\t<div id=\"elementor-tab-content-1537\" class=\"elementor-tab-content elementor-clearfix\" data-tab=\"7\" role=\"region\" aria-labelledby=\"elementor-tab-title-1537\"><p><a href=\"https:\/\/stproportalcorporativo.blob.core.windows.net\/uploads\/2023\/04\/DOC1Proyectosegregacion_conanexosJGA-1.pdf\" target=\"_blank\" rel=\"noopener\">Projecte com\u00fa de Segregaci\u00f3<\/a><\/p><p><a href=\"https:\/\/stproportalcorporativo.blob.core.windows.net\/uploads\/2023\/04\/InformeadministradorGNFGeneracion-1.pdf\" target=\"_blank\" rel=\"noopener\">Informe elaborat per l\u2019administrador \u00fanic de GAS NATURAL GENERACI\u00d3N, SLU<\/a><\/p><p><a href=\"https:\/\/stproportalcorporativo.blob.core.windows.net\/uploads\/2023\/04\/InformeadministradoresGNsdg-1.pdf\" target=\"_blank\" rel=\"noopener\">Informe elaborat pel Consell d\u2019Administraci\u00f3 de GAS NATURAL SDG, SA<\/a><\/p><p><a href=\"https:\/\/stproportalcorporativo.blob.core.windows.net\/uploads\/2023\/04\/InformeExpertoindependiente-1.pdf\" target=\"_blank\" rel=\"noopener\">Informe de l\u2019expert independent designat pel Registre Mercantil<\/a><\/p><p><a href=\"https:\/\/stproportalcorporativo.blob.core.windows.net\/uploads\/2023\/04\/Informeanual2013SDG-1-1.pdf\" target=\"_blank\" rel=\"noopener\">Comptes Anuals i Informe de Gesti\u00f3 de GAS NATURAL SDG, S.A. corresponents a 2013<\/a><\/p><p><a href=\"https:\/\/stproportalcorporativo.blob.core.windows.net\/uploads\/2023\/04\/4T12CUENTASSDG2012-1-1.pdf\" target=\"_blank\" rel=\"noopener\">Comptes Anuals i Informe de Gesti\u00f3 de GAS NATURAL SDG, S.A. corresponents a 2012<\/a><\/p><p><a href=\"https:\/\/stproportalcorporativo.blob.core.windows.net\/uploads\/2023\/04\/4T11CUENTASSDG2011-1.pdf\" target=\"_blank\" rel=\"noopener\">Comptes anuals i Informe de gesti\u00f3 de GAS NATURAL SDG, SA corresponents al 2011<\/a><\/p><p><a href=\"https:\/\/stproportalcorporativo.blob.core.windows.net\/uploads\/2023\/04\/Informeauditoria2013SDG-3.pdf\" target=\"_blank\" rel=\"noopener\">Informe d\u2019Auditoria dels Comptes Anuals i Informe d\u2019 Auditoria de Gesti\u00f3 de GAS NATURAL SDG, S.A. corresponents a 2013<\/a><\/p><p><a href=\"https:\/\/stproportalcorporativo.blob.core.windows.net\/uploads\/2023\/04\/Informeauditoria2012SDG-3.pdf\" target=\"_blank\" rel=\"noopener\">Informe d\u2019Auditoria dels Comptes Anuals i Informe de Gesti\u00f3 de GAS NATURAL SDG. SA corresponents al 2012<\/a><\/p><p><a href=\"https:\/\/stproportalcorporativo.blob.core.windows.net\/uploads\/2023\/04\/informesAuditoria2011SDG-1.pdf\" target=\"_blank\" rel=\"noopener\">Informe d\u2019auditoria dels comptes anuals i Informe de gesti\u00f3 de GAS NATURAL SDG, SA corresponents al 2011<\/a><\/p><p><a href=\"https:\/\/stproportalcorporativo.blob.core.windows.net\/uploads\/2023\/04\/CCAA2013GNFG-2.pdf\" target=\"_blank\" rel=\"noopener\">Comptes anuals i Informe de gesti\u00f3 de GAS NATURAL FENOSA GENERACI\u00d3N, SLU (abans M&amp;D Energy Markets, SLU) corresponents al 2013<\/a><\/p><p><a href=\"https:\/\/stproportalcorporativo.blob.core.windows.net\/uploads\/2023\/04\/CCAA2012GNFG-2.pdf\" target=\"_blank\" rel=\"noopener\">Comptes anuals i Informe de gesti\u00f3 de GAS NATURAL FENOSA GENERACI\u00d3N, SLU (abans M&amp;D Energy Markets, SLU) corresponents al 2012<\/a><\/p><p><a href=\"https:\/\/stproportalcorporativo.blob.core.windows.net\/uploads\/2023\/04\/CCAA2011GNFG-1.pdf\" target=\"_blank\" rel=\"noopener\">Comptes anuals i Informe de gesti\u00f3 de GAS NATURAL FENOSA GENERACI\u00d3N, SLU (abans M&amp;D Energy Markets, SLU) corresponents al 2011<\/a><\/p><p><a href=\"https:\/\/stproportalcorporativo.blob.core.windows.net\/uploads\/2023\/04\/Doc1492_260_ESTATUTOS_JUNIO_2012gas-1-1.pdf\" target=\"_blank\" rel=\"noopener\">Estatuts vigents de GAS NATURAL SDG, SA<\/a><\/p><p><a href=\"https:\/\/stproportalcorporativo.blob.core.windows.net\/uploads\/2023\/04\/Doc15ESTATUTOSVIGENTESGNFGsegre-1-1.pdf\" target=\"_blank\" rel=\"noopener\">Estatuts vigents de GAS NATURAL FENOSA GENERACI\u00d3N, SLU<\/a><\/p><p><a href=\"https:\/\/stproportalcorporativo.blob.core.windows.net\/uploads\/2023\/04\/DOC4ModificacionEstatutos_nuevo-2-1.pdf\" target=\"_blank\" rel=\"noopener\">Modificacions que s\u2019inclouran en els Estatuts socials de GAS NATURAL FENOSA GENERACI\u00d3N, SLU<\/a><\/p><p><a href=\"https:\/\/stproportalcorporativo.blob.core.windows.net\/uploads\/2023\/04\/Doc17IdentidadAdministradoressegre-1-1.pdf\" target=\"_blank\" rel=\"noopener\">Identitat dels administradors de les societats que participen en l\u2019operaci\u00f3 de segregaci\u00f3 i dates des de les quals exerceixen els seus c\u00e0rrecs.<\/a><\/p><\/div>\n\t\t\t\t<\/div>\n\t\t\t\t\t\t\t<div class=\"elementor-accordion-item\">\n\t\t\t\t\t<div id=\"elementor-tab-title-1538\" class=\"elementor-tab-title\" data-tab=\"8\" role=\"button\" aria-controls=\"elementor-tab-content-1538\" aria-expanded=\"false\">\n\t\t\t\t\t\t\t\t\t\t\t\t\t<span class=\"elementor-accordion-icon elementor-accordion-icon-right\" aria-hidden=\"true\">\n\t\t\t\t\t\t\t\t\t\t\t\t\t\t\t<span class=\"elementor-accordion-icon-closed\"><i class=\"fas fa-chevron-down\"><\/i><\/span>\n\t\t\t\t\t\t\t\t<span class=\"elementor-accordion-icon-opened\"><i class=\"fas fa-chevron-up\"><\/i><\/span>\n\t\t\t\t\t\t\t\t\t\t\t\t\t\t<\/span>\n\t\t\t\t\t\t\t\t\t\t\t\t<a class=\"elementor-accordion-title\" tabindex=\"0\">Informaci\u00f3 complement\u00e0ria<\/a>\n\t\t\t\t\t<\/div>\n\t\t\t\t\t<div id=\"elementor-tab-content-1538\" class=\"elementor-tab-content elementor-clearfix\" data-tab=\"8\" role=\"region\" aria-labelledby=\"elementor-tab-title-1538\"><p><a href=\"https:\/\/stproportalcorporativo.blob.core.windows.net\/uploads\/2023\/04\/DOC11_PerfilConsejeros-1.pdf\" target=\"_blank\" rel=\"noopener\">Breu ressenya del perfil professional de les persones la ratificaci\u00f3, el nomenament o la reelecci\u00f3 de les quals com a consellers se sotmeti a l\u2019aprovaci\u00f3 de la Junta General<\/a><\/p><p><a href=\"https:\/\/stproportalcorporativo.blob.core.windows.net\/uploads\/2023\/04\/DOC12Tarjetarepresentacion2014-1.pdf\" target=\"_blank\" rel=\"noopener\">Model de targeta de representaci\u00f3<\/a><\/p><p><a href=\"https:\/\/stproportalcorporativo.blob.core.windows.net\/uploads\/2023\/04\/DOC14Instruccionesparticipacion2015docx-1.pdf\" target=\"_blank\" rel=\"noopener\">Instruccions de participaci\u00f3. Targeta d&#8217;assist\u00e8ncia<\/a><\/p><\/div>\n\t\t\t\t<\/div>\n\t\t\t\t\t\t\t<div class=\"elementor-accordion-item\">\n\t\t\t\t\t<div id=\"elementor-tab-title-1539\" class=\"elementor-tab-title\" data-tab=\"9\" role=\"button\" aria-controls=\"elementor-tab-content-1539\" aria-expanded=\"false\">\n\t\t\t\t\t\t\t\t\t\t\t\t\t<span class=\"elementor-accordion-icon elementor-accordion-icon-right\" aria-hidden=\"true\">\n\t\t\t\t\t\t\t\t\t\t\t\t\t\t\t<span class=\"elementor-accordion-icon-closed\"><i class=\"fas fa-chevron-down\"><\/i><\/span>\n\t\t\t\t\t\t\t\t<span class=\"elementor-accordion-icon-opened\"><i class=\"fas fa-chevron-up\"><\/i><\/span>\n\t\t\t\t\t\t\t\t\t\t\t\t\t\t<\/span>\n\t\t\t\t\t\t\t\t\t\t\t\t<a class=\"elementor-accordion-title\" tabindex=\"0\">Qu\u00f2rum, votaci\u00f3 i acords<\/a>\n\t\t\t\t\t<\/div>\n\t\t\t\t\t<div id=\"elementor-tab-content-1539\" class=\"elementor-tab-content elementor-clearfix\" data-tab=\"9\" role=\"region\" aria-labelledby=\"elementor-tab-title-1539\"><p><a href=\"https:\/\/stproportalcorporativo.blob.core.windows.net\/uploads\/2023\/04\/QUORUMYACUERDOS-1.pdf\" target=\"_blank\" rel=\"noopener\">Qu\u00f2rum, votaci\u00f3 i acords<\/a><\/p><\/div>\n\t\t\t\t<\/div>\n\t\t\t\t\t\t\t\t<\/div>\n\t\t\t\t\t\t<\/div>\n\t\t\t\t<\/div>\n\t\t\t\t\t<\/div>\n\t\t\t\t<\/div>\n\t\t<div class=\"elementor-element elementor-element-6ae30a18 e-con-full e-flex e-con e-parent\" data-id=\"6ae30a18\" data-element_type=\"container\">\n\t\t\t\t<div class=\"elementor-element elementor-element-1a783518 elementor-widget elementor-widget-spacer\" data-id=\"1a783518\" data-element_type=\"widget\" data-widget_type=\"spacer.default\">\n\t\t\t\t<div class=\"elementor-widget-container\">\n\t\t\t\t\t\t\t<div class=\"elementor-spacer\">\n\t\t\t<div class=\"elementor-spacer-inner\"><\/div>\n\t\t<\/div>\n\t\t\t\t\t\t<\/div>\n\t\t\t\t<\/div>\n\t\t\t\t<\/div>\n\t\t\t\t<\/div>\n\t\t","protected":false},"excerpt":{"rendered":"<p>Nota de premsa Nota de premsa Convocat\u00f2ria Junta General Convocat\u00f2ria Junta General Ordin\u00e0ria d\u2019Accionistes Proposta d\u2019acords corresponents a cada un dels punts de l\u2019ordre del dia de la Junta General Proposta d\u2019acords corresponents a cadascun dels punts de l\u2019ordre del dia de la Junta General Nombre total d&#8217;accions i drets de vot en la data [&hellip;]<\/p>\n","protected":false},"author":13,"featured_media":0,"parent":40226,"menu_order":13,"comment_status":"closed","ping_status":"closed","template":"","meta":{"_acf_changed":false,"footnotes":""},"class_list":["post-41325","page","type-page","status-publish","hentry"],"acf":[],"_links":{"self":[{"href":"https:\/\/www.naturgy.com\/ca\/wp-json\/wp\/v2\/pages\/41325","targetHints":{"allow":["GET"]}}],"collection":[{"href":"https:\/\/www.naturgy.com\/ca\/wp-json\/wp\/v2\/pages"}],"about":[{"href":"https:\/\/www.naturgy.com\/ca\/wp-json\/wp\/v2\/types\/page"}],"author":[{"embeddable":true,"href":"https:\/\/www.naturgy.com\/ca\/wp-json\/wp\/v2\/users\/13"}],"replies":[{"embeddable":true,"href":"https:\/\/www.naturgy.com\/ca\/wp-json\/wp\/v2\/comments?post=41325"}],"version-history":[{"count":8,"href":"https:\/\/www.naturgy.com\/ca\/wp-json\/wp\/v2\/pages\/41325\/revisions"}],"predecessor-version":[{"id":60346,"href":"https:\/\/www.naturgy.com\/ca\/wp-json\/wp\/v2\/pages\/41325\/revisions\/60346"}],"up":[{"embeddable":true,"href":"https:\/\/www.naturgy.com\/ca\/wp-json\/wp\/v2\/pages\/40226"}],"wp:attachment":[{"href":"https:\/\/www.naturgy.com\/ca\/wp-json\/wp\/v2\/media?parent=41325"}],"curies":[{"name":"wp","href":"https:\/\/api.w.org\/{rel}","templated":true}]}}