{"id":41327,"date":"2023-02-09T12:27:42","date_gmt":"2023-02-09T11:27:42","guid":{"rendered":"https:\/\/www.naturgy.com\/corporate-governance\/2013-general-shareholders-meeting\/"},"modified":"2023-03-08T13:27:45","modified_gmt":"2023-03-08T12:27:45","slug":"junta-general-daccionistes-2013","status":"publish","type":"page","link":"https:\/\/www.naturgy.com\/ca\/accionistes-i-inversors\/govern-corporatiu\/junta-general-daccionistes-2013\/","title":{"rendered":"Junta General d&#8217;Accionistes 2013"},"content":{"rendered":"\t\t<div data-elementor-type=\"wp-page\" data-elementor-id=\"41327\" class=\"elementor elementor-41327 elementor-18183\" data-elementor-post-type=\"page\">\n\t\t\t\t<div class=\"elementor-element elementor-element-2214e776 e-flex e-con-boxed e-con e-parent\" data-id=\"2214e776\" data-element_type=\"container\">\n\t\t\t\t\t<div class=\"e-con-inner\">\n\t\t<div class=\"elementor-element elementor-element-22151806 e-con-full e-flex e-con e-parent\" data-id=\"22151806\" data-element_type=\"container\">\n\t\t\t\t<div class=\"elementor-element elementor-element-377b5caf elementor-widget elementor-widget-shortcode\" data-id=\"377b5caf\" data-element_type=\"widget\" data-widget_type=\"shortcode.default\">\n\t\t\t\t<div class=\"elementor-widget-container\">\n\t\t\t\t\t\t\t<div class=\"elementor-shortcode\"><nav aria-label=\"breadcrumbs\" class=\"rank-math-breadcrumb\"><p><span class=\"last\">Inici<\/span><\/p><\/nav><\/div>\n\t\t\t\t\t\t<\/div>\n\t\t\t\t<\/div>\n\t\t\t\t<div class=\"elementor-element elementor-element-4c994ef3 elementor-widget elementor-widget-heading\" data-id=\"4c994ef3\" data-element_type=\"widget\" data-widget_type=\"heading.default\">\n\t\t\t\t<div class=\"elementor-widget-container\">\n\t\t\t\t\t<h1 class=\"elementor-heading-title elementor-size-default\">Junta General d&#8217;Accionistes 2013<\/h1>\t\t\t\t<\/div>\n\t\t\t\t<\/div>\n\t\t\t\t<\/div>\n\t\t<div class=\"elementor-element elementor-element-32ead3c e-con-full e-flex e-con e-parent\" data-id=\"32ead3c\" data-element_type=\"container\">\n\t\t\t\t<div class=\"elementor-element elementor-element-99285b4 elementor-widget elementor-widget-spacer\" data-id=\"99285b4\" data-element_type=\"widget\" data-widget_type=\"spacer.default\">\n\t\t\t\t<div class=\"elementor-widget-container\">\n\t\t\t\t\t\t\t<div class=\"elementor-spacer\">\n\t\t\t<div class=\"elementor-spacer-inner\"><\/div>\n\t\t<\/div>\n\t\t\t\t\t\t<\/div>\n\t\t\t\t<\/div>\n\t\t\t\t<div class=\"elementor-element elementor-element-2e246b15 elementor-widget elementor-widget-image\" data-id=\"2e246b15\" data-element_type=\"widget\" data-widget_type=\"image.default\">\n\t\t\t\t<div class=\"elementor-widget-container\">\n\t\t\t\t\t\t\t\t\t\t\t\t\t\t\t<img fetchpriority=\"high\" decoding=\"async\" width=\"2500\" height=\"600\" src=\"https:\/\/www.naturgy.com\/\/app\/uploads\/2023\/02\/Slider_JuntaGeneralAccionistas2013.jpg\" class=\"attachment-full size-full wp-image-18189\" alt=\"Junta General Accionistas 2013\" srcset=\"https:\/\/www.naturgy.com\/\/app\/uploads\/2023\/02\/Slider_JuntaGeneralAccionistas2013.jpg 2500w, https:\/\/www.naturgy.com\/\/app\/uploads\/2023\/02\/Slider_JuntaGeneralAccionistas2013-300x72.jpg 300w, https:\/\/www.naturgy.com\/\/app\/uploads\/2023\/02\/Slider_JuntaGeneralAccionistas2013-1024x246.jpg 1024w, https:\/\/www.naturgy.com\/\/app\/uploads\/2023\/02\/Slider_JuntaGeneralAccionistas2013-768x184.jpg 768w, https:\/\/www.naturgy.com\/\/app\/uploads\/2023\/02\/Slider_JuntaGeneralAccionistas2013-1536x369.jpg 1536w, https:\/\/www.naturgy.com\/\/app\/uploads\/2023\/02\/Slider_JuntaGeneralAccionistas2013-2048x492.jpg 2048w\" sizes=\"(max-width: 2500px) 100vw, 2500px\" \/>\t\t\t\t\t\t\t\t\t\t\t\t\t\t\t<\/div>\n\t\t\t\t<\/div>\n\t\t\t\t<\/div>\n\t\t<div class=\"elementor-element elementor-element-129d4046 e-con-full e-flex e-con e-parent\" data-id=\"129d4046\" data-element_type=\"container\">\n\t\t\t\t<div class=\"elementor-element elementor-element-191e1db1 elementor-widget elementor-widget-spacer\" data-id=\"191e1db1\" data-element_type=\"widget\" data-widget_type=\"spacer.default\">\n\t\t\t\t<div class=\"elementor-widget-container\">\n\t\t\t\t\t\t\t<div class=\"elementor-spacer\">\n\t\t\t<div class=\"elementor-spacer-inner\"><\/div>\n\t\t<\/div>\n\t\t\t\t\t\t<\/div>\n\t\t\t\t<\/div>\n\t\t\t\t<\/div>\n\t\t\t\t\t<\/div>\n\t\t\t\t<\/div>\n\t\t<div class=\"elementor-element elementor-element-5b427d29 e-flex e-con-boxed e-con e-parent\" data-id=\"5b427d29\" data-element_type=\"container\">\n\t\t\t\t\t<div class=\"e-con-inner\">\n\t\t\t\t<div class=\"elementor-element elementor-element-9931014 has-icon elementor-widget elementor-widget-accordion\" data-id=\"9931014\" data-element_type=\"widget\" data-widget_type=\"accordion.default\">\n\t\t\t\t<div class=\"elementor-widget-container\">\n\t\t\t\t\t\t\t<div class=\"elementor-accordion\">\n\t\t\t\t\t\t\t<div class=\"elementor-accordion-item\">\n\t\t\t\t\t<div id=\"elementor-tab-title-1601\" class=\"elementor-tab-title\" data-tab=\"1\" role=\"button\" aria-controls=\"elementor-tab-content-1601\" aria-expanded=\"false\">\n\t\t\t\t\t\t\t\t\t\t\t\t\t<span class=\"elementor-accordion-icon elementor-accordion-icon-right\" aria-hidden=\"true\">\n\t\t\t\t\t\t\t\t\t\t\t\t\t\t\t<span class=\"elementor-accordion-icon-closed\"><i class=\"fas fa-chevron-down\"><\/i><\/span>\n\t\t\t\t\t\t\t\t<span class=\"elementor-accordion-icon-opened\"><i class=\"fas fa-chevron-up\"><\/i><\/span>\n\t\t\t\t\t\t\t\t\t\t\t\t\t\t<\/span>\n\t\t\t\t\t\t\t\t\t\t\t\t<a class=\"elementor-accordion-title\" tabindex=\"0\">Nota de premsa\u200b <\/a>\n\t\t\t\t\t<\/div>\n\t\t\t\t\t<div id=\"elementor-tab-content-1601\" class=\"elementor-tab-content elementor-clearfix\" data-tab=\"1\" role=\"region\" aria-labelledby=\"elementor-tab-title-1601\"><p><a href=\"https:\/\/stproportalcorporativo.blob.core.windows.net\/uploads\/2023\/02\/DOC15_NOTADEPRENSA.pdf\" target=\"_blank\" rel=\"noopener\">Nota de premsa<\/a><\/p><\/div>\n\t\t\t\t<\/div>\n\t\t\t\t\t\t\t<div class=\"elementor-accordion-item\">\n\t\t\t\t\t<div id=\"elementor-tab-title-1602\" class=\"elementor-tab-title\" data-tab=\"2\" role=\"button\" aria-controls=\"elementor-tab-content-1602\" aria-expanded=\"false\">\n\t\t\t\t\t\t\t\t\t\t\t\t\t<span class=\"elementor-accordion-icon elementor-accordion-icon-right\" aria-hidden=\"true\">\n\t\t\t\t\t\t\t\t\t\t\t\t\t\t\t<span class=\"elementor-accordion-icon-closed\"><i class=\"fas fa-chevron-down\"><\/i><\/span>\n\t\t\t\t\t\t\t\t<span class=\"elementor-accordion-icon-opened\"><i class=\"fas fa-chevron-up\"><\/i><\/span>\n\t\t\t\t\t\t\t\t\t\t\t\t\t\t<\/span>\n\t\t\t\t\t\t\t\t\t\t\t\t<a class=\"elementor-accordion-title\" tabindex=\"0\">Convocat\u00f2ria Junta General <\/a>\n\t\t\t\t\t<\/div>\n\t\t\t\t\t<div id=\"elementor-tab-content-1602\" class=\"elementor-tab-content elementor-clearfix\" data-tab=\"2\" role=\"region\" aria-labelledby=\"elementor-tab-title-1602\"><p><a href=\"https:\/\/stproportalcorporativo.blob.core.windows.net\/uploads\/2023\/02\/DOC1_ConvocatoriaJGOESPANOL.pdf\" target=\"_blank\" rel=\"noopener\">Convocat\u00f2ria Junta General Ordin\u00e0ria d&#8217;Accionistes<\/a><\/p><\/div>\n\t\t\t\t<\/div>\n\t\t\t\t\t\t\t<div class=\"elementor-accordion-item\">\n\t\t\t\t\t<div id=\"elementor-tab-title-1603\" class=\"elementor-tab-title\" data-tab=\"3\" role=\"button\" aria-controls=\"elementor-tab-content-1603\" aria-expanded=\"false\">\n\t\t\t\t\t\t\t\t\t\t\t\t\t<span class=\"elementor-accordion-icon elementor-accordion-icon-right\" aria-hidden=\"true\">\n\t\t\t\t\t\t\t\t\t\t\t\t\t\t\t<span class=\"elementor-accordion-icon-closed\"><i class=\"fas fa-chevron-down\"><\/i><\/span>\n\t\t\t\t\t\t\t\t<span class=\"elementor-accordion-icon-opened\"><i class=\"fas fa-chevron-up\"><\/i><\/span>\n\t\t\t\t\t\t\t\t\t\t\t\t\t\t<\/span>\n\t\t\t\t\t\t\t\t\t\t\t\t<a class=\"elementor-accordion-title\" tabindex=\"0\">Proposta d\u2019acords corresponents a cada un dels punts de l\u2019ordre del dia de la Junta General<\/a>\n\t\t\t\t\t<\/div>\n\t\t\t\t\t<div id=\"elementor-tab-content-1603\" class=\"elementor-tab-content elementor-clearfix\" data-tab=\"3\" role=\"region\" aria-labelledby=\"elementor-tab-title-1603\"><p><a style=\"font-family: &#039;FS Emeric&#039;, sans-serif; font-size: 16px; letter-spacing: normal; word-spacing: 0px;\" href=\"https:\/\/stproportalcorporativo.blob.core.windows.net\/uploads\/2023\/02\/DOC2_PROPUESTA_DE_ACUERDOS.pdf\" target=\"_blank\" rel=\"noopener\">Proposta d&#8217;acords corresponents a cada un dels punts de l&#8217;ordre del dia de la Junta General<\/a><\/p><\/div>\n\t\t\t\t<\/div>\n\t\t\t\t\t\t\t<div class=\"elementor-accordion-item\">\n\t\t\t\t\t<div id=\"elementor-tab-title-1604\" class=\"elementor-tab-title\" data-tab=\"4\" role=\"button\" aria-controls=\"elementor-tab-content-1604\" aria-expanded=\"false\">\n\t\t\t\t\t\t\t\t\t\t\t\t\t<span class=\"elementor-accordion-icon elementor-accordion-icon-right\" aria-hidden=\"true\">\n\t\t\t\t\t\t\t\t\t\t\t\t\t\t\t<span class=\"elementor-accordion-icon-closed\"><i class=\"fas fa-chevron-down\"><\/i><\/span>\n\t\t\t\t\t\t\t\t<span class=\"elementor-accordion-icon-opened\"><i class=\"fas fa-chevron-up\"><\/i><\/span>\n\t\t\t\t\t\t\t\t\t\t\t\t\t\t<\/span>\n\t\t\t\t\t\t\t\t\t\t\t\t<a class=\"elementor-accordion-title\" tabindex=\"0\">Nombre total d'accions i drets de vot en la data de la convocat\u00f2ria de la Junta General<\/a>\n\t\t\t\t\t<\/div>\n\t\t\t\t\t<div id=\"elementor-tab-content-1604\" class=\"elementor-tab-content elementor-clearfix\" data-tab=\"4\" role=\"region\" aria-labelledby=\"elementor-tab-title-1604\"><p><a href=\"https:\/\/stproportalcorporativo.blob.core.windows.net\/uploads\/2023\/02\/DOC3_TOTALACCIONESyderechosdevoto.pdf\" target=\"_blank\" rel=\"noopener\">Nombre total d&#8217;accions i drets de vot en la data de la convocat\u00f2ria<\/a><\/p><\/div>\n\t\t\t\t<\/div>\n\t\t\t\t\t\t\t<div class=\"elementor-accordion-item\">\n\t\t\t\t\t<div id=\"elementor-tab-title-1605\" class=\"elementor-tab-title\" data-tab=\"5\" role=\"button\" aria-controls=\"elementor-tab-content-1605\" aria-expanded=\"false\">\n\t\t\t\t\t\t\t\t\t\t\t\t\t<span class=\"elementor-accordion-icon elementor-accordion-icon-right\" aria-hidden=\"true\">\n\t\t\t\t\t\t\t\t\t\t\t\t\t\t\t<span class=\"elementor-accordion-icon-closed\"><i class=\"fas fa-chevron-down\"><\/i><\/span>\n\t\t\t\t\t\t\t\t<span class=\"elementor-accordion-icon-opened\"><i class=\"fas fa-chevron-up\"><\/i><\/span>\n\t\t\t\t\t\t\t\t\t\t\t\t\t\t<\/span>\n\t\t\t\t\t\t\t\t\t\t\t\t<a class=\"elementor-accordion-title\" tabindex=\"0\">Comptes anuals, informes d'auditoria i informes de modificaci\u00f3 de determinats documents<\/a>\n\t\t\t\t\t<\/div>\n\t\t\t\t\t<div id=\"elementor-tab-content-1605\" class=\"elementor-tab-content elementor-clearfix\" data-tab=\"5\" role=\"region\" aria-labelledby=\"elementor-tab-title-1605\"><p><a href=\"https:\/\/stproportalcorporativo.blob.core.windows.net\/uploads\/2023\/02\/DOC4_InformeAnualSDG.pdf\" target=\"_blank\" rel=\"noopener\">Comptes anuals i Informe de gesti\u00f3 de GAS NATURAL SDG, SA corresponents a l\u2019exercici del 2012<\/a><\/p><p><a href=\"https:\/\/stproportalcorporativo.blob.core.windows.net\/uploads\/2023\/02\/DOC5_InformeAnualCONSOLIDADO.pdf\" target=\"_blank\" rel=\"noopener\">Comptes anuals i Informe de gesti\u00f3 consolidats de GAS NATURAL SDG, SA corresponents a l\u2019exercici del 2012<\/a><\/p><p><a href=\"https:\/\/stproportalcorporativo.blob.core.windows.net\/uploads\/2023\/02\/DOC6_Informeauditoria.pdf\" target=\"_blank\" rel=\"noopener\">Informes emesos per la signatura d\u2019auditoria respecte dels comptes anuals i Informe de gesti\u00f3 de la Societat i del seu grup consolidat corresponents a l\u2019exercici del 2012<\/a><\/p><\/div>\n\t\t\t\t<\/div>\n\t\t\t\t\t\t\t<div class=\"elementor-accordion-item\">\n\t\t\t\t\t<div id=\"elementor-tab-title-1606\" class=\"elementor-tab-title\" data-tab=\"6\" role=\"button\" aria-controls=\"elementor-tab-content-1606\" aria-expanded=\"false\">\n\t\t\t\t\t\t\t\t\t\t\t\t\t<span class=\"elementor-accordion-icon elementor-accordion-icon-right\" aria-hidden=\"true\">\n\t\t\t\t\t\t\t\t\t\t\t\t\t\t\t<span class=\"elementor-accordion-icon-closed\"><i class=\"fas fa-chevron-down\"><\/i><\/span>\n\t\t\t\t\t\t\t\t<span class=\"elementor-accordion-icon-opened\"><i class=\"fas fa-chevron-up\"><\/i><\/span>\n\t\t\t\t\t\t\t\t\t\t\t\t\t\t<\/span>\n\t\t\t\t\t\t\t\t\t\t\t\t<a class=\"elementor-accordion-title\" tabindex=\"0\">\t Informes anuals, Proposta i Informe sobre la Pol\u00edtica de remuneracions<\/a>\n\t\t\t\t\t<\/div>\n\t\t\t\t\t<div id=\"elementor-tab-content-1606\" class=\"elementor-tab-content elementor-clearfix\" data-tab=\"6\" role=\"region\" aria-labelledby=\"elementor-tab-title-1606\"><p><a href=\"https:\/\/stproportalcorporativo.blob.core.windows.net\/uploads\/2023\/02\/DOC7_IAGCreducido.pdf\" target=\"_blank\" rel=\"noopener\"> Informe Anual de Govern Corporatiu corresponent a l\u2019exercici de 2012 i Document Complementari<\/a><\/p><p><a href=\"https:\/\/stproportalcorporativo.blob.core.windows.net\/uploads\/2023\/02\/DOC10InformeREMUNERACIONESCONSEJEROSv1.pdf\" target=\"_blank\" rel=\"noopener\"> Informe Anual sobre remuneracions dels membres del Consell d\u2019Administraci\u00f3<\/a><\/p><p><a href=\"https:\/\/stproportalcorporativo.blob.core.windows.net\/uploads\/2023\/02\/DOC8_InformedeResponsabilidadCorporativa.pdf\" target=\"_blank\" rel=\"noopener\">Informe de Responsabilitat Corporativa<\/a><\/p><p><a href=\"https:\/\/stproportalcorporativo.blob.core.windows.net\/uploads\/2023\/02\/DOC9_InformedelaComisiondeAuditoriayControl.pdf\" target=\"_blank\" rel=\"noopener\">Informe de la Comissi\u00f3 d\u2019Auditoria i Control sobre les activitats fetes durant l\u2019exercici de 2012<\/a><\/p><\/div>\n\t\t\t\t<\/div>\n\t\t\t\t\t\t\t<div class=\"elementor-accordion-item\">\n\t\t\t\t\t<div id=\"elementor-tab-title-1607\" class=\"elementor-tab-title\" data-tab=\"7\" role=\"button\" aria-controls=\"elementor-tab-content-1607\" aria-expanded=\"false\">\n\t\t\t\t\t\t\t\t\t\t\t\t\t<span class=\"elementor-accordion-icon elementor-accordion-icon-right\" aria-hidden=\"true\">\n\t\t\t\t\t\t\t\t\t\t\t\t\t\t\t<span class=\"elementor-accordion-icon-closed\"><i class=\"fas fa-chevron-down\"><\/i><\/span>\n\t\t\t\t\t\t\t\t<span class=\"elementor-accordion-icon-opened\"><i class=\"fas fa-chevron-up\"><\/i><\/span>\n\t\t\t\t\t\t\t\t\t\t\t\t\t\t<\/span>\n\t\t\t\t\t\t\t\t\t\t\t\t<a class=\"elementor-accordion-title\" tabindex=\"0\">Informaci\u00f3 complement\u00e0ria<\/a>\n\t\t\t\t\t<\/div>\n\t\t\t\t\t<div id=\"elementor-tab-content-1607\" class=\"elementor-tab-content elementor-clearfix\" data-tab=\"7\" role=\"region\" aria-labelledby=\"elementor-tab-title-1607\"><p><a href=\"https:\/\/stproportalcorporativo.blob.core.windows.net\/uploads\/2023\/02\/DOC11_MODIFICACIONREGLAMENTOConsejo.pdf\" target=\"_blank\" rel=\"noopener\">Informe del Consell d&#8217;Administraci\u00f3 relatiu a la modificaci\u00f3 del Reglament d&#8217;organitzaci\u00f3 i funcionament del Consell d&#8217;Administraci\u00f3 i les seves Comissions<\/a><\/p><p><a href=\"https:\/\/stproportalcorporativo.blob.core.windows.net\/uploads\/2023\/02\/DOC12_PERFILCONSEJEROS.pdf\" target=\"_blank\" rel=\"noopener\">Breu ressenya del perfil professional de les persones la ratificaci\u00f3, el nomenament o la reelecci\u00f3 de les quals com a consellers se sotmet a l&#8217;aprovaci\u00f3 de la Junta General<\/a><\/p><p><a href=\"https:\/\/stproportalcorporativo.blob.core.windows.net\/uploads\/2023\/02\/DOC13_Tarjetarepresentacion.pdf\" target=\"_blank\" rel=\"noopener\">Model de Targeta de representaci\u00f3<\/a><\/p><p><a href=\"https:\/\/stproportalcorporativo.blob.core.windows.net\/uploads\/2023\/02\/DOC14_Instruccionesparticipacion8marzo.pdf\" target=\"_blank\" rel=\"noopener\">Instruccions de participaci\u00f3. Model de Targeta d&#8217;assist\u00e8ncia<\/a><\/p><\/div>\n\t\t\t\t<\/div>\n\t\t\t\t\t\t\t<div class=\"elementor-accordion-item\">\n\t\t\t\t\t<div id=\"elementor-tab-title-1608\" class=\"elementor-tab-title\" data-tab=\"8\" role=\"button\" aria-controls=\"elementor-tab-content-1608\" aria-expanded=\"false\">\n\t\t\t\t\t\t\t\t\t\t\t\t\t<span class=\"elementor-accordion-icon elementor-accordion-icon-right\" aria-hidden=\"true\">\n\t\t\t\t\t\t\t\t\t\t\t\t\t\t\t<span class=\"elementor-accordion-icon-closed\"><i class=\"fas fa-chevron-down\"><\/i><\/span>\n\t\t\t\t\t\t\t\t<span class=\"elementor-accordion-icon-opened\"><i class=\"fas fa-chevron-up\"><\/i><\/span>\n\t\t\t\t\t\t\t\t\t\t\t\t\t\t<\/span>\n\t\t\t\t\t\t\t\t\t\t\t\t<a class=\"elementor-accordion-title\" tabindex=\"0\"> Qu\u00f2rum, votaci\u00f3 i acords<\/a>\n\t\t\t\t\t<\/div>\n\t\t\t\t\t<div id=\"elementor-tab-content-1608\" class=\"elementor-tab-content elementor-clearfix\" data-tab=\"8\" role=\"region\" aria-labelledby=\"elementor-tab-title-1608\"><p><a href=\"https:\/\/stproportalcorporativo.blob.core.windows.net\/uploads\/2023\/02\/DOC16_QUORUMVOTACIONYACUERDOS.pdf\" target=\"_blank\" rel=\"noopener\"> Qu\u00f2rum, votaci\u00f3 i acords<\/a><\/p><\/div>\n\t\t\t\t<\/div>\n\t\t\t\t\t\t\t\t<\/div>\n\t\t\t\t\t\t<\/div>\n\t\t\t\t<\/div>\n\t\t\t\t\t<\/div>\n\t\t\t\t<\/div>\n\t\t<div class=\"elementor-element elementor-element-3ab70d46 e-con-full e-flex e-con e-parent\" data-id=\"3ab70d46\" data-element_type=\"container\">\n\t\t\t\t<div class=\"elementor-element elementor-element-363a7459 elementor-widget elementor-widget-spacer\" data-id=\"363a7459\" data-element_type=\"widget\" data-widget_type=\"spacer.default\">\n\t\t\t\t<div class=\"elementor-widget-container\">\n\t\t\t\t\t\t\t<div class=\"elementor-spacer\">\n\t\t\t<div class=\"elementor-spacer-inner\"><\/div>\n\t\t<\/div>\n\t\t\t\t\t\t<\/div>\n\t\t\t\t<\/div>\n\t\t\t\t<\/div>\n\t\t\t\t<\/div>\n\t\t","protected":false},"excerpt":{"rendered":"<p>Nota de premsa\u200b Nota de premsa Convocat\u00f2ria Junta General Convocat\u00f2ria Junta General Ordin\u00e0ria d&#8217;Accionistes Proposta d\u2019acords corresponents a cada un dels punts de l\u2019ordre del dia de la Junta General Proposta d&#8217;acords corresponents a cada un dels punts de l&#8217;ordre del dia de la Junta General Nombre total d&#8217;accions i drets de vot en la [&hellip;]<\/p>\n","protected":false},"author":13,"featured_media":0,"parent":40226,"menu_order":14,"comment_status":"closed","ping_status":"closed","template":"","meta":{"_acf_changed":false,"footnotes":""},"class_list":["post-41327","page","type-page","status-publish","hentry"],"acf":[],"_links":{"self":[{"href":"https:\/\/www.naturgy.com\/ca\/wp-json\/wp\/v2\/pages\/41327","targetHints":{"allow":["GET"]}}],"collection":[{"href":"https:\/\/www.naturgy.com\/ca\/wp-json\/wp\/v2\/pages"}],"about":[{"href":"https:\/\/www.naturgy.com\/ca\/wp-json\/wp\/v2\/types\/page"}],"author":[{"embeddable":true,"href":"https:\/\/www.naturgy.com\/ca\/wp-json\/wp\/v2\/users\/13"}],"replies":[{"embeddable":true,"href":"https:\/\/www.naturgy.com\/ca\/wp-json\/wp\/v2\/comments?post=41327"}],"version-history":[{"count":21,"href":"https:\/\/www.naturgy.com\/ca\/wp-json\/wp\/v2\/pages\/41327\/revisions"}],"predecessor-version":[{"id":45883,"href":"https:\/\/www.naturgy.com\/ca\/wp-json\/wp\/v2\/pages\/41327\/revisions\/45883"}],"up":[{"embeddable":true,"href":"https:\/\/www.naturgy.com\/ca\/wp-json\/wp\/v2\/pages\/40226"}],"wp:attachment":[{"href":"https:\/\/www.naturgy.com\/ca\/wp-json\/wp\/v2\/media?parent=41327"}],"curies":[{"name":"wp","href":"https:\/\/api.w.org\/{rel}","templated":true}]}}