{"id":41442,"date":"2023-01-23T18:36:36","date_gmt":"2023-01-23T17:36:36","guid":{"rendered":"https:\/\/www.naturgy.com\/govern-corporatiu\/organos-y-normas-de-gobierno\/"},"modified":"2026-02-18T17:37:11","modified_gmt":"2026-02-18T16:37:11","slug":"organs-i-normes-de-govern","status":"publish","type":"page","link":"https:\/\/www.naturgy.com\/ca\/accionistes-i-inversors\/govern-corporatiu\/organs-i-normes-de-govern\/","title":{"rendered":"\u00d2rgans i normes de govern"},"content":{"rendered":"\t\t<div data-elementor-type=\"wp-page\" data-elementor-id=\"41442\" class=\"elementor elementor-41442 elementor-13362\" data-elementor-post-type=\"page\">\n\t\t\t\t<div class=\"elementor-element elementor-element-9ae0430 e-flex e-con-boxed e-con e-parent\" data-id=\"9ae0430\" data-element_type=\"container\">\n\t\t\t\t\t<div class=\"e-con-inner\">\n\t\t<div class=\"elementor-element elementor-element-1a7defc5 e-con-full e-flex e-con e-child\" data-id=\"1a7defc5\" data-element_type=\"container\">\n\t\t\t\t<div class=\"elementor-element elementor-element-4d75aed4 elementor-widget elementor-widget-shortcode\" data-id=\"4d75aed4\" data-element_type=\"widget\" data-widget_type=\"shortcode.default\">\n\t\t\t\t<div class=\"elementor-widget-container\">\n\t\t\t\t\t\t\t<div class=\"elementor-shortcode\"><nav aria-label=\"breadcrumbs\" class=\"rank-math-breadcrumb\"><p><span class=\"last\">Inici<\/span><\/p><\/nav><\/div>\n\t\t\t\t\t\t<\/div>\n\t\t\t\t<\/div>\n\t\t\t\t<div class=\"elementor-element elementor-element-7483aadf elementor-widget elementor-widget-heading\" data-id=\"7483aadf\" data-element_type=\"widget\" data-widget_type=\"heading.default\">\n\t\t\t\t<div class=\"elementor-widget-container\">\n\t\t\t\t\t<h1 class=\"elementor-heading-title elementor-size-default\">\u00d2rgans i normes de govern<\/h1>\t\t\t\t<\/div>\n\t\t\t\t<\/div>\n\t\t\t\t<\/div>\n\t\t<div class=\"elementor-element elementor-element-4b953700 e-con-full e-flex e-con e-child\" data-id=\"4b953700\" data-element_type=\"container\">\n\t\t\t\t<div class=\"elementor-element elementor-element-744265f8 elementor-widget elementor-widget-spacer\" data-id=\"744265f8\" data-element_type=\"widget\" data-widget_type=\"spacer.default\">\n\t\t\t\t<div class=\"elementor-widget-container\">\n\t\t\t\t\t\t\t<div class=\"elementor-spacer\">\n\t\t\t<div class=\"elementor-spacer-inner\"><\/div>\n\t\t<\/div>\n\t\t\t\t\t\t<\/div>\n\t\t\t\t<\/div>\n\t\t\t\t<\/div>\n\t\t\t\t\t<\/div>\n\t\t\t\t<\/div>\n\t\t<div class=\"elementor-element elementor-element-69ca372 e-flex e-con-boxed e-con e-parent\" data-id=\"69ca372\" data-element_type=\"container\">\n\t\t\t\t\t<div class=\"e-con-inner\">\n\t\t\t\t<div class=\"elementor-element elementor-element-db93924 elementor-widget elementor-widget-heading\" data-id=\"db93924\" data-element_type=\"widget\" data-widget_type=\"heading.default\">\n\t\t\t\t<div class=\"elementor-widget-container\">\n\t\t\t\t\t<h2 class=\"elementor-heading-title elementor-size-default\">\u00d2rgans de govern<\/h2>\t\t\t\t<\/div>\n\t\t\t\t<\/div>\n\t\t\t\t\t<\/div>\n\t\t\t\t<\/div>\n\t\t<div class=\"elementor-element elementor-element-f4b4a4c e-flex e-con-boxed e-con e-parent\" data-id=\"f4b4a4c\" data-element_type=\"container\">\n\t\t\t\t\t<div class=\"e-con-inner\">\n\t\t<div class=\"elementor-element elementor-element-bf96a40 e-con-full e-flex e-con e-child\" data-id=\"bf96a40\" data-element_type=\"container\">\n\t\t\t\t<div class=\"elementor-element elementor-element-90ab0db elementor-widget elementor-widget-image\" data-id=\"90ab0db\" data-element_type=\"widget\" data-widget_type=\"image.default\">\n\t\t\t\t<div class=\"elementor-widget-container\">\n\t\t\t\t\t\t\t\t\t\t\t\t\t\t\t<img fetchpriority=\"high\" decoding=\"async\" width=\"600\" height=\"400\" src=\"https:\/\/www.naturgy.com\/\/app\/uploads\/2023\/04\/organos_gobierno_3-1.png\" class=\"attachment-medium_large size-medium_large wp-image-61323\" alt=\"\" srcset=\"https:\/\/www.naturgy.com\/\/app\/uploads\/2023\/04\/organos_gobierno_3-1.png 600w, https:\/\/www.naturgy.com\/\/app\/uploads\/2023\/04\/organos_gobierno_3-1-300x200.png 300w\" sizes=\"(max-width: 600px) 100vw, 600px\" \/>\t\t\t\t\t\t\t\t\t\t\t\t\t\t\t<\/div>\n\t\t\t\t<\/div>\n\t\t\t\t<div class=\"elementor-element elementor-element-48fb0ac elementor-widget elementor-widget-heading\" data-id=\"48fb0ac\" data-element_type=\"widget\" data-widget_type=\"heading.default\">\n\t\t\t\t<div class=\"elementor-widget-container\">\n\t\t\t\t\t<div class=\"elementor-heading-title elementor-size-default\">Consell d'Administraci\u00f3<\/div>\t\t\t\t<\/div>\n\t\t\t\t<\/div>\n\t\t\t\t<div class=\"elementor-element elementor-element-847506b elementor-widget elementor-widget-text-editor\" data-id=\"847506b\" data-element_type=\"widget\" data-widget_type=\"text-editor.default\">\n\t\t\t\t<div class=\"elementor-widget-container\">\n\t\t\t\t\t\t\t\t\t<p>El Consell d&#8217;Administraci\u00f3 de Naturgy Energy Group, S.A. est\u00e0 format pel nombre de consellers que determina la Junta General dins dels l\u00edmits fixats pels Estatuts socials.<\/p>\t\t\t\t\t\t\t\t<\/div>\n\t\t\t\t<\/div>\n\t\t\t\t<div class=\"elementor-element elementor-element-0c86578 elementor-align-center elementor-widget elementor-widget-button\" data-id=\"0c86578\" data-element_type=\"widget\" data-widget_type=\"button.default\">\n\t\t\t\t<div class=\"elementor-widget-container\">\n\t\t\t\t\t\t\t\t\t<div class=\"elementor-button-wrapper\">\n\t\t\t\t\t<a class=\"elementor-button elementor-button-link elementor-size-sm\" href=\"https:\/\/www.naturgy.com\/ca\/accionistes-i-inversors\/govern-corporatiu\/organs-i-normes-de-govern\/composicio-del-consell-dadministracio-de-naturgy-energy-group-s-a\/\">\n\t\t\t\t\t\t<span class=\"elementor-button-content-wrapper\">\n\t\t\t\t\t\t\t\t\t<span class=\"elementor-button-text\">Saber-ne m\u00e9s<\/span>\n\t\t\t\t\t<\/span>\n\t\t\t\t\t<\/a>\n\t\t\t\t<\/div>\n\t\t\t\t\t\t\t\t<\/div>\n\t\t\t\t<\/div>\n\t\t\t\t<\/div>\n\t\t<div class=\"elementor-element elementor-element-3a28df6 e-con-full e-flex e-con e-child\" data-id=\"3a28df6\" data-element_type=\"container\">\n\t\t\t\t<div class=\"elementor-element elementor-element-491bd0f elementor-widget elementor-widget-image\" data-id=\"491bd0f\" data-element_type=\"widget\" data-widget_type=\"image.default\">\n\t\t\t\t<div class=\"elementor-widget-container\">\n\t\t\t\t\t\t\t\t\t\t\t\t\t\t\t<img decoding=\"async\" width=\"600\" height=\"400\" src=\"https:\/\/www.naturgy.com\/\/app\/uploads\/2023\/04\/organos_gobierno_2-1.png\" class=\"attachment-medium_large size-medium_large wp-image-61327\" alt=\"\" srcset=\"https:\/\/www.naturgy.com\/\/app\/uploads\/2023\/04\/organos_gobierno_2-1.png 600w, https:\/\/www.naturgy.com\/\/app\/uploads\/2023\/04\/organos_gobierno_2-1-300x200.png 300w\" sizes=\"(max-width: 600px) 100vw, 600px\" \/>\t\t\t\t\t\t\t\t\t\t\t\t\t\t\t<\/div>\n\t\t\t\t<\/div>\n\t\t\t\t<div class=\"elementor-element elementor-element-e67c412 elementor-widget elementor-widget-heading\" data-id=\"e67c412\" data-element_type=\"widget\" data-widget_type=\"heading.default\">\n\t\t\t\t<div class=\"elementor-widget-container\">\n\t\t\t\t\t<div class=\"elementor-heading-title elementor-size-default\">Comissions del Consell d'Administraci\u00f3\n<\/div>\t\t\t\t<\/div>\n\t\t\t\t<\/div>\n\t\t\t\t<div class=\"elementor-element elementor-element-5f48ade elementor-widget elementor-widget-text-editor\" data-id=\"5f48ade\" data-element_type=\"widget\" data-widget_type=\"text-editor.default\">\n\t\t\t\t<div class=\"elementor-widget-container\">\n\t\t\t\t\t\t\t\t\t<p>En aquesta secci\u00f3, es pot consultar la composici\u00f3 de les diferents comissions del Consell: d&#8217;Auditoria i de Nomenaments i Retribucions.<\/p>\t\t\t\t\t\t\t\t<\/div>\n\t\t\t\t<\/div>\n\t\t\t\t<div class=\"elementor-element elementor-element-eff628a elementor-align-center elementor-widget elementor-widget-button\" data-id=\"eff628a\" data-element_type=\"widget\" data-widget_type=\"button.default\">\n\t\t\t\t<div class=\"elementor-widget-container\">\n\t\t\t\t\t\t\t\t\t<div class=\"elementor-button-wrapper\">\n\t\t\t\t\t<a class=\"elementor-button elementor-button-link elementor-size-sm\" href=\"https:\/\/www.naturgy.com\/ca\/accionistes-i-inversors\/govern-corporatiu\/organs-i-normes-de-govern\/comissions-del-consell-dadministracio\/\">\n\t\t\t\t\t\t<span class=\"elementor-button-content-wrapper\">\n\t\t\t\t\t\t\t\t\t<span class=\"elementor-button-text\">Saber-ne m\u00e9s<\/span>\n\t\t\t\t\t<\/span>\n\t\t\t\t\t<\/a>\n\t\t\t\t<\/div>\n\t\t\t\t\t\t\t\t<\/div>\n\t\t\t\t<\/div>\n\t\t\t\t<\/div>\n\t\t<div class=\"elementor-element elementor-element-2d51213 e-con-full e-flex e-con e-child\" data-id=\"2d51213\" data-element_type=\"container\">\n\t\t\t\t<div class=\"elementor-element elementor-element-1d371bb elementor-widget elementor-widget-image\" data-id=\"1d371bb\" data-element_type=\"widget\" data-widget_type=\"image.default\">\n\t\t\t\t<div class=\"elementor-widget-container\">\n\t\t\t\t\t\t\t\t\t\t\t\t\t\t\t<img decoding=\"async\" width=\"600\" height=\"400\" src=\"https:\/\/www.naturgy.com\/\/app\/uploads\/2023\/04\/organos_gobierno_1-1.png\" class=\"attachment-medium_large size-medium_large wp-image-61331\" alt=\"\" srcset=\"https:\/\/www.naturgy.com\/\/app\/uploads\/2023\/04\/organos_gobierno_1-1.png 600w, https:\/\/www.naturgy.com\/\/app\/uploads\/2023\/04\/organos_gobierno_1-1-300x200.png 300w\" sizes=\"(max-width: 600px) 100vw, 600px\" \/>\t\t\t\t\t\t\t\t\t\t\t\t\t\t\t<\/div>\n\t\t\t\t<\/div>\n\t\t\t\t<div class=\"elementor-element elementor-element-7633628 elementor-widget elementor-widget-heading\" data-id=\"7633628\" data-element_type=\"widget\" data-widget_type=\"heading.default\">\n\t\t\t\t<div class=\"elementor-widget-container\">\n\t\t\t\t\t<div class=\"elementor-heading-title elementor-size-default\">Pol\u00edtica de Remuneracions dels Consellers<\/div>\t\t\t\t<\/div>\n\t\t\t\t<\/div>\n\t\t\t\t<div class=\"elementor-element elementor-element-370a38b elementor-widget elementor-widget-text-editor\" data-id=\"370a38b\" data-element_type=\"widget\" data-widget_type=\"text-editor.default\">\n\t\t\t\t<div class=\"elementor-widget-container\">\n\t\t\t\t\t\t\t\t\t<p>Pol\u00edtica de remuneracions dels consellers i informe anual sobre remuneracions dels membres del Consell d&#8217;Administraci\u00f3.<\/p>\t\t\t\t\t\t\t\t<\/div>\n\t\t\t\t<\/div>\n\t\t\t\t<div class=\"elementor-element elementor-element-357060e elementor-align-center elementor-widget elementor-widget-button\" data-id=\"357060e\" data-element_type=\"widget\" data-widget_type=\"button.default\">\n\t\t\t\t<div class=\"elementor-widget-container\">\n\t\t\t\t\t\t\t\t\t<div class=\"elementor-button-wrapper\">\n\t\t\t\t\t<a class=\"elementor-button elementor-button-link elementor-size-sm\" href=\"https:\/\/www.naturgy.com\/ca\/accionistes-i-inversors\/govern-corporatiu\/organs-i-normes-de-govern\/remuneracions\/\">\n\t\t\t\t\t\t<span class=\"elementor-button-content-wrapper\">\n\t\t\t\t\t\t\t\t\t<span class=\"elementor-button-text\">Saber-ne m\u00e9s<\/span>\n\t\t\t\t\t<\/span>\n\t\t\t\t\t<\/a>\n\t\t\t\t<\/div>\n\t\t\t\t\t\t\t\t<\/div>\n\t\t\t\t<\/div>\n\t\t\t\t<\/div>\n\t\t\t\t\t<\/div>\n\t\t\t\t<\/div>\n\t\t<div class=\"elementor-element elementor-element-f0a65f8 e-flex e-con-boxed e-con e-parent\" data-id=\"f0a65f8\" data-element_type=\"container\">\n\t\t\t\t\t<div class=\"e-con-inner\">\n\t\t\t\t<div class=\"elementor-element elementor-element-d8d9fbc elementor-widget elementor-widget-spacer\" data-id=\"d8d9fbc\" data-element_type=\"widget\" data-widget_type=\"spacer.default\">\n\t\t\t\t<div class=\"elementor-widget-container\">\n\t\t\t\t\t\t\t<div class=\"elementor-spacer\">\n\t\t\t<div class=\"elementor-spacer-inner\"><\/div>\n\t\t<\/div>\n\t\t\t\t\t\t<\/div>\n\t\t\t\t<\/div>\n\t\t\t\t\t<\/div>\n\t\t\t\t<\/div>\n\t\t<div class=\"elementor-element elementor-element-e6c33d2 e-flex e-con-boxed e-con e-parent\" data-id=\"e6c33d2\" data-element_type=\"container\">\n\t\t\t\t\t<div class=\"e-con-inner\">\n\t\t\t\t<div class=\"elementor-element elementor-element-2524a4d elementor-widget elementor-widget-heading\" data-id=\"2524a4d\" data-element_type=\"widget\" data-widget_type=\"heading.default\">\n\t\t\t\t<div class=\"elementor-widget-container\">\n\t\t\t\t\t<h2 class=\"elementor-heading-title elementor-size-default\">Normes de govern<\/h2>\t\t\t\t<\/div>\n\t\t\t\t<\/div>\n\t\t\t\t<div class=\"elementor-element elementor-element-a2b5acc elementor-widget elementor-widget-spacer\" data-id=\"a2b5acc\" data-element_type=\"widget\" data-widget_type=\"spacer.default\">\n\t\t\t\t<div class=\"elementor-widget-container\">\n\t\t\t\t\t\t\t<div class=\"elementor-spacer\">\n\t\t\t<div class=\"elementor-spacer-inner\"><\/div>\n\t\t<\/div>\n\t\t\t\t\t\t<\/div>\n\t\t\t\t<\/div>\n\t\t\t\t\t<\/div>\n\t\t\t\t<\/div>\n\t\t<div class=\"elementor-element elementor-element-a72f272 grid col-4 e-flex e-con-boxed e-con e-parent\" data-id=\"a72f272\" data-element_type=\"container\" data-settings=\"{&quot;background_background&quot;:&quot;classic&quot;}\">\n\t\t\t\t\t<div class=\"e-con-inner\">\n\t\t<div class=\"elementor-element elementor-element-ff8c199 e-con-full e-flex e-con e-child\" data-id=\"ff8c199\" data-element_type=\"container\">\n\t\t\t\t<div class=\"elementor-element elementor-element-e1ccd37 elementor-view-default elementor-widget elementor-widget-icon\" data-id=\"e1ccd37\" data-element_type=\"widget\" data-widget_type=\"icon.default\">\n\t\t\t\t<div class=\"elementor-widget-container\">\n\t\t\t\t\t\t\t<div class=\"elementor-icon-wrapper\">\n\t\t\t<div class=\"elementor-icon\">\n\t\t\t<i aria-hidden=\"true\" class=\"oficina oficina-organigrama\"><\/i>\t\t\t<\/div>\n\t\t<\/div>\n\t\t\t\t\t\t<\/div>\n\t\t\t\t<\/div>\n\t\t\t\t<div class=\"elementor-element elementor-element-e3486ff elementor-widget elementor-widget-heading\" data-id=\"e3486ff\" data-element_type=\"widget\" data-widget_type=\"heading.default\">\n\t\t\t\t<div class=\"elementor-widget-container\">\n\t\t\t\t\t<div class=\"elementor-heading-title elementor-size-default\">Estatuts socials<\/div>\t\t\t\t<\/div>\n\t\t\t\t<\/div>\n\t\t\t\t<div class=\"elementor-element elementor-element-9f0c673 elementor-widget elementor-widget-text-editor\" data-id=\"9f0c673\" data-element_type=\"widget\" data-widget_type=\"text-editor.default\">\n\t\t\t\t<div class=\"elementor-widget-container\">\n\t\t\t\t\t\t\t\t\t<p style=\"text-align: center;\">Posem a la vostra disposici\u00f3 per descarregar en format PDF, els Estatuts socials que regeixen la societat Naturgy Energy Group, S.A.<\/p><h5>\u00a0<\/h5><p style=\"text-align: center;\"><span style=\"text-decoration: underline;\"><a href=\"https:\/\/stproportalcorporativo.blob.core.windows.net\/uploads\/2025\/04\/Estatutos-NTGY-25.03.2025.pdf\" target=\"_blank\" rel=\"noopener\">Baixar axiu<\/a><\/span><\/p>\t\t\t\t\t\t\t\t<\/div>\n\t\t\t\t<\/div>\n\t\t\t\t<\/div>\n\t\t<div class=\"elementor-element elementor-element-920efbd e-con-full e-flex e-con e-child\" data-id=\"920efbd\" data-element_type=\"container\">\n\t\t\t\t<div class=\"elementor-element elementor-element-3037c27 elementor-view-default elementor-widget elementor-widget-icon\" data-id=\"3037c27\" data-element_type=\"widget\" data-widget_type=\"icon.default\">\n\t\t\t\t<div class=\"elementor-widget-container\">\n\t\t\t\t\t\t\t<div class=\"elementor-icon-wrapper\">\n\t\t\t<div class=\"elementor-icon\">\n\t\t\t<i aria-hidden=\"true\" class=\"personas personas-gente1\"><\/i>\t\t\t<\/div>\n\t\t<\/div>\n\t\t\t\t\t\t<\/div>\n\t\t\t\t<\/div>\n\t\t\t\t<div class=\"elementor-element elementor-element-865a284 elementor-widget elementor-widget-heading\" data-id=\"865a284\" data-element_type=\"widget\" data-widget_type=\"heading.default\">\n\t\t\t\t<div class=\"elementor-widget-container\">\n\t\t\t\t\t<div class=\"elementor-heading-title elementor-size-default\">Reglament de la Junta General d'Accionistes<\/div>\t\t\t\t<\/div>\n\t\t\t\t<\/div>\n\t\t\t\t<div class=\"elementor-element elementor-element-7f05e59 elementor-widget elementor-widget-text-editor\" data-id=\"7f05e59\" data-element_type=\"widget\" data-widget_type=\"text-editor.default\">\n\t\t\t\t<div class=\"elementor-widget-container\">\n\t\t\t\t\t\t\t\t\t<p style=\"text-align: center;\">El Reglament de la Junta General d\u2019Accionistes t\u00e9 per objectiu les actuacions quant a la convocat\u00f2ria i el desenvolupament de les juntes generals, amb la garantia dels drets pol\u00edtics dels accionistes.<\/p><p style=\"text-align: center;\"><span style=\"text-decoration: underline;\"><a href=\"https:\/\/stproportalcorporativo.blob.core.windows.net\/uploads\/2023\/04\/ReglamentoJUNTAGENERALNTGY15.03.2022-6439531bc9170.pdf\" target=\"_blank\" rel=\"noopener\">Baixar arxiu<\/a><\/span><\/p>\t\t\t\t\t\t\t\t<\/div>\n\t\t\t\t<\/div>\n\t\t\t\t<\/div>\n\t\t<div class=\"elementor-element elementor-element-7050831 e-con-full e-flex e-con e-child\" data-id=\"7050831\" data-element_type=\"container\">\n\t\t\t\t<div class=\"elementor-element elementor-element-0f9eda0 elementor-view-default elementor-widget elementor-widget-icon\" data-id=\"0f9eda0\" data-element_type=\"widget\" data-widget_type=\"icon.default\">\n\t\t\t\t<div class=\"elementor-widget-container\">\n\t\t\t\t\t\t\t<div class=\"elementor-icon-wrapper\">\n\t\t\t<div class=\"elementor-icon\">\n\t\t\t<i aria-hidden=\"true\" class=\"oficina oficina-documento-ok\"><\/i>\t\t\t<\/div>\n\t\t<\/div>\n\t\t\t\t\t\t<\/div>\n\t\t\t\t<\/div>\n\t\t\t\t<div class=\"elementor-element elementor-element-e834492 elementor-widget elementor-widget-heading\" data-id=\"e834492\" data-element_type=\"widget\" data-widget_type=\"heading.default\">\n\t\t\t\t<div class=\"elementor-widget-container\">\n\t\t\t\t\t<div class=\"elementor-heading-title elementor-size-default\">Reglament del Consell d'Administraci\u00f3 i les seves Comissions<\/div>\t\t\t\t<\/div>\n\t\t\t\t<\/div>\n\t\t\t\t<div class=\"elementor-element elementor-element-41bb8d4 elementor-widget elementor-widget-text-editor\" data-id=\"41bb8d4\" data-element_type=\"widget\" data-widget_type=\"text-editor.default\">\n\t\t\t\t<div class=\"elementor-widget-container\">\n\t\t\t\t\t\t\t\t\t<p style=\"text-align: center;\">Aquest document estableix les normes d&#8217;organitzaci\u00f3 i funcionament del Consell d&#8217;Administraci\u00f3 i de les seves comissions.<\/p><p style=\"text-align: center;\"><span style=\"text-decoration: underline;\"><a href=\"https:\/\/stproportalcorporativo.blob.core.windows.net\/uploads\/2026\/02\/Reglamento-Consejo-Feb-2026.pdf\" target=\"_blank\" rel=\"noopener\">Baixar arxiu<\/a><\/span><\/p>\t\t\t\t\t\t\t\t<\/div>\n\t\t\t\t<\/div>\n\t\t\t\t<\/div>\n\t\t\t\t\t<\/div>\n\t\t\t\t<\/div>\n\t\t<div class=\"elementor-element elementor-element-8233139 e-flex e-con-boxed e-con e-parent\" data-id=\"8233139\" data-element_type=\"container\">\n\t\t\t\t\t<div class=\"e-con-inner\">\n\t\t\t\t<div class=\"elementor-element elementor-element-d3d032b elementor-widget elementor-widget-spacer\" data-id=\"d3d032b\" data-element_type=\"widget\" data-widget_type=\"spacer.default\">\n\t\t\t\t<div class=\"elementor-widget-container\">\n\t\t\t\t\t\t\t<div class=\"elementor-spacer\">\n\t\t\t<div class=\"elementor-spacer-inner\"><\/div>\n\t\t<\/div>\n\t\t\t\t\t\t<\/div>\n\t\t\t\t<\/div>\n\t\t\t\t\t<\/div>\n\t\t\t\t<\/div>\n\t\t<div class=\"elementor-element elementor-element-02aaa69 e-flex e-con-boxed e-con e-parent\" data-id=\"02aaa69\" data-element_type=\"container\">\n\t\t\t\t\t<div class=\"e-con-inner\">\n\t\t\t\t<div class=\"elementor-element elementor-element-cf0dcca elementor-widget elementor-widget-heading\" data-id=\"cf0dcca\" data-element_type=\"widget\" data-widget_type=\"heading.default\">\n\t\t\t\t<div class=\"elementor-widget-container\">\n\t\t\t\t\t<h2 class=\"elementor-heading-title elementor-size-default\">Enlla\u00e7os relacionats<\/h2>\t\t\t\t<\/div>\n\t\t\t\t<\/div>\n\t\t\t\t<div class=\"elementor-element elementor-element-109b55b has-icon elementor-widget elementor-widget-text-editor\" data-id=\"109b55b\" data-element_type=\"widget\" data-widget_type=\"text-editor.default\">\n\t\t\t\t<div class=\"elementor-widget-container\">\n\t\t\t\t\t\t\t\t\t<p><a href=\"https:\/\/www.naturgy.com\/ca\/coneix-nos-naturgy\/el-grup\/politiques-i-codis-de-conducta\/codi-etic\/\"><span style=\"text-decoration: underline;\">Codi \u00e8tic<\/span><\/a><\/p><p><a href=\"https:\/\/www.naturgy.com\/junta-general%20accionistes\">Junta General<\/a><\/p><p><a href=\"https:\/\/www.naturgy.com\/ca\/coneix-nos-naturgy\/\"><span style=\"text-decoration: underline;\">Coneix-nos<\/span><\/a><\/p>\t\t\t\t\t\t\t\t<\/div>\n\t\t\t\t<\/div>\n\t\t\t\t\t<\/div>\n\t\t\t\t<\/div>\n\t\t<div class=\"elementor-element elementor-element-60987d7 e-flex e-con-boxed e-con e-parent\" data-id=\"60987d7\" data-element_type=\"container\">\n\t\t\t\t\t<div class=\"e-con-inner\">\n\t\t\t\t<div class=\"elementor-element elementor-element-f60add0 elementor-widget elementor-widget-spacer\" data-id=\"f60add0\" data-element_type=\"widget\" data-widget_type=\"spacer.default\">\n\t\t\t\t<div class=\"elementor-widget-container\">\n\t\t\t\t\t\t\t<div class=\"elementor-spacer\">\n\t\t\t<div class=\"elementor-spacer-inner\"><\/div>\n\t\t<\/div>\n\t\t\t\t\t\t<\/div>\n\t\t\t\t<\/div>\n\t\t\t\t\t<\/div>\n\t\t\t\t<\/div>\n\t\t\t\t<\/div>\n\t\t","protected":false},"excerpt":{"rendered":"<p>\u00d2rgans de govern Consell d&#8217;Administraci\u00f3 El Consell d&#8217;Administraci\u00f3 de Naturgy Energy Group, S.A. est\u00e0 format pel nombre de consellers que determina la Junta General dins dels l\u00edmits fixats pels Estatuts socials. Saber-ne m\u00e9s Comissions del Consell d&#8217;Administraci\u00f3 En aquesta secci\u00f3, es pot consultar la composici\u00f3 de les diferents comissions del Consell: d&#8217;Auditoria i de Nomenaments [&hellip;]<\/p>\n","protected":false},"author":5,"featured_media":0,"parent":40226,"menu_order":2,"comment_status":"closed","ping_status":"closed","template":"","meta":{"_acf_changed":false,"footnotes":""},"class_list":["post-41442","page","type-page","status-publish","hentry"],"acf":[],"_links":{"self":[{"href":"https:\/\/www.naturgy.com\/ca\/wp-json\/wp\/v2\/pages\/41442","targetHints":{"allow":["GET"]}}],"collection":[{"href":"https:\/\/www.naturgy.com\/ca\/wp-json\/wp\/v2\/pages"}],"about":[{"href":"https:\/\/www.naturgy.com\/ca\/wp-json\/wp\/v2\/types\/page"}],"author":[{"embeddable":true,"href":"https:\/\/www.naturgy.com\/ca\/wp-json\/wp\/v2\/users\/5"}],"replies":[{"embeddable":true,"href":"https:\/\/www.naturgy.com\/ca\/wp-json\/wp\/v2\/comments?post=41442"}],"version-history":[{"count":30,"href":"https:\/\/www.naturgy.com\/ca\/wp-json\/wp\/v2\/pages\/41442\/revisions"}],"predecessor-version":[{"id":138444,"href":"https:\/\/www.naturgy.com\/ca\/wp-json\/wp\/v2\/pages\/41442\/revisions\/138444"}],"up":[{"embeddable":true,"href":"https:\/\/www.naturgy.com\/ca\/wp-json\/wp\/v2\/pages\/40226"}],"wp:attachment":[{"href":"https:\/\/www.naturgy.com\/ca\/wp-json\/wp\/v2\/media?parent=41442"}],"curies":[{"name":"wp","href":"https:\/\/api.w.org\/{rel}","templated":true}]}}