{"id":41451,"date":"2023-01-23T18:38:08","date_gmt":"2023-01-23T17:38:08","guid":{"rendered":"https:\/\/www.naturgy.com\/govern-corporatiu\/informes-de-la-comision-de-auditoria-y-de-la-comision-de-nombramientos-y-retribuciones\/"},"modified":"2026-02-24T12:18:34","modified_gmt":"2026-02-24T11:18:34","slug":"informes-de-la-comissio-dauditoria-i-de-la-comissio-de-nomenaments-i-retribucions","status":"publish","type":"page","link":"https:\/\/www.naturgy.com\/ca\/accionistes-i-inversors\/govern-corporatiu\/informes-de-la-comissio-dauditoria-i-de-la-comissio-de-nomenaments-i-retribucions\/","title":{"rendered":"Informes de la Comissi\u00f3 d&#8217;Auditoria i de la Comissi\u00f3 de Nomenaments i Retribucions"},"content":{"rendered":"\t\t<div data-elementor-type=\"wp-page\" data-elementor-id=\"41451\" class=\"elementor elementor-41451 elementor-13365\" data-elementor-post-type=\"page\">\n\t\t\t\t<div class=\"elementor-element elementor-element-2a726385 e-flex e-con-boxed e-con e-parent\" data-id=\"2a726385\" data-element_type=\"container\">\n\t\t\t\t\t<div class=\"e-con-inner\">\n\t\t<div class=\"elementor-element elementor-element-5340ed1 e-con-full e-flex e-con e-child\" data-id=\"5340ed1\" data-element_type=\"container\">\n\t\t\t\t<div class=\"elementor-element elementor-element-471d5797 elementor-widget elementor-widget-shortcode\" data-id=\"471d5797\" data-element_type=\"widget\" data-widget_type=\"shortcode.default\">\n\t\t\t\t<div class=\"elementor-widget-container\">\n\t\t\t\t\t\t\t<div class=\"elementor-shortcode\"><nav aria-label=\"breadcrumbs\" class=\"rank-math-breadcrumb\"><p><span class=\"last\">Inici<\/span><\/p><\/nav><\/div>\n\t\t\t\t\t\t<\/div>\n\t\t\t\t<\/div>\n\t\t\t\t<div class=\"elementor-element elementor-element-66ae01d3 elementor-widget elementor-widget-heading\" data-id=\"66ae01d3\" data-element_type=\"widget\" data-widget_type=\"heading.default\">\n\t\t\t\t<div class=\"elementor-widget-container\">\n\t\t\t\t\t<h1 class=\"elementor-heading-title elementor-size-default\">Informes de la Comissi\u00f3 d&#8217;Auditoria i de la Comissi\u00f3 de Nomenaments i Retribucions<\/h1>\t\t\t\t<\/div>\n\t\t\t\t<\/div>\n\t\t\t\t<\/div>\n\t\t\t\t\t<\/div>\n\t\t\t\t<\/div>\n\t\t<div class=\"elementor-element elementor-element-07a546d e-con-full e-flex e-con e-parent\" data-id=\"07a546d\" data-element_type=\"container\">\n\t\t\t\t<div class=\"elementor-element elementor-element-54d4d6d elementor-widget elementor-widget-spacer\" data-id=\"54d4d6d\" data-element_type=\"widget\" data-widget_type=\"spacer.default\">\n\t\t\t\t<div class=\"elementor-widget-container\">\n\t\t\t\t\t\t\t<div class=\"elementor-spacer\">\n\t\t\t<div class=\"elementor-spacer-inner\"><\/div>\n\t\t<\/div>\n\t\t\t\t\t\t<\/div>\n\t\t\t\t<\/div>\n\t\t\t\t<\/div>\n\t\t<div class=\"elementor-element elementor-element-c50020e e-flex e-con-boxed e-con e-parent\" data-id=\"c50020e\" data-element_type=\"container\">\n\t\t\t\t\t<div class=\"e-con-inner\">\n\t\t\t\t<div class=\"elementor-element elementor-element-7e7ccab elementor-widget elementor-widget-text-editor\" data-id=\"7e7ccab\" data-element_type=\"widget\" data-widget_type=\"text-editor.default\">\n\t\t\t\t<div class=\"elementor-widget-container\">\n\t\t\t\t\t\t\t\t\t<p>Tot seguit hi ha els informes emesos per la Comissi\u00f3 d&#8217;Auditoria i la Comissi\u00f3 de Nomenaments i Retribucions.<\/p>\t\t\t\t\t\t\t\t<\/div>\n\t\t\t\t<\/div>\n\t\t\t\t\t<\/div>\n\t\t\t\t<\/div>\n\t\t<div class=\"elementor-element elementor-element-4a9f0a1 e-con-full e-flex e-con e-parent\" data-id=\"4a9f0a1\" data-element_type=\"container\">\n\t\t\t\t<div class=\"elementor-element elementor-element-0a0dd8f elementor-widget elementor-widget-spacer\" data-id=\"0a0dd8f\" data-element_type=\"widget\" data-widget_type=\"spacer.default\">\n\t\t\t\t<div class=\"elementor-widget-container\">\n\t\t\t\t\t\t\t<div class=\"elementor-spacer\">\n\t\t\t<div class=\"elementor-spacer-inner\"><\/div>\n\t\t<\/div>\n\t\t\t\t\t\t<\/div>\n\t\t\t\t<\/div>\n\t\t\t\t<\/div>\n\t\t<div class=\"elementor-element elementor-element-184005f e-flex e-con-boxed e-con e-parent\" data-id=\"184005f\" data-element_type=\"container\">\n\t\t\t\t\t<div class=\"e-con-inner\">\n\t\t<div class=\"elementor-element elementor-element-e3035a2 e-flex e-con-boxed e-con e-child\" data-id=\"e3035a2\" data-element_type=\"container\">\n\t\t\t\t\t<div class=\"e-con-inner\">\n\t\t\t\t<div class=\"elementor-element elementor-element-f676d01 elementor-widget elementor-widget-image\" data-id=\"f676d01\" data-element_type=\"widget\" data-widget_type=\"image.default\">\n\t\t\t\t<div class=\"elementor-widget-container\">\n\t\t\t\t\t\t\t\t\t\t\t\t\t\t\t<img fetchpriority=\"high\" decoding=\"async\" width=\"800\" height=\"540\" src=\"https:\/\/www.naturgy.com\/\/app\/uploads\/2023\/03\/documentos-ok.jpg\" class=\"attachment-large size-large wp-image-59661\" alt=\"\" srcset=\"https:\/\/www.naturgy.com\/\/app\/uploads\/2023\/03\/documentos-ok.jpg 989w, https:\/\/www.naturgy.com\/\/app\/uploads\/2023\/03\/documentos-ok-300x202.jpg 300w, https:\/\/www.naturgy.com\/\/app\/uploads\/2023\/03\/documentos-ok-768x518.jpg 768w\" sizes=\"(max-width: 800px) 100vw, 800px\" \/>\t\t\t\t\t\t\t\t\t\t\t\t\t\t\t<\/div>\n\t\t\t\t<\/div>\n\t\t\t\t<div class=\"elementor-element elementor-element-451b48a elementor-widget elementor-widget-heading\" data-id=\"451b48a\" data-element_type=\"widget\" data-widget_type=\"heading.default\">\n\t\t\t\t<div class=\"elementor-widget-container\">\n\t\t\t\t\t<h2 class=\"elementor-heading-title elementor-size-default\">Documents<\/h2>\t\t\t\t<\/div>\n\t\t\t\t<\/div>\n\t\t\t\t<div class=\"elementor-element elementor-element-354b550 has-icon elementor-widget elementor-widget-text-editor\" data-id=\"354b550\" data-element_type=\"widget\" data-widget_type=\"text-editor.default\">\n\t\t\t\t<div class=\"elementor-widget-container\">\n\t\t\t\t\t\t\t\t\t<p><span style=\"text-decoration: underline;\"><a href=\"https:\/\/www.naturgy.com\/files\/JGO2026_DOC9_Informe_funcionamiento_CAU_2025_ES.pdf\">Informe anual de la Comissi\u00f3 d&#8217;Auditoria 2025<\/a><\/span><\/p><p><span style=\"text-decoration: underline;\"><a href=\"https:\/\/www.naturgy.com\/files\/Informe_independencia_auditor_2025_ES.pdf\">Informe sobre la independ\u00e8ncia de l&#8217;Auditor de Comptes 2025<\/a><\/span><\/p><p><span style=\"text-decoration: underline;\"><a href=\"https:\/\/www.naturgy.com\/files\/JGO2026_DOC10_Informe_funcionamiento_CNR_2025_ES.pdf\">Informe de funcionament de la Comissi\u00f3 de Nomenaments i Retribucions 2025<\/a><\/span><\/p>\t\t\t\t\t\t\t\t<\/div>\n\t\t\t\t<\/div>\n\t\t\t\t\t<\/div>\n\t\t\t\t<\/div>\n\t\t<div class=\"elementor-element elementor-element-def2f15 e-flex e-con-boxed e-con e-child\" data-id=\"def2f15\" data-element_type=\"container\">\n\t\t\t\t\t<div class=\"e-con-inner\">\n\t\t\t\t<div class=\"elementor-element elementor-element-0a3be1c elementor-widget elementor-widget-image\" data-id=\"0a3be1c\" data-element_type=\"widget\" data-widget_type=\"image.default\">\n\t\t\t\t<div class=\"elementor-widget-container\">\n\t\t\t\t\t\t\t\t\t\t\t\t\t\t\t<img decoding=\"async\" width=\"800\" height=\"540\" src=\"https:\/\/www.naturgy.com\/\/app\/uploads\/2023\/03\/documento.png\" class=\"attachment-large size-large wp-image-59665\" alt=\"\" srcset=\"https:\/\/www.naturgy.com\/\/app\/uploads\/2023\/03\/documento.png 989w, https:\/\/www.naturgy.com\/\/app\/uploads\/2023\/03\/documento-300x202.png 300w, https:\/\/www.naturgy.com\/\/app\/uploads\/2023\/03\/documento-768x518.png 768w\" sizes=\"(max-width: 800px) 100vw, 800px\" \/>\t\t\t\t\t\t\t\t\t\t\t\t\t\t\t<\/div>\n\t\t\t\t<\/div>\n\t\t\t\t<div class=\"elementor-element elementor-element-ec6f5c7 elementor-widget elementor-widget-heading\" data-id=\"ec6f5c7\" data-element_type=\"widget\" data-widget_type=\"heading.default\">\n\t\t\t\t<div class=\"elementor-widget-container\">\n\t\t\t\t\t<h2 class=\"elementor-heading-title elementor-size-default\">Documents<\/h2>\t\t\t\t<\/div>\n\t\t\t\t<\/div>\n\t\t\t\t<div class=\"elementor-element elementor-element-6e7c5b1 has-icon elementor-widget elementor-widget-text-editor\" data-id=\"6e7c5b1\" data-element_type=\"widget\" data-widget_type=\"text-editor.default\">\n\t\t\t\t<div class=\"elementor-widget-container\">\n\t\t\t\t\t\t\t\t\t<p><span style=\"text-decoration: underline;\"><a href=\"https:\/\/stproportalcorporativo.blob.core.windows.net\/uploads\/2026\/02\/Naturgy_ISEINF_2025.pdf\" target=\"_blank\" rel=\"noopener\">Informe de Sostenibilitat i Estat d&#8217;Informaci\u00f3 no Financera 2025<\/a><\/span><\/p><p><span style=\"text-decoration: underline;\"><a href=\"https:\/\/www.naturgy.com\/files\/Informe_operaciones_vinculadas_2025_ES.pdf\">Informe d&#8217;Operacions Vinculades 2025<\/a><\/span><\/p>\t\t\t\t\t\t\t\t<\/div>\n\t\t\t\t<\/div>\n\t\t\t\t\t<\/div>\n\t\t\t\t<\/div>\n\t\t\t\t\t<\/div>\n\t\t\t\t<\/div>\n\t\t<div class=\"elementor-element elementor-element-ab250e6 e-con-full e-flex e-con e-parent\" data-id=\"ab250e6\" data-element_type=\"container\">\n\t\t\t\t<div class=\"elementor-element elementor-element-d8bc410 elementor-widget elementor-widget-spacer\" data-id=\"d8bc410\" data-element_type=\"widget\" data-widget_type=\"spacer.default\">\n\t\t\t\t<div class=\"elementor-widget-container\">\n\t\t\t\t\t\t\t<div class=\"elementor-spacer\">\n\t\t\t<div class=\"elementor-spacer-inner\"><\/div>\n\t\t<\/div>\n\t\t\t\t\t\t<\/div>\n\t\t\t\t<\/div>\n\t\t\t\t<\/div>\n\t\t\t\t<\/div>\n\t\t","protected":false},"excerpt":{"rendered":"<p>Tot seguit hi ha els informes emesos per la Comissi\u00f3 d&#8217;Auditoria i la Comissi\u00f3 de Nomenaments i Retribucions. Documents Informe anual de la Comissi\u00f3 d&#8217;Auditoria 2025 Informe sobre la independ\u00e8ncia de l&#8217;Auditor de Comptes 2025 Informe de funcionament de la Comissi\u00f3 de Nomenaments i Retribucions 2025 Documents Informe de Sostenibilitat i Estat d&#8217;Informaci\u00f3 no Financera [&hellip;]<\/p>\n","protected":false},"author":5,"featured_media":0,"parent":40226,"menu_order":5,"comment_status":"closed","ping_status":"closed","template":"","meta":{"_acf_changed":false,"footnotes":""},"class_list":["post-41451","page","type-page","status-publish","hentry"],"acf":[],"_links":{"self":[{"href":"https:\/\/www.naturgy.com\/ca\/wp-json\/wp\/v2\/pages\/41451","targetHints":{"allow":["GET"]}}],"collection":[{"href":"https:\/\/www.naturgy.com\/ca\/wp-json\/wp\/v2\/pages"}],"about":[{"href":"https:\/\/www.naturgy.com\/ca\/wp-json\/wp\/v2\/types\/page"}],"author":[{"embeddable":true,"href":"https:\/\/www.naturgy.com\/ca\/wp-json\/wp\/v2\/users\/5"}],"replies":[{"embeddable":true,"href":"https:\/\/www.naturgy.com\/ca\/wp-json\/wp\/v2\/comments?post=41451"}],"version-history":[{"count":31,"href":"https:\/\/www.naturgy.com\/ca\/wp-json\/wp\/v2\/pages\/41451\/revisions"}],"predecessor-version":[{"id":139220,"href":"https:\/\/www.naturgy.com\/ca\/wp-json\/wp\/v2\/pages\/41451\/revisions\/139220"}],"up":[{"embeddable":true,"href":"https:\/\/www.naturgy.com\/ca\/wp-json\/wp\/v2\/pages\/40226"}],"wp:attachment":[{"href":"https:\/\/www.naturgy.com\/ca\/wp-json\/wp\/v2\/media?parent=41451"}],"curies":[{"name":"wp","href":"https:\/\/api.w.org\/{rel}","templated":true}]}}