{"id":41458,"date":"2023-01-20T16:28:54","date_gmt":"2023-01-20T15:28:54","guid":{"rendered":"https:\/\/www.naturgy.com\/estructura-accionarial\/"},"modified":"2026-03-06T10:37:33","modified_gmt":"2026-03-06T09:37:33","slug":"estructura-accionarial","status":"publish","type":"page","link":"https:\/\/www.naturgy.com\/ca\/accionistes-i-inversors\/la-societat\/estructura-accionarial\/","title":{"rendered":"Estructura accionarial"},"content":{"rendered":"\t\t<div data-elementor-type=\"wp-page\" data-elementor-id=\"41458\" class=\"elementor elementor-41458 elementor-12542\" data-elementor-post-type=\"page\">\n\t\t\t\t<div class=\"elementor-element elementor-element-c7b20fe e-flex e-con-boxed e-con e-parent\" data-id=\"c7b20fe\" data-element_type=\"container\">\n\t\t\t\t\t<div class=\"e-con-inner\">\n\t\t<div class=\"elementor-element elementor-element-15c78ea4 e-con-full e-flex e-con e-child\" data-id=\"15c78ea4\" data-element_type=\"container\">\n\t\t\t\t<div class=\"elementor-element elementor-element-6976255a elementor-widget elementor-widget-shortcode\" data-id=\"6976255a\" data-element_type=\"widget\" data-widget_type=\"shortcode.default\">\n\t\t\t\t<div class=\"elementor-widget-container\">\n\t\t\t\t\t\t\t<div class=\"elementor-shortcode\"><nav aria-label=\"breadcrumbs\" class=\"rank-math-breadcrumb\"><p><span class=\"last\">Inici<\/span><\/p><\/nav><\/div>\n\t\t\t\t\t\t<\/div>\n\t\t\t\t<\/div>\n\t\t\t\t<div class=\"elementor-element elementor-element-727f53fc elementor-widget elementor-widget-heading\" data-id=\"727f53fc\" data-element_type=\"widget\" data-widget_type=\"heading.default\">\n\t\t\t\t<div class=\"elementor-widget-container\">\n\t\t\t\t\t<h1 class=\"elementor-heading-title elementor-size-default\">Estructura accionarial<\/h1>\t\t\t\t<\/div>\n\t\t\t\t<\/div>\n\t\t\t\t<\/div>\n\t\t<div class=\"elementor-element elementor-element-6f30f9d e-con-full e-flex e-con e-child\" data-id=\"6f30f9d\" data-element_type=\"container\">\n\t\t\t\t<div class=\"elementor-element elementor-element-f99615d elementor-widget elementor-widget-spacer\" data-id=\"f99615d\" data-element_type=\"widget\" data-widget_type=\"spacer.default\">\n\t\t\t\t<div class=\"elementor-widget-container\">\n\t\t\t\t\t\t\t<div class=\"elementor-spacer\">\n\t\t\t<div class=\"elementor-spacer-inner\"><\/div>\n\t\t<\/div>\n\t\t\t\t\t\t<\/div>\n\t\t\t\t<\/div>\n\t\t\t\t<div class=\"elementor-element elementor-element-7b9d462 elementor-widget elementor-widget-image\" data-id=\"7b9d462\" data-element_type=\"widget\" data-widget_type=\"image.default\">\n\t\t\t\t<div class=\"elementor-widget-container\">\n\t\t\t\t\t\t\t\t\t\t\t\t\t\t\t<img decoding=\"async\" width=\"1\" height=\"1\" src=\"https:\/\/www.naturgy.com\/\/app\/uploads\/2026\/03\/Chart_estructura_accionarial_ES-2.svg\" class=\"attachment-medium_large size-medium_large wp-image-140215\" alt=\"\" \/>\t\t\t\t\t\t\t\t\t\t\t\t\t\t\t<\/div>\n\t\t\t\t<\/div>\n\t\t\t\t<\/div>\n\t\t\t\t\t<\/div>\n\t\t\t\t<\/div>\n\t\t<div class=\"elementor-element elementor-element-150055a e-flex e-con-boxed e-con e-parent\" data-id=\"150055a\" data-element_type=\"container\">\n\t\t\t\t\t<div class=\"e-con-inner\">\n\t\t\t\t<div class=\"elementor-element elementor-element-ff06f7c elementor-widget elementor-widget-text-editor\" data-id=\"ff06f7c\" data-element_type=\"widget\" data-widget_type=\"text-editor.default\">\n\t\t\t\t<div class=\"elementor-widget-container\">\n\t\t\t\t\t\t\t\t\t<p>A mar\u00e7 de 2026.<br \/>La Companyia t\u00e9 uns 60.000 accionistes.<\/p><p><strong>M\u00e9s detalls de l&#8217;estructura accionarial disponibles a la <a href=\"https:\/\/www.cnmv.es\/portal\/consultas\/datosentidad?nif=A08015497&amp;lang=ca\" target=\"_blank\" rel=\"noopener\">CMNV<\/a> o l&#8217;informe anual de govern corporatiu<\/strong><\/p>\t\t\t\t\t\t\t\t<\/div>\n\t\t\t\t<\/div>\n\t\t\t\t\t<\/div>\n\t\t\t\t<\/div>\n\t\t<div class=\"elementor-element elementor-element-e0b6923 e-flex e-con-boxed e-con e-parent\" data-id=\"e0b6923\" data-element_type=\"container\">\n\t\t\t\t\t<div class=\"e-con-inner\">\n\t\t\t\t<div class=\"elementor-element elementor-element-ef6d195 elementor-widget elementor-widget-spacer\" data-id=\"ef6d195\" data-element_type=\"widget\" data-widget_type=\"spacer.default\">\n\t\t\t\t<div class=\"elementor-widget-container\">\n\t\t\t\t\t\t\t<div class=\"elementor-spacer\">\n\t\t\t<div class=\"elementor-spacer-inner\"><\/div>\n\t\t<\/div>\n\t\t\t\t\t\t<\/div>\n\t\t\t\t<\/div>\n\t\t\t\t\t<\/div>\n\t\t\t\t<\/div>\n\t\t\t\t<\/div>\n\t\t","protected":false},"excerpt":{"rendered":"<p>A mar\u00e7 de 2026.La Companyia t\u00e9 uns 60.000 accionistes. M\u00e9s detalls de l&#8217;estructura accionarial disponibles a la CMNV o l&#8217;informe anual de govern corporatiu<\/p>\n","protected":false},"author":5,"featured_media":0,"parent":61846,"menu_order":2,"comment_status":"closed","ping_status":"closed","template":"","meta":{"_acf_changed":false,"footnotes":""},"class_list":["post-41458","page","type-page","status-publish","hentry"],"acf":[],"_links":{"self":[{"href":"https:\/\/www.naturgy.com\/ca\/wp-json\/wp\/v2\/pages\/41458","targetHints":{"allow":["GET"]}}],"collection":[{"href":"https:\/\/www.naturgy.com\/ca\/wp-json\/wp\/v2\/pages"}],"about":[{"href":"https:\/\/www.naturgy.com\/ca\/wp-json\/wp\/v2\/types\/page"}],"author":[{"embeddable":true,"href":"https:\/\/www.naturgy.com\/ca\/wp-json\/wp\/v2\/users\/5"}],"replies":[{"embeddable":true,"href":"https:\/\/www.naturgy.com\/ca\/wp-json\/wp\/v2\/comments?post=41458"}],"version-history":[{"count":30,"href":"https:\/\/www.naturgy.com\/ca\/wp-json\/wp\/v2\/pages\/41458\/revisions"}],"predecessor-version":[{"id":140230,"href":"https:\/\/www.naturgy.com\/ca\/wp-json\/wp\/v2\/pages\/41458\/revisions\/140230"}],"up":[{"embeddable":true,"href":"https:\/\/www.naturgy.com\/ca\/wp-json\/wp\/v2\/pages\/61846"}],"wp:attachment":[{"href":"https:\/\/www.naturgy.com\/ca\/wp-json\/wp\/v2\/media?parent=41458"}],"curies":[{"name":"wp","href":"https:\/\/api.w.org\/{rel}","templated":true}]}}