{"id":41468,"date":"2023-01-20T14:37:44","date_gmt":"2023-01-20T13:37:44","guid":{"rendered":"https:\/\/www.naturgy.com\/coneix-nos\/presencia-internacional\/resto-de-europa\/"},"modified":"2025-07-29T09:24:51","modified_gmt":"2025-07-29T07:24:51","slug":"resta-deuropa","status":"publish","type":"page","link":"https:\/\/www.naturgy.com\/ca\/coneix-nos-naturgy\/presencia-internacional\/resta-deuropa\/","title":{"rendered":"Resta d&#8217;Europa"},"content":{"rendered":"\t\t<div data-elementor-type=\"wp-page\" data-elementor-id=\"41468\" class=\"elementor elementor-41468 elementor-12425\" data-elementor-post-type=\"page\">\n\t\t\t\t<div class=\"elementor-element elementor-element-35208e41 e-flex e-con-boxed e-con e-parent\" data-id=\"35208e41\" data-element_type=\"container\">\n\t\t\t\t\t<div class=\"e-con-inner\">\n\t\t<div class=\"elementor-element elementor-element-531627d3 e-con-full e-flex e-con e-child\" data-id=\"531627d3\" data-element_type=\"container\">\n\t\t\t\t<div class=\"elementor-element elementor-element-5537f556 elementor-widget elementor-widget-shortcode\" data-id=\"5537f556\" data-element_type=\"widget\" data-widget_type=\"shortcode.default\">\n\t\t\t\t<div class=\"elementor-widget-container\">\n\t\t\t\t\t\t\t<div class=\"elementor-shortcode\"><nav aria-label=\"breadcrumbs\" class=\"rank-math-breadcrumb\"><p><span class=\"last\">Inici<\/span><\/p><\/nav><\/div>\n\t\t\t\t\t\t<\/div>\n\t\t\t\t<\/div>\n\t\t\t\t<div class=\"elementor-element elementor-element-40a958dc elementor-widget elementor-widget-heading\" data-id=\"40a958dc\" data-element_type=\"widget\" data-widget_type=\"heading.default\">\n\t\t\t\t<div class=\"elementor-widget-container\">\n\t\t\t\t\t<h1 class=\"elementor-heading-title elementor-size-default\">Resta d&#8217;Europa<\/h1>\t\t\t\t<\/div>\n\t\t\t\t<\/div>\n\t\t\t\t<\/div>\n\t\t<div class=\"elementor-element elementor-element-7489575f e-con-full e-flex e-con e-child\" data-id=\"7489575f\" data-element_type=\"container\">\n\t\t\t\t<div class=\"elementor-element elementor-element-2232c8e8 elementor-widget elementor-widget-spacer\" data-id=\"2232c8e8\" data-element_type=\"widget\" data-widget_type=\"spacer.default\">\n\t\t\t\t<div class=\"elementor-widget-container\">\n\t\t\t\t\t\t\t<div class=\"elementor-spacer\">\n\t\t\t<div class=\"elementor-spacer-inner\"><\/div>\n\t\t<\/div>\n\t\t\t\t\t\t<\/div>\n\t\t\t\t<\/div>\n\t\t\t\t<\/div>\n\t\t\t\t\t<\/div>\n\t\t\t\t<\/div>\n\t\t<div class=\"elementor-element elementor-element-fd8f2df e-flex e-con-boxed e-con e-parent\" data-id=\"fd8f2df\" data-element_type=\"container\" data-settings=\"{&quot;background_background&quot;:&quot;classic&quot;}\">\n\t\t\t\t\t<div class=\"e-con-inner\">\n\t\t\t\t<div class=\"elementor-element elementor-element-05568d6 elementor-widget elementor-widget-spacer\" data-id=\"05568d6\" data-element_type=\"widget\" data-widget_type=\"spacer.default\">\n\t\t\t\t<div class=\"elementor-widget-container\">\n\t\t\t\t\t\t\t<div class=\"elementor-spacer\">\n\t\t\t<div class=\"elementor-spacer-inner\"><\/div>\n\t\t<\/div>\n\t\t\t\t\t\t<\/div>\n\t\t\t\t<\/div>\n\t\t\t\t<div class=\"elementor-element elementor-element-dcb7564 elementor-widget elementor-widget-heading\" data-id=\"dcb7564\" data-element_type=\"widget\" data-widget_type=\"heading.default\">\n\t\t\t\t<div class=\"elementor-widget-container\">\n\t\t\t\t\t<h3 class=\"elementor-heading-title elementor-size-default\">Fran\u00e7a<\/h3>\t\t\t\t<\/div>\n\t\t\t\t<\/div>\n\t\t\t\t<div class=\"elementor-element elementor-element-62bb477 elementor-widget elementor-widget-spacer\" data-id=\"62bb477\" data-element_type=\"widget\" data-widget_type=\"spacer.default\">\n\t\t\t\t<div class=\"elementor-widget-container\">\n\t\t\t\t\t\t\t<div class=\"elementor-spacer\">\n\t\t\t<div class=\"elementor-spacer-inner\"><\/div>\n\t\t<\/div>\n\t\t\t\t\t\t<\/div>\n\t\t\t\t<\/div>\n\t\t\t\t\t<\/div>\n\t\t\t\t<\/div>\n\t\t<div class=\"elementor-element elementor-element-6d65c1b e-flex e-con-boxed e-con e-parent\" data-id=\"6d65c1b\" data-element_type=\"container\" data-settings=\"{&quot;background_background&quot;:&quot;classic&quot;}\">\n\t\t\t\t\t<div class=\"e-con-inner\">\n\t\t<div class=\"elementor-element elementor-element-60848bb e-flex e-con-boxed e-con e-child\" data-id=\"60848bb\" data-element_type=\"container\">\n\t\t\t\t\t<div class=\"e-con-inner\">\n\t\t\t\t<div class=\"elementor-element elementor-element-d9542da elementor-widget elementor-widget-image\" data-id=\"d9542da\" data-element_type=\"widget\" data-widget_type=\"image.default\">\n\t\t\t\t<div class=\"elementor-widget-container\">\n\t\t\t\t\t\t\t\t\t\t\t\t\t\t\t<img fetchpriority=\"high\" decoding=\"async\" width=\"657\" height=\"438\" src=\"https:\/\/www.naturgy.com\/\/app\/uploads\/2023\/03\/mapa_francia.png\" class=\"attachment-large size-large wp-image-59502\" alt=\"\" srcset=\"https:\/\/www.naturgy.com\/\/app\/uploads\/2023\/03\/mapa_francia.png 657w, https:\/\/www.naturgy.com\/\/app\/uploads\/2023\/03\/mapa_francia-300x200.png 300w\" sizes=\"(max-width: 657px) 100vw, 657px\" \/>\t\t\t\t\t\t\t\t\t\t\t\t\t\t\t<\/div>\n\t\t\t\t<\/div>\n\t\t\t\t\t<\/div>\n\t\t\t\t<\/div>\n\t\t<div class=\"elementor-element elementor-element-0f272d6 e-flex e-con-boxed e-con e-child\" data-id=\"0f272d6\" data-element_type=\"container\">\n\t\t\t\t\t<div class=\"e-con-inner\">\n\t\t\t\t<div class=\"elementor-element elementor-element-525ec70 elementor-widget elementor-widget-text-editor\" data-id=\"525ec70\" data-element_type=\"widget\" data-widget_type=\"text-editor.default\">\n\t\t\t\t<div class=\"elementor-widget-container\">\n\t\t\t\t\t\t\t\t\t<p><strong>Comercialitzem gas natural per a professionals al mercat franc\u00e8s des de l\u2019any 2005<\/strong>, quan obrim la nostra primera oficina del pa\u00eds a Par\u00eds.<\/p><p>L\u2019objectiu marc \u00e9s aconseguir\u00a0<strong>relacions a llarg termini amb una cartera de clients \u00e0mplia i variada<\/strong>. El contacte personal amb el client, el suport destinat a adaptar-nos a les seves necessitats i nostres preus competitius s\u00f3n elements distintius de la divisi\u00f3 francesa.<\/p><p>Aix\u00ed mateix, disposem de la\u00a0<strong>planta de regasificaci\u00f3 de Montoir<\/strong>, a la costa nord-occidental de Fran\u00e7a, operada per Elengy, cosa que ens permet incrementar la nostra activitat de venda de gas natural al mercat a l\u2019engr\u00f2s europeu.<\/p>\t\t\t\t\t\t\t\t<\/div>\n\t\t\t\t<\/div>\n\t\t\t\t\t<\/div>\n\t\t\t\t<\/div>\n\t\t\t\t\t<\/div>\n\t\t\t\t<\/div>\n\t\t<div class=\"elementor-element elementor-element-5804140 e-flex e-con-boxed e-con e-parent\" data-id=\"5804140\" data-element_type=\"container\" data-settings=\"{&quot;background_background&quot;:&quot;classic&quot;}\">\n\t\t\t\t\t<div class=\"e-con-inner\">\n\t\t\t\t<div class=\"elementor-element elementor-element-065a425 elementor-widget elementor-widget-spacer\" data-id=\"065a425\" data-element_type=\"widget\" data-widget_type=\"spacer.default\">\n\t\t\t\t<div class=\"elementor-widget-container\">\n\t\t\t\t\t\t\t<div class=\"elementor-spacer\">\n\t\t\t<div class=\"elementor-spacer-inner\"><\/div>\n\t\t<\/div>\n\t\t\t\t\t\t<\/div>\n\t\t\t\t<\/div>\n\t\t\t\t\t<\/div>\n\t\t\t\t<\/div>\n\t\t<div class=\"elementor-element elementor-element-3a7d953 e-flex e-con-boxed e-con e-parent\" data-id=\"3a7d953\" data-element_type=\"container\">\n\t\t\t\t\t<div class=\"e-con-inner\">\n\t\t\t\t<div class=\"elementor-element elementor-element-e4b0b9c elementor-widget elementor-widget-spacer\" data-id=\"e4b0b9c\" data-element_type=\"widget\" data-widget_type=\"spacer.default\">\n\t\t\t\t<div class=\"elementor-widget-container\">\n\t\t\t\t\t\t\t<div class=\"elementor-spacer\">\n\t\t\t<div class=\"elementor-spacer-inner\"><\/div>\n\t\t<\/div>\n\t\t\t\t\t\t<\/div>\n\t\t\t\t<\/div>\n\t\t\t\t\t<\/div>\n\t\t\t\t<\/div>\n\t\t<div class=\"elementor-element elementor-element-77ecc90 e-flex e-con-boxed e-con e-parent\" data-id=\"77ecc90\" data-element_type=\"container\" data-settings=\"{&quot;background_background&quot;:&quot;classic&quot;}\">\n\t\t\t\t\t<div class=\"e-con-inner\">\n\t\t\t\t<div class=\"elementor-element elementor-element-5f23867 elementor-widget elementor-widget-spacer\" data-id=\"5f23867\" data-element_type=\"widget\" data-widget_type=\"spacer.default\">\n\t\t\t\t<div class=\"elementor-widget-container\">\n\t\t\t\t\t\t\t<div class=\"elementor-spacer\">\n\t\t\t<div class=\"elementor-spacer-inner\"><\/div>\n\t\t<\/div>\n\t\t\t\t\t\t<\/div>\n\t\t\t\t<\/div>\n\t\t\t\t<div class=\"elementor-element elementor-element-27e45c1 elementor-widget elementor-widget-heading\" data-id=\"27e45c1\" data-element_type=\"widget\" data-widget_type=\"heading.default\">\n\t\t\t\t<div class=\"elementor-widget-container\">\n\t\t\t\t\t<h3 class=\"elementor-heading-title elementor-size-default\">Portugal<\/h3>\t\t\t\t<\/div>\n\t\t\t\t<\/div>\n\t\t\t\t<div class=\"elementor-element elementor-element-08d670e elementor-widget elementor-widget-spacer\" data-id=\"08d670e\" data-element_type=\"widget\" data-widget_type=\"spacer.default\">\n\t\t\t\t<div class=\"elementor-widget-container\">\n\t\t\t\t\t\t\t<div class=\"elementor-spacer\">\n\t\t\t<div class=\"elementor-spacer-inner\"><\/div>\n\t\t<\/div>\n\t\t\t\t\t\t<\/div>\n\t\t\t\t<\/div>\n\t\t\t\t\t<\/div>\n\t\t\t\t<\/div>\n\t\t<div class=\"elementor-element elementor-element-5744f93 e-flex e-con-boxed e-con e-parent\" data-id=\"5744f93\" data-element_type=\"container\" data-settings=\"{&quot;background_background&quot;:&quot;classic&quot;}\">\n\t\t\t\t\t<div class=\"e-con-inner\">\n\t\t<div class=\"elementor-element elementor-element-5db6fd9 e-flex e-con-boxed e-con e-child\" data-id=\"5db6fd9\" data-element_type=\"container\">\n\t\t\t\t\t<div class=\"e-con-inner\">\n\t\t\t\t<div class=\"elementor-element elementor-element-edae0dc elementor-widget elementor-widget-image\" data-id=\"edae0dc\" data-element_type=\"widget\" data-widget_type=\"image.default\">\n\t\t\t\t<div class=\"elementor-widget-container\">\n\t\t\t\t\t\t\t\t\t\t\t\t\t\t\t<img decoding=\"async\" width=\"657\" height=\"438\" src=\"https:\/\/www.naturgy.com\/\/app\/uploads\/2023\/03\/mapa_portugal.png\" class=\"attachment-large size-large wp-image-59510\" alt=\"\" srcset=\"https:\/\/www.naturgy.com\/\/app\/uploads\/2023\/03\/mapa_portugal.png 657w, https:\/\/www.naturgy.com\/\/app\/uploads\/2023\/03\/mapa_portugal-300x200.png 300w\" sizes=\"(max-width: 657px) 100vw, 657px\" \/>\t\t\t\t\t\t\t\t\t\t\t\t\t\t\t<\/div>\n\t\t\t\t<\/div>\n\t\t\t\t\t<\/div>\n\t\t\t\t<\/div>\n\t\t<div class=\"elementor-element elementor-element-b238cc0 e-flex e-con-boxed e-con e-child\" data-id=\"b238cc0\" data-element_type=\"container\">\n\t\t\t\t\t<div class=\"e-con-inner\">\n\t\t\t\t<div class=\"elementor-element elementor-element-1d02d48 elementor-widget elementor-widget-text-editor\" data-id=\"1d02d48\" data-element_type=\"widget\" data-widget_type=\"text-editor.default\">\n\t\t\t\t<div class=\"elementor-widget-container\">\n\t\t\t\t\t\t\t\t\t<p>Vam obtenir la llic\u00e8ncia de comercialitzaci\u00f3 de gas a Portugal durant el primer trimestre de <strong>2008<\/strong>, convertint-nos en una de les <strong>primeres empreses estrangeres<\/strong> a ser registrada com a comercialitzadora de gas natural en el mercat portugu\u00e8s i en el primer operador gasista rellevant europeu a aconseguir aquesta llic\u00e8ncia.<\/p><p>Actualment, la nostra activitat al pa\u00eds est\u00e0 <strong>centrada en la comercialitzaci\u00f3 d&#8217;energia. <\/strong>La nostra comercialitzadora compta amb tota la infraestructura necess\u00e0ria per a desenvolupar aquesta activitat amb totes les garanties en el mercat de particulars, empreses i gran consum.<\/p><p>Addicionalment,\u00a0<strong>hem realitzat lliuraments puntuals de GNL al pa\u00eds<\/strong>.<\/p>\t\t\t\t\t\t\t\t<\/div>\n\t\t\t\t<\/div>\n\t\t\t\t<div class=\"elementor-element elementor-element-1d8665f elementor-align-left elementor-button-info elementor-widget elementor-widget-button\" data-id=\"1d8665f\" data-element_type=\"widget\" data-widget_type=\"button.default\">\n\t\t\t\t<div class=\"elementor-widget-container\">\n\t\t\t\t\t\t\t\t\t<div class=\"elementor-button-wrapper\">\n\t\t\t\t\t<a class=\"elementor-button elementor-button-link elementor-size-sm\" href=\"https:\/\/www.naturgy.pt\/pt\/negocio\" target=\"_blank\" rel=\"noopener\">\n\t\t\t\t\t\t<span class=\"elementor-button-content-wrapper\">\n\t\t\t\t\t\t\t\t\t<span class=\"elementor-button-text\">M\u00e9s informaci\u00f3<\/span>\n\t\t\t\t\t<\/span>\n\t\t\t\t\t<\/a>\n\t\t\t\t<\/div>\n\t\t\t\t\t\t\t\t<\/div>\n\t\t\t\t<\/div>\n\t\t\t\t\t<\/div>\n\t\t\t\t<\/div>\n\t\t\t\t\t<\/div>\n\t\t\t\t<\/div>\n\t\t<div class=\"elementor-element elementor-element-6e6f0d8 e-flex e-con-boxed e-con e-parent\" data-id=\"6e6f0d8\" data-element_type=\"container\" data-settings=\"{&quot;background_background&quot;:&quot;classic&quot;}\">\n\t\t\t\t\t<div class=\"e-con-inner\">\n\t\t\t\t<div class=\"elementor-element elementor-element-8b5d56b elementor-widget elementor-widget-spacer\" data-id=\"8b5d56b\" data-element_type=\"widget\" data-widget_type=\"spacer.default\">\n\t\t\t\t<div class=\"elementor-widget-container\">\n\t\t\t\t\t\t\t<div class=\"elementor-spacer\">\n\t\t\t<div class=\"elementor-spacer-inner\"><\/div>\n\t\t<\/div>\n\t\t\t\t\t\t<\/div>\n\t\t\t\t<\/div>\n\t\t\t\t\t<\/div>\n\t\t\t\t<\/div>\n\t\t\t\t<\/div>\n\t\t","protected":false},"excerpt":{"rendered":"<p>Fran\u00e7a Comercialitzem gas natural per a professionals al mercat franc\u00e8s des de l\u2019any 2005, quan obrim la nostra primera oficina del pa\u00eds a Par\u00eds. L\u2019objectiu marc \u00e9s aconseguir\u00a0relacions a llarg termini amb una cartera de clients \u00e0mplia i variada. El contacte personal amb el client, el suport destinat a adaptar-nos a les seves necessitats i [&hellip;]<\/p>\n","protected":false},"author":5,"featured_media":0,"parent":40708,"menu_order":2,"comment_status":"closed","ping_status":"closed","template":"","meta":{"_acf_changed":false,"footnotes":""},"class_list":["post-41468","page","type-page","status-publish","hentry"],"acf":[],"_links":{"self":[{"href":"https:\/\/www.naturgy.com\/ca\/wp-json\/wp\/v2\/pages\/41468","targetHints":{"allow":["GET"]}}],"collection":[{"href":"https:\/\/www.naturgy.com\/ca\/wp-json\/wp\/v2\/pages"}],"about":[{"href":"https:\/\/www.naturgy.com\/ca\/wp-json\/wp\/v2\/types\/page"}],"author":[{"embeddable":true,"href":"https:\/\/www.naturgy.com\/ca\/wp-json\/wp\/v2\/users\/5"}],"replies":[{"embeddable":true,"href":"https:\/\/www.naturgy.com\/ca\/wp-json\/wp\/v2\/comments?post=41468"}],"version-history":[{"count":30,"href":"https:\/\/www.naturgy.com\/ca\/wp-json\/wp\/v2\/pages\/41468\/revisions"}],"predecessor-version":[{"id":127784,"href":"https:\/\/www.naturgy.com\/ca\/wp-json\/wp\/v2\/pages\/41468\/revisions\/127784"}],"up":[{"embeddable":true,"href":"https:\/\/www.naturgy.com\/ca\/wp-json\/wp\/v2\/pages\/40708"}],"wp:attachment":[{"href":"https:\/\/www.naturgy.com\/ca\/wp-json\/wp\/v2\/media?parent=41468"}],"curies":[{"name":"wp","href":"https:\/\/api.w.org\/{rel}","templated":true}]}}