{"id":41470,"date":"2023-01-20T13:03:02","date_gmt":"2023-01-20T12:03:02","guid":{"rendered":"https:\/\/www.naturgy.com\/coneix-nos\/l-energia\/servicios-energeticos\/"},"modified":"2024-03-19T16:45:19","modified_gmt":"2024-03-19T15:45:19","slug":"serveis-energetics","status":"publish","type":"page","link":"https:\/\/www.naturgy.com\/ca\/coneix-nos-naturgy\/l-energia\/serveis-energetics\/","title":{"rendered":"Serveis energ\u00e8tics"},"content":{"rendered":"\t\t<div data-elementor-type=\"wp-page\" data-elementor-id=\"41470\" class=\"elementor elementor-41470 elementor-12309\" data-elementor-post-type=\"page\">\n\t\t\t\t<div class=\"elementor-element elementor-element-20d68685 e-flex e-con-boxed e-con e-parent\" data-id=\"20d68685\" data-element_type=\"container\">\n\t\t\t\t\t<div class=\"e-con-inner\">\n\t\t<div class=\"elementor-element elementor-element-41e977d8 e-con-full e-flex e-con e-parent\" data-id=\"41e977d8\" data-element_type=\"container\">\n\t\t\t\t<div class=\"elementor-element elementor-element-5d9902a1 elementor-widget elementor-widget-shortcode\" data-id=\"5d9902a1\" data-element_type=\"widget\" data-widget_type=\"shortcode.default\">\n\t\t\t\t<div class=\"elementor-widget-container\">\n\t\t\t\t\t\t\t<div class=\"elementor-shortcode\"><nav aria-label=\"breadcrumbs\" class=\"rank-math-breadcrumb\"><p><span class=\"last\">Inici<\/span><\/p><\/nav><\/div>\n\t\t\t\t\t\t<\/div>\n\t\t\t\t<\/div>\n\t\t\t\t<div class=\"elementor-element elementor-element-3aacb090 elementor-widget elementor-widget-heading\" data-id=\"3aacb090\" data-element_type=\"widget\" data-widget_type=\"heading.default\">\n\t\t\t\t<div class=\"elementor-widget-container\">\n\t\t\t\t\t<h1 class=\"elementor-heading-title elementor-size-default\">Serveis energ\u00e8tics<\/h1>\t\t\t\t<\/div>\n\t\t\t\t<\/div>\n\t\t\t\t<\/div>\n\t\t<div class=\"elementor-element elementor-element-72a9089a e-con-full e-flex e-con e-parent\" data-id=\"72a9089a\" data-element_type=\"container\">\n\t\t\t\t<div class=\"elementor-element elementor-element-7c5bbd1d elementor-widget elementor-widget-spacer\" data-id=\"7c5bbd1d\" data-element_type=\"widget\" data-widget_type=\"spacer.default\">\n\t\t\t\t<div class=\"elementor-widget-container\">\n\t\t\t\t\t\t\t<div class=\"elementor-spacer\">\n\t\t\t<div class=\"elementor-spacer-inner\"><\/div>\n\t\t<\/div>\n\t\t\t\t\t\t<\/div>\n\t\t\t\t<\/div>\n\t\t\t\t<\/div>\n\t\t\t\t\t<\/div>\n\t\t\t\t<\/div>\n\t\t<div class=\"elementor-element elementor-element-cdbe728 e-con-full e-flex e-con e-parent\" data-id=\"cdbe728\" data-element_type=\"container\" data-settings=\"{&quot;background_background&quot;:&quot;classic&quot;}\">\n\t\t<div class=\"elementor-element elementor-element-5da07a3 e-con-full e-flex e-con e-parent\" data-id=\"5da07a3\" data-element_type=\"container\">\n\t\t\t\t<div class=\"elementor-element elementor-element-4daab5b elementor-widget elementor-widget-heading\" data-id=\"4daab5b\" data-element_type=\"widget\" data-widget_type=\"heading.default\">\n\t\t\t\t<div class=\"elementor-widget-container\">\n\t\t\t\t\t<h1 class=\"elementor-heading-title elementor-size-default\">Tenim un ampli cat\u00e0leg de serveis energ\u00e8tics<\/h1>\t\t\t\t<\/div>\n\t\t\t\t<\/div>\n\t\t\t\t<\/div>\n\t\t<div class=\"elementor-element elementor-element-978f7b0 e-con-full e-flex e-con e-parent\" data-id=\"978f7b0\" data-element_type=\"container\">\n\t\t\t\t<div class=\"elementor-element elementor-element-0503e5b elementor-hidden-tablet elementor-hidden-desktop elementor-widget elementor-widget-image\" data-id=\"0503e5b\" data-element_type=\"widget\" data-widget_type=\"image.default\">\n\t\t\t\t<div class=\"elementor-widget-container\">\n\t\t\t\t\t\t\t\t\t\t\t\t\t\t\t<img fetchpriority=\"high\" decoding=\"async\" width=\"768\" height=\"512\" src=\"https:\/\/www.naturgy.com\/\/app\/uploads\/2023\/03\/N3_Servicios-energeticos_mov.png\" class=\"attachment-large size-large wp-image-59330\" alt=\"\" srcset=\"https:\/\/www.naturgy.com\/\/app\/uploads\/2023\/03\/N3_Servicios-energeticos_mov.png 768w, https:\/\/www.naturgy.com\/\/app\/uploads\/2023\/03\/N3_Servicios-energeticos_mov-300x200.png 300w\" sizes=\"(max-width: 768px) 100vw, 768px\" \/>\t\t\t\t\t\t\t\t\t\t\t\t\t\t\t<\/div>\n\t\t\t\t<\/div>\n\t\t\t\t<\/div>\n\t\t\t\t<\/div>\n\t\t<div class=\"elementor-element elementor-element-23a6ab1 e-con-full e-flex e-con e-parent\" data-id=\"23a6ab1\" data-element_type=\"container\">\n\t\t\t\t<div class=\"elementor-element elementor-element-e39768d elementor-widget elementor-widget-spacer\" data-id=\"e39768d\" data-element_type=\"widget\" data-widget_type=\"spacer.default\">\n\t\t\t\t<div class=\"elementor-widget-container\">\n\t\t\t\t\t\t\t<div class=\"elementor-spacer\">\n\t\t\t<div class=\"elementor-spacer-inner\"><\/div>\n\t\t<\/div>\n\t\t\t\t\t\t<\/div>\n\t\t\t\t<\/div>\n\t\t\t\t<\/div>\n\t\t<div class=\"elementor-element elementor-element-0d272bf e-flex e-con-boxed e-con e-parent\" data-id=\"0d272bf\" data-element_type=\"container\">\n\t\t\t\t\t<div class=\"e-con-inner\">\n\t\t\t\t<div class=\"elementor-element elementor-element-0c8bb82 elementor-widget elementor-widget-heading\" data-id=\"0c8bb82\" data-element_type=\"widget\" data-widget_type=\"heading.default\">\n\t\t\t\t<div class=\"elementor-widget-container\">\n\t\t\t\t\t<h3 class=\"elementor-heading-title elementor-size-default\">La nostra oferta comercial no es limita al subministrament de gas i electricitat, sin\u00f3 que tamb\u00e9 inclou altres \u00e0mbits<\/h3>\t\t\t\t<\/div>\n\t\t\t\t<\/div>\n\t\t\t\t<div class=\"elementor-element elementor-element-bd6f017 elementor-widget elementor-widget-text-editor\" data-id=\"bd6f017\" data-element_type=\"widget\" data-widget_type=\"text-editor.default\">\n\t\t\t\t<div class=\"elementor-widget-container\">\n\t\t\t\t\t\t\t\t\t<p>Encara que el nostre negoci se centra en la distribuci\u00f3 i comercialitzaci\u00f3 del gas i en la generaci\u00f3, la distribuci\u00f3 i la comercialitzaci\u00f3 d\u2019electricitat, tamb\u00e9 desenvolupem\u00a0<strong>altres l\u00ednies de negoci, com ara els serveis energ\u00e8tics<\/strong>, que afavoreixen la diversificaci\u00f3 de les activitats i els ingressos, anticipant-se a les noves tend\u00e8ncies del mercat, atenent les necessitats espec\u00edfiques dels clients i oferint-los un\u00a0<strong>servei integral no centrat \u00fanicament en la venda d\u2019energia<\/strong>.<br \/><br \/>La nostra oferta comercial est\u00e0 dirigida a\u00a0<strong>llars, negocis i grans clients<\/strong>.<\/p>\t\t\t\t\t\t\t\t<\/div>\n\t\t\t\t<\/div>\n\t\t\t\t<div class=\"elementor-element elementor-element-d50f84c elementor-widget elementor-widget-image\" data-id=\"d50f84c\" data-element_type=\"widget\" data-widget_type=\"image.default\">\n\t\t\t\t<div class=\"elementor-widget-container\">\n\t\t\t\t\t\t\t\t\t\t\t\t\t\t\t<img decoding=\"async\" width=\"1140\" height=\"810\" src=\"https:\/\/www.naturgy.com\/\/app\/uploads\/2023\/03\/infografia_servicios_energeticos_CA.svg\" class=\"attachment-full size-full wp-image-59364\" alt=\"\" \/>\t\t\t\t\t\t\t\t\t\t\t\t\t\t\t<\/div>\n\t\t\t\t<\/div>\n\t\t\t\t\t<\/div>\n\t\t\t\t<\/div>\n\t\t<div class=\"elementor-element elementor-element-11960c1 e-con-full e-flex e-con e-parent\" data-id=\"11960c1\" data-element_type=\"container\">\n\t\t\t\t<div class=\"elementor-element elementor-element-8a22fea elementor-widget elementor-widget-spacer\" data-id=\"8a22fea\" data-element_type=\"widget\" data-widget_type=\"spacer.default\">\n\t\t\t\t<div class=\"elementor-widget-container\">\n\t\t\t\t\t\t\t<div class=\"elementor-spacer\">\n\t\t\t<div class=\"elementor-spacer-inner\"><\/div>\n\t\t<\/div>\n\t\t\t\t\t\t<\/div>\n\t\t\t\t<\/div>\n\t\t\t\t<\/div>\n\t\t<div class=\"elementor-element elementor-element-99044c3 e-con-full e-flex e-con e-parent\" data-id=\"99044c3\" data-element_type=\"container\" data-settings=\"{&quot;background_background&quot;:&quot;classic&quot;}\">\n\t\t\t\t<div class=\"elementor-element elementor-element-487875b elementor-widget elementor-widget-spacer\" data-id=\"487875b\" data-element_type=\"widget\" data-widget_type=\"spacer.default\">\n\t\t\t\t<div class=\"elementor-widget-container\">\n\t\t\t\t\t\t\t<div class=\"elementor-spacer\">\n\t\t\t<div class=\"elementor-spacer-inner\"><\/div>\n\t\t<\/div>\n\t\t\t\t\t\t<\/div>\n\t\t\t\t<\/div>\n\t\t\t\t<\/div>\n\t\t<div class=\"elementor-element elementor-element-72a5a6c e-flex e-con-boxed e-con e-parent\" data-id=\"72a5a6c\" data-element_type=\"container\" data-settings=\"{&quot;background_background&quot;:&quot;classic&quot;}\">\n\t\t\t\t\t<div class=\"e-con-inner\">\n\t\t<div class=\"elementor-element elementor-element-2e2e7e0 e-flex e-con-boxed e-con e-parent\" data-id=\"2e2e7e0\" data-element_type=\"container\">\n\t\t\t\t\t<div class=\"e-con-inner\">\n\t\t\t\t<div class=\"elementor-element elementor-element-cea94f2 elementor-widget elementor-widget-image\" data-id=\"cea94f2\" data-element_type=\"widget\" data-widget_type=\"image.default\">\n\t\t\t\t<div class=\"elementor-widget-container\">\n\t\t\t\t\t\t\t\t\t\t\t\t\t\t\t<img decoding=\"async\" width=\"800\" height=\"637\" src=\"https:\/\/www.naturgy.com\/\/app\/uploads\/2023\/03\/servicios.jpg\" class=\"attachment-large size-large wp-image-59347\" alt=\"\" srcset=\"https:\/\/www.naturgy.com\/\/app\/uploads\/2023\/03\/servicios.jpg 999w, https:\/\/www.naturgy.com\/\/app\/uploads\/2023\/03\/servicios-300x239.jpg 300w, https:\/\/www.naturgy.com\/\/app\/uploads\/2023\/03\/servicios-768x612.jpg 768w\" sizes=\"(max-width: 800px) 100vw, 800px\" \/>\t\t\t\t\t\t\t\t\t\t\t\t\t\t\t<\/div>\n\t\t\t\t<\/div>\n\t\t\t\t\t<\/div>\n\t\t\t\t<\/div>\n\t\t<div class=\"elementor-element elementor-element-8c339cd e-flex e-con-boxed e-con e-parent\" data-id=\"8c339cd\" data-element_type=\"container\">\n\t\t\t\t\t<div class=\"e-con-inner\">\n\t\t<div class=\"elementor-element elementor-element-bacb81f e-con-full e-flex e-con e-parent\" data-id=\"bacb81f\" data-element_type=\"container\">\n\t\t\t\t<div class=\"elementor-element elementor-element-0ee9c67 elementor-widget elementor-widget-text-editor\" data-id=\"0ee9c67\" data-element_type=\"widget\" data-widget_type=\"text-editor.default\">\n\t\t\t\t<div class=\"elementor-widget-container\">\n\t\t\t\t\t\t\t\t\t<p>Ens fem c\u00e0rrec de la<strong>\u00a0planificaci\u00f3 i l\u2019execuci\u00f3 de les principals instal\u00b7lacions energ\u00e8tiques i del seu manteniment<\/strong>\u00a0\u00f2ptim durant tot el contracte:<br \/><br \/>\u2022\u00a0<strong>Renovaci\u00f3 de les instal\u00b7lacions<\/strong>\u00a0i, si \u00e9s necessari, transformaci\u00f3 a gas natural.<br \/><br \/>\u2022 El\u00a0<strong>finan\u00e7ament\u00a0<\/strong>de tot el projecte.<br \/><br \/>\u2022 El\u00a0<strong>pla de manteniment<\/strong>\u00a0m\u00e9s adequat per obtenir la m\u00e0xima efici\u00e8ncia del seu negoci.<br \/><br \/>\u2022\u00a0<strong>Garantia<\/strong>\u00a0total de la instal\u00b7laci\u00f3.<br \/><br \/>\u2022\u00a0<strong>Atenci\u00f3 24 hores<\/strong>, els 365 dies de l&#8217;any.<br \/><br \/>\u2022 Plataforma digital per a la\u00a0<strong>gesti\u00f3 dels seus consums.<\/strong><\/p>\t\t\t\t\t\t\t\t<\/div>\n\t\t\t\t<\/div>\n\t\t\t\t<\/div>\n\t\t\t\t\t<\/div>\n\t\t\t\t<\/div>\n\t\t\t\t\t<\/div>\n\t\t\t\t<\/div>\n\t\t<div class=\"elementor-element elementor-element-0c36a62 e-con-full e-flex e-con e-parent\" data-id=\"0c36a62\" data-element_type=\"container\" data-settings=\"{&quot;background_background&quot;:&quot;classic&quot;}\">\n\t\t\t\t<div class=\"elementor-element elementor-element-e63ab58 elementor-widget elementor-widget-spacer\" data-id=\"e63ab58\" data-element_type=\"widget\" data-widget_type=\"spacer.default\">\n\t\t\t\t<div class=\"elementor-widget-container\">\n\t\t\t\t\t\t\t<div class=\"elementor-spacer\">\n\t\t\t<div class=\"elementor-spacer-inner\"><\/div>\n\t\t<\/div>\n\t\t\t\t\t\t<\/div>\n\t\t\t\t<\/div>\n\t\t\t\t<\/div>\n\t\t<div class=\"elementor-element elementor-element-ef676ce e-con-full e-flex e-con e-parent\" data-id=\"ef676ce\" data-element_type=\"container\">\n\t\t\t\t<div class=\"elementor-element elementor-element-d934c09 elementor-widget elementor-widget-spacer\" data-id=\"d934c09\" data-element_type=\"widget\" data-widget_type=\"spacer.default\">\n\t\t\t\t<div class=\"elementor-widget-container\">\n\t\t\t\t\t\t\t<div class=\"elementor-spacer\">\n\t\t\t<div class=\"elementor-spacer-inner\"><\/div>\n\t\t<\/div>\n\t\t\t\t\t\t<\/div>\n\t\t\t\t<\/div>\n\t\t\t\t<\/div>\n\t\t<div class=\"elementor-element elementor-element-34762b3 e-flex e-con-boxed e-con e-parent\" data-id=\"34762b3\" data-element_type=\"container\">\n\t\t\t\t\t<div class=\"e-con-inner\">\n\t\t\t\t<div class=\"elementor-element elementor-element-ecfbab5 elementor-widget elementor-widget-heading\" data-id=\"ecfbab5\" data-element_type=\"widget\" data-widget_type=\"heading.default\">\n\t\t\t\t<div class=\"elementor-widget-container\">\n\t\t\t\t\t<h3 class=\"elementor-heading-title elementor-size-default\">La nostra proposta de valor es contextualitza en diferents serveis<\/h3>\t\t\t\t<\/div>\n\t\t\t\t<\/div>\n\t\t\t\t\t<\/div>\n\t\t\t\t<\/div>\n\t\t<div class=\"elementor-element elementor-element-4f77fb6 e-con-full e-flex e-con e-parent\" data-id=\"4f77fb6\" data-element_type=\"container\">\n\t\t\t\t<div class=\"elementor-element elementor-element-ea367f6 elementor-widget elementor-widget-spacer\" data-id=\"ea367f6\" data-element_type=\"widget\" data-widget_type=\"spacer.default\">\n\t\t\t\t<div class=\"elementor-widget-container\">\n\t\t\t\t\t\t\t<div class=\"elementor-spacer\">\n\t\t\t<div class=\"elementor-spacer-inner\"><\/div>\n\t\t<\/div>\n\t\t\t\t\t\t<\/div>\n\t\t\t\t<\/div>\n\t\t\t\t<\/div>\n\t\t<div class=\"elementor-element elementor-element-9e9a16c grid col-4 e-flex e-con-boxed e-con e-parent\" data-id=\"9e9a16c\" data-element_type=\"container\">\n\t\t\t\t\t<div class=\"e-con-inner\">\n\t\t<div class=\"elementor-element elementor-element-e63882d e-con-full e-flex e-con e-parent\" data-id=\"e63882d\" data-element_type=\"container\">\n\t\t\t\t<div class=\"elementor-element elementor-element-92c2e3d elementor-widget elementor-widget-heading\" data-id=\"92c2e3d\" data-element_type=\"widget\" data-widget_type=\"heading.default\">\n\t\t\t\t<div class=\"elementor-widget-container\">\n\t\t\t\t\t<div class=\"elementor-heading-title elementor-size-default\">Productes i serveis innovadors per a la llar<\/div>\t\t\t\t<\/div>\n\t\t\t\t<\/div>\n\t\t\t\t<div class=\"elementor-element elementor-element-bab5b19 elementor-view-default elementor-widget elementor-widget-icon\" data-id=\"bab5b19\" data-element_type=\"widget\" data-widget_type=\"icon.default\">\n\t\t\t\t<div class=\"elementor-widget-container\">\n\t\t\t\t\t\t\t<div class=\"elementor-icon-wrapper\">\n\t\t\t<div class=\"elementor-icon\">\n\t\t\t<i aria-hidden=\"true\" class=\"hogar hogar-48-hogar-casa\"><\/i>\t\t\t<\/div>\n\t\t<\/div>\n\t\t\t\t\t\t<\/div>\n\t\t\t\t<\/div>\n\t\t\t\t<\/div>\n\t\t<div class=\"elementor-element elementor-element-03b3c65 e-con-full e-flex e-con e-parent\" data-id=\"03b3c65\" data-element_type=\"container\">\n\t\t\t\t<div class=\"elementor-element elementor-element-04132b7 elementor-widget elementor-widget-heading\" data-id=\"04132b7\" data-element_type=\"widget\" data-widget_type=\"heading.default\">\n\t\t\t\t<div class=\"elementor-widget-container\">\n\t\t\t\t\t<div class=\"elementor-heading-title elementor-size-default\">Productes i serveis innovadors per a empreses<\/div>\t\t\t\t<\/div>\n\t\t\t\t<\/div>\n\t\t\t\t<div class=\"elementor-element elementor-element-4872749 elementor-view-default elementor-widget elementor-widget-icon\" data-id=\"4872749\" data-element_type=\"widget\" data-widget_type=\"icon.default\">\n\t\t\t\t<div class=\"elementor-widget-container\">\n\t\t\t\t\t\t\t<div class=\"elementor-icon-wrapper\">\n\t\t\t<div class=\"elementor-icon\">\n\t\t\t<i aria-hidden=\"true\" class=\"edificios edificios-industria\"><\/i>\t\t\t<\/div>\n\t\t<\/div>\n\t\t\t\t\t\t<\/div>\n\t\t\t\t<\/div>\n\t\t\t\t<\/div>\n\t\t<div class=\"elementor-element elementor-element-2b3ddcc e-con-full e-flex e-con e-parent\" data-id=\"2b3ddcc\" data-element_type=\"container\">\n\t\t\t\t<div class=\"elementor-element elementor-element-6724e20 elementor-widget elementor-widget-heading\" data-id=\"6724e20\" data-element_type=\"widget\" data-widget_type=\"heading.default\">\n\t\t\t\t<div class=\"elementor-widget-container\">\n\t\t\t\t\t<div class=\"elementor-heading-title elementor-size-default\">Solucions energ\u00e8tiques innovadores per a empreses<\/div>\t\t\t\t<\/div>\n\t\t\t\t<\/div>\n\t\t\t\t<div class=\"elementor-element elementor-element-1ef32ea elementor-view-default elementor-widget elementor-widget-icon\" data-id=\"1ef32ea\" data-element_type=\"widget\" data-widget_type=\"icon.default\">\n\t\t\t\t<div class=\"elementor-widget-container\">\n\t\t\t\t\t\t\t<div class=\"elementor-icon-wrapper\">\n\t\t\t<div class=\"elementor-icon\">\n\t\t\t<i aria-hidden=\"true\" class=\"energias energias-luz-gas\"><\/i>\t\t\t<\/div>\n\t\t<\/div>\n\t\t\t\t\t\t<\/div>\n\t\t\t\t<\/div>\n\t\t\t\t<\/div>\n\t\t\t\t\t<\/div>\n\t\t\t\t<\/div>\n\t\t<div class=\"elementor-element elementor-element-fd05ea4 e-con-full e-flex e-con e-parent\" data-id=\"fd05ea4\" data-element_type=\"container\">\n\t\t\t\t<div class=\"elementor-element elementor-element-e0f89a3 elementor-widget elementor-widget-spacer\" data-id=\"e0f89a3\" data-element_type=\"widget\" data-widget_type=\"spacer.default\">\n\t\t\t\t<div class=\"elementor-widget-container\">\n\t\t\t\t\t\t\t<div class=\"elementor-spacer\">\n\t\t\t<div class=\"elementor-spacer-inner\"><\/div>\n\t\t<\/div>\n\t\t\t\t\t\t<\/div>\n\t\t\t\t<\/div>\n\t\t\t\t<\/div>\n\t\t\t\t<\/div>\n\t\t","protected":false},"excerpt":{"rendered":"<p>Tenim un ampli cat\u00e0leg de serveis energ\u00e8tics La nostra oferta comercial no es limita al subministrament de gas i electricitat, sin\u00f3 que tamb\u00e9 inclou altres \u00e0mbits Encara que el nostre negoci se centra en la distribuci\u00f3 i comercialitzaci\u00f3 del gas i en la generaci\u00f3, la distribuci\u00f3 i la comercialitzaci\u00f3 d\u2019electricitat, tamb\u00e9 desenvolupem\u00a0altres l\u00ednies de negoci, [&hellip;]<\/p>\n","protected":false},"author":5,"featured_media":0,"parent":40678,"menu_order":5,"comment_status":"closed","ping_status":"closed","template":"","meta":{"_acf_changed":false,"footnotes":""},"class_list":["post-41470","page","type-page","status-publish","hentry"],"acf":[],"_links":{"self":[{"href":"https:\/\/www.naturgy.com\/ca\/wp-json\/wp\/v2\/pages\/41470","targetHints":{"allow":["GET"]}}],"collection":[{"href":"https:\/\/www.naturgy.com\/ca\/wp-json\/wp\/v2\/pages"}],"about":[{"href":"https:\/\/www.naturgy.com\/ca\/wp-json\/wp\/v2\/types\/page"}],"author":[{"embeddable":true,"href":"https:\/\/www.naturgy.com\/ca\/wp-json\/wp\/v2\/users\/5"}],"replies":[{"embeddable":true,"href":"https:\/\/www.naturgy.com\/ca\/wp-json\/wp\/v2\/comments?post=41470"}],"version-history":[{"count":6,"href":"https:\/\/www.naturgy.com\/ca\/wp-json\/wp\/v2\/pages\/41470\/revisions"}],"predecessor-version":[{"id":99248,"href":"https:\/\/www.naturgy.com\/ca\/wp-json\/wp\/v2\/pages\/41470\/revisions\/99248"}],"up":[{"embeddable":true,"href":"https:\/\/www.naturgy.com\/ca\/wp-json\/wp\/v2\/pages\/40678"}],"wp:attachment":[{"href":"https:\/\/www.naturgy.com\/ca\/wp-json\/wp\/v2\/media?parent=41470"}],"curies":[{"name":"wp","href":"https:\/\/api.w.org\/{rel}","templated":true}]}}