{"id":41474,"date":"2023-01-23T18:36:06","date_gmt":"2023-01-23T17:36:06","guid":{"rendered":"https:\/\/www.naturgy.com\/govern-corporatiu\/francisco-reynes-massanet\/"},"modified":"2025-04-30T11:13:13","modified_gmt":"2025-04-30T09:13:13","slug":"francisco-reynes-massanet","status":"publish","type":"page","link":"https:\/\/www.naturgy.com\/ca\/accionistes-i-inversors\/govern-corporatiu\/francisco-reynes-massanet\/","title":{"rendered":"Francisco Reyn\u00e9s Massanet. President i CEO de Naturgy."},"content":{"rendered":"\t\t<div data-elementor-type=\"wp-page\" data-elementor-id=\"41474\" class=\"elementor elementor-41474 elementor-13361\" data-elementor-post-type=\"page\">\n\t\t\t\t<div class=\"elementor-element elementor-element-7ac83e2 e-flex e-con-boxed e-con e-parent\" data-id=\"7ac83e2\" data-element_type=\"container\">\n\t\t\t\t\t<div class=\"e-con-inner\">\n\t\t<div class=\"elementor-element elementor-element-38c130ad e-con-full e-flex e-con e-child\" data-id=\"38c130ad\" data-element_type=\"container\">\n\t\t\t\t<div class=\"elementor-element elementor-element-4026bfea elementor-widget elementor-widget-shortcode\" data-id=\"4026bfea\" data-element_type=\"widget\" data-widget_type=\"shortcode.default\">\n\t\t\t\t<div class=\"elementor-widget-container\">\n\t\t\t\t\t\t\t<div class=\"elementor-shortcode\"><nav aria-label=\"breadcrumbs\" class=\"rank-math-breadcrumb\"><p><span class=\"last\">Inici<\/span><\/p><\/nav><\/div>\n\t\t\t\t\t\t<\/div>\n\t\t\t\t<\/div>\n\t\t\t\t<div class=\"elementor-element elementor-element-4cbfa338 elementor-widget elementor-widget-heading\" data-id=\"4cbfa338\" data-element_type=\"widget\" data-widget_type=\"heading.default\">\n\t\t\t\t<div class=\"elementor-widget-container\">\n\t\t\t\t\t<h1 class=\"elementor-heading-title elementor-size-default\">Francisco Reyn\u00e9s Massanet. President i CEO de Naturgy.<\/h1>\t\t\t\t<\/div>\n\t\t\t\t<\/div>\n\t\t\t\t<\/div>\n\t\t<div class=\"elementor-element elementor-element-5236e4c5 e-con-full e-flex e-con e-child\" data-id=\"5236e4c5\" data-element_type=\"container\">\n\t\t\t\t<div class=\"elementor-element elementor-element-5a4e0ae3 elementor-widget elementor-widget-spacer\" data-id=\"5a4e0ae3\" data-element_type=\"widget\" data-widget_type=\"spacer.default\">\n\t\t\t\t<div class=\"elementor-widget-container\">\n\t\t\t\t\t\t\t<div class=\"elementor-spacer\">\n\t\t\t<div class=\"elementor-spacer-inner\"><\/div>\n\t\t<\/div>\n\t\t\t\t\t\t<\/div>\n\t\t\t\t<\/div>\n\t\t\t\t<div class=\"elementor-element elementor-element-43443d7 elementor-widget elementor-widget-image\" data-id=\"43443d7\" data-element_type=\"widget\" data-widget_type=\"image.default\">\n\t\t\t\t<div class=\"elementor-widget-container\">\n\t\t\t\t\t\t\t\t\t\t\t\t\t\t\t<img fetchpriority=\"high\" decoding=\"async\" width=\"1200\" height=\"625\" src=\"https:\/\/www.naturgy.com\/\/app\/uploads\/2023\/04\/francisco-reynes-naturgy.jpg\" class=\"attachment-full size-full wp-image-61310\" alt=\"\" srcset=\"https:\/\/www.naturgy.com\/\/app\/uploads\/2023\/04\/francisco-reynes-naturgy.jpg 1200w, https:\/\/www.naturgy.com\/\/app\/uploads\/2023\/04\/francisco-reynes-naturgy-300x156.jpg 300w, https:\/\/www.naturgy.com\/\/app\/uploads\/2023\/04\/francisco-reynes-naturgy-1024x533.jpg 1024w, https:\/\/www.naturgy.com\/\/app\/uploads\/2023\/04\/francisco-reynes-naturgy-768x400.jpg 768w\" sizes=\"(max-width: 1200px) 100vw, 1200px\" \/>\t\t\t\t\t\t\t\t\t\t\t\t\t\t\t<\/div>\n\t\t\t\t<\/div>\n\t\t\t\t<\/div>\n\t\t\t\t\t<\/div>\n\t\t\t\t<\/div>\n\t\t<div class=\"elementor-element elementor-element-ddeb1a1 e-flex e-con-boxed e-con e-parent\" data-id=\"ddeb1a1\" data-element_type=\"container\">\n\t\t\t\t\t<div class=\"e-con-inner\">\n\t\t\t\t<div class=\"elementor-element elementor-element-867fe54 elementor-widget elementor-widget-text-editor\" data-id=\"867fe54\" data-element_type=\"widget\" data-widget_type=\"text-editor.default\">\n\t\t\t\t<div class=\"elementor-widget-container\">\n\t\t\t\t\t\t\t\t\t<p><strong>Francisco Reyn\u00e9s Massanet<\/strong>\u00a0\u00e9s l\u2019actual president i conseller delegat de Naturgy des del febrer de 2018.<\/p><p>Va n\u00e9ixer el 1963, \u00e9s natural de Palma de Mallorca, est\u00e0 casat i t\u00e9 5 fills. \u00c9s enginyer industrial, especialitat mec\u00e0nica, per la Universitat Polit\u00e8cnica de Barcelona, i MBA per l&#8217;IESE.<\/p><p>Abans era vicepresident i conseller delegat d\u2019Abertis Infraestructuras, on es va incorporar el 2009. Des del 2015, i fins a la seva incorporaci\u00f3 a Naturgy, era tamb\u00e9 president de Cellnex Telecom, on va liderar la sortida a borsa el 2015.<\/p><p>Abans de la seva etapa a Abertis, va ser director general del h\u00f2lding industrial Criteria CaixaCorp. Amb aquest c\u00e0rrec en va dur a terme la sortida a borsa l\u2019octubre del 2007.<\/p><p><strong>Francisco Reyn\u00e9s Massanet\u00a0<\/strong>va comen\u00e7ar la seva carrera professional en el sector automotriu, vinculat primer amb el Grup Volkswagen i, despr\u00e9s, amb Johnson Controls. Despr\u00e9s va ser director general del grup cimenter Uniland.<\/p><p>A m\u00e9s a m\u00e9s, ha estat membre de diversos consells d&#8217;Administraci\u00f3 a diversos pa\u00efsos: Sanef, Eutelsat i Boursorama a Fran\u00e7a; Hispasat, Agbar i Adeslas a Espanya; Arteris al Brasil; V\u00edasChile a Xile; SC Enfida a Tun\u00edsia; Southern Cement en el Regne Unit; Cem. Avellaneda a l&#8217;Argentina i del grup internacional Veolia.<\/p><p>Des d&#8217;abril de 2025, \u00e9s patr\u00f3 de la Fundaci\u00f3 La Caixa i membre del Consell d&#8217;Administraci\u00f3 de Criteria Caixa S.A.<\/p><p>A l\u2019edici\u00f3 de l\u2019any 2021 dels Platts Global Energy Awards,\u00a0<strong>Francisco Reyn\u00e9s Massanet<\/strong>\u00a0ha estat reconegut com a CEO de l\u2019any per la seva visi\u00f3 estrat\u00e8gica, lideratge, integritat i capacitat de millora cont\u00ednua, i tamb\u00e9 per la demostraci\u00f3 de claredat de visi\u00f3, seny i motivaci\u00f3 per transformar organitzacions. A m\u00e9s, Naturgy ha estat reconeguda aquest mateix any com a millor companyia energ\u00e8tica atenent la seva transformaci\u00f3 cultural i de negoci. Addicionalment, la prestigiosa revista\u00a0<em>Forbes Espa\u00f1a<\/em>\u00a0ha reconegut la feina de\u00a0<strong>Francisco Reyn\u00e9s Massanet\u00a0<\/strong>a Naturgy i l\u2019ha nomenat BEST CEO 2020.<\/p>\t\t\t\t\t\t\t\t<\/div>\n\t\t\t\t<\/div>\n\t\t\t\t\t<\/div>\n\t\t\t\t<\/div>\n\t\t<div class=\"elementor-element elementor-element-b2bd39d e-flex e-con-boxed e-con e-parent\" data-id=\"b2bd39d\" data-element_type=\"container\">\n\t\t\t\t\t<div class=\"e-con-inner\">\n\t\t\t\t<div class=\"elementor-element elementor-element-85e06b6 elementor-widget elementor-widget-spacer\" data-id=\"85e06b6\" data-element_type=\"widget\" data-widget_type=\"spacer.default\">\n\t\t\t\t<div class=\"elementor-widget-container\">\n\t\t\t\t\t\t\t<div class=\"elementor-spacer\">\n\t\t\t<div class=\"elementor-spacer-inner\"><\/div>\n\t\t<\/div>\n\t\t\t\t\t\t<\/div>\n\t\t\t\t<\/div>\n\t\t\t\t\t<\/div>\n\t\t\t\t<\/div>\n\t\t<div class=\"elementor-element elementor-element-af30a36 e-flex e-con-boxed e-con e-parent\" data-id=\"af30a36\" data-element_type=\"container\">\n\t\t\t\t\t<div class=\"e-con-inner\">\n\t\t\t\t<div class=\"elementor-element elementor-element-a6cbef2 elementor-widget elementor-widget-image\" data-id=\"a6cbef2\" data-element_type=\"widget\" data-widget_type=\"image.default\">\n\t\t\t\t<div class=\"elementor-widget-container\">\n\t\t\t\t\t\t\t\t\t\t\t\t\t\t\t<img decoding=\"async\" width=\"1150\" height=\"575\" src=\"https:\/\/www.naturgy.com\/\/app\/uploads\/2023\/04\/francisco-reynes-massanet.jpg\" class=\"attachment-full size-full wp-image-61314\" alt=\"\" srcset=\"https:\/\/www.naturgy.com\/\/app\/uploads\/2023\/04\/francisco-reynes-massanet.jpg 1150w, https:\/\/www.naturgy.com\/\/app\/uploads\/2023\/04\/francisco-reynes-massanet-300x150.jpg 300w, https:\/\/www.naturgy.com\/\/app\/uploads\/2023\/04\/francisco-reynes-massanet-1024x512.jpg 1024w, https:\/\/www.naturgy.com\/\/app\/uploads\/2023\/04\/francisco-reynes-massanet-768x384.jpg 768w\" sizes=\"(max-width: 1150px) 100vw, 1150px\" \/>\t\t\t\t\t\t\t\t\t\t\t\t\t\t\t<\/div>\n\t\t\t\t<\/div>\n\t\t\t\t\t<\/div>\n\t\t\t\t<\/div>\n\t\t<div class=\"elementor-element elementor-element-6aff40c e-flex e-con-boxed e-con e-parent\" data-id=\"6aff40c\" data-element_type=\"container\">\n\t\t\t\t\t<div class=\"e-con-inner\">\n\t\t\t\t<div class=\"elementor-element elementor-element-e720dca elementor-widget elementor-widget-spacer\" data-id=\"e720dca\" data-element_type=\"widget\" data-widget_type=\"spacer.default\">\n\t\t\t\t<div class=\"elementor-widget-container\">\n\t\t\t\t\t\t\t<div class=\"elementor-spacer\">\n\t\t\t<div class=\"elementor-spacer-inner\"><\/div>\n\t\t<\/div>\n\t\t\t\t\t\t<\/div>\n\t\t\t\t<\/div>\n\t\t\t\t\t<\/div>\n\t\t\t\t<\/div>\n\t\t\t\t<\/div>\n\t\t","protected":false},"excerpt":{"rendered":"<p>Francisco Reyn\u00e9s Massanet\u00a0\u00e9s l\u2019actual president i conseller delegat de Naturgy des del febrer de 2018. Va n\u00e9ixer el 1963, \u00e9s natural de Palma de Mallorca, est\u00e0 casat i t\u00e9 5 fills. \u00c9s enginyer industrial, especialitat mec\u00e0nica, per la Universitat Polit\u00e8cnica de Barcelona, i MBA per l&#8217;IESE. Abans era vicepresident i conseller delegat d\u2019Abertis Infraestructuras, on [&hellip;]<\/p>\n","protected":false},"author":5,"featured_media":0,"parent":40226,"menu_order":1,"comment_status":"closed","ping_status":"closed","template":"","meta":{"_acf_changed":false,"footnotes":""},"class_list":["post-41474","page","type-page","status-publish","hentry"],"acf":[],"_links":{"self":[{"href":"https:\/\/www.naturgy.com\/ca\/wp-json\/wp\/v2\/pages\/41474","targetHints":{"allow":["GET"]}}],"collection":[{"href":"https:\/\/www.naturgy.com\/ca\/wp-json\/wp\/v2\/pages"}],"about":[{"href":"https:\/\/www.naturgy.com\/ca\/wp-json\/wp\/v2\/types\/page"}],"author":[{"embeddable":true,"href":"https:\/\/www.naturgy.com\/ca\/wp-json\/wp\/v2\/users\/5"}],"replies":[{"embeddable":true,"href":"https:\/\/www.naturgy.com\/ca\/wp-json\/wp\/v2\/comments?post=41474"}],"version-history":[{"count":14,"href":"https:\/\/www.naturgy.com\/ca\/wp-json\/wp\/v2\/pages\/41474\/revisions"}],"predecessor-version":[{"id":124636,"href":"https:\/\/www.naturgy.com\/ca\/wp-json\/wp\/v2\/pages\/41474\/revisions\/124636"}],"up":[{"embeddable":true,"href":"https:\/\/www.naturgy.com\/ca\/wp-json\/wp\/v2\/pages\/40226"}],"wp:attachment":[{"href":"https:\/\/www.naturgy.com\/ca\/wp-json\/wp\/v2\/media?parent=41474"}],"curies":[{"name":"wp","href":"https:\/\/api.w.org\/{rel}","templated":true}]}}