{"id":41639,"date":"2023-01-20T15:25:46","date_gmt":"2023-01-20T14:25:46","guid":{"rendered":"https:\/\/www.naturgy.com\/sostenibilitat\/responsabilitat-corporativa\/colaboraciones-y-adhesiones\/"},"modified":"2025-03-11T17:43:53","modified_gmt":"2025-03-11T16:43:53","slug":"col%c2%b7laboracions-i-adhesions","status":"publish","type":"page","link":"https:\/\/www.naturgy.com\/ca\/sostenibilitat\/responsabilitat-corporativa\/col%c2%b7laboracions-i-adhesions\/","title":{"rendered":"Col\u00b7laboracions i adhesions"},"content":{"rendered":"\t\t<div data-elementor-type=\"wp-page\" data-elementor-id=\"41639\" class=\"elementor elementor-41639 elementor-12488\" data-elementor-post-type=\"page\">\n\t\t\t\t<div class=\"elementor-element elementor-element-1ab2dec e-flex e-con-boxed e-con e-parent\" data-id=\"1ab2dec\" data-element_type=\"container\">\n\t\t\t\t\t<div class=\"e-con-inner\">\n\t\t<div class=\"elementor-element elementor-element-6b52ffb3 e-con-full e-flex e-con e-child\" data-id=\"6b52ffb3\" data-element_type=\"container\">\n\t\t\t\t<div class=\"elementor-element elementor-element-14f344b9 elementor-widget elementor-widget-shortcode\" data-id=\"14f344b9\" data-element_type=\"widget\" data-widget_type=\"shortcode.default\">\n\t\t\t\t<div class=\"elementor-widget-container\">\n\t\t\t\t\t\t\t<div class=\"elementor-shortcode\"><nav aria-label=\"breadcrumbs\" class=\"rank-math-breadcrumb\"><p><span class=\"last\">Inici<\/span><\/p><\/nav><\/div>\n\t\t\t\t\t\t<\/div>\n\t\t\t\t<\/div>\n\t\t\t\t<div class=\"elementor-element elementor-element-70b4ed5f elementor-widget elementor-widget-heading\" data-id=\"70b4ed5f\" data-element_type=\"widget\" data-widget_type=\"heading.default\">\n\t\t\t\t<div class=\"elementor-widget-container\">\n\t\t\t\t\t<h1 class=\"elementor-heading-title elementor-size-default\">Col\u00b7laboracions i adhesions<\/h1>\t\t\t\t<\/div>\n\t\t\t\t<\/div>\n\t\t\t\t<\/div>\n\t\t<div class=\"elementor-element elementor-element-1ffd68d e-con-full e-flex e-con e-child\" data-id=\"1ffd68d\" data-element_type=\"container\">\n\t\t\t\t<div class=\"elementor-element elementor-element-4ae678c0 elementor-widget elementor-widget-spacer\" data-id=\"4ae678c0\" data-element_type=\"widget\" data-widget_type=\"spacer.default\">\n\t\t\t\t<div class=\"elementor-widget-container\">\n\t\t\t\t\t\t\t<div class=\"elementor-spacer\">\n\t\t\t<div class=\"elementor-spacer-inner\"><\/div>\n\t\t<\/div>\n\t\t\t\t\t\t<\/div>\n\t\t\t\t<\/div>\n\t\t\t\t<\/div>\n\t\t\t\t\t<\/div>\n\t\t\t\t<\/div>\n\t\t<div class=\"elementor-element elementor-element-b1cc1c0 e-flex e-con-boxed e-con e-parent\" data-id=\"b1cc1c0\" data-element_type=\"container\">\n\t\t\t\t\t<div class=\"e-con-inner\">\n\t\t<div class=\"elementor-element elementor-element-fa76705 e-flex e-con-boxed e-con e-child\" data-id=\"fa76705\" data-element_type=\"container\">\n\t\t\t\t\t<div class=\"e-con-inner\">\n\t\t<div class=\"elementor-element elementor-element-8f63f58 e-con-full e-flex e-con e-child\" data-id=\"8f63f58\" data-element_type=\"container\">\n\t\t\t\t<div class=\"elementor-element elementor-element-b7fa1f8 elementor-widget elementor-widget-text-editor\" data-id=\"b7fa1f8\" data-element_type=\"widget\" data-widget_type=\"text-editor.default\">\n\t\t\t\t<div class=\"elementor-widget-container\">\n\t\t\t\t\t\t\t\t\t<p>Des de fa anys, disposem d\u2019un Sistema integrat de gesti\u00f3 (SIG) de qualitat, medi ambient, seguretat i salut, certificat segons els requisits de les normes ISO 9001, ISO 14001 i ISO 45001, que cada any \u00e9s auditat externament. Aquestes auditories les fa AENOR i T\u00dcV Rheinland per a tots els negocis.<\/p><p>A m\u00e9s a m\u00e9s, l\u2019activitat de serveis energ\u00e8tics inclosa en la comercialitzaci\u00f3 de gas natural i electricitat a Espanya est\u00e0 certificada segons la norma ISO 50001 de sistemes de gesti\u00f3 de l\u2019energia.<\/p>\t\t\t\t\t\t\t\t<\/div>\n\t\t\t\t<\/div>\n\t\t\t\t<\/div>\n\t\t\t\t\t<\/div>\n\t\t\t\t<\/div>\n\t\t<div class=\"elementor-element elementor-element-383f320 e-flex e-con-boxed e-con e-child\" data-id=\"383f320\" data-element_type=\"container\">\n\t\t\t\t\t<div class=\"e-con-inner\">\n\t\t\t\t<div class=\"elementor-element elementor-element-d612b2b elementor-widget elementor-widget-image\" data-id=\"d612b2b\" data-element_type=\"widget\" data-widget_type=\"image.default\">\n\t\t\t\t<div class=\"elementor-widget-container\">\n\t\t\t\t\t\t\t\t\t\t\t\t\t\t\t<img fetchpriority=\"high\" decoding=\"async\" width=\"560\" height=\"408\" src=\"https:\/\/stproportalcorporativo.blob.core.windows.net\/uploads\/2023\/04\/Ilustracion_colaboraciones.png\" class=\"attachment-large size-large wp-image-66016\" alt=\"\" srcset=\"https:\/\/stproportalcorporativo.blob.core.windows.net\/uploads\/2023\/04\/Ilustracion_colaboraciones.png 560w, https:\/\/stproportalcorporativo.blob.core.windows.net\/uploads\/2023\/04\/Ilustracion_colaboraciones-300x219.png 300w\" sizes=\"(max-width: 560px) 100vw, 560px\" \/>\t\t\t\t\t\t\t\t\t\t\t\t\t\t\t<\/div>\n\t\t\t\t<\/div>\n\t\t\t\t\t<\/div>\n\t\t\t\t<\/div>\n\t\t\t\t\t<\/div>\n\t\t\t\t<\/div>\n\t\t<div class=\"elementor-element elementor-element-96a7a64 e-con-full e-flex e-con e-parent\" data-id=\"96a7a64\" data-element_type=\"container\">\n\t\t\t\t<div class=\"elementor-element elementor-element-ed60363 elementor-widget elementor-widget-spacer\" data-id=\"ed60363\" data-element_type=\"widget\" data-widget_type=\"spacer.default\">\n\t\t\t\t<div class=\"elementor-widget-container\">\n\t\t\t\t\t\t\t<div class=\"elementor-spacer\">\n\t\t\t<div class=\"elementor-spacer-inner\"><\/div>\n\t\t<\/div>\n\t\t\t\t\t\t<\/div>\n\t\t\t\t<\/div>\n\t\t\t\t<\/div>\n\t\t<div class=\"elementor-element elementor-element-d122c29 e-flex e-con-boxed e-con e-parent\" data-id=\"d122c29\" data-element_type=\"container\" data-settings=\"{&quot;background_background&quot;:&quot;classic&quot;}\">\n\t\t\t\t\t<div class=\"e-con-inner\">\n\t\t\t\t<div class=\"elementor-element elementor-element-21a5690 elementor-widget elementor-widget-heading\" data-id=\"21a5690\" data-element_type=\"widget\" data-widget_type=\"heading.default\">\n\t\t\t\t<div class=\"elementor-widget-container\">\n\t\t\t\t\t<h2 class=\"elementor-heading-title elementor-size-default\">Participem en organismes sectorials i d\u2019\u00edndole sostenible<\/h2>\t\t\t\t<\/div>\n\t\t\t\t<\/div>\n\t\t\t\t\t<\/div>\n\t\t\t\t<\/div>\n\t\t<div class=\"elementor-element elementor-element-14c5cac e-flex e-con-boxed e-con e-parent\" data-id=\"14c5cac\" data-element_type=\"container\" data-settings=\"{&quot;background_background&quot;:&quot;classic&quot;}\">\n\t\t\t\t\t<div class=\"e-con-inner\">\n\t\t\t\t<div class=\"elementor-element elementor-element-4ae9261 elementor-widget elementor-widget-shortcode\" data-id=\"4ae9261\" data-element_type=\"widget\" data-widget_type=\"shortcode.default\">\n\t\t\t\t<div class=\"elementor-widget-container\">\n\t\t\t\t\t\t\t<div class=\"elementor-shortcode\">                <div class=\"carrusel-card generic\" data-carrusel=\"card\">\n                    <div class=\"swiper\">\n                        <div class=\"swiper-wrapper\">\n                                                            <div class=\"swiper-slide\">\n                                    <div class=\"card\">\n                                                                                    <div class=\"card-image\">\n                                                <img decoding=\"async\" src=\"https:\/\/www.naturgy.com\/\/app\/uploads\/2023\/02\/foretica.png\">\n                                            <\/div>\n                                                                                                                            <div class=\"card-title\">\n                                                For\u00e9tica, organisme de sostenibilitat                                            <\/div>\n                                                                                                                            <div class=\"card-description\">\n                                                Pertanyem a aquesta associaci\u00f3 l\u00edder a Espanya i Llatinoam\u00e8rica que busca la integraci\u00f3 dels aspectes socials, ambientals i de bon govern en l\u2019estrat\u00e8gia i la gesti\u00f3 de les empreses.                                            <\/div>\n                                                                                                                                                                    <div class=\"card-button\">\n                                                <a class=\"button\" href=\"https:\/\/foretica.org\/\" target=\"_self\" rel=\"noopener\">Saber m\u00e9s<\/a>\n                                            <\/div>\n                                                                            <\/div>\n                                <\/div>\n                                                            <div class=\"swiper-slide\">\n                                    <div class=\"card\">\n                                                                                    <div class=\"card-image\">\n                                                <img decoding=\"async\" src=\"https:\/\/www.naturgy.com\/\/app\/uploads\/2023\/02\/Pacto_mundial_Red_Espanola.png\">\n                                            <\/div>\n                                                                                                                            <div class=\"card-title\">\n                                                Pacte global de les Nacions Unides                                            <\/div>\n                                                                                                                            <div class=\"card-description\">\n                                                Informem de l\u2019adhesi\u00f3 i el progr\u00e9s dels deu principis sobre drets humans, laborals, millora ambiental i lluita contra la corrupci\u00f3 del Pacte en la companyia.                                            <\/div>\n                                                                                                                                                                    <div class=\"card-button\">\n                                                <a class=\"button\" href=\"https:\/\/unglobalcompact.org\/\" target=\"_self\" rel=\"noopener\">Saber m\u00e9s<\/a>\n                                            <\/div>\n                                                                            <\/div>\n                                <\/div>\n                                                            <div class=\"swiper-slide\">\n                                    <div class=\"card\">\n                                                                                    <div class=\"card-image\">\n                                                <img decoding=\"async\" src=\"https:\/\/www.naturgy.com\/\/app\/uploads\/2023\/02\/funseam_logo_260.png\">\n                                            <\/div>\n                                                                                                                            <div class=\"card-title\">\n                                                Funseam                                            <\/div>\n                                                                                                                            <div class=\"card-description\">\n                                                La nostra companyia forma part del patronat de la Fundaci\u00f3 sent part activa en els seus m\u00e0xims \u00f2rgans de govern, el propi Patronat i la Comissi\u00f3 executiva.                                            <\/div>\n                                                                                                                                                                    <div class=\"card-button\">\n                                                <a class=\"button\" href=\"https:\/\/funseam.com\/\" target=\"_self\" rel=\"noopener\">Saber m\u00e9s<\/a>\n                                            <\/div>\n                                                                            <\/div>\n                                <\/div>\n                                                            <div class=\"swiper-slide\">\n                                    <div class=\"card\">\n                                                                                    <div class=\"card-image\">\n                                                <img decoding=\"async\" src=\"https:\/\/www.naturgy.com\/\/app\/uploads\/2023\/02\/logo_elcano_280.png\">\n                                            <\/div>\n                                                                                                                            <div class=\"card-title\">\n                                                Real instituto Elcano                                            <\/div>\n                                                                                                                            <div class=\"card-description\">\n                                                La nostra companyia forma part del patronat de la Fundaci\u00f3 sent part activa en els seus m\u00e0xims \u00f2rgans de govern, el propi Patronat i la Comissi\u00f3 executiva. Addicionalment participa en diversos grups de treball del Real Institut Elcano.                                            <\/div>\n                                                                                                                                                                    <div class=\"card-button\">\n                                                <a class=\"button\" href=\"https:\/\/www.realinstitutoelcano.org\/\" target=\"_self\" rel=\"noopener\">Saber m\u00e9s<\/a>\n                                            <\/div>\n                                                                            <\/div>\n                                <\/div>\n                                                            <div class=\"swiper-slide\">\n                                    <div class=\"card\">\n                                                                                    <div class=\"card-image\">\n                                                <img decoding=\"async\" src=\"https:\/\/www.naturgy.com\/\/app\/uploads\/2023\/02\/fundacion_biodiversidad.png\">\n                                            <\/div>\n                                                                                                                            <div class=\"card-title\">\n                                                Nou Pacte per la Biodiversitat i el Capital Natural                                            <\/div>\n                                                                                                                            <div class=\"card-description\">\n                                                El maig del 2023 vam subscriure el nou Pacte per la Biodiversitat i el Capital Natural, posat en marxa pel Ministeri per a la Transici\u00f3 Ecol\u00f2gica i el Repte Demogr\u00e0fic, assumint el m\u00e0xim nivell d\u2019ambici\u00f3.                                            <\/div>\n                                                                                                                                                                    <div class=\"card-button\">\n                                                <a class=\"button\" href=\"https:\/\/fundacion-biodiversidad.es\/\" target=\"_self\" rel=\"noopener\">Saber m\u00e9s<\/a>\n                                            <\/div>\n                                                                            <\/div>\n                                <\/div>\n                                                    <\/div>\n                    <\/div>\n                    <div class=\"swiper-pagination\"><\/div>\n                    <button class=\"swiper-button swiper-button-prev\"><\/button>\n                    <button class=\"swiper-button swiper-button-next\"><\/button>\n                <\/div>\n                            <\/div>\n\t\t\t\t\t\t<\/div>\n\t\t\t\t<\/div>\n\t\t\t\t\t<\/div>\n\t\t\t\t<\/div>\n\t\t<div class=\"elementor-element elementor-element-90f01f3 e-flex e-con-boxed e-con e-parent\" data-id=\"90f01f3\" data-element_type=\"container\">\n\t\t\t\t\t<div class=\"e-con-inner\">\n\t\t\t\t<div class=\"elementor-element elementor-element-1b58db9 elementor-widget elementor-widget-text-editor\" data-id=\"1b58db9\" data-element_type=\"widget\" data-widget_type=\"text-editor.default\">\n\t\t\t\t<div class=\"elementor-widget-container\">\n\t\t\t\t\t\t\t\t\t<p><strong>Formem part dels \u00f2rgans de govern de:<\/strong><\/p>\t\t\t\t\t\t\t\t<\/div>\n\t\t\t\t<\/div>\n\t\t\t\t\t<\/div>\n\t\t\t\t<\/div>\n\t\t<div class=\"elementor-element elementor-element-2376b5a e-con-full e-flex e-con e-parent\" data-id=\"2376b5a\" data-element_type=\"container\">\n\t\t\t\t<div class=\"elementor-element elementor-element-b30214f elementor-widget elementor-widget-spacer\" data-id=\"b30214f\" data-element_type=\"widget\" data-widget_type=\"spacer.default\">\n\t\t\t\t<div class=\"elementor-widget-container\">\n\t\t\t\t\t\t\t<div class=\"elementor-spacer\">\n\t\t\t<div class=\"elementor-spacer-inner\"><\/div>\n\t\t<\/div>\n\t\t\t\t\t\t<\/div>\n\t\t\t\t<\/div>\n\t\t\t\t<\/div>\n\t\t<div class=\"elementor-element elementor-element-d838bee grid col-3 e-flex e-con-boxed e-con e-parent\" data-id=\"d838bee\" data-element_type=\"container\" data-settings=\"{&quot;background_background&quot;:&quot;classic&quot;}\">\n\t\t\t\t\t<div class=\"e-con-inner\">\n\t\t<div class=\"elementor-element elementor-element-1ddbc9b e-con-full e-flex e-con e-child\" data-id=\"1ddbc9b\" data-element_type=\"container\">\n\t\t\t\t<div class=\"elementor-element elementor-element-9648aea elementor-widget elementor-widget-image\" data-id=\"9648aea\" data-element_type=\"widget\" data-widget_type=\"image.default\">\n\t\t\t\t<div class=\"elementor-widget-container\">\n\t\t\t\t\t\t\t\t\t\t\t\t\t\t\t<img decoding=\"async\" width=\"730\" height=\"488\" src=\"https:\/\/stproportalcorporativo.blob.core.windows.net\/uploads\/2023\/04\/logo_sedigas-640f18d40568b.png\" class=\"attachment-large size-large wp-image-66020\" alt=\"\" srcset=\"https:\/\/stproportalcorporativo.blob.core.windows.net\/uploads\/2023\/04\/logo_sedigas-640f18d40568b.png 730w, https:\/\/stproportalcorporativo.blob.core.windows.net\/uploads\/2023\/04\/logo_sedigas-640f18d40568b-300x201.png 300w\" sizes=\"(max-width: 730px) 100vw, 730px\" \/>\t\t\t\t\t\t\t\t\t\t\t\t\t\t\t<\/div>\n\t\t\t\t<\/div>\n\t\t\t\t<div class=\"elementor-element elementor-element-be7f4e6 elementor-align-center elementor-widget elementor-widget-button\" data-id=\"be7f4e6\" data-element_type=\"widget\" data-widget_type=\"button.default\">\n\t\t\t\t<div class=\"elementor-widget-container\">\n\t\t\t\t\t\t\t\t\t<div class=\"elementor-button-wrapper\">\n\t\t\t\t\t<a class=\"elementor-button elementor-button-link elementor-size-sm\" href=\"https:\/\/www.sedigas.es\/\" target=\"_blank\" rel=\"noopener\">\n\t\t\t\t\t\t<span class=\"elementor-button-content-wrapper\">\n\t\t\t\t\t\t\t\t\t<span class=\"elementor-button-text\">Per saber-ne m\u00e9s<\/span>\n\t\t\t\t\t<\/span>\n\t\t\t\t\t<\/a>\n\t\t\t\t<\/div>\n\t\t\t\t\t\t\t\t<\/div>\n\t\t\t\t<\/div>\n\t\t\t\t<\/div>\n\t\t<div class=\"elementor-element elementor-element-6054f49 e-con-full e-flex e-con e-child\" data-id=\"6054f49\" data-element_type=\"container\">\n\t\t\t\t<div class=\"elementor-element elementor-element-cd851a2 elementor-widget elementor-widget-image\" data-id=\"cd851a2\" data-element_type=\"widget\" data-widget_type=\"image.default\">\n\t\t\t\t<div class=\"elementor-widget-container\">\n\t\t\t\t\t\t\t\t\t\t\t\t\t\t\t<img decoding=\"async\" width=\"730\" height=\"488\" src=\"https:\/\/stproportalcorporativo.blob.core.windows.net\/uploads\/2023\/04\/logo_club-espanol-de-la-energia.png\" class=\"attachment-large size-large wp-image-66024\" alt=\"\" srcset=\"https:\/\/stproportalcorporativo.blob.core.windows.net\/uploads\/2023\/04\/logo_club-espanol-de-la-energia.png 730w, https:\/\/stproportalcorporativo.blob.core.windows.net\/uploads\/2023\/04\/logo_club-espanol-de-la-energia-300x201.png 300w\" sizes=\"(max-width: 730px) 100vw, 730px\" \/>\t\t\t\t\t\t\t\t\t\t\t\t\t\t\t<\/div>\n\t\t\t\t<\/div>\n\t\t\t\t<div class=\"elementor-element elementor-element-61a28f9 elementor-align-center elementor-widget elementor-widget-button\" data-id=\"61a28f9\" data-element_type=\"widget\" data-widget_type=\"button.default\">\n\t\t\t\t<div class=\"elementor-widget-container\">\n\t\t\t\t\t\t\t\t\t<div class=\"elementor-button-wrapper\">\n\t\t\t\t\t<a class=\"elementor-button elementor-button-link elementor-size-sm\" href=\"http:\/\/www.enerclub.es\/\" target=\"_blank\" rel=\"noopener\">\n\t\t\t\t\t\t<span class=\"elementor-button-content-wrapper\">\n\t\t\t\t\t\t\t\t\t<span class=\"elementor-button-text\">Per saber-ne m\u00e9s<\/span>\n\t\t\t\t\t<\/span>\n\t\t\t\t\t<\/a>\n\t\t\t\t<\/div>\n\t\t\t\t\t\t\t\t<\/div>\n\t\t\t\t<\/div>\n\t\t\t\t<\/div>\n\t\t<div class=\"elementor-element elementor-element-1b5fc76 e-con-full elementor-hidden-desktop elementor-hidden-tablet elementor-hidden-mobile e-flex e-con e-child\" data-id=\"1b5fc76\" data-element_type=\"container\">\n\t\t\t\t<div class=\"elementor-element elementor-element-b05f5e1 elementor-widget elementor-widget-image\" data-id=\"b05f5e1\" data-element_type=\"widget\" data-widget_type=\"image.default\">\n\t\t\t\t<div class=\"elementor-widget-container\">\n\t\t\t\t\t\t\t\t\t\t\t\t\t\t\t<img loading=\"lazy\" decoding=\"async\" width=\"730\" height=\"488\" src=\"https:\/\/stproportalcorporativo.blob.core.windows.net\/uploads\/2023\/04\/logo_ICC.png\" class=\"attachment-large size-large wp-image-66028\" alt=\"\" srcset=\"https:\/\/stproportalcorporativo.blob.core.windows.net\/uploads\/2023\/04\/logo_ICC.png 730w, https:\/\/stproportalcorporativo.blob.core.windows.net\/uploads\/2023\/04\/logo_ICC-300x201.png 300w\" sizes=\"(max-width: 730px) 100vw, 730px\" \/>\t\t\t\t\t\t\t\t\t\t\t\t\t\t\t<\/div>\n\t\t\t\t<\/div>\n\t\t\t\t<div class=\"elementor-element elementor-element-e80ad65 elementor-align-center elementor-widget elementor-widget-button\" data-id=\"e80ad65\" data-element_type=\"widget\" data-widget_type=\"button.default\">\n\t\t\t\t<div class=\"elementor-widget-container\">\n\t\t\t\t\t\t\t\t\t<div class=\"elementor-button-wrapper\">\n\t\t\t\t\t<a class=\"elementor-button elementor-button-link elementor-size-sm\" href=\"https:\/\/iccwbo.org\/\" target=\"_blank\" rel=\"noopener\">\n\t\t\t\t\t\t<span class=\"elementor-button-content-wrapper\">\n\t\t\t\t\t\t\t\t\t<span class=\"elementor-button-text\">Per saber-ne m\u00e9s<\/span>\n\t\t\t\t\t<\/span>\n\t\t\t\t\t<\/a>\n\t\t\t\t<\/div>\n\t\t\t\t\t\t\t\t<\/div>\n\t\t\t\t<\/div>\n\t\t\t\t<\/div>\n\t\t\t\t\t<\/div>\n\t\t\t\t<\/div>\n\t\t<div class=\"elementor-element elementor-element-17b2c9a e-con-full e-flex e-con e-parent\" data-id=\"17b2c9a\" data-element_type=\"container\">\n\t\t\t\t<div class=\"elementor-element elementor-element-9bfbe54 elementor-widget elementor-widget-spacer\" data-id=\"9bfbe54\" data-element_type=\"widget\" data-widget_type=\"spacer.default\">\n\t\t\t\t<div class=\"elementor-widget-container\">\n\t\t\t\t\t\t\t<div class=\"elementor-spacer\">\n\t\t\t<div class=\"elementor-spacer-inner\"><\/div>\n\t\t<\/div>\n\t\t\t\t\t\t<\/div>\n\t\t\t\t<\/div>\n\t\t\t\t<\/div>\n\t\t\t\t<\/div>\n\t\t","protected":false},"excerpt":{"rendered":"<p>Des de fa anys, disposem d\u2019un Sistema integrat de gesti\u00f3 (SIG) de qualitat, medi ambient, seguretat i salut, certificat segons els requisits de les normes ISO 9001, ISO 14001 i ISO 45001, que cada any \u00e9s auditat externament. Aquestes auditories les fa AENOR i T\u00dcV Rheinland per a tots els negocis. A m\u00e9s a m\u00e9s, [&hellip;]<\/p>\n","protected":false},"author":5,"featured_media":0,"parent":39948,"menu_order":3,"comment_status":"closed","ping_status":"closed","template":"","meta":{"_acf_changed":false,"footnotes":""},"class_list":["post-41639","page","type-page","status-publish","hentry"],"acf":[],"_links":{"self":[{"href":"https:\/\/www.naturgy.com\/ca\/wp-json\/wp\/v2\/pages\/41639","targetHints":{"allow":["GET"]}}],"collection":[{"href":"https:\/\/www.naturgy.com\/ca\/wp-json\/wp\/v2\/pages"}],"about":[{"href":"https:\/\/www.naturgy.com\/ca\/wp-json\/wp\/v2\/types\/page"}],"author":[{"embeddable":true,"href":"https:\/\/www.naturgy.com\/ca\/wp-json\/wp\/v2\/users\/5"}],"replies":[{"embeddable":true,"href":"https:\/\/www.naturgy.com\/ca\/wp-json\/wp\/v2\/comments?post=41639"}],"version-history":[{"count":13,"href":"https:\/\/www.naturgy.com\/ca\/wp-json\/wp\/v2\/pages\/41639\/revisions"}],"predecessor-version":[{"id":120720,"href":"https:\/\/www.naturgy.com\/ca\/wp-json\/wp\/v2\/pages\/41639\/revisions\/120720"}],"up":[{"embeddable":true,"href":"https:\/\/www.naturgy.com\/ca\/wp-json\/wp\/v2\/pages\/39948"}],"wp:attachment":[{"href":"https:\/\/www.naturgy.com\/ca\/wp-json\/wp\/v2\/media?parent=41639"}],"curies":[{"name":"wp","href":"https:\/\/api.w.org\/{rel}","templated":true}]}}