{"id":41641,"date":"2023-01-20T15:25:28","date_gmt":"2023-01-20T14:25:28","guid":{"rendered":"https:\/\/www.naturgy.com\/sostenibilitat\/responsabilitat-corporativa\/certificaciones\/"},"modified":"2026-03-04T16:16:35","modified_gmt":"2026-03-04T15:16:35","slug":"certificacions","status":"publish","type":"page","link":"https:\/\/www.naturgy.com\/ca\/sostenibilitat\/responsabilitat-corporativa\/certificacions\/","title":{"rendered":"Certificacions"},"content":{"rendered":"\t\t<div data-elementor-type=\"wp-page\" data-elementor-id=\"41641\" class=\"elementor elementor-41641 elementor-12489\" data-elementor-post-type=\"page\">\n\t\t\t\t<div class=\"elementor-element elementor-element-53f701f e-flex e-con-boxed e-con e-parent\" data-id=\"53f701f\" data-element_type=\"container\">\n\t\t\t\t\t<div class=\"e-con-inner\">\n\t\t<div class=\"elementor-element elementor-element-6388d4fc e-con-full e-flex e-con e-child\" data-id=\"6388d4fc\" data-element_type=\"container\">\n\t\t\t\t<div class=\"elementor-element elementor-element-24c895c6 elementor-widget elementor-widget-shortcode\" data-id=\"24c895c6\" data-element_type=\"widget\" data-widget_type=\"shortcode.default\">\n\t\t\t\t<div class=\"elementor-widget-container\">\n\t\t\t\t\t\t\t<div class=\"elementor-shortcode\"><nav aria-label=\"breadcrumbs\" class=\"rank-math-breadcrumb\"><p><span class=\"last\">Inici<\/span><\/p><\/nav><\/div>\n\t\t\t\t\t\t<\/div>\n\t\t\t\t<\/div>\n\t\t\t\t<div class=\"elementor-element elementor-element-2048e998 elementor-widget elementor-widget-heading\" data-id=\"2048e998\" data-element_type=\"widget\" data-widget_type=\"heading.default\">\n\t\t\t\t<div class=\"elementor-widget-container\">\n\t\t\t\t\t<h1 class=\"elementor-heading-title elementor-size-default\">Certificacions<\/h1>\t\t\t\t<\/div>\n\t\t\t\t<\/div>\n\t\t\t\t<\/div>\n\t\t<div class=\"elementor-element elementor-element-aaf8f4e e-con-full e-flex e-con e-child\" data-id=\"aaf8f4e\" data-element_type=\"container\">\n\t\t\t\t<div class=\"elementor-element elementor-element-7a12dd07 elementor-widget elementor-widget-spacer\" data-id=\"7a12dd07\" data-element_type=\"widget\" data-widget_type=\"spacer.default\">\n\t\t\t\t<div class=\"elementor-widget-container\">\n\t\t\t\t\t\t\t<div class=\"elementor-spacer\">\n\t\t\t<div class=\"elementor-spacer-inner\"><\/div>\n\t\t<\/div>\n\t\t\t\t\t\t<\/div>\n\t\t\t\t<\/div>\n\t\t\t\t<div class=\"elementor-element elementor-element-499bb2fc elementor-widget elementor-widget-image\" data-id=\"499bb2fc\" data-element_type=\"widget\" data-widget_type=\"image.default\">\n\t\t\t\t<div class=\"elementor-widget-container\">\n\t\t\t\t\t\t\t\t\t\t\t\t\t\t\t<img fetchpriority=\"high\" decoding=\"async\" width=\"1140\" height=\"400\" src=\"https:\/\/www.naturgy.com\/\/app\/uploads\/2023\/02\/Banner_certificaciones.png\" class=\"attachment-full size-full wp-image-22718\" alt=\"\" srcset=\"https:\/\/www.naturgy.com\/\/app\/uploads\/2023\/02\/Banner_certificaciones.png 1140w, https:\/\/www.naturgy.com\/\/app\/uploads\/2023\/02\/Banner_certificaciones-300x105.png 300w, https:\/\/www.naturgy.com\/\/app\/uploads\/2023\/02\/Banner_certificaciones-1024x359.png 1024w, https:\/\/www.naturgy.com\/\/app\/uploads\/2023\/02\/Banner_certificaciones-768x269.png 768w\" sizes=\"(max-width: 1140px) 100vw, 1140px\" \/>\t\t\t\t\t\t\t\t\t\t\t\t\t\t\t<\/div>\n\t\t\t\t<\/div>\n\t\t\t\t<\/div>\n\t\t<div class=\"elementor-element elementor-element-6c4b28c3 e-con-full e-flex e-con e-child\" data-id=\"6c4b28c3\" data-element_type=\"container\">\n\t\t\t\t<div class=\"elementor-element elementor-element-43aad8eb elementor-widget elementor-widget-spacer\" data-id=\"43aad8eb\" data-element_type=\"widget\" data-widget_type=\"spacer.default\">\n\t\t\t\t<div class=\"elementor-widget-container\">\n\t\t\t\t\t\t\t<div class=\"elementor-spacer\">\n\t\t\t<div class=\"elementor-spacer-inner\"><\/div>\n\t\t<\/div>\n\t\t\t\t\t\t<\/div>\n\t\t\t\t<\/div>\n\t\t\t\t<\/div>\n\t\t\t\t\t<\/div>\n\t\t\t\t<\/div>\n\t\t<div class=\"elementor-element elementor-element-944405c e-flex e-con-boxed e-con e-parent\" data-id=\"944405c\" data-element_type=\"container\">\n\t\t\t\t\t<div class=\"e-con-inner\">\n\t\t\t\t<div class=\"elementor-element elementor-element-209fc85 elementor-widget elementor-widget-heading\" data-id=\"209fc85\" data-element_type=\"widget\" data-widget_type=\"heading.default\">\n\t\t\t\t<div class=\"elementor-widget-container\">\n\t\t\t\t\t<h2 class=\"elementor-heading-title elementor-size-default\">Apostem per la implantaci\u00f3 i certificaci\u00f3 de <b>sistemes integrats de gesti\u00f3<\/b><\/h2>\t\t\t\t<\/div>\n\t\t\t\t<\/div>\n\t\t\t\t<div class=\"elementor-element elementor-element-ff2e129 elementor-widget elementor-widget-text-editor\" data-id=\"ff2e129\" data-element_type=\"widget\" data-widget_type=\"text-editor.default\">\n\t\t\t\t<div class=\"elementor-widget-container\">\n\t\t\t\t\t\t\t\t\t<p>Comptem des de fa anys amb un <strong>sistema integrat de gesti\u00f3 de qualitat, medi ambient, seguretat i salut<\/strong> (SIG), certificat segons els requisits de les normes ISO 9001:2015, ISO 14001:2015 i ISO 45001:2018, que \u00e9s auditat externament tots els anys.\u00a0<\/p>\t\t\t\t\t\t\t\t<\/div>\n\t\t\t\t<\/div>\n\t\t\t\t\t<\/div>\n\t\t\t\t<\/div>\n\t\t<div class=\"elementor-element elementor-element-bd5b7e4 e-con-full e-flex e-con e-parent\" data-id=\"bd5b7e4\" data-element_type=\"container\">\n\t\t\t\t<div class=\"elementor-element elementor-element-c0f83a3 elementor-widget elementor-widget-spacer\" data-id=\"c0f83a3\" data-element_type=\"widget\" data-widget_type=\"spacer.default\">\n\t\t\t\t<div class=\"elementor-widget-container\">\n\t\t\t\t\t\t\t<div class=\"elementor-spacer\">\n\t\t\t<div class=\"elementor-spacer-inner\"><\/div>\n\t\t<\/div>\n\t\t\t\t\t\t<\/div>\n\t\t\t\t<\/div>\n\t\t\t\t<\/div>\n\t\t<div class=\"elementor-element elementor-element-097ef29 grid col-3 e-flex e-con-boxed e-con e-parent\" data-id=\"097ef29\" data-element_type=\"container\">\n\t\t\t\t\t<div class=\"e-con-inner\">\n\t\t<div class=\"elementor-element elementor-element-a068fc5 e-con-full e-flex e-con e-child\" data-id=\"a068fc5\" data-element_type=\"container\">\n\t\t\t\t<div class=\"elementor-element elementor-element-5f833fe elementor-widget elementor-widget-image\" data-id=\"5f833fe\" data-element_type=\"widget\" data-widget_type=\"image.default\">\n\t\t\t\t<div class=\"elementor-widget-container\">\n\t\t\t\t\t\t\t\t\t\t\t\t\t\t\t<img decoding=\"async\" width=\"464\" height=\"308\" src=\"https:\/\/www.naturgy.com\/\/app\/uploads\/2023\/04\/Medio_ambiente-2.jpg\" class=\"attachment-medium_large size-medium_large wp-image-60776\" alt=\"\" srcset=\"https:\/\/www.naturgy.com\/\/app\/uploads\/2023\/04\/Medio_ambiente-2.jpg 464w, https:\/\/www.naturgy.com\/\/app\/uploads\/2023\/04\/Medio_ambiente-2-300x199.jpg 300w\" sizes=\"(max-width: 464px) 100vw, 464px\" \/>\t\t\t\t\t\t\t\t\t\t\t\t\t\t\t<\/div>\n\t\t\t\t<\/div>\n\t\t\t\t<div class=\"elementor-element elementor-element-8c9db0e elementor-widget elementor-widget-heading\" data-id=\"8c9db0e\" data-element_type=\"widget\" data-widget_type=\"heading.default\">\n\t\t\t\t<div class=\"elementor-widget-container\">\n\t\t\t\t\t<h3 class=\"elementor-heading-title elementor-size-default\"><b>Ambientals<\/b><\/h3>\t\t\t\t<\/div>\n\t\t\t\t<\/div>\n\t\t\t\t<div class=\"elementor-element elementor-element-e197906 elementor-widget elementor-widget-heading\" data-id=\"e197906\" data-element_type=\"widget\" data-widget_type=\"heading.default\">\n\t\t\t\t<div class=\"elementor-widget-container\">\n\t\t\t\t\t<div class=\"elementor-heading-title elementor-size-default\">Un dels principis de la nostra Pol\u00edtica global de Medi ambient \u00e9s el de disposar d'un sistema de gesti\u00f3 ambiental auditat externament i certificat, d'acord amb els criteris de la Pol\u00edtica global de el Sistema Integrat de Gesti\u00f3.<\/div>\t\t\t\t<\/div>\n\t\t\t\t<\/div>\n\t\t\t\t<div class=\"elementor-element elementor-element-9dbfd1e has-icon elementor-widget elementor-widget-text-editor\" data-id=\"9dbfd1e\" data-element_type=\"widget\" data-widget_type=\"text-editor.default\">\n\t\t\t\t<div class=\"elementor-widget-container\">\n\t\t\t\t\t\t\t\t\t<p><a href=\"https:\/\/stproportalcorporativo.blob.core.windows.net\/uploads\/2026\/03\/14001-3.00.23029-MC_Main_ES.pdf\" target=\"_blank\" rel=\"noopener\">Certificat del Sistema de Gesti\u00f3 Ambiental<\/a><\/p><p><a href=\"https:\/\/stproportalcorporativo.blob.core.windows.net\/uploads\/2026\/03\/14001-3.00.23029-MC_Annex_ES.pdf\" target=\"_blank\" rel=\"noopener\">Annex del Certificat del Sistema de Gesti\u00f3 Ambiental<\/a><\/p>\t\t\t\t\t\t\t\t<\/div>\n\t\t\t\t<\/div>\n\t\t\t\t<\/div>\n\t\t<div class=\"elementor-element elementor-element-d23e195 e-con-full e-flex e-con e-child\" data-id=\"d23e195\" data-element_type=\"container\">\n\t\t\t\t<div class=\"elementor-element elementor-element-c34f9f1 elementor-widget elementor-widget-image\" data-id=\"c34f9f1\" data-element_type=\"widget\" data-widget_type=\"image.default\">\n\t\t\t\t<div class=\"elementor-widget-container\">\n\t\t\t\t\t\t\t\t\t\t\t\t\t\t\t<img decoding=\"async\" width=\"464\" height=\"308\" src=\"https:\/\/www.naturgy.com\/\/app\/uploads\/2023\/04\/SEGURIDAD_Y_SALUD-2.jpg\" class=\"attachment-large size-large wp-image-60780\" alt=\"\" srcset=\"https:\/\/www.naturgy.com\/\/app\/uploads\/2023\/04\/SEGURIDAD_Y_SALUD-2.jpg 464w, https:\/\/www.naturgy.com\/\/app\/uploads\/2023\/04\/SEGURIDAD_Y_SALUD-2-300x199.jpg 300w\" sizes=\"(max-width: 464px) 100vw, 464px\" \/>\t\t\t\t\t\t\t\t\t\t\t\t\t\t\t<\/div>\n\t\t\t\t<\/div>\n\t\t\t\t<div class=\"elementor-element elementor-element-6f7c98f elementor-widget elementor-widget-heading\" data-id=\"6f7c98f\" data-element_type=\"widget\" data-widget_type=\"heading.default\">\n\t\t\t\t<div class=\"elementor-widget-container\">\n\t\t\t\t\t<h3 class=\"elementor-heading-title elementor-size-default\"><b>Seguretat i salut<\/b><\/h3>\t\t\t\t<\/div>\n\t\t\t\t<\/div>\n\t\t\t\t<div class=\"elementor-element elementor-element-1ea7dd6 elementor-widget elementor-widget-heading\" data-id=\"1ea7dd6\" data-element_type=\"widget\" data-widget_type=\"heading.default\">\n\t\t\t\t<div class=\"elementor-widget-container\">\n\t\t\t\t\t<div class=\"elementor-heading-title elementor-size-default\">Disposem d'un sistema de gesti\u00f3 de seguretat i salut en el treball, auditat i certificat per tercers d'acord amb l'especificaci\u00f3 ISO 45001 i l'abast \u00e9s global incloent tots els negocis i pa\u00efsos.<\/div>\t\t\t\t<\/div>\n\t\t\t\t<\/div>\n\t\t\t\t<div class=\"elementor-element elementor-element-2327c0a has-icon elementor-widget elementor-widget-text-editor\" data-id=\"2327c0a\" data-element_type=\"widget\" data-widget_type=\"text-editor.default\">\n\t\t\t\t<div class=\"elementor-widget-container\">\n\t\t\t\t\t\t\t\t\t<p><a href=\"https:\/\/stproportalcorporativo.blob.core.windows.net\/uploads\/2026\/03\/45001-77-113-230029-MC_Main_ES.pdf\" target=\"_blank\" rel=\"noopener\">Certificat del Sistema de Gesti\u00f3 de Seguretat i Salut en el treball<\/a><\/p><p><a href=\"https:\/\/stproportalcorporativo.blob.core.windows.net\/uploads\/2026\/03\/45001-77-113-230029-MC_Annex_ES.pdf\" target=\"_blank\" rel=\"noopener\">Annex del Certificat del Sistema de Gesti\u00f3 de Seguretat i Salut en el treball<\/a><\/p>\t\t\t\t\t\t\t\t<\/div>\n\t\t\t\t<\/div>\n\t\t\t\t<\/div>\n\t\t<div class=\"elementor-element elementor-element-1ad3c84 e-con-full e-flex e-con e-child\" data-id=\"1ad3c84\" data-element_type=\"container\">\n\t\t\t\t<div class=\"elementor-element elementor-element-02dd9e7 elementor-widget elementor-widget-image\" data-id=\"02dd9e7\" data-element_type=\"widget\" data-widget_type=\"image.default\">\n\t\t\t\t<div class=\"elementor-widget-container\">\n\t\t\t\t\t\t\t\t\t\t\t\t\t\t\t<img loading=\"lazy\" decoding=\"async\" width=\"464\" height=\"308\" src=\"https:\/\/www.naturgy.com\/\/app\/uploads\/2023\/04\/Atencion_al_cliente-2.jpg\" class=\"attachment-medium_large size-medium_large wp-image-60784\" alt=\"\" srcset=\"https:\/\/www.naturgy.com\/\/app\/uploads\/2023\/04\/Atencion_al_cliente-2.jpg 464w, https:\/\/www.naturgy.com\/\/app\/uploads\/2023\/04\/Atencion_al_cliente-2-300x199.jpg 300w\" sizes=\"(max-width: 464px) 100vw, 464px\" \/>\t\t\t\t\t\t\t\t\t\t\t\t\t\t\t<\/div>\n\t\t\t\t<\/div>\n\t\t\t\t<div class=\"elementor-element elementor-element-9e85270 elementor-widget elementor-widget-heading\" data-id=\"9e85270\" data-element_type=\"widget\" data-widget_type=\"heading.default\">\n\t\t\t\t<div class=\"elementor-widget-container\">\n\t\t\t\t\t<h3 class=\"elementor-heading-title elementor-size-default\"><b>Qualitat<\/b><\/h3>\t\t\t\t<\/div>\n\t\t\t\t<\/div>\n\t\t\t\t<div class=\"elementor-element elementor-element-eec078e elementor-widget elementor-widget-heading\" data-id=\"eec078e\" data-element_type=\"widget\" data-widget_type=\"heading.default\">\n\t\t\t\t<div class=\"elementor-widget-container\">\n\t\t\t\t\t<div class=\"elementor-heading-title elementor-size-default\">El nostre sistema de gesti\u00f3 de qualitat inclou l'auditoria del model de servei a el client. <\/div>\t\t\t\t<\/div>\n\t\t\t\t<\/div>\n\t\t\t\t<div class=\"elementor-element elementor-element-71ef260 has-icon elementor-widget elementor-widget-text-editor\" data-id=\"71ef260\" data-element_type=\"widget\" data-widget_type=\"text-editor.default\">\n\t\t\t\t<div class=\"elementor-widget-container\">\n\t\t\t\t\t\t\t\t\t<p><a href=\"https:\/\/stproportalcorporativo.blob.core.windows.net\/uploads\/2026\/03\/9001-0.04.23029-MC_Main_ES.pdf\" target=\"_blank\" rel=\"noopener\">Certificat del Sistema de Gesti\u00f3 de Qualitat<\/a><\/p><p><a href=\"https:\/\/stproportalcorporativo.blob.core.windows.net\/uploads\/2026\/03\/9001-0.04.23029-MC_Annex_ES.pdf\" target=\"_blank\" rel=\"noopener\">Annex del Certificat del Sistema de Gesti\u00f3 de Qualitat<\/a><\/p>\t\t\t\t\t\t\t\t<\/div>\n\t\t\t\t<\/div>\n\t\t\t\t<\/div>\n\t\t\t\t\t<\/div>\n\t\t\t\t<\/div>\n\t\t<div class=\"elementor-element elementor-element-ac8be82 e-con-full e-flex e-con e-parent\" data-id=\"ac8be82\" data-element_type=\"container\">\n\t\t\t\t<div class=\"elementor-element elementor-element-3ac622b elementor-widget elementor-widget-spacer\" data-id=\"3ac622b\" data-element_type=\"widget\" data-widget_type=\"spacer.default\">\n\t\t\t\t<div class=\"elementor-widget-container\">\n\t\t\t\t\t\t\t<div class=\"elementor-spacer\">\n\t\t\t<div class=\"elementor-spacer-inner\"><\/div>\n\t\t<\/div>\n\t\t\t\t\t\t<\/div>\n\t\t\t\t<\/div>\n\t\t\t\t<\/div>\n\t\t\t\t<\/div>\n\t\t","protected":false},"excerpt":{"rendered":"<p>Apostem per la implantaci\u00f3 i certificaci\u00f3 de sistemes integrats de gesti\u00f3 Comptem des de fa anys amb un sistema integrat de gesti\u00f3 de qualitat, medi ambient, seguretat i salut (SIG), certificat segons els requisits de les normes ISO 9001:2015, ISO 14001:2015 i ISO 45001:2018, que \u00e9s auditat externament tots els anys.\u00a0 Ambientals Un dels principis [&hellip;]<\/p>\n","protected":false},"author":5,"featured_media":0,"parent":39948,"menu_order":4,"comment_status":"closed","ping_status":"closed","template":"","meta":{"_acf_changed":false,"footnotes":""},"class_list":["post-41641","page","type-page","status-publish","hentry"],"acf":[],"_links":{"self":[{"href":"https:\/\/www.naturgy.com\/ca\/wp-json\/wp\/v2\/pages\/41641","targetHints":{"allow":["GET"]}}],"collection":[{"href":"https:\/\/www.naturgy.com\/ca\/wp-json\/wp\/v2\/pages"}],"about":[{"href":"https:\/\/www.naturgy.com\/ca\/wp-json\/wp\/v2\/types\/page"}],"author":[{"embeddable":true,"href":"https:\/\/www.naturgy.com\/ca\/wp-json\/wp\/v2\/users\/5"}],"replies":[{"embeddable":true,"href":"https:\/\/www.naturgy.com\/ca\/wp-json\/wp\/v2\/comments?post=41641"}],"version-history":[{"count":30,"href":"https:\/\/www.naturgy.com\/ca\/wp-json\/wp\/v2\/pages\/41641\/revisions"}],"predecessor-version":[{"id":139908,"href":"https:\/\/www.naturgy.com\/ca\/wp-json\/wp\/v2\/pages\/41641\/revisions\/139908"}],"up":[{"embeddable":true,"href":"https:\/\/www.naturgy.com\/ca\/wp-json\/wp\/v2\/pages\/39948"}],"wp:attachment":[{"href":"https:\/\/www.naturgy.com\/ca\/wp-json\/wp\/v2\/media?parent=41641"}],"curies":[{"name":"wp","href":"https:\/\/api.w.org\/{rel}","templated":true}]}}