{"id":41733,"date":"2023-02-20T09:06:42","date_gmt":"2023-02-20T08:06:42","guid":{"rendered":"https:\/\/www.naturgy.com\/ampliacion-de-capital-de-naturgy-energy-group-s-a-marzo-2009\/"},"modified":"2023-04-05T12:09:51","modified_gmt":"2023-04-05T10:09:51","slug":"ampliacion-de-capital-de-naturgy-energy-group-s-a-marzo-2009","status":"publish","type":"page","link":"https:\/\/www.naturgy.com\/ca\/accionistes-i-inversors\/la-societat\/laccio-i-el-seu-capital-social\/ampliacion-de-capital-de-naturgy-energy-group-s-a-marzo-2009\/","title":{"rendered":"Ampliaci\u00f3 de capital de Naturgy Energy Group, S.A. (Mar\u00e7 2009)"},"content":{"rendered":"\t\t<div data-elementor-type=\"wp-page\" data-elementor-id=\"41733\" class=\"elementor elementor-41733 elementor-27678\" data-elementor-post-type=\"page\">\n\t\t\t\t<div class=\"elementor-element elementor-element-6b39b098 e-flex e-con-boxed e-con e-parent\" data-id=\"6b39b098\" data-element_type=\"container\">\n\t\t\t\t\t<div class=\"e-con-inner\">\n\t\t<div class=\"elementor-element elementor-element-3ea28cf1 e-con-full e-flex e-con e-parent\" data-id=\"3ea28cf1\" data-element_type=\"container\">\n\t\t\t\t<div class=\"elementor-element elementor-element-7f3079ce elementor-widget elementor-widget-shortcode\" data-id=\"7f3079ce\" data-element_type=\"widget\" data-widget_type=\"shortcode.default\">\n\t\t\t\t<div class=\"elementor-widget-container\">\n\t\t\t\t\t\t\t<div class=\"elementor-shortcode\"><nav aria-label=\"breadcrumbs\" class=\"rank-math-breadcrumb\"><p><span class=\"last\">Inici<\/span><\/p><\/nav><\/div>\n\t\t\t\t\t\t<\/div>\n\t\t\t\t<\/div>\n\t\t\t\t<div class=\"elementor-element elementor-element-5e6437a5 elementor-widget elementor-widget-heading\" data-id=\"5e6437a5\" data-element_type=\"widget\" data-widget_type=\"heading.default\">\n\t\t\t\t<div class=\"elementor-widget-container\">\n\t\t\t\t\t<h1 class=\"elementor-heading-title elementor-size-default\">Ampliaci\u00f3 de capital de Naturgy Energy Group, S.A. (Mar\u00e7 2009)<\/h1>\t\t\t\t<\/div>\n\t\t\t\t<\/div>\n\t\t\t\t<\/div>\n\t\t<div class=\"elementor-element elementor-element-4d4e1561 e-con-full e-flex e-con e-parent\" data-id=\"4d4e1561\" data-element_type=\"container\">\n\t\t\t\t<div class=\"elementor-element elementor-element-38b62332 elementor-widget elementor-widget-spacer\" data-id=\"38b62332\" data-element_type=\"widget\" data-widget_type=\"spacer.default\">\n\t\t\t\t<div class=\"elementor-widget-container\">\n\t\t\t\t\t\t\t<div class=\"elementor-spacer\">\n\t\t\t<div class=\"elementor-spacer-inner\"><\/div>\n\t\t<\/div>\n\t\t\t\t\t\t<\/div>\n\t\t\t\t<\/div>\n\t\t\t\t<\/div>\n\t\t\t\t\t<\/div>\n\t\t\t\t<\/div>\n\t\t<div class=\"elementor-element elementor-element-48209086 e-flex e-con-boxed e-con e-parent\" data-id=\"48209086\" data-element_type=\"container\">\n\t\t\t\t\t<div class=\"e-con-inner\">\n\t\t\t\t<div class=\"elementor-element elementor-element-25348054 elementor-widget elementor-widget-text-editor\" data-id=\"25348054\" data-element_type=\"widget\" data-widget_type=\"text-editor.default\">\n\t\t\t\t<div class=\"elementor-widget-container\">\n\t\t\t\t\t\t\t\t\t<p>Del 14 al 28 de marzo de 2009 Naturgy SDG realiz\u00f3 una ampliaci\u00f3n de capital con derecho de suscripci\u00f3n preferente mediante la emisi\u00f3n de 447.776.028 acciones nuevas de la misma clase y serie y con los mismos derechos pol\u00edticos y econ\u00f3micos que las actualmente en circulaci\u00f3n. La ampliaci\u00f3n de capital fue \u00edntegramente suscrita y las nuevas acciones fueron admitidas a negociaci\u00f3n en fecha 3 de abril de 2009.<\/p>\t\t\t\t\t\t\t\t<\/div>\n\t\t\t\t<\/div>\n\t\t\t\t\t<\/div>\n\t\t\t\t<\/div>\n\t\t<div class=\"elementor-element elementor-element-4ba819ad e-con-full e-flex e-con e-parent\" data-id=\"4ba819ad\" data-element_type=\"container\">\n\t\t\t\t<div class=\"elementor-element elementor-element-0e69a0c elementor-widget elementor-widget-spacer\" data-id=\"0e69a0c\" data-element_type=\"widget\" data-widget_type=\"spacer.default\">\n\t\t\t\t<div class=\"elementor-widget-container\">\n\t\t\t\t\t\t\t<div class=\"elementor-spacer\">\n\t\t\t<div class=\"elementor-spacer-inner\"><\/div>\n\t\t<\/div>\n\t\t\t\t\t\t<\/div>\n\t\t\t\t<\/div>\n\t\t\t\t<\/div>\n\t\t<div class=\"elementor-element elementor-element-7819a6e3 e-flex e-con-boxed e-con e-parent\" data-id=\"7819a6e3\" data-element_type=\"container\">\n\t\t\t\t\t<div class=\"e-con-inner\">\n\t\t\t\t<div class=\"elementor-element elementor-element-28d3b759 elementor-widget elementor-widget-heading\" data-id=\"28d3b759\" data-element_type=\"widget\" data-widget_type=\"heading.default\">\n\t\t\t\t<div class=\"elementor-widget-container\">\n\t\t\t\t\t<h2 class=\"elementor-heading-title elementor-size-default\">Documentos<\/h2>\t\t\t\t<\/div>\n\t\t\t\t<\/div>\n\t\t\t\t<div class=\"elementor-element elementor-element-31f7600c has-icon elementor-widget elementor-widget-text-editor\" data-id=\"31f7600c\" data-element_type=\"widget\" data-widget_type=\"text-editor.default\">\n\t\t\t\t<div class=\"elementor-widget-container\">\n\t\t\t\t\t\t\t\t\t<p><a href=\"https:\/\/stproportalcorporativo.blob.core.windows.net\/uploads\/2023\/02\/Folleto_ampliacion_Capital_2009_Corporativo.pdf\" target=\"_blank\" rel=\"noopener\">Folleto informativo de la Ampliaci\u00f3n de capital de GAS NATURAL SDG, S.A. (Marzo 2009) (2281 KB)<\/a><\/p>\t\t\t\t\t\t\t\t<\/div>\n\t\t\t\t<\/div>\n\t\t\t\t\t<\/div>\n\t\t\t\t<\/div>\n\t\t<div class=\"elementor-element elementor-element-d1af959 e-con-full e-flex e-con e-parent\" data-id=\"d1af959\" data-element_type=\"container\">\n\t\t\t\t<div class=\"elementor-element elementor-element-b04c596 elementor-widget elementor-widget-spacer\" data-id=\"b04c596\" data-element_type=\"widget\" data-widget_type=\"spacer.default\">\n\t\t\t\t<div class=\"elementor-widget-container\">\n\t\t\t\t\t\t\t<div class=\"elementor-spacer\">\n\t\t\t<div class=\"elementor-spacer-inner\"><\/div>\n\t\t<\/div>\n\t\t\t\t\t\t<\/div>\n\t\t\t\t<\/div>\n\t\t\t\t<\/div>\n\t\t\t\t<\/div>\n\t\t","protected":false},"excerpt":{"rendered":"<p>Del 14 al 28 de marzo de 2009 Naturgy SDG realiz\u00f3 una ampliaci\u00f3n de capital con derecho de suscripci\u00f3n preferente mediante la emisi\u00f3n de 447.776.028 acciones nuevas de la misma clase y serie y con los mismos derechos pol\u00edticos y econ\u00f3micos que las actualmente en circulaci\u00f3n. La ampliaci\u00f3n de capital fue \u00edntegramente suscrita y las [&hellip;]<\/p>\n","protected":false},"author":5,"featured_media":0,"parent":59816,"menu_order":1,"comment_status":"closed","ping_status":"closed","template":"","meta":{"_acf_changed":false,"footnotes":""},"class_list":["post-41733","page","type-page","status-publish","hentry"],"acf":[],"_links":{"self":[{"href":"https:\/\/www.naturgy.com\/ca\/wp-json\/wp\/v2\/pages\/41733","targetHints":{"allow":["GET"]}}],"collection":[{"href":"https:\/\/www.naturgy.com\/ca\/wp-json\/wp\/v2\/pages"}],"about":[{"href":"https:\/\/www.naturgy.com\/ca\/wp-json\/wp\/v2\/types\/page"}],"author":[{"embeddable":true,"href":"https:\/\/www.naturgy.com\/ca\/wp-json\/wp\/v2\/users\/5"}],"replies":[{"embeddable":true,"href":"https:\/\/www.naturgy.com\/ca\/wp-json\/wp\/v2\/comments?post=41733"}],"version-history":[{"count":2,"href":"https:\/\/www.naturgy.com\/ca\/wp-json\/wp\/v2\/pages\/41733\/revisions"}],"predecessor-version":[{"id":61646,"href":"https:\/\/www.naturgy.com\/ca\/wp-json\/wp\/v2\/pages\/41733\/revisions\/61646"}],"up":[{"embeddable":true,"href":"https:\/\/www.naturgy.com\/ca\/wp-json\/wp\/v2\/pages\/59816"}],"wp:attachment":[{"href":"https:\/\/www.naturgy.com\/ca\/wp-json\/wp\/v2\/media?parent=41733"}],"curies":[{"name":"wp","href":"https:\/\/api.w.org\/{rel}","templated":true}]}}