{"id":41736,"date":"2023-02-20T09:06:51","date_gmt":"2023-02-20T08:06:51","guid":{"rendered":"https:\/\/www.naturgy.com\/ampliacion-de-capital-con-exclusion-del-derecho-de-suscripcion-preferente-agosto-2011\/"},"modified":"2023-04-05T12:35:23","modified_gmt":"2023-04-05T10:35:23","slug":"ampliacion-de-capital-con-exclusion-del-derecho-de-suscripcion-preferente-agosto-2011","status":"publish","type":"page","link":"https:\/\/www.naturgy.com\/ca\/accionistes-i-inversors\/la-societat\/laccio-i-el-seu-capital-social\/ampliacion-de-capital-con-exclusion-del-derecho-de-suscripcion-preferente-agosto-2011\/","title":{"rendered":"Ampliaci\u00f3 de capital amb exclusi\u00f3 del dret de subscripci\u00f3 preferent (Agost 2011)"},"content":{"rendered":"\t\t<div data-elementor-type=\"wp-page\" data-elementor-id=\"41736\" class=\"elementor elementor-41736 elementor-27680\" data-elementor-post-type=\"page\">\n\t\t\t\t<div class=\"elementor-element elementor-element-1124728b e-flex e-con-boxed e-con e-parent\" data-id=\"1124728b\" data-element_type=\"container\">\n\t\t\t\t\t<div class=\"e-con-inner\">\n\t\t<div class=\"elementor-element elementor-element-166f632f e-con-full e-flex e-con e-parent\" data-id=\"166f632f\" data-element_type=\"container\">\n\t\t\t\t<div class=\"elementor-element elementor-element-14d9f493 elementor-widget elementor-widget-shortcode\" data-id=\"14d9f493\" data-element_type=\"widget\" data-widget_type=\"shortcode.default\">\n\t\t\t\t<div class=\"elementor-widget-container\">\n\t\t\t\t\t\t\t<div class=\"elementor-shortcode\"><nav aria-label=\"breadcrumbs\" class=\"rank-math-breadcrumb\"><p><span class=\"last\">Inici<\/span><\/p><\/nav><\/div>\n\t\t\t\t\t\t<\/div>\n\t\t\t\t<\/div>\n\t\t\t\t<div class=\"elementor-element elementor-element-347cc376 elementor-widget elementor-widget-heading\" data-id=\"347cc376\" data-element_type=\"widget\" data-widget_type=\"heading.default\">\n\t\t\t\t<div class=\"elementor-widget-container\">\n\t\t\t\t\t<h1 class=\"elementor-heading-title elementor-size-default\">Ampliaci\u00f3 de capital amb exclusi\u00f3 del dret de subscripci\u00f3 preferent (Agost 2011)<\/h1>\t\t\t\t<\/div>\n\t\t\t\t<\/div>\n\t\t\t\t<\/div>\n\t\t<div class=\"elementor-element elementor-element-50d31f48 e-con-full e-flex e-con e-parent\" data-id=\"50d31f48\" data-element_type=\"container\">\n\t\t\t\t<div class=\"elementor-element elementor-element-298fc988 elementor-widget elementor-widget-spacer\" data-id=\"298fc988\" data-element_type=\"widget\" data-widget_type=\"spacer.default\">\n\t\t\t\t<div class=\"elementor-widget-container\">\n\t\t\t\t\t\t\t<div class=\"elementor-spacer\">\n\t\t\t<div class=\"elementor-spacer-inner\"><\/div>\n\t\t<\/div>\n\t\t\t\t\t\t<\/div>\n\t\t\t\t<\/div>\n\t\t\t\t<\/div>\n\t\t\t\t\t<\/div>\n\t\t\t\t<\/div>\n\t\t<div class=\"elementor-element elementor-element-26cb0260 e-flex e-con-boxed e-con e-parent\" data-id=\"26cb0260\" data-element_type=\"container\">\n\t\t\t\t\t<div class=\"e-con-inner\">\n\t\t\t\t<div class=\"elementor-element elementor-element-123a6c43 elementor-widget elementor-widget-text-editor\" data-id=\"123a6c43\" data-element_type=\"widget\" data-widget_type=\"text-editor.default\">\n\t\t\t\t<div class=\"elementor-widget-container\">\n\t\t\t\t\t\t\t\t\t<p><span class=\"ui-provider gp b c d e f g h i j k l m n o p q r s t u v w x y z ab ac ae af ag ah ai aj ak\" dir=\"ltr\">Naturgy Energy Group, S.A. ha acordat un <strong>augment del capital<\/strong> <strong>amb exclusi\u00f3 del dret de subscripci\u00f3\u00a0preferent<\/strong> per a la seva subscripci\u00f3 per la companyia algeriana SONATRACH, que implica l&#8217;emissi\u00f3 de <strong>38.183.600 noves accions<\/strong>.<br \/><br \/>Com a continuaci\u00f3 dels acords subscrits amb <strong>La Soci\u00e9t\u00e9 Nationale pour la Recherche, la Production, le Transport, la Transformation et la Commercialisation des Hydrocarbures, SPA. (SONATRACH)<\/strong>, una vegada obtinguda l&#8217;aprovaci\u00f3 de les autoritats algerianes corresponent i en haver-se produ\u00eft el desemborsament pertinent, ha quedat inscrita al Registre Mercantil de Barcelona, en data 9 d&#8217;agost del 2011, l&#8217;escriptura d&#8217;<strong>augment del capital<\/strong> de les 38.183.600 noves accions de Naturgy Energy Group, S.A., titularitat de SONATRACH i que ha suposat un desemborsament de <strong>515 M\u20ac<\/strong> a un preu de <strong>13,4806\u00a0\u20ac per acci\u00f3<\/strong>.<\/span><\/p>\t\t\t\t\t\t\t\t<\/div>\n\t\t\t\t<\/div>\n\t\t\t\t\t<\/div>\n\t\t\t\t<\/div>\n\t\t<div class=\"elementor-element elementor-element-f5f17b4 e-con-full e-flex e-con e-parent\" data-id=\"f5f17b4\" data-element_type=\"container\">\n\t\t\t\t<div class=\"elementor-element elementor-element-3ce8d38e elementor-widget elementor-widget-spacer\" data-id=\"3ce8d38e\" data-element_type=\"widget\" data-widget_type=\"spacer.default\">\n\t\t\t\t<div class=\"elementor-widget-container\">\n\t\t\t\t\t\t\t<div class=\"elementor-spacer\">\n\t\t\t<div class=\"elementor-spacer-inner\"><\/div>\n\t\t<\/div>\n\t\t\t\t\t\t<\/div>\n\t\t\t\t<\/div>\n\t\t\t\t<\/div>\n\t\t<div class=\"elementor-element elementor-element-6675715f e-flex e-con-boxed e-con e-parent\" data-id=\"6675715f\" data-element_type=\"container\">\n\t\t\t\t\t<div class=\"e-con-inner\">\n\t\t\t\t<div class=\"elementor-element elementor-element-653988ae elementor-widget elementor-widget-heading\" data-id=\"653988ae\" data-element_type=\"widget\" data-widget_type=\"heading.default\">\n\t\t\t\t<div class=\"elementor-widget-container\">\n\t\t\t\t\t<h2 class=\"elementor-heading-title elementor-size-default\">Documents<\/h2>\t\t\t\t<\/div>\n\t\t\t\t<\/div>\n\t\t\t\t<div class=\"elementor-element elementor-element-972a396 has-icon elementor-widget elementor-widget-text-editor\" data-id=\"972a396\" data-element_type=\"widget\" data-widget_type=\"text-editor.default\">\n\t\t\t\t<div class=\"elementor-widget-container\">\n\t\t\t\t\t\t\t\t\t<p><a href=\"https:\/\/stproportalcorporativo.blob.core.windows.net\/uploads\/2023\/02\/Consejo_Administracion_aprobado_ampliacion.pdf\" target=\"_blank\" rel=\"noopener\">Aprovaci\u00f3 d&#8217;ampliaci\u00f3 de capital del dia 17 de juny del 2011 (76 KB)<\/a><\/p><p><a href=\"https:\/\/stproportalcorporativo.blob.core.windows.net\/uploads\/2023\/02\/Suscripcion_del_aumento_de_capital.pdf\" target=\"_blank\" rel=\"noopener\">Subscripci\u00f3 de l&#8217;augment del capital del dia 9 d&#8217;agost del 2011 (38 KB)<\/a><\/p>\t\t\t\t\t\t\t\t<\/div>\n\t\t\t\t<\/div>\n\t\t\t\t\t<\/div>\n\t\t\t\t<\/div>\n\t\t<div class=\"elementor-element elementor-element-cd07fa1 e-con-full e-flex e-con e-parent\" data-id=\"cd07fa1\" data-element_type=\"container\">\n\t\t\t\t<div class=\"elementor-element elementor-element-6c1aeec elementor-widget elementor-widget-spacer\" data-id=\"6c1aeec\" data-element_type=\"widget\" data-widget_type=\"spacer.default\">\n\t\t\t\t<div class=\"elementor-widget-container\">\n\t\t\t\t\t\t\t<div class=\"elementor-spacer\">\n\t\t\t<div class=\"elementor-spacer-inner\"><\/div>\n\t\t<\/div>\n\t\t\t\t\t\t<\/div>\n\t\t\t\t<\/div>\n\t\t\t\t<\/div>\n\t\t\t\t<\/div>\n\t\t","protected":false},"excerpt":{"rendered":"<p>Naturgy Energy Group, S.A. ha acordat un augment del capital amb exclusi\u00f3 del dret de subscripci\u00f3\u00a0preferent per a la seva subscripci\u00f3 per la companyia algeriana SONATRACH, que implica l&#8217;emissi\u00f3 de 38.183.600 noves accions. Com a continuaci\u00f3 dels acords subscrits amb La Soci\u00e9t\u00e9 Nationale pour la Recherche, la Production, le Transport, la Transformation et la Commercialisation [&hellip;]<\/p>\n","protected":false},"author":5,"featured_media":0,"parent":59816,"menu_order":3,"comment_status":"closed","ping_status":"closed","template":"","meta":{"_acf_changed":false,"footnotes":""},"class_list":["post-41736","page","type-page","status-publish","hentry"],"acf":[],"_links":{"self":[{"href":"https:\/\/www.naturgy.com\/ca\/wp-json\/wp\/v2\/pages\/41736","targetHints":{"allow":["GET"]}}],"collection":[{"href":"https:\/\/www.naturgy.com\/ca\/wp-json\/wp\/v2\/pages"}],"about":[{"href":"https:\/\/www.naturgy.com\/ca\/wp-json\/wp\/v2\/types\/page"}],"author":[{"embeddable":true,"href":"https:\/\/www.naturgy.com\/ca\/wp-json\/wp\/v2\/users\/5"}],"replies":[{"embeddable":true,"href":"https:\/\/www.naturgy.com\/ca\/wp-json\/wp\/v2\/comments?post=41736"}],"version-history":[{"count":4,"href":"https:\/\/www.naturgy.com\/ca\/wp-json\/wp\/v2\/pages\/41736\/revisions"}],"predecessor-version":[{"id":61683,"href":"https:\/\/www.naturgy.com\/ca\/wp-json\/wp\/v2\/pages\/41736\/revisions\/61683"}],"up":[{"embeddable":true,"href":"https:\/\/www.naturgy.com\/ca\/wp-json\/wp\/v2\/pages\/59816"}],"wp:attachment":[{"href":"https:\/\/www.naturgy.com\/ca\/wp-json\/wp\/v2\/media?parent=41736"}],"curies":[{"name":"wp","href":"https:\/\/api.w.org\/{rel}","templated":true}]}}