{"id":41742,"date":"2023-02-20T09:06:55","date_gmt":"2023-02-20T08:06:55","guid":{"rendered":"https:\/\/www.naturgy.com\/ampliacion-de-capital-liberada-junio-2012\/"},"modified":"2023-04-17T16:49:27","modified_gmt":"2023-04-17T14:49:27","slug":"ampliacion-de-capital-liberada-junio-2012","status":"publish","type":"page","link":"https:\/\/www.naturgy.com\/ca\/accionistes-i-inversors\/la-societat\/laccio-i-el-seu-capital-social\/ampliacion-de-capital-liberada-junio-2012\/","title":{"rendered":"Ampliaci\u00f3n de capital liberada (junio 2012)"},"content":{"rendered":"\t\t<div data-elementor-type=\"wp-page\" data-elementor-id=\"41742\" class=\"elementor elementor-41742 elementor-27681\" data-elementor-post-type=\"page\">\n\t\t\t\t<div class=\"elementor-element elementor-element-569fb891 e-flex e-con-boxed e-con e-parent\" data-id=\"569fb891\" data-element_type=\"container\">\n\t\t\t\t\t<div class=\"e-con-inner\">\n\t\t<div class=\"elementor-element elementor-element-44b95668 e-con-full e-flex e-con e-parent\" data-id=\"44b95668\" data-element_type=\"container\">\n\t\t\t\t<div class=\"elementor-element elementor-element-3dbeac49 elementor-widget elementor-widget-shortcode\" data-id=\"3dbeac49\" data-element_type=\"widget\" data-widget_type=\"shortcode.default\">\n\t\t\t\t<div class=\"elementor-widget-container\">\n\t\t\t\t\t\t\t<div class=\"elementor-shortcode\"><nav aria-label=\"breadcrumbs\" class=\"rank-math-breadcrumb\"><p><span class=\"last\">Inici<\/span><\/p><\/nav><\/div>\n\t\t\t\t\t\t<\/div>\n\t\t\t\t<\/div>\n\t\t\t\t<div class=\"elementor-element elementor-element-4c7f024f elementor-widget elementor-widget-heading\" data-id=\"4c7f024f\" data-element_type=\"widget\" data-widget_type=\"heading.default\">\n\t\t\t\t<div class=\"elementor-widget-container\">\n\t\t\t\t\t<h1 class=\"elementor-heading-title elementor-size-default\">Ampliaci\u00f3n de capital liberada (junio 2012)<\/h1>\t\t\t\t<\/div>\n\t\t\t\t<\/div>\n\t\t\t\t<\/div>\n\t\t<div class=\"elementor-element elementor-element-2b6bff41 e-con-full e-flex e-con e-parent\" data-id=\"2b6bff41\" data-element_type=\"container\">\n\t\t\t\t<div class=\"elementor-element elementor-element-49b288ef elementor-widget elementor-widget-spacer\" data-id=\"49b288ef\" data-element_type=\"widget\" data-widget_type=\"spacer.default\">\n\t\t\t\t<div class=\"elementor-widget-container\">\n\t\t\t\t\t\t\t<div class=\"elementor-spacer\">\n\t\t\t<div class=\"elementor-spacer-inner\"><\/div>\n\t\t<\/div>\n\t\t\t\t\t\t<\/div>\n\t\t\t\t<\/div>\n\t\t\t\t<\/div>\n\t\t\t\t\t<\/div>\n\t\t\t\t<\/div>\n\t\t<div class=\"elementor-element elementor-element-7f608d7e e-flex e-con-boxed e-con e-parent\" data-id=\"7f608d7e\" data-element_type=\"container\">\n\t\t\t\t\t<div class=\"e-con-inner\">\n\t\t\t\t<div class=\"elementor-element elementor-element-245c8346 elementor-widget elementor-widget-text-editor\" data-id=\"245c8346\" data-element_type=\"widget\" data-widget_type=\"text-editor.default\">\n\t\t\t\t<div class=\"elementor-widget-container\">\n\t\t\t\t\t\t\t\t\t<p>Naturgy Energy Group, S.A., d&#8217;acord amb la pol\u00edtica implementada per altres companyies, nacionals i internacionals, vol oferir als seus accionistes una alternativa que, sense limitar de cap manera la seva possibilitat de percebre la totalitat de la retribuci\u00f3 anual en efectiu, si aix\u00ed ho desitgen, els permeti rebre accions de la societat amb la fiscalitat pr\u00f2pia de les accions alliberades.<\/p><p>Per posar en pr\u00e0ctica aquest sistema, la Junta General Ordin\u00e0ria d&#8217;Accionistes de Naturgy SDG, S.A. celebrada el passat 20 d&#8217;abril de 2012 va aprovar un augment del capital alliberat i el mecanisme mitjan\u00e7ant el qual la societat assumeix el comprom\u00eds irrevocable de compra dels drets d&#8217;assignaci\u00f3 gratu\u00efta corresponents a l&#8217;esmentada ampliaci\u00f3 de capital alliberada a un preu fix, cosa que permetr\u00e0 que tots els accionistes que ho vulguin puguin vendre els seus drets i rebre un import en efectiu equivalent al que hagu\u00e9s estat el pagament del dividend complementari de l&#8217;exercici 2011.<\/p><p>Una vegada rebuts els drets d&#8217;assignaci\u00f3 gratu\u00efta, els accionistes de Naturgy Energy Group, S.A. tindran l&#8217;opci\u00f3, a lliure elecci\u00f3, de:<\/p><p>(a) No transmetre els seus drets d&#8217;assignaci\u00f3 gratu\u00efta. En aquest cas, l&#8217;accionista rebr\u00e0 el nombre d&#8217;accions noves en la proporci\u00f3 que li correspongui totalment alliberades. En qualsevol cas, aquesta possibilitat dependr\u00e0 dels termes i les condicions del contracte de dip\u00f2sit i administraci\u00f3 de valors que tingui subscrit amb la seva entitat diposit\u00e0ria, aix\u00ed com de les instruccions que li n&#8217;hagi impartit .<\/p><p>(b) Transmetre la totalitat o part dels seus drets d&#8217;assignaci\u00f3 gratu\u00efta a Naturgy SDG, S.A. en virtut del Comprom\u00eds de Compra al preu fix garantit. D&#8217;aquesta manera, l&#8217;accionista optaria per monetitzar els seus drets.<\/p><p>(c) Transmetre la totalitat o part dels seus drets d&#8217;assignaci\u00f3 gratu\u00efta al mercat. En aquest cas, l&#8217;accionista tamb\u00e9 optaria per monetitzar els seus drets, si b\u00e9 en aquest sup\u00f2sit no rebria un preu fix garantit, sin\u00f3 que la contraprestaci\u00f3 pels drets dependria de les condicions del mercat en general, i del preu de cotitzaci\u00f3 dels drets referits en particular.<\/p><p>Els accionistes de Naturgy SDG, S.A. podran combinar qualsevol de les alternatives esmentades en els apartats anteriors. Cal tenir en compte, en aquest sentit, que el tractament fiscal de les alternatives referides \u00e9s diferent.<\/p><p>S&#8217;haur\u00e0 de posar en contacte amb l&#8217;entitat financera en qu\u00e8 t\u00e9 dipositades les accions als efectes d&#8217;instruir-la segons la seva decisi\u00f3.<br \/>Si voleu m\u00e9s informaci\u00f3, posem a la vostra disposici\u00f3 els documents informatius i els fets rellevants relatius a aquesta ampliaci\u00f3 de capital.<\/p><p>Para poner en pr\u00e1ctica este sistema, la Junta General Ordinaria de Accionistas de Naturgy\u00a0SDG, S.A. celebrada el pasado 20 de abril de 2012 aprob\u00f3 un aumento de capital liberado y el mecanismo mediante el cual la Sociedad asume el compromiso irrevocable de compra de los derechos de asignaci\u00f3n gratuita correspondientes a la mencionada ampliaci\u00f3n de capital liberada a un precio fijo, lo que permitir\u00e1 que todos los accionistas que lo deseen puedan vender sus derechos y recibir un importe en efectivo equivalente al que hubiera sido el pago del dividendo complementario del ejercicio 2011.<\/p><p>Una vez recibidos los derechos de asignaci\u00f3n gratuita, los accionistas de Naturgy Energy Group, S.A. tendr\u00e1n la opci\u00f3n, a su libre elecci\u00f3n, de:<\/p><p>(a) No transmitir sus derechos de asignaci\u00f3n gratuita. En tal caso el accionista recibir\u00e1 el n\u00famero de acciones nuevas en la proporci\u00f3n que le corresponda totalmente liberadas. En cualquier caso, esta posibilidad depender\u00e1 de los t\u00e9rminos y condiciones del contrato de dep\u00f3sito y administraci\u00f3n de valores que tenga suscrito con su entidad depositaria, as\u00ed como de las instrucciones que haya impartido al respecto a la misma.<\/p><p>(b) Transmitir la totalidad o parte de sus derechos de asignaci\u00f3n gratuita a Naturgy\u00a0SDG, S.A. en virtud del Compromiso de Compra al precio fijo garantizado. De esta forma, el accionista optar\u00eda por monetizar sus derechos.<\/p><p>(c) Transmitir la totalidad o parte de sus derechos de asignaci\u00f3n gratuita en el mercado. En este caso, el accionista tambi\u00e9n optar\u00eda por monetizar sus derechos, si bien en este supuesto no recibir\u00eda un precio fijo garantizado, sino que la contraprestaci\u00f3n por los derechos depender\u00eda de las condiciones del mercado en general, y del precio de cotizaci\u00f3n de los referidos derechos en particular.<\/p><p>Los accionistas de Naturgy\u00a0SDG, S.A. podr\u00e1n combinar cualquiera de las alternativas mencionadas en los apartados anteriores. T\u00e9ngase en cuenta en este sentido que el tratamiento fiscal de las referidas alternativas es diferente.<\/p><p>Vd. deber\u00e1 ponerse en contacto con la entidad financiera en la que tiene depositadas las acciones a los efectos de instruirla seg\u00fan su decisi\u00f3n.<\/p><p>Si desea m\u00e1s informaci\u00f3n, ponemos a su disposici\u00f3n los documentos informativos y los hechos relevantes relativos a esta ampliaci\u00f3n de capital.<\/p>\t\t\t\t\t\t\t\t<\/div>\n\t\t\t\t<\/div>\n\t\t\t\t\t<\/div>\n\t\t\t\t<\/div>\n\t\t<div class=\"elementor-element elementor-element-5aebd150 e-con-full e-flex e-con e-parent\" data-id=\"5aebd150\" data-element_type=\"container\">\n\t\t\t\t<div class=\"elementor-element elementor-element-73d3a213 elementor-widget elementor-widget-spacer\" data-id=\"73d3a213\" data-element_type=\"widget\" data-widget_type=\"spacer.default\">\n\t\t\t\t<div class=\"elementor-widget-container\">\n\t\t\t\t\t\t\t<div class=\"elementor-spacer\">\n\t\t\t<div class=\"elementor-spacer-inner\"><\/div>\n\t\t<\/div>\n\t\t\t\t\t\t<\/div>\n\t\t\t\t<\/div>\n\t\t\t\t<\/div>\n\t\t<div class=\"elementor-element elementor-element-55c6378a e-flex e-con-boxed e-con e-parent\" data-id=\"55c6378a\" data-element_type=\"container\">\n\t\t\t\t\t<div class=\"e-con-inner\">\n\t\t\t\t<div class=\"elementor-element elementor-element-615aa335 elementor-widget elementor-widget-heading\" data-id=\"615aa335\" data-element_type=\"widget\" data-widget_type=\"heading.default\">\n\t\t\t\t<div class=\"elementor-widget-container\">\n\t\t\t\t\t<h2 class=\"elementor-heading-title elementor-size-default\">Documents<\/h2>\t\t\t\t<\/div>\n\t\t\t\t<\/div>\n\t\t\t\t<div class=\"elementor-element elementor-element-4e921275 has-icon elementor-widget elementor-widget-text-editor\" data-id=\"4e921275\" data-element_type=\"widget\" data-widget_type=\"text-editor.default\">\n\t\t\t\t<div class=\"elementor-widget-container\">\n\t\t\t\t\t\t\t\t\t<p><a href=\"https:\/\/stproportalcorporativo.blob.core.windows.net\/uploads\/2023\/02\/Documento_Informativo_scriptdividend.pdf\" target=\"_blank\" rel=\"noopener\">Documents informatius Document informatiu registrat a la Comissi\u00f3 Nacional del Mercat de Valors (CNMV)<\/a><\/p><p><a href=\"https:\/\/stproportalcorporativo.blob.core.windows.net\/uploads\/2023\/02\/Documento_complementario_Scrip_2012.pdf\" target=\"_blank\" rel=\"noopener\">Complement al document informatiu registrat a la CNMV(34 KB) Preguntes freq\u00fcents (51 KB)<\/a><\/p><p><a href=\"https:\/\/stproportalcorporativo.blob.core.windows.net\/uploads\/2023\/02\/Scrip_Dividend_QA_ano_2012_2_.pdf\" target=\"_blank\" rel=\"noopener\">Preguntes freq\u00fcents (51 KB)<\/a><\/p><p><a href=\"https:\/\/stproportalcorporativo.blob.core.windows.net\/uploads\/2023\/02\/Folleto_script_dividend.pdf\" target=\"_blank\" rel=\"noopener\">Document informatiu ampliaci\u00f3 capital (60 KB)<\/a><\/p><p><a href=\"https:\/\/stproportalcorporativo.blob.core.windows.net\/uploads\/2023\/02\/Calendario_Scrip.pdf\" target=\"_blank\" rel=\"noopener\">Calendari estimat ampliaci\u00f3 de capital (48 KB)<\/a><\/p><p><a href=\"https:\/\/stproportalcorporativo.blob.core.windows.net\/uploads\/2023\/02\/HR_Documento_complementario_Scrip_2012.pdf\" target=\"_blank\" rel=\"noopener\">Termes econ\u00f2mics de l&#8217;ampliaci\u00f3 de capital (36 KB)<\/a><\/p><p><a href=\"https:\/\/stproportalcorporativo.blob.core.windows.net\/uploads\/2023\/02\/Fin_periodo_de_negociacion.pdf\" target=\"_blank\" rel=\"noopener\">Resultat de l&#8217;ampliaci\u00f3 de capital (19 KB)<\/a><\/p>\t\t\t\t\t\t\t\t<\/div>\n\t\t\t\t<\/div>\n\t\t\t\t\t<\/div>\n\t\t\t\t<\/div>\n\t\t<div class=\"elementor-element elementor-element-06e996f e-con-full e-flex e-con e-parent\" data-id=\"06e996f\" data-element_type=\"container\">\n\t\t\t\t<div class=\"elementor-element elementor-element-4e00e9d elementor-widget elementor-widget-spacer\" data-id=\"4e00e9d\" data-element_type=\"widget\" data-widget_type=\"spacer.default\">\n\t\t\t\t<div class=\"elementor-widget-container\">\n\t\t\t\t\t\t\t<div class=\"elementor-spacer\">\n\t\t\t<div class=\"elementor-spacer-inner\"><\/div>\n\t\t<\/div>\n\t\t\t\t\t\t<\/div>\n\t\t\t\t<\/div>\n\t\t\t\t<\/div>\n\t\t\t\t<\/div>\n\t\t","protected":false},"excerpt":{"rendered":"<p>Naturgy Energy Group, S.A., d&#8217;acord amb la pol\u00edtica implementada per altres companyies, nacionals i internacionals, vol oferir als seus accionistes una alternativa que, sense limitar de cap manera la seva possibilitat de percebre la totalitat de la retribuci\u00f3 anual en efectiu, si aix\u00ed ho desitgen, els permeti rebre accions de la societat amb la fiscalitat [&hellip;]<\/p>\n","protected":false},"author":5,"featured_media":0,"parent":59816,"menu_order":4,"comment_status":"closed","ping_status":"closed","template":"","meta":{"_acf_changed":false,"footnotes":""},"class_list":["post-41742","page","type-page","status-publish","hentry"],"acf":[],"_links":{"self":[{"href":"https:\/\/www.naturgy.com\/ca\/wp-json\/wp\/v2\/pages\/41742","targetHints":{"allow":["GET"]}}],"collection":[{"href":"https:\/\/www.naturgy.com\/ca\/wp-json\/wp\/v2\/pages"}],"about":[{"href":"https:\/\/www.naturgy.com\/ca\/wp-json\/wp\/v2\/types\/page"}],"author":[{"embeddable":true,"href":"https:\/\/www.naturgy.com\/ca\/wp-json\/wp\/v2\/users\/5"}],"replies":[{"embeddable":true,"href":"https:\/\/www.naturgy.com\/ca\/wp-json\/wp\/v2\/comments?post=41742"}],"version-history":[{"count":7,"href":"https:\/\/www.naturgy.com\/ca\/wp-json\/wp\/v2\/pages\/41742\/revisions"}],"predecessor-version":[{"id":69169,"href":"https:\/\/www.naturgy.com\/ca\/wp-json\/wp\/v2\/pages\/41742\/revisions\/69169"}],"up":[{"embeddable":true,"href":"https:\/\/www.naturgy.com\/ca\/wp-json\/wp\/v2\/pages\/59816"}],"wp:attachment":[{"href":"https:\/\/www.naturgy.com\/ca\/wp-json\/wp\/v2\/media?parent=41742"}],"curies":[{"name":"wp","href":"https:\/\/api.w.org\/{rel}","templated":true}]}}