{"id":41745,"date":"2023-01-23T18:51:49","date_gmt":"2023-01-23T17:51:49","guid":{"rendered":"https:\/\/www.naturgy.com\/fixed-income\/"},"modified":"2024-12-11T09:24:56","modified_gmt":"2024-12-11T08:24:56","slug":"renda-fixa","status":"publish","type":"page","link":"https:\/\/www.naturgy.com\/ca\/accionistes-i-inversors\/inversors\/renda-fixa\/","title":{"rendered":"Renda fixa"},"content":{"rendered":"\t\t<div data-elementor-type=\"wp-page\" data-elementor-id=\"41745\" class=\"elementor elementor-41745 elementor-13385\" data-elementor-post-type=\"page\">\n\t\t\t\t<div class=\"elementor-element elementor-element-2362cdf e-flex e-con-boxed e-con e-parent\" data-id=\"2362cdf\" data-element_type=\"container\">\n\t\t\t\t\t<div class=\"e-con-inner\">\n\t\t<div class=\"elementor-element elementor-element-ce5f7d2 e-con-full e-flex e-con e-child\" data-id=\"ce5f7d2\" data-element_type=\"container\">\n\t\t\t\t<div class=\"elementor-element elementor-element-93db40f elementor-widget elementor-widget-shortcode\" data-id=\"93db40f\" data-element_type=\"widget\" data-widget_type=\"shortcode.default\">\n\t\t\t\t<div class=\"elementor-widget-container\">\n\t\t\t\t\t\t\t<div class=\"elementor-shortcode\"><nav aria-label=\"breadcrumbs\" class=\"rank-math-breadcrumb\"><p><span class=\"last\">Inici<\/span><\/p><\/nav><\/div>\n\t\t\t\t\t\t<\/div>\n\t\t\t\t<\/div>\n\t\t\t\t<div class=\"elementor-element elementor-element-10ca329 elementor-widget elementor-widget-heading\" data-id=\"10ca329\" data-element_type=\"widget\" data-widget_type=\"heading.default\">\n\t\t\t\t<div class=\"elementor-widget-container\">\n\t\t\t\t\t<h1 class=\"elementor-heading-title elementor-size-default\">Renda Fixa<\/h1>\t\t\t\t<\/div>\n\t\t\t\t<\/div>\n\t\t\t\t<\/div>\n\t\t\t\t\t<\/div>\n\t\t\t\t<\/div>\n\t\t<div class=\"elementor-element elementor-element-16cb016 e-con-full e-flex e-con e-parent\" data-id=\"16cb016\" data-element_type=\"container\">\n\t\t\t\t<div class=\"elementor-element elementor-element-26d6d10 elementor-widget elementor-widget-spacer\" data-id=\"26d6d10\" data-element_type=\"widget\" data-widget_type=\"spacer.default\">\n\t\t\t\t<div class=\"elementor-widget-container\">\n\t\t\t\t\t\t\t<div class=\"elementor-spacer\">\n\t\t\t<div class=\"elementor-spacer-inner\"><\/div>\n\t\t<\/div>\n\t\t\t\t\t\t<\/div>\n\t\t\t\t<\/div>\n\t\t<div class=\"elementor-element elementor-element-2168682 e-flex e-con-boxed e-con e-child\" data-id=\"2168682\" data-element_type=\"container\">\n\t\t\t\t\t<div class=\"e-con-inner\">\n\t\t\t\t<div class=\"elementor-element elementor-element-d45ec1a elementor-widget elementor-widget-text-editor\" data-id=\"d45ec1a\" data-element_type=\"widget\" data-widget_type=\"text-editor.default\">\n\t\t\t\t<div class=\"elementor-widget-container\">\n\t\t\t\t\t\t\t\t\t<p>Naturgy Energy Group, S.A. va obtenir el seu primer r\u00e0ting el febrer de 1999. L&#8217;octubre del mateix any va formalitzar el seu primer programa d&#8217;EMTN (Euro Medium Term Notes). Aquest programa permet a Naturgy d&#8217;emetre bons al mercat europeu, amb format p\u00fablic o privat i a terminis variats.<\/p><p>El mar\u00e7 del 2001, Naturgy va incrementar la seva pres\u00e8ncia al mercat de capitals europeu amb un programa ECP (Euro Commercial Paper), de pagar\u00e9s a curt termini per un import de 1.000 milions.<\/p>\t\t\t\t\t\t\t\t<\/div>\n\t\t\t\t<\/div>\n\t\t\t\t<div class=\"elementor-element elementor-element-9d94dad elementor-widget elementor-widget-spacer\" data-id=\"9d94dad\" data-element_type=\"widget\" data-widget_type=\"spacer.default\">\n\t\t\t\t<div class=\"elementor-widget-container\">\n\t\t\t\t\t\t\t<div class=\"elementor-spacer\">\n\t\t\t<div class=\"elementor-spacer-inner\"><\/div>\n\t\t<\/div>\n\t\t\t\t\t\t<\/div>\n\t\t\t\t<\/div>\n\t\t\t\t\t<\/div>\n\t\t\t\t<\/div>\n\t\t\t\t<\/div>\n\t\t<div class=\"elementor-element elementor-element-af02958 grid col-3 e-flex e-con-boxed e-con e-parent\" data-id=\"af02958\" data-element_type=\"container\">\n\t\t\t\t\t<div class=\"e-con-inner\">\n\t\t<div class=\"elementor-element elementor-element-dd09af0 e-con-full e-flex e-con e-child\" data-id=\"dd09af0\" data-element_type=\"container\">\n\t\t\t\t<div class=\"elementor-element elementor-element-6528f62 elementor-widget elementor-widget-heading\" data-id=\"6528f62\" data-element_type=\"widget\" data-widget_type=\"heading.default\">\n\t\t\t\t<div class=\"elementor-widget-container\">\n\t\t\t\t\t<div class=\"elementor-heading-title elementor-size-default\">Programa Euro Medium Term Notes (EMTN)<\/div>\t\t\t\t<\/div>\n\t\t\t\t<\/div>\n\t\t\t\t<div class=\"elementor-element elementor-element-dae208c elementor-widget elementor-widget-text-editor\" data-id=\"dae208c\" data-element_type=\"widget\" data-widget_type=\"text-editor.default\">\n\t\t\t\t<div class=\"elementor-widget-container\">\n\t\t\t\t\t\t\t\t\t<p>El programa EMTN est\u00e0 llistat a la borsa de Luxemburg amb vehicle emissor Naturgy Finance Iberia S.A.<\/p>\t\t\t\t\t\t\t\t<\/div>\n\t\t\t\t<\/div>\n\t\t\t\t<div class=\"elementor-element elementor-element-9204965 elementor-align-left elementor-widget elementor-widget-button\" data-id=\"9204965\" data-element_type=\"widget\" data-widget_type=\"button.default\">\n\t\t\t\t<div class=\"elementor-widget-container\">\n\t\t\t\t\t\t\t\t\t<div class=\"elementor-button-wrapper\">\n\t\t\t\t\t<a class=\"elementor-button elementor-button-link elementor-size-sm\" href=\"https:\/\/www.naturgy.com\/ca\/accionistes-i-inversors\/inversors\/renda-fixa\/programa-euro-medium-term-notes-emtn\/\">\n\t\t\t\t\t\t<span class=\"elementor-button-content-wrapper\">\n\t\t\t\t\t\t\t\t\t<span class=\"elementor-button-text\">Per saber-ne m\u00e9s<\/span>\n\t\t\t\t\t<\/span>\n\t\t\t\t\t<\/a>\n\t\t\t\t<\/div>\n\t\t\t\t\t\t\t\t<\/div>\n\t\t\t\t<\/div>\n\t\t\t\t<\/div>\n\t\t<div class=\"elementor-element elementor-element-36c020f e-con-full e-flex e-con e-child\" data-id=\"36c020f\" data-element_type=\"container\">\n\t\t\t\t<div class=\"elementor-element elementor-element-66703f8 elementor-widget elementor-widget-heading\" data-id=\"66703f8\" data-element_type=\"widget\" data-widget_type=\"heading.default\">\n\t\t\t\t<div class=\"elementor-widget-container\">\n\t\t\t\t\t<div class=\"elementor-heading-title elementor-size-default\">Programa Euro Commercial Paper (ECP)<\/div>\t\t\t\t<\/div>\n\t\t\t\t<\/div>\n\t\t\t\t<div class=\"elementor-element elementor-element-9cadff9 elementor-widget elementor-widget-text-editor\" data-id=\"9cadff9\" data-element_type=\"widget\" data-widget_type=\"text-editor.default\">\n\t\t\t\t<div class=\"elementor-widget-container\">\n\t\t\t\t\t\t\t\t\t<p>El programa ECP est\u00e0 llistat a Euronext Dubl\u00edn amb vehicle emissor Naturgy Finance Iberia S.A.<\/p>\t\t\t\t\t\t\t\t<\/div>\n\t\t\t\t<\/div>\n\t\t\t\t<div class=\"elementor-element elementor-element-cb02846 elementor-align-left elementor-widget elementor-widget-button\" data-id=\"cb02846\" data-element_type=\"widget\" data-widget_type=\"button.default\">\n\t\t\t\t<div class=\"elementor-widget-container\">\n\t\t\t\t\t\t\t\t\t<div class=\"elementor-button-wrapper\">\n\t\t\t\t\t<a class=\"elementor-button elementor-button-link elementor-size-sm\" href=\"https:\/\/www.naturgy.com\/ca\/renda-fixa\/programa-euro-commercial-paper-ecp\/\">\n\t\t\t\t\t\t<span class=\"elementor-button-content-wrapper\">\n\t\t\t\t\t\t\t\t\t<span class=\"elementor-button-text\">Per saber-ne m\u00e9s<\/span>\n\t\t\t\t\t<\/span>\n\t\t\t\t\t<\/a>\n\t\t\t\t<\/div>\n\t\t\t\t\t\t\t\t<\/div>\n\t\t\t\t<\/div>\n\t\t\t\t<\/div>\n\t\t<div class=\"elementor-element elementor-element-088b36b e-con-full e-flex e-con e-child\" data-id=\"088b36b\" data-element_type=\"container\">\n\t\t\t\t<div class=\"elementor-element elementor-element-89926c9 elementor-widget elementor-widget-heading\" data-id=\"89926c9\" data-element_type=\"widget\" data-widget_type=\"heading.default\">\n\t\t\t\t<div class=\"elementor-widget-container\">\n\t\t\t\t\t<div class=\"elementor-heading-title elementor-size-default\">Obligacions perp\u00e8tues subordinades<\/div>\t\t\t\t<\/div>\n\t\t\t\t<\/div>\n\t\t\t\t<div class=\"elementor-element elementor-element-0f0baf1 elementor-widget elementor-widget-text-editor\" data-id=\"0f0baf1\" data-element_type=\"widget\" data-widget_type=\"text-editor.default\">\n\t\t\t\t<div class=\"elementor-widget-container\">\n\t\t\t\t\t\t\t\t\t<p>Naturgy Finance Iberia S.A (&#8220;l&#8217;Emissor&#8221;), filial de Naturgy Energy Group, S.A., ha fet les emissions d&#8217;obligacions perp\u00e8tues subordinades.<\/p>\t\t\t\t\t\t\t\t<\/div>\n\t\t\t\t<\/div>\n\t\t\t\t<div class=\"elementor-element elementor-element-fd1ccef elementor-align-left elementor-widget elementor-widget-button\" data-id=\"fd1ccef\" data-element_type=\"widget\" data-widget_type=\"button.default\">\n\t\t\t\t<div class=\"elementor-widget-container\">\n\t\t\t\t\t\t\t\t\t<div class=\"elementor-button-wrapper\">\n\t\t\t\t\t<a class=\"elementor-button elementor-button-link elementor-size-sm\" href=\"https:\/\/www.naturgy.com\/ca\/obligacions-perpetues-subordinades\/\">\n\t\t\t\t\t\t<span class=\"elementor-button-content-wrapper\">\n\t\t\t\t\t\t\t\t\t<span class=\"elementor-button-text\">Per saber-ne m\u00e9s<\/span>\n\t\t\t\t\t<\/span>\n\t\t\t\t\t<\/a>\n\t\t\t\t<\/div>\n\t\t\t\t\t\t\t\t<\/div>\n\t\t\t\t<\/div>\n\t\t\t\t<\/div>\n\t\t\t\t\t<\/div>\n\t\t\t\t<\/div>\n\t\t<div class=\"elementor-element elementor-element-0d638f5 e-flex e-con-boxed e-con e-parent\" data-id=\"0d638f5\" data-element_type=\"container\">\n\t\t\t\t\t<div class=\"e-con-inner\">\n\t\t\t\t<div class=\"elementor-element elementor-element-80e975a elementor-widget-divider--view-line elementor-widget elementor-widget-divider\" data-id=\"80e975a\" data-element_type=\"widget\" data-widget_type=\"divider.default\">\n\t\t\t\t<div class=\"elementor-widget-container\">\n\t\t\t\t\t\t\t<div class=\"elementor-divider\">\n\t\t\t<span class=\"elementor-divider-separator\">\n\t\t\t\t\t\t<\/span>\n\t\t<\/div>\n\t\t\t\t\t\t<\/div>\n\t\t\t\t<\/div>\n\t\t\t\t\t<\/div>\n\t\t\t\t<\/div>\n\t\t<div class=\"elementor-element elementor-element-cd881bf grid col-3 e-flex e-con-boxed e-con e-parent\" data-id=\"cd881bf\" data-element_type=\"container\">\n\t\t\t\t\t<div class=\"e-con-inner\">\n\t\t<div class=\"elementor-element elementor-element-5554705 e-con-full elementor-hidden-desktop elementor-hidden-tablet elementor-hidden-mobile e-flex e-con e-child\" data-id=\"5554705\" data-element_type=\"container\">\n\t\t\t\t<div class=\"elementor-element elementor-element-da113e8 elementor-widget elementor-widget-heading\" data-id=\"da113e8\" data-element_type=\"widget\" data-widget_type=\"heading.default\">\n\t\t\t\t<div class=\"elementor-widget-container\">\n\t\t\t\t\t<div class=\"elementor-heading-title elementor-size-default\">Naturgy Capital Markets S.A.<\/div>\t\t\t\t<\/div>\n\t\t\t\t<\/div>\n\t\t\t\t<div class=\"elementor-element elementor-element-fa1fe4e elementor-widget elementor-widget-text-editor\" data-id=\"fa1fe4e\" data-element_type=\"widget\" data-widget_type=\"text-editor.default\">\n\t\t\t\t<div class=\"elementor-widget-container\">\n\t\t\t\t\t\t\t\t\t<p>NCM\u00a0 va ser constitu\u00efda per facilitar l\u2019obtenci\u00f3 de finan\u00e7ament per al Grup Naturgy Energy Group. L\u2019objectiu de NCM \u00e9s captar fons mitjan\u00e7ant l\u2019emissi\u00f3 d\u2019instruments financers de deute, incl\u00f2s deute ordinari o subordinat.<\/p>\t\t\t\t\t\t\t\t<\/div>\n\t\t\t\t<\/div>\n\t\t\t\t<div class=\"elementor-element elementor-element-e343d78 elementor-align-left elementor-widget elementor-widget-button\" data-id=\"e343d78\" data-element_type=\"widget\" data-widget_type=\"button.default\">\n\t\t\t\t<div class=\"elementor-widget-container\">\n\t\t\t\t\t\t\t\t\t<div class=\"elementor-button-wrapper\">\n\t\t\t\t\t<a class=\"elementor-button elementor-button-link elementor-size-sm\" href=\"https:\/\/www.naturgy.com\/ca\/renda-fixa\/naturgy-capital-markets-s-a-2\/%20\u200e\">\n\t\t\t\t\t\t<span class=\"elementor-button-content-wrapper\">\n\t\t\t\t\t\t\t\t\t<span class=\"elementor-button-text\">Per saber-ne m\u00e9s<\/span>\n\t\t\t\t\t<\/span>\n\t\t\t\t\t<\/a>\n\t\t\t\t<\/div>\n\t\t\t\t\t\t\t\t<\/div>\n\t\t\t\t<\/div>\n\t\t\t\t<\/div>\n\t\t<div class=\"elementor-element elementor-element-f1ffbd3 e-con-full e-flex e-con e-child\" data-id=\"f1ffbd3\" data-element_type=\"container\">\n\t\t\t\t<div class=\"elementor-element elementor-element-6363fe8 elementor-widget elementor-widget-heading\" data-id=\"6363fe8\" data-element_type=\"widget\" data-widget_type=\"heading.default\">\n\t\t\t\t<div class=\"elementor-widget-container\">\n\t\t\t\t\t<div class=\"elementor-heading-title elementor-size-default\">Naturgy Finance Iberia S.A<\/div>\t\t\t\t<\/div>\n\t\t\t\t<\/div>\n\t\t\t\t<div class=\"elementor-element elementor-element-15b07d0 elementor-widget elementor-widget-text-editor\" data-id=\"15b07d0\" data-element_type=\"widget\" data-widget_type=\"text-editor.default\">\n\t\t\t\t<div class=\"elementor-widget-container\">\n\t\t\t\t\t\t\t\t\t<p>NFI es va constituir per facilitar l\u2019obtenci\u00f3 de finan\u00e7ament per al Grup Naturgy. A fi de complir aquest objectiu, NFI est\u00e0 autoritzada per captar fons mitjan\u00e7ant l\u2019emissi\u00f3 d\u2019instruments financers de deute com a valors ordinaris o subordinats.<\/p>\t\t\t\t\t\t\t\t<\/div>\n\t\t\t\t<\/div>\n\t\t\t\t<div class=\"elementor-element elementor-element-aef5a9b elementor-align-left elementor-widget elementor-widget-button\" data-id=\"aef5a9b\" data-element_type=\"widget\" data-widget_type=\"button.default\">\n\t\t\t\t<div class=\"elementor-widget-container\">\n\t\t\t\t\t\t\t\t\t<div class=\"elementor-button-wrapper\">\n\t\t\t\t\t<a class=\"elementor-button elementor-button-link elementor-size-sm\" href=\"https:\/\/www.naturgy.com\/ca\/accionistes-i-inversors\/inversors\/renda-fixa\/naturgy-finance-iberia-s-a\/\">\n\t\t\t\t\t\t<span class=\"elementor-button-content-wrapper\">\n\t\t\t\t\t\t\t\t\t<span class=\"elementor-button-text\">Per saber-ne m\u00e9s<\/span>\n\t\t\t\t\t<\/span>\n\t\t\t\t\t<\/a>\n\t\t\t\t<\/div>\n\t\t\t\t\t\t\t\t<\/div>\n\t\t\t\t<\/div>\n\t\t\t\t<\/div>\n\t\t<div class=\"elementor-element elementor-element-b45fb4b e-con-full e-flex e-con e-child\" data-id=\"b45fb4b\" data-element_type=\"container\">\n\t\t\t\t<div class=\"elementor-element elementor-element-8820f22 elementor-widget elementor-widget-heading\" data-id=\"8820f22\" data-element_type=\"widget\" data-widget_type=\"heading.default\">\n\t\t\t\t<div class=\"elementor-widget-container\">\n\t\t\t\t\t<div class=\"elementor-heading-title elementor-size-default\">Participacions preferents 2005<\/div>\t\t\t\t<\/div>\n\t\t\t\t<\/div>\n\t\t\t\t<div class=\"elementor-element elementor-element-8bd87b6 elementor-widget elementor-widget-text-editor\" data-id=\"8bd87b6\" data-element_type=\"widget\" data-widget_type=\"text-editor.default\">\n\t\t\t\t<div class=\"elementor-widget-container\">\n\t\t\t\t\t\t\t\t\t<p>En aquest apartat s&#8217;inclouen els termes i les condicions principals de l&#8217;emissi\u00f3.<\/p>\t\t\t\t\t\t\t\t<\/div>\n\t\t\t\t<\/div>\n\t\t\t\t<div class=\"elementor-element elementor-element-878d130 elementor-align-left elementor-widget elementor-widget-button\" data-id=\"878d130\" data-element_type=\"widget\" data-widget_type=\"button.default\">\n\t\t\t\t<div class=\"elementor-widget-container\">\n\t\t\t\t\t\t\t\t\t<div class=\"elementor-button-wrapper\">\n\t\t\t\t\t<a class=\"elementor-button elementor-button-link elementor-size-sm\" href=\"https:\/\/www.naturgy.com\/ca\/renda-fixa\/participacions-preferents-2005\/\">\n\t\t\t\t\t\t<span class=\"elementor-button-content-wrapper\">\n\t\t\t\t\t\t\t\t\t<span class=\"elementor-button-text\">Per saber-ne m\u00e9s<\/span>\n\t\t\t\t\t<\/span>\n\t\t\t\t\t<\/a>\n\t\t\t\t<\/div>\n\t\t\t\t\t\t\t\t<\/div>\n\t\t\t\t<\/div>\n\t\t\t\t<\/div>\n\t\t\t\t\t<\/div>\n\t\t\t\t<\/div>\n\t\t<div class=\"elementor-element elementor-element-b2a1099 e-flex e-con-boxed e-con e-parent\" data-id=\"b2a1099\" data-element_type=\"container\">\n\t\t\t\t\t<div class=\"e-con-inner\">\n\t\t\t\t<div class=\"elementor-element elementor-element-0b4b0e8 elementor-widget-divider--view-line elementor-widget elementor-widget-divider\" data-id=\"0b4b0e8\" data-element_type=\"widget\" data-widget_type=\"divider.default\">\n\t\t\t\t<div class=\"elementor-widget-container\">\n\t\t\t\t\t\t\t<div class=\"elementor-divider\">\n\t\t\t<span class=\"elementor-divider-separator\">\n\t\t\t\t\t\t<\/span>\n\t\t<\/div>\n\t\t\t\t\t\t<\/div>\n\t\t\t\t<\/div>\n\t\t\t\t\t<\/div>\n\t\t\t\t<\/div>\n\t\t\t\t<\/div>\n\t\t","protected":false},"excerpt":{"rendered":"<p>Renda Fixa Naturgy Energy Group, S.A. va obtenir el seu primer r\u00e0ting el febrer de 1999. L&#8217;octubre del mateix any va formalitzar el seu primer programa d&#8217;EMTN (Euro Medium Term Notes). Aquest programa permet a Naturgy d&#8217;emetre bons al mercat europeu, amb format p\u00fablic o privat i a terminis variats. El mar\u00e7 del 2001, Naturgy [&hellip;]<\/p>\n","protected":false},"author":5,"featured_media":0,"parent":59790,"menu_order":6,"comment_status":"closed","ping_status":"closed","template":"","meta":{"_acf_changed":false,"footnotes":""},"class_list":["post-41745","page","type-page","status-publish","hentry"],"acf":[],"_links":{"self":[{"href":"https:\/\/www.naturgy.com\/ca\/wp-json\/wp\/v2\/pages\/41745","targetHints":{"allow":["GET"]}}],"collection":[{"href":"https:\/\/www.naturgy.com\/ca\/wp-json\/wp\/v2\/pages"}],"about":[{"href":"https:\/\/www.naturgy.com\/ca\/wp-json\/wp\/v2\/types\/page"}],"author":[{"embeddable":true,"href":"https:\/\/www.naturgy.com\/ca\/wp-json\/wp\/v2\/users\/5"}],"replies":[{"embeddable":true,"href":"https:\/\/www.naturgy.com\/ca\/wp-json\/wp\/v2\/comments?post=41745"}],"version-history":[{"count":30,"href":"https:\/\/www.naturgy.com\/ca\/wp-json\/wp\/v2\/pages\/41745\/revisions"}],"predecessor-version":[{"id":113070,"href":"https:\/\/www.naturgy.com\/ca\/wp-json\/wp\/v2\/pages\/41745\/revisions\/113070"}],"up":[{"embeddable":true,"href":"https:\/\/www.naturgy.com\/ca\/wp-json\/wp\/v2\/pages\/59790"}],"wp:attachment":[{"href":"https:\/\/www.naturgy.com\/ca\/wp-json\/wp\/v2\/media?parent=41745"}],"curies":[{"name":"wp","href":"https:\/\/api.w.org\/{rel}","templated":true}]}}