{"id":41755,"date":"2023-01-20T16:25:00","date_gmt":"2023-01-20T15:25:00","guid":{"rendered":"https:\/\/www.naturgy.com\/rating\/"},"modified":"2024-06-05T16:38:31","modified_gmt":"2024-06-05T14:38:31","slug":"rating","status":"publish","type":"page","link":"https:\/\/www.naturgy.com\/ca\/accionistes-i-inversors\/informacio-economica\/rating\/","title":{"rendered":"Rating"},"content":{"rendered":"\t\t<div data-elementor-type=\"wp-page\" data-elementor-id=\"41755\" class=\"elementor elementor-41755 elementor-12549\" data-elementor-post-type=\"page\">\n\t\t\t\t<div class=\"elementor-element elementor-element-05089d7 e-flex e-con-boxed e-con e-parent\" data-id=\"05089d7\" data-element_type=\"container\">\n\t\t\t\t\t<div class=\"e-con-inner\">\n\t\t<div class=\"elementor-element elementor-element-8a4632f e-con-full e-flex e-con e-child\" data-id=\"8a4632f\" data-element_type=\"container\">\n\t\t\t\t<div class=\"elementor-element elementor-element-860f7e1 elementor-widget elementor-widget-shortcode\" data-id=\"860f7e1\" data-element_type=\"widget\" data-widget_type=\"shortcode.default\">\n\t\t\t\t<div class=\"elementor-widget-container\">\n\t\t\t\t\t\t\t<div class=\"elementor-shortcode\"><nav aria-label=\"breadcrumbs\" class=\"rank-math-breadcrumb\"><p><span class=\"last\">Inici<\/span><\/p><\/nav><\/div>\n\t\t\t\t\t\t<\/div>\n\t\t\t\t<\/div>\n\t\t\t\t<div class=\"elementor-element elementor-element-c685d39 elementor-widget elementor-widget-heading\" data-id=\"c685d39\" data-element_type=\"widget\" data-widget_type=\"heading.default\">\n\t\t\t\t<div class=\"elementor-widget-container\">\n\t\t\t\t\t<h1 class=\"elementor-heading-title elementor-size-default\">R\u00e0ting<\/h1>\t\t\t\t<\/div>\n\t\t\t\t<\/div>\n\t\t\t\t<\/div>\n\t\t<div class=\"elementor-element elementor-element-4a90441 e-con-full e-flex e-con e-child\" data-id=\"4a90441\" data-element_type=\"container\">\n\t\t\t\t<div class=\"elementor-element elementor-element-730d6ff elementor-widget elementor-widget-spacer\" data-id=\"730d6ff\" data-element_type=\"widget\" data-widget_type=\"spacer.default\">\n\t\t\t\t<div class=\"elementor-widget-container\">\n\t\t\t\t\t\t\t<div class=\"elementor-spacer\">\n\t\t\t<div class=\"elementor-spacer-inner\"><\/div>\n\t\t<\/div>\n\t\t\t\t\t\t<\/div>\n\t\t\t\t<\/div>\n\t\t\t\t<\/div>\n\t\t\t\t\t<\/div>\n\t\t\t\t<\/div>\n\t\t<div class=\"elementor-element elementor-element-320fdba e-flex e-con-boxed e-con e-parent\" data-id=\"320fdba\" data-element_type=\"container\">\n\t\t\t\t\t<div class=\"e-con-inner\">\n\t\t\t\t<div class=\"elementor-element elementor-element-5373a5e elementor-widget elementor-widget-text-editor\" data-id=\"5373a5e\" data-element_type=\"widget\" data-widget_type=\"text-editor.default\">\n\t\t\t\t<div class=\"elementor-widget-container\">\n\t\t\t\t\t\t\t\t\t<p>Naturgy Energy Group, S.A. va obtenir el seu primer r\u00e0ting el febrer de 1999.<br \/><br \/>Les qualificacions actualment en vigor s\u00f3n:<\/p>\t\t\t\t\t\t\t\t<\/div>\n\t\t\t\t<\/div>\n\t\t\t\t\t<\/div>\n\t\t\t\t<\/div>\n\t\t<div class=\"elementor-element elementor-element-4cbf509 grid col-3 e-flex e-con-boxed e-con e-parent\" data-id=\"4cbf509\" data-element_type=\"container\">\n\t\t\t\t\t<div class=\"e-con-inner\">\n\t\t\t\t<div class=\"elementor-element elementor-element-6fa470e kec-table elementor-widget elementor-widget-shortcode\" data-id=\"6fa470e\" data-element_type=\"widget\" data-widget_type=\"shortcode.default\">\n\t\t\t\t<div class=\"elementor-widget-container\">\n\t\t\t\t\t\t\t<div class=\"elementor-shortcode\">\n<table id=\"tablepress-338\" class=\"tablepress tablepress-id-338\">\n<thead>\n<tr class=\"row-1\">\n\t<th class=\"column-1\">Ag\u00e8ncia<\/th><th class=\"column-2\">Llarg termini<\/th><th class=\"column-3\">Curt termini<\/th><th class=\"column-4\">Perspectiva<\/th>\n<\/tr>\n<\/thead>\n<tbody class=\"row-hover\">\n<tr class=\"row-2\">\n\t<td class=\"column-1\">S&amp;P Global<\/td><td class=\"column-2\">BBB<\/td><td class=\"column-3\">A-2<\/td><td class=\"column-4\">Estable<\/td>\n<\/tr>\n<tr class=\"row-3\">\n\t<td class=\"column-1\">Fitch<\/td><td class=\"column-2\">BBB<\/td><td class=\"column-3\">F2<\/td><td class=\"column-4\">Estable<\/td>\n<\/tr>\n<\/tbody>\n<\/table>\n<!-- #tablepress-338 from cache --><\/div>\n\t\t\t\t\t\t<\/div>\n\t\t\t\t<\/div>\n\t\t\t\t\t<\/div>\n\t\t\t\t<\/div>\n\t\t<div class=\"elementor-element elementor-element-f115719 e-con-full e-flex e-con e-parent\" data-id=\"f115719\" data-element_type=\"container\">\n\t\t\t\t<div class=\"elementor-element elementor-element-f35dbca elementor-widget elementor-widget-spacer\" data-id=\"f35dbca\" data-element_type=\"widget\" data-widget_type=\"spacer.default\">\n\t\t\t\t<div class=\"elementor-widget-container\">\n\t\t\t\t\t\t\t<div class=\"elementor-spacer\">\n\t\t\t<div class=\"elementor-spacer-inner\"><\/div>\n\t\t<\/div>\n\t\t\t\t\t\t<\/div>\n\t\t\t\t<\/div>\n\t\t\t\t<\/div>\n\t\t<div class=\"elementor-element elementor-element-59aab98 e-flex e-con-boxed e-con e-parent\" data-id=\"59aab98\" data-element_type=\"container\">\n\t\t\t\t\t<div class=\"e-con-inner\">\n\t\t\t\t<div class=\"elementor-element elementor-element-128e964 elementor-widget elementor-widget-text-editor\" data-id=\"128e964\" data-element_type=\"widget\" data-widget_type=\"text-editor.default\">\n\t\t\t\t<div class=\"elementor-widget-container\">\n\t\t\t\t\t\t\t\t\t<p><em>Advertiment<\/em>: Aquestes qualificacions poden ser revisades, suspeses o retirades per l&#8217;ag\u00e8ncia de qualificaci\u00f3 en qualsevol moment.<br \/><br \/>A continuaci\u00f3 es detalla l&#8217;evoluci\u00f3 de la qualificaci\u00f3 en els \u00faltims anys:<br \/>\u00a0<\/p>\t\t\t\t\t\t\t\t<\/div>\n\t\t\t\t<\/div>\n\t\t\t\t\t<\/div>\n\t\t\t\t<\/div>\n\t\t<div class=\"elementor-element elementor-element-677d5e3 grid col-3 e-flex e-con-boxed e-con e-parent\" data-id=\"677d5e3\" data-element_type=\"container\">\n\t\t\t\t\t<div class=\"e-con-inner\">\n\t\t\t\t<div class=\"elementor-element elementor-element-0044201 kec-table elementor-widget elementor-widget-shortcode\" data-id=\"0044201\" data-element_type=\"widget\" data-widget_type=\"shortcode.default\">\n\t\t\t\t<div class=\"elementor-widget-container\">\n\t\t\t\t\t\t\t<div class=\"elementor-shortcode\">\n<table id=\"tablepress-339\" class=\"tablepress tablepress-id-339 tbody-has-connected-cells\">\n<thead>\n<tr class=\"row-1\">\n\t<td class=\"column-1\"><\/td><th class=\"column-2\">Llarg termini<\/th><th class=\"column-3\">Perspectiva<\/th><th class=\"column-4\">Data revisi\u00f3<\/th><td class=\"column-5\"><\/td>\n<\/tr>\n<\/thead>\n<tbody class=\"row-hover\">\n<tr class=\"row-2\">\n\t<td rowspan=\"7\" class=\"column-1\">S&amp;P Global<\/td><td class=\"column-2\">BBB<\/td><td class=\"column-3\">Estable<\/td><td class=\"column-4\">19\/12\/2025<\/td><td class=\"column-5\"><\/td>\n<\/tr>\n<tr class=\"row-3\">\n\t<td class=\"column-2\">BBB<\/td><td class=\"column-3\">Estable<\/td><td class=\"column-4\">27\/02\/2025<\/td><td class=\"column-5\"><\/td>\n<\/tr>\n<tr class=\"row-4\">\n\t<td class=\"column-2\">BBB<\/td><td class=\"column-3\">Estable<\/td><td class=\"column-4\">30\/05\/2023<\/td><td class=\"column-5\"><\/td>\n<\/tr>\n<tr class=\"row-5\">\n\t<td class=\"column-2\">BBB<\/td><td class=\"column-3\">Negatiu<\/td><td class=\"column-4\">13\/10\/2022<\/td><td class=\"column-5\"><\/td>\n<\/tr>\n<tr class=\"row-6\">\n\t<td class=\"column-2\">BBB<\/td><td class=\"column-3\">CreditWatch Negative<\/td><td class=\"column-4\">18\/02\/2022<\/td><td class=\"column-5\"><\/td>\n<\/tr>\n<tr class=\"row-7\">\n\t<td class=\"column-2\">BBB<\/td><td class=\"column-3\">Estable<\/td><td class=\"column-4\">09\/08\/2021<\/td><td class=\"column-5\"><\/td>\n<\/tr>\n<tr class=\"row-8\">\n\t<td class=\"column-2\">BBB<\/td><td class=\"column-3\">Negatiu<\/td><td class=\"column-4\">17\/02\/2021<\/td><td class=\"column-5\"><\/td>\n<\/tr>\n<\/tbody>\n<\/table>\n<!-- #tablepress-339 from cache --><\/div>\n\t\t\t\t\t\t<\/div>\n\t\t\t\t<\/div>\n\t\t\t\t\t<\/div>\n\t\t\t\t<\/div>\n\t\t<div class=\"elementor-element elementor-element-53fcf13 e-con-full e-flex e-con e-parent\" data-id=\"53fcf13\" data-element_type=\"container\">\n\t\t\t\t<div class=\"elementor-element elementor-element-74ea2bd elementor-widget elementor-widget-spacer\" data-id=\"74ea2bd\" data-element_type=\"widget\" data-widget_type=\"spacer.default\">\n\t\t\t\t<div class=\"elementor-widget-container\">\n\t\t\t\t\t\t\t<div class=\"elementor-spacer\">\n\t\t\t<div class=\"elementor-spacer-inner\"><\/div>\n\t\t<\/div>\n\t\t\t\t\t\t<\/div>\n\t\t\t\t<\/div>\n\t\t\t\t<\/div>\n\t\t<div class=\"elementor-element elementor-element-12a63f7 grid col-3 e-flex e-con-boxed e-con e-parent\" data-id=\"12a63f7\" data-element_type=\"container\">\n\t\t\t\t\t<div class=\"e-con-inner\">\n\t\t\t\t<div class=\"elementor-element elementor-element-066bcb9 kec-table elementor-widget elementor-widget-shortcode\" data-id=\"066bcb9\" data-element_type=\"widget\" data-widget_type=\"shortcode.default\">\n\t\t\t\t<div class=\"elementor-widget-container\">\n\t\t\t\t\t\t\t<div class=\"elementor-shortcode\">\n<table id=\"tablepress-340\" class=\"tablepress tablepress-id-340 tbody-has-connected-cells\">\n<thead>\n<tr class=\"row-1\">\n\t<td class=\"column-1\"><\/td><th class=\"column-2\">Llarg termini<\/th><th class=\"column-3\">Perspectiva<\/th><th class=\"column-4\">Data revisi\u00f3<\/th>\n<\/tr>\n<\/thead>\n<tbody>\n<tr class=\"row-2\">\n\t<td rowspan=\"7\" class=\"column-1\">Fitch<\/td><td class=\"column-2\">BBB<\/td><td class=\"column-3\">Estable<\/td><td class=\"column-4\">31\/03\/2025<\/td>\n<\/tr>\n<tr class=\"row-3\">\n\t<td class=\"column-2\">BBB<\/td><td class=\"column-3\">Estable<\/td><td class=\"column-4\">25\/10\/2023<\/td>\n<\/tr>\n<tr class=\"row-4\">\n\t<td class=\"column-2\">BBB<\/td><td class=\"column-3\">Estable<\/td><td class=\"column-4\">28\/10\/2022<\/td>\n<\/tr>\n<tr class=\"row-5\">\n\t<td class=\"column-2\">BBB<\/td><td class=\"column-3\">Estable<\/td><td class=\"column-4\">29\/10\/2021<\/td>\n<\/tr>\n<tr class=\"row-6\">\n\t<td class=\"column-2\">BBB<\/td><td class=\"column-3\">Estable<\/td><td class=\"column-4\">28\/07\/2020<\/td>\n<\/tr>\n<tr class=\"row-7\">\n\t<td class=\"column-2\">BBB<\/td><td class=\"column-3\">Estable<\/td><td class=\"column-4\">28\/01\/2020<\/td>\n<\/tr>\n<tr class=\"row-8\">\n\t<td class=\"column-2\">BBB<\/td><td class=\"column-3\">RWN<\/td><td class=\"column-4\">29\/07\/2019<\/td>\n<\/tr>\n<\/tbody>\n<\/table>\n<!-- #tablepress-340 from cache --><\/div>\n\t\t\t\t\t\t<\/div>\n\t\t\t\t<\/div>\n\t\t\t\t\t<\/div>\n\t\t\t\t<\/div>\n\t\t<div class=\"elementor-element elementor-element-3df4666 e-con-full e-flex e-con e-parent\" data-id=\"3df4666\" data-element_type=\"container\">\n\t\t\t\t<div class=\"elementor-element elementor-element-d0a07dc elementor-widget elementor-widget-spacer\" data-id=\"d0a07dc\" data-element_type=\"widget\" data-widget_type=\"spacer.default\">\n\t\t\t\t<div class=\"elementor-widget-container\">\n\t\t\t\t\t\t\t<div class=\"elementor-spacer\">\n\t\t\t<div class=\"elementor-spacer-inner\"><\/div>\n\t\t<\/div>\n\t\t\t\t\t\t<\/div>\n\t\t\t\t<\/div>\n\t\t\t\t<\/div>\n\t\t<div class=\"elementor-element elementor-element-6246bb4 e-flex e-con-boxed e-con e-parent\" data-id=\"6246bb4\" data-element_type=\"container\">\n\t\t\t\t\t<div class=\"e-con-inner\">\n\t\t\t\t<div class=\"elementor-element elementor-element-5543a70 elementor-widget elementor-widget-heading\" data-id=\"5543a70\" data-element_type=\"widget\" data-widget_type=\"heading.default\">\n\t\t\t\t<div class=\"elementor-widget-container\">\n\t\t\t\t\t<h2 class=\"elementor-heading-title elementor-size-default\">Enlla\u00e7os relacionats<\/h2>\t\t\t\t<\/div>\n\t\t\t\t<\/div>\n\t\t\t\t<div class=\"elementor-element elementor-element-cac57e0 has-icon elementor-widget elementor-widget-text-editor\" data-id=\"cac57e0\" data-element_type=\"widget\" data-widget_type=\"text-editor.default\">\n\t\t\t\t<div class=\"elementor-widget-container\">\n\t\t\t\t\t\t\t\t\t<p><a href=\"https:\/\/www.fitchratings.com\/\" target=\"_blank\" rel=\"noopener\">Fitch<\/a><\/p><p><a href=\"https:\/\/www.spglobal.com\/ratings\/en\/\" target=\"_blank\" rel=\"noopener\">Standard &amp; Poor&#8217;s<\/a><\/p>\t\t\t\t\t\t\t\t<\/div>\n\t\t\t\t<\/div>\n\t\t\t\t\t<\/div>\n\t\t\t\t<\/div>\n\t\t\t\t<\/div>\n\t\t","protected":false},"excerpt":{"rendered":"<p>R\u00e0ting Naturgy Energy Group, S.A. va obtenir el seu primer r\u00e0ting el febrer de 1999. Les qualificacions actualment en vigor s\u00f3n: Advertiment: Aquestes qualificacions poden ser revisades, suspeses o retirades per l&#8217;ag\u00e8ncia de qualificaci\u00f3 en qualsevol moment. A continuaci\u00f3 es detalla l&#8217;evoluci\u00f3 de la qualificaci\u00f3 en els \u00faltims anys:\u00a0 Enlla\u00e7os relacionats Fitch Standard &amp; Poor&#8217;s<\/p>\n","protected":false},"author":5,"featured_media":0,"parent":59843,"menu_order":3,"comment_status":"closed","ping_status":"closed","template":"","meta":{"_acf_changed":false,"footnotes":""},"class_list":["post-41755","page","type-page","status-publish","hentry"],"acf":[],"_links":{"self":[{"href":"https:\/\/www.naturgy.com\/ca\/wp-json\/wp\/v2\/pages\/41755","targetHints":{"allow":["GET"]}}],"collection":[{"href":"https:\/\/www.naturgy.com\/ca\/wp-json\/wp\/v2\/pages"}],"about":[{"href":"https:\/\/www.naturgy.com\/ca\/wp-json\/wp\/v2\/types\/page"}],"author":[{"embeddable":true,"href":"https:\/\/www.naturgy.com\/ca\/wp-json\/wp\/v2\/users\/5"}],"replies":[{"embeddable":true,"href":"https:\/\/www.naturgy.com\/ca\/wp-json\/wp\/v2\/comments?post=41755"}],"version-history":[{"count":7,"href":"https:\/\/www.naturgy.com\/ca\/wp-json\/wp\/v2\/pages\/41755\/revisions"}],"predecessor-version":[{"id":104293,"href":"https:\/\/www.naturgy.com\/ca\/wp-json\/wp\/v2\/pages\/41755\/revisions\/104293"}],"up":[{"embeddable":true,"href":"https:\/\/www.naturgy.com\/ca\/wp-json\/wp\/v2\/pages\/59843"}],"wp:attachment":[{"href":"https:\/\/www.naturgy.com\/ca\/wp-json\/wp\/v2\/media?parent=41755"}],"curies":[{"name":"wp","href":"https:\/\/api.w.org\/{rel}","templated":true}]}}