{"id":42046,"date":"2023-02-17T11:06:30","date_gmt":"2023-02-17T10:06:30","guid":{"rendered":"https:\/\/www.naturgy.com\/els-nostres-projectes\/unidad-mixta-de-gas-renovable\/"},"modified":"2023-11-30T11:40:33","modified_gmt":"2023-11-30T10:40:33","slug":"unitat-mixta-de-gas-renovable","status":"publish","type":"page","link":"https:\/\/www.naturgy.com\/ca\/innovacio\/els-nostres-projectes\/unitat-mixta-de-gas-renovable\/","title":{"rendered":"Unitat Mixta de gas renovable"},"content":{"rendered":"\t\t<div data-elementor-type=\"wp-page\" data-elementor-id=\"42046\" class=\"elementor elementor-42046 elementor-27080\" data-elementor-post-type=\"page\">\n\t\t\t\t<div class=\"elementor-element elementor-element-365d6eb e-flex e-con-boxed e-con e-parent\" data-id=\"365d6eb\" data-element_type=\"container\">\n\t\t\t\t\t<div class=\"e-con-inner\">\n\t\t<div class=\"elementor-element elementor-element-7592e21d e-con-full e-flex e-con e-child\" data-id=\"7592e21d\" data-element_type=\"container\">\n\t\t\t\t<div class=\"elementor-element elementor-element-773de1ac elementor-widget elementor-widget-shortcode\" data-id=\"773de1ac\" data-element_type=\"widget\" data-widget_type=\"shortcode.default\">\n\t\t\t\t<div class=\"elementor-widget-container\">\n\t\t\t\t\t\t\t<div class=\"elementor-shortcode\"><nav aria-label=\"breadcrumbs\" class=\"rank-math-breadcrumb\"><p><span class=\"last\">Inici<\/span><\/p><\/nav><\/div>\n\t\t\t\t\t\t<\/div>\n\t\t\t\t<\/div>\n\t\t\t\t<div class=\"elementor-element elementor-element-11a69e4a elementor-widget elementor-widget-heading\" data-id=\"11a69e4a\" data-element_type=\"widget\" data-widget_type=\"heading.default\">\n\t\t\t\t<div class=\"elementor-widget-container\">\n\t\t\t\t\t<h1 class=\"elementor-heading-title elementor-size-default\">Unitat Mixta de gas renovable<\/h1>\t\t\t\t<\/div>\n\t\t\t\t<\/div>\n\t\t\t\t<div class=\"elementor-element elementor-element-fc59e55 elementor-widget elementor-widget-spacer\" data-id=\"fc59e55\" data-element_type=\"widget\" data-widget_type=\"spacer.default\">\n\t\t\t\t<div class=\"elementor-widget-container\">\n\t\t\t\t\t\t\t<div class=\"elementor-spacer\">\n\t\t\t<div class=\"elementor-spacer-inner\"><\/div>\n\t\t<\/div>\n\t\t\t\t\t\t<\/div>\n\t\t\t\t<\/div>\n\t\t\t\t<\/div>\n\t\t<div class=\"elementor-element elementor-element-6fbbeba5 e-con-full e-flex e-con e-child\" data-id=\"6fbbeba5\" data-element_type=\"container\">\n\t\t\t\t<div class=\"elementor-element elementor-element-74cff332 elementor-widget elementor-widget-image\" data-id=\"74cff332\" data-element_type=\"widget\" data-widget_type=\"image.default\">\n\t\t\t\t<div class=\"elementor-widget-container\">\n\t\t\t\t\t\t\t\t\t\t\t\t\t\t\t<img decoding=\"async\" src=\"https:\/\/www.naturgy.com\/\/app\/uploads\/elementor\/thumbs\/Logos_Unidad-Mixta-de-Gas-Renovable-2-1-q4zrp5rhjjt6iubqpn0m3swismiunxay1a2i2lg1fq.png\" title=\"Logos_Unidad Mixta de Gas Renovable-2 (1)\" alt=\"Logos_Unidad Mixta de Gas Renovable-2 (1)\" loading=\"lazy\" \/>\t\t\t\t\t\t\t\t\t\t\t\t\t\t\t<\/div>\n\t\t\t\t<\/div>\n\t\t\t\t<div class=\"elementor-element elementor-element-e93a8df elementor-widget elementor-widget-text-editor\" data-id=\"e93a8df\" data-element_type=\"widget\" data-widget_type=\"text-editor.default\">\n\t\t\t\t<div class=\"elementor-widget-container\">\n\t\t\t\t\t\t\t\t\t<p>La Unitat Mixta de Gas Renovable est\u00e0 cofinan\u00e7ada per l\u2019Ag\u00e8ncia Gallega d\u2019Innovaci\u00f3 &#8211; Vicepresid\u00e8ncia Primera i Conselleria d\u2019Economia, Ind\u00fastria i Innovaci\u00f3 de la Xunta de Galicia, i el Fons Europeu de Desenvolupament Regional (FEDER), en el marc del programa operatiu Feder Gal\u00edcia 2014-2020. Potenciar la recerca, el desenvolupament tecnol\u00f2gic i la innovaci\u00f3.<\/p>\t\t\t\t\t\t\t\t<\/div>\n\t\t\t\t<\/div>\n\t\t\t\t<div class=\"elementor-element elementor-element-0c4172d elementor-widget elementor-widget-image\" data-id=\"0c4172d\" data-element_type=\"widget\" data-widget_type=\"image.default\">\n\t\t\t\t<div class=\"elementor-widget-container\">\n\t\t\t\t\t\t\t\t\t\t\t\t\t\t\t<img decoding=\"async\" src=\"https:\/\/www.naturgy.com\/\/app\/uploads\/elementor\/thumbs\/Logos_Unidad-Mixta-de-Gas-Renovable_2-2-1-q4zrp204s7o18eh7ble3ttuof31dt4w0orgk5hlm4m.png\" title=\"Logos_Unidad Mixta de Gas Renovable_2-2 (1)\" alt=\"Logos_Unidad Mixta de Gas Renovable_2-2 (1)\" loading=\"lazy\" \/>\t\t\t\t\t\t\t\t\t\t\t\t\t\t\t<\/div>\n\t\t\t\t<\/div>\n\t\t\t\t<\/div>\n\t\t<div class=\"elementor-element elementor-element-f96b6d4 e-con-full e-flex e-con e-child\" data-id=\"f96b6d4\" data-element_type=\"container\">\n\t\t\t\t<div class=\"elementor-element elementor-element-abd0670 elementor-widget elementor-widget-text-editor\" data-id=\"abd0670\" data-element_type=\"widget\" data-widget_type=\"text-editor.default\">\n\t\t\t\t<div class=\"elementor-widget-container\">\n\t\t\t\t\t\t\t\t\t<ol><li style=\"list-style-type: none;\"><p>La <b>Unitat Mixta de Gas Renovable \u00e9s un projecte conjunt de Naturgy, el Centro Tecnol\u00f3gico Energylab i EDAR Bens<\/b>, S.A., empresa p\u00fablica supramunicipal que presta el servei de depuraci\u00f3 d\u2019aig\u00fces residuals als ajuntaments de la Corunya, Arteixo, Cambre, Culleredo i Oleiros.<\/p><p>Aquesta Unitat Mixta est\u00e0 cofinan\u00e7ada per <b>l\u2019Axencia Galega de Innovaci\u00f3n &#8211; Vicepresid\u00e8ncia Segona i Conselleria d\u2019Economia, Empresa i Innovaci\u00f3 de la Xunta de Galicia, i el Fons Europeu de Desenvolupament Regional (FEDER)<\/b> en el marc del programa operatiu Feder Gal\u00edcia 2014-2020. Potenciar la recerca, el desenvolupament tecnol\u00f2gic i la innovaci\u00f3. Una manera de fer Europa.<\/p><p>L\u2019objectiu del projecte \u00e9s <b>incrementar el coneixement no nom\u00e9s del biog\u00e0s i el biomet\u00e0, sin\u00f3 tamb\u00e9 d\u2019altres gasos renovables com l\u2019hidrogen verd i el syngas, aix\u00ed com avaluar-ne l\u2019impacte en les infraestructures actuals i consumidors finals.<\/b><\/p><p>Dins d\u2019aquesta Unitat Mixta es desenvoluparan <b>cinc noves l\u00ednies<\/b> de recerca:<\/p><ol><li><strong>Millora en la producci\u00f3 de biog\u00e0s<\/strong> a trav\u00e9s de la codigesti\u00f3 i la recuperaci\u00f3 de nutrients.<\/li><li><strong>Generaci\u00f3 d\u2019hidrogen<\/strong> verd gr\u00e0cies a l\u2019aprofitament energ\u00e8tic del cabal d\u2019aigua depurada, que ser\u00e0 turbinada, es generar\u00e0 hidrogen a trav\u00e9s de l\u2019electr\u00f2lisi de l\u2019aigua.<\/li><li><strong>Producci\u00f3 de biohidrogen<\/strong> a trav\u00e9s de la fermentaci\u00f3 fosca, proc\u00e9s biol\u00f2gic (etapes inicials de la digesti\u00f3 anaer\u00f2bia) mitjan\u00e7ant el qual es genera hidrogen a partir de la degradaci\u00f3 de la mat\u00e8ria org\u00e0nica.<\/li><li><strong>Gasificaci\u00f3 de llots de depuradora per a l\u2019obtenci\u00f3 de bio-syngas<\/strong> (biog\u00e0s de s\u00edntesi).<\/li><li><strong>Estudi de l\u2019impacte de l\u2019\u00fas dels diferents gasos<\/strong> renovables i les seves mescles, des del punt de vista de la injecci\u00f3 a la xarxa de gas i el seu \u00fas en aplicacions estacion\u00e0ries i m\u00f2bils (vehicles).<\/li><\/ol><\/li><\/ol><p>\u00a0<\/p><p>La<strong> 1a fase d\u2019aquesta Unitat Mixta<\/strong> (2016-2019) es va centrar en augmentar el coneixement en els processos de producci\u00f3 de gas natural renovable o biomet\u00e0 en el sector de les EDAR, principalment, mitjan\u00e7ant la implantaci\u00f3 d\u2019un sistema de purificaci\u00f3 basada en membranes i mitjan\u00e7ant el disseny, la posada en marxa i l\u2019operaci\u00f3 de la primera planta pilot de metanaci\u00f3 biol\u00f2gica a Espanya. El biomet\u00e0 generat en aquest projecte s\u2019est\u00e0 utilitzant en l\u2019actualitat com a combustible alternatiu en la flota de furgonetes d\u2019EDAR de Bens de forma experimental, en transport p\u00fablic de l\u2019\u00e0rea metropolitana de la Corunya i, addicionalment, el 2022 es va comen\u00e7ar amb la injecci\u00f3 a la xarxa del biomet\u00e0. <br \/><br \/>L\u2019<strong>objectiu de la 2a fase del projecte<\/strong> (2020-2023) \u00e9s consolidar els desenvolupaments realitzats en la fase anterior, ampliant l\u2019abast t\u00e8cnic amb la generaci\u00f3 d\u2019hidrogen verd i gas de s\u00edntesi, i tamb\u00e9 avaluar-ne l\u2019impacte en les infraestructures actuals i els consumidors finals. Els processos que s\u2019estan estudiant en detall s\u00f3n la fermentaci\u00f3 fosca, la gasificaci\u00f3 i la generaci\u00f3 d\u2019hidrogen renovable gr\u00e0cies al turbinatge de l\u2019aigua depurada. Una altra l\u00ednia amb la qual s\u2019han obtingut resultats molt positius \u00e9s la recuperaci\u00f3 de nitrogen en forma de sals amoniacals mitjan\u00e7ant membranes hidrof\u00f2biques, que poden ser valoritzades a posteriori com a fertilitzant. Aix\u00ed mateix, s\u2019est\u00e0 determinant tant la permeabilitat com la fragilitat dels materials de la xarxa de gas a diferents concentracions d\u2019hidrogen amb l\u2019objectiu d\u2019avaluar la seguretat i la viabilitat tecnicoecon\u00f2mica del seu \u00fas.<\/p>\t\t\t\t\t\t\t\t<\/div>\n\t\t\t\t<\/div>\n\t\t\t\t<div class=\"elementor-element elementor-element-3fc175b elementor-align-center elementor-widget elementor-widget-button\" data-id=\"3fc175b\" data-element_type=\"widget\" data-widget_type=\"button.default\">\n\t\t\t\t<div class=\"elementor-widget-container\">\n\t\t\t\t\t\t\t\t\t<div class=\"elementor-button-wrapper\">\n\t\t\t\t\t<a class=\"elementor-button elementor-button-link elementor-size-sm\" href=\"https:\/\/umgasrenovable.es\/\" target=\"_blank\" rel=\"noopener\">\n\t\t\t\t\t\t<span class=\"elementor-button-content-wrapper\">\n\t\t\t\t\t\t\t\t\t<span class=\"elementor-button-text\">Consulta la p\u00e0gina de la Unitat Mixta Gas Renovable<\/span>\n\t\t\t\t\t<\/span>\n\t\t\t\t\t<\/a>\n\t\t\t\t<\/div>\n\t\t\t\t\t\t\t\t<\/div>\n\t\t\t\t<\/div>\n\t\t\t\t<\/div>\n\t\t\t\t\t<\/div>\n\t\t\t\t<\/div>\n\t\t<div class=\"elementor-element elementor-element-f4778d5 e-con-full e-flex e-con e-parent\" data-id=\"f4778d5\" data-element_type=\"container\">\n\t\t\t\t<div class=\"elementor-element elementor-element-fa5aae6 elementor-widget elementor-widget-spacer\" data-id=\"fa5aae6\" data-element_type=\"widget\" data-widget_type=\"spacer.default\">\n\t\t\t\t<div class=\"elementor-widget-container\">\n\t\t\t\t\t\t\t<div class=\"elementor-spacer\">\n\t\t\t<div class=\"elementor-spacer-inner\"><\/div>\n\t\t<\/div>\n\t\t\t\t\t\t<\/div>\n\t\t\t\t<\/div>\n\t\t\t\t<\/div>\n\t\t<div class=\"elementor-element elementor-element-38d192b e-flex e-con-boxed e-con e-parent\" data-id=\"38d192b\" data-element_type=\"container\">\n\t\t\t\t\t<div class=\"e-con-inner\">\n\t\t\t\t<div class=\"elementor-element elementor-element-492f51c elementor-widget elementor-widget-spacer\" data-id=\"492f51c\" data-element_type=\"widget\" data-widget_type=\"spacer.default\">\n\t\t\t\t<div class=\"elementor-widget-container\">\n\t\t\t\t\t\t\t<div class=\"elementor-spacer\">\n\t\t\t<div class=\"elementor-spacer-inner\"><\/div>\n\t\t<\/div>\n\t\t\t\t\t\t<\/div>\n\t\t\t\t<\/div>\n\t\t\t\t<div class=\"elementor-element elementor-element-94644be elementor-widget elementor-widget-image\" data-id=\"94644be\" data-element_type=\"widget\" data-widget_type=\"image.default\">\n\t\t\t\t<div class=\"elementor-widget-container\">\n\t\t\t\t\t\t\t\t\t\t\t\t\t\t\t<img fetchpriority=\"high\" decoding=\"async\" width=\"734\" height=\"335\" src=\"https:\/\/www.naturgy.com\/\/app\/uploads\/2023\/03\/laboratorio.jpg\" class=\"attachment-full size-full wp-image-42035\" alt=\"\" srcset=\"https:\/\/www.naturgy.com\/\/app\/uploads\/2023\/03\/laboratorio.jpg 734w, https:\/\/www.naturgy.com\/\/app\/uploads\/2023\/03\/laboratorio-300x137.jpg 300w\" sizes=\"(max-width: 734px) 100vw, 734px\" \/>\t\t\t\t\t\t\t\t\t\t\t\t\t\t\t<\/div>\n\t\t\t\t<\/div>\n\t\t\t\t\t<\/div>\n\t\t\t\t<\/div>\n\t\t<div class=\"elementor-element elementor-element-0b17fa1 e-flex e-con-boxed e-con e-parent\" data-id=\"0b17fa1\" data-element_type=\"container\">\n\t\t\t\t\t<div class=\"e-con-inner\">\n\t\t\t\t<div class=\"elementor-element elementor-element-575c0af elementor-widget elementor-widget-spacer\" data-id=\"575c0af\" data-element_type=\"widget\" data-widget_type=\"spacer.default\">\n\t\t\t\t<div class=\"elementor-widget-container\">\n\t\t\t\t\t\t\t<div class=\"elementor-spacer\">\n\t\t\t<div class=\"elementor-spacer-inner\"><\/div>\n\t\t<\/div>\n\t\t\t\t\t\t<\/div>\n\t\t\t\t<\/div>\n\t\t\t\t<div class=\"elementor-element elementor-element-a66e671 elementor-widget elementor-widget-heading\" data-id=\"a66e671\" data-element_type=\"widget\" data-widget_type=\"heading.default\">\n\t\t\t\t<div class=\"elementor-widget-container\">\n\t\t\t\t\t<h2 class=\"elementor-heading-title elementor-size-default\">La convocat\u00f2ria<\/h2>\t\t\t\t<\/div>\n\t\t\t\t<\/div>\n\t\t\t\t<div class=\"elementor-element elementor-element-fe5c7c4 elementor-widget elementor-widget-spacer\" data-id=\"fe5c7c4\" data-element_type=\"widget\" data-widget_type=\"spacer.default\">\n\t\t\t\t<div class=\"elementor-widget-container\">\n\t\t\t\t\t\t\t<div class=\"elementor-spacer\">\n\t\t\t<div class=\"elementor-spacer-inner\"><\/div>\n\t\t<\/div>\n\t\t\t\t\t\t<\/div>\n\t\t\t\t<\/div>\n\t\t\t\t<div class=\"elementor-element elementor-element-e1ba622 elementor-widget elementor-widget-text-editor\" data-id=\"e1ba622\" data-element_type=\"widget\" data-widget_type=\"text-editor.default\">\n\t\t\t\t<div class=\"elementor-widget-container\">\n\t\t\t\t\t\t\t\t\t<ol><li style=\"list-style-type: none;\"><p>L&#8217;Axencia Galega da Innovaci\u00f3n (GAIN) publica el 20 de febrer de 2020 la convocat\u00f2ria de consolidaci\u00f3 d\u2019unitats mixtes de recerca alineades amb els reptes estrat\u00e8gics i les prioritats identificades en la RIS3 per a Gal\u00edcia, cofinan\u00e7ades pel Fons Europeu de Desenvolupament Regional en el marc del programa operatiu Feder Gal\u00edcia, 2014- 2020, dins de l\u2019eix 1 \u00abPotenciar la recerca, el desenvolupament tecnol\u00f2gic i la innovaci\u00f3\u00bb.<\/p><p>Amb aquesta l\u00ednia d\u2019actuaci\u00f3 es pret\u00e9n <b>consolidar, enfortir i mantenir l\u2019activitat investigadora i innovadora <\/b>de les unitats mixtes de recerca creades a l\u2019empara de les convocat\u00f2ries d\u2019ajudes de la GAIN dels anys 2016 i 2017, donant aix\u00ed continu\u00eftat i evoluci\u00f3 a les expectatives, els objectius i els resultats de les seves l\u00ednies de recerca i treball amb el desenvolupament de noves activitats i projectes en el marc d\u2019aquestes, a l\u2019efecte d\u2019aconseguir els objectius seg\u00fcents:<\/p><\/li><\/ol>\t\t\t\t\t\t\t\t<\/div>\n\t\t\t\t<\/div>\n\t\t\t\t<div class=\"elementor-element elementor-element-bc3663c elementor-widget elementor-widget-spacer\" data-id=\"bc3663c\" data-element_type=\"widget\" data-widget_type=\"spacer.default\">\n\t\t\t\t<div class=\"elementor-widget-container\">\n\t\t\t\t\t\t\t<div class=\"elementor-spacer\">\n\t\t\t<div class=\"elementor-spacer-inner\"><\/div>\n\t\t<\/div>\n\t\t\t\t\t\t<\/div>\n\t\t\t\t<\/div>\n\t\t\t\t\t<\/div>\n\t\t\t\t<\/div>\n\t\t<div class=\"elementor-element elementor-element-7a9b2b1e e-flex e-con-boxed e-con e-parent\" data-id=\"7a9b2b1e\" data-element_type=\"container\">\n\t\t\t\t\t<div class=\"e-con-inner\">\n\t\t<div class=\"elementor-element elementor-element-7bdd419e e-flex e-con-boxed e-con e-child\" data-id=\"7bdd419e\" data-element_type=\"container\">\n\t\t\t\t\t<div class=\"e-con-inner\">\n\t\t\t\t<div class=\"elementor-element elementor-element-4f5bf9ff elementor-align-start elementor-icon-list--layout-traditional elementor-list-item-link-full_width elementor-widget elementor-widget-icon-list\" data-id=\"4f5bf9ff\" data-element_type=\"widget\" data-widget_type=\"icon-list.default\">\n\t\t\t\t<div class=\"elementor-widget-container\">\n\t\t\t\t\t\t\t<ul class=\"elementor-icon-list-items\">\n\t\t\t\t\t\t\t<li class=\"elementor-icon-list-item\">\n\t\t\t\t\t\t\t\t\t\t\t<span class=\"elementor-icon-list-icon\">\n\t\t\t\t\t\t\t<i aria-hidden=\"true\" class=\"interfaz interfaz-check-fino\"><\/i>\t\t\t\t\t\t<\/span>\n\t\t\t\t\t\t\t\t\t\t<span class=\"elementor-icon-list-text\"><b>Configurar grups mixtos de trebal<\/b>l entre organismes de recerca i empreses que es converteixin en catalitzadors del desenvolupament de l\u00ednies d\u2019R+D+i<\/span>\n\t\t\t\t\t\t\t\t\t<\/li>\n\t\t\t\t\t\t\t\t<li class=\"elementor-icon-list-item\">\n\t\t\t\t\t\t\t\t\t\t\t<span class=\"elementor-icon-list-icon\">\n\t\t\t\t\t\t\t<i aria-hidden=\"true\" class=\"interfaz interfaz-check-fino\"><\/i>\t\t\t\t\t\t<\/span>\n\t\t\t\t\t\t\t\t\t\t<span class=\"elementor-icon-list-text\"><b>Valorar els grups de recerc<\/b>a<\/span>\n\t\t\t\t\t\t\t\t\t<\/li>\n\t\t\t\t\t\t\t\t<li class=\"elementor-icon-list-item\">\n\t\t\t\t\t\t\t\t\t\t\t<span class=\"elementor-icon-list-icon\">\n\t\t\t\t\t\t\t<i aria-hidden=\"true\" class=\"interfaz interfaz-check-fino\"><\/i>\t\t\t\t\t\t<\/span>\n\t\t\t\t\t\t\t\t\t\t<span class=\"elementor-icon-list-text\"><b>Atreure a Gal\u00edcia l\u00ednies d\u2019R+D+i<\/b><\/span>\n\t\t\t\t\t\t\t\t\t<\/li>\n\t\t\t\t\t\t<\/ul>\n\t\t\t\t\t\t<\/div>\n\t\t\t\t<\/div>\n\t\t\t\t\t<\/div>\n\t\t\t\t<\/div>\n\t\t<div class=\"elementor-element elementor-element-633978e2 e-flex e-con-boxed e-con e-child\" data-id=\"633978e2\" data-element_type=\"container\">\n\t\t\t\t\t<div class=\"e-con-inner\">\n\t\t\t\t<div class=\"elementor-element elementor-element-5ad9fc61 elementor-align-start elementor-icon-list--layout-traditional elementor-list-item-link-full_width elementor-widget elementor-widget-icon-list\" data-id=\"5ad9fc61\" data-element_type=\"widget\" data-widget_type=\"icon-list.default\">\n\t\t\t\t<div class=\"elementor-widget-container\">\n\t\t\t\t\t\t\t<ul class=\"elementor-icon-list-items\">\n\t\t\t\t\t\t\t<li class=\"elementor-icon-list-item\">\n\t\t\t\t\t\t\t\t\t\t\t<span class=\"elementor-icon-list-icon\">\n\t\t\t\t\t\t\t<i aria-hidden=\"true\" class=\"interfaz interfaz-check-fino\"><\/i>\t\t\t\t\t\t<\/span>\n\t\t\t\t\t\t\t\t\t\t<span class=\"elementor-icon-list-text\">Desenvolupar projectes d\u2019<b>alt impacte<\/b> intensius en coneixement<\/span>\n\t\t\t\t\t\t\t\t\t<\/li>\n\t\t\t\t\t\t\t\t<li class=\"elementor-icon-list-item\">\n\t\t\t\t\t\t\t\t\t\t\t<span class=\"elementor-icon-list-icon\">\n\t\t\t\t\t\t\t<i aria-hidden=\"true\" class=\"interfaz interfaz-check-fino\"><\/i>\t\t\t\t\t\t<\/span>\n\t\t\t\t\t\t\t\t\t\t<span class=\"elementor-icon-list-text\"><b> Aproximar els organismes de recerca a l\u2019empresa<\/b><\/span>\n\t\t\t\t\t\t\t\t\t<\/li>\n\t\t\t\t\t\t\t\t<li class=\"elementor-icon-list-item\">\n\t\t\t\t\t\t\t\t\t\t\t<span class=\"elementor-icon-list-icon\">\n\t\t\t\t\t\t\t<i aria-hidden=\"true\" class=\"interfaz interfaz-check-fino\"><\/i>\t\t\t\t\t\t<\/span>\n\t\t\t\t\t\t\t\t\t\t<span class=\"elementor-icon-list-text\">Incentivar la <b>transfer\u00e8ncia de resultats de l\u2019R+D+i al mercat<\/b><\/span>\n\t\t\t\t\t\t\t\t\t<\/li>\n\t\t\t\t\t\t<\/ul>\n\t\t\t\t\t\t<\/div>\n\t\t\t\t<\/div>\n\t\t\t\t\t<\/div>\n\t\t\t\t<\/div>\n\t\t\t\t\t<\/div>\n\t\t\t\t<\/div>\n\t\t<div class=\"elementor-element elementor-element-cc66a80 e-flex e-con-boxed e-con e-parent\" data-id=\"cc66a80\" data-element_type=\"container\">\n\t\t\t\t\t<div class=\"e-con-inner\">\n\t\t\t\t<div class=\"elementor-element elementor-element-d3b3d18 elementor-widget elementor-widget-spacer\" data-id=\"d3b3d18\" data-element_type=\"widget\" data-widget_type=\"spacer.default\">\n\t\t\t\t<div class=\"elementor-widget-container\">\n\t\t\t\t\t\t\t<div class=\"elementor-spacer\">\n\t\t\t<div class=\"elementor-spacer-inner\"><\/div>\n\t\t<\/div>\n\t\t\t\t\t\t<\/div>\n\t\t\t\t<\/div>\n\t\t\t\t<div class=\"elementor-element elementor-element-cc093ba elementor-widget elementor-widget-video\" data-id=\"cc093ba\" data-element_type=\"widget\" data-settings=\"{&quot;video_type&quot;:&quot;vimeo&quot;}\" data-widget_type=\"video.default\">\n\t\t\t\t<div class=\"elementor-widget-container\">\n\t\t\t\t\t\t\t<div class=\"elementor-wrapper elementor-open-inline\">\n\t\t\t<iframe class=\"elementor-video-iframe\" allowfullscreen allow=\"clipboard-write\" title=\"vimeo Video Player\" src=\"https:\/\/player.vimeo.com\/video\/888743630?color&amp;autopause=0&amp;loop=0&amp;muted=0&amp;title=1&amp;portrait=1&amp;byline=1&amp;h=633a1e3b31#t=\"><\/iframe>\t\t<\/div>\n\t\t\t\t\t\t<\/div>\n\t\t\t\t<\/div>\n\t\t\t\t<div class=\"elementor-element elementor-element-9ff36f0 elementor-widget elementor-widget-spacer\" data-id=\"9ff36f0\" data-element_type=\"widget\" data-widget_type=\"spacer.default\">\n\t\t\t\t<div class=\"elementor-widget-container\">\n\t\t\t\t\t\t\t<div class=\"elementor-spacer\">\n\t\t\t<div class=\"elementor-spacer-inner\"><\/div>\n\t\t<\/div>\n\t\t\t\t\t\t<\/div>\n\t\t\t\t<\/div>\n\t\t\t\t\t<\/div>\n\t\t\t\t<\/div>\n\t\t<div class=\"elementor-element elementor-element-61124f0f e-con-full e-flex e-con e-parent\" data-id=\"61124f0f\" data-element_type=\"container\">\n\t\t\t\t<div class=\"elementor-element elementor-element-2ec29a15 elementor-widget elementor-widget-spacer\" data-id=\"2ec29a15\" data-element_type=\"widget\" data-widget_type=\"spacer.default\">\n\t\t\t\t<div class=\"elementor-widget-container\">\n\t\t\t\t\t\t\t<div class=\"elementor-spacer\">\n\t\t\t<div class=\"elementor-spacer-inner\"><\/div>\n\t\t<\/div>\n\t\t\t\t\t\t<\/div>\n\t\t\t\t<\/div>\n\t\t\t\t<\/div>\n\t\t\t\t<\/div>\n\t\t","protected":false},"excerpt":{"rendered":"<p>La Unitat Mixta de Gas Renovable est\u00e0 cofinan\u00e7ada per l\u2019Ag\u00e8ncia Gallega d\u2019Innovaci\u00f3 &#8211; Vicepresid\u00e8ncia Primera i Conselleria d\u2019Economia, Ind\u00fastria i Innovaci\u00f3 de la Xunta de Galicia, i el Fons Europeu de Desenvolupament Regional (FEDER), en el marc del programa operatiu Feder Gal\u00edcia 2014-2020. Potenciar la recerca, el desenvolupament tecnol\u00f2gic i la innovaci\u00f3. La Unitat Mixta [&hellip;]<\/p>\n","protected":false},"author":5,"featured_media":0,"parent":40786,"menu_order":1,"comment_status":"closed","ping_status":"closed","template":"","meta":{"_acf_changed":false,"footnotes":""},"class_list":["post-42046","page","type-page","status-publish","hentry"],"acf":[],"_links":{"self":[{"href":"https:\/\/www.naturgy.com\/ca\/wp-json\/wp\/v2\/pages\/42046","targetHints":{"allow":["GET"]}}],"collection":[{"href":"https:\/\/www.naturgy.com\/ca\/wp-json\/wp\/v2\/pages"}],"about":[{"href":"https:\/\/www.naturgy.com\/ca\/wp-json\/wp\/v2\/types\/page"}],"author":[{"embeddable":true,"href":"https:\/\/www.naturgy.com\/ca\/wp-json\/wp\/v2\/users\/5"}],"replies":[{"embeddable":true,"href":"https:\/\/www.naturgy.com\/ca\/wp-json\/wp\/v2\/comments?post=42046"}],"version-history":[{"count":16,"href":"https:\/\/www.naturgy.com\/ca\/wp-json\/wp\/v2\/pages\/42046\/revisions"}],"predecessor-version":[{"id":90445,"href":"https:\/\/www.naturgy.com\/ca\/wp-json\/wp\/v2\/pages\/42046\/revisions\/90445"}],"up":[{"embeddable":true,"href":"https:\/\/www.naturgy.com\/ca\/wp-json\/wp\/v2\/pages\/40786"}],"wp:attachment":[{"href":"https:\/\/www.naturgy.com\/ca\/wp-json\/wp\/v2\/media?parent=42046"}],"curies":[{"name":"wp","href":"https:\/\/api.w.org\/{rel}","templated":true}]}}