{"id":43011,"date":"2023-02-26T01:14:23","date_gmt":"2023-02-26T00:14:23","guid":{"rendered":"https:\/\/www.naturgy.com\/integridad-y-transparencia\/"},"modified":"2026-03-19T13:47:11","modified_gmt":"2026-03-19T12:47:11","slug":"integritat-i-transparencia","status":"publish","type":"page","link":"https:\/\/www.naturgy.com\/ca\/integritat-i-transparencia\/","title":{"rendered":"Integritat i transpar\u00e8ncia"},"content":{"rendered":"\t\t<div data-elementor-type=\"wp-page\" data-elementor-id=\"43011\" class=\"elementor elementor-43011 elementor-31874\" data-elementor-post-type=\"page\">\n\t\t\t\t<div class=\"elementor-element elementor-element-84fcc15 e-flex e-con-boxed e-con e-parent\" data-id=\"84fcc15\" data-element_type=\"container\">\n\t\t\t\t\t<div class=\"e-con-inner\">\n\t\t<div class=\"elementor-element elementor-element-c916571 e-con-full e-flex e-con e-child\" data-id=\"c916571\" data-element_type=\"container\">\n\t\t\t\t<div class=\"elementor-element elementor-element-76090e6e elementor-widget elementor-widget-shortcode\" data-id=\"76090e6e\" data-element_type=\"widget\" data-widget_type=\"shortcode.default\">\n\t\t\t\t<div class=\"elementor-widget-container\">\n\t\t\t\t\t\t\t<div class=\"elementor-shortcode\"><nav aria-label=\"breadcrumbs\" class=\"rank-math-breadcrumb\"><p><span class=\"last\">Inici<\/span><\/p><\/nav><\/div>\n\t\t\t\t\t\t<\/div>\n\t\t\t\t<\/div>\n\t\t\t\t<div class=\"elementor-element elementor-element-66045f5a elementor-widget elementor-widget-heading\" data-id=\"66045f5a\" data-element_type=\"widget\" data-widget_type=\"heading.default\">\n\t\t\t\t<div class=\"elementor-widget-container\">\n\t\t\t\t\t<h1 class=\"elementor-heading-title elementor-size-default\">Integritat i transpar\u00e8ncia<\/h1>\t\t\t\t<\/div>\n\t\t\t\t<\/div>\n\t\t\t\t<\/div>\n\t\t<div class=\"elementor-element elementor-element-6a67654f e-con-full e-flex e-con e-child\" data-id=\"6a67654f\" data-element_type=\"container\">\n\t\t\t\t<div class=\"elementor-element elementor-element-517d55ca elementor-widget elementor-widget-spacer\" data-id=\"517d55ca\" data-element_type=\"widget\" data-widget_type=\"spacer.default\">\n\t\t\t\t<div class=\"elementor-widget-container\">\n\t\t\t\t\t\t\t<div class=\"elementor-spacer\">\n\t\t\t<div class=\"elementor-spacer-inner\"><\/div>\n\t\t<\/div>\n\t\t\t\t\t\t<\/div>\n\t\t\t\t<\/div>\n\t\t\t\t<\/div>\n\t\t\t\t\t<\/div>\n\t\t\t\t<\/div>\n\t\t<div class=\"elementor-element elementor-element-34255cd8 e-flex e-con-boxed e-con e-parent\" data-id=\"34255cd8\" data-element_type=\"container\">\n\t\t\t\t\t<div class=\"e-con-inner\">\n\t\t\t\t<div class=\"elementor-element elementor-element-69556ddd elementor-widget elementor-widget-image\" data-id=\"69556ddd\" data-element_type=\"widget\" data-widget_type=\"image.default\">\n\t\t\t\t<div class=\"elementor-widget-container\">\n\t\t\t\t\t\t\t\t\t\t\t\t\t\t\t<img fetchpriority=\"high\" decoding=\"async\" width=\"1151\" height=\"400\" src=\"https:\/\/www.naturgy.com\/\/app\/uploads\/2023\/02\/D_Excelencia_en_el_servicio-1.png\" class=\"attachment-full size-full wp-image-32502\" alt=\"\" srcset=\"https:\/\/www.naturgy.com\/\/app\/uploads\/2023\/02\/D_Excelencia_en_el_servicio-1.png 1151w, https:\/\/www.naturgy.com\/\/app\/uploads\/2023\/02\/D_Excelencia_en_el_servicio-1-300x104.png 300w, https:\/\/www.naturgy.com\/\/app\/uploads\/2023\/02\/D_Excelencia_en_el_servicio-1-1024x356.png 1024w, https:\/\/www.naturgy.com\/\/app\/uploads\/2023\/02\/D_Excelencia_en_el_servicio-1-768x267.png 768w\" sizes=\"(max-width: 1151px) 100vw, 1151px\" \/>\t\t\t\t\t\t\t\t\t\t\t\t\t\t\t<\/div>\n\t\t\t\t<\/div>\n\t\t\t\t<div class=\"elementor-element elementor-element-3d560a7 elementor-widget elementor-widget-heading\" data-id=\"3d560a7\" data-element_type=\"widget\" data-widget_type=\"heading.default\">\n\t\t\t\t<div class=\"elementor-widget-container\">\n\t\t\t\t\t<h3 class=\"elementor-heading-title elementor-size-default\">Tenim la ferma convicci\u00f3 que operar amb integritat i transpar\u00e8ncia contribueix de manera directa a aconseguir els nostres objectius i gestionar el negoci de manera sostenible<\/h3>\t\t\t\t<\/div>\n\t\t\t\t<\/div>\n\t\t\t\t<div class=\"elementor-element elementor-element-44b53eca elementor-widget elementor-widget-text-editor\" data-id=\"44b53eca\" data-element_type=\"widget\" data-widget_type=\"text-editor.default\">\n\t\t\t\t<div class=\"elementor-widget-container\">\n\t\t\t\t\t\t\t\t\t<p>Per donar resposta als riscos relacionats amb la integritat i la transpar\u00e8ncia, hem desenvolupat un seguit de mecanismes que estableixen les pautes que han de presidir el comportament \u00e8tic i transparent dels administradors i treballadors en el seu acompliment diari, tal com recullen el Codi \u00e8tic, el Codi \u00e8tic del prove\u00efdor, la Pol\u00edtica de compliance, el Model de prevenci\u00f3 penal, la Pol\u00edtica anticorrupci\u00f3, les pol\u00edtiques fiscals i la Pol\u00edtica Global de Sostenibilitat. Sobre la base dels nostres principis \u00e8tics, refor\u00e7arem les millors conductes i pr\u00e0ctiques en nous entorns internacionals amb oportunitats de creixement per a la companyia, de manera que es contribueixi al desenvolupament i al progr\u00e9s social.<\/p>\t\t\t\t\t\t\t\t<\/div>\n\t\t\t\t<\/div>\n\t\t\t\t\t<\/div>\n\t\t\t\t<\/div>\n\t\t<div class=\"elementor-element elementor-element-7bc47746 e-con-full e-flex e-con e-parent\" data-id=\"7bc47746\" data-element_type=\"container\">\n\t\t\t\t<div class=\"elementor-element elementor-element-4552544e elementor-widget elementor-widget-spacer\" data-id=\"4552544e\" data-element_type=\"widget\" data-widget_type=\"spacer.default\">\n\t\t\t\t<div class=\"elementor-widget-container\">\n\t\t\t\t\t\t\t<div class=\"elementor-spacer\">\n\t\t\t<div class=\"elementor-spacer-inner\"><\/div>\n\t\t<\/div>\n\t\t\t\t\t\t<\/div>\n\t\t\t\t<\/div>\n\t\t\t\t<\/div>\n\t\t<div class=\"elementor-element elementor-element-7b4e6ee e-flex e-con-boxed e-con e-parent\" data-id=\"7b4e6ee\" data-element_type=\"container\">\n\t\t\t\t\t<div class=\"e-con-inner\">\n\t\t\t\t<div class=\"elementor-element elementor-element-ce8b1b0 elementor-widget elementor-widget-heading\" data-id=\"ce8b1b0\" data-element_type=\"widget\" data-widget_type=\"heading.default\">\n\t\t\t\t<div class=\"elementor-widget-container\">\n\t\t\t\t\t<h3 class=\"elementor-heading-title elementor-size-default\"><b>Principis d\u2019actuaci\u00f3 responsable i \u00edntegra<\/b><\/h3>\t\t\t\t<\/div>\n\t\t\t\t<\/div>\n\t\t\t\t\t<\/div>\n\t\t\t\t<\/div>\n\t\t<div class=\"elementor-element elementor-element-fd7b6c6 e-con-full e-flex e-con e-parent\" data-id=\"fd7b6c6\" data-element_type=\"container\">\n\t\t\t\t<div class=\"elementor-element elementor-element-d3cc604 elementor-widget elementor-widget-spacer\" data-id=\"d3cc604\" data-element_type=\"widget\" data-widget_type=\"spacer.default\">\n\t\t\t\t<div class=\"elementor-widget-container\">\n\t\t\t\t\t\t\t<div class=\"elementor-spacer\">\n\t\t\t<div class=\"elementor-spacer-inner\"><\/div>\n\t\t<\/div>\n\t\t\t\t\t\t<\/div>\n\t\t\t\t<\/div>\n\t\t\t\t<\/div>\n\t\t<div class=\"elementor-element elementor-element-a602b69 grid col-3 e-flex e-con-boxed e-con e-parent\" data-id=\"a602b69\" data-element_type=\"container\">\n\t\t\t\t\t<div class=\"e-con-inner\">\n\t\t<div class=\"elementor-element elementor-element-4f3e319 e-con-full e-flex e-con e-child\" data-id=\"4f3e319\" data-element_type=\"container\">\n\t\t\t\t<div class=\"elementor-element elementor-element-b127ecb elementor-view-default elementor-widget elementor-widget-icon\" data-id=\"b127ecb\" data-element_type=\"widget\" data-widget_type=\"icon.default\">\n\t\t\t\t<div class=\"elementor-widget-container\">\n\t\t\t\t\t\t\t<div class=\"elementor-icon-wrapper\">\n\t\t\t<div class=\"elementor-icon\">\n\t\t\t<i aria-hidden=\"true\" class=\"interfaz interfaz-seguridad-escudo\"><\/i>\t\t\t<\/div>\n\t\t<\/div>\n\t\t\t\t\t\t<\/div>\n\t\t\t\t<\/div>\n\t\t\t\t<div class=\"elementor-element elementor-element-e701ee3 elementor-widget elementor-widget-text-editor\" data-id=\"e701ee3\" data-element_type=\"widget\" data-widget_type=\"text-editor.default\">\n\t\t\t\t<div class=\"elementor-widget-container\">\n\t\t\t\t\t\t\t\t\tRebutjar la corrupci\u00f3, el frau i el suborn en el desenvolupament de l\u2019activitat de la companyia i establir mesures per evitar-los i combatre\u2019ls, desenvolupant <strong>canals interns<\/strong> que permetin la comunicaci\u00f3 d\u2019irregularitats, <strong>respectant<\/strong> i <strong>protegint<\/strong> l\u2019<strong>anonimat<\/strong> del comunicant.\t\t\t\t\t\t\t\t<\/div>\n\t\t\t\t<\/div>\n\t\t\t\t<\/div>\n\t\t<div class=\"elementor-element elementor-element-fe45ed5 e-con-full e-flex e-con e-child\" data-id=\"fe45ed5\" data-element_type=\"container\">\n\t\t\t\t<div class=\"elementor-element elementor-element-b81ac54 elementor-view-default elementor-widget elementor-widget-icon\" data-id=\"b81ac54\" data-element_type=\"widget\" data-widget_type=\"icon.default\">\n\t\t\t\t<div class=\"elementor-widget-container\">\n\t\t\t\t\t\t\t<div class=\"elementor-icon-wrapper\">\n\t\t\t<div class=\"elementor-icon\">\n\t\t\t<i aria-hidden=\"true\" class=\"otros otros-legal\"><\/i>\t\t\t<\/div>\n\t\t<\/div>\n\t\t\t\t\t\t<\/div>\n\t\t\t\t<\/div>\n\t\t\t\t<div class=\"elementor-element elementor-element-c648190 elementor-widget elementor-widget-text-editor\" data-id=\"c648190\" data-element_type=\"widget\" data-widget_type=\"text-editor.default\">\n\t\t\t\t<div class=\"elementor-widget-container\">\n\t\t\t\t\t\t\t\t\t<p>Complir <strong>les lleis i les normes<\/strong> nacionals i internacionals vigents als pa\u00efsos on opera la companyia, respectant especialment els principis expressats en la <strong>Declaraci\u00f3 universal dels drets humans de Nacions Unides<\/strong> i en la <strong>Declaraci\u00f3 de l\u2019Organitzaci\u00f3 Internacional del Treball<\/strong> (OIT), els principis del <strong>Pacte Mundial de Nacions Unides<\/strong>, els Principis rectors de drets humans i empreses de Nacions Unides, aix\u00ed com els principis de l\u2019OCDE per al Govern de les Societats.<\/p>\t\t\t\t\t\t\t\t<\/div>\n\t\t\t\t<\/div>\n\t\t\t\t<\/div>\n\t\t<div class=\"elementor-element elementor-element-5a6eee4 e-con-full e-flex e-con e-child\" data-id=\"5a6eee4\" data-element_type=\"container\">\n\t\t\t\t<div class=\"elementor-element elementor-element-eca268e elementor-view-default elementor-widget elementor-widget-icon\" data-id=\"eca268e\" data-element_type=\"widget\" data-widget_type=\"icon.default\">\n\t\t\t\t<div class=\"elementor-widget-container\">\n\t\t\t\t\t\t\t<div class=\"elementor-icon-wrapper\">\n\t\t\t<div class=\"elementor-icon\">\n\t\t\t<i aria-hidden=\"true\" class=\"otros otros-legal2\"><\/i>\t\t\t<\/div>\n\t\t<\/div>\n\t\t\t\t\t\t<\/div>\n\t\t\t\t<\/div>\n\t\t\t\t<div class=\"elementor-element elementor-element-1b74f15 elementor-widget elementor-widget-text-editor\" data-id=\"1b74f15\" data-element_type=\"widget\" data-widget_type=\"text-editor.default\">\n\t\t\t\t<div class=\"elementor-widget-container\">\n\t\t\t\t\t\t\t\t\tActuar amb responsabilitat en la <strong>gesti\u00f3 dels negocis<\/strong> i complir les obligacions fiscals en totes les jurisdiccions on opera la companyia, assumint el comprom\u00eds de <strong>transpar\u00e8ncia i col\u00b7laboraci\u00f3<\/strong> amb les <strong>administracions tribut\u00e0ries<\/strong> corresponents.\t\t\t\t\t\t\t\t<\/div>\n\t\t\t\t<\/div>\n\t\t\t\t<\/div>\n\t\t\t\t\t<\/div>\n\t\t\t\t<\/div>\n\t\t<div class=\"elementor-element elementor-element-256b601 e-con-full e-flex e-con e-parent\" data-id=\"256b601\" data-element_type=\"container\">\n\t\t\t\t<div class=\"elementor-element elementor-element-3e4f8e6 elementor-widget elementor-widget-spacer\" data-id=\"3e4f8e6\" data-element_type=\"widget\" data-widget_type=\"spacer.default\">\n\t\t\t\t<div class=\"elementor-widget-container\">\n\t\t\t\t\t\t\t<div class=\"elementor-spacer\">\n\t\t\t<div class=\"elementor-spacer-inner\"><\/div>\n\t\t<\/div>\n\t\t\t\t\t\t<\/div>\n\t\t\t\t<\/div>\n\t\t\t\t<\/div>\n\t\t<div class=\"elementor-element elementor-element-c5dda2e grid col-3 e-flex e-con-boxed e-con e-parent\" data-id=\"c5dda2e\" data-element_type=\"container\">\n\t\t\t\t\t<div class=\"e-con-inner\">\n\t\t<div class=\"elementor-element elementor-element-c371f0e e-con-full e-flex e-con e-child\" data-id=\"c371f0e\" data-element_type=\"container\">\n\t\t\t\t<div class=\"elementor-element elementor-element-2a320c5 elementor-view-default elementor-widget elementor-widget-icon\" data-id=\"2a320c5\" data-element_type=\"widget\" data-widget_type=\"icon.default\">\n\t\t\t\t<div class=\"elementor-widget-container\">\n\t\t\t\t\t\t\t<div class=\"elementor-icon-wrapper\">\n\t\t\t<div class=\"elementor-icon\">\n\t\t\t<i aria-hidden=\"true\" class=\"graficas graficas-diploma-gr\"><\/i>\t\t\t<\/div>\n\t\t<\/div>\n\t\t\t\t\t\t<\/div>\n\t\t\t\t<\/div>\n\t\t\t\t<div class=\"elementor-element elementor-element-0f396fc elementor-widget elementor-widget-text-editor\" data-id=\"0f396fc\" data-element_type=\"widget\" data-widget_type=\"text-editor.default\">\n\t\t\t\t<div class=\"elementor-widget-container\">\n\t\t\t\t\t\t\t\t\t<p>Competir en el mercat de <strong>manera lleial<\/strong>, sense admetre conductes enganyoses, fraudulentes o malicioses que portin a la companyia a l\u2019obtenci\u00f3 d\u2019avantatges indeguts.<\/p>\t\t\t\t\t\t\t\t<\/div>\n\t\t\t\t<\/div>\n\t\t\t\t<\/div>\n\t\t<div class=\"elementor-element elementor-element-56c062e e-con-full e-flex e-con e-child\" data-id=\"56c062e\" data-element_type=\"container\">\n\t\t\t\t<div class=\"elementor-element elementor-element-e6de49a elementor-view-default elementor-widget elementor-widget-icon\" data-id=\"e6de49a\" data-element_type=\"widget\" data-widget_type=\"icon.default\">\n\t\t\t\t<div class=\"elementor-widget-container\">\n\t\t\t\t\t\t\t<div class=\"elementor-icon-wrapper\">\n\t\t\t<div class=\"elementor-icon\">\n\t\t\t<i aria-hidden=\"true\" class=\"oficina oficina-nota-actualidad\"><\/i>\t\t\t<\/div>\n\t\t<\/div>\n\t\t\t\t\t\t<\/div>\n\t\t\t\t<\/div>\n\t\t\t\t<div class=\"elementor-element elementor-element-f3095e2 elementor-widget elementor-widget-text-editor\" data-id=\"f3095e2\" data-element_type=\"widget\" data-widget_type=\"text-editor.default\">\n\t\t\t\t<div class=\"elementor-widget-container\">\n\t\t\t\t\t\t\t\t\tPromoure la <strong>transpar\u00e8ncia informativa<\/strong> i la <strong>comunicaci\u00f3 responsable, vera\u00e7, efica\u00e7, \u00edntegra i puntual<\/strong>, publicant peri\u00f2dicament informaci\u00f3 financera i no financera que posi en relleu les actuacions de l\u2019empresa i que ofereixi una resposta espec\u00edfica a les <strong>necessitats d\u2019informaci\u00f3<\/strong> dels <strong>grups d\u2019inter\u00e8s<\/strong> de la companyia.\t\t\t\t\t\t\t\t<\/div>\n\t\t\t\t<\/div>\n\t\t\t\t<\/div>\n\t\t<div class=\"elementor-element elementor-element-8101532 e-con-full e-flex e-con e-child\" data-id=\"8101532\" data-element_type=\"container\">\n\t\t\t\t<div class=\"elementor-element elementor-element-408f9a6 elementor-view-default elementor-widget elementor-widget-icon\" data-id=\"408f9a6\" data-element_type=\"widget\" data-widget_type=\"icon.default\">\n\t\t\t\t<div class=\"elementor-widget-container\">\n\t\t\t\t\t\t\t<div class=\"elementor-icon-wrapper\">\n\t\t\t<div class=\"elementor-icon\">\n\t\t\t<i aria-hidden=\"true\" class=\"interfaz interfaz-chat-atencion\"><\/i>\t\t\t<\/div>\n\t\t<\/div>\n\t\t\t\t\t\t<\/div>\n\t\t\t\t<\/div>\n\t\t\t\t<div class=\"elementor-element elementor-element-c94a1c1 elementor-widget elementor-widget-text-editor\" data-id=\"c94a1c1\" data-element_type=\"widget\" data-widget_type=\"text-editor.default\">\n\t\t\t\t<div class=\"elementor-widget-container\">\n\t\t\t\t\t\t\t\t\tMantenir, a tota hora, el <strong>di\u00e0leg amb els grups d\u2019inter\u00e8s<\/strong> a trav\u00e9s dels <strong>canals de comunicaci\u00f3<\/strong> que siguin m\u00e9s adequats i accessibles.\t\t\t\t\t\t\t\t<\/div>\n\t\t\t\t<\/div>\n\t\t\t\t<\/div>\n\t\t\t\t\t<\/div>\n\t\t\t\t<\/div>\n\t\t<div class=\"elementor-element elementor-element-235148f e-con-full e-flex e-con e-parent\" data-id=\"235148f\" data-element_type=\"container\">\n\t\t\t\t<div class=\"elementor-element elementor-element-3ce06b0 elementor-widget elementor-widget-spacer\" data-id=\"3ce06b0\" data-element_type=\"widget\" data-widget_type=\"spacer.default\">\n\t\t\t\t<div class=\"elementor-widget-container\">\n\t\t\t\t\t\t\t<div class=\"elementor-spacer\">\n\t\t\t<div class=\"elementor-spacer-inner\"><\/div>\n\t\t<\/div>\n\t\t\t\t\t\t<\/div>\n\t\t\t\t<\/div>\n\t\t\t\t<\/div>\n\t\t\t\t<\/div>\n\t\t","protected":false},"excerpt":{"rendered":"<p>Tenim la ferma convicci\u00f3 que operar amb integritat i transpar\u00e8ncia contribueix de manera directa a aconseguir els nostres objectius i gestionar el negoci de manera sostenible Per donar resposta als riscos relacionats amb la integritat i la transpar\u00e8ncia, hem desenvolupat un seguit de mecanismes que estableixen les pautes que han de presidir el comportament \u00e8tic [&hellip;]<\/p>\n","protected":false},"author":5,"featured_media":0,"parent":0,"menu_order":0,"comment_status":"closed","ping_status":"closed","template":"","meta":{"_acf_changed":false,"footnotes":""},"class_list":["post-43011","page","type-page","status-publish","hentry"],"acf":[],"_links":{"self":[{"href":"https:\/\/www.naturgy.com\/ca\/wp-json\/wp\/v2\/pages\/43011","targetHints":{"allow":["GET"]}}],"collection":[{"href":"https:\/\/www.naturgy.com\/ca\/wp-json\/wp\/v2\/pages"}],"about":[{"href":"https:\/\/www.naturgy.com\/ca\/wp-json\/wp\/v2\/types\/page"}],"author":[{"embeddable":true,"href":"https:\/\/www.naturgy.com\/ca\/wp-json\/wp\/v2\/users\/5"}],"replies":[{"embeddable":true,"href":"https:\/\/www.naturgy.com\/ca\/wp-json\/wp\/v2\/comments?post=43011"}],"version-history":[{"count":11,"href":"https:\/\/www.naturgy.com\/ca\/wp-json\/wp\/v2\/pages\/43011\/revisions"}],"predecessor-version":[{"id":141591,"href":"https:\/\/www.naturgy.com\/ca\/wp-json\/wp\/v2\/pages\/43011\/revisions\/141591"}],"wp:attachment":[{"href":"https:\/\/www.naturgy.com\/ca\/wp-json\/wp\/v2\/media?parent=43011"}],"curies":[{"name":"wp","href":"https:\/\/api.w.org\/{rel}","templated":true}]}}