{"id":43017,"date":"2023-02-26T01:14:54","date_gmt":"2023-02-26T00:14:54","guid":{"rendered":"https:\/\/www.naturgy.com\/compromiso-con-los-resultados\/"},"modified":"2023-03-29T13:16:59","modified_gmt":"2023-03-29T11:16:59","slug":"compromis-amb-els-resultats","status":"publish","type":"page","link":"https:\/\/www.naturgy.com\/ca\/compromis-amb-els-resultats\/","title":{"rendered":"Comprom\u00eds amb els resultats"},"content":{"rendered":"\t\t<div data-elementor-type=\"wp-page\" data-elementor-id=\"43017\" class=\"elementor elementor-43017 elementor-31872\" data-elementor-post-type=\"page\">\n\t\t\t\t<div class=\"elementor-element elementor-element-3812a557 e-flex e-con-boxed e-con e-parent\" data-id=\"3812a557\" data-element_type=\"container\">\n\t\t\t\t\t<div class=\"e-con-inner\">\n\t\t<div class=\"elementor-element elementor-element-60c262ec e-con-full e-flex e-con e-parent\" data-id=\"60c262ec\" data-element_type=\"container\">\n\t\t\t\t<div class=\"elementor-element elementor-element-24155d9c elementor-widget elementor-widget-shortcode\" data-id=\"24155d9c\" data-element_type=\"widget\" data-widget_type=\"shortcode.default\">\n\t\t\t\t<div class=\"elementor-widget-container\">\n\t\t\t\t\t\t\t<div class=\"elementor-shortcode\"><nav aria-label=\"breadcrumbs\" class=\"rank-math-breadcrumb\"><p><span class=\"last\">Inici<\/span><\/p><\/nav><\/div>\n\t\t\t\t\t\t<\/div>\n\t\t\t\t<\/div>\n\t\t\t\t<div class=\"elementor-element elementor-element-1c74f8b5 elementor-widget elementor-widget-heading\" data-id=\"1c74f8b5\" data-element_type=\"widget\" data-widget_type=\"heading.default\">\n\t\t\t\t<div class=\"elementor-widget-container\">\n\t\t\t\t\t<h1 class=\"elementor-heading-title elementor-size-default\">Comprom\u00eds amb els resultats<\/h1>\t\t\t\t<\/div>\n\t\t\t\t<\/div>\n\t\t\t\t<\/div>\n\t\t<div class=\"elementor-element elementor-element-567aa253 e-con-full e-flex e-con e-parent\" data-id=\"567aa253\" data-element_type=\"container\">\n\t\t\t\t<div class=\"elementor-element elementor-element-6f59f808 elementor-widget elementor-widget-spacer\" data-id=\"6f59f808\" data-element_type=\"widget\" data-widget_type=\"spacer.default\">\n\t\t\t\t<div class=\"elementor-widget-container\">\n\t\t\t\t\t\t\t<div class=\"elementor-spacer\">\n\t\t\t<div class=\"elementor-spacer-inner\"><\/div>\n\t\t<\/div>\n\t\t\t\t\t\t<\/div>\n\t\t\t\t<\/div>\n\t\t\t\t<\/div>\n\t\t\t\t\t<\/div>\n\t\t\t\t<\/div>\n\t\t<div class=\"elementor-element elementor-element-520a0974 e-flex e-con-boxed e-con e-parent\" data-id=\"520a0974\" data-element_type=\"container\">\n\t\t\t\t\t<div class=\"e-con-inner\">\n\t\t\t\t<div class=\"elementor-element elementor-element-79efbccb elementor-widget elementor-widget-image\" data-id=\"79efbccb\" data-element_type=\"widget\" data-widget_type=\"image.default\">\n\t\t\t\t<div class=\"elementor-widget-container\">\n\t\t\t\t\t\t\t\t\t\t\t\t\t\t\t<img fetchpriority=\"high\" decoding=\"async\" width=\"1151\" height=\"400\" src=\"https:\/\/www.naturgy.com\/\/app\/uploads\/2023\/03\/D_Compromiso_con_los_resultados.png\" class=\"attachment-full size-full wp-image-36567\" alt=\"\" srcset=\"https:\/\/www.naturgy.com\/\/app\/uploads\/2023\/03\/D_Compromiso_con_los_resultados.png 1151w, https:\/\/www.naturgy.com\/\/app\/uploads\/2023\/03\/D_Compromiso_con_los_resultados-300x104.png 300w, https:\/\/www.naturgy.com\/\/app\/uploads\/2023\/03\/D_Compromiso_con_los_resultados-1024x356.png 1024w, https:\/\/www.naturgy.com\/\/app\/uploads\/2023\/03\/D_Compromiso_con_los_resultados-768x267.png 768w\" sizes=\"(max-width: 1151px) 100vw, 1151px\" \/>\t\t\t\t\t\t\t\t\t\t\t\t\t\t\t<\/div>\n\t\t\t\t<\/div>\n\t\t\t\t<div class=\"elementor-element elementor-element-395c0d2 elementor-widget elementor-widget-spacer\" data-id=\"395c0d2\" data-element_type=\"widget\" data-widget_type=\"spacer.default\">\n\t\t\t\t<div class=\"elementor-widget-container\">\n\t\t\t\t\t\t\t<div class=\"elementor-spacer\">\n\t\t\t<div class=\"elementor-spacer-inner\"><\/div>\n\t\t<\/div>\n\t\t\t\t\t\t<\/div>\n\t\t\t\t<\/div>\n\t\t\t\t<div class=\"elementor-element elementor-element-3a38325a elementor-widget elementor-widget-heading\" data-id=\"3a38325a\" data-element_type=\"widget\" data-widget_type=\"heading.default\">\n\t\t\t\t<div class=\"elementor-widget-container\">\n\t\t\t\t\t<h3 class=\"elementor-heading-title elementor-size-default\">Apostem per un model de negoci s\u00f2lid i sostenible amb una estricta pol\u00edtica financera per a crear valor a llarg termini<\/h3>\t\t\t\t<\/div>\n\t\t\t\t<\/div>\n\t\t\t\t<div class=\"elementor-element elementor-element-4506b27f elementor-widget elementor-widget-text-editor\" data-id=\"4506b27f\" data-element_type=\"widget\" data-widget_type=\"text-editor.default\">\n\t\t\t\t<div class=\"elementor-widget-container\">\n\t\t\t\t\t\t\t\t\tEn un entorn desafiador, actuem amb l\u2019objectiu de mantenir un perfil financer i de negoci s\u00f2lid i sostenible. El nostre model de negoci est\u00e0 comprom\u00e8s amb la sostenibilitat, busca un equilibri entre les activitats regulades i les no regulades i segueix una pol\u00edtica financera estricta. Els nostres accionistes i inversors constitueixen un dels nostres principals grups d\u2019inter\u00e8s. Per aix\u00f2, gestionar adequadament els riscos i desenvolupar un model de negoci s\u00f2lid que garanteixi la sostenibilitat i la creaci\u00f3 de valor a llarg termini s\u00f3n els aspectes clau del negoci.\t\t\t\t\t\t\t\t<\/div>\n\t\t\t\t<\/div>\n\t\t\t\t\t<\/div>\n\t\t\t\t<\/div>\n\t\t<div class=\"elementor-element elementor-element-144ba2ff e-con-full e-flex e-con e-parent\" data-id=\"144ba2ff\" data-element_type=\"container\">\n\t\t\t\t<div class=\"elementor-element elementor-element-49cf0ea5 elementor-widget elementor-widget-spacer\" data-id=\"49cf0ea5\" data-element_type=\"widget\" data-widget_type=\"spacer.default\">\n\t\t\t\t<div class=\"elementor-widget-container\">\n\t\t\t\t\t\t\t<div class=\"elementor-spacer\">\n\t\t\t<div class=\"elementor-spacer-inner\"><\/div>\n\t\t<\/div>\n\t\t\t\t\t\t<\/div>\n\t\t\t\t<\/div>\n\t\t\t\t<\/div>\n\t\t<div class=\"elementor-element elementor-element-2897533 e-flex e-con-boxed e-con e-parent\" data-id=\"2897533\" data-element_type=\"container\">\n\t\t\t\t\t<div class=\"e-con-inner\">\n\t\t\t\t<div class=\"elementor-element elementor-element-d5725e2 elementor-widget elementor-widget-heading\" data-id=\"d5725e2\" data-element_type=\"widget\" data-widget_type=\"heading.default\">\n\t\t\t\t<div class=\"elementor-widget-container\">\n\t\t\t\t\t<h3 class=\"elementor-heading-title elementor-size-default\">Principis d\u2019actuaci\u00f3 responsable amb els accionistes i inversors<\/h3>\t\t\t\t<\/div>\n\t\t\t\t<\/div>\n\t\t\t\t\t<\/div>\n\t\t\t\t<\/div>\n\t\t<div class=\"elementor-element elementor-element-f9ebfcc e-con-full e-flex e-con e-parent\" data-id=\"f9ebfcc\" data-element_type=\"container\">\n\t\t\t\t<div class=\"elementor-element elementor-element-2526ba3 elementor-widget elementor-widget-spacer\" data-id=\"2526ba3\" data-element_type=\"widget\" data-widget_type=\"spacer.default\">\n\t\t\t\t<div class=\"elementor-widget-container\">\n\t\t\t\t\t\t\t<div class=\"elementor-spacer\">\n\t\t\t<div class=\"elementor-spacer-inner\"><\/div>\n\t\t<\/div>\n\t\t\t\t\t\t<\/div>\n\t\t\t\t<\/div>\n\t\t\t\t<\/div>\n\t\t<div class=\"elementor-element elementor-element-4ece231 grid col-4 e-flex e-con-boxed e-con e-parent\" data-id=\"4ece231\" data-element_type=\"container\">\n\t\t\t\t\t<div class=\"e-con-inner\">\n\t\t<div class=\"elementor-element elementor-element-8543a53 e-con-full e-flex e-con e-parent\" data-id=\"8543a53\" data-element_type=\"container\">\n\t\t\t\t<div class=\"elementor-element elementor-element-6e8d0b4 elementor-view-default elementor-widget elementor-widget-icon\" data-id=\"6e8d0b4\" data-element_type=\"widget\" data-widget_type=\"icon.default\">\n\t\t\t\t<div class=\"elementor-widget-container\">\n\t\t\t\t\t\t\t<div class=\"elementor-icon-wrapper\">\n\t\t\t<div class=\"elementor-icon\">\n\t\t\t<i aria-hidden=\"true\" class=\"medioambiente medioambiente-ecologia\"><\/i>\t\t\t<\/div>\n\t\t<\/div>\n\t\t\t\t\t\t<\/div>\n\t\t\t\t<\/div>\n\t\t\t\t<div class=\"elementor-element elementor-element-9d2198e elementor-widget elementor-widget-text-editor\" data-id=\"9d2198e\" data-element_type=\"widget\" data-widget_type=\"text-editor.default\">\n\t\t\t\t<div class=\"elementor-widget-container\">\n\t\t\t\t\t\t\t\t\t<p>Treballar per obtenir una <strong>rendibilitat sostinguda<\/strong> adequada als <strong>recursos invertits<\/strong>.<\/p>\t\t\t\t\t\t\t\t<\/div>\n\t\t\t\t<\/div>\n\t\t\t\t<\/div>\n\t\t<div class=\"elementor-element elementor-element-78af671 e-con-full e-flex e-con e-parent\" data-id=\"78af671\" data-element_type=\"container\">\n\t\t\t\t<div class=\"elementor-element elementor-element-476aa74 elementor-view-default elementor-widget elementor-widget-icon\" data-id=\"476aa74\" data-element_type=\"widget\" data-widget_type=\"icon.default\">\n\t\t\t\t<div class=\"elementor-widget-container\">\n\t\t\t\t\t\t\t<div class=\"elementor-icon-wrapper\">\n\t\t\t<div class=\"elementor-icon\">\n\t\t\t<i aria-hidden=\"true\" class=\"graficas graficas-estadisticas2\"><\/i>\t\t\t<\/div>\n\t\t<\/div>\n\t\t\t\t\t\t<\/div>\n\t\t\t\t<\/div>\n\t\t\t\t<div class=\"elementor-element elementor-element-176e445 elementor-widget elementor-widget-text-editor\" data-id=\"176e445\" data-element_type=\"widget\" data-widget_type=\"text-editor.default\">\n\t\t\t\t<div class=\"elementor-widget-container\">\n\t\t\t\t\t\t\t\t\tPromoure una <strong>assignaci\u00f3 i gesti\u00f3 eficient<\/strong> dels recursos dins del marc de la millora cont\u00ednua dels processos.\t\t\t\t\t\t\t\t<\/div>\n\t\t\t\t<\/div>\n\t\t\t\t<\/div>\n\t\t<div class=\"elementor-element elementor-element-33c6b6c e-con-full e-flex e-con e-parent\" data-id=\"33c6b6c\" data-element_type=\"container\">\n\t\t\t\t<div class=\"elementor-element elementor-element-f73d23a elementor-view-default elementor-widget elementor-widget-icon\" data-id=\"f73d23a\" data-element_type=\"widget\" data-widget_type=\"icon.default\">\n\t\t\t\t<div class=\"elementor-widget-container\">\n\t\t\t\t\t\t\t<div class=\"elementor-icon-wrapper\">\n\t\t\t<div class=\"elementor-icon\">\n\t\t\t<i aria-hidden=\"true\" class=\"mantenimiento mantenimiento-mecanismo\"><\/i>\t\t\t<\/div>\n\t\t<\/div>\n\t\t\t\t\t\t<\/div>\n\t\t\t\t<\/div>\n\t\t\t\t<div class=\"elementor-element elementor-element-235e25c elementor-widget elementor-widget-text-editor\" data-id=\"235e25c\" data-element_type=\"widget\" data-widget_type=\"text-editor.default\">\n\t\t\t\t<div class=\"elementor-widget-container\">\n\t\t\t\t\t\t\t\t\tGarantir que la presa de decisions considera els <strong>nivells i llindars<\/strong> de <strong>risc<\/strong> aprovats.\t\t\t\t\t\t\t\t<\/div>\n\t\t\t\t<\/div>\n\t\t\t\t<\/div>\n\t\t<div class=\"elementor-element elementor-element-4373ad2 e-con-full e-flex e-con e-parent\" data-id=\"4373ad2\" data-element_type=\"container\">\n\t\t\t\t<div class=\"elementor-element elementor-element-e455270 elementor-view-default elementor-widget elementor-widget-icon\" data-id=\"e455270\" data-element_type=\"widget\" data-widget_type=\"icon.default\">\n\t\t\t\t<div class=\"elementor-widget-container\">\n\t\t\t\t\t\t\t<div class=\"elementor-icon-wrapper\">\n\t\t\t<div class=\"elementor-icon\">\n\t\t\t<i aria-hidden=\"true\" class=\"medioambiente medioambiente-saludable\"><\/i>\t\t\t<\/div>\n\t\t<\/div>\n\t\t\t\t\t\t<\/div>\n\t\t\t\t<\/div>\n\t\t\t\t<div class=\"elementor-element elementor-element-cc86c0d elementor-widget elementor-widget-text-editor\" data-id=\"cc86c0d\" data-element_type=\"widget\" data-widget_type=\"text-editor.default\">\n\t\t\t\t<div class=\"elementor-widget-container\">\n\t\t\t\t\t\t\t\t\tContinuar incorporant aspectes de <strong>sostenibilitat<\/strong> en la relaci\u00f3 amb els <strong>inversors<\/strong>.\t\t\t\t\t\t\t\t<\/div>\n\t\t\t\t<\/div>\n\t\t\t\t<\/div>\n\t\t\t\t\t<\/div>\n\t\t\t\t<\/div>\n\t\t<div class=\"elementor-element elementor-element-f7c98f8 e-con-full e-flex e-con e-parent\" data-id=\"f7c98f8\" data-element_type=\"container\">\n\t\t\t\t<div class=\"elementor-element elementor-element-9ae057a elementor-widget elementor-widget-spacer\" data-id=\"9ae057a\" data-element_type=\"widget\" data-widget_type=\"spacer.default\">\n\t\t\t\t<div class=\"elementor-widget-container\">\n\t\t\t\t\t\t\t<div class=\"elementor-spacer\">\n\t\t\t<div class=\"elementor-spacer-inner\"><\/div>\n\t\t<\/div>\n\t\t\t\t\t\t<\/div>\n\t\t\t\t<\/div>\n\t\t\t\t<\/div>\n\t\t\t\t<\/div>\n\t\t","protected":false},"excerpt":{"rendered":"<p>Apostem per un model de negoci s\u00f2lid i sostenible amb una estricta pol\u00edtica financera per a crear valor a llarg termini En un entorn desafiador, actuem amb l\u2019objectiu de mantenir un perfil financer i de negoci s\u00f2lid i sostenible. El nostre model de negoci est\u00e0 comprom\u00e8s amb la sostenibilitat, busca un equilibri entre les activitats [&hellip;]<\/p>\n","protected":false},"author":5,"featured_media":0,"parent":0,"menu_order":0,"comment_status":"closed","ping_status":"closed","template":"","meta":{"_acf_changed":false,"footnotes":""},"class_list":["post-43017","page","type-page","status-publish","hentry"],"acf":[],"_links":{"self":[{"href":"https:\/\/www.naturgy.com\/ca\/wp-json\/wp\/v2\/pages\/43017","targetHints":{"allow":["GET"]}}],"collection":[{"href":"https:\/\/www.naturgy.com\/ca\/wp-json\/wp\/v2\/pages"}],"about":[{"href":"https:\/\/www.naturgy.com\/ca\/wp-json\/wp\/v2\/types\/page"}],"author":[{"embeddable":true,"href":"https:\/\/www.naturgy.com\/ca\/wp-json\/wp\/v2\/users\/5"}],"replies":[{"embeddable":true,"href":"https:\/\/www.naturgy.com\/ca\/wp-json\/wp\/v2\/comments?post=43017"}],"version-history":[{"count":10,"href":"https:\/\/www.naturgy.com\/ca\/wp-json\/wp\/v2\/pages\/43017\/revisions"}],"predecessor-version":[{"id":58523,"href":"https:\/\/www.naturgy.com\/ca\/wp-json\/wp\/v2\/pages\/43017\/revisions\/58523"}],"wp:attachment":[{"href":"https:\/\/www.naturgy.com\/ca\/wp-json\/wp\/v2\/media?parent=43017"}],"curies":[{"name":"wp","href":"https:\/\/api.w.org\/{rel}","templated":true}]}}