{"id":44588,"date":"2023-02-17T10:59:09","date_gmt":"2023-02-17T09:59:09","guid":{"rendered":"https:\/\/www.naturgy.com\/contacto\/"},"modified":"2025-02-05T13:58:06","modified_gmt":"2025-02-05T12:58:06","slug":"contacte-naturgy","status":"publish","type":"page","link":"https:\/\/www.naturgy.com\/ca\/contacte-naturgy\/","title":{"rendered":"Contacte"},"content":{"rendered":"\t\t<div data-elementor-type=\"wp-page\" data-elementor-id=\"44588\" class=\"elementor elementor-44588 elementor-27042\" data-elementor-post-type=\"page\">\n\t\t\t\t<div class=\"elementor-element elementor-element-3ba525ed e-flex e-con-boxed e-con e-parent\" data-id=\"3ba525ed\" data-element_type=\"container\">\n\t\t\t\t\t<div class=\"e-con-inner\">\n\t\t<div class=\"elementor-element elementor-element-60fafcaa e-con-full e-flex e-con e-child\" data-id=\"60fafcaa\" data-element_type=\"container\">\n\t\t\t\t<div class=\"elementor-element elementor-element-25a48900 elementor-widget elementor-widget-shortcode\" data-id=\"25a48900\" data-element_type=\"widget\" data-widget_type=\"shortcode.default\">\n\t\t\t\t<div class=\"elementor-widget-container\">\n\t\t\t\t\t\t\t<div class=\"elementor-shortcode\"><nav aria-label=\"breadcrumbs\" class=\"rank-math-breadcrumb\"><p><span class=\"last\">Inici<\/span><\/p><\/nav><\/div>\n\t\t\t\t\t\t<\/div>\n\t\t\t\t<\/div>\n\t\t\t\t<div class=\"elementor-element elementor-element-23393bd7 elementor-widget elementor-widget-heading\" data-id=\"23393bd7\" data-element_type=\"widget\" data-widget_type=\"heading.default\">\n\t\t\t\t<div class=\"elementor-widget-container\">\n\t\t\t\t\t<h1 class=\"elementor-heading-title elementor-size-default\">Contacte<\/h1>\t\t\t\t<\/div>\n\t\t\t\t<\/div>\n\t\t\t\t<\/div>\n\t\t<div class=\"elementor-element elementor-element-29803ea9 e-con-full e-flex e-con e-child\" data-id=\"29803ea9\" data-element_type=\"container\">\n\t\t\t\t<div class=\"elementor-element elementor-element-db63141 elementor-widget elementor-widget-spacer\" data-id=\"db63141\" data-element_type=\"widget\" data-widget_type=\"spacer.default\">\n\t\t\t\t<div class=\"elementor-widget-container\">\n\t\t\t\t\t\t\t<div class=\"elementor-spacer\">\n\t\t\t<div class=\"elementor-spacer-inner\"><\/div>\n\t\t<\/div>\n\t\t\t\t\t\t<\/div>\n\t\t\t\t<\/div>\n\t\t\t\t<\/div>\n\t\t\t\t\t<\/div>\n\t\t\t\t<\/div>\n\t\t<div class=\"elementor-element elementor-element-0735638 e-flex e-con-boxed e-con e-parent\" data-id=\"0735638\" data-element_type=\"container\">\n\t\t\t\t\t<div class=\"e-con-inner\">\n\t\t\t\t<div class=\"elementor-element elementor-element-26ceb8f elementor-widget elementor-widget-slider_revolution\" data-id=\"26ceb8f\" data-element_type=\"widget\" data-widget_type=\"slider_revolution.default\">\n\t\t\t\t<div class=\"elementor-widget-container\">\n\t\t\t\t\t\n\t\t<div class=\"wp-block-themepunch-revslider\">\n\t\t\t<!-- START Contacto new REVOLUTION SLIDER 6.7.18 --><p class=\"rs-p-wp-fix\"><\/p>\n\t\t\t<rs-module-wrap id=\"rev_slider_93_1_wrapper\" data-source=\"gallery\" style=\"visibility:hidden;background:transparent;padding:0;margin:0px auto;margin-top:0;margin-bottom:0;\">\n\t\t\t\t<rs-module id=\"rev_slider_93_1\" style=\"\" data-version=\"6.7.18\">\n\t\t\t\t\t<rs-slides style=\"overflow: hidden; position: absolute;\">\n\t\t\t\t\t\t<rs-slide style=\"position: absolute;\" data-key=\"rs-292\" data-title=\"Resultados\" data-in=\"o:0;\" data-out=\"a:false;\">\n\t\t\t\t\t\t\t<img fetchpriority=\"high\" decoding=\"async\" src=\"\/\/www.naturgy.com\/\/app\/plugins\/revslider\/sr6\/assets\/assets\/dummy.png\" alt=\"\" title=\"Cabecera\" width=\"3840\" height=\"1184\" class=\"rev-slidebg tp-rs-img rs-lazyload\" data-lazyload=\"\/\/stproportalcorporativo.blob.core.windows.net\/uploads\/2025\/02\/Cabecera.png\" data-no-retina>\n<!--\n\t\t\t\t\t\t\t--><rs-layer\n\t\t\t\t\t\t\t\tid=\"slider-93-slide-292-layer-0\" \n\t\t\t\t\t\t\t\tdata-type=\"shape\"\n\t\t\t\t\t\t\t\tdata-rsp_ch=\"on\"\n\t\t\t\t\t\t\t\tdata-xy=\"x:c;y:b;\"\n\t\t\t\t\t\t\t\tdata-text=\"w:normal;s:20,20,20,5;l:0,0,0,7;\"\n\t\t\t\t\t\t\t\tdata-dim=\"w:1140px,1140px,1140px,90%;h:1px;\"\n\t\t\t\t\t\t\t\tdata-frame_999=\"o:0;st:w;\"\n\t\t\t\t\t\t\t\tstyle=\"z-index:13;background-color:rgba(255,255,255,0.5);\"\n\t\t\t\t\t\t\t> \n\t\t\t\t\t\t\t<\/rs-layer><!--\n\n\t\t\t\t\t\t\t--><rs-layer\n\t\t\t\t\t\t\t\tid=\"slider-93-slide-292-layer-13\" \n\t\t\t\t\t\t\t\tdata-type=\"text\"\n\t\t\t\t\t\t\t\tdata-color=\"#004571\"\n\t\t\t\t\t\t\t\tdata-rsp_ch=\"on\"\n\t\t\t\t\t\t\t\tdata-xy=\"xo:328px,328px,328px,215px;yo:149px,149px,149px,121px;\"\n\t\t\t\t\t\t\t\tdata-text=\"w:normal;s:22,22,22,18;l:22;\"\n\t\t\t\t\t\t\t\tdata-dim=\"w:233,233,233,129px;\"\n\t\t\t\t\t\t\t\tdata-vbility=\"f,f,f,f\"\n\t\t\t\t\t\t\t\tdata-frame_0=\"x:-36px,-36px,-36px,-11px;\"\n\t\t\t\t\t\t\t\tdata-frame_1=\"st:160;sp:1000;sR:160;\"\n\t\t\t\t\t\t\t\tdata-frame_999=\"o:0;st:w;sR:7840;\"\n\t\t\t\t\t\t\t\tstyle=\"z-index:9;font-family:'FS Emeric';\"\n\t\t\t\t\t\t\t>11:00h (CEST) \n\t\t\t\t\t\t\t<\/rs-layer><!--\n-->\t\t\t\t\t<\/rs-slide>\n\t\t\t\t\t<\/rs-slides>\n\t\t\t\t<\/rs-module>\n\t\t\t\t<script>\n\t\t\t\t\tsetREVStartSize({c: 'rev_slider_93_1',rl:[1240,1240,1240,480],el:[460,460,460,520],gw:[1140,1140,1140,380],gh:[460,460,460,520],type:'standard',justify:'',layout:'fullwidth',mh:\"0\"});if (window.RS_MODULES!==undefined && window.RS_MODULES.modules!==undefined && window.RS_MODULES.modules[\"revslider931\"]!==undefined) {window.RS_MODULES.modules[\"revslider931\"].once = false;window.revapi93 = undefined;if (window.RS_MODULES.checkMinimal!==undefined) window.RS_MODULES.checkMinimal()}\n\t\t\t\t<\/script>\n\t\t\t<\/rs-module-wrap>\n\t\t\t<!-- END REVOLUTION SLIDER -->\n<\/div>\n\n\t\t\t\t\t\t<\/div>\n\t\t\t\t<\/div>\n\t\t\t\t<div class=\"elementor-element elementor-element-7d5dd2b elementor-widget elementor-widget-spacer\" data-id=\"7d5dd2b\" data-element_type=\"widget\" data-widget_type=\"spacer.default\">\n\t\t\t\t<div class=\"elementor-widget-container\">\n\t\t\t\t\t\t\t<div class=\"elementor-spacer\">\n\t\t\t<div class=\"elementor-spacer-inner\"><\/div>\n\t\t<\/div>\n\t\t\t\t\t\t<\/div>\n\t\t\t\t<\/div>\n\t\t\t\t\t<\/div>\n\t\t\t\t<\/div>\n\t\t<div class=\"elementor-element elementor-element-1434c76 grid col-3 e-flex e-con-boxed e-con e-parent\" data-id=\"1434c76\" data-element_type=\"container\" data-settings=\"{&quot;background_background&quot;:&quot;classic&quot;}\">\n\t\t\t\t\t<div class=\"e-con-inner\">\n\t\t<div class=\"elementor-element elementor-element-8809d52 e-con-full e-flex e-con e-child\" data-id=\"8809d52\" data-element_type=\"container\">\n\t\t\t\t<div class=\"elementor-element elementor-element-2ecb4d6 elementor-view-default elementor-widget elementor-widget-icon\" data-id=\"2ecb4d6\" data-element_type=\"widget\" data-widget_type=\"icon.default\">\n\t\t\t\t<div class=\"elementor-widget-container\">\n\t\t\t\t\t\t\t<div class=\"elementor-icon-wrapper\">\n\t\t\t<div class=\"elementor-icon\">\n\t\t\t<i aria-hidden=\"true\" class=\"economia economia-monedas\"><\/i>\t\t\t<\/div>\n\t\t<\/div>\n\t\t\t\t\t\t<\/div>\n\t\t\t\t<\/div>\n\t\t\t\t<div class=\"elementor-element elementor-element-aa94181 has-icon elementor-widget elementor-widget-text-editor\" data-id=\"aa94181\" data-element_type=\"widget\" data-widget_type=\"text-editor.default\">\n\t\t\t\t<div class=\"elementor-widget-container\">\n\t\t\t\t\t\t\t\t\t<h4>Clients<\/h4>\t\t\t\t\t\t\t\t<\/div>\n\t\t\t\t<\/div>\n\t\t\t\t<div class=\"elementor-element elementor-element-a78b084 elementor-widget elementor-widget-text-editor\" data-id=\"a78b084\" data-element_type=\"widget\" data-widget_type=\"text-editor.default\">\n\t\t\t\t<div class=\"elementor-widget-container\">\n\t\t\t\t\t\t\t\t\t<p><span style=\"font-weight: normal;\">Si voleu obtenir informaci\u00f3 sobre com i on donar-vos d&#8217;alta, coneixeu les nostres ofertes, productes i serveis, consulteu el nostre canal de clients i noves altes.\u00a0 <\/span><\/p><p><a href=\"https:\/\/www.naturgy.es\/ca\" target=\"_blank\" rel=\"noopener\">&gt; Naturgy.es<\/a><\/p>\t\t\t\t\t\t\t\t<\/div>\n\t\t\t\t<\/div>\n\t\t\t\t<\/div>\n\t\t<div class=\"elementor-element elementor-element-dde685a e-con-full e-flex e-con e-child\" data-id=\"dde685a\" data-element_type=\"container\">\n\t\t\t\t<div class=\"elementor-element elementor-element-ce2e9b1 elementor-view-default elementor-widget elementor-widget-icon\" data-id=\"ce2e9b1\" data-element_type=\"widget\" data-widget_type=\"icon.default\">\n\t\t\t\t<div class=\"elementor-widget-container\">\n\t\t\t\t\t\t\t<div class=\"elementor-icon-wrapper\">\n\t\t\t<div class=\"elementor-icon\">\n\t\t\t<i aria-hidden=\"true\" class=\"personas personas-personas\"><\/i>\t\t\t<\/div>\n\t\t<\/div>\n\t\t\t\t\t\t<\/div>\n\t\t\t\t<\/div>\n\t\t\t\t<div class=\"elementor-element elementor-element-e6ff954 has-icon elementor-widget elementor-widget-text-editor\" data-id=\"e6ff954\" data-element_type=\"widget\" data-widget_type=\"text-editor.default\">\n\t\t\t\t<div class=\"elementor-widget-container\">\n\t\t\t\t\t\t\t\t\t<h4>Canal d&#8217;Ocupaci\u00f3<\/h4>\t\t\t\t\t\t\t\t<\/div>\n\t\t\t\t<\/div>\n\t\t\t\t<div class=\"elementor-element elementor-element-9b7211c elementor-widget elementor-widget-text-editor\" data-id=\"9b7211c\" data-element_type=\"widget\" data-widget_type=\"text-editor.default\">\n\t\t\t\t<div class=\"elementor-widget-container\">\n\t\t\t\t\t\t\t\t\t<p>Descobreix les oportunitats professionals que tenim per a tu al nostre canal Ocupaci\u00f3.<\/p><p><a href=\"https:\/\/www.naturgy.com\/ca\/treballa-amb-nosaltres\/\">&gt; Treballa amb nosaltres<\/a><\/p><p style=\"text-align: center;\">\u00a0<\/p>\t\t\t\t\t\t\t\t<\/div>\n\t\t\t\t<\/div>\n\t\t\t\t<\/div>\n\t\t<div class=\"elementor-element elementor-element-092e6ae e-con-full e-flex e-con e-child\" data-id=\"092e6ae\" data-element_type=\"container\">\n\t\t\t\t<div class=\"elementor-element elementor-element-59e4e04 elementor-view-default elementor-widget elementor-widget-icon\" data-id=\"59e4e04\" data-element_type=\"widget\" data-widget_type=\"icon.default\">\n\t\t\t\t<div class=\"elementor-widget-container\">\n\t\t\t\t\t\t\t<div class=\"elementor-icon-wrapper\">\n\t\t\t<div class=\"elementor-icon\">\n\t\t\t<i aria-hidden=\"true\" class=\"personas personas-mano-acuerdo\"><\/i>\t\t\t<\/div>\n\t\t<\/div>\n\t\t\t\t\t\t<\/div>\n\t\t\t\t<\/div>\n\t\t\t\t<div class=\"elementor-element elementor-element-8ad2ce7 has-icon elementor-widget elementor-widget-text-editor\" data-id=\"8ad2ce7\" data-element_type=\"widget\" data-widget_type=\"text-editor.default\">\n\t\t\t\t<div class=\"elementor-widget-container\">\n\t\t\t\t\t\t\t\t\t<h4>Patrocini<\/h4>\t\t\t\t\t\t\t\t<\/div>\n\t\t\t\t<\/div>\n\t\t\t\t<div class=\"elementor-element elementor-element-b180670 elementor-widget elementor-widget-text-editor\" data-id=\"b180670\" data-element_type=\"widget\" data-widget_type=\"text-editor.default\">\n\t\t\t\t<div class=\"elementor-widget-container\">\n\t\t\t\t\t\t\t\t\t<p>Si tens un projecte en el qual creus que podem col\u00b7laborar, emplena aquest formulari.<\/p><p><a href=\"https:\/\/www.naturgy.com\/ca\/sostenibilitat\/comunitat-i-patrocini\/sol%c2%b7licitud-de-col%c2%b7laboracio\/\">&gt; Sol\u00b7licitud de col\u00b7laboraci\u00f3 per a patrocini<\/a><\/p><p style=\"text-align: center;\">\u00a0<\/p>\t\t\t\t\t\t\t\t<\/div>\n\t\t\t\t<\/div>\n\t\t\t\t<\/div>\n\t\t\t\t\t<\/div>\n\t\t\t\t<\/div>\n\t\t<div class=\"elementor-element elementor-element-5b455bb e-flex e-con-boxed e-con e-parent\" data-id=\"5b455bb\" data-element_type=\"container\">\n\t\t\t\t\t<div class=\"e-con-inner\">\n\t\t\t\t<div class=\"elementor-element elementor-element-799d09a elementor-widget elementor-widget-spacer\" data-id=\"799d09a\" data-element_type=\"widget\" data-widget_type=\"spacer.default\">\n\t\t\t\t<div class=\"elementor-widget-container\">\n\t\t\t\t\t\t\t<div class=\"elementor-spacer\">\n\t\t\t<div class=\"elementor-spacer-inner\"><\/div>\n\t\t<\/div>\n\t\t\t\t\t\t<\/div>\n\t\t\t\t<\/div>\n\t\t\t\t\t<\/div>\n\t\t\t\t<\/div>\n\t\t<div class=\"elementor-element elementor-element-0650c8b grid col-2 e-flex e-con-boxed e-con e-parent\" data-id=\"0650c8b\" data-element_type=\"container\" data-settings=\"{&quot;background_background&quot;:&quot;classic&quot;}\">\n\t\t\t\t\t<div class=\"e-con-inner\">\n\t\t<div class=\"elementor-element elementor-element-684b5d5 e-con-full e-flex e-con e-child\" data-id=\"684b5d5\" data-element_type=\"container\">\n\t\t\t\t<div class=\"elementor-element elementor-element-2c275b3 elementor-view-default elementor-widget elementor-widget-icon\" data-id=\"2c275b3\" data-element_type=\"widget\" data-widget_type=\"icon.default\">\n\t\t\t\t<div class=\"elementor-widget-container\">\n\t\t\t\t\t\t\t<div class=\"elementor-icon-wrapper\">\n\t\t\t<div class=\"elementor-icon\">\n\t\t\t<i aria-hidden=\"true\" class=\"graficas graficas-consumos\"><\/i>\t\t\t<\/div>\n\t\t<\/div>\n\t\t\t\t\t\t<\/div>\n\t\t\t\t<\/div>\n\t\t\t\t<div class=\"elementor-element elementor-element-27d36ab has-icon elementor-widget elementor-widget-text-editor\" data-id=\"27d36ab\" data-element_type=\"widget\" data-widget_type=\"text-editor.default\">\n\t\t\t\t<div class=\"elementor-widget-container\">\n\t\t\t\t\t\t\t\t\t<h4>Accionistes i inversors<\/h4>\t\t\t\t\t\t\t\t<\/div>\n\t\t\t\t<\/div>\n\t\t\t\t<div class=\"elementor-element elementor-element-802e806 has-icon elementor-widget elementor-widget-text-editor\" data-id=\"802e806\" data-element_type=\"widget\" data-widget_type=\"text-editor.default\">\n\t\t\t\t<div class=\"elementor-widget-container\">\n\t\t\t\t\t\t\t\t\t<p><strong>Capital Markets<\/strong><\/p><p>e-mail: <a href=\"mailto:capitalmarkets@naturgy.com\">capitalmarkets@naturgy.com<\/a><br \/><a href=\"https:\/\/www.naturgy.com\/ca\/accionistes-i-inversors\/noticies-per-a-analistes-i-inversors\/\">Subscriure&#8217;s a not\u00edcies per a analistes i inversors<\/a><\/p>\t\t\t\t\t\t\t\t<\/div>\n\t\t\t\t<\/div>\n\t\t\t\t<div class=\"elementor-element elementor-element-ad32232 has-icon elementor-widget elementor-widget-text-editor\" data-id=\"ad32232\" data-element_type=\"widget\" data-widget_type=\"text-editor.default\">\n\t\t\t\t<div class=\"elementor-widget-container\">\n\t\t\t\t\t\t\t\t\t<p><strong>Oficina de l&#8217;accionista<\/strong><\/p><p>Tel 900 100 339<br \/>e-mail: <a href=\"mailto:accionista@naturgy.com\">accionista@naturgy.com<\/a><br \/><a href=\"https:\/\/www.naturgy.com\/ca\/accionistes-i-inversors\/noticies-per-a-accionistes\/\">Subscriure&#8217;s a not\u00edcies per a accionistes<\/a><\/p>\t\t\t\t\t\t\t\t<\/div>\n\t\t\t\t<\/div>\n\t\t\t\t<\/div>\n\t\t<div class=\"elementor-element elementor-element-f79a784 e-con-full e-flex e-con e-child\" data-id=\"f79a784\" data-element_type=\"container\">\n\t\t\t\t<div class=\"elementor-element elementor-element-7917543 elementor-view-default elementor-widget elementor-widget-icon\" data-id=\"7917543\" data-element_type=\"widget\" data-widget_type=\"icon.default\">\n\t\t\t\t<div class=\"elementor-widget-container\">\n\t\t\t\t\t\t\t<div class=\"elementor-icon-wrapper\">\n\t\t\t<div class=\"elementor-icon\">\n\t\t\t<i aria-hidden=\"true\" class=\"oficina oficina-nota-prensa\"><\/i>\t\t\t<\/div>\n\t\t<\/div>\n\t\t\t\t\t\t<\/div>\n\t\t\t\t<\/div>\n\t\t\t\t<div class=\"elementor-element elementor-element-b1e97b9 has-icon elementor-widget elementor-widget-text-editor\" data-id=\"b1e97b9\" data-element_type=\"widget\" data-widget_type=\"text-editor.default\">\n\t\t\t\t<div class=\"elementor-widget-container\">\n\t\t\t\t\t\t\t\t\t<h4>Sala de premsa<\/h4>\t\t\t\t\t\t\t\t<\/div>\n\t\t\t\t<\/div>\n\t\t\t\t<div class=\"elementor-element elementor-element-e7bc2bb elementor-widget elementor-widget-text-editor\" data-id=\"e7bc2bb\" data-element_type=\"widget\" data-widget_type=\"text-editor.default\">\n\t\t\t\t<div class=\"elementor-widget-container\">\n\t\t\t\t\t\t\t\t\t<p>Si ets periodista i necessites informaci\u00f3 sobre l&#8217;activitat de Naturgy, et pots posar en contacte amb nosaltres a trav\u00e9s del seg\u00fcent correu electr\u00f2nic:\u00a0<\/p>\t\t\t\t\t\t\t\t<\/div>\n\t\t\t\t<\/div>\n\t\t\t\t<div class=\"elementor-element elementor-element-7191024 has-icon elementor-widget elementor-widget-text-editor\" data-id=\"7191024\" data-element_type=\"widget\" data-widget_type=\"text-editor.default\">\n\t\t\t\t<div class=\"elementor-widget-container\">\n\t\t\t\t\t\t\t\t\t<p><a href=\"mailto:prensa@naturgy.com?subject=prensa%40naturgy.com&amp;body=prensa%40naturgy.com\">prensa@naturgy.com<\/a><\/p>\n\t\t\t\t\t\t\t\t<\/div>\n\t\t\t\t<\/div>\n\t\t\t\t<\/div>\n\t\t\t\t\t<\/div>\n\t\t\t\t<\/div>\n\t\t<div class=\"elementor-element elementor-element-5c2fa06 e-flex e-con-boxed e-con e-parent\" data-id=\"5c2fa06\" data-element_type=\"container\">\n\t\t\t\t\t<div class=\"e-con-inner\">\n\t\t\t\t<div class=\"elementor-element elementor-element-350efa2 elementor-widget elementor-widget-spacer\" data-id=\"350efa2\" data-element_type=\"widget\" data-widget_type=\"spacer.default\">\n\t\t\t\t<div class=\"elementor-widget-container\">\n\t\t\t\t\t\t\t<div class=\"elementor-spacer\">\n\t\t\t<div class=\"elementor-spacer-inner\"><\/div>\n\t\t<\/div>\n\t\t\t\t\t\t<\/div>\n\t\t\t\t<\/div>\n\t\t\t\t\t<\/div>\n\t\t\t\t<\/div>\n\t\t<div class=\"elementor-element elementor-element-6c48e21 e-flex e-con-boxed e-con e-parent\" data-id=\"6c48e21\" data-element_type=\"container\">\n\t\t\t\t\t<div class=\"e-con-inner\">\n\t\t\t\t<div class=\"elementor-element elementor-element-7807f76 elementor-widget elementor-widget-spacer\" data-id=\"7807f76\" data-element_type=\"widget\" data-widget_type=\"spacer.default\">\n\t\t\t\t<div class=\"elementor-widget-container\">\n\t\t\t\t\t\t\t<div class=\"elementor-spacer\">\n\t\t\t<div class=\"elementor-spacer-inner\"><\/div>\n\t\t<\/div>\n\t\t\t\t\t\t<\/div>\n\t\t\t\t<\/div>\n\t\t\t\t\t<\/div>\n\t\t\t\t<\/div>\n\t\t\t\t<\/div>\n\t\t","protected":false},"excerpt":{"rendered":"<p>Clients Si voleu obtenir informaci\u00f3 sobre com i on donar-vos d&#8217;alta, coneixeu les nostres ofertes, productes i serveis, consulteu el nostre canal de clients i noves altes.\u00a0 &gt; Naturgy.es Canal d&#8217;Ocupaci\u00f3 Descobreix les oportunitats professionals que tenim per a tu al nostre canal Ocupaci\u00f3. &gt; Treballa amb nosaltres \u00a0 Patrocini Si tens un projecte en [&hellip;]<\/p>\n","protected":false},"author":5,"featured_media":0,"parent":0,"menu_order":0,"comment_status":"closed","ping_status":"closed","template":"","meta":{"_acf_changed":false,"footnotes":""},"class_list":["post-44588","page","type-page","status-publish","hentry"],"acf":[],"_links":{"self":[{"href":"https:\/\/www.naturgy.com\/ca\/wp-json\/wp\/v2\/pages\/44588","targetHints":{"allow":["GET"]}}],"collection":[{"href":"https:\/\/www.naturgy.com\/ca\/wp-json\/wp\/v2\/pages"}],"about":[{"href":"https:\/\/www.naturgy.com\/ca\/wp-json\/wp\/v2\/types\/page"}],"author":[{"embeddable":true,"href":"https:\/\/www.naturgy.com\/ca\/wp-json\/wp\/v2\/users\/5"}],"replies":[{"embeddable":true,"href":"https:\/\/www.naturgy.com\/ca\/wp-json\/wp\/v2\/comments?post=44588"}],"version-history":[{"count":30,"href":"https:\/\/www.naturgy.com\/ca\/wp-json\/wp\/v2\/pages\/44588\/revisions"}],"predecessor-version":[{"id":116331,"href":"https:\/\/www.naturgy.com\/ca\/wp-json\/wp\/v2\/pages\/44588\/revisions\/116331"}],"wp:attachment":[{"href":"https:\/\/www.naturgy.com\/ca\/wp-json\/wp\/v2\/media?parent=44588"}],"curies":[{"name":"wp","href":"https:\/\/api.w.org\/{rel}","templated":true}]}}