{"id":59731,"date":"2023-02-17T10:58:53","date_gmt":"2023-02-17T09:58:53","guid":{"rendered":"https:\/\/www.naturgy.com\/politica-de-cookies\/"},"modified":"2024-02-08T16:24:31","modified_gmt":"2024-02-08T15:24:31","slug":"politica-de-cookies","status":"publish","type":"page","link":"https:\/\/www.naturgy.com\/ca\/politica-de-cookies\/","title":{"rendered":"Pol\u00edtica de Cookies"},"content":{"rendered":"\t\t<div data-elementor-type=\"wp-page\" data-elementor-id=\"59731\" class=\"elementor elementor-59731 elementor-27041\" data-elementor-post-type=\"page\">\n\t\t\t\t<div class=\"elementor-element elementor-element-528b6d22 e-flex e-con-boxed e-con e-parent\" data-id=\"528b6d22\" data-element_type=\"container\">\n\t\t\t\t\t<div class=\"e-con-inner\">\n\t\t<div class=\"elementor-element elementor-element-2e2d0633 e-con-full e-flex e-con e-child\" data-id=\"2e2d0633\" data-element_type=\"container\">\n\t\t\t\t<div class=\"elementor-element elementor-element-307c00be elementor-widget elementor-widget-shortcode\" data-id=\"307c00be\" data-element_type=\"widget\" data-widget_type=\"shortcode.default\">\n\t\t\t\t<div class=\"elementor-widget-container\">\n\t\t\t\t\t\t\t<div class=\"elementor-shortcode\"><nav aria-label=\"breadcrumbs\" class=\"rank-math-breadcrumb\"><p><span class=\"last\">Inici<\/span><\/p><\/nav><\/div>\n\t\t\t\t\t\t<\/div>\n\t\t\t\t<\/div>\n\t\t\t\t<div class=\"elementor-element elementor-element-1bff714c elementor-widget elementor-widget-heading\" data-id=\"1bff714c\" data-element_type=\"widget\" data-widget_type=\"heading.default\">\n\t\t\t\t<div class=\"elementor-widget-container\">\n\t\t\t\t\t<h1 class=\"elementor-heading-title elementor-size-default\">Pol\u00edtica de Cookies<\/h1>\t\t\t\t<\/div>\n\t\t\t\t<\/div>\n\t\t\t\t<\/div>\n\t\t<div class=\"elementor-element elementor-element-60a72722 e-con-full e-flex e-con e-child\" data-id=\"60a72722\" data-element_type=\"container\">\n\t\t\t\t<div class=\"elementor-element elementor-element-4972af83 elementor-widget elementor-widget-spacer\" data-id=\"4972af83\" data-element_type=\"widget\" data-widget_type=\"spacer.default\">\n\t\t\t\t<div class=\"elementor-widget-container\">\n\t\t\t\t\t\t\t<div class=\"elementor-spacer\">\n\t\t\t<div class=\"elementor-spacer-inner\"><\/div>\n\t\t<\/div>\n\t\t\t\t\t\t<\/div>\n\t\t\t\t<\/div>\n\t\t\t\t<\/div>\n\t\t\t\t\t<\/div>\n\t\t\t\t<\/div>\n\t\t<div class=\"elementor-element elementor-element-3617279f e-flex e-con-boxed e-con e-parent\" data-id=\"3617279f\" data-element_type=\"container\">\n\t\t\t\t\t<div class=\"e-con-inner\">\n\t\t\t\t<div class=\"elementor-element elementor-element-237b9b13 elementor-widget elementor-widget-text-editor\" data-id=\"237b9b13\" data-element_type=\"widget\" data-widget_type=\"text-editor.default\">\n\t\t\t\t<div class=\"elementor-widget-container\">\n\t\t\t\t\t\t\t\t\t<p><strong>I. OBJECTE<br \/><br \/><\/strong>El lloc web www.naturgy.com (d\u2019ara endavant, el \u201clloc web\u201d) \u00e9s titularitat de Naturgy Energy Group, SA (d\u2019ara endavant, \u201cNaturgy\u201d). Aquest lloc web utilitza una tecnologia denominada \u201cgaletes\u201d que permet recollir informaci\u00f3 sobre l\u2019\u00fas que en feu.<br \/>Aquesta Pol\u00edtica de galetes t\u00e9 per objecte informar-vos de manera clara i precisa sobre les galetes que s\u2019utilitzen al nostre lloc web.<\/p><p><strong><br \/>II. QU\u00c8 S\u00d3N LES GALETES?<br \/><br \/><\/strong>Les galetes s\u00f3n petits arxius que es descarreguen a l\u2019equip (ordinador, tel\u00e8fon m\u00f2bil o un altre dispositiu amb acc\u00e9s online) quan visiteu una determinada p\u00e0gina web, amb la finalitat d\u2019emmagatzemar informaci\u00f3 relacionada amb la navegaci\u00f3 que feu.<br \/><br \/>En general, les galetes poden servir per a finalitats molt diverses com, per exemple, recon\u00e8ixer-vos com a usuari, obtenir informaci\u00f3 sobre els vostres h\u00e0bits de navegaci\u00f3 o personalitzar la forma en qu\u00e8 es mostra el contingut del lloc web.<br \/><br \/>La instal\u00b7laci\u00f3 de galetes a l\u2019equip requereix el vostre consentiment previ, llevat de les galetes t\u00e8cniques, que estan exceptuades d\u2019aquesta obligaci\u00f3, ja que s\u00f3n necess\u00e0ries per al correcte funcionament i navegaci\u00f3 al nostre lloc web.<\/p><p><strong><br \/>III. TIPUS DE GALETES I QUINES UTILITZEM AL NOSTRE LLOC WEB<br \/><br \/><\/strong>Hi ha diferents tipus de galetes en funci\u00f3 de l\u2019entitat que les gestioni, de la finalitat a qu\u00e8 es destini la informaci\u00f3 obtinguda a trav\u00e9s d\u2019elles i del temps que romanguin activades a l\u2019equip.<br \/><br \/>Al quadre que s\u2019adjunta a continuaci\u00f3 trobareu una descripci\u00f3 general dels diferents tipus de galetes que s\u2019utilitzen m\u00e9s freq\u00fcentment, si b\u00e9 el nostre lloc web pot no fer-les servir totes. Per aix\u00f2, sota del quadre us facilitarem informaci\u00f3 detallada de quines s\u00f3n les que nosaltres utilitzem i les seves caracter\u00edstiques concretes.<strong><br \/><br \/><\/strong><\/p>\t\t\t\t\t\t\t\t<\/div>\n\t\t\t\t<\/div>\n\t\t\t\t\t<\/div>\n\t\t\t\t<\/div>\n\t\t<div class=\"elementor-element elementor-element-9b85976 e-flex e-con-boxed e-con e-parent\" data-id=\"9b85976\" data-element_type=\"container\">\n\t\t\t\t\t<div class=\"e-con-inner\">\n\t\t\t\t<div class=\"elementor-element elementor-element-cf5c628 elementor-widget elementor-widget-spacer\" data-id=\"cf5c628\" data-element_type=\"widget\" data-widget_type=\"spacer.default\">\n\t\t\t\t<div class=\"elementor-widget-container\">\n\t\t\t\t\t\t\t<div class=\"elementor-spacer\">\n\t\t\t<div class=\"elementor-spacer-inner\"><\/div>\n\t\t<\/div>\n\t\t\t\t\t\t<\/div>\n\t\t\t\t<\/div>\n\t\t\t\t\t<\/div>\n\t\t\t\t<\/div>\n\t\t<div class=\"elementor-element elementor-element-785e317 e-flex e-con-boxed e-con e-parent\" data-id=\"785e317\" data-element_type=\"container\">\n\t\t\t\t\t<div class=\"e-con-inner\">\n\t\t\t\t<div class=\"elementor-element elementor-element-4c906db elementor-widget elementor-widget-text-editor\" data-id=\"4c906db\" data-element_type=\"widget\" data-widget_type=\"text-editor.default\">\n\t\t\t\t<div class=\"elementor-widget-container\">\n\t\t\t\t\t\t\t\t\t<p><strong>TIPUS DE GALETES<\/strong><\/p>\t\t\t\t\t\t\t\t<\/div>\n\t\t\t\t<\/div>\n\t\t\t\t\t<\/div>\n\t\t\t\t<\/div>\n\t\t<div class=\"elementor-element elementor-element-d380fa2 e-flex e-con-boxed e-con e-parent\" data-id=\"d380fa2\" data-element_type=\"container\">\n\t\t\t\t\t<div class=\"e-con-inner\">\n\t\t\t\t<div class=\"elementor-element elementor-element-4fbab98 elementor-widget elementor-widget-spacer\" data-id=\"4fbab98\" data-element_type=\"widget\" data-widget_type=\"spacer.default\">\n\t\t\t\t<div class=\"elementor-widget-container\">\n\t\t\t\t\t\t\t<div class=\"elementor-spacer\">\n\t\t\t<div class=\"elementor-spacer-inner\"><\/div>\n\t\t<\/div>\n\t\t\t\t\t\t<\/div>\n\t\t\t\t<\/div>\n\t\t\t\t\t<\/div>\n\t\t\t\t<\/div>\n\t\t<div class=\"elementor-element elementor-element-59155409 grid col-3 e-flex e-con-boxed e-con e-parent\" data-id=\"59155409\" data-element_type=\"container\">\n\t\t\t\t\t<div class=\"e-con-inner\">\n\t\t\t\t<div class=\"elementor-element elementor-element-6ea2b4cf kec-table elementor-widget elementor-widget-shortcode\" data-id=\"6ea2b4cf\" data-element_type=\"widget\" data-widget_type=\"shortcode.default\">\n\t\t\t\t<div class=\"elementor-widget-container\">\n\t\t\t\t\t\t\t<div class=\"elementor-shortcode\">\n<table id=\"tablepress-461\" class=\"tablepress tablepress-id-461 tbody-has-connected-cells\">\n<thead>\n<tr class=\"row-1\">\n\t<th class=\"column-1\">CATEGOR\u00cdA<\/th><th class=\"column-2\">TIPOLOG\u00cdA<\/th><th class=\"column-3\">FINALIDAD<\/th>\n<\/tr>\n<\/thead>\n<tbody>\n<tr class=\"row-2\">\n\t<td rowspan=\"2\" class=\"column-1\">Segons l'entitat que les gestioni<\/td><td class=\"column-2\">Galetes pr\u00f2pies<\/td><td class=\"column-3\">S\u00f3n aquelles que s\u2019envien a l\u2019equip terminal de l\u2019usuari des d\u2019un equip o domini gestionat per Naturgy i des del qual es presta el servei sol\u00b7licitat per l\u2019usuari.<\/td>\n<\/tr>\n<tr class=\"row-3\">\n\t<td class=\"column-2\">Galetes de tercer<\/td><td class=\"column-3\">S\u00f3n aquelles que s\u2019envien a l\u2019equip terminal de l\u2019usuari des d\u2019un equip o domini que no \u00e9s gestionat per Naturgy, sin\u00f3 per una altra entitat que tracta les dades obtingudes a trav\u00e9s de les galetes.<\/td>\n<\/tr>\n<tr class=\"row-4\">\n\t<td rowspan=\"4\" class=\"column-1\">Segons la seva finalitat<\/td><td class=\"column-2\">Galetes t\u00e8cniques<\/td><td class=\"column-3\">S\u00f3n aquelles que permeten a l\u2019usuari navegar a trav\u00e9s del lloc web, utilitzant les diferents opcions o serveis que hi ha. Per exemple, permeten controlar el tr\u00e0nsit i la comunicaci\u00f3 de dades, identificar la sessi\u00f3, recordar els elements que integren una comanda, fer la sol\u00b7licitud d\u2019inscripci\u00f3 o participaci\u00f3 en un esdeveniment, etc.  <br \/>\n <br \/>\nPer instal\u00b7lar aquesta classe de galetes no cal obtenir el consentiment de l\u2019usuari, perqu\u00e8 s\u00f3n una classe de galetes que estan exceptuades d\u2019aquesta obligaci\u00f3.<br \/>\n<\/td>\n<\/tr>\n<tr class=\"row-5\">\n\t<td class=\"column-2\">Galetes de personalitzaci\u00f3<\/td><td class=\"column-3\">S\u00f3n aquelles que permeten recordar informaci\u00f3 perqu\u00e8 l\u2019usuari accedeixi al servei amb determinades caracter\u00edstiques que poden diferenciar la seva experi\u00e8ncia de la d\u2019altres usuaris com, per exemple, l\u2019idioma, les seccions marcades com a favorites, l\u2019aspecte o el contingut del servei en funci\u00f3 del tipus de navegador a trav\u00e9s del qual l\u2019usuari accedeix al servei o de la regi\u00f3 des de la qual accedeix al servei, etc.<\/td>\n<\/tr>\n<tr class=\"row-6\">\n\t<td class=\"column-2\">Galetes de anal\u00edtiques<\/td><td class=\"column-3\">S\u00f3n aquelles que permeten mesurar l\u2019activitat dels usuaris al lloc web, a fi d\u2019introduir millores en funci\u00f3 de l\u2019an\u00e0lisi de les dades d\u2019\u00fas que fan els usuaris del servei. Per exemple, permeten saber el nombre d\u2019usuaris que visiten el lloc web, aix\u00ed com les seccions m\u00e9s visitades.<\/td>\n<\/tr>\n<tr class=\"row-7\">\n\t<td class=\"column-2\">Galetes de publicitat comportamental<\/td><td class=\"column-3\">S\u00f3n aquelles que emmagatzemen informaci\u00f3 del comportament dels usuaris obtinguda a trav\u00e9s de l\u2019observaci\u00f3 continuada dels seus h\u00e0bits de navegaci\u00f3, la qual cosa permet oferir-los publicitat personalitzada en funci\u00f3 d\u2019aquests h\u00e0bits.<\/td>\n<\/tr>\n<tr class=\"row-8\">\n\t<td rowspan=\"2\" class=\"column-1\">Segons el temps que romanen activades<\/td><td class=\"column-2\">Galetes de sessi\u00f3<\/td><td class=\"column-3\">S\u00f3n aquelles que estan dissenyades per recollir i emmagatzemar dades mentre l\u2019usuari accedeix al lloc web. Se solen utilitzar per emmagatzemar informaci\u00f3 que nom\u00e9s interessa conservar per a la prestaci\u00f3 del servei sol\u00b7licitat per l\u2019usuari en una \u00fanica ocasi\u00f3 i desapareixen quan acaba la sessi\u00f3.<\/td>\n<\/tr>\n<tr class=\"row-9\">\n\t<td class=\"column-2\">Galetes persistents<\/td><td class=\"column-3\">S\u00f3n aquelles en qu\u00e8 les dades continuen emmagatzemades a l\u2019equip i s\u2019hi pot accedir i poden ser tractades durant un per\u00edode definit pel responsable de la galeta, que pot variar entre uns minuts i uns quants anys.<\/td>\n<\/tr>\n<\/tbody>\n<\/table>\n<!-- #tablepress-461 from cache --><\/div>\n\t\t\t\t\t\t<\/div>\n\t\t\t\t<\/div>\n\t\t\t\t<div class=\"elementor-element elementor-element-264138c elementor-widget elementor-widget-spacer\" data-id=\"264138c\" data-element_type=\"widget\" data-widget_type=\"spacer.default\">\n\t\t\t\t<div class=\"elementor-widget-container\">\n\t\t\t\t\t\t\t<div class=\"elementor-spacer\">\n\t\t\t<div class=\"elementor-spacer-inner\"><\/div>\n\t\t<\/div>\n\t\t\t\t\t\t<\/div>\n\t\t\t\t<\/div>\n\t\t\t\t\t<\/div>\n\t\t\t\t<\/div>\n\t\t<div class=\"elementor-element elementor-element-3e84181 e-flex e-con-boxed e-con e-parent\" data-id=\"3e84181\" data-element_type=\"container\">\n\t\t\t\t\t<div class=\"e-con-inner\">\n\t\t\t\t<div class=\"elementor-element elementor-element-844dc5f elementor-widget elementor-widget-text-editor\" data-id=\"844dc5f\" data-element_type=\"widget\" data-widget_type=\"text-editor.default\">\n\t\t\t\t<div class=\"elementor-widget-container\">\n\t\t\t\t\t\t\t\t\t<p><strong id=\"cookies-web-ca\">CALETES QUE UTILITZEM AL NOSTRE LLOC WEB I GESTI\u00d3 DE PREFER\u00c8NCIES<br \/>\u00a0<\/strong><\/p><p>El nostre lloc web utilitza galetes t\u00e8cniques per a la instal\u00b7laci\u00f3 de les quals no cal obtenir el vostre consentiment.<br \/>Aix\u00ed mateix, el nostre lloc web utilitza altres galetes que requereixen el vostre consentiment previ per poder ser instal\u00b7lades. La informaci\u00f3 que s\u2019obt\u00e9 a trav\u00e9s d\u2019aquestes galetes pot ser utilitzada tant per Naturgy com pel titular de les galetes.<\/p><p>Tot seguit us mostrem els tipus de galetes per als quals actualment ens consta que heu prestat el vostre consentiment, juntament amb l\u2019eina que us permetr\u00e0 canviar les vostres prefer\u00e8ncies sempre que ho desitgeu. Tot aix\u00f2 seguit de la descripci\u00f3 de totes les galetes que utilitzem al nostre lloc web.<br \/><br \/><\/p><p><strong>GESTI\u00d3 DE PREFER\u00c8NCIES<\/strong><\/p>\t\t\t\t\t\t\t\t<\/div>\n\t\t\t\t<\/div>\n\t\t\t\t\t<\/div>\n\t\t\t\t<\/div>\n\t\t<div class=\"elementor-element elementor-element-e0645eb e-flex e-con-boxed e-con e-parent\" data-id=\"e0645eb\" data-element_type=\"container\">\n\t\t\t\t\t<div class=\"e-con-inner\">\n\t\t\t\t<div class=\"elementor-element elementor-element-ffbac1d elementor-widget elementor-widget-spacer\" data-id=\"ffbac1d\" data-element_type=\"widget\" data-widget_type=\"spacer.default\">\n\t\t\t\t<div class=\"elementor-widget-container\">\n\t\t\t\t\t\t\t<div class=\"elementor-spacer\">\n\t\t\t<div class=\"elementor-spacer-inner\"><\/div>\n\t\t<\/div>\n\t\t\t\t\t\t<\/div>\n\t\t\t\t<\/div>\n\t\t\t\t\t<\/div>\n\t\t\t\t<\/div>\n\t\t<div class=\"elementor-element elementor-element-53a3018 e-flex e-con-boxed e-con e-parent\" data-id=\"53a3018\" data-element_type=\"container\">\n\t\t\t\t\t<div class=\"e-con-inner\">\n\t\t\t\t<div class=\"elementor-element elementor-element-791cbf1 elementor-widget elementor-widget-html\" data-id=\"791cbf1\" data-element_type=\"widget\" data-widget_type=\"html.default\">\n\t\t\t\t<div class=\"elementor-widget-container\">\n\t\t\t\t\t<script id=\"CookieDeclaration\" src=\"https:\/\/consent.cookiebot.com\/952e64a5-eb78-49b2-9d9c-0cd3944a0bc6\/cd.js\" type=\"text\/javascript\" data-culture=\"ca\" async><\/script>\t\t\t\t<\/div>\n\t\t\t\t<\/div>\n\t\t\t\t\t<\/div>\n\t\t\t\t<\/div>\n\t\t<div class=\"elementor-element elementor-element-01af10a e-flex e-con-boxed e-con e-parent\" data-id=\"01af10a\" data-element_type=\"container\">\n\t\t\t\t\t<div class=\"e-con-inner\">\n\t\t\t\t<div class=\"elementor-element elementor-element-a5f7bfa elementor-widget elementor-widget-spacer\" data-id=\"a5f7bfa\" data-element_type=\"widget\" data-widget_type=\"spacer.default\">\n\t\t\t\t<div class=\"elementor-widget-container\">\n\t\t\t\t\t\t\t<div class=\"elementor-spacer\">\n\t\t\t<div class=\"elementor-spacer-inner\"><\/div>\n\t\t<\/div>\n\t\t\t\t\t\t<\/div>\n\t\t\t\t<\/div>\n\t\t\t\t\t<\/div>\n\t\t\t\t<\/div>\n\t\t<div class=\"elementor-element elementor-element-ce52da9 e-flex e-con-boxed e-con e-parent\" data-id=\"ce52da9\" data-element_type=\"container\">\n\t\t\t\t\t<div class=\"e-con-inner\">\n\t\t\t\t<div class=\"elementor-element elementor-element-8cfd4b3 elementor-widget elementor-widget-text-editor\" data-id=\"8cfd4b3\" data-element_type=\"widget\" data-widget_type=\"text-editor.default\">\n\t\t\t\t<div class=\"elementor-widget-container\">\n\t\t\t\t\t\t\t\t\t<p><strong><br \/>IV. <\/strong><strong>MANERES D\u2019ATORGAR, DENEGAR O REVOCAR EL CONSENTIMENT PER A L\u2019\u00daS DE GALETES<\/strong><\/p><p>Podeu atorgar o denegar el vostre consentiment per a la utilitzaci\u00f3 de les galetes abans descrites a trav\u00e9s del\u00a0panell de configuraci\u00f3 de galetes.<br \/>Un cop atorgueu el vostre consentiment a les galetes a trav\u00e9s del panell de configuraci\u00f3 de galetes, si posteriorment desitgeu modificar les vostres prefer\u00e8ncies, ho podreu fer a trav\u00e9s de l\u2019eina de\u00a0<a href=\"https:\/\/www.naturgy.com\/ca\/politica-de-cookies\/#cookies-web-ca\">Gesti\u00f3 de prefer\u00e8ncies<\/a>\u00a0disponible a l\u2019apartat III d\u2019aquesta Pol\u00edtica de galetes.<\/p><p>Aix\u00ed mateix, us informem que podeu bloquejar, deshabilitar o eliminar les galetes en qualsevol moment modificant la configuraci\u00f3 del navegador. Per a m\u00e9s informaci\u00f3, us recomanem que consulteu l\u2019ajuda del navegador sobre com gestionar les galetes. A continuaci\u00f3 us facilitem els enlla\u00e7os a la informaci\u00f3 sobre com gestionar l\u2019\u00fas de galetes dels navegadors utilitzats m\u00e9s comunament:<\/p><ul><li><strong>Internet Explorer:\u00a0<\/strong>\u00a0<a href=\"https:\/\/support.microsoft.com\/es-es\/help\/17442\/windows-internet-explorer-delete-manage-cookies\" target=\"_blank\" rel=\"noopener\">https:\/\/support.microsoft.com\/es-es\/help\/17442\/windows-internet-explorer-delete-manage-cookies<\/a><\/li><li><strong>Microsoft Edge:<\/strong>\u00a0<a href=\"https:\/\/support.microsoft.com\/es-es\/help\/4027947\/microsoft-edge-delete-cookies\" target=\"_blank\" rel=\"noopener\">https:\/\/support.microsoft.com\/es-es\/help\/4027947\/microsoft-edge-delete-cookies<\/a><\/li><li><strong>Firefox:<\/strong>\u00a0<a href=\"https:\/\/support.mozilla.org\/es\/products\/firefox\/protect-your-privacy\/cookies\" target=\"_blank\" rel=\"noopener\">https:\/\/support.mozilla.org\/es\/products\/firefox\/protect-your-privacy\/cookies<\/a><\/li><li><strong>Google Chrome<\/strong>:\u00a0<a href=\"https:\/\/support.google.com\/chrome\/answer\/95647?hl=es\" target=\"_blank\" rel=\"noopener\">https:\/\/support.google.com\/chrome\/answer\/95647?hl=es<\/a><\/li><li><strong>Safari<\/strong>:\u00a0<a href=\"https:\/\/support.apple.com\/es-es\/guide\/safari\/sfri11471\/mac\" target=\"_blank\" rel=\"noopener\">https:\/\/support.apple.com\/es-es\/guide\/safari\/sfri11471\/mac<\/a><\/li><li><strong>Opera 19<\/strong>:\u00a0<a href=\"http:\/\/help.opera.com\/Windows\/11.50\/es-ES\/cookies.html\" target=\"_blank\" rel=\"noopener\">http:\/\/help.opera.com\/Windows\/11.50\/es-ES\/cookies.html<\/a><\/li><\/ul><p>\u00a0<\/p><p><strong>V. <\/strong><strong>TRANSFER\u00c8NCIES DE DADES A TERCERS PA\u00cfSOS<\/strong><\/p><p>Respecte de les dades obtingudes a trav\u00e9s de galetes pr\u00f2pies, aquestes s\u00f3n tractades dins de l\u2019Espai Econ\u00f2mic Europeu o en pa\u00efsos que han estat declarats amb un nivell adequat de protecci\u00f3.<\/p><p>Quant a les galetes de tercers, per informar-vos de les transfer\u00e8ncies a tercers pa\u00efsos que, si escau, fan els tercers identificats en aquesta Pol\u00edtica de galetes, consulteu la informaci\u00f3 sobre aquestes galetes disponible al lloc web dels tercers esmentats a trav\u00e9s de l\u2019enlla\u00e7 que us proporcionem a l\u2019apartat III d\u2019aquesta Pol\u00edtica, en el qual descrivim les galetes que es fan servir en aquest lloc web.\u00a0<\/p><p><strong>VI. M\u00c9S INFORMACI\u00d3 SOBRE PROTECCI\u00d3 DE DADES DE CAR\u00c0CTER PERSONAL<\/strong><\/p><p>Us recomanem que consulteu la nostra <a href=\"https:\/\/www.naturgy.com\/nota-legal\/\">Pol\u00edtica\u00a0de\u00a0privacitat<\/a> per obtenir m\u00e9s informaci\u00f3 sobre el tractament de dades que realitzem, aix\u00ed com la forma d\u2019exercir els vostres drets i reclamacions davant del delegat de protecci\u00f3 de dades de Naturgy i\/o l\u2019autoritat de control corresponent.<\/p><p><strong>VII. CANVIS EN AQUESTA POL\u00cdTICA DE GALETES<\/strong><\/p><p>\u00c9s possible que actualitzem la Pol\u00edtica de galetes del nostre lloc web. Per aix\u00f2, us recomanem que reviseu peri\u00f2dicament aquesta Pol\u00edtica per estar convenientment informat sobre l\u2019\u00fas que fem de les galetes.\u00a0<\/p>\t\t\t\t\t\t\t\t<\/div>\n\t\t\t\t<\/div>\n\t\t\t\t\t<\/div>\n\t\t\t\t<\/div>\n\t\t<div class=\"elementor-element elementor-element-baf8de2 e-flex e-con-boxed e-con e-parent\" data-id=\"baf8de2\" data-element_type=\"container\">\n\t\t\t\t\t<div class=\"e-con-inner\">\n\t\t\t\t<div class=\"elementor-element elementor-element-02b63aa elementor-widget elementor-widget-spacer\" data-id=\"02b63aa\" data-element_type=\"widget\" data-widget_type=\"spacer.default\">\n\t\t\t\t<div class=\"elementor-widget-container\">\n\t\t\t\t\t\t\t<div class=\"elementor-spacer\">\n\t\t\t<div class=\"elementor-spacer-inner\"><\/div>\n\t\t<\/div>\n\t\t\t\t\t\t<\/div>\n\t\t\t\t<\/div>\n\t\t\t\t\t<\/div>\n\t\t\t\t<\/div>\n\t\t\t\t<\/div>\n\t\t","protected":false},"excerpt":{"rendered":"<p>I. OBJECTE El lloc web www.naturgy.com (d\u2019ara endavant, el \u201clloc web\u201d) \u00e9s titularitat de Naturgy Energy Group, SA (d\u2019ara endavant, \u201cNaturgy\u201d). Aquest lloc web utilitza una tecnologia denominada \u201cgaletes\u201d que permet recollir informaci\u00f3 sobre l\u2019\u00fas que en feu.Aquesta Pol\u00edtica de galetes t\u00e9 per objecte informar-vos de manera clara i precisa sobre les galetes que s\u2019utilitzen [&hellip;]<\/p>\n","protected":false},"author":5,"featured_media":0,"parent":0,"menu_order":0,"comment_status":"closed","ping_status":"closed","template":"","meta":{"_acf_changed":false,"footnotes":""},"class_list":["post-59731","page","type-page","status-publish","hentry"],"acf":[],"_links":{"self":[{"href":"https:\/\/www.naturgy.com\/ca\/wp-json\/wp\/v2\/pages\/59731","targetHints":{"allow":["GET"]}}],"collection":[{"href":"https:\/\/www.naturgy.com\/ca\/wp-json\/wp\/v2\/pages"}],"about":[{"href":"https:\/\/www.naturgy.com\/ca\/wp-json\/wp\/v2\/types\/page"}],"author":[{"embeddable":true,"href":"https:\/\/www.naturgy.com\/ca\/wp-json\/wp\/v2\/users\/5"}],"replies":[{"embeddable":true,"href":"https:\/\/www.naturgy.com\/ca\/wp-json\/wp\/v2\/comments?post=59731"}],"version-history":[{"count":30,"href":"https:\/\/www.naturgy.com\/ca\/wp-json\/wp\/v2\/pages\/59731\/revisions"}],"predecessor-version":[{"id":94717,"href":"https:\/\/www.naturgy.com\/ca\/wp-json\/wp\/v2\/pages\/59731\/revisions\/94717"}],"wp:attachment":[{"href":"https:\/\/www.naturgy.com\/ca\/wp-json\/wp\/v2\/media?parent=59731"}],"curies":[{"name":"wp","href":"https:\/\/api.w.org\/{rel}","templated":true}]}}