{"id":59740,"date":"2023-02-10T10:46:00","date_gmt":"2023-02-10T09:46:00","guid":{"rendered":"https:\/\/www.naturgy.com\/policies-and-codes-of-conduct\/politica-de-relacion-con-comunidades\/"},"modified":"2023-04-17T15:21:17","modified_gmt":"2023-04-17T13:21:17","slug":"politica-de-relacio-amb-les-comunitats","status":"publish","type":"page","link":"https:\/\/www.naturgy.com\/ca\/coneix-nos-naturgy\/el-grup\/politiques-i-codis-de-conducta\/politica-de-relacio-amb-les-comunitats\/","title":{"rendered":"Pol\u00edtica de relaci\u00f3 amb les comunitats"},"content":{"rendered":"\t\t<div data-elementor-type=\"wp-page\" data-elementor-id=\"59740\" class=\"elementor elementor-59740 elementor-21684\" data-elementor-post-type=\"page\">\n\t\t\t\t<div class=\"elementor-element elementor-element-294766cd e-flex e-con-boxed e-con e-parent\" data-id=\"294766cd\" data-element_type=\"container\">\n\t\t\t\t\t<div class=\"e-con-inner\">\n\t\t<div class=\"elementor-element elementor-element-22d00803 e-con-full e-flex e-con e-parent\" data-id=\"22d00803\" data-element_type=\"container\">\n\t\t\t\t<div class=\"elementor-element elementor-element-959fa81 elementor-widget elementor-widget-shortcode\" data-id=\"959fa81\" data-element_type=\"widget\" data-widget_type=\"shortcode.default\">\n\t\t\t\t<div class=\"elementor-widget-container\">\n\t\t\t\t\t\t\t<div class=\"elementor-shortcode\"><nav aria-label=\"breadcrumbs\" class=\"rank-math-breadcrumb\"><p><span class=\"last\">Inici<\/span><\/p><\/nav><\/div>\n\t\t\t\t\t\t<\/div>\n\t\t\t\t<\/div>\n\t\t\t\t<div class=\"elementor-element elementor-element-3681cf83 elementor-widget elementor-widget-heading\" data-id=\"3681cf83\" data-element_type=\"widget\" data-widget_type=\"heading.default\">\n\t\t\t\t<div class=\"elementor-widget-container\">\n\t\t\t\t\t<h1 class=\"elementor-heading-title elementor-size-default\">Pol\u00edtica de relaci\u00f3 amb les comunitats<\/h1>\t\t\t\t<\/div>\n\t\t\t\t<\/div>\n\t\t\t\t<\/div>\n\t\t<div class=\"elementor-element elementor-element-6f9a1040 e-con-full e-flex e-con e-parent\" data-id=\"6f9a1040\" data-element_type=\"container\">\n\t\t\t\t<div class=\"elementor-element elementor-element-7f6948ca elementor-widget elementor-widget-spacer\" data-id=\"7f6948ca\" data-element_type=\"widget\" data-widget_type=\"spacer.default\">\n\t\t\t\t<div class=\"elementor-widget-container\">\n\t\t\t\t\t\t\t<div class=\"elementor-spacer\">\n\t\t\t<div class=\"elementor-spacer-inner\"><\/div>\n\t\t<\/div>\n\t\t\t\t\t\t<\/div>\n\t\t\t\t<\/div>\n\t\t\t\t<\/div>\n\t\t\t\t\t<\/div>\n\t\t\t\t<\/div>\n\t\t<div class=\"elementor-element elementor-element-32810bb9 e-flex e-con-boxed e-con e-parent\" data-id=\"32810bb9\" data-element_type=\"container\">\n\t\t\t\t\t<div class=\"e-con-inner\">\n\t\t<div class=\"elementor-element elementor-element-6033dd6f e-con-full e-flex e-con e-parent\" data-id=\"6033dd6f\" data-element_type=\"container\">\n\t\t<div class=\"elementor-element elementor-element-4d3a1806 e-con-full e-flex e-con e-parent\" data-id=\"4d3a1806\" data-element_type=\"container\">\n\t\t\t\t<div class=\"elementor-element elementor-element-1095e426 elementor-widget elementor-widget-heading\" data-id=\"1095e426\" data-element_type=\"widget\" data-widget_type=\"heading.default\">\n\t\t\t\t<div class=\"elementor-widget-container\">\n\t\t\t\t\t<h2 class=\"elementor-heading-title elementor-size-default\">Comprom\u00eds social<\/h2>\t\t\t\t<\/div>\n\t\t\t\t<\/div>\n\t\t\t\t<\/div>\n\t\t\t\t<\/div>\n\t\t<div class=\"elementor-element elementor-element-23bb3b5 e-flex e-con-boxed e-con e-parent\" data-id=\"23bb3b5\" data-element_type=\"container\">\n\t\t\t\t\t<div class=\"e-con-inner\">\n\t\t\t\t<div class=\"elementor-element elementor-element-4e5467a1 elementor-widget elementor-widget-image\" data-id=\"4e5467a1\" data-element_type=\"widget\" data-widget_type=\"image.default\">\n\t\t\t\t<div class=\"elementor-widget-container\">\n\t\t\t\t\t\t\t\t\t\t\t\t\t\t\t<img fetchpriority=\"high\" decoding=\"async\" width=\"681\" height=\"565\" src=\"https:\/\/www.naturgy.com\/\/app\/uploads\/2023\/02\/25311068_2255788177780177_7365071226062640884_oprueba.jpg\" class=\"attachment-large size-large wp-image-22379\" alt=\"\" srcset=\"https:\/\/www.naturgy.com\/\/app\/uploads\/2023\/02\/25311068_2255788177780177_7365071226062640884_oprueba.jpg 681w, https:\/\/www.naturgy.com\/\/app\/uploads\/2023\/02\/25311068_2255788177780177_7365071226062640884_oprueba-300x249.jpg 300w\" sizes=\"(max-width: 681px) 100vw, 681px\" \/>\t\t\t\t\t\t\t\t\t\t\t\t\t\t\t<\/div>\n\t\t\t\t<\/div>\n\t\t\t\t\t<\/div>\n\t\t\t\t<\/div>\n\t\t\t\t\t<\/div>\n\t\t\t\t<\/div>\n\t\t<div class=\"elementor-element elementor-element-889decb e-flex e-con-boxed e-con e-parent\" data-id=\"889decb\" data-element_type=\"container\">\n\t\t\t\t\t<div class=\"e-con-inner\">\n\t\t<div class=\"elementor-element elementor-element-53b65c0d e-flex e-con-boxed e-con e-parent\" data-id=\"53b65c0d\" data-element_type=\"container\">\n\t\t\t\t\t<div class=\"e-con-inner\">\n\t\t<div class=\"elementor-element elementor-element-d5208cb e-con-full e-flex e-con e-parent\" data-id=\"d5208cb\" data-element_type=\"container\">\n\t\t\t\t<div class=\"elementor-element elementor-element-1504569 elementor-widget elementor-widget-text-editor\" data-id=\"1504569\" data-element_type=\"widget\" data-widget_type=\"text-editor.default\">\n\t\t\t\t<div class=\"elementor-widget-container\">\n\t\t\t\t\t\t\t\t\t<p>Des del marc de la nostra\u00a0Pol\u00edtica de drets humans, adquirim\u00a0un ferm comprom\u00eds amb el\u00a0<strong>respecte de les comunitats locals<\/strong>. Per assolir aquest comprom\u00eds, s\u00f3n aspectes clau l\u2019avaluaci\u00f3 de l\u2019impacte social que les activitats de la companyia puguin tenir sobre les comunitats afectades i la contribuci\u00f3 a la millora de les seves\u00a0<strong>condicions de vida.<\/strong><br \/><br \/>Estem compromesos amb el\u00a0<strong>desenvolupament econ\u00f2mic i social<\/strong>\u00a0de les regions en les quals desenvolupem les nostres activitats, i hi aportem\u00a0<strong>coneixements, capacitat de gesti\u00f3 i creativitat<\/strong>, i a m\u00e9s dediquem part dels beneficis a la\u00a0<strong>inversi\u00f3 social<\/strong>.<br \/><br \/>El\u00a0<strong>di\u00e0leg fluid i permanent<\/strong>\u00a0amb la societat ens permet con\u00e8ixer les expectatives i els interessos de les comunitats on operem per tal de poder implicar-nos en el seu desenvolupament i procurar donar la resposta m\u00e9s adequada a les seves necessitats.\u00a0<\/p>\t\t\t\t\t\t\t\t<\/div>\n\t\t\t\t<\/div>\n\t\t\t\t<\/div>\n\t\t\t\t\t<\/div>\n\t\t\t\t<\/div>\n\t\t<div class=\"elementor-element elementor-element-4d0ceeb6 e-flex e-con-boxed e-con e-parent\" data-id=\"4d0ceeb6\" data-element_type=\"container\">\n\t\t\t\t\t<div class=\"e-con-inner\">\n\t\t\t\t<div class=\"elementor-element elementor-element-50300108 elementor-widget elementor-widget-image\" data-id=\"50300108\" data-element_type=\"widget\" data-widget_type=\"image.default\">\n\t\t\t\t<div class=\"elementor-widget-container\">\n\t\t\t\t\t\t\t\t\t\t\t\t\t\t\t<img decoding=\"async\" width=\"681\" height=\"565\" src=\"https:\/\/www.naturgy.com\/\/app\/uploads\/2023\/03\/25311068_2255788177780177_7365071226062640884_oprueba-1.jpg\" class=\"attachment-large size-large wp-image-53820\" alt=\"\" srcset=\"https:\/\/www.naturgy.com\/\/app\/uploads\/2023\/03\/25311068_2255788177780177_7365071226062640884_oprueba-1.jpg 681w, https:\/\/www.naturgy.com\/\/app\/uploads\/2023\/03\/25311068_2255788177780177_7365071226062640884_oprueba-1-300x249.jpg 300w\" sizes=\"(max-width: 681px) 100vw, 681px\" \/>\t\t\t\t\t\t\t\t\t\t\t\t\t\t\t<\/div>\n\t\t\t\t<\/div>\n\t\t\t\t\t<\/div>\n\t\t\t\t<\/div>\n\t\t\t\t\t<\/div>\n\t\t\t\t<\/div>\n\t\t<div class=\"elementor-element elementor-element-2fb28858 e-con-full e-flex e-con e-parent\" data-id=\"2fb28858\" data-element_type=\"container\">\n\t\t\t\t<div class=\"elementor-element elementor-element-fc01023 elementor-widget elementor-widget-spacer\" data-id=\"fc01023\" data-element_type=\"widget\" data-widget_type=\"spacer.default\">\n\t\t\t\t<div class=\"elementor-widget-container\">\n\t\t\t\t\t\t\t<div class=\"elementor-spacer\">\n\t\t\t<div class=\"elementor-spacer-inner\"><\/div>\n\t\t<\/div>\n\t\t\t\t\t\t<\/div>\n\t\t\t\t<\/div>\n\t\t\t\t<\/div>\n\t\t<div class=\"elementor-element elementor-element-41541908 e-flex e-con-boxed e-con e-parent\" data-id=\"41541908\" data-element_type=\"container\">\n\t\t\t\t\t<div class=\"e-con-inner\">\n\t\t\t\t<div class=\"elementor-element elementor-element-1c87c441 elementor-widget elementor-widget-heading\" data-id=\"1c87c441\" data-element_type=\"widget\" data-widget_type=\"heading.default\">\n\t\t\t\t<div class=\"elementor-widget-container\">\n\t\t\t\t\t<h2 class=\"elementor-heading-title elementor-size-default\">Principis de la companyia\n<\/h2>\t\t\t\t<\/div>\n\t\t\t\t<\/div>\n\t\t\t\t<div class=\"elementor-element elementor-element-159789d elementor-widget elementor-widget-spacer\" data-id=\"159789d\" data-element_type=\"widget\" data-widget_type=\"spacer.default\">\n\t\t\t\t<div class=\"elementor-widget-container\">\n\t\t\t\t\t\t\t<div class=\"elementor-spacer\">\n\t\t\t<div class=\"elementor-spacer-inner\"><\/div>\n\t\t<\/div>\n\t\t\t\t\t\t<\/div>\n\t\t\t\t<\/div>\n\t\t\t\t\t<\/div>\n\t\t\t\t<\/div>\n\t\t<div class=\"elementor-element elementor-element-7985dfa2 e-flex e-con-boxed e-con e-parent\" data-id=\"7985dfa2\" data-element_type=\"container\" data-settings=\"{&quot;background_background&quot;:&quot;classic&quot;}\">\n\t\t\t\t\t<div class=\"e-con-inner\">\n\t\t<div class=\"elementor-element elementor-element-4279010 grid col-5 e-flex e-con-boxed e-con e-parent\" data-id=\"4279010\" data-element_type=\"container\">\n\t\t\t\t\t<div class=\"e-con-inner\">\n\t\t<div class=\"elementor-element elementor-element-3a83622 e-con-full e-flex e-con e-parent\" data-id=\"3a83622\" data-element_type=\"container\">\n\t\t\t\t<div class=\"elementor-element elementor-element-cdd6896 elementor-view-default elementor-widget elementor-widget-icon\" data-id=\"cdd6896\" data-element_type=\"widget\" data-widget_type=\"icon.default\">\n\t\t\t\t<div class=\"elementor-widget-container\">\n\t\t\t\t\t\t\t<div class=\"elementor-icon-wrapper\">\n\t\t\t<div class=\"elementor-icon\">\n\t\t\t<i aria-hidden=\"true\" class=\"interfaz interfaz-1numeros\"><\/i>\t\t\t<\/div>\n\t\t<\/div>\n\t\t\t\t\t\t<\/div>\n\t\t\t\t<\/div>\n\t\t\t\t<div class=\"elementor-element elementor-element-298925b elementor-widget elementor-widget-text-editor\" data-id=\"298925b\" data-element_type=\"widget\" data-widget_type=\"text-editor.default\">\n\t\t\t\t<div class=\"elementor-widget-container\">\n\t\t\t\t\t\t\t\t\t<p>Identificar les comunitatss afectades per l\u00b4actividad de la companyia, con\u00e8ixer les seves necessitats i aspiracions\u00a0<\/p>\t\t\t\t\t\t\t\t<\/div>\n\t\t\t\t<\/div>\n\t\t\t\t<\/div>\n\t\t<div class=\"elementor-element elementor-element-2655658 e-con-full e-flex e-con e-parent\" data-id=\"2655658\" data-element_type=\"container\">\n\t\t\t\t<div class=\"elementor-element elementor-element-766c12f elementor-view-default elementor-widget elementor-widget-icon\" data-id=\"766c12f\" data-element_type=\"widget\" data-widget_type=\"icon.default\">\n\t\t\t\t<div class=\"elementor-widget-container\">\n\t\t\t\t\t\t\t<div class=\"elementor-icon-wrapper\">\n\t\t\t<div class=\"elementor-icon\">\n\t\t\t<i aria-hidden=\"true\" class=\"interfaz interfaz-2numeros\"><\/i>\t\t\t<\/div>\n\t\t<\/div>\n\t\t\t\t\t\t<\/div>\n\t\t\t\t<\/div>\n\t\t\t\t<div class=\"elementor-element elementor-element-2182eee elementor-widget elementor-widget-text-editor\" data-id=\"2182eee\" data-element_type=\"widget\" data-widget_type=\"text-editor.default\">\n\t\t\t\t<div class=\"elementor-widget-container\">\n\t\t\t\t\t\t\t\t\t<p>Analitzar els impactes i els potencials riscos ambientals i socials que l seva activitat pugi producir en les comunitats<\/p>\t\t\t\t\t\t\t\t<\/div>\n\t\t\t\t<\/div>\n\t\t\t\t<\/div>\n\t\t<div class=\"elementor-element elementor-element-f1e1554 e-con-full e-flex e-con e-parent\" data-id=\"f1e1554\" data-element_type=\"container\">\n\t\t\t\t<div class=\"elementor-element elementor-element-91f8628 elementor-view-default elementor-widget elementor-widget-icon\" data-id=\"91f8628\" data-element_type=\"widget\" data-widget_type=\"icon.default\">\n\t\t\t\t<div class=\"elementor-widget-container\">\n\t\t\t\t\t\t\t<div class=\"elementor-icon-wrapper\">\n\t\t\t<div class=\"elementor-icon\">\n\t\t\t<i aria-hidden=\"true\" class=\"interfaz interfaz-3numeros\"><\/i>\t\t\t<\/div>\n\t\t<\/div>\n\t\t\t\t\t\t<\/div>\n\t\t\t\t<\/div>\n\t\t\t\t<div class=\"elementor-element elementor-element-801781c elementor-widget elementor-widget-text-editor\" data-id=\"801781c\" data-element_type=\"widget\" data-widget_type=\"text-editor.default\">\n\t\t\t\t<div class=\"elementor-widget-container\">\n\t\t\t\t\t\t\t\t\t<p>Informar la comunitat i convidar-la a participar en les diferents fases del projecte a traves d\u00b4un proce\u00e9s de consulta<\/p>\t\t\t\t\t\t\t\t<\/div>\n\t\t\t\t<\/div>\n\t\t\t\t<\/div>\n\t\t<div class=\"elementor-element elementor-element-b7c9914 e-con-full e-flex e-con e-parent\" data-id=\"b7c9914\" data-element_type=\"container\">\n\t\t\t\t<div class=\"elementor-element elementor-element-f7754d7 elementor-view-default elementor-widget elementor-widget-icon\" data-id=\"f7754d7\" data-element_type=\"widget\" data-widget_type=\"icon.default\">\n\t\t\t\t<div class=\"elementor-widget-container\">\n\t\t\t\t\t\t\t<div class=\"elementor-icon-wrapper\">\n\t\t\t<div class=\"elementor-icon\">\n\t\t\t<i aria-hidden=\"true\" class=\"interfaz interfaz-4numeros\"><\/i>\t\t\t<\/div>\n\t\t<\/div>\n\t\t\t\t\t\t<\/div>\n\t\t\t\t<\/div>\n\t\t\t\t<div class=\"elementor-element elementor-element-78e3687 elementor-widget elementor-widget-text-editor\" data-id=\"78e3687\" data-element_type=\"widget\" data-widget_type=\"text-editor.default\">\n\t\t\t\t<div class=\"elementor-widget-container\">\n\t\t\t\t\t\t\t\t\t<p>Incorporar, en els estudis d\u00e1valuaci\u00f3 de l\u00edmpacte, les oportunitats identificades en el d\u00e0leg amb les comunitats que fomenten el desnvolupament sostenible<\/p>\t\t\t\t\t\t\t\t<\/div>\n\t\t\t\t<\/div>\n\t\t\t\t<\/div>\n\t\t<div class=\"elementor-element elementor-element-8460a58 e-con-full e-flex e-con e-parent\" data-id=\"8460a58\" data-element_type=\"container\">\n\t\t\t\t<div class=\"elementor-element elementor-element-14663e5 elementor-view-default elementor-widget elementor-widget-icon\" data-id=\"14663e5\" data-element_type=\"widget\" data-widget_type=\"icon.default\">\n\t\t\t\t<div class=\"elementor-widget-container\">\n\t\t\t\t\t\t\t<div class=\"elementor-icon-wrapper\">\n\t\t\t<div class=\"elementor-icon\">\n\t\t\t<i aria-hidden=\"true\" class=\"interfaz interfaz-5numeros\"><\/i>\t\t\t<\/div>\n\t\t<\/div>\n\t\t\t\t\t\t<\/div>\n\t\t\t\t<\/div>\n\t\t\t\t<div class=\"elementor-element elementor-element-0cea693 elementor-widget elementor-widget-text-editor\" data-id=\"0cea693\" data-element_type=\"widget\" data-widget_type=\"text-editor.default\">\n\t\t\t\t<div class=\"elementor-widget-container\">\n\t\t\t\t\t\t\t\t\t<p>Establir una comunicaci\u00f3 sistem\u00e0tica i relaci\u00f3 ambles comunitats que garanteixi que reben la infomaci\u00f3 de manera clara actualizada i efica\u00e7<\/p>\t\t\t\t\t\t\t\t<\/div>\n\t\t\t\t<\/div>\n\t\t\t\t<\/div>\n\t\t\t\t\t<\/div>\n\t\t\t\t<\/div>\n\t\t\t\t\t<\/div>\n\t\t\t\t<\/div>\n\t\t<div class=\"elementor-element elementor-element-508b869b e-con-full e-flex e-con e-parent\" data-id=\"508b869b\" data-element_type=\"container\">\n\t\t\t\t<div class=\"elementor-element elementor-element-6b4975b2 elementor-widget elementor-widget-spacer\" data-id=\"6b4975b2\" data-element_type=\"widget\" data-widget_type=\"spacer.default\">\n\t\t\t\t<div class=\"elementor-widget-container\">\n\t\t\t\t\t\t\t<div class=\"elementor-spacer\">\n\t\t\t<div class=\"elementor-spacer-inner\"><\/div>\n\t\t<\/div>\n\t\t\t\t\t\t<\/div>\n\t\t\t\t<\/div>\n\t\t\t\t<\/div>\n\t\t\t\t<\/div>\n\t\t","protected":false},"excerpt":{"rendered":"<p>Comprom\u00eds social Des del marc de la nostra\u00a0Pol\u00edtica de drets humans, adquirim\u00a0un ferm comprom\u00eds amb el\u00a0respecte de les comunitats locals. Per assolir aquest comprom\u00eds, s\u00f3n aspectes clau l\u2019avaluaci\u00f3 de l\u2019impacte social que les activitats de la companyia puguin tenir sobre les comunitats afectades i la contribuci\u00f3 a la millora de les seves\u00a0condicions de vida. Estem [&hellip;]<\/p>\n","protected":false},"author":5,"featured_media":0,"parent":39941,"menu_order":6,"comment_status":"closed","ping_status":"closed","template":"","meta":{"_acf_changed":false,"footnotes":""},"class_list":["post-59740","page","type-page","status-publish","hentry"],"acf":[],"_links":{"self":[{"href":"https:\/\/www.naturgy.com\/ca\/wp-json\/wp\/v2\/pages\/59740","targetHints":{"allow":["GET"]}}],"collection":[{"href":"https:\/\/www.naturgy.com\/ca\/wp-json\/wp\/v2\/pages"}],"about":[{"href":"https:\/\/www.naturgy.com\/ca\/wp-json\/wp\/v2\/types\/page"}],"author":[{"embeddable":true,"href":"https:\/\/www.naturgy.com\/ca\/wp-json\/wp\/v2\/users\/5"}],"replies":[{"embeddable":true,"href":"https:\/\/www.naturgy.com\/ca\/wp-json\/wp\/v2\/comments?post=59740"}],"version-history":[{"count":4,"href":"https:\/\/www.naturgy.com\/ca\/wp-json\/wp\/v2\/pages\/59740\/revisions"}],"predecessor-version":[{"id":68220,"href":"https:\/\/www.naturgy.com\/ca\/wp-json\/wp\/v2\/pages\/59740\/revisions\/68220"}],"up":[{"embeddable":true,"href":"https:\/\/www.naturgy.com\/ca\/wp-json\/wp\/v2\/pages\/39941"}],"wp:attachment":[{"href":"https:\/\/www.naturgy.com\/ca\/wp-json\/wp\/v2\/media?parent=59740"}],"curies":[{"name":"wp","href":"https:\/\/api.w.org\/{rel}","templated":true}]}}