{"id":59766,"date":"2023-01-20T16:00:44","date_gmt":"2023-01-20T15:00:44","guid":{"rendered":"https:\/\/www.naturgy.com\/sostenibilitat\/comunitat-i-patrocini\/solicitud-de-colaboracion\/"},"modified":"2026-03-02T15:26:37","modified_gmt":"2026-03-02T14:26:37","slug":"sol%c2%b7licitud-de-col%c2%b7laboracio","status":"publish","type":"page","link":"https:\/\/www.naturgy.com\/ca\/sostenibilitat\/comunitat-i-patrocini\/sol%c2%b7licitud-de-col%c2%b7laboracio\/","title":{"rendered":"Sol\u00b7licitud de col\u00b7laboraci\u00f3"},"content":{"rendered":"\t\t<div data-elementor-type=\"wp-page\" data-elementor-id=\"59766\" class=\"elementor elementor-59766 elementor-12514\" data-elementor-post-type=\"page\">\n\t\t\t\t<div class=\"elementor-element elementor-element-74e7f6be e-flex e-con-boxed e-con e-parent\" data-id=\"74e7f6be\" data-element_type=\"container\">\n\t\t\t\t\t<div class=\"e-con-inner\">\n\t\t<div class=\"elementor-element elementor-element-13839f21 e-con-full e-flex e-con e-child\" data-id=\"13839f21\" data-element_type=\"container\">\n\t\t\t\t<div class=\"elementor-element elementor-element-4392d791 elementor-widget elementor-widget-shortcode\" data-id=\"4392d791\" data-element_type=\"widget\" data-widget_type=\"shortcode.default\">\n\t\t\t\t<div class=\"elementor-widget-container\">\n\t\t\t\t\t\t\t<div class=\"elementor-shortcode\"><nav aria-label=\"breadcrumbs\" class=\"rank-math-breadcrumb\"><p><span class=\"last\">Inici<\/span><\/p><\/nav><\/div>\n\t\t\t\t\t\t<\/div>\n\t\t\t\t<\/div>\n\t\t\t\t<div class=\"elementor-element elementor-element-7132e10f elementor-widget elementor-widget-heading\" data-id=\"7132e10f\" data-element_type=\"widget\" data-widget_type=\"heading.default\">\n\t\t\t\t<div class=\"elementor-widget-container\">\n\t\t\t\t\t<h1 class=\"elementor-heading-title elementor-size-default\">Sol\u00b7licitud de col\u00b7laboraci\u00f3<\/h1>\t\t\t\t<\/div>\n\t\t\t\t<\/div>\n\t\t\t\t<\/div>\n\t\t<div class=\"elementor-element elementor-element-4e3a3cc5 e-con-full e-flex e-con e-child\" data-id=\"4e3a3cc5\" data-element_type=\"container\">\n\t\t\t\t<div class=\"elementor-element elementor-element-237e49e8 elementor-widget elementor-widget-spacer\" data-id=\"237e49e8\" data-element_type=\"widget\" data-widget_type=\"spacer.default\">\n\t\t\t\t<div class=\"elementor-widget-container\">\n\t\t\t\t\t\t\t<div class=\"elementor-spacer\">\n\t\t\t<div class=\"elementor-spacer-inner\"><\/div>\n\t\t<\/div>\n\t\t\t\t\t\t<\/div>\n\t\t\t\t<\/div>\n\t\t\t\t<\/div>\n\t\t\t\t\t<\/div>\n\t\t\t\t<\/div>\n\t\t<div class=\"elementor-element elementor-element-d61f404 e-flex e-con-boxed e-con e-parent\" data-id=\"d61f404\" data-element_type=\"container\">\n\t\t\t\t\t<div class=\"e-con-inner\">\n\t\t\t\t<div class=\"elementor-element elementor-element-1a64a5f7 elementor-widget elementor-widget-text-editor\" data-id=\"1a64a5f7\" data-element_type=\"widget\" data-widget_type=\"text-editor.default\">\n\t\t\t\t<div class=\"elementor-widget-container\">\n\t\t\t\t\t\t\t\t\t<p>En l\u2019actualitat no tenim cap convocat\u00f2ria oberta per ampliar les nostres col\u00b7laboracions. No obstant aix\u00f2, podeu remetre la vostra i la conservar\u00edem en els nostres registres.<\/p>\t\t\t\t\t\t\t\t<\/div>\n\t\t\t\t<\/div>\n\t\t\t\t\t<\/div>\n\t\t\t\t<\/div>\n\t\t<div class=\"elementor-element elementor-element-3e8fe86 e-con-full e-flex e-con e-parent\" data-id=\"3e8fe86\" data-element_type=\"container\">\n\t\t\t\t<div class=\"elementor-element elementor-element-fef2b18 elementor-widget elementor-widget-spacer\" data-id=\"fef2b18\" data-element_type=\"widget\" data-widget_type=\"spacer.default\">\n\t\t\t\t<div class=\"elementor-widget-container\">\n\t\t\t\t\t\t\t<div class=\"elementor-spacer\">\n\t\t\t<div class=\"elementor-spacer-inner\"><\/div>\n\t\t<\/div>\n\t\t\t\t\t\t<\/div>\n\t\t\t\t<\/div>\n\t\t\t\t<\/div>\n\t\t<div class=\"elementor-element elementor-element-5caa08fc e-flex e-con-boxed e-con e-parent\" data-id=\"5caa08fc\" data-element_type=\"container\">\n\t\t\t\t\t<div class=\"e-con-inner\">\n\t\t\t\t<div class=\"elementor-element elementor-element-36946910 elementor-widget elementor-widget-text-editor\" data-id=\"36946910\" data-element_type=\"widget\" data-widget_type=\"text-editor.default\">\n\t\t\t\t<div class=\"elementor-widget-container\">\n\t\t\t\t\t\t\t\t\t<p>(*) Campos obligatorios.<\/p>\t\t\t\t\t\t\t\t<\/div>\n\t\t\t\t<\/div>\n\t\t\t\t<div class=\"elementor-element elementor-element-19293739 elementor-button-align-center elementor-widget elementor-widget-form\" data-id=\"19293739\" data-element_type=\"widget\" data-settings=\"{&quot;step_next_label&quot;:&quot;Siguiente&quot;,&quot;step_previous_label&quot;:&quot;Anterior&quot;,&quot;step_type&quot;:&quot;number_text&quot;,&quot;step_icon_shape&quot;:&quot;circle&quot;}\" data-widget_type=\"form.default\">\n\t\t\t\t<div class=\"elementor-widget-container\">\n\t\t\t\t\t\t\t<form class=\"elementor-form\" method=\"post\" name=\"Formulario\" aria-label=\"Formulario\">\n\t\t\t<input type=\"hidden\" name=\"post_id\" value=\"59766\"\/>\n\t\t\t<input type=\"hidden\" name=\"form_id\" value=\"19293739\"\/>\n\t\t\t<input type=\"hidden\" name=\"referer_title\" value=\"\" \/>\n\n\t\t\t\n\t\t\t<div class=\"elementor-form-fields-wrapper elementor-labels-above\">\n\t\t\t\t\t\t\t\t<div class=\"elementor-field-type-text elementor-field-group elementor-column elementor-field-group-field_001a6bf elementor-col-50 elementor-field-required elementor-mark-required\">\n\t\t\t\t\t\t\t\t\t\t\t\t<label for=\"form-field-field_001a6bf\" class=\"elementor-field-label\">\n\t\t\t\t\t\t\t\tOrganitzaci\u00f3 sol\u00b7licitant\t\t\t\t\t\t\t<\/label>\n\t\t\t\t\t\t\t\t\t\t\t\t\t\t<input size=\"1\" type=\"text\" name=\"form_fields[field_001a6bf]\" id=\"form-field-field_001a6bf\" class=\"elementor-field elementor-size-xs  elementor-field-textual\" required=\"required\">\n\t\t\t\t\t\t\t\t\t\t\t<\/div>\n\t\t\t\t\t\t\t\t<div class=\"elementor-field-type-text elementor-field-group elementor-column elementor-field-group-field_333193d elementor-col-50 elementor-field-required elementor-mark-required\">\n\t\t\t\t\t\t\t\t\t\t\t\t<label for=\"form-field-field_333193d\" class=\"elementor-field-label\">\n\t\t\t\t\t\t\t\tNom del projecte\t\t\t\t\t\t\t<\/label>\n\t\t\t\t\t\t\t\t\t\t\t\t\t\t<input size=\"1\" type=\"text\" name=\"form_fields[field_333193d]\" id=\"form-field-field_333193d\" class=\"elementor-field elementor-size-xs  elementor-field-textual\" required=\"required\">\n\t\t\t\t\t\t\t\t\t\t\t<\/div>\n\t\t\t\t\t\t\t\t<div class=\"elementor-field-type-text elementor-field-group elementor-column elementor-field-group-field_62d436a elementor-col-50 elementor-field-required elementor-mark-required\">\n\t\t\t\t\t\t\t\t\t\t\t\t<label for=\"form-field-field_62d436a\" class=\"elementor-field-label\">\n\t\t\t\t\t\t\t\tResponsable del projecte\t\t\t\t\t\t\t<\/label>\n\t\t\t\t\t\t\t\t\t\t\t\t\t\t<input size=\"1\" type=\"text\" name=\"form_fields[field_62d436a]\" id=\"form-field-field_62d436a\" class=\"elementor-field elementor-size-xs  elementor-field-textual\" required=\"required\">\n\t\t\t\t\t\t\t\t\t\t\t<\/div>\n\t\t\t\t\t\t\t\t<div class=\"elementor-field-type-select elementor-field-group elementor-column elementor-field-group-field_3ac978d elementor-col-50 elementor-field-required elementor-mark-required\">\n\t\t\t\t\t\t\t\t\t\t\t\t<label for=\"form-field-field_3ac978d\" class=\"elementor-field-label\">\n\t\t\t\t\t\t\t\tTractament\t\t\t\t\t\t\t<\/label>\n\t\t\t\t\t\t\t\t<div class=\"elementor-field elementor-select-wrapper remove-before \">\n\t\t\t<div class=\"select-caret-down-wrapper\">\n\t\t\t\t<i aria-hidden=\"true\" class=\"eicon-caret-down\"><\/i>\t\t\t<\/div>\n\t\t\t<select name=\"form_fields[field_3ac978d]\" id=\"form-field-field_3ac978d\" class=\"elementor-field-textual elementor-size-xs\" required=\"required\">\n\t\t\t\t\t\t\t\t\t<option value=\"Sr.\">Sr.<\/option>\n\t\t\t\t\t\t\t\t\t<option value=\"Sra.\">Sra.<\/option>\n\t\t\t\t\t\t\t<\/select>\n\t\t<\/div>\n\t\t\t\t\t\t<\/div>\n\t\t\t\t\t\t\t\t<div class=\"elementor-field-type-tel elementor-field-group elementor-column elementor-field-group-field_76d3725 elementor-col-50 elementor-field-required elementor-mark-required\">\n\t\t\t\t\t\t\t\t\t\t\t\t<label for=\"form-field-field_76d3725\" class=\"elementor-field-label\">\n\t\t\t\t\t\t\t\tTel\u00e8fon\t\t\t\t\t\t\t<\/label>\n\t\t\t\t\t\t\t\t<input size=\"1\" type=\"tel\" name=\"form_fields[field_76d3725]\" id=\"form-field-field_76d3725\" class=\"elementor-field elementor-size-xs  elementor-field-textual\" required=\"required\" pattern=\"[0-9()#&amp;+*-=.]+\" title=\"Only numbers and phone characters (#, -, *, etc) are accepted.\">\n\n\t\t\t\t\t\t<\/div>\n\t\t\t\t\t\t\t\t<div class=\"elementor-field-type-email elementor-field-group elementor-column elementor-field-group-field_f9cfc16 elementor-col-50 elementor-field-required elementor-mark-required\">\n\t\t\t\t\t\t\t\t\t\t\t\t<label for=\"form-field-field_f9cfc16\" class=\"elementor-field-label\">\n\t\t\t\t\t\t\t\tCorreu electr\u00f2nic\t\t\t\t\t\t\t<\/label>\n\t\t\t\t\t\t\t\t\t\t\t\t\t\t<input size=\"1\" type=\"email\" name=\"form_fields[field_f9cfc16]\" id=\"form-field-field_f9cfc16\" class=\"elementor-field elementor-size-xs  elementor-field-textual\" required=\"required\">\n\t\t\t\t\t\t\t\t\t\t\t<\/div>\n\t\t\t\t\t\t\t\t<div class=\"elementor-field-type-select elementor-field-group elementor-column elementor-field-group-field_f10a90f elementor-col-50 elementor-field-required elementor-mark-required\">\n\t\t\t\t\t\t\t\t\t\t\t\t<label for=\"form-field-field_f10a90f\" class=\"elementor-field-label\">\n\t\t\t\t\t\t\t\tL\u00ednia d'actuaci\u00f3\t\t\t\t\t\t\t<\/label>\n\t\t\t\t\t\t\t\t<div class=\"elementor-field elementor-select-wrapper remove-before \">\n\t\t\t<div class=\"select-caret-down-wrapper\">\n\t\t\t\t<i aria-hidden=\"true\" class=\"eicon-caret-down\"><\/i>\t\t\t<\/div>\n\t\t\t<select name=\"form_fields[field_f10a90f]\" id=\"form-field-field_f10a90f\" class=\"elementor-field-textual elementor-size-xs\" required=\"required\">\n\t\t\t\t\t\t\t\t\t<option value=\"Cultural\">Cultural<\/option>\n\t\t\t\t\t\t\t\t\t<option value=\"Esportiu\">Esportiu<\/option>\n\t\t\t\t\t\t\t\t\t<option value=\"Energia i medi ambient\">Energia i medi ambient<\/option>\n\t\t\t\t\t\t\t\t\t<option value=\"Social\">Social<\/option>\n\t\t\t\t\t\t\t<\/select>\n\t\t<\/div>\n\t\t\t\t\t\t<\/div>\n\t\t\t\t\t\t\t\t<div class=\"elementor-field-type-select elementor-field-group elementor-column elementor-field-group-field_b06328f elementor-col-50 elementor-field-required elementor-mark-required\">\n\t\t\t\t\t\t\t\t\t\t\t\t<label for=\"form-field-field_b06328f\" class=\"elementor-field-label\">\n\t\t\t\t\t\t\t\t\u00c0rea d'actuaci\u00f3\t\t\t\t\t\t\t<\/label>\n\t\t\t\t\t\t\t\t<div class=\"elementor-field elementor-select-wrapper remove-before \">\n\t\t\t<div class=\"select-caret-down-wrapper\">\n\t\t\t\t<i aria-hidden=\"true\" class=\"eicon-caret-down\"><\/i>\t\t\t<\/div>\n\t\t\t<select name=\"form_fields[field_b06328f]\" id=\"form-field-field_b06328f\" class=\"elementor-field-textual elementor-size-xs\" required=\"required\">\n\t\t\t\t\t\t\t\t\t<option value=\"Educaci\u00f3 i joventut\">Educaci\u00f3 i joventut<\/option>\n\t\t\t\t\t\t\t\t\t<option value=\"Salut\">Salut<\/option>\n\t\t\t\t\t\t\t\t\t<option value=\"Desenvolupament econ\u00f2mic\">Desenvolupament econ\u00f2mic<\/option>\n\t\t\t\t\t\t\t\t\t<option value=\"Medi ambient\">Medi ambient<\/option>\n\t\t\t\t\t\t\t\t\t<option value=\"Art i cultura\">Art i cultura<\/option>\n\t\t\t\t\t\t\t\t\t<option value=\"Benestar social\">Benestar social<\/option>\n\t\t\t\t\t\t\t\t\t<option value=\"Ajuda humanit\u00e0ria\">Ajuda humanit\u00e0ria<\/option>\n\t\t\t\t\t\t\t\t\t<option value=\"Esportiu\">Esportiu<\/option>\n\t\t\t\t\t\t\t\t\t<option value=\"Investigaci\u00f3\">Investigaci\u00f3<\/option>\n\t\t\t\t\t\t\t<\/select>\n\t\t<\/div>\n\t\t\t\t\t\t<\/div>\n\t\t\t\t\t\t\t\t<div class=\"elementor-field-type-text elementor-field-group elementor-column elementor-field-group-field_ca4d0a6 elementor-col-50\">\n\t\t\t\t\t\t\t\t\t\t\t\t<label for=\"form-field-field_ca4d0a6\" class=\"elementor-field-label\">\n\t\t\t\t\t\t\t\tRecursos (import en \u20ac)\t\t\t\t\t\t\t<\/label>\n\t\t\t\t\t\t\t\t\t\t\t\t\t\t<input size=\"1\" type=\"text\" name=\"form_fields[field_ca4d0a6]\" id=\"form-field-field_ca4d0a6\" class=\"elementor-field elementor-size-xs  elementor-field-textual\">\n\t\t\t\t\t\t\t\t\t\t\t<\/div>\n\t\t\t\t\t\t\t\t<div class=\"elementor-field-type-date elementor-field-group elementor-column elementor-field-group-field_04433f8 elementor-col-50 elementor-field-required elementor-mark-required\">\n\t\t\t\t\t\t\t\t\t\t\t\t<label for=\"form-field-field_04433f8\" class=\"elementor-field-label\">\n\t\t\t\t\t\t\t\tData d'inici de la iniciativa\t\t\t\t\t\t\t<\/label>\n\t\t\t\t\t\t\n\t\t<input type=\"date\" name=\"form_fields[field_04433f8]\" id=\"form-field-field_04433f8\" class=\"elementor-field elementor-size-xs  elementor-field-textual elementor-date-field\" required=\"required\" pattern=\"[0-9]{4}-[0-9]{2}-[0-9]{2}\">\n\t\t\t\t\t\t<\/div>\n\t\t\t\t\t\t\t\t<div class=\"elementor-field-type-select elementor-field-group elementor-column elementor-field-group-field_a7447cd elementor-col-50 elementor-field-required elementor-mark-required\">\n\t\t\t\t\t\t\t\t\t\t\t\t<label for=\"form-field-field_a7447cd\" class=\"elementor-field-label\">\n\t\t\t\t\t\t\t\tAbast de l'activitat proposada:\t\t\t\t\t\t\t<\/label>\n\t\t\t\t\t\t\t\t<div class=\"elementor-field elementor-select-wrapper remove-before \">\n\t\t\t<div class=\"select-caret-down-wrapper\">\n\t\t\t\t<i aria-hidden=\"true\" class=\"eicon-caret-down\"><\/i>\t\t\t<\/div>\n\t\t\t<select name=\"form_fields[field_a7447cd]\" id=\"form-field-field_a7447cd\" class=\"elementor-field-textual elementor-size-xs\" required=\"required\">\n\t\t\t\t\t\t\t\t\t<option value=\"Internacional\">Internacional<\/option>\n\t\t\t\t\t\t\t\t\t<option value=\"Nacional\">Nacional<\/option>\n\t\t\t\t\t\t\t\t\t<option value=\"Regional\">Regional<\/option>\n\t\t\t\t\t\t\t\t\t<option value=\"Local\">Local<\/option>\n\t\t\t\t\t\t\t<\/select>\n\t\t<\/div>\n\t\t\t\t\t\t<\/div>\n\t\t\t\t\t\t\t\t<div class=\"elementor-field-type-select elementor-field-group elementor-column elementor-field-group-field_ba64d42 elementor-col-50 elementor-field-required elementor-mark-required\">\n\t\t\t\t\t\t\t\t\t\t\t\t<label for=\"form-field-field_ba64d42\" class=\"elementor-field-label\">\n\t\t\t\t\t\t\t\tPa\u00eds promotor\t\t\t\t\t\t\t<\/label>\n\t\t\t\t\t\t\t\t<div class=\"elementor-field elementor-select-wrapper remove-before \">\n\t\t\t<div class=\"select-caret-down-wrapper\">\n\t\t\t\t<i aria-hidden=\"true\" class=\"eicon-caret-down\"><\/i>\t\t\t<\/div>\n\t\t\t<select name=\"form_fields[field_ba64d42]\" id=\"form-field-field_ba64d42\" class=\"elementor-field-textual elementor-size-xs\" required=\"required\">\n\t\t\t\t\t\t\t\t\t<option value=\"Alemanya\">Alemanya<\/option>\n\t\t\t\t\t\t\t\t\t<option value=\"Argentina\">Argentina<\/option>\n\t\t\t\t\t\t\t\t\t<option value=\"Austr\u00e0lia\">Austr\u00e0lia<\/option>\n\t\t\t\t\t\t\t\t\t<option value=\"\u00c0ustria\">\u00c0ustria<\/option>\n\t\t\t\t\t\t\t\t\t<option value=\"B\u00e8lgica\">B\u00e8lgica<\/option>\n\t\t\t\t\t\t\t\t\t<option value=\"Brasil\">Brasil<\/option>\n\t\t\t\t\t\t\t\t\t<option value=\"Canad\u00e0\">Canad\u00e0<\/option>\n\t\t\t\t\t\t\t\t\t<option value=\"Col\u00f2mbia\">Col\u00f2mbia<\/option>\n\t\t\t\t\t\t\t\t\t<option value=\"Dinamarca\">Dinamarca<\/option>\n\t\t\t\t\t\t\t\t\t<option value=\"Espanya\">Espanya<\/option>\n\t\t\t\t\t\t\t\t\t<option value=\"Estats Units\">Estats Units<\/option>\n\t\t\t\t\t\t\t\t\t<option value=\"Finl\u00e0ndia\">Finl\u00e0ndia<\/option>\n\t\t\t\t\t\t\t\t\t<option value=\"Fran\u00e7a\">Fran\u00e7a<\/option>\n\t\t\t\t\t\t\t\t\t<option value=\"Gr\u00e8cia\">Gr\u00e8cia<\/option>\n\t\t\t\t\t\t\t\t\t<option value=\"\u00cdndia\">\u00cdndia<\/option>\n\t\t\t\t\t\t\t\t\t<option value=\"Irlanda\">Irlanda<\/option>\n\t\t\t\t\t\t\t\t\t<option value=\"Israel\">Israel<\/option>\n\t\t\t\t\t\t\t\t\t<option value=\"It\u00e1lia\">It\u00e1lia<\/option>\n\t\t\t\t\t\t\t\t\t<option value=\"Jap\u00f3\">Jap\u00f3<\/option>\n\t\t\t\t\t\t\t\t\t<option value=\"M\u00e8xic\">M\u00e8xic<\/option>\n\t\t\t\t\t\t\t\t\t<option value=\"Noruega\">Noruega<\/option>\n\t\t\t\t\t\t\t\t\t<option value=\"Panam\u00e0\">Panam\u00e0<\/option>\n\t\t\t\t\t\t\t\t\t<option value=\"Per\u00fa\">Per\u00fa<\/option>\n\t\t\t\t\t\t\t\t\t<option value=\"Pol\u00f2nia \">Pol\u00f2nia <\/option>\n\t\t\t\t\t\t\t\t\t<option value=\"Regne Unit\">Regne Unit<\/option>\n\t\t\t\t\t\t\t\t\t<option value=\"Romania\">Romania<\/option>\n\t\t\t\t\t\t\t\t\t<option value=\"R\u00fassia\">R\u00fassia<\/option>\n\t\t\t\t\t\t\t\t\t<option value=\"Singapur\">Singapur<\/option>\n\t\t\t\t\t\t\t\t\t<option value=\"Sud\u00e0frica\">Sud\u00e0frica<\/option>\n\t\t\t\t\t\t\t\t\t<option value=\"Su\u00e8cia\">Su\u00e8cia<\/option>\n\t\t\t\t\t\t\t\t\t<option value=\"Su\u00efssa\">Su\u00efssa<\/option>\n\t\t\t\t\t\t\t\t\t<option value=\"Xile\">Xile<\/option>\n\t\t\t\t\t\t\t\t\t<option value=\"Xina\">Xina<\/option>\n\t\t\t\t\t\t\t\t\t<option value=\"Altres\">Altres<\/option>\n\t\t\t\t\t\t\t<\/select>\n\t\t<\/div>\n\t\t\t\t\t\t<\/div>\n\t\t\t\t\t\t\t\t<div class=\"elementor-field-type-select elementor-field-group elementor-column elementor-field-group-field_eed4a69 elementor-col-50 elementor-field-required elementor-mark-required\">\n\t\t\t\t\t\t\t\t\t\t\t\t<label for=\"form-field-field_eed4a69\" class=\"elementor-field-label\">\n\t\t\t\t\t\t\t\tPa\u00eds beneficiari\t\t\t\t\t\t\t<\/label>\n\t\t\t\t\t\t\t\t<div class=\"elementor-field elementor-select-wrapper remove-before \">\n\t\t\t<div class=\"select-caret-down-wrapper\">\n\t\t\t\t<i aria-hidden=\"true\" class=\"eicon-caret-down\"><\/i>\t\t\t<\/div>\n\t\t\t<select name=\"form_fields[field_eed4a69]\" id=\"form-field-field_eed4a69\" class=\"elementor-field-textual elementor-size-xs\" required=\"required\">\n\t\t\t\t\t\t\t\t\t<option value=\"Alemanya\">Alemanya<\/option>\n\t\t\t\t\t\t\t\t\t<option value=\"Argentina\">Argentina<\/option>\n\t\t\t\t\t\t\t\t\t<option value=\"Austr\u00e0lia\">Austr\u00e0lia<\/option>\n\t\t\t\t\t\t\t\t\t<option value=\"\u00c0ustria\">\u00c0ustria<\/option>\n\t\t\t\t\t\t\t\t\t<option value=\"B\u00e8lgica\">B\u00e8lgica<\/option>\n\t\t\t\t\t\t\t\t\t<option value=\"Brasil\">Brasil<\/option>\n\t\t\t\t\t\t\t\t\t<option value=\"Canad\u00e0\">Canad\u00e0<\/option>\n\t\t\t\t\t\t\t\t\t<option value=\"Col\u00f2mbia\">Col\u00f2mbia<\/option>\n\t\t\t\t\t\t\t\t\t<option value=\"Dinamarca\">Dinamarca<\/option>\n\t\t\t\t\t\t\t\t\t<option value=\"Espanya\">Espanya<\/option>\n\t\t\t\t\t\t\t\t\t<option value=\"Estats Units\">Estats Units<\/option>\n\t\t\t\t\t\t\t\t\t<option value=\"Finl\u00e0ndia\">Finl\u00e0ndia<\/option>\n\t\t\t\t\t\t\t\t\t<option value=\"Fran\u00e7a\">Fran\u00e7a<\/option>\n\t\t\t\t\t\t\t\t\t<option value=\"Gr\u00e8cia\">Gr\u00e8cia<\/option>\n\t\t\t\t\t\t\t\t\t<option value=\"\u00cdndia\">\u00cdndia<\/option>\n\t\t\t\t\t\t\t\t\t<option value=\"Irlanda\">Irlanda<\/option>\n\t\t\t\t\t\t\t\t\t<option value=\"Israel\">Israel<\/option>\n\t\t\t\t\t\t\t\t\t<option value=\"It\u00e1lia\">It\u00e1lia<\/option>\n\t\t\t\t\t\t\t\t\t<option value=\"Jap\u00f3\">Jap\u00f3<\/option>\n\t\t\t\t\t\t\t\t\t<option value=\"M\u00e8xic\">M\u00e8xic<\/option>\n\t\t\t\t\t\t\t\t\t<option value=\"Noruega\">Noruega<\/option>\n\t\t\t\t\t\t\t\t\t<option value=\"Panam\u00e0\">Panam\u00e0<\/option>\n\t\t\t\t\t\t\t\t\t<option value=\"Per\u00fa\">Per\u00fa<\/option>\n\t\t\t\t\t\t\t\t\t<option value=\"Pol\u00f2nia \">Pol\u00f2nia <\/option>\n\t\t\t\t\t\t\t\t\t<option value=\"Regne Unit\">Regne Unit<\/option>\n\t\t\t\t\t\t\t\t\t<option value=\"Romania\">Romania<\/option>\n\t\t\t\t\t\t\t\t\t<option value=\"R\u00fassia\">R\u00fassia<\/option>\n\t\t\t\t\t\t\t\t\t<option value=\"Singapur\">Singapur<\/option>\n\t\t\t\t\t\t\t\t\t<option value=\"Sud\u00e0frica\">Sud\u00e0frica<\/option>\n\t\t\t\t\t\t\t\t\t<option value=\"Su\u00e8cia\">Su\u00e8cia<\/option>\n\t\t\t\t\t\t\t\t\t<option value=\"Su\u00efssa\">Su\u00efssa<\/option>\n\t\t\t\t\t\t\t\t\t<option value=\"Xile\">Xile<\/option>\n\t\t\t\t\t\t\t\t\t<option value=\"Xina\">Xina<\/option>\n\t\t\t\t\t\t\t\t\t<option value=\"Altres\">Altres<\/option>\n\t\t\t\t\t\t\t<\/select>\n\t\t<\/div>\n\t\t\t\t\t\t<\/div>\n\t\t\t\t\t\t\t\t<div class=\"elementor-field-type-text elementor-field-group elementor-column elementor-field-group-field_09efde8 elementor-col-50 elementor-field-required elementor-mark-required\">\n\t\t\t\t\t\t\t\t\t\t\t\t<label for=\"form-field-field_09efde8\" class=\"elementor-field-label\">\n\t\t\t\t\t\t\t\tUbicaci\u00f3\t\t\t\t\t\t\t<\/label>\n\t\t\t\t\t\t\t\t\t\t\t\t\t\t<input size=\"1\" type=\"text\" name=\"form_fields[field_09efde8]\" id=\"form-field-field_09efde8\" class=\"elementor-field elementor-size-xs  elementor-field-textual\" required=\"required\">\n\t\t\t\t\t\t\t\t\t\t\t<\/div>\n\t\t\t\t\t\t\t\t<div class=\"elementor-field-type-textarea elementor-field-group elementor-column elementor-field-group-field_7009c52 elementor-col-100\">\n\t\t\t\t\t\t\t\t\t\t\t\t<label for=\"form-field-field_7009c52\" class=\"elementor-field-label\">\n\t\t\t\t\t\t\t\tBreu descripci\u00f3 del projecte\t\t\t\t\t\t\t<\/label>\n\t\t\t\t\t\t<textarea class=\"elementor-field-textual elementor-field  elementor-size-xs\" name=\"form_fields[field_7009c52]\" id=\"form-field-field_7009c52\" rows=\"6\"><\/textarea>\t\t\t\t<\/div>\n\t\t\t\t\t\t\t\t<div class=\"elementor-field-type-upload elementor-field-group elementor-column elementor-field-group-field_f2e6211 elementor-col-100 elementor-field-required elementor-mark-required\">\n\t\t\t\t\t\t\t\t\t\t\t\t<label for=\"form-field-field_f2e6211\" class=\"elementor-field-label\">\n\t\t\t\t\t\t\t\tDocumentaci\u00f3 relacionada\t\t\t\t\t\t\t<\/label>\n\t\t\t\t\t\t\t\t<input type=\"file\" name=\"form_fields[field_f2e6211]\" id=\"form-field-field_f2e6211\" class=\"elementor-field elementor-size-xs  elementor-upload-field\" required=\"required\" data-maxsize=\"8\" data-maxsize-message=\"This file exceeds the maximum allowed size.\">\n\n\t\t\t\t\t\t<\/div>\n\t\t\t\t\t\t\t\t<div class=\"elementor-field-type-html elementor-field-group elementor-column elementor-field-group-field_3578b56 elementor-col-100\">\n\t\t\t\t\t<b>Fitxers admesos:<\/b> .doc .docx .xls .xlsx .bmp .jpg .jpeg .ppt .pptx .pdf\n<br><b>\u2028Mida m\u00e0xima de l'arxiu::<\/b> 8 MB\t\t\t\t<\/div>\n\t\t\t\t\t\t\t\t<div class=\"elementor-field-type-recaptcha_v3 elementor-field-group elementor-column elementor-field-group-field_0847199 elementor-col-100 recaptcha_v3-bottomright\">\n\t\t\t\t\t<div class=\"elementor-field\" id=\"form-field-field_0847199\"><div class=\"elementor-g-recaptcha\" data-sitekey=\"6LcnFAYlAAAAAAu20p_Qh5kxLum9tPjwCKgpBK6l\" data-type=\"v3\" data-action=\"Form\" data-badge=\"bottomright\" data-size=\"invisible\"><\/div><\/div>\t\t\t\t<\/div>\n\t\t\t\t\t\t\t\t<div class=\"elementor-field-type-html elementor-field-group elementor-column elementor-field-group-field_2483f43 elementor-col-100\">\n\t\t\t\t\t<h2>Condicions legals<\/h2>\n<p>En compliment del que es disposa en la normativa vigent de Protecci\u00f3 de dades personals, Naturgy Energy S. a. l'informa que les seves dades personals que vost\u00e8 faciliti seran tractats per part d'aquest responsable del tractament sobre la base de la relaci\u00f3 mantinguda amb el responsable, amb la finalitat de gestionar la seva subscripci\u00f3 a la recepci\u00f3 de comunicacions i informaci\u00f3 relativa a la seva condici\u00f3 d'accionista o inversor de Naturgy.<\/p>\n<p>Addicionalment, Naturgy Energy S. a. l'informa que Vost\u00e8 t\u00e9 dret a accedir, rectificar i suprimir les dades, limitar el seu tractament, oposar-se al tractament i exercir el seu dret a la portabilitat de les dades de car\u00e0cter personal, dirigint-se per escrit a Oficina de l'Accionista en Avinguda Diagonal 525,  08029 Barcelona o a l'adre\u00e7a de correu <a href=\"mailto:dpd-dpo@naturgy.com\">dpd-dpo@naturgy.com<\/a>, adjuntant una c\u00f2pia del document que acrediti la seva identitat (DNI\/NIE).<\/p>\n<p>Li aconsellem consulti <a href=\"https:\/\/www.naturgy.com\/ca\/nota-legal\">informaci\u00f3 detallada sobre protecci\u00f3 de dades disponible en la nostra p\u00e0gina web<\/a> o sol\u00b7licitant el seu enviament per emaill.<\/p>\t\t\t\t<\/div>\n\t\t\t\t\t\t\t\t<div class=\"elementor-field-type-acceptance elementor-field-group elementor-column elementor-field-group-field_43bb5cd elementor-col-100 elementor-field-required elementor-mark-required\">\n\t\t\t\t\t\t\t<div class=\"elementor-field-subgroup\">\n\t\t\t<span class=\"elementor-field-option\">\n\t\t\t\t<input type=\"checkbox\" name=\"form_fields[field_43bb5cd]\" id=\"form-field-field_43bb5cd\" class=\"elementor-field elementor-size-xs  elementor-acceptance-field\" required=\"required\">\n\t\t\t\t<label for=\"form-field-field_43bb5cd\">He llegit i acceptat les condicions legals*<\/label>\t\t\t<\/span>\n\t\t<\/div>\n\t\t\t\t\t\t<\/div>\n\t\t\t\t\t\t\t\t<div class=\"elementor-field-group elementor-column elementor-field-type-submit elementor-col-100 e-form__buttons\">\n\t\t\t\t\t<button class=\"elementor-button elementor-size-xs\" type=\"submit\">\n\t\t\t\t\t\t<span class=\"elementor-button-content-wrapper\">\n\t\t\t\t\t\t\t\t\t\t\t\t\t\t\t\t\t\t\t\t\t\t<span class=\"elementor-button-text\">Enviar<\/span>\n\t\t\t\t\t\t\t\t\t\t\t\t\t<\/span>\n\t\t\t\t\t<\/button>\n\t\t\t\t<\/div>\n\t\t\t<\/div>\n\t\t<\/form>\n\t\t\t\t\t\t<\/div>\n\t\t\t\t<\/div>\n\t\t\t\t\t<\/div>\n\t\t\t\t<\/div>\n\t\t<div class=\"elementor-element elementor-element-174d1d10 e-con-full e-flex e-con e-parent\" data-id=\"174d1d10\" data-element_type=\"container\">\n\t\t\t\t<div class=\"elementor-element elementor-element-71d38e09 elementor-widget elementor-widget-spacer\" data-id=\"71d38e09\" data-element_type=\"widget\" data-widget_type=\"spacer.default\">\n\t\t\t\t<div class=\"elementor-widget-container\">\n\t\t\t\t\t\t\t<div class=\"elementor-spacer\">\n\t\t\t<div class=\"elementor-spacer-inner\"><\/div>\n\t\t<\/div>\n\t\t\t\t\t\t<\/div>\n\t\t\t\t<\/div>\n\t\t\t\t<\/div>\n\t\t\t\t<\/div>\n\t\t","protected":false},"excerpt":{"rendered":"<p>En l\u2019actualitat no tenim cap convocat\u00f2ria oberta per ampliar les nostres col\u00b7laboracions. No obstant aix\u00f2, podeu remetre la vostra i la conservar\u00edem en els nostres registres. (*) Campos obligatorios.<\/p>\n","protected":false},"author":5,"featured_media":0,"parent":41633,"menu_order":1,"comment_status":"closed","ping_status":"closed","template":"","meta":{"_acf_changed":false,"footnotes":""},"class_list":["post-59766","page","type-page","status-publish","hentry"],"acf":[],"_links":{"self":[{"href":"https:\/\/www.naturgy.com\/ca\/wp-json\/wp\/v2\/pages\/59766","targetHints":{"allow":["GET"]}}],"collection":[{"href":"https:\/\/www.naturgy.com\/ca\/wp-json\/wp\/v2\/pages"}],"about":[{"href":"https:\/\/www.naturgy.com\/ca\/wp-json\/wp\/v2\/types\/page"}],"author":[{"embeddable":true,"href":"https:\/\/www.naturgy.com\/ca\/wp-json\/wp\/v2\/users\/5"}],"replies":[{"embeddable":true,"href":"https:\/\/www.naturgy.com\/ca\/wp-json\/wp\/v2\/comments?post=59766"}],"version-history":[{"count":17,"href":"https:\/\/www.naturgy.com\/ca\/wp-json\/wp\/v2\/pages\/59766\/revisions"}],"predecessor-version":[{"id":139585,"href":"https:\/\/www.naturgy.com\/ca\/wp-json\/wp\/v2\/pages\/59766\/revisions\/139585"}],"up":[{"embeddable":true,"href":"https:\/\/www.naturgy.com\/ca\/wp-json\/wp\/v2\/pages\/41633"}],"wp:attachment":[{"href":"https:\/\/www.naturgy.com\/ca\/wp-json\/wp\/v2\/media?parent=59766"}],"curies":[{"name":"wp","href":"https:\/\/api.w.org\/{rel}","templated":true}]}}