{"id":59768,"date":"2023-02-28T07:51:08","date_gmt":"2023-02-28T06:51:08","guid":{"rendered":"https:\/\/www.naturgy.com\/accionistes-i-inversors\/noticias-para-accionistas\/"},"modified":"2023-11-16T13:58:41","modified_gmt":"2023-11-16T12:58:41","slug":"noticies-per-a-accionistes","status":"publish","type":"page","link":"https:\/\/www.naturgy.com\/ca\/accionistes-i-inversors\/noticies-per-a-accionistes\/","title":{"rendered":"Not\u00edcies per a accionistes"},"content":{"rendered":"\t\t<div data-elementor-type=\"wp-page\" data-elementor-id=\"59768\" class=\"elementor elementor-59768 elementor-33285\" data-elementor-post-type=\"page\">\n\t\t\t\t<div class=\"elementor-element elementor-element-109b0045 e-flex e-con-boxed e-con e-parent\" data-id=\"109b0045\" data-element_type=\"container\">\n\t\t\t\t\t<div class=\"e-con-inner\">\n\t\t<div class=\"elementor-element elementor-element-2ac36df1 e-con-full e-flex e-con e-parent\" data-id=\"2ac36df1\" data-element_type=\"container\">\n\t\t\t\t<div class=\"elementor-element elementor-element-643a55c elementor-widget elementor-widget-shortcode\" data-id=\"643a55c\" data-element_type=\"widget\" data-widget_type=\"shortcode.default\">\n\t\t\t\t<div class=\"elementor-widget-container\">\n\t\t\t\t\t\t\t<div class=\"elementor-shortcode\"><nav aria-label=\"breadcrumbs\" class=\"rank-math-breadcrumb\"><p><span class=\"last\">Inici<\/span><\/p><\/nav><\/div>\n\t\t\t\t\t\t<\/div>\n\t\t\t\t<\/div>\n\t\t\t\t<div class=\"elementor-element elementor-element-516c4728 elementor-widget elementor-widget-heading\" data-id=\"516c4728\" data-element_type=\"widget\" data-widget_type=\"heading.default\">\n\t\t\t\t<div class=\"elementor-widget-container\">\n\t\t\t\t\t<h1 class=\"elementor-heading-title elementor-size-default\">Not\u00edcies per a accionistes<\/h1>\t\t\t\t<\/div>\n\t\t\t\t<\/div>\n\t\t\t\t<\/div>\n\t\t<div class=\"elementor-element elementor-element-65b0ed73 e-con-full e-flex e-con e-parent\" data-id=\"65b0ed73\" data-element_type=\"container\">\n\t\t\t\t<div class=\"elementor-element elementor-element-2574b51e elementor-widget elementor-widget-spacer\" data-id=\"2574b51e\" data-element_type=\"widget\" data-widget_type=\"spacer.default\">\n\t\t\t\t<div class=\"elementor-widget-container\">\n\t\t\t\t\t\t\t<div class=\"elementor-spacer\">\n\t\t\t<div class=\"elementor-spacer-inner\"><\/div>\n\t\t<\/div>\n\t\t\t\t\t\t<\/div>\n\t\t\t\t<\/div>\n\t\t\t\t<\/div>\n\t\t\t\t\t<\/div>\n\t\t\t\t<\/div>\n\t\t<div class=\"elementor-element elementor-element-3c8abcdf e-flex e-con-boxed e-con e-parent\" data-id=\"3c8abcdf\" data-element_type=\"container\">\n\t\t\t\t\t<div class=\"e-con-inner\">\n\t\t\t\t<div class=\"elementor-element elementor-element-56731c8c elementor-widget elementor-widget-text-editor\" data-id=\"56731c8c\" data-element_type=\"widget\" data-widget_type=\"text-editor.default\">\n\t\t\t\t<div class=\"elementor-widget-container\">\n\t\t\t\t\t\t\t\t\t<p>(*) Camps obligatoris.<\/p>\t\t\t\t\t\t\t\t<\/div>\n\t\t\t\t<\/div>\n\t\t\t\t<div class=\"elementor-element elementor-element-1e053356 elementor-button-align-center elementor-widget elementor-widget-form\" data-id=\"1e053356\" data-element_type=\"widget\" data-settings=\"{&quot;step_next_label&quot;:&quot;Siguiente&quot;,&quot;step_previous_label&quot;:&quot;Anterior&quot;,&quot;step_type&quot;:&quot;number_text&quot;,&quot;step_icon_shape&quot;:&quot;circle&quot;}\" data-widget_type=\"form.default\">\n\t\t\t\t<div class=\"elementor-widget-container\">\n\t\t\t\t\t\t\t<form class=\"elementor-form\" method=\"post\" name=\"Formulario\" aria-label=\"Formulario\">\n\t\t\t<input type=\"hidden\" name=\"post_id\" value=\"59768\"\/>\n\t\t\t<input type=\"hidden\" name=\"form_id\" value=\"1e053356\"\/>\n\t\t\t<input type=\"hidden\" name=\"referer_title\" value=\"\" \/>\n\n\t\t\t\n\t\t\t<div class=\"elementor-form-fields-wrapper elementor-labels-above\">\n\t\t\t\t\t\t\t\t<div class=\"elementor-field-type-email elementor-field-group elementor-column elementor-field-group-field_f9cfc16 elementor-col-50 elementor-field-required elementor-mark-required\">\n\t\t\t\t\t\t\t\t\t\t\t\t<label for=\"form-field-field_f9cfc16\" class=\"elementor-field-label\">\n\t\t\t\t\t\t\t\tCorreu electr\u00f2nic\t\t\t\t\t\t\t<\/label>\n\t\t\t\t\t\t\t\t\t\t\t\t\t\t<input size=\"1\" type=\"email\" name=\"form_fields[field_f9cfc16]\" id=\"form-field-field_f9cfc16\" class=\"elementor-field elementor-size-xs  elementor-field-textual\" required=\"required\">\n\t\t\t\t\t\t\t\t\t\t\t<\/div>\n\t\t\t\t\t\t\t\t<div class=\"elementor-field-type-select elementor-field-group elementor-column elementor-field-group-field_3ac978d elementor-col-50\">\n\t\t\t\t\t\t\t\t\t\t\t\t<label for=\"form-field-field_3ac978d\" class=\"elementor-field-label\">\n\t\t\t\t\t\t\t\tTractament\t\t\t\t\t\t\t<\/label>\n\t\t\t\t\t\t\t\t<div class=\"elementor-field elementor-select-wrapper remove-before \">\n\t\t\t<div class=\"select-caret-down-wrapper\">\n\t\t\t\t<i aria-hidden=\"true\" class=\"eicon-caret-down\"><\/i>\t\t\t<\/div>\n\t\t\t<select name=\"form_fields[field_3ac978d]\" id=\"form-field-field_3ac978d\" class=\"elementor-field-textual elementor-size-xs\">\n\t\t\t\t\t\t\t\t\t<option value=\"Sr.\">Sr.<\/option>\n\t\t\t\t\t\t\t\t\t<option value=\"Sra.\">Sra.<\/option>\n\t\t\t\t\t\t\t<\/select>\n\t\t<\/div>\n\t\t\t\t\t\t<\/div>\n\t\t\t\t\t\t\t\t<div class=\"elementor-field-type-text elementor-field-group elementor-column elementor-field-group-field_333193d elementor-col-50 elementor-field-required elementor-mark-required\">\n\t\t\t\t\t\t\t\t\t\t\t\t<label for=\"form-field-field_333193d\" class=\"elementor-field-label\">\n\t\t\t\t\t\t\t\tNom\t\t\t\t\t\t\t<\/label>\n\t\t\t\t\t\t\t\t\t\t\t\t\t\t<input size=\"1\" type=\"text\" name=\"form_fields[field_333193d]\" id=\"form-field-field_333193d\" class=\"elementor-field elementor-size-xs  elementor-field-textual\" required=\"required\">\n\t\t\t\t\t\t\t\t\t\t\t<\/div>\n\t\t\t\t\t\t\t\t<div class=\"elementor-field-type-text elementor-field-group elementor-column elementor-field-group-field_d68b487 elementor-col-50 elementor-field-required elementor-mark-required\">\n\t\t\t\t\t\t\t\t\t\t\t\t<label for=\"form-field-field_d68b487\" class=\"elementor-field-label\">\n\t\t\t\t\t\t\t\tCognoms\t\t\t\t\t\t\t<\/label>\n\t\t\t\t\t\t\t\t\t\t\t\t\t\t<input size=\"1\" type=\"text\" name=\"form_fields[field_d68b487]\" id=\"form-field-field_d68b487\" class=\"elementor-field elementor-size-xs  elementor-field-textual\" required=\"required\">\n\t\t\t\t\t\t\t\t\t\t\t<\/div>\n\t\t\t\t\t\t\t\t<div class=\"elementor-field-type-text elementor-field-group elementor-column elementor-field-group-field_d631481 elementor-col-50\">\n\t\t\t\t\t\t\t\t\t\t\t\t<label for=\"form-field-field_d631481\" class=\"elementor-field-label\">\n\t\t\t\t\t\t\t\tDNI\t\t\t\t\t\t\t<\/label>\n\t\t\t\t\t\t\t\t\t\t\t\t\t\t<input size=\"1\" type=\"text\" name=\"form_fields[field_d631481]\" id=\"form-field-field_d631481\" class=\"elementor-field elementor-size-xs  elementor-field-textual\">\n\t\t\t\t\t\t\t\t\t\t\t<\/div>\n\t\t\t\t\t\t\t\t<div class=\"elementor-field-type-text elementor-field-group elementor-column elementor-field-group-field_62d436a elementor-col-50\">\n\t\t\t\t\t\t\t\t\t\t\t\t<label for=\"form-field-field_62d436a\" class=\"elementor-field-label\">\n\t\t\t\t\t\t\t\tC\u00e0rrec\t\t\t\t\t\t\t<\/label>\n\t\t\t\t\t\t\t\t\t\t\t\t\t\t<input size=\"1\" type=\"text\" name=\"form_fields[field_62d436a]\" id=\"form-field-field_62d436a\" class=\"elementor-field elementor-size-xs  elementor-field-textual\">\n\t\t\t\t\t\t\t\t\t\t\t<\/div>\n\t\t\t\t\t\t\t\t<div class=\"elementor-field-type-text elementor-field-group elementor-column elementor-field-group-field_2453944 elementor-col-50\">\n\t\t\t\t\t\t\t\t\t\t\t\t<label for=\"form-field-field_2453944\" class=\"elementor-field-label\">\n\t\t\t\t\t\t\t\tEmpresa\t\t\t\t\t\t\t<\/label>\n\t\t\t\t\t\t\t\t\t\t\t\t\t\t<input size=\"1\" type=\"text\" name=\"form_fields[field_2453944]\" id=\"form-field-field_2453944\" class=\"elementor-field elementor-size-xs  elementor-field-textual\">\n\t\t\t\t\t\t\t\t\t\t\t<\/div>\n\t\t\t\t\t\t\t\t<div class=\"elementor-field-type-tel elementor-field-group elementor-column elementor-field-group-field_76d3725 elementor-col-50\">\n\t\t\t\t\t\t\t\t\t\t\t\t<label for=\"form-field-field_76d3725\" class=\"elementor-field-label\">\n\t\t\t\t\t\t\t\tTel\u00e8fon\t\t\t\t\t\t\t<\/label>\n\t\t\t\t\t\t\t\t<input size=\"1\" type=\"tel\" name=\"form_fields[field_76d3725]\" id=\"form-field-field_76d3725\" class=\"elementor-field elementor-size-xs  elementor-field-textual\" pattern=\"[0-9()#&amp;+*-=.]+\" title=\"Only numbers and phone characters (#, -, *, etc) are accepted.\">\n\n\t\t\t\t\t\t<\/div>\n\t\t\t\t\t\t\t\t<div class=\"elementor-field-type-tel elementor-field-group elementor-column elementor-field-group-field_3380218 elementor-col-50\">\n\t\t\t\t\t\t\t\t\t\t\t\t<label for=\"form-field-field_3380218\" class=\"elementor-field-label\">\n\t\t\t\t\t\t\t\tTel\u00e8fon 2\t\t\t\t\t\t\t<\/label>\n\t\t\t\t\t\t\t\t<input size=\"1\" type=\"tel\" name=\"form_fields[field_3380218]\" id=\"form-field-field_3380218\" class=\"elementor-field elementor-size-xs  elementor-field-textual\" pattern=\"[0-9()#&amp;+*-=.]+\" title=\"Only numbers and phone characters (#, -, *, etc) are accepted.\">\n\n\t\t\t\t\t\t<\/div>\n\t\t\t\t\t\t\t\t<div class=\"elementor-field-type-text elementor-field-group elementor-column elementor-field-group-field_09efde8 elementor-col-50\">\n\t\t\t\t\t\t\t\t\t\t\t\t<label for=\"form-field-field_09efde8\" class=\"elementor-field-label\">\n\t\t\t\t\t\t\t\tAdre\u00e7a\t\t\t\t\t\t\t<\/label>\n\t\t\t\t\t\t\t\t\t\t\t\t\t\t<input size=\"1\" type=\"text\" name=\"form_fields[field_09efde8]\" id=\"form-field-field_09efde8\" class=\"elementor-field elementor-size-xs  elementor-field-textual\">\n\t\t\t\t\t\t\t\t\t\t\t<\/div>\n\t\t\t\t\t\t\t\t<div class=\"elementor-field-type-text elementor-field-group elementor-column elementor-field-group-field_bb5a95f elementor-col-50 elementor-field-required elementor-mark-required\">\n\t\t\t\t\t\t\t\t\t\t\t\t<label for=\"form-field-field_bb5a95f\" class=\"elementor-field-label\">\n\t\t\t\t\t\t\t\tPoblaci\u00f3\t\t\t\t\t\t\t<\/label>\n\t\t\t\t\t\t\t\t\t\t\t\t\t\t<input size=\"1\" type=\"text\" name=\"form_fields[field_bb5a95f]\" id=\"form-field-field_bb5a95f\" class=\"elementor-field elementor-size-xs  elementor-field-textual\" required=\"required\">\n\t\t\t\t\t\t\t\t\t\t\t<\/div>\n\t\t\t\t\t\t\t\t<div class=\"elementor-field-type-text elementor-field-group elementor-column elementor-field-group-field_6769b5d elementor-col-50\">\n\t\t\t\t\t\t\t\t\t\t\t\t<label for=\"form-field-field_6769b5d\" class=\"elementor-field-label\">\n\t\t\t\t\t\t\t\tCodi Postal\t\t\t\t\t\t\t<\/label>\n\t\t\t\t\t\t\t\t\t\t\t\t\t\t<input size=\"1\" type=\"text\" name=\"form_fields[field_6769b5d]\" id=\"form-field-field_6769b5d\" class=\"elementor-field elementor-size-xs  elementor-field-textual\">\n\t\t\t\t\t\t\t\t\t\t\t<\/div>\n\t\t\t\t\t\t\t\t<div class=\"elementor-field-type-text elementor-field-group elementor-column elementor-field-group-field_b8ad18c elementor-col-50 elementor-field-required elementor-mark-required\">\n\t\t\t\t\t\t\t\t\t\t\t\t<label for=\"form-field-field_b8ad18c\" class=\"elementor-field-label\">\n\t\t\t\t\t\t\t\tProv\u00edncia\t\t\t\t\t\t\t<\/label>\n\t\t\t\t\t\t\t\t\t\t\t\t\t\t<input size=\"1\" type=\"text\" name=\"form_fields[field_b8ad18c]\" id=\"form-field-field_b8ad18c\" class=\"elementor-field elementor-size-xs  elementor-field-textual\" required=\"required\">\n\t\t\t\t\t\t\t\t\t\t\t<\/div>\n\t\t\t\t\t\t\t\t<div class=\"elementor-field-type-select elementor-field-group elementor-column elementor-field-group-field_eed4a69 elementor-col-50 elementor-field-required elementor-mark-required\">\n\t\t\t\t\t\t\t\t\t\t\t\t<label for=\"form-field-field_eed4a69\" class=\"elementor-field-label\">\n\t\t\t\t\t\t\t\tPa\u00eds\t\t\t\t\t\t\t<\/label>\n\t\t\t\t\t\t\t\t<div class=\"elementor-field elementor-select-wrapper remove-before \">\n\t\t\t<div class=\"select-caret-down-wrapper\">\n\t\t\t\t<i aria-hidden=\"true\" class=\"eicon-caret-down\"><\/i>\t\t\t<\/div>\n\t\t\t<select name=\"form_fields[field_eed4a69]\" id=\"form-field-field_eed4a69\" class=\"elementor-field-textual elementor-size-xs\" required=\"required\">\n\t\t\t\t\t\t\t\t\t<option value=\"Alemanya\">Alemanya<\/option>\n\t\t\t\t\t\t\t\t\t<option value=\"Argentina\">Argentina<\/option>\n\t\t\t\t\t\t\t\t\t<option value=\"Austr\u00e0lia\">Austr\u00e0lia<\/option>\n\t\t\t\t\t\t\t\t\t<option value=\"\u00c0ustria\">\u00c0ustria<\/option>\n\t\t\t\t\t\t\t\t\t<option value=\"B\u00e8lgica\">B\u00e8lgica<\/option>\n\t\t\t\t\t\t\t\t\t<option value=\"Brasil\">Brasil<\/option>\n\t\t\t\t\t\t\t\t\t<option value=\"Canad\u00e0\">Canad\u00e0<\/option>\n\t\t\t\t\t\t\t\t\t<option value=\"Col\u00f2mbia\">Col\u00f2mbia<\/option>\n\t\t\t\t\t\t\t\t\t<option value=\"Dinamarca\">Dinamarca<\/option>\n\t\t\t\t\t\t\t\t\t<option value=\"Espanya\">Espanya<\/option>\n\t\t\t\t\t\t\t\t\t<option value=\"Estats Units\">Estats Units<\/option>\n\t\t\t\t\t\t\t\t\t<option value=\"Finl\u00e0ndia\">Finl\u00e0ndia<\/option>\n\t\t\t\t\t\t\t\t\t<option value=\"Fran\u00e7a\">Fran\u00e7a<\/option>\n\t\t\t\t\t\t\t\t\t<option value=\"Gr\u00e8cia\">Gr\u00e8cia<\/option>\n\t\t\t\t\t\t\t\t\t<option value=\"\u00cdndia\">\u00cdndia<\/option>\n\t\t\t\t\t\t\t\t\t<option value=\"Irlanda\">Irlanda<\/option>\n\t\t\t\t\t\t\t\t\t<option value=\"Israel\">Israel<\/option>\n\t\t\t\t\t\t\t\t\t<option value=\"It\u00e1lia\">It\u00e1lia<\/option>\n\t\t\t\t\t\t\t\t\t<option value=\"Jap\u00f3\">Jap\u00f3<\/option>\n\t\t\t\t\t\t\t\t\t<option value=\"M\u00e8xic\">M\u00e8xic<\/option>\n\t\t\t\t\t\t\t\t\t<option value=\"Noruega\">Noruega<\/option>\n\t\t\t\t\t\t\t\t\t<option value=\"Panam\u00e0\">Panam\u00e0<\/option>\n\t\t\t\t\t\t\t\t\t<option value=\"Per\u00fa\">Per\u00fa<\/option>\n\t\t\t\t\t\t\t\t\t<option value=\"Pol\u00f2nia \">Pol\u00f2nia <\/option>\n\t\t\t\t\t\t\t\t\t<option value=\"Regne Unit\">Regne Unit<\/option>\n\t\t\t\t\t\t\t\t\t<option value=\"Romania\">Romania<\/option>\n\t\t\t\t\t\t\t\t\t<option value=\"R\u00fassia\">R\u00fassia<\/option>\n\t\t\t\t\t\t\t\t\t<option value=\"Singapur\">Singapur<\/option>\n\t\t\t\t\t\t\t\t\t<option value=\"Sud\u00e0frica\">Sud\u00e0frica<\/option>\n\t\t\t\t\t\t\t\t\t<option value=\"Su\u00e8cia\">Su\u00e8cia<\/option>\n\t\t\t\t\t\t\t\t\t<option value=\"Su\u00efssa\">Su\u00efssa<\/option>\n\t\t\t\t\t\t\t\t\t<option value=\"Xile\">Xile<\/option>\n\t\t\t\t\t\t\t\t\t<option value=\"Xina\">Xina<\/option>\n\t\t\t\t\t\t\t\t\t<option value=\"Altres\">Altres<\/option>\n\t\t\t\t\t\t\t<\/select>\n\t\t<\/div>\n\t\t\t\t\t\t<\/div>\n\t\t\t\t\t\t\t\t<div class=\"elementor-field-type-recaptcha_v3 elementor-field-group elementor-column elementor-field-group-field_0847199 elementor-col-100 recaptcha_v3-bottomright\">\n\t\t\t\t\t<div class=\"elementor-field\" id=\"form-field-field_0847199\"><div class=\"elementor-g-recaptcha\" data-sitekey=\"6LcnFAYlAAAAAAu20p_Qh5kxLum9tPjwCKgpBK6l\" data-type=\"v3\" data-action=\"Form\" data-badge=\"bottomright\" data-size=\"invisible\"><\/div><\/div>\t\t\t\t<\/div>\n\t\t\t\t\t\t\t\t<div class=\"elementor-field-type-html elementor-field-group elementor-column elementor-field-group-field_2483f43 elementor-col-100\">\n\t\t\t\t\t<h2>Informaci\u00f3 b\u00e0sica sobre protecci\u00f3 de dades personals <\/h2>\n\nLes dades facilitades en aquest formulari seran tractades per Naturgy Energy Group, S.A. a fi d'enviar-vos notificacions d'inter\u00e8s en la vostra qualitat d'accionista.\nTeniu dret a accedir, rectificar i suprimir les vostres dades, a limitar i oposar-vos al seu tractament, a la portabilitat de les vostres dades, aix\u00ed com a no ser objecte de decisions individuals automatitzades, tal com s\u2019explica a la nostra <a href=\"https:\/\/www.naturgy.com\/ca\/politica-de-privacitat-accionistes\/\">Pol\u00edtica de Privacitat<\/a>, on trobareu informaci\u00f3 addicional i detallada sobre protecci\u00f3 de dades.\t\t\t\t<\/div>\n\t\t\t\t\t\t\t\t<div class=\"elementor-field-group elementor-column elementor-field-type-submit elementor-col-100 e-form__buttons\">\n\t\t\t\t\t<button class=\"elementor-button elementor-size-xs\" type=\"submit\">\n\t\t\t\t\t\t<span class=\"elementor-button-content-wrapper\">\n\t\t\t\t\t\t\t\t\t\t\t\t\t\t\t\t\t\t\t\t\t\t<span class=\"elementor-button-text\">Enviar<\/span>\n\t\t\t\t\t\t\t\t\t\t\t\t\t<\/span>\n\t\t\t\t\t<\/button>\n\t\t\t\t<\/div>\n\t\t\t<\/div>\n\t\t<\/form>\n\t\t\t\t\t\t<\/div>\n\t\t\t\t<\/div>\n\t\t\t\t<div class=\"elementor-element elementor-element-25baab2 elementor-widget elementor-widget-spacer\" data-id=\"25baab2\" data-element_type=\"widget\" data-widget_type=\"spacer.default\">\n\t\t\t\t<div class=\"elementor-widget-container\">\n\t\t\t\t\t\t\t<div class=\"elementor-spacer\">\n\t\t\t<div class=\"elementor-spacer-inner\"><\/div>\n\t\t<\/div>\n\t\t\t\t\t\t<\/div>\n\t\t\t\t<\/div>\n\t\t\t\t\t<\/div>\n\t\t\t\t<\/div>\n\t\t\t\t<\/div>\n\t\t","protected":false},"excerpt":{"rendered":"<p>(*) Camps obligatoris.<\/p>\n","protected":false},"author":5,"featured_media":0,"parent":42961,"menu_order":0,"comment_status":"closed","ping_status":"closed","template":"","meta":{"_acf_changed":false,"footnotes":""},"class_list":["post-59768","page","type-page","status-publish","hentry"],"acf":[],"_links":{"self":[{"href":"https:\/\/www.naturgy.com\/ca\/wp-json\/wp\/v2\/pages\/59768","targetHints":{"allow":["GET"]}}],"collection":[{"href":"https:\/\/www.naturgy.com\/ca\/wp-json\/wp\/v2\/pages"}],"about":[{"href":"https:\/\/www.naturgy.com\/ca\/wp-json\/wp\/v2\/types\/page"}],"author":[{"embeddable":true,"href":"https:\/\/www.naturgy.com\/ca\/wp-json\/wp\/v2\/users\/5"}],"replies":[{"embeddable":true,"href":"https:\/\/www.naturgy.com\/ca\/wp-json\/wp\/v2\/comments?post=59768"}],"version-history":[{"count":30,"href":"https:\/\/www.naturgy.com\/ca\/wp-json\/wp\/v2\/pages\/59768\/revisions"}],"predecessor-version":[{"id":89481,"href":"https:\/\/www.naturgy.com\/ca\/wp-json\/wp\/v2\/pages\/59768\/revisions\/89481"}],"up":[{"embeddable":true,"href":"https:\/\/www.naturgy.com\/ca\/wp-json\/wp\/v2\/pages\/42961"}],"wp:attachment":[{"href":"https:\/\/www.naturgy.com\/ca\/wp-json\/wp\/v2\/media?parent=59768"}],"curies":[{"name":"wp","href":"https:\/\/api.w.org\/{rel}","templated":true}]}}