{"id":59785,"date":"2023-01-20T14:52:08","date_gmt":"2023-01-20T13:52:08","guid":{"rendered":"https:\/\/www.naturgy.com\/sostenibilitat\/medio-ambiente\/"},"modified":"2026-03-26T11:16:09","modified_gmt":"2026-03-26T10:16:09","slug":"medi-ambient","status":"publish","type":"page","link":"https:\/\/www.naturgy.com\/ca\/sostenibilitat\/medi-ambient\/","title":{"rendered":"Medi ambient"},"content":{"rendered":"\t\t<div data-elementor-type=\"wp-page\" data-elementor-id=\"59785\" class=\"elementor elementor-59785 elementor-12443\" data-elementor-post-type=\"page\">\n\t\t\t\t<div class=\"elementor-element elementor-element-67b34c2 e-con-full e-flex e-con e-parent\" data-id=\"67b34c2\" data-element_type=\"container\" data-settings=\"{&quot;background_background&quot;:&quot;classic&quot;}\">\n\t\t<div class=\"elementor-element elementor-element-b8e915e e-con-full e-flex e-con e-child\" data-id=\"b8e915e\" data-element_type=\"container\">\n\t\t\t\t<div class=\"elementor-element elementor-element-f7a7a85 elementor-widget elementor-widget-heading\" data-id=\"f7a7a85\" data-element_type=\"widget\" data-widget_type=\"heading.default\">\n\t\t\t\t<div class=\"elementor-widget-container\">\n\t\t\t\t\t<h2 class=\"elementor-heading-title elementor-size-default\">Compromesos amb el desenvolupament sostenible de la societat<\/h2>\t\t\t\t<\/div>\n\t\t\t\t<\/div>\n\t\t\t\t<\/div>\n\t\t<div class=\"elementor-element elementor-element-25d866d e-con-full e-flex e-con e-child\" data-id=\"25d866d\" data-element_type=\"container\">\n\t\t\t\t<div class=\"elementor-element elementor-element-5c94a51 elementor-hidden-tablet elementor-hidden-desktop elementor-widget elementor-widget-image\" data-id=\"5c94a51\" data-element_type=\"widget\" data-widget_type=\"image.default\">\n\t\t\t\t<div class=\"elementor-widget-container\">\n\t\t\t\t\t\t\t\t\t\t\t\t\t\t\t<img fetchpriority=\"high\" decoding=\"async\" width=\"768\" height=\"512\" src=\"https:\/\/www.naturgy.com\/\/app\/uploads\/2023\/04\/N2_medio_ambiente_mov-min.png\" class=\"attachment-large size-large wp-image-62368\" alt=\"\" srcset=\"https:\/\/www.naturgy.com\/\/app\/uploads\/2023\/04\/N2_medio_ambiente_mov-min.png 768w, https:\/\/www.naturgy.com\/\/app\/uploads\/2023\/04\/N2_medio_ambiente_mov-min-300x200.png 300w\" sizes=\"(max-width: 768px) 100vw, 768px\" \/>\t\t\t\t\t\t\t\t\t\t\t\t\t\t\t<\/div>\n\t\t\t\t<\/div>\n\t\t\t\t<\/div>\n\t\t\t\t<\/div>\n\t\t<div class=\"elementor-element elementor-element-d043500 e-con-full e-flex e-con e-parent\" data-id=\"d043500\" data-element_type=\"container\">\n\t\t\t\t<div class=\"elementor-element elementor-element-46ce643 elementor-widget elementor-widget-spacer\" data-id=\"46ce643\" data-element_type=\"widget\" data-widget_type=\"spacer.default\">\n\t\t\t\t<div class=\"elementor-widget-container\">\n\t\t\t\t\t\t\t<div class=\"elementor-spacer\">\n\t\t\t<div class=\"elementor-spacer-inner\"><\/div>\n\t\t<\/div>\n\t\t\t\t\t\t<\/div>\n\t\t\t\t<\/div>\n\t\t\t\t<\/div>\n\t\t<div class=\"elementor-element elementor-element-b0ce9a9 e-flex e-con-boxed e-con e-parent\" data-id=\"b0ce9a9\" data-element_type=\"container\">\n\t\t\t\t\t<div class=\"e-con-inner\">\n\t\t\t\t<div class=\"elementor-element elementor-element-b8eaff6 elementor-widget elementor-widget-heading\" data-id=\"b8eaff6\" data-element_type=\"widget\" data-widget_type=\"heading.default\">\n\t\t\t\t<div class=\"elementor-widget-container\">\n\t\t\t\t\t<h2 class=\"elementor-heading-title elementor-size-default\">La nostra Pol\u00edtica de Sostenibilitat<\/h2>\t\t\t\t<\/div>\n\t\t\t\t<\/div>\n\t\t\t\t\t<\/div>\n\t\t\t\t<\/div>\n\t\t<div class=\"elementor-element elementor-element-e58e30c e-con-full e-flex e-con e-parent\" data-id=\"e58e30c\" data-element_type=\"container\">\n\t\t\t\t<div class=\"elementor-element elementor-element-3af655c elementor-widget elementor-widget-spacer\" data-id=\"3af655c\" data-element_type=\"widget\" data-widget_type=\"spacer.default\">\n\t\t\t\t<div class=\"elementor-widget-container\">\n\t\t\t\t\t\t\t<div class=\"elementor-spacer\">\n\t\t\t<div class=\"elementor-spacer-inner\"><\/div>\n\t\t<\/div>\n\t\t\t\t\t\t<\/div>\n\t\t\t\t<\/div>\n\t\t\t\t<\/div>\n\t\t<div class=\"elementor-element elementor-element-63dfc48 e-flex e-con-boxed e-con e-parent\" data-id=\"63dfc48\" data-element_type=\"container\">\n\t\t\t\t\t<div class=\"e-con-inner\">\n\t\t<div class=\"elementor-element elementor-element-d2e7a15 e-flex e-con-boxed e-con e-child\" data-id=\"d2e7a15\" data-element_type=\"container\">\n\t\t\t\t\t<div class=\"e-con-inner\">\n\t\t\t\t<div class=\"elementor-element elementor-element-04bacf6 elementor-widget elementor-widget-text-editor\" data-id=\"04bacf6\" data-element_type=\"widget\" data-widget_type=\"text-editor.default\">\n\t\t\t\t<div class=\"elementor-widget-container\">\n\t\t\t\t\t\t\t\t\t<p>ImpImpulsem el desenvolupament sostenible de la societat, garantint el subministrament als nostres clients d\u2019energia competitiva, segura i amb el m\u00e0xim respecte al medi ambient.\u00a0<\/p>\t\t\t\t\t\t\t\t<\/div>\n\t\t\t\t<\/div>\n\t\t\t\t<div class=\"elementor-element elementor-element-ec24e02 elementor-align-left elementor-widget elementor-widget-button\" data-id=\"ec24e02\" data-element_type=\"widget\" data-widget_type=\"button.default\">\n\t\t\t\t<div class=\"elementor-widget-container\">\n\t\t\t\t\t\t\t\t\t<div class=\"elementor-button-wrapper\">\n\t\t\t\t\t<a class=\"elementor-button elementor-button-link elementor-size-sm\" href=\"https:\/\/stproportalcorporativo.blob.core.windows.net\/uploads\/2026\/02\/PL.00001-Sostenibilidad-Ed.1-Publica.pdf\" target=\"_blank\" rel=\"noopener\">\n\t\t\t\t\t\t<span class=\"elementor-button-content-wrapper\">\n\t\t\t\t\t\t\t\t\t<span class=\"elementor-button-text\">Baixar<\/span>\n\t\t\t\t\t<\/span>\n\t\t\t\t\t<\/a>\n\t\t\t\t<\/div>\n\t\t\t\t\t\t\t\t<\/div>\n\t\t\t\t<\/div>\n\t\t\t\t\t<\/div>\n\t\t\t\t<\/div>\n\t\t<div class=\"elementor-element elementor-element-367abd3 e-flex e-con-boxed e-con e-child\" data-id=\"367abd3\" data-element_type=\"container\">\n\t\t\t\t\t<div class=\"e-con-inner\">\n\t\t\t\t<div class=\"elementor-element elementor-element-9b90500 elementor-widget elementor-widget-image\" data-id=\"9b90500\" data-element_type=\"widget\" data-widget_type=\"image.default\">\n\t\t\t\t<div class=\"elementor-widget-container\">\n\t\t\t\t\t\t\t\t\t\t\t\t\t\t\t<img decoding=\"async\" width=\"800\" height=\"382\" src=\"https:\/\/www.naturgy.com\/\/app\/uploads\/2023\/04\/voluntariado-2-1024x489.jpg\" class=\"attachment-large size-large wp-image-62379\" alt=\"\" srcset=\"https:\/\/www.naturgy.com\/\/app\/uploads\/2023\/04\/voluntariado-2-1024x489.jpg 1024w, https:\/\/www.naturgy.com\/\/app\/uploads\/2023\/04\/voluntariado-2-300x143.jpg 300w, https:\/\/www.naturgy.com\/\/app\/uploads\/2023\/04\/voluntariado-2-768x367.jpg 768w, https:\/\/www.naturgy.com\/\/app\/uploads\/2023\/04\/voluntariado-2.jpg 1072w\" sizes=\"(max-width: 800px) 100vw, 800px\" \/>\t\t\t\t\t\t\t\t\t\t\t\t\t\t\t<\/div>\n\t\t\t\t<\/div>\n\t\t\t\t\t<\/div>\n\t\t\t\t<\/div>\n\t\t\t\t\t<\/div>\n\t\t\t\t<\/div>\n\t\t<div class=\"elementor-element elementor-element-3e9770d e-con-full e-flex e-con e-parent\" data-id=\"3e9770d\" data-element_type=\"container\">\n\t\t\t\t<div class=\"elementor-element elementor-element-57e8a74 elementor-widget elementor-widget-spacer\" data-id=\"57e8a74\" data-element_type=\"widget\" data-widget_type=\"spacer.default\">\n\t\t\t\t<div class=\"elementor-widget-container\">\n\t\t\t\t\t\t\t<div class=\"elementor-spacer\">\n\t\t\t<div class=\"elementor-spacer-inner\"><\/div>\n\t\t<\/div>\n\t\t\t\t\t\t<\/div>\n\t\t\t\t<\/div>\n\t\t\t\t<\/div>\n\t\t<div class=\"elementor-element elementor-element-b2ebd4a e-flex e-con-boxed e-con e-parent\" data-id=\"b2ebd4a\" data-element_type=\"container\">\n\t\t\t\t\t<div class=\"e-con-inner\">\n\t\t\t\t<div class=\"elementor-element elementor-element-7a2efcf elementor-widget elementor-widget-heading\" data-id=\"7a2efcf\" data-element_type=\"widget\" data-widget_type=\"heading.default\">\n\t\t\t\t<div class=\"elementor-widget-container\">\n\t\t\t\t\t<h2 class=\"elementor-heading-title elementor-size-default\">L\u00ednies de treball<\/h2>\t\t\t\t<\/div>\n\t\t\t\t<\/div>\n\t\t\t\t\t<\/div>\n\t\t\t\t<\/div>\n\t\t<div class=\"elementor-element elementor-element-3841b87 e-con-full e-flex e-con e-parent\" data-id=\"3841b87\" data-element_type=\"container\">\n\t\t\t\t<div class=\"elementor-element elementor-element-44d1320 elementor-widget elementor-widget-spacer\" data-id=\"44d1320\" data-element_type=\"widget\" data-widget_type=\"spacer.default\">\n\t\t\t\t<div class=\"elementor-widget-container\">\n\t\t\t\t\t\t\t<div class=\"elementor-spacer\">\n\t\t\t<div class=\"elementor-spacer-inner\"><\/div>\n\t\t<\/div>\n\t\t\t\t\t\t<\/div>\n\t\t\t\t<\/div>\n\t\t\t\t<\/div>\n\t\t<div class=\"elementor-element elementor-element-dbfa995 grid col-4 e-flex e-con-boxed e-con e-parent\" data-id=\"dbfa995\" data-element_type=\"container\">\n\t\t\t\t\t<div class=\"e-con-inner\">\n\t\t<div class=\"elementor-element elementor-element-9e3cc2e e-con-full e-flex e-con e-child\" data-id=\"9e3cc2e\" data-element_type=\"container\">\n\t\t\t\t<div class=\"elementor-element elementor-element-5a30023 elementor-widget elementor-widget-image\" data-id=\"5a30023\" data-element_type=\"widget\" data-widget_type=\"image.default\">\n\t\t\t\t<div class=\"elementor-widget-container\">\n\t\t\t\t\t\t\t\t\t\t\t\t\t\t\t<img decoding=\"async\" width=\"768\" height=\"520\" src=\"https:\/\/www.naturgy.com\/\/app\/uploads\/2023\/04\/152-Cambio-Climatico-min-768x520.png\" class=\"attachment-medium_large size-medium_large wp-image-62383\" alt=\"\" srcset=\"https:\/\/www.naturgy.com\/\/app\/uploads\/2023\/04\/152-Cambio-Climatico-min-768x520.png 768w, https:\/\/www.naturgy.com\/\/app\/uploads\/2023\/04\/152-Cambio-Climatico-min-300x203.png 300w, https:\/\/www.naturgy.com\/\/app\/uploads\/2023\/04\/152-Cambio-Climatico-min-1024x694.png 1024w, https:\/\/www.naturgy.com\/\/app\/uploads\/2023\/04\/152-Cambio-Climatico-min.png 1240w\" sizes=\"(max-width: 768px) 100vw, 768px\" \/>\t\t\t\t\t\t\t\t\t\t\t\t\t\t\t<\/div>\n\t\t\t\t<\/div>\n\t\t\t\t<div class=\"elementor-element elementor-element-c6ee320 elementor-widget elementor-widget-heading\" data-id=\"c6ee320\" data-element_type=\"widget\" data-widget_type=\"heading.default\">\n\t\t\t\t<div class=\"elementor-widget-container\">\n\t\t\t\t\t<div class=\"elementor-heading-title elementor-size-default\">Canvi clim\u00e0tic i transici\u00f3 energ\u00e8tica<\/div>\t\t\t\t<\/div>\n\t\t\t\t<\/div>\n\t\t\t\t<div class=\"elementor-element elementor-element-dbf88a8 elementor-align-center elementor-widget elementor-widget-button\" data-id=\"dbf88a8\" data-element_type=\"widget\" data-widget_type=\"button.default\">\n\t\t\t\t<div class=\"elementor-widget-container\">\n\t\t\t\t\t\t\t\t\t<div class=\"elementor-button-wrapper\">\n\t\t\t\t\t<a class=\"elementor-button elementor-button-link elementor-size-sm\" href=\"https:\/\/www.naturgy.com\/ca\/canvi-climatic-i\u2026sicio-energetica\/\">\n\t\t\t\t\t\t<span class=\"elementor-button-content-wrapper\">\n\t\t\t\t\t\t\t\t\t<span class=\"elementor-button-text\">Saber m\u00e9s<\/span>\n\t\t\t\t\t<\/span>\n\t\t\t\t\t<\/a>\n\t\t\t\t<\/div>\n\t\t\t\t\t\t\t\t<\/div>\n\t\t\t\t<\/div>\n\t\t\t\t<\/div>\n\t\t<div class=\"elementor-element elementor-element-79e9cec e-con-full e-flex e-con e-child\" data-id=\"79e9cec\" data-element_type=\"container\">\n\t\t\t\t<div class=\"elementor-element elementor-element-c4ceb4c elementor-widget elementor-widget-image\" data-id=\"c4ceb4c\" data-element_type=\"widget\" data-widget_type=\"image.default\">\n\t\t\t\t<div class=\"elementor-widget-container\">\n\t\t\t\t\t\t\t\t\t\t\t\t\t\t\t<img loading=\"lazy\" decoding=\"async\" width=\"768\" height=\"520\" src=\"https:\/\/www.naturgy.com\/\/app\/uploads\/2023\/04\/158-ECONOMIA-CIRCULAR-min-768x520.png\" class=\"attachment-medium_large size-medium_large wp-image-62387\" alt=\"\" srcset=\"https:\/\/www.naturgy.com\/\/app\/uploads\/2023\/04\/158-ECONOMIA-CIRCULAR-min-768x520.png 768w, https:\/\/www.naturgy.com\/\/app\/uploads\/2023\/04\/158-ECONOMIA-CIRCULAR-min-300x203.png 300w, https:\/\/www.naturgy.com\/\/app\/uploads\/2023\/04\/158-ECONOMIA-CIRCULAR-min-1024x694.png 1024w, https:\/\/www.naturgy.com\/\/app\/uploads\/2023\/04\/158-ECONOMIA-CIRCULAR-min.png 1240w\" sizes=\"(max-width: 768px) 100vw, 768px\" \/>\t\t\t\t\t\t\t\t\t\t\t\t\t\t\t<\/div>\n\t\t\t\t<\/div>\n\t\t\t\t<div class=\"elementor-element elementor-element-cf1282e elementor-widget elementor-widget-heading\" data-id=\"cf1282e\" data-element_type=\"widget\" data-widget_type=\"heading.default\">\n\t\t\t\t<div class=\"elementor-widget-container\">\n\t\t\t\t\t<div class=\"elementor-heading-title elementor-size-default\">Economia circular i ecoefici\u00e8ncia<\/div>\t\t\t\t<\/div>\n\t\t\t\t<\/div>\n\t\t\t\t<div class=\"elementor-element elementor-element-b18f597 elementor-align-center elementor-widget elementor-widget-button\" data-id=\"b18f597\" data-element_type=\"widget\" data-widget_type=\"button.default\">\n\t\t\t\t<div class=\"elementor-widget-container\">\n\t\t\t\t\t\t\t\t\t<div class=\"elementor-button-wrapper\">\n\t\t\t\t\t<a class=\"elementor-button elementor-button-link elementor-size-sm\" href=\"https:\/\/www.naturgy.com\/ca\/economia-circular-i-ecoeficiencia\/\">\n\t\t\t\t\t\t<span class=\"elementor-button-content-wrapper\">\n\t\t\t\t\t\t\t\t\t<span class=\"elementor-button-text\">Saber m\u00e9s<\/span>\n\t\t\t\t\t<\/span>\n\t\t\t\t\t<\/a>\n\t\t\t\t<\/div>\n\t\t\t\t\t\t\t\t<\/div>\n\t\t\t\t<\/div>\n\t\t\t\t<\/div>\n\t\t<div class=\"elementor-element elementor-element-ba6d3f8 e-con-full e-flex e-con e-child\" data-id=\"ba6d3f8\" data-element_type=\"container\">\n\t\t\t\t<div class=\"elementor-element elementor-element-c2343d9 elementor-widget elementor-widget-image\" data-id=\"c2343d9\" data-element_type=\"widget\" data-widget_type=\"image.default\">\n\t\t\t\t<div class=\"elementor-widget-container\">\n\t\t\t\t\t\t\t\t\t\t\t\t\t\t\t<img loading=\"lazy\" decoding=\"async\" width=\"768\" height=\"520\" src=\"https:\/\/www.naturgy.com\/\/app\/uploads\/2023\/04\/0025-BIODIVERSIDAD-min-768x520.png\" class=\"attachment-medium_large size-medium_large wp-image-62391\" alt=\"\" srcset=\"https:\/\/www.naturgy.com\/\/app\/uploads\/2023\/04\/0025-BIODIVERSIDAD-min-768x520.png 768w, https:\/\/www.naturgy.com\/\/app\/uploads\/2023\/04\/0025-BIODIVERSIDAD-min-300x203.png 300w, https:\/\/www.naturgy.com\/\/app\/uploads\/2023\/04\/0025-BIODIVERSIDAD-min-1024x694.png 1024w, https:\/\/www.naturgy.com\/\/app\/uploads\/2023\/04\/0025-BIODIVERSIDAD-min.png 1240w\" sizes=\"(max-width: 768px) 100vw, 768px\" \/>\t\t\t\t\t\t\t\t\t\t\t\t\t\t\t<\/div>\n\t\t\t\t<\/div>\n\t\t\t\t<div class=\"elementor-element elementor-element-8cd2fde elementor-widget elementor-widget-heading\" data-id=\"8cd2fde\" data-element_type=\"widget\" data-widget_type=\"heading.default\">\n\t\t\t\t<div class=\"elementor-widget-container\">\n\t\t\t\t\t<div class=\"elementor-heading-title elementor-size-default\">Capital natural i biodiversitat <\/div>\t\t\t\t<\/div>\n\t\t\t\t<\/div>\n\t\t\t\t<div class=\"elementor-element elementor-element-f58f6f7 elementor-align-center elementor-widget elementor-widget-button\" data-id=\"f58f6f7\" data-element_type=\"widget\" data-widget_type=\"button.default\">\n\t\t\t\t<div class=\"elementor-widget-container\">\n\t\t\t\t\t\t\t\t\t<div class=\"elementor-button-wrapper\">\n\t\t\t\t\t<a class=\"elementor-button elementor-button-link elementor-size-sm\" href=\"https:\/\/www.naturgy.com\/ca\/capital-natural-i-biodiversitat\/\">\n\t\t\t\t\t\t<span class=\"elementor-button-content-wrapper\">\n\t\t\t\t\t\t\t\t\t<span class=\"elementor-button-text\">Saber m\u00e9s<\/span>\n\t\t\t\t\t<\/span>\n\t\t\t\t\t<\/a>\n\t\t\t\t<\/div>\n\t\t\t\t\t\t\t\t<\/div>\n\t\t\t\t<\/div>\n\t\t\t\t<\/div>\n\t\t<div class=\"elementor-element elementor-element-dfb20b4 e-con-full e-flex e-con e-child\" data-id=\"dfb20b4\" data-element_type=\"container\">\n\t\t\t\t<div class=\"elementor-element elementor-element-d20699f elementor-widget elementor-widget-image\" data-id=\"d20699f\" data-element_type=\"widget\" data-widget_type=\"image.default\">\n\t\t\t\t<div class=\"elementor-widget-container\">\n\t\t\t\t\t\t\t\t\t\t\t\t\t\t\t<img loading=\"lazy\" decoding=\"async\" width=\"700\" height=\"533\" src=\"https:\/\/www.naturgy.com\/\/app\/uploads\/2023\/04\/Mesa_-reuniones.png\" class=\"attachment-medium_large size-medium_large wp-image-62397\" alt=\"\" srcset=\"https:\/\/www.naturgy.com\/\/app\/uploads\/2023\/04\/Mesa_-reuniones.png 700w, https:\/\/www.naturgy.com\/\/app\/uploads\/2023\/04\/Mesa_-reuniones-300x228.png 300w\" sizes=\"(max-width: 700px) 100vw, 700px\" \/>\t\t\t\t\t\t\t\t\t\t\t\t\t\t\t<\/div>\n\t\t\t\t<\/div>\n\t\t\t\t<div class=\"elementor-element elementor-element-06a09e1 elementor-widget elementor-widget-heading\" data-id=\"06a09e1\" data-element_type=\"widget\" data-widget_type=\"heading.default\">\n\t\t\t\t<div class=\"elementor-widget-container\">\n\t\t\t\t\t<div class=\"elementor-heading-title elementor-size-default\">Governan\u00e7a i gesti\u00f3 ambiental<\/div>\t\t\t\t<\/div>\n\t\t\t\t<\/div>\n\t\t\t\t<div class=\"elementor-element elementor-element-243131e elementor-align-center elementor-widget elementor-widget-button\" data-id=\"243131e\" data-element_type=\"widget\" data-widget_type=\"button.default\">\n\t\t\t\t<div class=\"elementor-widget-container\">\n\t\t\t\t\t\t\t\t\t<div class=\"elementor-button-wrapper\">\n\t\t\t\t\t<a class=\"elementor-button elementor-button-link elementor-size-sm\" href=\"https:\/\/www.naturgy.com\/ca\/governanca-i-gestio-ambiental\/\">\n\t\t\t\t\t\t<span class=\"elementor-button-content-wrapper\">\n\t\t\t\t\t\t\t\t\t<span class=\"elementor-button-text\">Saber m\u00e9s<\/span>\n\t\t\t\t\t<\/span>\n\t\t\t\t\t<\/a>\n\t\t\t\t<\/div>\n\t\t\t\t\t\t\t\t<\/div>\n\t\t\t\t<\/div>\n\t\t\t\t<\/div>\n\t\t\t\t\t<\/div>\n\t\t\t\t<\/div>\n\t\t<div class=\"elementor-element elementor-element-cc4190b e-flex e-con-boxed e-con e-parent\" data-id=\"cc4190b\" data-element_type=\"container\">\n\t\t\t\t\t<div class=\"e-con-inner\">\n\t\t\t\t<div class=\"elementor-element elementor-element-5737aa5 elementor-widget elementor-widget-spacer\" data-id=\"5737aa5\" data-element_type=\"widget\" data-widget_type=\"spacer.default\">\n\t\t\t\t<div class=\"elementor-widget-container\">\n\t\t\t\t\t\t\t<div class=\"elementor-spacer\">\n\t\t\t<div class=\"elementor-spacer-inner\"><\/div>\n\t\t<\/div>\n\t\t\t\t\t\t<\/div>\n\t\t\t\t<\/div>\n\t\t\t\t\t<\/div>\n\t\t\t\t<\/div>\n\t\t<div class=\"elementor-element elementor-element-3ef2b01 e-flex e-con-boxed e-con e-parent\" data-id=\"3ef2b01\" data-element_type=\"container\">\n\t\t\t\t\t<div class=\"e-con-inner\">\n\t\t\t\t<div class=\"elementor-element elementor-element-d0e4d62 elementor-widget elementor-widget-heading\" data-id=\"d0e4d62\" data-element_type=\"widget\" data-widget_type=\"heading.default\">\n\t\t\t\t<div class=\"elementor-widget-container\">\n\t\t\t\t\t<h2 class=\"elementor-heading-title elementor-size-default\">Fets que avalen el nostre comprom\u00eds<\/h2>\t\t\t\t<\/div>\n\t\t\t\t<\/div>\n\t\t\t\t\t<\/div>\n\t\t\t\t<\/div>\n\t\t<div class=\"elementor-element elementor-element-d2fa4d5 e-con-full e-flex e-con e-parent\" data-id=\"d2fa4d5\" data-element_type=\"container\">\n\t\t\t\t<div class=\"elementor-element elementor-element-7f4f1a0 elementor-widget elementor-widget-spacer\" data-id=\"7f4f1a0\" data-element_type=\"widget\" data-widget_type=\"spacer.default\">\n\t\t\t\t<div class=\"elementor-widget-container\">\n\t\t\t\t\t\t\t<div class=\"elementor-spacer\">\n\t\t\t<div class=\"elementor-spacer-inner\"><\/div>\n\t\t<\/div>\n\t\t\t\t\t\t<\/div>\n\t\t\t\t<\/div>\n\t\t\t\t<\/div>\n\t\t<div class=\"elementor-element elementor-element-1fea5af e-flex e-con-boxed e-con e-parent\" data-id=\"1fea5af\" data-element_type=\"container\">\n\t\t\t\t\t<div class=\"e-con-inner\">\n\t\t\t\t<div class=\"elementor-element elementor-element-5f4d3eb elementor-widget elementor-widget-image\" data-id=\"5f4d3eb\" data-element_type=\"widget\" data-widget_type=\"image.default\">\n\t\t\t\t<div class=\"elementor-widget-container\">\n\t\t\t\t\t\t\t\t\t\t\t\t\t\t\t<img loading=\"lazy\" decoding=\"async\" width=\"1140\" height=\"520\" src=\"https:\/\/stproportalcorporativo.blob.core.windows.net\/uploads\/2026\/03\/Medio_ambiente_26_CA.svg\" class=\"attachment-2048x2048 size-2048x2048 wp-image-142186\" alt=\"\" \/>\t\t\t\t\t\t\t\t\t\t\t\t\t\t\t<\/div>\n\t\t\t\t<\/div>\n\t\t\t\t\t<\/div>\n\t\t\t\t<\/div>\n\t\t<div class=\"elementor-element elementor-element-9ea9972 e-con-full e-flex e-con e-parent\" data-id=\"9ea9972\" data-element_type=\"container\">\n\t\t\t\t<div class=\"elementor-element elementor-element-c5d6501 elementor-widget elementor-widget-spacer\" data-id=\"c5d6501\" data-element_type=\"widget\" data-widget_type=\"spacer.default\">\n\t\t\t\t<div class=\"elementor-widget-container\">\n\t\t\t\t\t\t\t<div class=\"elementor-spacer\">\n\t\t\t<div class=\"elementor-spacer-inner\"><\/div>\n\t\t<\/div>\n\t\t\t\t\t\t<\/div>\n\t\t\t\t<\/div>\n\t\t\t\t<\/div>\n\t\t<div class=\"elementor-element elementor-element-cd7caa9 e-flex e-con-boxed e-con e-parent\" data-id=\"cd7caa9\" data-element_type=\"container\">\n\t\t\t\t\t<div class=\"e-con-inner\">\n\t\t\t\t<div class=\"elementor-element elementor-element-3241bb7 elementor-widget elementor-widget-text-editor\" data-id=\"3241bb7\" data-element_type=\"widget\" data-widget_type=\"text-editor.default\">\n\t\t\t\t<div class=\"elementor-widget-container\">\n\t\t\t\t\t\t\t\t\t<p>El nostre govern en\u00a0<strong>medi ambient<\/strong>\u00a0recau sobre el\u00a0<strong>Consell d\u2019Administraci\u00f3<\/strong>, que supervisa peri\u00f2dicament la gesti\u00f3 dels riscos i oportunitats\u00a0ambientals i l\u2019evoluci\u00f3 de l\u2019acompliment mitjan\u00e7ant el\u00a0<strong>seguiment mensual i trimestral dels principals indicadors i objectius<\/strong>. Els\u00a0<strong>fets\u00a0<\/strong>ens\u00a0<strong>avalen\u00a0<\/strong>i els nostres indicadors demostren la nostra aposta per la\u00a0<strong>gesti\u00f3 responsable del medi ambient.\u00a0<\/strong><\/p><p>* Dada 2025<br \/>** Evoluci\u00f3 el 2025 respecte al 2017<\/p>\t\t\t\t\t\t\t\t<\/div>\n\t\t\t\t<\/div>\n\t\t\t\t<div class=\"elementor-element elementor-element-5c58294 elementor-widget elementor-widget-spacer\" data-id=\"5c58294\" data-element_type=\"widget\" data-widget_type=\"spacer.default\">\n\t\t\t\t<div class=\"elementor-widget-container\">\n\t\t\t\t\t\t\t<div class=\"elementor-spacer\">\n\t\t\t<div class=\"elementor-spacer-inner\"><\/div>\n\t\t<\/div>\n\t\t\t\t\t\t<\/div>\n\t\t\t\t<\/div>\n\t\t\t\t\t<\/div>\n\t\t\t\t<\/div>\n\t\t\t\t<\/div>\n\t\t","protected":false},"excerpt":{"rendered":"<p>Compromesos amb el desenvolupament sostenible de la societat La nostra Pol\u00edtica de Sostenibilitat ImpImpulsem el desenvolupament sostenible de la societat, garantint el subministrament als nostres clients d\u2019energia competitiva, segura i amb el m\u00e0xim respecte al medi ambient.\u00a0 Baixar L\u00ednies de treball Canvi clim\u00e0tic i transici\u00f3 energ\u00e8tica Saber m\u00e9s Economia circular i ecoefici\u00e8ncia Saber m\u00e9s Capital [&hellip;]<\/p>\n","protected":false},"author":5,"featured_media":0,"parent":40870,"menu_order":2,"comment_status":"closed","ping_status":"closed","template":"","meta":{"_acf_changed":false,"footnotes":""},"class_list":["post-59785","page","type-page","status-publish","hentry"],"acf":[],"_links":{"self":[{"href":"https:\/\/www.naturgy.com\/ca\/wp-json\/wp\/v2\/pages\/59785","targetHints":{"allow":["GET"]}}],"collection":[{"href":"https:\/\/www.naturgy.com\/ca\/wp-json\/wp\/v2\/pages"}],"about":[{"href":"https:\/\/www.naturgy.com\/ca\/wp-json\/wp\/v2\/types\/page"}],"author":[{"embeddable":true,"href":"https:\/\/www.naturgy.com\/ca\/wp-json\/wp\/v2\/users\/5"}],"replies":[{"embeddable":true,"href":"https:\/\/www.naturgy.com\/ca\/wp-json\/wp\/v2\/comments?post=59785"}],"version-history":[{"count":30,"href":"https:\/\/www.naturgy.com\/ca\/wp-json\/wp\/v2\/pages\/59785\/revisions"}],"predecessor-version":[{"id":142192,"href":"https:\/\/www.naturgy.com\/ca\/wp-json\/wp\/v2\/pages\/59785\/revisions\/142192"}],"up":[{"embeddable":true,"href":"https:\/\/www.naturgy.com\/ca\/wp-json\/wp\/v2\/pages\/40870"}],"wp:attachment":[{"href":"https:\/\/www.naturgy.com\/ca\/wp-json\/wp\/v2\/media?parent=59785"}],"curies":[{"name":"wp","href":"https:\/\/api.w.org\/{rel}","templated":true}]}}