{"id":62214,"date":"2023-02-17T11:50:53","date_gmt":"2023-02-17T10:50:53","guid":{"rendered":"https:\/\/www.naturgy.com\/renda-fixa\/naturgy-capital-markets-s-a-2\/"},"modified":"2024-09-13T13:54:44","modified_gmt":"2024-09-13T11:54:44","slug":"naturgy-capital-markets-s-a-2","status":"publish","type":"page","link":"https:\/\/www.naturgy.com\/ca\/accionistes-i-inversors\/inversors\/renda-fixa\/naturgy-capital-markets-s-a-2\/","title":{"rendered":"Naturgy Capital Markets, S.A."},"content":{"rendered":"\t\t<div data-elementor-type=\"wp-page\" data-elementor-id=\"62214\" class=\"elementor elementor-62214 elementor-27179\" data-elementor-post-type=\"page\">\n\t\t\t\t<div class=\"elementor-element elementor-element-27faeaab e-flex e-con-boxed e-con e-parent\" data-id=\"27faeaab\" data-element_type=\"container\">\n\t\t\t\t\t<div class=\"e-con-inner\">\n\t\t<div class=\"elementor-element elementor-element-400c918e e-con-full e-flex e-con e-child\" data-id=\"400c918e\" data-element_type=\"container\">\n\t\t\t\t<div class=\"elementor-element elementor-element-3c56a1d elementor-widget elementor-widget-shortcode\" data-id=\"3c56a1d\" data-element_type=\"widget\" data-widget_type=\"shortcode.default\">\n\t\t\t\t<div class=\"elementor-widget-container\">\n\t\t\t\t\t\t\t<div class=\"elementor-shortcode\"><nav aria-label=\"breadcrumbs\" class=\"rank-math-breadcrumb\"><p><span class=\"last\">Inici<\/span><\/p><\/nav><\/div>\n\t\t\t\t\t\t<\/div>\n\t\t\t\t<\/div>\n\t\t\t\t<div class=\"elementor-element elementor-element-131da834 elementor-widget elementor-widget-heading\" data-id=\"131da834\" data-element_type=\"widget\" data-widget_type=\"heading.default\">\n\t\t\t\t<div class=\"elementor-widget-container\">\n\t\t\t\t\t<h1 class=\"elementor-heading-title elementor-size-default\">Naturgy Capital Markets, S.A.<\/h1>\t\t\t\t<\/div>\n\t\t\t\t<\/div>\n\t\t\t\t<\/div>\n\t\t<div class=\"elementor-element elementor-element-56b51546 e-con-full e-flex e-con e-child\" data-id=\"56b51546\" data-element_type=\"container\">\n\t\t\t\t<div class=\"elementor-element elementor-element-1824b517 elementor-widget elementor-widget-spacer\" data-id=\"1824b517\" data-element_type=\"widget\" data-widget_type=\"spacer.default\">\n\t\t\t\t<div class=\"elementor-widget-container\">\n\t\t\t\t\t\t\t<div class=\"elementor-spacer\">\n\t\t\t<div class=\"elementor-spacer-inner\"><\/div>\n\t\t<\/div>\n\t\t\t\t\t\t<\/div>\n\t\t\t\t<\/div>\n\t\t\t\t<\/div>\n\t\t\t\t\t<\/div>\n\t\t\t\t<\/div>\n\t\t<div class=\"elementor-element elementor-element-5ee6fea5 e-flex e-con-boxed e-con e-parent\" data-id=\"5ee6fea5\" data-element_type=\"container\">\n\t\t\t\t\t<div class=\"e-con-inner\">\n\t\t\t\t<div class=\"elementor-element elementor-element-6169482c elementor-widget elementor-widget-text-editor\" data-id=\"6169482c\" data-element_type=\"widget\" data-widget_type=\"text-editor.default\">\n\t\t\t\t<div class=\"elementor-widget-container\">\n\t\t\t\t\t\t\t\t\t<p><strong>Naturgy Capital Markets, SA (NCM)<\/strong>&nbsp; va ser constitu\u00efda el 23 de maig de 2005 i opera en r\u00e8gim de responsabilitat limitada com a societat an\u00f2nima. El domicili social de GNCM es troba a l\u2019avinguda. de Am\u00e9rica, 38, 28028 Madrid, Espanya.<\/p>\n<p><strong>NCM<\/strong>&nbsp; va ser constitu\u00efda per facilitar l\u2019obtenci\u00f3 de finan\u00e7ament per al Grup&nbsp;<strong>Naturgy Energy Group<\/strong>. L\u2019objectiu de<strong>&nbsp;NCM<\/strong>&nbsp;\u00e9s captar&nbsp;<strong>fons<\/strong>&nbsp;mitjan\u00e7ant l\u2019emissi\u00f3 d\u2019instruments financers de&nbsp;<strong>deute<\/strong>, incl\u00f2s&nbsp;<strong>deute ordinari<\/strong>&nbsp;o&nbsp;<strong>subordinat<\/strong>.<\/p>\t\t\t\t\t\t\t\t<\/div>\n\t\t\t\t<\/div>\n\t\t\t\t\t<\/div>\n\t\t\t\t<\/div>\n\t\t<div class=\"elementor-element elementor-element-69b7996f e-flex e-con-boxed e-con e-parent\" data-id=\"69b7996f\" data-element_type=\"container\">\n\t\t\t\t\t<div class=\"e-con-inner\">\n\t\t\t\t<div class=\"elementor-element elementor-element-a1f0c7 is-tab e-n-tabs-mobile elementor-widget elementor-widget-n-tabs\" data-id=\"a1f0c7\" data-element_type=\"widget\" data-settings=\"{&quot;horizontal_scroll&quot;:&quot;disable&quot;}\" data-widget_type=\"nested-tabs.default\">\n\t\t\t\t<div class=\"elementor-widget-container\">\n\t\t\t\t\t\t\t<div class=\"e-n-tabs\" data-widget-number=\"10612935\" aria-label=\"Tabs. Open items with Enter or Space, close with Escape and navigate using the Arrow keys.\">\n\t\t\t<div class=\"e-n-tabs-heading\" role=\"tablist\">\n\t\t\t\t\t<button id=\"e-n-tab-title-106129351\" data-tab-title-id=\"e-n-tab-title-106129351\" class=\"e-n-tab-title\" aria-selected=\"true\" data-tab-index=\"1\" role=\"tab\" tabindex=\"0\" aria-controls=\"e-n-tab-content-106129351\" style=\"--n-tabs-title-order: 1;\">\n\t\t\t\t\t\t<span class=\"e-n-tab-title-text\">\n\t\t\t\t2019\t\t\t<\/span>\n\t\t<\/button>\n\t\t\t\t<button id=\"e-n-tab-title-106129352\" data-tab-title-id=\"e-n-tab-title-106129352\" class=\"e-n-tab-title\" aria-selected=\"false\" data-tab-index=\"2\" role=\"tab\" tabindex=\"-1\" aria-controls=\"e-n-tab-content-106129352\" style=\"--n-tabs-title-order: 2;\">\n\t\t\t\t\t\t<span class=\"e-n-tab-title-text\">\n\t\t\t\t2018\t\t\t<\/span>\n\t\t<\/button>\n\t\t\t\t<button id=\"e-n-tab-title-106129353\" data-tab-title-id=\"e-n-tab-title-106129353\" class=\"e-n-tab-title\" aria-selected=\"false\" data-tab-index=\"3\" role=\"tab\" tabindex=\"-1\" aria-controls=\"e-n-tab-content-106129353\" style=\"--n-tabs-title-order: 3;\">\n\t\t\t\t\t\t<span class=\"e-n-tab-title-text\">\n\t\t\t\t2017\t\t\t<\/span>\n\t\t<\/button>\n\t\t\t\t\t<\/div>\n\t\t\t<div class=\"e-n-tabs-content\">\n\t\t\t\t<div id=\"e-n-tab-content-106129351\" role=\"tabpanel\" aria-labelledby=\"e-n-tab-title-106129351\" data-tab-index=\"1\" style=\"--n-tabs-title-order: 1;\" class=\"e-active elementor-element elementor-element-68e2760 e-con-full e-flex e-con e-child\" data-id=\"68e2760\" data-element_type=\"container\">\n\t\t\t\t<div class=\"elementor-element elementor-element-89c3b5a kec-table elementor-widget elementor-widget-shortcode\" data-id=\"89c3b5a\" data-element_type=\"widget\" data-widget_type=\"shortcode.default\">\n\t\t\t\t<div class=\"elementor-widget-container\">\n\t\t\t\t\t\t\t<div class=\"elementor-shortcode\">\n<table id=\"tablepress-463\" class=\"tablepress tablepress-id-463\">\n<tbody class=\"row-hover\">\n<tr class=\"row-1\">\n\t<td class=\"column-1\">Resultat de la recompra d'obligacions<\/td><td class=\"column-2\">\t27\/11\/2019<\/td><td class=\"column-3\"><a href=\"https:\/\/stproportalcorporativo.blob.core.windows.net\/uploads\/2023\/02\/27112019_HR_Resultados_final_tender_ES-63f894ff54c21.pdf\" target=\"_blank\" rel=\"noopener\">Descargar<\/a><\/td>\n<\/tr>\n<tr class=\"row-2\">\n\t<td class=\"column-1\">Resultat indicatiu de la recompra d'obligacions<\/td><td class=\"column-2\">\t27\/11\/2019<\/td><td class=\"column-3\"><a href=\"https:\/\/stproportalcorporativo.blob.core.windows.net\/uploads\/2023\/02\/27112019_HR_Resultados_indicativos_tender_ES-63f894fbe296b.pdf\" target=\"_blank\" rel=\"noopener\">Descargar<\/a><\/td>\n<\/tr>\n<tr class=\"row-3\">\n\t<td class=\"column-1\">Emissi\u00f3 de bons<\/td><td class=\"column-2\">19\/11\/2019<\/td><td class=\"column-3\"><a href=\"https:\/\/stproportalcorporativo.blob.core.windows.net\/uploads\/2023\/02\/19112019_HR_BONOS_Castellano-63f894f781ae1.pdf\" target=\"_blank\" rel=\"noopener\">Descargar<\/a><\/td>\n<\/tr>\n<tr class=\"row-4\">\n\t<td class=\"column-1\">Oferta de recompra d'obligacions\t<\/td><td class=\"column-2\">19\/11\/2019<\/td><td class=\"column-3\"><a href=\"https:\/\/stproportalcorporativo.blob.core.windows.net\/uploads\/2023\/02\/20191119_Recompra_Obligaciones_SP-63f894f39a42f.pdf\" target=\"_blank\" title=\"Descargar\" rel=\"noopener\">Descargar<\/a><\/td>\n<\/tr>\n<\/tbody>\n<\/table>\n<\/div>\n\t\t\t\t\t\t<\/div>\n\t\t\t\t<\/div>\n\t\t\t\t<\/div>\n\t\t<div id=\"e-n-tab-content-106129352\" role=\"tabpanel\" aria-labelledby=\"e-n-tab-title-106129352\" data-tab-index=\"2\" style=\"--n-tabs-title-order: 2;\" class=\" elementor-element elementor-element-5636d19 e-con-full e-flex e-con e-child\" data-id=\"5636d19\" data-element_type=\"container\">\n\t\t\t\t<div class=\"elementor-element elementor-element-20b052f1 kec-table elementor-widget elementor-widget-shortcode\" data-id=\"20b052f1\" data-element_type=\"widget\" data-widget_type=\"shortcode.default\">\n\t\t\t\t<div class=\"elementor-widget-container\">\n\t\t\t\t\t\t\t<div class=\"elementor-shortcode\">\n<table id=\"tablepress-464\" class=\"tablepress tablepress-id-464\">\n<tbody class=\"row-hover\">\n<tr class=\"row-1\">\n\t<td class=\"column-1\">Resultat de la recompra d'obligacions<\/td><td class=\"column-2\">19\/10\/2018<\/td><td class=\"column-3\"><a href=\"https:\/\/stproportalcorporativo.blob.core.windows.net\/uploads\/2023\/02\/HR-20181019-resultados-definitivos-tender-2.pdf\" target=\"_blank\" rel=\"noopener\">Descargar<\/a><\/td>\n<\/tr>\n<tr class=\"row-2\">\n\t<td class=\"column-1\">Resultat indicatiu de la recompra d'obligacions<\/td><td class=\"column-2\">19\/10\/2018<\/td><td class=\"column-3\"><a href=\"https:\/\/stproportalcorporativo.blob.core.windows.net\/uploads\/2023\/02\/HR-20181019-resultados-indicativos-tender-2.pdf\" target=\"_blank\" rel=\"noopener\">Descargar<\/a><\/td>\n<\/tr>\n<tr class=\"row-3\">\n\t<td class=\"column-1\">Oferta de recompra d'obligacions<\/td><td class=\"column-2\">11\/10\/2018<\/td><td class=\"column-3\"><a href=\"https:\/\/stproportalcorporativo.blob.core.windows.net\/uploads\/2023\/02\/Recompra-de-bonos-octubre-18-Spanish-1.pdf\" target=\"_blank\" rel=\"noopener\">Descargar<\/a><\/td>\n<\/tr>\n<tr class=\"row-4\">\n\t<td class=\"column-1\">Intercanvi de bons<\/td><td class=\"column-2\">29\/01\/2018<\/td><td class=\"column-3\"><a href=\"https:\/\/stproportalcorporativo.blob.core.windows.net\/uploads\/2023\/02\/29012018_Settlement_Date_HR_CNMV_Spanish-1.pdf\" target=\"_blank\" rel=\"noopener\">Descargar<\/a><\/td>\n<\/tr>\n<tr class=\"row-5\">\n\t<td class=\"column-1\">Emissi\u00f3 de bons<\/td><td class=\"column-2\">16\/01\/2018<\/td><td class=\"column-3\"><a href=\"https:\/\/stproportalcorporativo.blob.core.windows.net\/uploads\/2023\/02\/16012018_HR_BONOS_Castellano-2.pdf\" target=\"_blank\" rel=\"noopener\">Descargar<\/a><\/td>\n<\/tr>\n<tr class=\"row-6\">\n\t<td class=\"column-1\">Oferta de recompra d\u2019obligacions<\/td><td class=\"column-2\">16\/01\/2018<\/td><td class=\"column-3\"><a href=\"https:\/\/stproportalcorporativo.blob.core.windows.net\/uploads\/2023\/02\/ProjectGaudi_LaunchHRCNMVSpanish-2.pdf\" target=\"_blank\" rel=\"noopener\">Descargar<\/a><\/td>\n<\/tr>\n<\/tbody>\n<\/table>\n<\/div>\n\t\t\t\t\t\t<\/div>\n\t\t\t\t<\/div>\n\t\t\t\t<\/div>\n\t\t<div id=\"e-n-tab-content-106129353\" role=\"tabpanel\" aria-labelledby=\"e-n-tab-title-106129353\" data-tab-index=\"3\" style=\"--n-tabs-title-order: 3;\" class=\" elementor-element elementor-element-2a370203 e-con-full e-flex e-con e-child\" data-id=\"2a370203\" data-element_type=\"container\">\n\t\t\t\t<div class=\"elementor-element elementor-element-1cbc30c1 kec-table elementor-widget elementor-widget-shortcode\" data-id=\"1cbc30c1\" data-element_type=\"widget\" data-widget_type=\"shortcode.default\">\n\t\t\t\t<div class=\"elementor-widget-container\">\n\t\t\t\t\t\t\t<div class=\"elementor-shortcode\">\n<table id=\"tablepress-465\" class=\"tablepress tablepress-id-465\">\n<tbody class=\"row-hover\">\n<tr class=\"row-1\">\n\t<td class=\"column-1\"><br \/>\nIntercanvi de bons<\/td><td class=\"column-2\">11\/04\/2017<\/td><td class=\"column-3\"><a href=\"https:\/\/stproportalcorporativo.blob.core.windows.net\/uploads\/2023\/02\/HR-Exchange-bonos-spanish.pdf\" target=\"_blank\" rel=\"noopener\">Descargar<\/a><\/td>\n<\/tr>\n<tr class=\"row-2\">\n\t<td class=\"column-1\">Emissi\u00f3 de bons<\/td><td class=\"column-2\">28\/03\/2017<\/td><td class=\"column-3\"><a href=\"https:\/\/stproportalcorporativo.blob.core.windows.net\/uploads\/2023\/02\/03-Marzo-28-no-registro-250066-GNF-cierra-emision-bonos-por-\u00ac-1-000MM.pdf\" target=\"_blank\" rel=\"noopener\">Descargar<\/a><\/td>\n<\/tr>\n<tr class=\"row-3\">\n\t<td class=\"column-1\">Oferta de recompra d\u2019obligacions<\/td><td class=\"column-2\">28\/03\/2017<\/td><td class=\"column-3\"><a href=\"https:\/\/stproportalcorporativo.blob.core.windows.net\/uploads\/2023\/02\/28032017_Project_Merritt_-Launch_HR_CNMV-_Spanish-1.pdf\" target=\"_blank\" rel=\"noopener\">Descargar<\/a><\/td>\n<\/tr>\n<\/tbody>\n<\/table>\n<\/div>\n\t\t\t\t\t\t<\/div>\n\t\t\t\t<\/div>\n\t\t\t\t<\/div>\n\t\t\t\t\t<\/div>\n\t\t<\/div>\n\t\t\t\t\t\t<\/div>\n\t\t\t\t<\/div>\n\t\t\t\t\t<\/div>\n\t\t\t\t<\/div>\n\t\t<div class=\"elementor-element elementor-element-18c1c89 e-flex e-con-boxed e-con e-parent\" data-id=\"18c1c89\" data-element_type=\"container\">\n\t\t\t\t\t<div class=\"e-con-inner\">\n\t\t\t\t<div class=\"elementor-element elementor-element-46961f8f elementor-widget elementor-widget-heading\" data-id=\"46961f8f\" data-element_type=\"widget\" data-widget_type=\"heading.default\">\n\t\t\t\t<div class=\"elementor-widget-container\">\n\t\t\t\t\t<h4 class=\"elementor-heading-title elementor-size-default\">Document relacionat<\/h4>\t\t\t\t<\/div>\n\t\t\t\t<\/div>\n\t\t\t\t<div class=\"elementor-element elementor-element-1f127373 has-icon elementor-widget elementor-widget-text-editor\" data-id=\"1f127373\" data-element_type=\"widget\" data-widget_type=\"text-editor.default\">\n\t\t\t\t<div class=\"elementor-widget-container\">\n\t\t\t\t\t\t\t\t\t<p><a href=\"https:\/\/stproportalcorporativo.blob.core.windows.net\/uploads\/2023\/02\/Folleto-Programa-EMTN.pdf\" target=\"_blank\" rel=\"noopener\">Fullet Programa EMTN<\/a><\/p>\t\t\t\t\t\t\t\t<\/div>\n\t\t\t\t<\/div>\n\t\t\t\t\t<\/div>\n\t\t\t\t<\/div>\n\t\t<div class=\"elementor-element elementor-element-5ff5443a e-con-full e-flex e-con e-parent\" data-id=\"5ff5443a\" data-element_type=\"container\">\n\t\t\t\t<div class=\"elementor-element elementor-element-13633a9 elementor-widget elementor-widget-spacer\" data-id=\"13633a9\" data-element_type=\"widget\" data-widget_type=\"spacer.default\">\n\t\t\t\t<div class=\"elementor-widget-container\">\n\t\t\t\t\t\t\t<div class=\"elementor-spacer\">\n\t\t\t<div class=\"elementor-spacer-inner\"><\/div>\n\t\t<\/div>\n\t\t\t\t\t\t<\/div>\n\t\t\t\t<\/div>\n\t\t\t\t<\/div>\n\t\t\t\t<\/div>\n\t\t","protected":false},"excerpt":{"rendered":"<p>Naturgy Capital Markets, SA (NCM)\u00a0 va ser constitu\u00efda el 23 de maig de 2005 i opera en r\u00e8gim de responsabilitat limitada com a societat an\u00f2nima. El domicili social de GNCM es troba a l\u2019avinguda. de Am\u00e9rica, 38, 28028 Madrid, Espanya. NCM\u00a0 va ser constitu\u00efda per facilitar l\u2019obtenci\u00f3 de finan\u00e7ament per al Grup\u00a0Naturgy Energy Group. L\u2019objectiu [&hellip;]<\/p>\n","protected":false},"author":12,"featured_media":0,"parent":41745,"menu_order":4,"comment_status":"closed","ping_status":"closed","template":"","meta":{"_acf_changed":false,"footnotes":""},"class_list":["post-62214","page","type-page","status-publish","hentry"],"acf":[],"_links":{"self":[{"href":"https:\/\/www.naturgy.com\/ca\/wp-json\/wp\/v2\/pages\/62214","targetHints":{"allow":["GET"]}}],"collection":[{"href":"https:\/\/www.naturgy.com\/ca\/wp-json\/wp\/v2\/pages"}],"about":[{"href":"https:\/\/www.naturgy.com\/ca\/wp-json\/wp\/v2\/types\/page"}],"author":[{"embeddable":true,"href":"https:\/\/www.naturgy.com\/ca\/wp-json\/wp\/v2\/users\/12"}],"replies":[{"embeddable":true,"href":"https:\/\/www.naturgy.com\/ca\/wp-json\/wp\/v2\/comments?post=62214"}],"version-history":[{"count":11,"href":"https:\/\/www.naturgy.com\/ca\/wp-json\/wp\/v2\/pages\/62214\/revisions"}],"predecessor-version":[{"id":108547,"href":"https:\/\/www.naturgy.com\/ca\/wp-json\/wp\/v2\/pages\/62214\/revisions\/108547"}],"up":[{"embeddable":true,"href":"https:\/\/www.naturgy.com\/ca\/wp-json\/wp\/v2\/pages\/41745"}],"wp:attachment":[{"href":"https:\/\/www.naturgy.com\/ca\/wp-json\/wp\/v2\/media?parent=62214"}],"curies":[{"name":"wp","href":"https:\/\/api.w.org\/{rel}","templated":true}]}}