{"id":62219,"date":"2023-02-21T11:50:59","date_gmt":"2023-02-21T10:50:59","guid":{"rendered":"https:\/\/www.naturgy.com\/renda-fixa\/programa-euro-commercial-paper-ecp\/"},"modified":"2025-12-04T18:18:29","modified_gmt":"2025-12-04T17:18:29","slug":"programa-euro-commercial-paper-ecp","status":"publish","type":"page","link":"https:\/\/www.naturgy.com\/ca\/accionistes-i-inversors\/inversors\/renda-fixa\/programa-euro-commercial-paper-ecp\/","title":{"rendered":"Programa Euro Commercial Paper (ECP)"},"content":{"rendered":"\t\t<div data-elementor-type=\"wp-page\" data-elementor-id=\"62219\" class=\"elementor elementor-62219 elementor-28613\" data-elementor-post-type=\"page\">\n\t\t\t\t<div class=\"elementor-element elementor-element-47769352 e-flex e-con-boxed e-con e-parent\" data-id=\"47769352\" data-element_type=\"container\">\n\t\t\t\t\t<div class=\"e-con-inner\">\n\t\t<div class=\"elementor-element elementor-element-5ebbd6ce e-con-full e-flex e-con e-child\" data-id=\"5ebbd6ce\" data-element_type=\"container\">\n\t\t\t\t<div class=\"elementor-element elementor-element-4ba9a818 elementor-widget elementor-widget-shortcode\" data-id=\"4ba9a818\" data-element_type=\"widget\" data-widget_type=\"shortcode.default\">\n\t\t\t\t<div class=\"elementor-widget-container\">\n\t\t\t\t\t\t\t<div class=\"elementor-shortcode\"><nav aria-label=\"breadcrumbs\" class=\"rank-math-breadcrumb\"><p><span class=\"last\">Inici<\/span><\/p><\/nav><\/div>\n\t\t\t\t\t\t<\/div>\n\t\t\t\t<\/div>\n\t\t\t\t<div class=\"elementor-element elementor-element-4dcd2cd5 elementor-widget elementor-widget-heading\" data-id=\"4dcd2cd5\" data-element_type=\"widget\" data-widget_type=\"heading.default\">\n\t\t\t\t<div class=\"elementor-widget-container\">\n\t\t\t\t\t<h1 class=\"elementor-heading-title elementor-size-default\">Programa Euro Commercial Paper (ECP)<\/h1>\t\t\t\t<\/div>\n\t\t\t\t<\/div>\n\t\t\t\t<\/div>\n\t\t<div class=\"elementor-element elementor-element-2408903d e-con-full e-flex e-con e-child\" data-id=\"2408903d\" data-element_type=\"container\">\n\t\t\t\t<div class=\"elementor-element elementor-element-7f311d4e elementor-widget elementor-widget-spacer\" data-id=\"7f311d4e\" data-element_type=\"widget\" data-widget_type=\"spacer.default\">\n\t\t\t\t<div class=\"elementor-widget-container\">\n\t\t\t\t\t\t\t<div class=\"elementor-spacer\">\n\t\t\t<div class=\"elementor-spacer-inner\"><\/div>\n\t\t<\/div>\n\t\t\t\t\t\t<\/div>\n\t\t\t\t<\/div>\n\t\t\t\t<\/div>\n\t\t\t\t<div class=\"elementor-element elementor-element-71af79f elementor-widget elementor-widget-text-editor\" data-id=\"71af79f\" data-element_type=\"widget\" data-widget_type=\"text-editor.default\">\n\t\t\t\t<div class=\"elementor-widget-container\">\n\t\t\t\t\t\t\t\t\t<p>El programa ECP est\u00e0 llistat a Euronext Dubl\u00edn amb vehicle emissor Naturgy Finance Iberia S.A i amb garantia de Naturgy Energy Group, S.A.. El l\u00edmit del programa \u00e9s de 1.000 milions d&#8217;euros. *Els documents estan disponibles en angl\u00e8s<\/p>\t\t\t\t\t\t\t\t<\/div>\n\t\t\t\t<\/div>\n\t\t\t\t<div class=\"elementor-element elementor-element-48fc23c8 elementor-widget elementor-widget-spacer\" data-id=\"48fc23c8\" data-element_type=\"widget\" data-widget_type=\"spacer.default\">\n\t\t\t\t<div class=\"elementor-widget-container\">\n\t\t\t\t\t\t\t<div class=\"elementor-spacer\">\n\t\t\t<div class=\"elementor-spacer-inner\"><\/div>\n\t\t<\/div>\n\t\t\t\t\t\t<\/div>\n\t\t\t\t<\/div>\n\t\t\t\t\t<\/div>\n\t\t\t\t<\/div>\n\t\t<div class=\"elementor-element elementor-element-5a0b7ff2 e-flex e-con-boxed e-con e-parent\" data-id=\"5a0b7ff2\" data-element_type=\"container\">\n\t\t\t\t\t<div class=\"e-con-inner\">\n\t\t\t\t<div class=\"elementor-element elementor-element-29a0b4a4 elementor-widget elementor-widget-heading\" data-id=\"29a0b4a4\" data-element_type=\"widget\" data-widget_type=\"heading.default\">\n\t\t\t\t<div class=\"elementor-widget-container\">\n\t\t\t\t\t<h2 class=\"elementor-heading-title elementor-size-default\">Document<\/h2>\t\t\t\t<\/div>\n\t\t\t\t<\/div>\n\t\t\t\t<div class=\"elementor-element elementor-element-3b0da3ac has-icon elementor-widget elementor-widget-text-editor\" data-id=\"3b0da3ac\" data-element_type=\"widget\" data-widget_type=\"text-editor.default\">\n\t\t\t\t<div class=\"elementor-widget-container\">\n\t\t\t\t\t\t\t\t\t<p><a href=\"https:\/\/stproportalcorporativo.blob.core.windows.net\/uploads\/2025\/12\/Naturgy-ECP-2025-_-Information_Memorandum.pdf\" target=\"_blank\" rel=\"noopener\">Information memorandum (angl\u00e8s)<\/a><\/p>\t\t\t\t\t\t\t\t<\/div>\n\t\t\t\t<\/div>\n\t\t\t\t\t<\/div>\n\t\t\t\t<\/div>\n\t\t<div class=\"elementor-element elementor-element-6288a6ff e-con-full e-flex e-con e-parent\" data-id=\"6288a6ff\" data-element_type=\"container\">\n\t\t\t\t<div class=\"elementor-element elementor-element-1c56b6e9 elementor-widget elementor-widget-spacer\" data-id=\"1c56b6e9\" data-element_type=\"widget\" data-widget_type=\"spacer.default\">\n\t\t\t\t<div class=\"elementor-widget-container\">\n\t\t\t\t\t\t\t<div class=\"elementor-spacer\">\n\t\t\t<div class=\"elementor-spacer-inner\"><\/div>\n\t\t<\/div>\n\t\t\t\t\t\t<\/div>\n\t\t\t\t<\/div>\n\t\t\t\t<\/div>\n\t\t\t\t<\/div>\n\t\t","protected":false},"excerpt":{"rendered":"<p>El programa ECP est\u00e0 llistat a Euronext Dubl\u00edn amb vehicle emissor Naturgy Finance Iberia S.A i amb garantia de Naturgy Energy Group, S.A.. El l\u00edmit del programa \u00e9s de 1.000 milions d&#8217;euros. *Els documents estan disponibles en angl\u00e8s Document Information memorandum (angl\u00e8s)<\/p>\n","protected":false},"author":13,"featured_media":0,"parent":41745,"menu_order":0,"comment_status":"closed","ping_status":"closed","template":"","meta":{"_acf_changed":false,"footnotes":""},"class_list":["post-62219","page","type-page","status-publish","hentry"],"acf":[],"_links":{"self":[{"href":"https:\/\/www.naturgy.com\/ca\/wp-json\/wp\/v2\/pages\/62219","targetHints":{"allow":["GET"]}}],"collection":[{"href":"https:\/\/www.naturgy.com\/ca\/wp-json\/wp\/v2\/pages"}],"about":[{"href":"https:\/\/www.naturgy.com\/ca\/wp-json\/wp\/v2\/types\/page"}],"author":[{"embeddable":true,"href":"https:\/\/www.naturgy.com\/ca\/wp-json\/wp\/v2\/users\/13"}],"replies":[{"embeddable":true,"href":"https:\/\/www.naturgy.com\/ca\/wp-json\/wp\/v2\/comments?post=62219"}],"version-history":[{"count":19,"href":"https:\/\/www.naturgy.com\/ca\/wp-json\/wp\/v2\/pages\/62219\/revisions"}],"predecessor-version":[{"id":135081,"href":"https:\/\/www.naturgy.com\/ca\/wp-json\/wp\/v2\/pages\/62219\/revisions\/135081"}],"up":[{"embeddable":true,"href":"https:\/\/www.naturgy.com\/ca\/wp-json\/wp\/v2\/pages\/41745"}],"wp:attachment":[{"href":"https:\/\/www.naturgy.com\/ca\/wp-json\/wp\/v2\/media?parent=62219"}],"curies":[{"name":"wp","href":"https:\/\/api.w.org\/{rel}","templated":true}]}}