{"id":67414,"date":"2023-02-13T12:27:47","date_gmt":"2023-02-13T11:27:47","guid":{"rendered":"https:\/\/www.naturgy.com\/?page_id=67414"},"modified":"2023-04-17T09:49:36","modified_gmt":"2023-04-17T07:49:36","slug":"periode-mitja-de-pagament-a-proveidors","status":"publish","type":"page","link":"https:\/\/www.naturgy.com\/ca\/accionistes-i-inversors\/informacio-economica\/periode-mitja-de-pagament-a-proveidors\/","title":{"rendered":"Per\u00edode mitj\u00e0 de pagament a prove\u00efdors"},"content":{"rendered":"\t\t<div data-elementor-type=\"wp-page\" data-elementor-id=\"67414\" class=\"elementor elementor-67414 elementor-22399\" data-elementor-post-type=\"page\">\n\t\t\t\t<div class=\"elementor-element elementor-element-57019db7 e-flex e-con-boxed e-con e-parent\" data-id=\"57019db7\" data-element_type=\"container\">\n\t\t\t\t\t<div class=\"e-con-inner\">\n\t\t<div class=\"elementor-element elementor-element-2fe451a1 e-con-full e-flex e-con e-parent\" data-id=\"2fe451a1\" data-element_type=\"container\">\n\t\t\t\t<div class=\"elementor-element elementor-element-1a50322b elementor-widget elementor-widget-shortcode\" data-id=\"1a50322b\" data-element_type=\"widget\" data-widget_type=\"shortcode.default\">\n\t\t\t\t<div class=\"elementor-widget-container\">\n\t\t\t\t\t\t\t<div class=\"elementor-shortcode\"><nav aria-label=\"breadcrumbs\" class=\"rank-math-breadcrumb\"><p><span class=\"last\">Inici<\/span><\/p><\/nav><\/div>\n\t\t\t\t\t\t<\/div>\n\t\t\t\t<\/div>\n\t\t\t\t<div class=\"elementor-element elementor-element-770d3a2e elementor-widget elementor-widget-heading\" data-id=\"770d3a2e\" data-element_type=\"widget\" data-widget_type=\"heading.default\">\n\t\t\t\t<div class=\"elementor-widget-container\">\n\t\t\t\t\t<h1 class=\"elementor-heading-title elementor-size-default\">Per\u00edode mitj\u00e0 de pagament a prove\u00efdors<\/h1>\t\t\t\t<\/div>\n\t\t\t\t<\/div>\n\t\t\t\t<\/div>\n\t\t<div class=\"elementor-element elementor-element-2e4a41da e-con-full e-flex e-con e-parent\" data-id=\"2e4a41da\" data-element_type=\"container\">\n\t\t\t\t<div class=\"elementor-element elementor-element-135f209f elementor-widget elementor-widget-spacer\" data-id=\"135f209f\" data-element_type=\"widget\" data-widget_type=\"spacer.default\">\n\t\t\t\t<div class=\"elementor-widget-container\">\n\t\t\t\t\t\t\t<div class=\"elementor-spacer\">\n\t\t\t<div class=\"elementor-spacer-inner\"><\/div>\n\t\t<\/div>\n\t\t\t\t\t\t<\/div>\n\t\t\t\t<\/div>\n\t\t\t\t<\/div>\n\t\t\t\t\t<\/div>\n\t\t\t\t<\/div>\n\t\t<div class=\"elementor-element elementor-element-43d2ea29 e-flex e-con-boxed e-con e-parent\" data-id=\"43d2ea29\" data-element_type=\"container\">\n\t\t\t\t\t<div class=\"e-con-inner\">\n\t\t\t\t<div class=\"elementor-element elementor-element-11f88790 elementor-widget elementor-widget-text-editor\" data-id=\"11f88790\" data-element_type=\"widget\" data-widget_type=\"text-editor.default\">\n\t\t\t\t<div class=\"elementor-widget-container\">\n\t\t\t\t\t\t\t\t\t<p>El periodo medio de pago se ha elaborado de acuerdo a la Ley 15\/2010, por la que se establecen medidas de lucha contra la morosidad de las operaciones comerciales, as\u00ed como las modificaciones establecidas en la Ley 18\/2022, de 28 de septiembre, de creaci\u00f3n y crecimiento de empresas:<\/p>\t\t\t\t\t\t\t\t<\/div>\n\t\t\t\t<\/div>\n\t\t\t\t\t<\/div>\n\t\t\t\t<\/div>\n\t\t<div class=\"elementor-element elementor-element-5fa839c grid col-3 e-flex e-con-boxed e-con e-parent\" data-id=\"5fa839c\" data-element_type=\"container\">\n\t\t\t\t\t<div class=\"e-con-inner\">\n\t\t\t\t<div class=\"elementor-element elementor-element-56a2a110 kec-table elementor-widget elementor-widget-shortcode\" data-id=\"56a2a110\" data-element_type=\"widget\" data-widget_type=\"shortcode.default\">\n\t\t\t\t<div class=\"elementor-widget-container\">\n\t\t\t\t\t\t\t<div class=\"elementor-shortcode\">\n<table id=\"tablepress-266\" class=\"tablepress tablepress-id-266\">\n<thead>\n<tr class=\"row-1\">\n\t<td class=\"column-1\"><\/td><th class=\"column-2\">2025<\/th><th class=\"column-3\">2024<\/th>\n<\/tr>\n<\/thead>\n<tbody>\n<tr class=\"row-2\">\n\t<td class=\"column-1\">Total pagos (millones de euros)<\/td><td class=\"column-2\">10.775<\/td><td class=\"column-3\">10.517<\/td>\n<\/tr>\n<tr class=\"row-3\">\n\t<td class=\"column-1\">Total pagos pendientes (millones de euros)<\/td><td class=\"column-2\">261<\/td><td class=\"column-3\">349<\/td>\n<\/tr>\n<tr class=\"row-4\">\n\t<td class=\"column-1\">Periodo medio de pago a proveedores\u00b9 (d\u00edas)<\/td><td class=\"column-2\">18<\/td><td class=\"column-3\">22<\/td>\n<\/tr>\n<tr class=\"row-5\">\n\t<td class=\"column-1\">Ratio de operaciones pagadas\u00b2  (d\u00edas)<\/td><td class=\"column-2\">18<\/td><td class=\"column-3\">22<\/td>\n<\/tr>\n<tr class=\"row-6\">\n\t<td class=\"column-1\">Ratio de operaciones pendientes de pago\u00b3 (d\u00edas)<\/td><td class=\"column-2\">18<\/td><td class=\"column-3\">28<\/td>\n<\/tr>\n<tr class=\"row-7\">\n\t<td class=\"column-1\">Total pagos dentro de plazo establecido en la normativa de morosidad (en millones de \u20ac)<\/td><td class=\"column-2\">10.731<\/td><td class=\"column-3\">10.465<\/td>\n<\/tr>\n<tr class=\"row-8\">\n\t<td class=\"column-1\">% del importe pagado dentro del plazo establecido en la normativa de morosidad respecto el total de importe pagado<\/td><td class=\"column-2\">99,59%<\/td><td class=\"column-3\">99,51%<\/td>\n<\/tr>\n<tr class=\"row-9\">\n\t<td class=\"column-1\">N\u00famero de facturas pagadas en el plazo establecido en la normativa de morosidad <\/td><td class=\"column-2\">23.341.964<\/td><td class=\"column-3\">23.727.572<\/td>\n<\/tr>\n<tr class=\"row-10\">\n\t<td class=\"column-1\">% de facturas pagadas dentro del plazo establecido en la normativa de morosidad respecto el total de importe pagadas<\/td><td class=\"column-2\">99,24%<\/td><td class=\"column-3\">98,76%<\/td>\n<\/tr>\n<\/tbody>\n<\/table>\n<!-- #tablepress-266 from cache --><\/div>\n\t\t\t\t\t\t<\/div>\n\t\t\t\t<\/div>\n\t\t\t\t\t<\/div>\n\t\t\t\t<\/div>\n\t\t<div class=\"elementor-element elementor-element-5f993191 e-con-full e-flex e-con e-parent\" data-id=\"5f993191\" data-element_type=\"container\">\n\t\t\t\t<div class=\"elementor-element elementor-element-449b7123 elementor-widget elementor-widget-spacer\" data-id=\"449b7123\" data-element_type=\"widget\" data-widget_type=\"spacer.default\">\n\t\t\t\t<div class=\"elementor-widget-container\">\n\t\t\t\t\t\t\t<div class=\"elementor-spacer\">\n\t\t\t<div class=\"elementor-spacer-inner\"><\/div>\n\t\t<\/div>\n\t\t\t\t\t\t<\/div>\n\t\t\t\t<\/div>\n\t\t\t\t<\/div>\n\t\t<div class=\"elementor-element elementor-element-080d4f1 e-flex e-con-boxed e-con e-parent\" data-id=\"080d4f1\" data-element_type=\"container\">\n\t\t\t\t\t<div class=\"e-con-inner\">\n\t\t\t\t<div class=\"elementor-element elementor-element-de4450d elementor-widget elementor-widget-text-editor\" data-id=\"de4450d\" data-element_type=\"widget\" data-widget_type=\"text-editor.default\">\n\t\t\t\t<div class=\"elementor-widget-container\">\n\t\t\t\t\t\t\t\t\t<p>\u00b9\u00a0Calculado considerando los importes pagados y los pendientes de pago\u00a0<br \/>\u00b2\u00a0Periodo medio de pago en las operaciones pagadas en el ejercicio.<br \/>\u00b3\u00a0Antig\u00fcedad media saldo proveedores pendientes de pago.\u00a0<br \/><sup>4\u00a0<\/sup>Requerimiento de informaci\u00f3n establecido Ley 18\/22<\/p>\t\t\t\t\t\t\t\t<\/div>\n\t\t\t\t<\/div>\n\t\t\t\t\t<\/div>\n\t\t\t\t<\/div>\n\t\t<div class=\"elementor-element elementor-element-5f99f6b e-con-full e-flex e-con e-parent\" data-id=\"5f99f6b\" data-element_type=\"container\">\n\t\t\t\t<div class=\"elementor-element elementor-element-f971aaf elementor-widget elementor-widget-spacer\" data-id=\"f971aaf\" data-element_type=\"widget\" data-widget_type=\"spacer.default\">\n\t\t\t\t<div class=\"elementor-widget-container\">\n\t\t\t\t\t\t\t<div class=\"elementor-spacer\">\n\t\t\t<div class=\"elementor-spacer-inner\"><\/div>\n\t\t<\/div>\n\t\t\t\t\t\t<\/div>\n\t\t\t\t<\/div>\n\t\t\t\t<\/div>\n\t\t\t\t<\/div>\n\t\t","protected":false},"excerpt":{"rendered":"","protected":false},"author":15,"featured_media":0,"parent":59843,"menu_order":5,"comment_status":"closed","ping_status":"closed","template":"","meta":{"_acf_changed":false,"footnotes":""},"class_list":["post-67414","page","type-page","status-publish","hentry"],"acf":[],"_links":{"self":[{"href":"https:\/\/www.naturgy.com\/ca\/wp-json\/wp\/v2\/pages\/67414","targetHints":{"allow":["GET"]}}],"collection":[{"href":"https:\/\/www.naturgy.com\/ca\/wp-json\/wp\/v2\/pages"}],"about":[{"href":"https:\/\/www.naturgy.com\/ca\/wp-json\/wp\/v2\/types\/page"}],"author":[{"embeddable":true,"href":"https:\/\/www.naturgy.com\/ca\/wp-json\/wp\/v2\/users\/15"}],"replies":[{"embeddable":true,"href":"https:\/\/www.naturgy.com\/ca\/wp-json\/wp\/v2\/comments?post=67414"}],"version-history":[{"count":1,"href":"https:\/\/www.naturgy.com\/ca\/wp-json\/wp\/v2\/pages\/67414\/revisions"}],"predecessor-version":[{"id":67416,"href":"https:\/\/www.naturgy.com\/ca\/wp-json\/wp\/v2\/pages\/67414\/revisions\/67416"}],"up":[{"embeddable":true,"href":"https:\/\/www.naturgy.com\/ca\/wp-json\/wp\/v2\/pages\/59843"}],"wp:attachment":[{"href":"https:\/\/www.naturgy.com\/ca\/wp-json\/wp\/v2\/media?parent=67414"}],"curies":[{"name":"wp","href":"https:\/\/api.w.org\/{rel}","templated":true}]}}