{"id":78965,"date":"2023-06-09T10:52:12","date_gmt":"2023-06-09T08:52:12","guid":{"rendered":"https:\/\/www.naturgy.com\/coneix-nos-naturgy\/el-grup\/politiques-i-codis-de-conducta\/codi-etic\/sistema-interno-de-informacion\/"},"modified":"2023-06-13T15:56:50","modified_gmt":"2023-06-13T13:56:50","slug":"sistema-intern-dinformacio","status":"publish","type":"page","link":"https:\/\/www.naturgy.com\/ca\/coneix-nos-naturgy\/el-grup\/politiques-i-codis-de-conducta\/codi-etic\/sistema-intern-dinformacio\/","title":{"rendered":"Sistema Intern d&#8217;Informaci\u00f3"},"content":{"rendered":"\t\t<div data-elementor-type=\"wp-page\" data-elementor-id=\"78965\" class=\"elementor elementor-78965 elementor-78838\" data-elementor-post-type=\"page\">\n\t\t\t\t<div class=\"elementor-element elementor-element-13960d0e e-flex e-con-boxed e-con e-parent\" data-id=\"13960d0e\" data-element_type=\"container\">\n\t\t\t\t\t<div class=\"e-con-inner\">\n\t\t<div class=\"elementor-element elementor-element-20745529 e-con-full e-flex e-con e-parent\" data-id=\"20745529\" data-element_type=\"container\">\n\t\t\t\t<div class=\"elementor-element elementor-element-7f054458 elementor-widget elementor-widget-shortcode\" data-id=\"7f054458\" data-element_type=\"widget\" data-widget_type=\"shortcode.default\">\n\t\t\t\t<div class=\"elementor-widget-container\">\n\t\t\t\t\t\t\t<div class=\"elementor-shortcode\"><nav aria-label=\"breadcrumbs\" class=\"rank-math-breadcrumb\"><p><span class=\"last\">Inici<\/span><\/p><\/nav><\/div>\n\t\t\t\t\t\t<\/div>\n\t\t\t\t<\/div>\n\t\t\t\t<div class=\"elementor-element elementor-element-49b2ee9c elementor-widget elementor-widget-heading\" data-id=\"49b2ee9c\" data-element_type=\"widget\" data-widget_type=\"heading.default\">\n\t\t\t\t<div class=\"elementor-widget-container\">\n\t\t\t\t\t<h1 class=\"elementor-heading-title elementor-size-default\">Sistema Intern d'Informaci\u00f3<\/h1>\t\t\t\t<\/div>\n\t\t\t\t<\/div>\n\t\t\t\t<\/div>\n\t\t<div class=\"elementor-element elementor-element-1acf4933 e-con-full e-flex e-con e-parent\" data-id=\"1acf4933\" data-element_type=\"container\">\n\t\t\t\t<div class=\"elementor-element elementor-element-29f1fe6d elementor-widget elementor-widget-spacer\" data-id=\"29f1fe6d\" data-element_type=\"widget\" data-widget_type=\"spacer.default\">\n\t\t\t\t<div class=\"elementor-widget-container\">\n\t\t\t\t\t\t\t<div class=\"elementor-spacer\">\n\t\t\t<div class=\"elementor-spacer-inner\"><\/div>\n\t\t<\/div>\n\t\t\t\t\t\t<\/div>\n\t\t\t\t<\/div>\n\t\t\t\t<div class=\"elementor-element elementor-element-7caae93f elementor-widget elementor-widget-image\" data-id=\"7caae93f\" data-element_type=\"widget\" data-widget_type=\"image.default\">\n\t\t\t\t<div class=\"elementor-widget-container\">\n\t\t\t\t\t\t\t\t\t\t\t\t<figure class=\"wp-caption\">\n\t\t\t\t\t\t\t\t\t\t<img fetchpriority=\"high\" decoding=\"async\" width=\"2048\" height=\"1134\" src=\"https:\/\/www.naturgy.com\/\/app\/uploads\/2023\/06\/N3_Politicas-y-codigos-de-conducta_desktop-4-2048x1134-1.png\" class=\"attachment-full size-full wp-image-78952\" alt=\"\" srcset=\"https:\/\/www.naturgy.com\/\/app\/uploads\/2023\/06\/N3_Politicas-y-codigos-de-conducta_desktop-4-2048x1134-1.png 2048w, https:\/\/www.naturgy.com\/\/app\/uploads\/2023\/06\/N3_Politicas-y-codigos-de-conducta_desktop-4-2048x1134-1-300x166.png 300w, https:\/\/www.naturgy.com\/\/app\/uploads\/2023\/06\/N3_Politicas-y-codigos-de-conducta_desktop-4-2048x1134-1-1024x567.png 1024w, https:\/\/www.naturgy.com\/\/app\/uploads\/2023\/06\/N3_Politicas-y-codigos-de-conducta_desktop-4-2048x1134-1-768x425.png 768w, https:\/\/www.naturgy.com\/\/app\/uploads\/2023\/06\/N3_Politicas-y-codigos-de-conducta_desktop-4-2048x1134-1-1536x851.png 1536w\" sizes=\"(max-width: 2048px) 100vw, 2048px\" \/>\t\t\t\t\t\t\t\t\t\t\t<figcaption class=\"widget-image-caption wp-caption-text\">En compliment del que estableix la Llei 2\/2023, de 20 de febrer, reguladora de la protecci\u00f3 de les persones que informin sobre infraccions normatives i de lluita contra la corrupci\u00f3, el Consell d\u2019Administraci\u00f3 de Naturgy ha acordat la implantaci\u00f3 del Sistema Intern d\u2019Informaci\u00f3, que integra els diferents canals interns d\u2019informaci\u00f3 de la Companyia.<\/figcaption>\n\t\t\t\t\t\t\t\t\t\t<\/figure>\n\t\t\t\t\t\t\t\t\t<\/div>\n\t\t\t\t<\/div>\n\t\t\t\t<\/div>\n\t\t<div class=\"elementor-element elementor-element-452f9075 e-con-full e-flex e-con e-parent\" data-id=\"452f9075\" data-element_type=\"container\">\n\t\t\t\t<div class=\"elementor-element elementor-element-1ba2d71f elementor-widget elementor-widget-spacer\" data-id=\"1ba2d71f\" data-element_type=\"widget\" data-widget_type=\"spacer.default\">\n\t\t\t\t<div class=\"elementor-widget-container\">\n\t\t\t\t\t\t\t<div class=\"elementor-spacer\">\n\t\t\t<div class=\"elementor-spacer-inner\"><\/div>\n\t\t<\/div>\n\t\t\t\t\t\t<\/div>\n\t\t\t\t<\/div>\n\t\t\t\t<\/div>\n\t\t\t\t\t<\/div>\n\t\t\t\t<\/div>\n\t\t<div class=\"elementor-element elementor-element-5dad98a2 e-flex e-con-boxed e-con e-parent\" data-id=\"5dad98a2\" data-element_type=\"container\">\n\t\t\t\t\t<div class=\"e-con-inner\">\n\t\t<div class=\"elementor-element elementor-element-5e5e8f1 e-flex e-con-boxed e-con e-parent\" data-id=\"5e5e8f1\" data-element_type=\"container\">\n\t\t\t\t\t<div class=\"e-con-inner\">\n\t\t<div class=\"elementor-element elementor-element-7f30cdab e-con-full e-flex e-con e-parent\" data-id=\"7f30cdab\" data-element_type=\"container\">\n\t\t\t\t<div class=\"elementor-element elementor-element-1731c7ff elementor-widget elementor-widget-heading\" data-id=\"1731c7ff\" data-element_type=\"widget\" data-widget_type=\"heading.default\">\n\t\t\t\t<div class=\"elementor-widget-container\">\n\t\t\t\t\t<div class=\"elementor-heading-title elementor-size-default\">A trav\u00e9s del Sistema Intern d\u2019Informaci\u00f3 es podran presentar: <\/div>\t\t\t\t<\/div>\n\t\t\t\t<\/div>\n\t\t\t\t<\/div>\n\t\t\t\t<div class=\"elementor-element elementor-element-58dcdbfb elementor-align-start elementor-icon-list--layout-traditional elementor-list-item-link-full_width elementor-widget elementor-widget-icon-list\" data-id=\"58dcdbfb\" data-element_type=\"widget\" data-widget_type=\"icon-list.default\">\n\t\t\t\t<div class=\"elementor-widget-container\">\n\t\t\t\t\t\t\t<ul class=\"elementor-icon-list-items\">\n\t\t\t\t\t\t\t<li class=\"elementor-icon-list-item\">\n\t\t\t\t\t\t\t\t\t\t\t<span class=\"elementor-icon-list-icon\">\n\t\t\t\t\t\t\t<i aria-hidden=\"true\" class=\"interfaz interfaz-flecha-abajo\"><\/i>\t\t\t\t\t\t<\/span>\n\t\t\t\t\t\t\t\t\t\t<span class=\"elementor-icon-list-text\">Informacions que afectin l\u2019inter\u00e8s general, que s\u2019hagin obtingut en un context laboral o professional, sobre accions o omissions que puguin constituir infraccions del dret de la Uni\u00f3 Europea o infracci\u00f3 penal o administrativa greu o molt greus, en els termes que es detallen a la Llei 2\/2023. <\/span>\n\t\t\t\t\t\t\t\t\t<\/li>\n\t\t\t\t\t\t\t\t<li class=\"elementor-icon-list-item\">\n\t\t\t\t\t\t\t\t\t\t\t<span class=\"elementor-icon-list-icon\">\n\t\t\t\t\t\t\t<i aria-hidden=\"true\" class=\"interfaz interfaz-flecha-abajo\"><\/i>\t\t\t\t\t\t<\/span>\n\t\t\t\t\t\t\t\t\t\t<span class=\"elementor-icon-list-text\">Qualssevol altres comunicacions o informacions fora de l\u2019\u00e0mbit establert a l\u2019article 2 de la Llei 2\/2023 les podran presentar tant empleats del Grup Naturgy com qualsevol tercer ali\u00e8 al Grup Naturgy, sempre que l\u2019objecte d\u2019aquestes consultes i\/o den\u00fancies sigui relatiu a potencials incompliments per part d\u2019empleats o tercers que mantinguin una relaci\u00f3 amb Naturgy.<\/span>\n\t\t\t\t\t\t\t\t\t<\/li>\n\t\t\t\t\t\t<\/ul>\n\t\t\t\t\t\t<\/div>\n\t\t\t\t<\/div>\n\t\t\t\t\t<\/div>\n\t\t\t\t<\/div>\n\t\t\t\t\t<\/div>\n\t\t\t\t<\/div>\n\t\t<div class=\"elementor-element elementor-element-7efd8214 e-flex e-con-boxed e-con e-parent\" data-id=\"7efd8214\" data-element_type=\"container\">\n\t\t\t\t\t<div class=\"e-con-inner\">\n\t\t\t\t<div class=\"elementor-element elementor-element-d3fbaaa elementor-widget elementor-widget-spacer\" data-id=\"d3fbaaa\" data-element_type=\"widget\" data-widget_type=\"spacer.default\">\n\t\t\t\t<div class=\"elementor-widget-container\">\n\t\t\t\t\t\t\t<div class=\"elementor-spacer\">\n\t\t\t<div class=\"elementor-spacer-inner\"><\/div>\n\t\t<\/div>\n\t\t\t\t\t\t<\/div>\n\t\t\t\t<\/div>\n\t\t\t\t<div class=\"elementor-element elementor-element-66bba81c elementor-widget elementor-widget-text-editor\" data-id=\"66bba81c\" data-element_type=\"widget\" data-widget_type=\"text-editor.default\">\n\t\t\t\t<div class=\"elementor-widget-container\">\n\t\t\t\t\t\t\t\t\t<p>Per a la presentaci\u00f3 d\u2019aquestes informacions, es disposa d\u2019una aplicaci\u00f3 inform\u00e0tica que permet la comunicaci\u00f3 verbal o escrita que compleix amb els criteris de confidencialitat de la informaci\u00f3 i la protecci\u00f3 de dades i que permet la presentaci\u00f3 d\u2019informacions de manera an\u00f2nima.<\/p><p>A l\u2019enlla\u00e7 seg\u00fcent podeu accedir a la pol\u00edtica del Sistema Intern d\u2019Informaci\u00f3 del Grup Naturgy, aprovada pel Consell d\u2019Administraci\u00f3 de la Companyia.<\/p>\t\t\t\t\t\t\t\t<\/div>\n\t\t\t\t<\/div>\n\t\t\t\t\t<\/div>\n\t\t\t\t<\/div>\n\t\t<div class=\"elementor-element elementor-element-6bec90e e-con-full e-flex e-con e-parent\" data-id=\"6bec90e\" data-element_type=\"container\">\n\t\t\t\t<div class=\"elementor-element elementor-element-21da252 elementor-view-default elementor-widget elementor-widget-icon\" data-id=\"21da252\" data-element_type=\"widget\" data-widget_type=\"icon.default\">\n\t\t\t\t<div class=\"elementor-widget-container\">\n\t\t\t\t\t\t\t<div class=\"elementor-icon-wrapper\">\n\t\t\t<div class=\"elementor-icon\">\n\t\t\t<i aria-hidden=\"true\" class=\"personas personas-mano-acuerdo\"><\/i>\t\t\t<\/div>\n\t\t<\/div>\n\t\t\t\t\t\t<\/div>\n\t\t\t\t<\/div>\n\t\t\t\t<div class=\"elementor-element elementor-element-fb577f6 has-icon elementor-widget elementor-widget-heading\" data-id=\"fb577f6\" data-element_type=\"widget\" data-widget_type=\"heading.default\">\n\t\t\t\t<div class=\"elementor-widget-container\">\n\t\t\t\t\t<div class=\"elementor-heading-title elementor-size-default\"><a href=\"https:\/\/naturgy.integrityline.com\/setup\" target=\"_blank\" rel=\"noopener\">Accedeix al Sistema Intern d'Informaci\u00f3<\/a><\/div>\t\t\t\t<\/div>\n\t\t\t\t<\/div>\n\t\t\t\t<\/div>\n\t\t<div class=\"elementor-element elementor-element-cde6288 e-flex e-con-boxed e-con e-parent\" data-id=\"cde6288\" data-element_type=\"container\">\n\t\t\t\t\t<div class=\"e-con-inner\">\n\t\t\t\t<div class=\"elementor-element elementor-element-368e549 elementor-widget elementor-widget-spacer\" data-id=\"368e549\" data-element_type=\"widget\" data-widget_type=\"spacer.default\">\n\t\t\t\t<div class=\"elementor-widget-container\">\n\t\t\t\t\t\t\t<div class=\"elementor-spacer\">\n\t\t\t<div class=\"elementor-spacer-inner\"><\/div>\n\t\t<\/div>\n\t\t\t\t\t\t<\/div>\n\t\t\t\t<\/div>\n\t\t\t\t<div class=\"elementor-element elementor-element-7cd4763 elementor-widget elementor-widget-text-editor\" data-id=\"7cd4763\" data-element_type=\"widget\" data-widget_type=\"text-editor.default\">\n\t\t\t\t<div class=\"elementor-widget-container\">\n\t\t\t\t\t\t\t\t\t<p>Aix\u00ed mateix, s\u2019informa que les informacions a qu\u00e8 es refereix l\u2019article 2 de la Llei es podran presentar tamb\u00e9 a trav\u00e9s del canal extern de l\u2019Autoritat Independent de Protecci\u00f3 de l\u2019Informant (AAI) o, si escau, de les autoritats o els \u00f2rgans auton\u00f2mics corresponents, o a trav\u00e9s del canal extern de la Uni\u00f3 Europea.<\/p>\t\t\t\t\t\t\t\t<\/div>\n\t\t\t\t<\/div>\n\t\t\t\t<div class=\"elementor-element elementor-element-7ca37bf9 elementor-widget elementor-widget-spacer\" data-id=\"7ca37bf9\" data-element_type=\"widget\" data-widget_type=\"spacer.default\">\n\t\t\t\t<div class=\"elementor-widget-container\">\n\t\t\t\t\t\t\t<div class=\"elementor-spacer\">\n\t\t\t<div class=\"elementor-spacer-inner\"><\/div>\n\t\t<\/div>\n\t\t\t\t\t\t<\/div>\n\t\t\t\t<\/div>\n\t\t\t\t\t<\/div>\n\t\t\t\t<\/div>\n\t\t<div class=\"elementor-element elementor-element-d172b79 grid col-2 e-flex e-con-boxed e-con e-parent\" data-id=\"d172b79\" data-element_type=\"container\">\n\t\t\t\t\t<div class=\"e-con-inner\">\n\t\t<div class=\"elementor-element elementor-element-80dd7db e-con-full e-flex e-con e-parent\" data-id=\"80dd7db\" data-element_type=\"container\" data-settings=\"{&quot;background_background&quot;:&quot;classic&quot;}\">\n\t\t<div class=\"elementor-element elementor-element-cba1ab3 e-con-full e-flex e-con e-parent\" data-id=\"cba1ab3\" data-element_type=\"container\">\n\t\t\t\t<div class=\"elementor-element elementor-element-1a1db2a elementor-widget elementor-widget-heading\" data-id=\"1a1db2a\" data-element_type=\"widget\" data-widget_type=\"heading.default\">\n\t\t\t\t<div class=\"elementor-widget-container\">\n\t\t\t\t\t<div class=\"elementor-heading-title elementor-size-default\">Pol\u00edtica del Sistema Intern d'Informaci\u00f3 del Grup Naturgy <\/div>\t\t\t\t<\/div>\n\t\t\t\t<\/div>\n\t\t\t\t<\/div>\n\t\t\t\t<div class=\"elementor-element elementor-element-b5469cc elementor-widget elementor-widget-image\" data-id=\"b5469cc\" data-element_type=\"widget\" data-widget_type=\"image.default\">\n\t\t\t\t<div class=\"elementor-widget-container\">\n\t\t\t\t\t\t\t\t\t\t\t\t\t\t\t<img decoding=\"async\" width=\"300\" height=\"210\" src=\"https:\/\/www.naturgy.com\/\/app\/uploads\/2023\/06\/politicas-sistema-64886e1f5f05c-1-300x210.jpg\" class=\"attachment-medium size-medium wp-image-79130\" alt=\"\" srcset=\"https:\/\/www.naturgy.com\/\/app\/uploads\/2023\/06\/politicas-sistema-64886e1f5f05c-1-300x210.jpg 300w, https:\/\/www.naturgy.com\/\/app\/uploads\/2023\/06\/politicas-sistema-64886e1f5f05c-1.jpg 500w\" sizes=\"(max-width: 300px) 100vw, 300px\" \/>\t\t\t\t\t\t\t\t\t\t\t\t\t\t\t<\/div>\n\t\t\t\t<\/div>\n\t\t<div class=\"elementor-element elementor-element-fbb3bca e-con-full e-flex e-con e-parent\" data-id=\"fbb3bca\" data-element_type=\"container\">\n\t\t\t\t<div class=\"elementor-element elementor-element-fde7d16 elementor-align-center elementor-widget elementor-widget-button\" data-id=\"fde7d16\" data-element_type=\"widget\" data-widget_type=\"button.default\">\n\t\t\t\t<div class=\"elementor-widget-container\">\n\t\t\t\t\t\t\t\t\t<div class=\"elementor-button-wrapper\">\n\t\t\t\t\t<a class=\"elementor-button elementor-button-link elementor-size-sm\" href=\"https:\/\/stproportalcorporativo.blob.core.windows.net\/uploads\/2023\/06\/Politica-sistema-interno-informacion.pdf\" target=\"_blank\" rel=\"noopener\">\n\t\t\t\t\t\t<span class=\"elementor-button-content-wrapper\">\n\t\t\t\t\t\t\t\t\t<span class=\"elementor-button-text\">Baixar<\/span>\n\t\t\t\t\t<\/span>\n\t\t\t\t\t<\/a>\n\t\t\t\t<\/div>\n\t\t\t\t\t\t\t\t<\/div>\n\t\t\t\t<\/div>\n\t\t\t\t<\/div>\n\t\t\t\t<\/div>\n\t\t\t\t\t<\/div>\n\t\t\t\t<\/div>\n\t\t<div class=\"elementor-element elementor-element-2cbe6ef7 e-con-full e-flex e-con e-parent\" data-id=\"2cbe6ef7\" data-element_type=\"container\">\n\t\t\t\t<div class=\"elementor-element elementor-element-20283008 elementor-widget elementor-widget-spacer\" data-id=\"20283008\" data-element_type=\"widget\" data-widget_type=\"spacer.default\">\n\t\t\t\t<div class=\"elementor-widget-container\">\n\t\t\t\t\t\t\t<div class=\"elementor-spacer\">\n\t\t\t<div class=\"elementor-spacer-inner\"><\/div>\n\t\t<\/div>\n\t\t\t\t\t\t<\/div>\n\t\t\t\t<\/div>\n\t\t\t\t<\/div>\n\t\t\t\t<\/div>\n\t\t","protected":false},"excerpt":{"rendered":"<p>Sistema Intern d&#8217;Informaci\u00f3 En compliment del que estableix la Llei 2\/2023, de 20 de febrer, reguladora de la protecci\u00f3 de les persones que informin sobre infraccions normatives i de lluita contra la corrupci\u00f3, el Consell d\u2019Administraci\u00f3 de Naturgy ha acordat la implantaci\u00f3 del Sistema Intern d\u2019Informaci\u00f3, que integra els diferents canals interns d\u2019informaci\u00f3 de la [&hellip;]<\/p>\n","protected":false},"author":5,"featured_media":0,"parent":39944,"menu_order":0,"comment_status":"closed","ping_status":"closed","template":"","meta":{"_acf_changed":false,"footnotes":""},"class_list":["post-78965","page","type-page","status-publish","hentry"],"acf":[],"_links":{"self":[{"href":"https:\/\/www.naturgy.com\/ca\/wp-json\/wp\/v2\/pages\/78965","targetHints":{"allow":["GET"]}}],"collection":[{"href":"https:\/\/www.naturgy.com\/ca\/wp-json\/wp\/v2\/pages"}],"about":[{"href":"https:\/\/www.naturgy.com\/ca\/wp-json\/wp\/v2\/types\/page"}],"author":[{"embeddable":true,"href":"https:\/\/www.naturgy.com\/ca\/wp-json\/wp\/v2\/users\/5"}],"replies":[{"embeddable":true,"href":"https:\/\/www.naturgy.com\/ca\/wp-json\/wp\/v2\/comments?post=78965"}],"version-history":[{"count":18,"href":"https:\/\/www.naturgy.com\/ca\/wp-json\/wp\/v2\/pages\/78965\/revisions"}],"predecessor-version":[{"id":79162,"href":"https:\/\/www.naturgy.com\/ca\/wp-json\/wp\/v2\/pages\/78965\/revisions\/79162"}],"up":[{"embeddable":true,"href":"https:\/\/www.naturgy.com\/ca\/wp-json\/wp\/v2\/pages\/39944"}],"wp:attachment":[{"href":"https:\/\/www.naturgy.com\/ca\/wp-json\/wp\/v2\/media?parent=78965"}],"curies":[{"name":"wp","href":"https:\/\/api.w.org\/{rel}","templated":true}]}}