{"id":80594,"date":"2023-06-21T13:42:57","date_gmt":"2023-06-21T11:42:57","guid":{"rendered":"https:\/\/www.naturgy.com\/coneix-nos-naturgy\/el-grup\/els-nostres-proveidors\/cadena-de-subministrament-responsable\/medicion-de-la-huella-de-carbono-en-la-cadena-de-suministro\/"},"modified":"2023-06-30T13:45:45","modified_gmt":"2023-06-30T11:45:45","slug":"mesurament-de-lempremta-de-carboni-en-la-cadena-de-subministrament","status":"publish","type":"page","link":"https:\/\/www.naturgy.com\/ca\/coneix-nos-naturgy\/el-grup\/els-nostres-proveidors\/cadena-de-subministrament-responsable\/mesurament-de-lempremta-de-carboni-en-la-cadena-de-subministrament\/","title":{"rendered":"Mesurament de l\u2019empremta de carboni en la cadena de subministrament"},"content":{"rendered":"\t\t<div data-elementor-type=\"wp-page\" data-elementor-id=\"80594\" class=\"elementor elementor-80594 elementor-80291\" data-elementor-post-type=\"page\">\n\t\t\t\t<div class=\"elementor-element elementor-element-7b192122 e-flex e-con-boxed e-con e-parent\" data-id=\"7b192122\" data-element_type=\"container\">\n\t\t\t\t\t<div class=\"e-con-inner\">\n\t\t<div class=\"elementor-element elementor-element-63ad6576 e-con-full e-flex e-con e-parent\" data-id=\"63ad6576\" data-element_type=\"container\">\n\t\t\t\t<div class=\"elementor-element elementor-element-5315f59e elementor-widget elementor-widget-shortcode\" data-id=\"5315f59e\" data-element_type=\"widget\" data-widget_type=\"shortcode.default\">\n\t\t\t\t<div class=\"elementor-widget-container\">\n\t\t\t\t\t\t\t<div class=\"elementor-shortcode\"><nav aria-label=\"breadcrumbs\" class=\"rank-math-breadcrumb\"><p><span class=\"last\">Inici<\/span><\/p><\/nav><\/div>\n\t\t\t\t\t\t<\/div>\n\t\t\t\t<\/div>\n\t\t\t\t<div class=\"elementor-element elementor-element-4905732 elementor-widget elementor-widget-heading\" data-id=\"4905732\" data-element_type=\"widget\" data-widget_type=\"heading.default\">\n\t\t\t\t<div class=\"elementor-widget-container\">\n\t\t\t\t\t<h1 class=\"elementor-heading-title elementor-size-default\">Mesurament de l\u2019empremta de carboni en la cadena de subministrament<\/h1>\t\t\t\t<\/div>\n\t\t\t\t<\/div>\n\t\t\t\t<\/div>\n\t\t<div class=\"elementor-element elementor-element-70b7996f e-con-full e-flex e-con e-parent\" data-id=\"70b7996f\" data-element_type=\"container\">\n\t\t\t\t<div class=\"elementor-element elementor-element-31df6d04 elementor-widget elementor-widget-spacer\" data-id=\"31df6d04\" data-element_type=\"widget\" data-widget_type=\"spacer.default\">\n\t\t\t\t<div class=\"elementor-widget-container\">\n\t\t\t\t\t\t\t<div class=\"elementor-spacer\">\n\t\t\t<div class=\"elementor-spacer-inner\"><\/div>\n\t\t<\/div>\n\t\t\t\t\t\t<\/div>\n\t\t\t\t<\/div>\n\t\t\t\t<div class=\"elementor-element elementor-element-a0034d8 elementor-widget elementor-widget-image\" data-id=\"a0034d8\" data-element_type=\"widget\" data-widget_type=\"image.default\">\n\t\t\t\t<div class=\"elementor-widget-container\">\n\t\t\t\t\t\t\t\t\t\t\t\t<figure class=\"wp-caption\">\n\t\t\t\t\t\t\t\t\t\t<img fetchpriority=\"high\" decoding=\"async\" width=\"2560\" height=\"1378\" src=\"https:\/\/www.naturgy.com\/\/app\/uploads\/2023\/06\/Huella-de-carbono-scaled.jpg\" class=\"attachment-full size-full wp-image-80311\" alt=\"\" srcset=\"https:\/\/www.naturgy.com\/\/app\/uploads\/2023\/06\/Huella-de-carbono-scaled.jpg 2560w, https:\/\/www.naturgy.com\/\/app\/uploads\/2023\/06\/Huella-de-carbono-300x162.jpg 300w, https:\/\/www.naturgy.com\/\/app\/uploads\/2023\/06\/Huella-de-carbono-1024x551.jpg 1024w, https:\/\/www.naturgy.com\/\/app\/uploads\/2023\/06\/Huella-de-carbono-768x414.jpg 768w, https:\/\/www.naturgy.com\/\/app\/uploads\/2023\/06\/Huella-de-carbono-1536x827.jpg 1536w, https:\/\/www.naturgy.com\/\/app\/uploads\/2023\/06\/Huella-de-carbono-2048x1103.jpg 2048w\" sizes=\"(max-width: 2560px) 100vw, 2560px\" \/>\t\t\t\t\t\t\t\t\t\t\t<figcaption class=\"widget-image-caption wp-caption-text\">En mat\u00e8ria de sostenibilitat ambiental, Naturgy ha decidit fer un pas m\u00e9s enll\u00e0 i aplicar, a partir d\u2019aquest any, un nou criteri en els processos de compres, incloent-hi una valoraci\u00f3 progressiva del mesurament de l\u2019empremta de carboni dels seus prove\u00efdors en els processos de licitaci\u00f3. D\u2019aquesta manera, incorpora la gesti\u00f3 de la lluita contra el canvi clim\u00e0tic en l\u2019avaluaci\u00f3 de l\u2019acompliment de les empreses amb qu\u00e8 treballa.<\/figcaption>\n\t\t\t\t\t\t\t\t\t\t<\/figure>\n\t\t\t\t\t\t\t\t\t<\/div>\n\t\t\t\t<\/div>\n\t\t\t\t<\/div>\n\t\t<div class=\"elementor-element elementor-element-59f13af9 e-con-full e-flex e-con e-parent\" data-id=\"59f13af9\" data-element_type=\"container\">\n\t\t\t\t<div class=\"elementor-element elementor-element-313e267 elementor-widget elementor-widget-spacer\" data-id=\"313e267\" data-element_type=\"widget\" data-widget_type=\"spacer.default\">\n\t\t\t\t<div class=\"elementor-widget-container\">\n\t\t\t\t\t\t\t<div class=\"elementor-spacer\">\n\t\t\t<div class=\"elementor-spacer-inner\"><\/div>\n\t\t<\/div>\n\t\t\t\t\t\t<\/div>\n\t\t\t\t<\/div>\n\t\t\t\t<\/div>\n\t\t\t\t\t<\/div>\n\t\t\t\t<\/div>\n\t\t<div class=\"elementor-element elementor-element-772748ce e-flex e-con-boxed e-con e-parent\" data-id=\"772748ce\" data-element_type=\"container\">\n\t\t\t\t\t<div class=\"e-con-inner\">\n\t\t\t\t<div class=\"elementor-element elementor-element-673d3704 elementor-widget elementor-widget-heading\" data-id=\"673d3704\" data-element_type=\"widget\" data-widget_type=\"heading.default\">\n\t\t\t\t<div class=\"elementor-widget-container\">\n\t\t\t\t\t<h2 class=\"elementor-heading-title elementor-size-default\">Fases d'implantaci\u00f3<\/h2>\t\t\t\t<\/div>\n\t\t\t\t<\/div>\n\t\t\t\t<div class=\"elementor-element elementor-element-18ac136a elementor-widget elementor-widget-text-editor\" data-id=\"18ac136a\" data-element_type=\"widget\" data-widget_type=\"text-editor.default\">\n\t\t\t\t<div class=\"elementor-widget-container\">\n\t\t\t\t\t\t\t\t\t<p>En la implantaci\u00f3 d\u2019aquest requisit, la companyia ha establert dues fases.:<\/p><ul><li><strong>En una primera fase implantada el 2022<\/strong>, es convida els prove\u00efdors perqu\u00e8, de manera volunt\u00e0ria, incloguin com a part de la seva oferta t\u00e8cnica un certificat que<br \/>verifiqui el mesurament de la seva empremta de carboni per una entitat acreditada. Aquesta informaci\u00f3 podr\u00e0 ser valorada<br \/>positivament per Naturgy en la decisi\u00f3 d\u2019adjudicaci\u00f3. A partir del 2023 i per a compres amb un determinat<br \/>nivell de risc en canvi clim\u00e0tic, la presentaci\u00f3 d\u2019aquest certificat \u00e9s obligat\u00f2ria.<\/li><li><strong>Addicionalment, des del gener del 2022<\/strong> Naturgy exigeix contractualment que determinats prove\u00efdors, en funci\u00f3 del seu risc derivat del canvi clim\u00e0tic o per l\u2019import del contracte pel qual liciten, informin anualment la companyia del seu grau d\u2019acompliment en mat\u00e8ria clim\u00e0tica a trav\u00e9s de l\u2019emplenament del q\u00fcestionari CDP Supply Chain.<\/li><\/ul>\t\t\t\t\t\t\t\t<\/div>\n\t\t\t\t<\/div>\n\t\t\t\t\t<\/div>\n\t\t\t\t<\/div>\n\t\t<div class=\"elementor-element elementor-element-c0d0c93 e-flex e-con-boxed e-con e-parent\" data-id=\"c0d0c93\" data-element_type=\"container\">\n\t\t\t\t\t<div class=\"e-con-inner\">\n\t\t\t\t<div class=\"elementor-element elementor-element-79d5fec elementor-widget elementor-widget-spacer\" data-id=\"79d5fec\" data-element_type=\"widget\" data-widget_type=\"spacer.default\">\n\t\t\t\t<div class=\"elementor-widget-container\">\n\t\t\t\t\t\t\t<div class=\"elementor-spacer\">\n\t\t\t<div class=\"elementor-spacer-inner\"><\/div>\n\t\t<\/div>\n\t\t\t\t\t\t<\/div>\n\t\t\t\t<\/div>\n\t\t\t\t<div class=\"elementor-element elementor-element-9f64c84 elementor-widget elementor-widget-heading\" data-id=\"9f64c84\" data-element_type=\"widget\" data-widget_type=\"heading.default\">\n\t\t\t\t<div class=\"elementor-widget-container\">\n\t\t\t\t\t<h2 class=\"elementor-heading-title elementor-size-default\">Formaci\u00f3 per a empleats<\/h2>\t\t\t\t<\/div>\n\t\t\t\t<\/div>\n\t\t\t\t<div class=\"elementor-element elementor-element-e2ac905 elementor-widget elementor-widget-text-editor\" data-id=\"e2ac905\" data-element_type=\"widget\" data-widget_type=\"text-editor.default\">\n\t\t\t\t<div class=\"elementor-widget-container\">\n\t\t\t\t\t\t\t\t\t<p>Per assegurar l\u2019\u00e8xit d\u2019aquesta iniciativa, la participaci\u00f3 de l\u2019equip hum\u00e0 implicat en el proc\u00e9s de compres \u00e9s essencial. Per a aix\u00f2 i mitjan\u00e7ant sessions de formaci\u00f3 espec\u00edfiques, les persones involucrades han rebut els coneixements necessaris per entendre les novetats que aquests canvis introdueixen en el proc\u00e9s de compres i les seves implicacions.<br \/><br \/>Aquesta acci\u00f3 formativa espec\u00edfica se suma a altres accions de formaci\u00f3 i divulgaci\u00f3 de coneixement adre\u00e7ades als empleats que formen part dels equips de compres. Aquests programes formatius es duen a terme de manera recurrent amb l\u2019objectiu de garantir l\u2019aplicaci\u00f3 efectiva dels principis de sostenibilitat entre els compradors de l\u2019empresa i les parts interessades internes que participen en les decisions de compra, a fi de proporcionar-los coneixements essencials sobre el disseny d\u2019estrat\u00e8gies sostenibles, tenint en compte els possibles impactes en la societat i el medi ambient.<\/p>\t\t\t\t\t\t\t\t<\/div>\n\t\t\t\t<\/div>\n\t\t\t\t\t<\/div>\n\t\t\t\t<\/div>\n\t\t<div class=\"elementor-element elementor-element-41e0782c e-con-full e-flex e-con e-parent\" data-id=\"41e0782c\" data-element_type=\"container\">\n\t\t\t\t<div class=\"elementor-element elementor-element-275a157c elementor-widget elementor-widget-spacer\" data-id=\"275a157c\" data-element_type=\"widget\" data-widget_type=\"spacer.default\">\n\t\t\t\t<div class=\"elementor-widget-container\">\n\t\t\t\t\t\t\t<div class=\"elementor-spacer\">\n\t\t\t<div class=\"elementor-spacer-inner\"><\/div>\n\t\t<\/div>\n\t\t\t\t\t\t<\/div>\n\t\t\t\t<\/div>\n\t\t\t\t<\/div>\n\t\t<div class=\"elementor-element elementor-element-4c661673 e-con-full e-flex e-con e-parent\" data-id=\"4c661673\" data-element_type=\"container\">\n\t\t\t\t<div class=\"elementor-element elementor-element-181db917 elementor-widget elementor-widget-spacer\" data-id=\"181db917\" data-element_type=\"widget\" data-widget_type=\"spacer.default\">\n\t\t\t\t<div class=\"elementor-widget-container\">\n\t\t\t\t\t\t\t<div class=\"elementor-spacer\">\n\t\t\t<div class=\"elementor-spacer-inner\"><\/div>\n\t\t<\/div>\n\t\t\t\t\t\t<\/div>\n\t\t\t\t<\/div>\n\t\t\t\t<\/div>\n\t\t\t\t<\/div>\n\t\t","protected":false},"excerpt":{"rendered":"<p>En mat\u00e8ria de sostenibilitat ambiental, Naturgy ha decidit fer un pas m\u00e9s enll\u00e0 i aplicar, a partir d\u2019aquest any, un nou criteri en els processos de compres, incloent-hi una valoraci\u00f3 progressiva del mesurament de l\u2019empremta de carboni dels seus prove\u00efdors en els processos de licitaci\u00f3. D\u2019aquesta manera, incorpora la gesti\u00f3 de la lluita contra el [&hellip;]<\/p>\n","protected":false},"author":5,"featured_media":0,"parent":40666,"menu_order":0,"comment_status":"closed","ping_status":"closed","template":"","meta":{"_acf_changed":false,"footnotes":""},"class_list":["post-80594","page","type-page","status-publish","hentry"],"acf":[],"_links":{"self":[{"href":"https:\/\/www.naturgy.com\/ca\/wp-json\/wp\/v2\/pages\/80594","targetHints":{"allow":["GET"]}}],"collection":[{"href":"https:\/\/www.naturgy.com\/ca\/wp-json\/wp\/v2\/pages"}],"about":[{"href":"https:\/\/www.naturgy.com\/ca\/wp-json\/wp\/v2\/types\/page"}],"author":[{"embeddable":true,"href":"https:\/\/www.naturgy.com\/ca\/wp-json\/wp\/v2\/users\/5"}],"replies":[{"embeddable":true,"href":"https:\/\/www.naturgy.com\/ca\/wp-json\/wp\/v2\/comments?post=80594"}],"version-history":[{"count":11,"href":"https:\/\/www.naturgy.com\/ca\/wp-json\/wp\/v2\/pages\/80594\/revisions"}],"predecessor-version":[{"id":81475,"href":"https:\/\/www.naturgy.com\/ca\/wp-json\/wp\/v2\/pages\/80594\/revisions\/81475"}],"up":[{"embeddable":true,"href":"https:\/\/www.naturgy.com\/ca\/wp-json\/wp\/v2\/pages\/40666"}],"wp:attachment":[{"href":"https:\/\/www.naturgy.com\/ca\/wp-json\/wp\/v2\/media?parent=80594"}],"curies":[{"name":"wp","href":"https:\/\/api.w.org\/{rel}","templated":true}]}}