{"id":34208,"date":"2023-01-20T16:28:29","date_gmt":"2023-01-20T15:28:29","guid":{"rendered":"https:\/\/www.naturgy.com\/la-accion-y-su-capital-social\/"},"modified":"2023-03-02T13:51:50","modified_gmt":"2023-03-02T12:51:50","slug":"the-share-capital","status":"publish","type":"page","link":"https:\/\/www.naturgy.com\/en\/shareholders-and-investors\/the-company\/the-share-capital\/","title":{"rendered":"The share capital"},"content":{"rendered":"\t\t<div data-elementor-type=\"wp-page\" data-elementor-id=\"34208\" class=\"elementor elementor-34208 elementor-12541\" data-elementor-post-type=\"page\">\n\t\t\t\t<div class=\"elementor-element elementor-element-7a460400 e-flex e-con-boxed e-con e-parent\" data-id=\"7a460400\" data-element_type=\"container\">\n\t\t\t\t\t<div class=\"e-con-inner\">\n\t\t<div class=\"elementor-element elementor-element-61fc9ac7 e-con-full e-flex e-con e-parent\" data-id=\"61fc9ac7\" data-element_type=\"container\">\n\t\t\t\t<div class=\"elementor-element elementor-element-19a197bd elementor-widget elementor-widget-shortcode\" data-id=\"19a197bd\" data-element_type=\"widget\" data-widget_type=\"shortcode.default\">\n\t\t\t\t<div class=\"elementor-widget-container\">\n\t\t\t\t\t\t\t<div class=\"elementor-shortcode\"><nav aria-label=\"breadcrumbs\" class=\"rank-math-breadcrumb\"><p><span class=\"last\">Home<\/span><\/p><\/nav><\/div>\n\t\t\t\t\t\t<\/div>\n\t\t\t\t<\/div>\n\t\t\t\t<div class=\"elementor-element elementor-element-54c1d75c elementor-widget elementor-widget-heading\" data-id=\"54c1d75c\" data-element_type=\"widget\" data-widget_type=\"heading.default\">\n\t\t\t\t<div class=\"elementor-widget-container\">\n\t\t\t\t\t<h1 class=\"elementor-heading-title elementor-size-default\">The share capital<\/h1>\t\t\t\t<\/div>\n\t\t\t\t<\/div>\n\t\t\t\t<\/div>\n\t\t<div class=\"elementor-element elementor-element-284d54ae e-con-full e-flex e-con e-parent\" data-id=\"284d54ae\" data-element_type=\"container\">\n\t\t\t\t<div class=\"elementor-element elementor-element-7c8f2206 elementor-widget elementor-widget-spacer\" data-id=\"7c8f2206\" data-element_type=\"widget\" data-widget_type=\"spacer.default\">\n\t\t\t\t<div class=\"elementor-widget-container\">\n\t\t\t\t\t\t\t<div class=\"elementor-spacer\">\n\t\t\t<div class=\"elementor-spacer-inner\"><\/div>\n\t\t<\/div>\n\t\t\t\t\t\t<\/div>\n\t\t\t\t<\/div>\n\t\t\t\t<\/div>\n\t\t<div class=\"elementor-element elementor-element-59fad2b0 e-con-full e-flex e-con e-parent\" data-id=\"59fad2b0\" data-element_type=\"container\">\n\t\t\t\t<div class=\"elementor-element elementor-element-7d5db5be elementor-widget elementor-widget-text-editor\" data-id=\"7d5db5be\" data-element_type=\"widget\" data-widget_type=\"text-editor.default\">\n\t\t\t\t<div class=\"elementor-widget-container\">\n\t\t\t\t\t\t\t\t\t<p>Naturgy Energy Group, S.A.&#8217;s\u00a0<strong>share capital<\/strong>. stands at\u00a0nine hundred and sixty-nine million, six hundred thirteen thousand and eight hundred and one euros (969,613,801) and is fully subscribed and paid up.<br \/><br \/>The\u00a0<strong>share capital\u00a0<\/strong>is made up of 969,613,801 shares, each with a nominal value of 1 euro, represented by book entries and a single class. The entity responsible for the accounting records is Sociedad de Gesti\u00f3n de los Sistemas de Registro, Compensaci\u00f3n y Liquidaci\u00f3n de Valores, S.A (IBERCLEAR).<br \/><br \/>All the\u00a0<strong>shares<\/strong>\u00a0hold identical political and economic rights and are listed on the four Spanish stock exchanges through the continuous market, forming part of the\u00a0<strong>Ibex 35<\/strong>\u00a0index and in particular the\u00a0<strong>Ibex Utilities<\/strong>\u00a0index.<\/p>\t\t\t\t\t\t\t\t<\/div>\n\t\t\t\t<\/div>\n\t\t\t\t<\/div>\n\t\t\t\t\t<\/div>\n\t\t\t\t<\/div>\n\t\t<div class=\"elementor-element elementor-element-65e338e2 e-con-full e-flex e-con e-parent\" data-id=\"65e338e2\" data-element_type=\"container\">\n\t\t\t\t<div class=\"elementor-element elementor-element-64da74f elementor-widget elementor-widget-spacer\" data-id=\"64da74f\" data-element_type=\"widget\" data-widget_type=\"spacer.default\">\n\t\t\t\t<div class=\"elementor-widget-container\">\n\t\t\t\t\t\t\t<div class=\"elementor-spacer\">\n\t\t\t<div class=\"elementor-spacer-inner\"><\/div>\n\t\t<\/div>\n\t\t\t\t\t\t<\/div>\n\t\t\t\t<\/div>\n\t\t\t\t<\/div>\n\t\t<div class=\"elementor-element elementor-element-2409aaa9 e-flex e-con-boxed e-con e-parent\" data-id=\"2409aaa9\" data-element_type=\"container\">\n\t\t\t\t\t<div class=\"e-con-inner\">\n\t\t\t\t<div class=\"elementor-element elementor-element-7ab2c2e9 elementor-widget elementor-widget-heading\" data-id=\"7ab2c2e9\" data-element_type=\"widget\" data-widget_type=\"heading.default\">\n\t\t\t\t<div class=\"elementor-widget-container\">\n\t\t\t\t\t<h2 class=\"elementor-heading-title elementor-size-default\">Evolution of the capital share\n<\/h2>\t\t\t\t<\/div>\n\t\t\t\t<\/div>\n\t\t\t\t\t<\/div>\n\t\t\t\t<\/div>\n\t\t<div class=\"elementor-element elementor-element-7cc87753 e-con-full e-flex e-con e-parent\" data-id=\"7cc87753\" data-element_type=\"container\">\n\t\t\t\t<div class=\"elementor-element elementor-element-28e5d99e elementor-widget elementor-widget-spacer\" data-id=\"28e5d99e\" data-element_type=\"widget\" data-widget_type=\"spacer.default\">\n\t\t\t\t<div class=\"elementor-widget-container\">\n\t\t\t\t\t\t\t<div class=\"elementor-spacer\">\n\t\t\t<div class=\"elementor-spacer-inner\"><\/div>\n\t\t<\/div>\n\t\t\t\t\t\t<\/div>\n\t\t\t\t<\/div>\n\t\t\t\t<\/div>\n\t\t<div class=\"elementor-element elementor-element-1c2333b3 grid col-3 e-flex e-con-boxed e-con e-parent\" data-id=\"1c2333b3\" data-element_type=\"container\">\n\t\t\t\t\t<div class=\"e-con-inner\">\n\t\t\t\t<div class=\"elementor-element elementor-element-228fdfc0 kec-table elementor-widget elementor-widget-shortcode\" data-id=\"228fdfc0\" data-element_type=\"widget\" data-widget_type=\"shortcode.default\">\n\t\t\t\t<div class=\"elementor-widget-container\">\n\t\t\t\t\t\t\t<div class=\"elementor-shortcode\">\n<table id=\"tablepress-148\" class=\"tablepress tablepress-id-148 fix-tablecolumn\">\n<thead>\n<tr class=\"row-1\">\n\t<th class=\"column-1\">Date<\/th><th class=\"column-2\">Event<\/th><th class=\"column-3\">Share change<\/th><th class=\"column-4\">Resulting number of shares<\/th><th class=\"column-5\">Nominal value per unit (\u20ac)<\/th><th class=\"column-6\">Share capital (\u20ac)<\/th>\n<\/tr>\n<\/thead>\n<tbody>\n<tr class=\"row-2\">\n\t<td class=\"column-1\">31 Dec. 95<\/td><td class=\"column-2\"><\/td><td class=\"column-3\"><\/td><td class=\"column-4\">37,314,669<\/td><td class=\"column-5\">1<\/td><td class=\"column-6\">37,314,669<\/td>\n<\/tr>\n<tr class=\"row-3\">\n\t<td class=\"column-1\">31 Dec. 96<\/td><td class=\"column-2\"><\/td><td class=\"column-3\"><\/td><td class=\"column-4\">37,314,669<\/td><td class=\"column-5\">1<\/td><td class=\"column-6\">37,314,669<\/td>\n<\/tr>\n<tr class=\"row-4\">\n\t<td class=\"column-1\">21 Jul. 97<\/td><td class=\"column-2\">Share split (Split 4 new x 1 old)<\/td><td class=\"column-3\">111,944,007<\/td><td class=\"column-4\">149,258,676<\/td><td class=\"column-5\">1<\/td><td class=\"column-6\">149,258,676<\/td>\n<\/tr>\n<tr class=\"row-5\">\n\t<td class=\"column-1\">31 Dec. 98<\/td><td class=\"column-2\"><\/td><td class=\"column-3\"><\/td><td class=\"column-4\">149,258,676<\/td><td class=\"column-5\">1<\/td><td class=\"column-6\">149,258,676<\/td>\n<\/tr>\n<tr class=\"row-6\">\n\t<td class=\"column-1\">12 Jul. 99<\/td><td class=\"column-2\">Share split (Split 3 new x 1 old)<\/td><td class=\"column-3\">298,517,352<\/td><td class=\"column-4\">447,776,028<\/td><td class=\"column-5\">1<\/td><td class=\"column-6\">447,776,028<\/td>\n<\/tr>\n<tr class=\"row-7\">\n\t<td class=\"column-1\">31 Dec. 00<\/td><td class=\"column-2\"><\/td><td class=\"column-3\"><\/td><td class=\"column-4\">447,776,028<\/td><td class=\"column-5\">1<\/td><td class=\"column-6\">447,776,028<\/td>\n<\/tr>\n<tr class=\"row-8\">\n\t<td class=\"column-1\">31 Dec. 01<\/td><td class=\"column-2\"><\/td><td class=\"column-3\"><\/td><td class=\"column-4\">447,776,028<\/td><td class=\"column-5\">1<\/td><td class=\"column-6\">447,776,028<\/td>\n<\/tr>\n<tr class=\"row-9\">\n\t<td class=\"column-1\">31 Dec. 02<\/td><td class=\"column-2\"><\/td><td class=\"column-3\"><\/td><td class=\"column-4\">447,776,028<\/td><td class=\"column-5\">1<\/td><td class=\"column-6\">447,776,028<\/td>\n<\/tr>\n<tr class=\"row-10\">\n\t<td class=\"column-1\">31 Dec. 03<\/td><td class=\"column-2\"><\/td><td class=\"column-3\"><\/td><td class=\"column-4\">447,776,028<\/td><td class=\"column-5\">1<\/td><td class=\"column-6\">447,776,028<\/td>\n<\/tr>\n<tr class=\"row-11\">\n\t<td class=\"column-1\">31 Dec. 04<\/td><td class=\"column-2\"><\/td><td class=\"column-3\"><\/td><td class=\"column-4\">447,776,028<\/td><td class=\"column-5\">1<\/td><td class=\"column-6\">447,776,028<\/td>\n<\/tr>\n<tr class=\"row-12\">\n\t<td class=\"column-1\">31 Dec. 05<\/td><td class=\"column-2\"><\/td><td class=\"column-3\"><\/td><td class=\"column-4\">447,776,028<\/td><td class=\"column-5\">1<\/td><td class=\"column-6\">447,776,028<\/td>\n<\/tr>\n<tr class=\"row-13\">\n\t<td class=\"column-1\">31 Dec. 06<\/td><td class=\"column-2\"><\/td><td class=\"column-3\"><\/td><td class=\"column-4\">447,776,028<\/td><td class=\"column-5\">1<\/td><td class=\"column-6\">447,776,028<\/td>\n<\/tr>\n<tr class=\"row-14\">\n\t<td class=\"column-1\">31 Dec. 07<\/td><td class=\"column-2\"><\/td><td class=\"column-3\"><\/td><td class=\"column-4\">447,776,028<\/td><td class=\"column-5\">1<\/td><td class=\"column-6\">447,776,028<\/td>\n<\/tr>\n<tr class=\"row-15\">\n\t<td class=\"column-1\">31 Dec. 08<\/td><td class=\"column-2\"><\/td><td class=\"column-3\"><\/td><td class=\"column-4\">447,776,028<\/td><td class=\"column-5\">1<\/td><td class=\"column-6\">447,776,028<\/td>\n<\/tr>\n<tr class=\"row-16\">\n\t<td class=\"column-1\">2 Apr. 09<\/td><td class=\"column-2\"><a href=\"https:\/\/www.naturgy.com\/accionistas-e-inversores\/la-sociedad\/la-accion-y-su-capital-social\/ampliacion-de-capital-de-naturgy-energy-group-s-a-marzo-2009\/\">Capital increase (1X1) <\/a><\/td><td class=\"column-3\">447,776,028<\/td><td class=\"column-4\">895,552,056<\/td><td class=\"column-5\">1<\/td><td class=\"column-6\">895,552,056<\/td>\n<\/tr>\n<tr class=\"row-17\">\n\t<td class=\"column-1\">7 Sept. 09<\/td><td class=\"column-2\">Capital increase due to fusion with Uni\u00f3n Fenosa (Exchange of 3 Gas shares for every 5 Fenosa shares)<\/td><td class=\"column-3\">26,204,895<\/td><td class=\"column-4\">921,756,951<\/td><td class=\"column-5\">1<\/td><td class=\"column-6\">921,756,951<\/td>\n<\/tr>\n<tr class=\"row-18\">\n\t<td class=\"column-1\">31 Dec. 10<\/td><td class=\"column-2\"><\/td><td class=\"column-3\"><\/td><td class=\"column-4\">921,756,951<\/td><td class=\"column-5\">1<\/td><td class=\"column-6\">921,756,951<\/td>\n<\/tr>\n<tr class=\"row-19\">\n\t<td class=\"column-1\">28 Jun. 11<\/td><td class=\"column-2\"><a href=\"https:\/\/www.naturgy.com\/accionistas-e-inversores\/la-sociedad\/la-accion-y-su-capital-social\/ampliacion-de-capital-liberada-junio-2011-y-sistema-de-remuneracion-al-accionista\/\">Flexible dividend<\/a><\/td><td class=\"column-3\">31,731,588<\/td><td class=\"column-4\">953,488,539<\/td><td class=\"column-5\">1<\/td><td class=\"column-6\">953,488,539<\/td>\n<\/tr>\n<tr class=\"row-20\">\n\t<td class=\"column-1\">11 Aug. 11<\/td><td class=\"column-2\"><a href=\"https:\/\/www.naturgy.com\/accionistas-e-inversores\/la-sociedad\/la-accion-y-su-capital-social\/ampliacion-de-capital-con-exclusion-del-derecho-de-suscripcion-preferente-agosto-2011\/\">Capital increase <\/a><\/td><td class=\"column-3\">38,183,600<\/td><td class=\"column-4\">991,672,139<\/td><td class=\"column-5\">1<\/td><td class=\"column-6\">991,672,139<\/td>\n<\/tr>\n<tr class=\"row-21\">\n\t<td class=\"column-1\">28 Jun. 12<\/td><td class=\"column-2\"><a href=\"https:\/\/www.naturgy.com\/accionistas-e-inversores\/la-sociedad\/la-accion-y-su-capital-social\/ampliacion-de-capital-liberada-junio-2012\/\">Flexible dividend<\/a><\/td><td class=\"column-3\">9,017,202<\/td><td class=\"column-4\">1,000,689,341<\/td><td class=\"column-5\">1<\/td><td class=\"column-6\">1,000,689,341<\/td>\n<\/tr>\n<tr class=\"row-22\">\n\t<td class=\"column-1\">31 Dec. 13<\/td><td class=\"column-2\"><\/td><td class=\"column-3\"><\/td><td class=\"column-4\">1,000,689,341<\/td><td class=\"column-5\">1<\/td><td class=\"column-6\">1,000,689,341<\/td>\n<\/tr>\n<tr class=\"row-23\">\n\t<td class=\"column-1\">31 Dec. 14<\/td><td class=\"column-2\"><\/td><td class=\"column-3\"><\/td><td class=\"column-4\">1,000,689,341<\/td><td class=\"column-5\">1<\/td><td class=\"column-6\">1,000,689,341<\/td>\n<\/tr>\n<tr class=\"row-24\">\n\t<td class=\"column-1\">31 Dec. 15<\/td><td class=\"column-2\"><\/td><td class=\"column-3\"><\/td><td class=\"column-4\">1,000,689,341<\/td><td class=\"column-5\">1<\/td><td class=\"column-6\">1,000,689,341<\/td>\n<\/tr>\n<tr class=\"row-25\">\n\t<td class=\"column-1\">31 Dec. 16<\/td><td class=\"column-2\"><\/td><td class=\"column-3\"><\/td><td class=\"column-4\">1,000,689,341<\/td><td class=\"column-5\">1<\/td><td class=\"column-6\">1,000,689,341<\/td>\n<\/tr>\n<tr class=\"row-26\">\n\t<td class=\"column-1\">31 Dec. 17<\/td><td class=\"column-2\"><\/td><td class=\"column-3\"><\/td><td class=\"column-4\">1,000,689,341<\/td><td class=\"column-5\">1<\/td><td class=\"column-6\">1,000,689,341<\/td>\n<\/tr>\n<tr class=\"row-27\">\n\t<td class=\"column-1\">31 Dec 18<\/td><td class=\"column-2\"><\/td><td class=\"column-3\"><\/td><td class=\"column-4\">1,000,689,341<\/td><td class=\"column-5\">1<\/td><td class=\"column-6\">1,000,689,341<\/td>\n<\/tr>\n<tr class=\"row-28\">\n\t<td class=\"column-1\">23 Jul 19<\/td><td class=\"column-2\"><a href=\"https:\/\/stproportalcorporativo.blob.core.windows.net\/uploads\/2023\/03\/25072019_Amortizacion_acciones_EN.pdf\" target=\"_blank\" rel=\"noopener\">Own shares cancelation<\/a><\/td><td class=\"column-3\">-16,567,195<\/td><td class=\"column-4\">984,122,146<\/td><td class=\"column-5\">1<\/td><td class=\"column-6\">984,122,146<\/td>\n<\/tr>\n<tr class=\"row-29\">\n\t<td class=\"column-1\">31 Dec 19<\/td><td class=\"column-2\"><\/td><td class=\"column-3\"><\/td><td class=\"column-4\">984,122,146<\/td><td class=\"column-5\">1<\/td><td class=\"column-6\">984,122,146<\/td>\n<\/tr>\n<tr class=\"row-30\">\n\t<td class=\"column-1\">21 Jul 20<\/td><td class=\"column-2\"><a href=\"https:\/\/stproportalcorporativo.blob.core.windows.net\/uploads\/2023\/03\/OIR_resuccion_capital_2020_EN-64009ba121cbb.pdf\" target=\"_blank\" rel=\"noopener\">Own shares cancelation<\/a><\/td><td class=\"column-3\">-14,508,345<\/td><td class=\"column-4\">969,613,801<\/td><td class=\"column-5\">1<\/td><td class=\"column-6\">969,613,801<\/td>\n<\/tr>\n<tr class=\"row-31\">\n\t<td class=\"column-1\">31 Dec 20<\/td><td class=\"column-2\"><\/td><td class=\"column-3\"><\/td><td class=\"column-4\">969,613,801<\/td><td class=\"column-5\">1<\/td><td class=\"column-6\">969,613,801<\/td>\n<\/tr>\n<tr class=\"row-32\">\n\t<td class=\"column-1\">31 Dec 21<\/td><td class=\"column-2\"><\/td><td class=\"column-3\"><\/td><td class=\"column-4\">969,613,801<\/td><td class=\"column-5\">1<\/td><td class=\"column-6\">969,613,801<\/td>\n<\/tr>\n<tr class=\"row-33\">\n\t<td class=\"column-1\">31 Dec 22<\/td><td class=\"column-2\"><\/td><td class=\"column-3\"><\/td><td class=\"column-4\">969,613,801<\/td><td class=\"column-5\">1<\/td><td class=\"column-6\">969,613,801<\/td>\n<\/tr>\n<tr class=\"row-34\">\n\t<td class=\"column-1\">31 Dec 23<\/td><td class=\"column-2\"><\/td><td class=\"column-3\"><\/td><td class=\"column-4\">969,613,801<\/td><td class=\"column-5\">1<\/td><td class=\"column-6\">969,613,801<\/td>\n<\/tr>\n<tr class=\"row-35\">\n\t<td class=\"column-1\">31 Dec 24<\/td><td class=\"column-2\"><\/td><td class=\"column-3\"><\/td><td class=\"column-4\">969,613,801<\/td><td class=\"column-5\">1<\/td><td class=\"column-6\">969,613,801<\/td>\n<\/tr>\n<tr class=\"row-36\">\n\t<td class=\"column-1\">31 Dec 25<\/td><td class=\"column-2\"><\/td><td class=\"column-3\"><\/td><td class=\"column-4\">969,613,801<\/td><td class=\"column-5\">1<\/td><td class=\"column-6\">969,613,801<\/td>\n<\/tr>\n<\/tbody>\n<\/table>\n<!-- #tablepress-148 from cache --><\/div>\n\t\t\t\t\t\t<\/div>\n\t\t\t\t<\/div>\n\t\t\t\t<div class=\"elementor-element elementor-element-c8420ea elementor-widget elementor-widget-spacer\" data-id=\"c8420ea\" data-element_type=\"widget\" data-widget_type=\"spacer.default\">\n\t\t\t\t<div class=\"elementor-widget-container\">\n\t\t\t\t\t\t\t<div class=\"elementor-spacer\">\n\t\t\t<div class=\"elementor-spacer-inner\"><\/div>\n\t\t<\/div>\n\t\t\t\t\t\t<\/div>\n\t\t\t\t<\/div>\n\t\t\t\t\t<\/div>\n\t\t\t\t<\/div>\n\t\t\t\t<\/div>\n\t\t","protected":false},"excerpt":{"rendered":"<p>Naturgy Energy Group, S.A.&#8217;s\u00a0share capital. stands at\u00a0nine hundred and sixty-nine million, six hundred thirteen thousand and eight hundred and one euros (969,613,801) and is fully subscribed and paid up. The\u00a0share capital\u00a0is made up of 969,613,801 shares, each with a nominal value of 1 euro, represented by book entries and a single class. The entity responsible [&hellip;]<\/p>\n","protected":false},"author":5,"featured_media":0,"parent":46086,"menu_order":1,"comment_status":"closed","ping_status":"closed","template":"","meta":{"_acf_changed":false,"footnotes":""},"class_list":["post-34208","page","type-page","status-publish","hentry"],"acf":[],"_links":{"self":[{"href":"https:\/\/www.naturgy.com\/en\/wp-json\/wp\/v2\/pages\/34208","targetHints":{"allow":["GET"]}}],"collection":[{"href":"https:\/\/www.naturgy.com\/en\/wp-json\/wp\/v2\/pages"}],"about":[{"href":"https:\/\/www.naturgy.com\/en\/wp-json\/wp\/v2\/types\/page"}],"author":[{"embeddable":true,"href":"https:\/\/www.naturgy.com\/en\/wp-json\/wp\/v2\/users\/5"}],"replies":[{"embeddable":true,"href":"https:\/\/www.naturgy.com\/en\/wp-json\/wp\/v2\/comments?post=34208"}],"version-history":[{"count":6,"href":"https:\/\/www.naturgy.com\/en\/wp-json\/wp\/v2\/pages\/34208\/revisions"}],"predecessor-version":[{"id":39095,"href":"https:\/\/www.naturgy.com\/en\/wp-json\/wp\/v2\/pages\/34208\/revisions\/39095"}],"up":[{"embeddable":true,"href":"https:\/\/www.naturgy.com\/en\/wp-json\/wp\/v2\/pages\/46086"}],"wp:attachment":[{"href":"https:\/\/www.naturgy.com\/en\/wp-json\/wp\/v2\/media?parent=34208"}],"curies":[{"name":"wp","href":"https:\/\/api.w.org\/{rel}","templated":true}]}}