{"id":117502,"date":"2025-02-10T15:22:23","date_gmt":"2025-02-10T14:22:23","guid":{"rendered":"https:\/\/www.naturgy.com\/accionistas-e-investidores\/investidores\/plan-estragegico-nuevo\/"},"modified":"2026-02-05T14:04:30","modified_gmt":"2026-02-05T13:04:30","slug":"plan-estratexico-2025","status":"publish","type":"page","link":"https:\/\/www.naturgy.com\/gl\/accionistas-e-investidores\/investidores\/plan-estratexico-2025\/","title":{"rendered":"Plan Estrat\u00e9xico 2025"},"content":{"rendered":"\t\t<div data-elementor-type=\"wp-page\" data-elementor-id=\"117502\" class=\"elementor elementor-117502 elementor-116696\" data-elementor-post-type=\"page\">\n\t\t\t\t<div class=\"elementor-element elementor-element-3f64a96 e-flex e-con-boxed e-con e-parent\" data-id=\"3f64a96\" data-element_type=\"container\">\n\t\t\t\t\t<div class=\"e-con-inner\">\n\t\t<div class=\"elementor-element elementor-element-97d3ee1 e-con-full e-flex e-con e-child\" data-id=\"97d3ee1\" data-element_type=\"container\">\n\t\t\t\t<div class=\"elementor-element elementor-element-f9fba8a elementor-widget elementor-widget-shortcode\" data-id=\"f9fba8a\" data-element_type=\"widget\" data-widget_type=\"shortcode.default\">\n\t\t\t\t<div class=\"elementor-widget-container\">\n\t\t\t\t\t\t\t<div class=\"elementor-shortcode\"><nav aria-label=\"breadcrumbs\" class=\"rank-math-breadcrumb\"><p><span class=\"last\">Comeza<\/span><\/p><\/nav><\/div>\n\t\t\t\t\t\t<\/div>\n\t\t\t\t<\/div>\n\t\t\t\t<\/div>\n\t\t<div class=\"elementor-element elementor-element-ca22534 e-con-full e-flex e-con e-child\" data-id=\"ca22534\" data-element_type=\"container\">\n\t\t\t\t<div class=\"elementor-element elementor-element-3febbc1 elementor-widget elementor-widget-spacer\" data-id=\"3febbc1\" data-element_type=\"widget\" data-widget_type=\"spacer.default\">\n\t\t\t\t<div class=\"elementor-widget-container\">\n\t\t\t\t\t\t\t<div class=\"elementor-spacer\">\n\t\t\t<div class=\"elementor-spacer-inner\"><\/div>\n\t\t<\/div>\n\t\t\t\t\t\t<\/div>\n\t\t\t\t<\/div>\n\t\t\t\t<\/div>\n\t\t\t\t\t<\/div>\n\t\t\t\t<\/div>\n\t\t<div class=\"elementor-element elementor-element-198c0e8 e-con-full e-flex e-con e-parent\" data-id=\"198c0e8\" data-element_type=\"container\" data-settings=\"{&quot;background_background&quot;:&quot;classic&quot;}\">\n\t\t\t\t<div class=\"elementor-element elementor-element-8c48f27 elementor-widget elementor-widget-spacer\" data-id=\"8c48f27\" data-element_type=\"widget\" data-widget_type=\"spacer.default\">\n\t\t\t\t<div class=\"elementor-widget-container\">\n\t\t\t\t\t\t\t<div class=\"elementor-spacer\">\n\t\t\t<div class=\"elementor-spacer-inner\"><\/div>\n\t\t<\/div>\n\t\t\t\t\t\t<\/div>\n\t\t\t\t<\/div>\n\t\t\t\t<\/div>\n\t\t<div class=\"elementor-element elementor-element-3498ffe e-flex e-con-boxed e-con e-parent\" data-id=\"3498ffe\" data-element_type=\"container\" data-settings=\"{&quot;background_background&quot;:&quot;classic&quot;}\">\n\t\t\t\t\t<div class=\"e-con-inner\">\n\t\t<div class=\"elementor-element elementor-element-5737cb3 e-con-full e-flex e-con e-child\" data-id=\"5737cb3\" data-element_type=\"container\">\n\t\t<div class=\"elementor-element elementor-element-70328a2 e-con-full e-flex e-con e-child\" data-id=\"70328a2\" data-element_type=\"container\">\n\t\t\t\t<div class=\"elementor-element elementor-element-929555c elementor-widget elementor-widget-spacer\" data-id=\"929555c\" data-element_type=\"widget\" data-widget_type=\"spacer.default\">\n\t\t\t\t<div class=\"elementor-widget-container\">\n\t\t\t\t\t\t\t<div class=\"elementor-spacer\">\n\t\t\t<div class=\"elementor-spacer-inner\"><\/div>\n\t\t<\/div>\n\t\t\t\t\t\t<\/div>\n\t\t\t\t<\/div>\n\t\t\t\t<div class=\"elementor-element elementor-element-48796fd elementor-widget elementor-widget-heading\" data-id=\"48796fd\" data-element_type=\"widget\" data-widget_type=\"heading.default\">\n\t\t\t\t<div class=\"elementor-widget-container\">\n\t\t\t\t\t<h3 class=\"elementor-heading-title elementor-size-default\">Plan Estrat\u00e9xico<\/h3>\t\t\t\t<\/div>\n\t\t\t\t<\/div>\n\t\t\t\t<div class=\"elementor-element elementor-element-c5db4dc elementor-widget elementor-widget-heading\" data-id=\"c5db4dc\" data-element_type=\"widget\" data-widget_type=\"heading.default\">\n\t\t\t\t<div class=\"elementor-widget-container\">\n\t\t\t\t\t<h1 class=\"elementor-heading-title elementor-size-default\"><b>2025-2027<\/b><\/h1>\t\t\t\t<\/div>\n\t\t\t\t<\/div>\n\t\t\t\t<div class=\"elementor-element elementor-element-27266d2 elementor-widget elementor-widget-heading\" data-id=\"27266d2\" data-element_type=\"widget\" data-widget_type=\"heading.default\">\n\t\t\t\t<div class=\"elementor-widget-container\">\n\t\t\t\t\t<h3 class=\"elementor-heading-title elementor-size-default\">20 de febreiro de 2025<\/h3>\t\t\t\t<\/div>\n\t\t\t\t<\/div>\n\t\t\t\t<\/div>\n\t\t<div class=\"elementor-element elementor-element-b28596a e-con-full e-flex e-con e-child\" data-id=\"b28596a\" data-element_type=\"container\">\n\t\t\t\t<div class=\"elementor-element elementor-element-dbd86a9 elementor-align-left elementor-widget elementor-widget-button\" data-id=\"dbd86a9\" data-element_type=\"widget\" data-widget_type=\"button.default\">\n\t\t\t\t<div class=\"elementor-widget-container\">\n\t\t\t\t\t\t\t\t\t<div class=\"elementor-button-wrapper\">\n\t\t\t\t\t<a class=\"elementor-button elementor-button-link elementor-size-sm\" href=\"https:\/\/vimeo.com\/1162145997\/c1dad45953\" target=\"_blank\" rel=\"noopener\">\n\t\t\t\t\t\t<span class=\"elementor-button-content-wrapper\">\n\t\t\t\t\t\t\t\t\t<span class=\"elementor-button-text\">Webcast (diferido)<\/span>\n\t\t\t\t\t<\/span>\n\t\t\t\t\t<\/a>\n\t\t\t\t<\/div>\n\t\t\t\t\t\t\t\t<\/div>\n\t\t\t\t<\/div>\n\t\t\t\t<\/div>\n\t\t\t\t<\/div>\n\t\t<div class=\"elementor-element elementor-element-79bf302 e-con-full e-flex e-con e-child\" data-id=\"79bf302\" data-element_type=\"container\">\n\t\t\t\t<div class=\"elementor-element elementor-element-c387eac elementor-widget elementor-widget-image\" data-id=\"c387eac\" data-element_type=\"widget\" data-widget_type=\"image.default\">\n\t\t\t\t<div class=\"elementor-widget-container\">\n\t\t\t\t\t\t\t\t\t\t\t\t\t\t\t<img fetchpriority=\"high\" decoding=\"async\" width=\"768\" height=\"512\" src=\"https:\/\/www.naturgy.com\/\/app\/uploads\/2025\/02\/Slider_plan_estrategico_Mobile.png\" class=\"attachment-large size-large wp-image-117446\" alt=\"\" srcset=\"https:\/\/www.naturgy.com\/\/app\/uploads\/2025\/02\/Slider_plan_estrategico_Mobile.png 768w, https:\/\/www.naturgy.com\/\/app\/uploads\/2025\/02\/Slider_plan_estrategico_Mobile-300x200.png 300w\" sizes=\"(max-width: 768px) 100vw, 768px\" \/>\t\t\t\t\t\t\t\t\t\t\t\t\t\t\t<\/div>\n\t\t\t\t<\/div>\n\t\t\t\t<\/div>\n\t\t\t\t\t<\/div>\n\t\t\t\t<\/div>\n\t\t<div class=\"elementor-element elementor-element-4e93a88 e-con-full e-flex e-con e-parent\" data-id=\"4e93a88\" data-element_type=\"container\" data-settings=\"{&quot;background_background&quot;:&quot;classic&quot;}\">\n\t\t\t\t<div class=\"elementor-element elementor-element-4b401d9 elementor-widget elementor-widget-spacer\" data-id=\"4b401d9\" data-element_type=\"widget\" data-widget_type=\"spacer.default\">\n\t\t\t\t<div class=\"elementor-widget-container\">\n\t\t\t\t\t\t\t<div class=\"elementor-spacer\">\n\t\t\t<div class=\"elementor-spacer-inner\"><\/div>\n\t\t<\/div>\n\t\t\t\t\t\t<\/div>\n\t\t\t\t<\/div>\n\t\t\t\t<\/div>\n\t\t<div class=\"elementor-element elementor-element-02bbe0e e-con-full e-flex e-con e-parent\" data-id=\"02bbe0e\" data-element_type=\"container\">\n\t\t\t\t<div class=\"elementor-element elementor-element-a0ff8b1 elementor-widget elementor-widget-spacer\" data-id=\"a0ff8b1\" data-element_type=\"widget\" data-widget_type=\"spacer.default\">\n\t\t\t\t<div class=\"elementor-widget-container\">\n\t\t\t\t\t\t\t<div class=\"elementor-spacer\">\n\t\t\t<div class=\"elementor-spacer-inner\"><\/div>\n\t\t<\/div>\n\t\t\t\t\t\t<\/div>\n\t\t\t\t<\/div>\n\t\t\t\t<\/div>\n\t\t<div class=\"elementor-element elementor-element-5b248f2 e-flex e-con-boxed e-con e-parent\" data-id=\"5b248f2\" data-element_type=\"container\">\n\t\t\t\t\t<div class=\"e-con-inner\">\n\t\t\t\t<div class=\"elementor-element elementor-element-91c5329 elementor-widget elementor-widget-heading\" data-id=\"91c5329\" data-element_type=\"widget\" data-widget_type=\"heading.default\">\n\t\t\t\t<div class=\"elementor-widget-container\">\n\t\t\t\t\t<h2 class=\"elementor-heading-title elementor-size-default\">Documentaci\u00f3n del plan estrat\u00e9xico 2025-2027<\/h2>\t\t\t\t<\/div>\n\t\t\t\t<\/div>\n\t\t\t\t<div class=\"elementor-element elementor-element-42530b0 elementor-widget elementor-widget-spacer\" data-id=\"42530b0\" data-element_type=\"widget\" data-widget_type=\"spacer.default\">\n\t\t\t\t<div class=\"elementor-widget-container\">\n\t\t\t\t\t\t\t<div class=\"elementor-spacer\">\n\t\t\t<div class=\"elementor-spacer-inner\"><\/div>\n\t\t<\/div>\n\t\t\t\t\t\t<\/div>\n\t\t\t\t<\/div>\n\t\t\t\t<div class=\"elementor-element elementor-element-45be5ab elementor-hidden-mobile elementor-widget elementor-widget-image\" data-id=\"45be5ab\" data-element_type=\"widget\" data-widget_type=\"image.default\">\n\t\t\t\t<div class=\"elementor-widget-container\">\n\t\t\t\t\t\t\t\t\t\t\t\t\t\t\t\t<a href=\"https:\/\/www.naturgy.com\/files\/Naturgy_2004_results_pres.pdf\">\n\t\t\t\t\t\t\t<img decoding=\"async\" width=\"1536\" height=\"140\" src=\"https:\/\/www.naturgy.com\/\/app\/uploads\/2025\/02\/Descargar_ES-1536x140.png\" class=\"attachment-1536x1536 size-1536x1536 wp-image-117485\" alt=\"\" srcset=\"https:\/\/www.naturgy.com\/\/app\/uploads\/2025\/02\/Descargar_ES-1536x140.png 1536w, https:\/\/www.naturgy.com\/\/app\/uploads\/2025\/02\/Descargar_ES-300x27.png 300w, https:\/\/www.naturgy.com\/\/app\/uploads\/2025\/02\/Descargar_ES-1024x93.png 1024w, https:\/\/www.naturgy.com\/\/app\/uploads\/2025\/02\/Descargar_ES-768x70.png 768w, https:\/\/www.naturgy.com\/\/app\/uploads\/2025\/02\/Descargar_ES.png 1710w\" sizes=\"(max-width: 1536px) 100vw, 1536px\" \/>\t\t\t\t\t\t\t\t<\/a>\n\t\t\t\t\t\t\t\t\t\t\t\t\t\t\t<\/div>\n\t\t\t\t<\/div>\n\t\t\t\t<div class=\"elementor-element elementor-element-a825242 elementor-hidden-desktop elementor-hidden-tablet elementor-widget elementor-widget-image\" data-id=\"a825242\" data-element_type=\"widget\" data-widget_type=\"image.default\">\n\t\t\t\t<div class=\"elementor-widget-container\">\n\t\t\t\t\t\t\t\t\t\t\t\t\t\t\t\t<a href=\"https:\/\/www.naturgy.com\/files\/Naturgy_2004_results_pres.pdf\">\n\t\t\t\t\t\t\t<img decoding=\"async\" width=\"540\" height=\"156\" src=\"https:\/\/www.naturgy.com\/\/app\/uploads\/2025\/02\/Descargar_mobile_ES.png\" class=\"attachment-large size-large wp-image-117489\" alt=\"\" srcset=\"https:\/\/www.naturgy.com\/\/app\/uploads\/2025\/02\/Descargar_mobile_ES.png 540w, https:\/\/www.naturgy.com\/\/app\/uploads\/2025\/02\/Descargar_mobile_ES-300x87.png 300w\" sizes=\"(max-width: 540px) 100vw, 540px\" \/>\t\t\t\t\t\t\t\t<\/a>\n\t\t\t\t\t\t\t\t\t\t\t\t\t\t\t<\/div>\n\t\t\t\t<\/div>\n\t\t\t\t\t<\/div>\n\t\t\t\t<\/div>\n\t\t<div class=\"elementor-element elementor-element-2f3a523 e-flex e-con-boxed e-con e-parent\" data-id=\"2f3a523\" data-element_type=\"container\">\n\t\t\t\t\t<div class=\"e-con-inner\">\n\t\t\t\t<div class=\"elementor-element elementor-element-2ae1a82 elementor-widget elementor-widget-spacer\" data-id=\"2ae1a82\" data-element_type=\"widget\" data-widget_type=\"spacer.default\">\n\t\t\t\t<div class=\"elementor-widget-container\">\n\t\t\t\t\t\t\t<div class=\"elementor-spacer\">\n\t\t\t<div class=\"elementor-spacer-inner\"><\/div>\n\t\t<\/div>\n\t\t\t\t\t\t<\/div>\n\t\t\t\t<\/div>\n\t\t\t\t\t<\/div>\n\t\t\t\t<\/div>\n\t\t<div class=\"elementor-element elementor-element-27519f2 e-flex e-con-boxed e-con e-parent\" data-id=\"27519f2\" data-element_type=\"container\">\n\t\t\t\t\t<div class=\"e-con-inner\">\n\t\t\t\t<div class=\"elementor-element elementor-element-db1f4ec elementor-widget elementor-widget-heading\" data-id=\"db1f4ec\" data-element_type=\"widget\" data-widget_type=\"heading.default\">\n\t\t\t\t<div class=\"elementor-widget-container\">\n\t\t\t\t\t<h2 class=\"elementor-heading-title elementor-size-default\">Tam\u00e9n te pode interesar\n<\/h2>\t\t\t\t<\/div>\n\t\t\t\t<\/div>\n\t\t\t\t\t<\/div>\n\t\t\t\t<\/div>\n\t\t<div class=\"elementor-element elementor-element-733e340 e-flex e-con-boxed e-con e-parent\" data-id=\"733e340\" data-element_type=\"container\">\n\t\t\t\t\t<div class=\"e-con-inner\">\n\t\t\t\t<div class=\"elementor-element elementor-element-fceff44 elementor-widget elementor-widget-spacer\" data-id=\"fceff44\" data-element_type=\"widget\" data-widget_type=\"spacer.default\">\n\t\t\t\t<div class=\"elementor-widget-container\">\n\t\t\t\t\t\t\t<div class=\"elementor-spacer\">\n\t\t\t<div class=\"elementor-spacer-inner\"><\/div>\n\t\t<\/div>\n\t\t\t\t\t\t<\/div>\n\t\t\t\t<\/div>\n\t\t\t\t\t<\/div>\n\t\t\t\t<\/div>\n\t\t<div class=\"elementor-element elementor-element-e917828 grid col-2 e-flex e-con-boxed e-con e-parent\" data-id=\"e917828\" data-element_type=\"container\">\n\t\t\t\t\t<div class=\"e-con-inner\">\n\t\t<div class=\"elementor-element elementor-element-1227a35 e-con-full e-flex e-con e-child\" data-id=\"1227a35\" data-element_type=\"container\" data-settings=\"{&quot;background_background&quot;:&quot;classic&quot;}\">\n\t\t\t\t<div class=\"elementor-element elementor-element-2c34954 elementor-widget elementor-widget-image\" data-id=\"2c34954\" data-element_type=\"widget\" data-widget_type=\"image.default\">\n\t\t\t\t<div class=\"elementor-widget-container\">\n\t\t\t\t\t\t\t\t\t\t\t\t\t\t\t<img loading=\"lazy\" decoding=\"async\" width=\"800\" height=\"534\" src=\"https:\/\/www.naturgy.com\/\/app\/uploads\/2025\/02\/Imagen_plan_estrategico_2021-2025-1024x683.png\" class=\"attachment-large size-large wp-image-117462\" alt=\"\" srcset=\"https:\/\/www.naturgy.com\/\/app\/uploads\/2025\/02\/Imagen_plan_estrategico_2021-2025-1024x683.png 1024w, https:\/\/www.naturgy.com\/\/app\/uploads\/2025\/02\/Imagen_plan_estrategico_2021-2025-300x200.png 300w, https:\/\/www.naturgy.com\/\/app\/uploads\/2025\/02\/Imagen_plan_estrategico_2021-2025-768x512.png 768w, https:\/\/www.naturgy.com\/\/app\/uploads\/2025\/02\/Imagen_plan_estrategico_2021-2025.png 1076w\" sizes=\"(max-width: 800px) 100vw, 800px\" \/>\t\t\t\t\t\t\t\t\t\t\t\t\t\t\t<\/div>\n\t\t\t\t<\/div>\n\t\t<div class=\"elementor-element elementor-element-13be846 e-con-full e-flex e-con e-child\" data-id=\"13be846\" data-element_type=\"container\">\n\t\t\t\t<div class=\"elementor-element elementor-element-ffdd378 elementor-widget elementor-widget-heading\" data-id=\"ffdd378\" data-element_type=\"widget\" data-widget_type=\"heading.default\">\n\t\t\t\t<div class=\"elementor-widget-container\">\n\t\t\t\t\t<div class=\"elementor-heading-title elementor-size-default\">Plan Estrat\u00e9xico 2021-2025<\/div>\t\t\t\t<\/div>\n\t\t\t\t<\/div>\n\t\t\t\t<div class=\"elementor-element elementor-element-290552d has-icon elementor-widget elementor-widget-text-editor\" data-id=\"290552d\" data-element_type=\"widget\" data-widget_type=\"text-editor.default\">\n\t\t\t\t<div class=\"elementor-widget-container\">\n\t\t\t\t\t\t\t\t\t<p><a href=\"https:\/\/www.naturgy.com\/gl\/accionistas-e-investidores\/investidores\/plan-estratexico-2021-2025\/\">Saber m\u00e1is<\/a><\/p>\t\t\t\t\t\t\t\t<\/div>\n\t\t\t\t<\/div>\n\t\t\t\t<\/div>\n\t\t\t\t<\/div>\n\t\t<div class=\"elementor-element elementor-element-1d23ff9 e-con-full e-flex e-con e-child\" data-id=\"1d23ff9\" data-element_type=\"container\" data-settings=\"{&quot;background_background&quot;:&quot;classic&quot;}\">\n\t\t\t\t<div class=\"elementor-element elementor-element-a78def1 elementor-widget elementor-widget-image\" data-id=\"a78def1\" data-element_type=\"widget\" data-widget_type=\"image.default\">\n\t\t\t\t<div class=\"elementor-widget-container\">\n\t\t\t\t\t\t\t\t\t\t\t\t\t\t\t<img loading=\"lazy\" decoding=\"async\" width=\"768\" height=\"512\" src=\"https:\/\/www.naturgy.com\/\/app\/uploads\/2025\/02\/Imagen_plan_estrategico_2018-2022-768x512.png\" class=\"attachment-medium_large size-medium_large wp-image-117466\" alt=\"\" srcset=\"https:\/\/www.naturgy.com\/\/app\/uploads\/2025\/02\/Imagen_plan_estrategico_2018-2022-768x512.png 768w, https:\/\/www.naturgy.com\/\/app\/uploads\/2025\/02\/Imagen_plan_estrategico_2018-2022-300x200.png 300w, https:\/\/www.naturgy.com\/\/app\/uploads\/2025\/02\/Imagen_plan_estrategico_2018-2022-1024x683.png 1024w, https:\/\/www.naturgy.com\/\/app\/uploads\/2025\/02\/Imagen_plan_estrategico_2018-2022.png 1076w\" sizes=\"(max-width: 768px) 100vw, 768px\" \/>\t\t\t\t\t\t\t\t\t\t\t\t\t\t\t<\/div>\n\t\t\t\t<\/div>\n\t\t<div class=\"elementor-element elementor-element-47409bf e-con-full e-flex e-con e-child\" data-id=\"47409bf\" data-element_type=\"container\">\n\t\t\t\t<div class=\"elementor-element elementor-element-8a752ed elementor-widget elementor-widget-heading\" data-id=\"8a752ed\" data-element_type=\"widget\" data-widget_type=\"heading.default\">\n\t\t\t\t<div class=\"elementor-widget-container\">\n\t\t\t\t\t<div class=\"elementor-heading-title elementor-size-default\">Plan Estrat\u00e9xico 2018-2022<\/div>\t\t\t\t<\/div>\n\t\t\t\t<\/div>\n\t\t\t\t<div class=\"elementor-element elementor-element-d16def4 has-icon elementor-widget elementor-widget-text-editor\" data-id=\"d16def4\" data-element_type=\"widget\" data-widget_type=\"text-editor.default\">\n\t\t\t\t<div class=\"elementor-widget-container\">\n\t\t\t\t\t\t\t\t\t<p><a href=\"https:\/\/www.naturgy.com\/gl\/plan-estratexico-2018-2022\/\">Saber m\u00e1is<\/a><\/p>\t\t\t\t\t\t\t\t<\/div>\n\t\t\t\t<\/div>\n\t\t\t\t<\/div>\n\t\t\t\t<\/div>\n\t\t\t\t\t<\/div>\n\t\t\t\t<\/div>\n\t\t<div class=\"elementor-element elementor-element-c3eab58 e-flex e-con-boxed e-con e-parent\" data-id=\"c3eab58\" data-element_type=\"container\">\n\t\t\t\t\t<div class=\"e-con-inner\">\n\t\t\t\t<div class=\"elementor-element elementor-element-2516f38 elementor-widget elementor-widget-spacer\" data-id=\"2516f38\" data-element_type=\"widget\" data-widget_type=\"spacer.default\">\n\t\t\t\t<div class=\"elementor-widget-container\">\n\t\t\t\t\t\t\t<div class=\"elementor-spacer\">\n\t\t\t<div class=\"elementor-spacer-inner\"><\/div>\n\t\t<\/div>\n\t\t\t\t\t\t<\/div>\n\t\t\t\t<\/div>\n\t\t\t\t\t<\/div>\n\t\t\t\t<\/div>\n\t\t\t\t<\/div>\n\t\t","protected":false},"excerpt":{"rendered":"<p>Plan Estrat\u00e9xico 2025-2027 20 de febreiro de 2025 Webcast (diferido) Documentaci\u00f3n del plan estrat\u00e9xico 2025-2027 Tam\u00e9n te pode interesar Plan Estrat\u00e9xico 2021-2025 Saber m\u00e1is Plan Estrat\u00e9xico 2018-2022 Saber m\u00e1is<\/p>\n","protected":false},"author":24,"featured_media":0,"parent":59791,"menu_order":0,"comment_status":"closed","ping_status":"closed","template":"","meta":{"_acf_changed":false,"footnotes":""},"class_list":["post-117502","page","type-page","status-publish","hentry"],"acf":[],"_links":{"self":[{"href":"https:\/\/www.naturgy.com\/gl\/wp-json\/wp\/v2\/pages\/117502","targetHints":{"allow":["GET"]}}],"collection":[{"href":"https:\/\/www.naturgy.com\/gl\/wp-json\/wp\/v2\/pages"}],"about":[{"href":"https:\/\/www.naturgy.com\/gl\/wp-json\/wp\/v2\/types\/page"}],"author":[{"embeddable":true,"href":"https:\/\/www.naturgy.com\/gl\/wp-json\/wp\/v2\/users\/24"}],"replies":[{"embeddable":true,"href":"https:\/\/www.naturgy.com\/gl\/wp-json\/wp\/v2\/comments?post=117502"}],"version-history":[{"count":30,"href":"https:\/\/www.naturgy.com\/gl\/wp-json\/wp\/v2\/pages\/117502\/revisions"}],"predecessor-version":[{"id":137258,"href":"https:\/\/www.naturgy.com\/gl\/wp-json\/wp\/v2\/pages\/117502\/revisions\/137258"}],"up":[{"embeddable":true,"href":"https:\/\/www.naturgy.com\/gl\/wp-json\/wp\/v2\/pages\/59791"}],"wp:attachment":[{"href":"https:\/\/www.naturgy.com\/gl\/wp-json\/wp\/v2\/media?parent=117502"}],"curies":[{"name":"wp","href":"https:\/\/api.w.org\/{rel}","templated":true}]}}