{"id":39947,"date":"2023-02-10T10:43:53","date_gmt":"2023-02-10T09:43:53","guid":{"rendered":"https:\/\/www.naturgy.com\/policies-and-codes-of-conduct\/code-of-best-tax-practices\/"},"modified":"2023-03-30T11:11:30","modified_gmt":"2023-03-30T09:11:30","slug":"codigo-de-boas-practicas-tributarias","status":"publish","type":"page","link":"https:\/\/www.naturgy.com\/gl\/conecenos-naturgy\/o-grupo\/politicas-e-codigos-de-conduta\/codigo-de-boas-practicas-tributarias\/","title":{"rendered":"C\u00f3digo de boas pr\u00e1cticas tributarias"},"content":{"rendered":"\t\t<div data-elementor-type=\"wp-page\" data-elementor-id=\"39947\" class=\"elementor elementor-39947 elementor-21676\" data-elementor-post-type=\"page\">\n\t\t\t\t<div class=\"elementor-element elementor-element-2fffb756 e-flex e-con-boxed e-con e-parent\" data-id=\"2fffb756\" data-element_type=\"container\">\n\t\t\t\t\t<div class=\"e-con-inner\">\n\t\t<div class=\"elementor-element elementor-element-27bf1c05 e-con-full e-flex e-con e-parent\" data-id=\"27bf1c05\" data-element_type=\"container\">\n\t\t\t\t<div class=\"elementor-element elementor-element-7f1361ea elementor-widget elementor-widget-shortcode\" data-id=\"7f1361ea\" data-element_type=\"widget\" data-widget_type=\"shortcode.default\">\n\t\t\t\t<div class=\"elementor-widget-container\">\n\t\t\t\t\t\t\t<div class=\"elementor-shortcode\"><nav aria-label=\"breadcrumbs\" class=\"rank-math-breadcrumb\"><p><span class=\"last\">Comeza<\/span><\/p><\/nav><\/div>\n\t\t\t\t\t\t<\/div>\n\t\t\t\t<\/div>\n\t\t\t\t<div class=\"elementor-element elementor-element-461b608 elementor-widget elementor-widget-heading\" data-id=\"461b608\" data-element_type=\"widget\" data-widget_type=\"heading.default\">\n\t\t\t\t<div class=\"elementor-widget-container\">\n\t\t\t\t\t<h1 class=\"elementor-heading-title elementor-size-default\">C\u00f3digo de boas pr\u00e1cticas tributarias<\/h1>\t\t\t\t<\/div>\n\t\t\t\t<\/div>\n\t\t\t\t<\/div>\n\t\t<div class=\"elementor-element elementor-element-43ed26b1 e-con-full e-flex e-con e-parent\" data-id=\"43ed26b1\" data-element_type=\"container\">\n\t\t\t\t<div class=\"elementor-element elementor-element-1573d125 elementor-widget elementor-widget-spacer\" data-id=\"1573d125\" data-element_type=\"widget\" data-widget_type=\"spacer.default\">\n\t\t\t\t<div class=\"elementor-widget-container\">\n\t\t\t\t\t\t\t<div class=\"elementor-spacer\">\n\t\t\t<div class=\"elementor-spacer-inner\"><\/div>\n\t\t<\/div>\n\t\t\t\t\t\t<\/div>\n\t\t\t\t<\/div>\n\t\t\t\t<\/div>\n\t\t\t\t\t<\/div>\n\t\t\t\t<\/div>\n\t\t<div class=\"elementor-element elementor-element-3bf61fd8 e-flex e-con-boxed e-con e-parent\" data-id=\"3bf61fd8\" data-element_type=\"container\">\n\t\t\t\t\t<div class=\"e-con-inner\">\n\t\t\t\t<div class=\"elementor-element elementor-element-52b8fabb elementor-widget elementor-widget-text-editor\" data-id=\"52b8fabb\" data-element_type=\"widget\" data-widget_type=\"text-editor.default\">\n\t\t\t\t<div class=\"elementor-widget-container\">\n\t\t\t\t\t\t\t\t\t<div id=\"fila2\" class=\"bg-fluid \"><div class=\"container\"><div class=\"row\"><div class=\"col-md-12\"><div class=\"flex-row flex-center-xs\"><div class=\"flex-col-xs-12 flex-col-sm-12\"><div class=\"textFree \"><div class=\"textFree__text\"><div id=\"fila2\" class=\"bg-fluid \"><div class=\"container\"><div class=\"row\"><div class=\"col-md-12\"><div class=\"flex-row flex-center-xs\"><div class=\"flex-col-xs-12 flex-col-sm-12\"><div class=\"textFree \"><div class=\"textFree__text\">Dende 2010, la compa\u00f1\u00eda est\u00e1 adherida ao\u00a0<strong>C\u00f3digo de Boas Pr\u00e1cticas Tributarias<\/strong>, elaborado polo\u00a0<strong>Foro de Grandes Empresas\u00a0<\/strong>conxuntamente coa\u00a0<strong>Administraci\u00f3n Tributaria espa\u00f1ola<\/strong>. Os seus obxectivos son:<\/div><\/div><\/div><\/div><\/div><\/div><\/div><\/div><\/div><\/div><\/div><\/div><\/div><\/div><\/div><\/div>\t\t\t\t\t\t\t\t<\/div>\n\t\t\t\t<\/div>\n\t\t\t\t\t<\/div>\n\t\t\t\t<\/div>\n\t\t<div class=\"elementor-element elementor-element-4783a01b e-con-full e-flex e-con e-parent\" data-id=\"4783a01b\" data-element_type=\"container\">\n\t\t\t\t<div class=\"elementor-element elementor-element-6c72156b elementor-widget elementor-widget-spacer\" data-id=\"6c72156b\" data-element_type=\"widget\" data-widget_type=\"spacer.default\">\n\t\t\t\t<div class=\"elementor-widget-container\">\n\t\t\t\t\t\t\t<div class=\"elementor-spacer\">\n\t\t\t<div class=\"elementor-spacer-inner\"><\/div>\n\t\t<\/div>\n\t\t\t\t\t\t<\/div>\n\t\t\t\t<\/div>\n\t\t\t\t<\/div>\n\t\t<div class=\"elementor-element elementor-element-60ccc972 grid col-4 e-flex e-con-boxed e-con e-parent\" data-id=\"60ccc972\" data-element_type=\"container\">\n\t\t\t\t\t<div class=\"e-con-inner\">\n\t\t<div class=\"elementor-element elementor-element-7f8eb1bf e-con-full e-flex e-con e-parent\" data-id=\"7f8eb1bf\" data-element_type=\"container\" data-settings=\"{&quot;background_background&quot;:&quot;classic&quot;}\">\n\t\t\t\t<div class=\"elementor-element elementor-element-3d4738d4 elementor-widget elementor-widget-text-editor\" data-id=\"3d4738d4\" data-element_type=\"widget\" data-widget_type=\"text-editor.default\">\n\t\t\t\t<div class=\"elementor-widget-container\">\n\t\t\t\t\t\t\t\t\t<p>Promover a <strong>transparencia, boa fe e cooperaci\u00f3n<\/strong>\u00a0coa\u00a0<strong>Axencia Estatal da Administraci\u00f3n Tributaria\u00a0<\/strong>na pr\u00e1ctica fiscal empresarial<\/p>\t\t\t\t\t\t\t\t<\/div>\n\t\t\t\t<\/div>\n\t\t\t\t<\/div>\n\t\t<div class=\"elementor-element elementor-element-70b8f260 e-con-full e-flex e-con e-parent\" data-id=\"70b8f260\" data-element_type=\"container\" data-settings=\"{&quot;background_background&quot;:&quot;classic&quot;}\">\n\t\t\t\t<div class=\"elementor-element elementor-element-7410d580 elementor-widget elementor-widget-text-editor\" data-id=\"7410d580\" data-element_type=\"widget\" data-widget_type=\"text-editor.default\">\n\t\t\t\t<div class=\"elementor-widget-container\">\n\t\t\t\t\t\t\t\t\t<p>Fomentar a\u00a0<strong>seguridade xur\u00eddica<\/strong>\u00a0na aplicaci\u00f3n e interpretaci\u00f3n das normas tributarias<\/p>\t\t\t\t\t\t\t\t<\/div>\n\t\t\t\t<\/div>\n\t\t\t\t<\/div>\n\t\t<div class=\"elementor-element elementor-element-34087743 e-con-full e-flex e-con e-parent\" data-id=\"34087743\" data-element_type=\"container\" data-settings=\"{&quot;background_background&quot;:&quot;classic&quot;}\">\n\t\t\t\t<div class=\"elementor-element elementor-element-261fd43f elementor-widget elementor-widget-text-editor\" data-id=\"261fd43f\" data-element_type=\"widget\" data-widget_type=\"text-editor.default\">\n\t\t\t\t<div class=\"elementor-widget-container\">\n\t\t\t\t\t\t\t\t\t<p><strong>Evitar estruturas de car\u00e1cter opaco<\/strong>\u00a0con finalidades tributarias<\/p>\t\t\t\t\t\t\t\t<\/div>\n\t\t\t\t<\/div>\n\t\t\t\t<\/div>\n\t\t<div class=\"elementor-element elementor-element-26df4732 e-con-full e-flex e-con e-parent\" data-id=\"26df4732\" data-element_type=\"container\" data-settings=\"{&quot;background_background&quot;:&quot;classic&quot;}\">\n\t\t\t\t<div class=\"elementor-element elementor-element-495eb86b elementor-widget elementor-widget-text-editor\" data-id=\"495eb86b\" data-element_type=\"widget\" data-widget_type=\"text-editor.default\">\n\t\t\t\t<div class=\"elementor-widget-container\">\n\t\t\t\t\t\t\t\t\t<p>Informar regularmente ao Consello de administraci\u00f3n sobre as\u00a0<strong>pol\u00edticas fiscais aplicadas<\/strong><\/p>\t\t\t\t\t\t\t\t<\/div>\n\t\t\t\t<\/div>\n\t\t\t\t<\/div>\n\t\t\t\t\t<\/div>\n\t\t\t\t<\/div>\n\t\t<div class=\"elementor-element elementor-element-31b29db9 e-con-full e-flex e-con e-parent\" data-id=\"31b29db9\" data-element_type=\"container\">\n\t\t\t\t<div class=\"elementor-element elementor-element-9600554 elementor-widget elementor-widget-spacer\" data-id=\"9600554\" data-element_type=\"widget\" data-widget_type=\"spacer.default\">\n\t\t\t\t<div class=\"elementor-widget-container\">\n\t\t\t\t\t\t\t<div class=\"elementor-spacer\">\n\t\t\t<div class=\"elementor-spacer-inner\"><\/div>\n\t\t<\/div>\n\t\t\t\t\t\t<\/div>\n\t\t\t\t<\/div>\n\t\t\t\t<\/div>\n\t\t<div class=\"elementor-element elementor-element-65bd1f59 e-flex e-con-boxed e-con e-parent\" data-id=\"65bd1f59\" data-element_type=\"container\">\n\t\t\t\t\t<div class=\"e-con-inner\">\n\t\t\t\t<div class=\"elementor-element elementor-element-2b20b0c9 elementor-widget elementor-widget-heading\" data-id=\"2b20b0c9\" data-element_type=\"widget\" data-widget_type=\"heading.default\">\n\t\t\t\t<div class=\"elementor-widget-container\">\n\t\t\t\t\t<h2 class=\"elementor-heading-title elementor-size-default\">Ver o documento completo<\/h2>\t\t\t\t<\/div>\n\t\t\t\t<\/div>\n\t\t\t\t<div class=\"elementor-element elementor-element-2583db58 has-icon elementor-widget elementor-widget-text-editor\" data-id=\"2583db58\" data-element_type=\"widget\" data-widget_type=\"text-editor.default\">\n\t\t\t\t<div class=\"elementor-widget-container\">\n\t\t\t\t\t\t\t\t\t<p><a href=\"https:\/\/stproportalcorporativo.blob.core.windows.net\/uploads\/2023\/02\/CBPT_publicacion_web-2.pdf\" target=\"_blank\" rel=\"noopener\">Documento Boas Pr\u00e1cticas Tributarias<\/a><\/p><p><a href=\"https:\/\/stproportalcorporativo.blob.core.windows.net\/uploads\/2023\/02\/CBPT_english-1.pdf\" target=\"_blank\" rel=\"noopener\">Documento Boas Pr\u00e1cticas Tributarias (en ingl\u00e9s)<\/a><\/p>\t\t\t\t\t\t\t\t<\/div>\n\t\t\t\t<\/div>\n\t\t\t\t\t<\/div>\n\t\t\t\t<\/div>\n\t\t<div class=\"elementor-element elementor-element-7b9ca3bf e-con-full e-flex e-con e-parent\" data-id=\"7b9ca3bf\" data-element_type=\"container\">\n\t\t\t\t<div class=\"elementor-element elementor-element-7e9bb762 elementor-widget elementor-widget-spacer\" data-id=\"7e9bb762\" data-element_type=\"widget\" data-widget_type=\"spacer.default\">\n\t\t\t\t<div class=\"elementor-widget-container\">\n\t\t\t\t\t\t\t<div class=\"elementor-spacer\">\n\t\t\t<div class=\"elementor-spacer-inner\"><\/div>\n\t\t<\/div>\n\t\t\t\t\t\t<\/div>\n\t\t\t\t<\/div>\n\t\t\t\t<\/div>\n\t\t\t\t<\/div>\n\t\t","protected":false},"excerpt":{"rendered":"<p>Dende 2010, la compa\u00f1\u00eda est\u00e1 adherida ao\u00a0C\u00f3digo de Boas Pr\u00e1cticas Tributarias, elaborado polo\u00a0Foro de Grandes Empresas\u00a0conxuntamente coa\u00a0Administraci\u00f3n Tributaria espa\u00f1ola. Os seus obxectivos son: Promover a transparencia, boa fe e cooperaci\u00f3n\u00a0coa\u00a0Axencia Estatal da Administraci\u00f3n Tributaria\u00a0na pr\u00e1ctica fiscal empresarial Fomentar a\u00a0seguridade xur\u00eddica\u00a0na aplicaci\u00f3n e interpretaci\u00f3n das normas tributarias Evitar estruturas de car\u00e1cter opaco\u00a0con finalidades tributarias Informar regularmente [&hellip;]<\/p>\n","protected":false},"author":5,"featured_media":0,"parent":39943,"menu_order":2,"comment_status":"closed","ping_status":"closed","template":"","meta":{"_acf_changed":false,"footnotes":""},"class_list":["post-39947","page","type-page","status-publish","hentry"],"acf":[],"_links":{"self":[{"href":"https:\/\/www.naturgy.com\/gl\/wp-json\/wp\/v2\/pages\/39947","targetHints":{"allow":["GET"]}}],"collection":[{"href":"https:\/\/www.naturgy.com\/gl\/wp-json\/wp\/v2\/pages"}],"about":[{"href":"https:\/\/www.naturgy.com\/gl\/wp-json\/wp\/v2\/types\/page"}],"author":[{"embeddable":true,"href":"https:\/\/www.naturgy.com\/gl\/wp-json\/wp\/v2\/users\/5"}],"replies":[{"embeddable":true,"href":"https:\/\/www.naturgy.com\/gl\/wp-json\/wp\/v2\/comments?post=39947"}],"version-history":[{"count":5,"href":"https:\/\/www.naturgy.com\/gl\/wp-json\/wp\/v2\/pages\/39947\/revisions"}],"predecessor-version":[{"id":58730,"href":"https:\/\/www.naturgy.com\/gl\/wp-json\/wp\/v2\/pages\/39947\/revisions\/58730"}],"up":[{"embeddable":true,"href":"https:\/\/www.naturgy.com\/gl\/wp-json\/wp\/v2\/pages\/39943"}],"wp:attachment":[{"href":"https:\/\/www.naturgy.com\/gl\/wp-json\/wp\/v2\/media?parent=39947"}],"curies":[{"name":"wp","href":"https:\/\/api.w.org\/{rel}","templated":true}]}}