{"id":39951,"date":"2023-02-10T10:45:34","date_gmt":"2023-02-10T09:45:34","guid":{"rendered":"https:\/\/www.naturgy.com\/policies-and-codes-of-conduct\/institutional-relations-policy\/"},"modified":"2023-03-30T13:06:01","modified_gmt":"2023-03-30T11:06:01","slug":"politica-de-relacions-institucionais","status":"publish","type":"page","link":"https:\/\/www.naturgy.com\/gl\/conecenos-naturgy\/o-grupo\/politicas-e-codigos-de-conduta\/politica-de-relacions-institucionais\/","title":{"rendered":"Pol\u00edtica de Relaci\u00f3ns Institucionais"},"content":{"rendered":"\t\t<div data-elementor-type=\"wp-page\" data-elementor-id=\"39951\" class=\"elementor elementor-39951 elementor-21679\" data-elementor-post-type=\"page\">\n\t\t\t\t<div class=\"elementor-element elementor-element-2ffeb35f e-flex e-con-boxed e-con e-parent\" data-id=\"2ffeb35f\" data-element_type=\"container\">\n\t\t\t\t\t<div class=\"e-con-inner\">\n\t\t<div class=\"elementor-element elementor-element-f888446 e-con-full e-flex e-con e-parent\" data-id=\"f888446\" data-element_type=\"container\">\n\t\t\t\t<div class=\"elementor-element elementor-element-224b8520 elementor-widget elementor-widget-shortcode\" data-id=\"224b8520\" data-element_type=\"widget\" data-widget_type=\"shortcode.default\">\n\t\t\t\t<div class=\"elementor-widget-container\">\n\t\t\t\t\t\t\t<div class=\"elementor-shortcode\"><nav aria-label=\"breadcrumbs\" class=\"rank-math-breadcrumb\"><p><span class=\"last\">Comeza<\/span><\/p><\/nav><\/div>\n\t\t\t\t\t\t<\/div>\n\t\t\t\t<\/div>\n\t\t\t\t<div class=\"elementor-element elementor-element-728d3e62 elementor-widget elementor-widget-heading\" data-id=\"728d3e62\" data-element_type=\"widget\" data-widget_type=\"heading.default\">\n\t\t\t\t<div class=\"elementor-widget-container\">\n\t\t\t\t\t<h1 class=\"elementor-heading-title elementor-size-default\">Pol\u00edtica de Relaci\u00f3ns Institucionais<\/h1>\t\t\t\t<\/div>\n\t\t\t\t<\/div>\n\t\t\t\t<\/div>\n\t\t<div class=\"elementor-element elementor-element-d597ea4 e-con-full e-flex e-con e-parent\" data-id=\"d597ea4\" data-element_type=\"container\">\n\t\t\t\t<div class=\"elementor-element elementor-element-28f411c3 elementor-widget elementor-widget-spacer\" data-id=\"28f411c3\" data-element_type=\"widget\" data-widget_type=\"spacer.default\">\n\t\t\t\t<div class=\"elementor-widget-container\">\n\t\t\t\t\t\t\t<div class=\"elementor-spacer\">\n\t\t\t<div class=\"elementor-spacer-inner\"><\/div>\n\t\t<\/div>\n\t\t\t\t\t\t<\/div>\n\t\t\t\t<\/div>\n\t\t\t\t<\/div>\n\t\t<div class=\"elementor-element elementor-element-4078fad4 e-con-full e-flex e-con e-parent\" data-id=\"4078fad4\" data-element_type=\"container\">\n\t\t\t\t<div class=\"elementor-element elementor-element-f4cacd7 elementor-widget elementor-widget-text-editor\" data-id=\"f4cacd7\" data-element_type=\"widget\" data-widget_type=\"text-editor.default\">\n\t\t\t\t<div class=\"elementor-widget-container\">\n\t\t\t\t\t\t\t\t\t<p>Establecemos relaci\u00f3ns no \u00e1mbito pol\u00edtico e institucional, directamente ou a trav\u00e9s de fundaci\u00f3ns, asociaci\u00f3ns ou outras entidades, co\u00a0<strong>fin de trasladar o noso posicionamento e proporcionar informaci\u00f3n que facilite a an\u00e1lise do impacto das diferentes opci\u00f3ns nas regulaci\u00f3ns e pol\u00edticas p\u00fablicas.<\/strong><br \/><br \/>A nosa Pol\u00edtica Global de Relaci\u00f3ns Institucionais, a que asume o principio de respecto \u00e1 legalidade e os principios de Integridade e Transparencia establecidos pola Organizaci\u00f3n de Cooperaci\u00f3n e Desenvolvemento Econ\u00f3mico (OCDE), \u00e9 o marco com\u00fan de aplicaci\u00f3n a todas as interlocuci\u00f3ns coas autoridades, funcionarios p\u00fablicos e partidos pol\u00edticos, realizadas directamente ou a trav\u00e9s de asociaci\u00f3ns, fundaci\u00f3ns ou outros terceiros que te\u00f1an o obxectivo antes descrito.<\/p>\t\t\t\t\t\t\t\t<\/div>\n\t\t\t\t<\/div>\n\t\t\t\t<\/div>\n\t\t\t\t\t<\/div>\n\t\t\t\t<\/div>\n\t\t<div class=\"elementor-element elementor-element-9bd6b3e e-flex e-con-boxed e-con e-parent\" data-id=\"9bd6b3e\" data-element_type=\"container\">\n\t\t\t\t\t<div class=\"e-con-inner\">\n\t\t\t\t<div class=\"elementor-element elementor-element-e3b632a elementor-widget elementor-widget-spacer\" data-id=\"e3b632a\" data-element_type=\"widget\" data-widget_type=\"spacer.default\">\n\t\t\t\t<div class=\"elementor-widget-container\">\n\t\t\t\t\t\t\t<div class=\"elementor-spacer\">\n\t\t\t<div class=\"elementor-spacer-inner\"><\/div>\n\t\t<\/div>\n\t\t\t\t\t\t<\/div>\n\t\t\t\t<\/div>\n\t\t\t\t\t<\/div>\n\t\t\t\t<\/div>\n\t\t<div class=\"elementor-element elementor-element-fb17b70 e-flex e-con-boxed e-con e-parent\" data-id=\"fb17b70\" data-element_type=\"container\" data-settings=\"{&quot;background_background&quot;:&quot;classic&quot;}\">\n\t\t\t\t\t<div class=\"e-con-inner\">\n\t\t\t\t<div class=\"elementor-element elementor-element-d510bf6 elementor-widget elementor-widget-heading\" data-id=\"d510bf6\" data-element_type=\"widget\" data-widget_type=\"heading.default\">\n\t\t\t\t<div class=\"elementor-widget-container\">\n\t\t\t\t\t<h2 class=\"elementor-heading-title elementor-size-default\">Pautas de conduta\n<\/h2>\t\t\t\t<\/div>\n\t\t\t\t<\/div>\n\t\t\t\t<div class=\"elementor-element elementor-element-c48e1fd elementor-widget elementor-widget-text-editor\" data-id=\"c48e1fd\" data-element_type=\"widget\" data-widget_type=\"text-editor.default\">\n\t\t\t\t<div class=\"elementor-widget-container\">\n\t\t\t\t\t\t\t\t\t<p>A interlocuci\u00f3n de Naturgy con autoridades, funcionarios p\u00fablicos e partidos pol\u00edticos real\u00edzase a trav\u00e9s dun intercambio transparente de opini\u00f3ns e informaci\u00f3n e de acordo coas seguintes pautas de conduta:<\/p>\t\t\t\t\t\t\t\t<\/div>\n\t\t\t\t<\/div>\n\t\t\t\t<div class=\"elementor-element elementor-element-da1b759 elementor-widget elementor-widget-spacer\" data-id=\"da1b759\" data-element_type=\"widget\" data-widget_type=\"spacer.default\">\n\t\t\t\t<div class=\"elementor-widget-container\">\n\t\t\t\t\t\t\t<div class=\"elementor-spacer\">\n\t\t\t<div class=\"elementor-spacer-inner\"><\/div>\n\t\t<\/div>\n\t\t\t\t\t\t<\/div>\n\t\t\t\t<\/div>\n\t\t\t\t\t<\/div>\n\t\t\t\t<\/div>\n\t\t<div class=\"elementor-element elementor-element-1d8aadfc e-con-full e-flex e-con e-parent\" data-id=\"1d8aadfc\" data-element_type=\"container\">\n\t\t<div class=\"elementor-element elementor-element-5cf254f1 e-flex e-con-boxed e-con e-parent\" data-id=\"5cf254f1\" data-element_type=\"container\" data-settings=\"{&quot;background_background&quot;:&quot;classic&quot;}\">\n\t\t\t\t\t<div class=\"e-con-inner\">\n\t\t<div class=\"elementor-element elementor-element-727118fb e-con-full e-flex e-con e-parent\" data-id=\"727118fb\" data-element_type=\"container\">\n\t\t\t\t<div class=\"elementor-element elementor-element-7bf928e8 elementor-widget elementor-widget-heading\" data-id=\"7bf928e8\" data-element_type=\"widget\" data-widget_type=\"heading.default\">\n\t\t\t\t<div class=\"elementor-widget-container\">\n\t\t\t\t\t<div class=\"elementor-heading-title elementor-size-xxl\">1<\/div>\t\t\t\t<\/div>\n\t\t\t\t<\/div>\n\t\t\t\t<\/div>\n\t\t<div class=\"elementor-element elementor-element-3dcc13f5 e-flex e-con-boxed e-con e-parent\" data-id=\"3dcc13f5\" data-element_type=\"container\">\n\t\t\t\t\t<div class=\"e-con-inner\">\n\t\t\t\t<div class=\"elementor-element elementor-element-654a2397 elementor-widget elementor-widget-text-editor\" data-id=\"654a2397\" data-element_type=\"widget\" data-widget_type=\"text-editor.default\">\n\t\t\t\t<div class=\"elementor-widget-container\">\n\t\t\t\t\t\t\t\t\t<h4>Naturgy repres\u00e9ntase ante as autoridades, funcionarios p\u00fablicos ou partidos pol\u00edticos de forma directa.<\/h4>\t\t\t\t\t\t\t\t<\/div>\n\t\t\t\t<\/div>\n\t\t\t\t\t<\/div>\n\t\t\t\t<\/div>\n\t\t\t\t\t<\/div>\n\t\t\t\t<\/div>\n\t\t<div class=\"elementor-element elementor-element-7802073a e-flex e-con-boxed e-con e-parent\" data-id=\"7802073a\" data-element_type=\"container\" data-settings=\"{&quot;background_background&quot;:&quot;classic&quot;}\">\n\t\t\t\t\t<div class=\"e-con-inner\">\n\t\t<div class=\"elementor-element elementor-element-217650f6 e-con-full e-flex e-con e-parent\" data-id=\"217650f6\" data-element_type=\"container\">\n\t\t\t\t<div class=\"elementor-element elementor-element-6306d555 elementor-widget elementor-widget-heading\" data-id=\"6306d555\" data-element_type=\"widget\" data-widget_type=\"heading.default\">\n\t\t\t\t<div class=\"elementor-widget-container\">\n\t\t\t\t\t<div class=\"elementor-heading-title elementor-size-xxl\">2<\/div>\t\t\t\t<\/div>\n\t\t\t\t<\/div>\n\t\t\t\t<\/div>\n\t\t<div class=\"elementor-element elementor-element-3400c552 e-flex e-con-boxed e-con e-parent\" data-id=\"3400c552\" data-element_type=\"container\">\n\t\t\t\t\t<div class=\"e-con-inner\">\n\t\t\t\t<div class=\"elementor-element elementor-element-26e418ef elementor-widget elementor-widget-text-editor\" data-id=\"26e418ef\" data-element_type=\"widget\" data-widget_type=\"text-editor.default\">\n\t\t\t\t<div class=\"elementor-widget-container\">\n\t\t\t\t\t\t\t\t\t<div><h4><span style=\"color: #ffffff;\"><strong>Os empregados de Naturgy non buscan influ\u00edr sobre a vontade de autoridades, funcionarios p\u00fablicos ou partidos pol\u00edticos mediante o uso de pr\u00e1cticas non \u00e9ticas.<\/strong><\/span><\/h4><\/div>\t\t\t\t\t\t\t\t<\/div>\n\t\t\t\t<\/div>\n\t\t\t\t\t<\/div>\n\t\t\t\t<\/div>\n\t\t\t\t\t<\/div>\n\t\t\t\t<\/div>\n\t\t<div class=\"elementor-element elementor-element-77ddc362 e-flex e-con-boxed e-con e-parent\" data-id=\"77ddc362\" data-element_type=\"container\" data-settings=\"{&quot;background_background&quot;:&quot;classic&quot;}\">\n\t\t\t\t\t<div class=\"e-con-inner\">\n\t\t<div class=\"elementor-element elementor-element-46081ad5 e-con-full e-flex e-con e-parent\" data-id=\"46081ad5\" data-element_type=\"container\">\n\t\t\t\t<div class=\"elementor-element elementor-element-3d422bf2 elementor-widget elementor-widget-heading\" data-id=\"3d422bf2\" data-element_type=\"widget\" data-widget_type=\"heading.default\">\n\t\t\t\t<div class=\"elementor-widget-container\">\n\t\t\t\t\t<div class=\"elementor-heading-title elementor-size-xxl\">3<\/div>\t\t\t\t<\/div>\n\t\t\t\t<\/div>\n\t\t\t\t<\/div>\n\t\t<div class=\"elementor-element elementor-element-7f744215 e-flex e-con-boxed e-con e-parent\" data-id=\"7f744215\" data-element_type=\"container\">\n\t\t\t\t\t<div class=\"e-con-inner\">\n\t\t\t\t<div class=\"elementor-element elementor-element-44450384 elementor-widget elementor-widget-text-editor\" data-id=\"44450384\" data-element_type=\"widget\" data-widget_type=\"text-editor.default\">\n\t\t\t\t<div class=\"elementor-widget-container\">\n\t\t\t\t\t\t\t\t\t<h4>Naturgy non financia partidos pol\u00edticos nin os seus representantes.<\/h4>\t\t\t\t\t\t\t\t<\/div>\n\t\t\t\t<\/div>\n\t\t\t\t\t<\/div>\n\t\t\t\t<\/div>\n\t\t\t\t\t<\/div>\n\t\t\t\t<\/div>\n\t\t<div class=\"elementor-element elementor-element-7b6d3932 e-flex e-con-boxed e-con e-parent\" data-id=\"7b6d3932\" data-element_type=\"container\" data-settings=\"{&quot;background_background&quot;:&quot;classic&quot;}\">\n\t\t\t\t\t<div class=\"e-con-inner\">\n\t\t<div class=\"elementor-element elementor-element-2644d16 e-con-full e-flex e-con e-parent\" data-id=\"2644d16\" data-element_type=\"container\">\n\t\t\t\t<div class=\"elementor-element elementor-element-67677288 elementor-widget elementor-widget-heading\" data-id=\"67677288\" data-element_type=\"widget\" data-widget_type=\"heading.default\">\n\t\t\t\t<div class=\"elementor-widget-container\">\n\t\t\t\t\t<div class=\"elementor-heading-title elementor-size-xxl\">4<\/div>\t\t\t\t<\/div>\n\t\t\t\t<\/div>\n\t\t\t\t<\/div>\n\t\t<div class=\"elementor-element elementor-element-5e7c925d e-flex e-con-boxed e-con e-parent\" data-id=\"5e7c925d\" data-element_type=\"container\">\n\t\t\t\t\t<div class=\"e-con-inner\">\n\t\t\t\t<div class=\"elementor-element elementor-element-6b38ae73 elementor-widget elementor-widget-text-editor\" data-id=\"6b38ae73\" data-element_type=\"widget\" data-widget_type=\"text-editor.default\">\n\t\t\t\t<div class=\"elementor-widget-container\">\n\t\t\t\t\t\t\t\t\t<div><h4><span style=\"color: #ffffff;\"><strong>Os empregados de Naturgy transmiten sempre informaci\u00f3n veraz.<\/strong><\/span><\/h4><\/div>\t\t\t\t\t\t\t\t<\/div>\n\t\t\t\t<\/div>\n\t\t\t\t\t<\/div>\n\t\t\t\t<\/div>\n\t\t\t\t\t<\/div>\n\t\t\t\t<\/div>\n\t\t<div class=\"elementor-element elementor-element-3af2dcd0 e-flex e-con-boxed e-con e-parent\" data-id=\"3af2dcd0\" data-element_type=\"container\" data-settings=\"{&quot;background_background&quot;:&quot;classic&quot;}\">\n\t\t\t\t\t<div class=\"e-con-inner\">\n\t\t<div class=\"elementor-element elementor-element-3f452d37 e-con-full e-flex e-con e-parent\" data-id=\"3f452d37\" data-element_type=\"container\">\n\t\t\t\t<div class=\"elementor-element elementor-element-3df4f16e elementor-widget elementor-widget-heading\" data-id=\"3df4f16e\" data-element_type=\"widget\" data-widget_type=\"heading.default\">\n\t\t\t\t<div class=\"elementor-widget-container\">\n\t\t\t\t\t<div class=\"elementor-heading-title elementor-size-xxl\">5<\/div>\t\t\t\t<\/div>\n\t\t\t\t<\/div>\n\t\t\t\t<\/div>\n\t\t<div class=\"elementor-element elementor-element-5fe4c51c e-flex e-con-boxed e-con e-parent\" data-id=\"5fe4c51c\" data-element_type=\"container\">\n\t\t\t\t\t<div class=\"e-con-inner\">\n\t\t\t\t<div class=\"elementor-element elementor-element-371cefb9 elementor-widget elementor-widget-text-editor\" data-id=\"371cefb9\" data-element_type=\"widget\" data-widget_type=\"text-editor.default\">\n\t\t\t\t<div class=\"elementor-widget-container\">\n\t\t\t\t\t\t\t\t\t<div><h4>Naturgy act\u00faa conforme co cumprimento estrito da regulaci\u00f3n en cada pa\u00eds ou rexi\u00f3n, respectando os valores \u00e9ticos da empresa e as s\u00faas normativas.<\/h4><\/div>\t\t\t\t\t\t\t\t<\/div>\n\t\t\t\t<\/div>\n\t\t\t\t\t<\/div>\n\t\t\t\t<\/div>\n\t\t\t\t\t<\/div>\n\t\t\t\t<\/div>\n\t\t<div class=\"elementor-element elementor-element-4a76d997 e-flex e-con-boxed e-con e-parent\" data-id=\"4a76d997\" data-element_type=\"container\" data-settings=\"{&quot;background_background&quot;:&quot;classic&quot;}\">\n\t\t\t\t\t<div class=\"e-con-inner\">\n\t\t<div class=\"elementor-element elementor-element-45099ffb e-con-full e-flex e-con e-parent\" data-id=\"45099ffb\" data-element_type=\"container\">\n\t\t\t\t<div class=\"elementor-element elementor-element-7d977d00 elementor-widget elementor-widget-heading\" data-id=\"7d977d00\" data-element_type=\"widget\" data-widget_type=\"heading.default\">\n\t\t\t\t<div class=\"elementor-widget-container\">\n\t\t\t\t\t<div class=\"elementor-heading-title elementor-size-xxl\">6<\/div>\t\t\t\t<\/div>\n\t\t\t\t<\/div>\n\t\t\t\t<\/div>\n\t\t<div class=\"elementor-element elementor-element-2148e7a1 e-flex e-con-boxed e-con e-parent\" data-id=\"2148e7a1\" data-element_type=\"container\">\n\t\t\t\t\t<div class=\"e-con-inner\">\n\t\t\t\t<div class=\"elementor-element elementor-element-50d66eb2 elementor-widget elementor-widget-text-editor\" data-id=\"50d66eb2\" data-element_type=\"widget\" data-widget_type=\"text-editor.default\">\n\t\t\t\t<div class=\"elementor-widget-container\">\n\t\t\t\t\t\t\t\t\t<div><h4><span style=\"color: #ffffff;\"><strong>Compromet\u00e9monos a inscribirnos nos rexistros de transparencia das instituci\u00f3ns p\u00fablicas coas que temos interlocuci\u00f3n.<\/strong><\/span><\/h4><\/div>\t\t\t\t\t\t\t\t<\/div>\n\t\t\t\t<\/div>\n\t\t\t\t\t<\/div>\n\t\t\t\t<\/div>\n\t\t\t\t\t<\/div>\n\t\t\t\t<\/div>\n\t\t\t\t<\/div>\n\t\t<div class=\"elementor-element elementor-element-c666161 e-flex e-con-boxed e-con e-parent\" data-id=\"c666161\" data-element_type=\"container\">\n\t\t\t\t\t<div class=\"e-con-inner\">\n\t\t\t\t<div class=\"elementor-element elementor-element-c7301b6 elementor-widget elementor-widget-spacer\" data-id=\"c7301b6\" data-element_type=\"widget\" data-widget_type=\"spacer.default\">\n\t\t\t\t<div class=\"elementor-widget-container\">\n\t\t\t\t\t\t\t<div class=\"elementor-spacer\">\n\t\t\t<div class=\"elementor-spacer-inner\"><\/div>\n\t\t<\/div>\n\t\t\t\t\t\t<\/div>\n\t\t\t\t<\/div>\n\t\t\t\t\t<\/div>\n\t\t\t\t<\/div>\n\t\t<div class=\"elementor-element elementor-element-138c1a2 e-flex e-con-boxed e-con e-parent\" data-id=\"138c1a2\" data-element_type=\"container\">\n\t\t\t\t\t<div class=\"e-con-inner\">\n\t\t\t\t<div class=\"elementor-element elementor-element-92dcee8 elementor-widget elementor-widget-text-editor\" data-id=\"92dcee8\" data-element_type=\"widget\" data-widget_type=\"text-editor.default\">\n\t\t\t\t<div class=\"elementor-widget-container\">\n\t\t\t\t\t\t\t\t\t<p>Ademais, Naturgy destina anualmente recursos para formar parte e colaborar activamente con fundaci\u00f3ns, asociaci\u00f3ns empresariais, c\u00e1maras de comercio ou outro tipo de entidades asociativas que te\u00f1en entre os seus obxectivos\u00a0<strong>trasladar posici\u00f3ns e informaci\u00f3n que contrib\u00faa \u00e1 construci\u00f3n de pol\u00edticas p\u00fablicas e regulaci\u00f3ns.\u00a0<\/strong><br \/><br \/>Deste xeito, a empresa participa coas entidades sectoriais vinculadas ao sector enerx\u00e9tico, c\u00e1maras de comercio e confederaci\u00f3ns empresariais e entidades que buscan promover a sostibilidade e as enerx\u00edas renovables, entre outras.\u00a0\u00a0<br \/><br \/>Entre as principais participaci\u00f3ns da empresa, enc\u00f3ntranse a World Economic Forum, Global Compact, FUNSEAM, European Biogas Association (EBA) e Asociaci\u00f3n Empresarial E\u00f3lica.<\/p>\t\t\t\t\t\t\t\t<\/div>\n\t\t\t\t<\/div>\n\t\t\t\t<div class=\"elementor-element elementor-element-5d627fb elementor-widget elementor-widget-spacer\" data-id=\"5d627fb\" data-element_type=\"widget\" data-widget_type=\"spacer.default\">\n\t\t\t\t<div class=\"elementor-widget-container\">\n\t\t\t\t\t\t\t<div class=\"elementor-spacer\">\n\t\t\t<div class=\"elementor-spacer-inner\"><\/div>\n\t\t<\/div>\n\t\t\t\t\t\t<\/div>\n\t\t\t\t<\/div>\n\t\t\t\t\t<\/div>\n\t\t\t\t<\/div>\n\t\t\t\t<\/div>\n\t\t","protected":false},"excerpt":{"rendered":"<p>Establecemos relaci\u00f3ns no \u00e1mbito pol\u00edtico e institucional, directamente ou a trav\u00e9s de fundaci\u00f3ns, asociaci\u00f3ns ou outras entidades, co\u00a0fin de trasladar o noso posicionamento e proporcionar informaci\u00f3n que facilite a an\u00e1lise do impacto das diferentes opci\u00f3ns nas regulaci\u00f3ns e pol\u00edticas p\u00fablicas. A nosa Pol\u00edtica Global de Relaci\u00f3ns Institucionais, a que asume o principio de respecto \u00e1 [&hellip;]<\/p>\n","protected":false},"author":5,"featured_media":0,"parent":39943,"menu_order":5,"comment_status":"closed","ping_status":"closed","template":"","meta":{"_acf_changed":false,"footnotes":""},"class_list":["post-39951","page","type-page","status-publish","hentry"],"acf":[],"_links":{"self":[{"href":"https:\/\/www.naturgy.com\/gl\/wp-json\/wp\/v2\/pages\/39951","targetHints":{"allow":["GET"]}}],"collection":[{"href":"https:\/\/www.naturgy.com\/gl\/wp-json\/wp\/v2\/pages"}],"about":[{"href":"https:\/\/www.naturgy.com\/gl\/wp-json\/wp\/v2\/types\/page"}],"author":[{"embeddable":true,"href":"https:\/\/www.naturgy.com\/gl\/wp-json\/wp\/v2\/users\/5"}],"replies":[{"embeddable":true,"href":"https:\/\/www.naturgy.com\/gl\/wp-json\/wp\/v2\/comments?post=39951"}],"version-history":[{"count":11,"href":"https:\/\/www.naturgy.com\/gl\/wp-json\/wp\/v2\/pages\/39951\/revisions"}],"predecessor-version":[{"id":59005,"href":"https:\/\/www.naturgy.com\/gl\/wp-json\/wp\/v2\/pages\/39951\/revisions\/59005"}],"up":[{"embeddable":true,"href":"https:\/\/www.naturgy.com\/gl\/wp-json\/wp\/v2\/pages\/39943"}],"wp:attachment":[{"href":"https:\/\/www.naturgy.com\/gl\/wp-json\/wp\/v2\/media?parent=39951"}],"curies":[{"name":"wp","href":"https:\/\/api.w.org\/{rel}","templated":true}]}}